{"id":138968,"date":"2021-07-22T16:35:42","date_gmt":"2021-07-22T15:35:42","guid":{"rendered":"https:\/\/positiveprints.com\/product\/tableau-coordonnees-gps\/"},"modified":"2026-04-18T08:37:09","modified_gmt":"2026-04-18T07:37:09","slug":"tableau-coordonnees-gps","status":"publish","type":"product","link":"https:\/\/positiveprints.com\/fr\/produit\/tableau-coordonnees-gps\/","title":{"rendered":"Tableau Coordonn\u00e9es GPS"},"content":{"rendered":"<p>Pour les lieux auxquels vous tenez le plus, l&#8217;affiche Coordonn\u00e9es GPS est une merveilleuse occasion de rendre hommage et de transformer vos souvenirs en quelque chose d&#8217;inoubliable. Cr\u00e9ez le v\u00f4tre d\u00e8s maintenant.<\/p>\r\n\r\n<h2 class=\"grenB f24 cblue\" style=\"margin-top: 3rem\">Transformez vos souvenirs en un Tableau De Coordonn\u00e9es<\/h2>\r\n\r\n<p style=\"margin-top: 1rem\">Peu importe o\u00f9 les meilleurs moments de la vie se sont d\u00e9roul\u00e9s, vous pouvez les conserver dans votre c\u0153ur pour toujours avec une affiche Coordonn\u00e9es GPS amusante et cr\u00e9ative. <\/p>\r\n\r\n<h2 class=\"grenB f24 cblue\" style=\"margin-top: 3rem\">Qu&#8217;est-ce que repr\u00e9sente une affiche Coordonn\u00e9es GPS ?<\/h2>\r\n\r\n<p style=\"margin-top: 1rem\">Chaque centim\u00e8tre carr\u00e9 de cette grande et superbe plan\u00e8te poss\u00e8de un ensemble de coordonn\u00e9es indiquant son emplacement exact. Ces coordonn\u00e9es sont des chiffres repr\u00e9sentant sa <a href=\"https:\/\/fr.wikipedia.org\/wiki\/Coordonn%C3%A9es_g%C3%A9ographiques\">longitude et sa latitude<\/a>. Elles sont les m\u00eames dans toutes les langues et ne changent jamais. Ainsi, peu importe votre origine ou votre destination, les coordonn\u00e9es de vos endroits les plus m\u00e9morables seront toujours les m\u00eames.<\/p>\r\n\r\n<p style=\"margin-top: 1rem\">Le Tableau De Coordonn\u00e9es reprend les coordonn\u00e9es de vos endroits pr\u00e9f\u00e9r\u00e9s et les transforme en une impression murale visuellement artistique. Nos tirages sont r\u00e9alis\u00e9s sur commande et sont uniques car ils refl\u00e8tent les coordonn\u00e9es des lieux comptant pour vous. Chaque impression peut \u00eatre encadr\u00e9e et imprim\u00e9e sur du papier de la plus haute qualit\u00e9 qui conservera ses couleurs et restera magnifique pendant des ann\u00e9es.<\/p>\r\n\r\n<p style=\"margin-top: 1rem\">Les Affiches Coordonn\u00e9es GPS sont parfaites pour les salons, les chambres \u00e0 coucher, les bureaux, les salles familiales ou tout autre endroit m\u00e9ritant une touche de couleur. Chaque fois que vous regarderez votre affiche, vous pourrez penser \u00e0 ce qui rend ces coordonn\u00e9es si importantes.<\/p>\r\n\r\n<h2 class=\"grenB f24 cblue\" style=\"margin-top: 3rem\">Qu&#8217;est ce qui rend l&#8217;Art Mural Coordonn\u00e9es GPS si sp\u00e9cial ?<\/h2>\r\n\r\n<p style=\"margin-top: 1rem\">Chaque mur est tel une toile vierge qui n&#8217;attend que vous pour lui donner un sens. Pour certaines personnes, cela signifie ajouter des impressions produites en masse que vous pouvez trouver dans n&#8217;importe quelle boutique d&#8217;int\u00e9rieur. Mais pour ceux qui veulent ajouter une touche personnelle \u00e0 leur espace de vie, il s&#8217;agit d&#8217;ajouter des \u0153uvres d&#8217;art mural signifiant quelque chose de sp\u00e9cial pour eux, quelque chose de si unique qu&#8217;aucune autre impression n&#8217;est tout \u00e0 fait semblable.<\/p>\r\n\r\n<p style=\"margin-top: 1rem\">Telle est la magie d&#8217;une Affiche Coordonn\u00e9es GPS. Chaque impression est cr\u00e9\u00e9e par des individus qui, comme vous, savent appr\u00e9cier un art diverstissant, cr\u00e9atif et distinctif, mais ne veulent pas passer le temps et les efforts n\u00e9cessaires pour le cr\u00e9er eux-m\u00eames. Nos outils d&#8217;art mural faciles \u00e0 utiliser vous mettent dans le r\u00f4le du concepteur, car vous suivez chaque \u00e9tape pour cr\u00e9er votre illustration.<\/p>\r\n\r\n<p style=\"margin-top: 1rem\">Le r\u00e9sultat obtenu donne l&#8217;impression qu&#8217;il vous a fallu des heures pour rechercher vos coordonn\u00e9es et concevoir votre impression. Mais en r\u00e9alit\u00e9, le processus ne prend que quelques minutes et le rend aussi beau qu&#8217;il est unique.<\/p>\r\n\r\n<p style=\"margin-top: 1rem\">Nous trouverons les coordonn\u00e9es du lieu de votre mariage, de <a href=\"https:\/\/positiveprints.com\/fr\/produit\/carte-notre-premiere-maison\/\">votre premi\u00e8re habitation<\/a>, de votre premier emploi, de votre universit\u00e9, de votre maison d&#8217;enfance ou de tout autre lieu ayant une signification particuli\u00e8re pour vous. Traduisez vos coordonn\u00e9es en art mural et ainsi capturer vos moments les plus pr\u00e9cieux et les transformer en souvenirs inoubliables.<\/p>\r\n\r\n<h2 class=\"grenB f24 cblue\" style=\"margin-top: 3rem\">R\u00e9alisez un magnifique Cadeau Coordonn\u00e9es GPS<\/h2>\r\n\r\n<p style=\"margin-top: 1rem\">Les Cadeaux Coordonn\u00e9es GPS sont de plus en plus une option appr\u00e9ci\u00e9e de ceux qui aiment offrir des surprises cr\u00e9atives et inattendues. Offrir \u00e0 quelqu&#8217;un quelque chose qu&#8217;il aimera et ch\u00e9rira, mais qu&#8217;il n&#8217;a pas d\u00e9j\u00e0 et qu&#8217;il n&#8217;ach\u00e8tera peut-\u00eatre jamais pour lui-m\u00eame, voil\u00e0 l&#8217;essence m\u00eame des cadeaux.<\/p>\r\n\r\n<p style=\"margin-top: 1rem\">Nos superbes Cadeaux Coordonn\u00e9es GPS remplissent toutes les conditions :<\/p>\r\n\r\n<ul>\r\n<li>Originalit\u00e9 et cr\u00e9ativit\u00e9<\/li>\r\n<li>Unique en son genre<\/li>\r\n<li>Personnalis\u00e9 pour le b\u00e9n\u00e9ficiaire du cadeau<\/li>\r\n<li>Totalement inattendu<\/li>\r\n<li>La capacit\u00e9 de surprendre et d&#8217;enchanter<\/li>\r\n<\/ul>\r\n\r\n<p style=\"margin-top: 1rem\">Offrir une Affiche Coordonn\u00e9es GPS ne consiste pas \u00e0 se rendre simplement dans un magasin et s\u00e9lectionner un article dans un rayon. Cela requiert un niveau plus \u00e9lev\u00e9 de r\u00e9flexion et d&#8217;attention aux d\u00e9tails, et ces \u00e9l\u00e9ments ne passeront pas inaper\u00e7us. Le destinataire du cadeau appr\u00e9ciera que vous ayez pris le temps de cr\u00e9er quelque chose juste pour lui.<\/p>\r\n\r\n<p style=\"margin-top: 1rem\">Le Tableau Coordonn\u00e9es est le cadeau id\u00e9al pour tout b\u00e9n\u00e9ficiaire et en toute occasion, y compris les anniversaires, les mariages, les fian\u00e7ailles, les f\u00eates, les remises de dipl\u00f4mes, les nouveaux emplois, les nouvelles maisons, les retraites et tous les grands moments de la vie. Toute personne ayant beaucoup voyag\u00e9 ou ayant un lien particulier avec un certain endroit aimera avoir ses souvenirs de cet endroit affich\u00e9s de mani\u00e8re originale et artistique.<\/p>\r\n\r\n<p style=\"margin-top: 1rem\">Chacune de nos Affiches Coordon\u00e9es GPS est imprim\u00e9e sur un papier de qualit\u00e9 sup\u00e9rieure qui enrichit les couleurs et r\u00e9siste \u00e0 la d\u00e9coloration. Les tirages sont pr\u00eats \u00e0 \u00eatre encadr\u00e9s pour que vous puissiez offrir \u00e0 votre proche un cadeau des plus complets. Il vous est \u00e9galement possible de choisir notre option de t\u00e9l\u00e9chargement digital en cas de cadeaux de derni\u00e8re minute. Votre tirage sera pr\u00eat en quelques minutes et vous sera envoy\u00e9 par courrier \u00e9lectronique sous forme de fichier num\u00e9rique, que vous pourrez apporter \u00e0 votre imprimerie locale pour une impression rapide et un cadeau imm\u00e9diat.<\/p>\r\n\r\n<h2 class=\"grenB f24 cblue\" style=\"margin-top: 3rem\">Comment cr\u00e9ez-vous votre Affiche Coordonn\u00e9es GPS ?<\/h2>\r\n\r\n<p style=\"margin-top: 1rem\">Chez <a href=\"https:\/\/positiveprints.com\/fr\/\">Positive Prints<\/a>, nous croyons en la valeur de l&#8217;art \u00e0 port\u00e9e de main pour tous. C&#8217;est pourquoi nous avons con\u00e7u notre processus pour qu&#8217;il soit le plus convivial possible &#8211; cr\u00e9ez vos Affiches Coordonn\u00e9es GPSen seulement trois \u00e9tapes des plus courtes !<\/p>\r\n\r\n<p style=\"margin-top: 1rem\">Vous choisissez votre lieu et notre technologie s&#8217;efforce de trouver les coordonn\u00e9es exactes de votre lieu privil\u00e9gi\u00e9. Vous pourrez \u00e9galement choisir parmi un certain nombre de combinaisons de couleurs pr\u00e9d\u00e9finies ou personnaliser les v\u00f4tres. Ajoutez des lignes de texte personnalis\u00e9es pour partager ce qui rend ce lieu si important. N&#8217;oubliez pas que votre \u0153uvre peut raconter votre histoire comme vous le souhaitez !<\/p>\r\n\r\n<p style=\"margin-top: 1rem\">L&#8217;apparence de votre \u0153uvre se mettra \u00e0 jour en temps r\u00e9el au fur et \u00e0 mesure des modifications que vous y apporterez dans notre processus en trois \u00e9tapes. Nos affiches sont disponibles en plusieurs tailles standard pour un encadrement facilit\u00e9.<\/p>\r\n\r\n<p style=\"margin-top: 1rem\">Une fois satisfait du design, vous pouvez choisir d&#8217;exp\u00e9dier votre impression cr\u00e9\u00e9e par un professionnel (nous offrons une livraison dans le monde entier !) ou de recevoir celle-ci sous forme digitale dans votre bo\u00eete aux lettres \u00e9lectronique.<\/p>\r\n\r\n<h2 class=\"grenB f24 cblue\" style=\"margin-top: 3rem\">R\u00e9aliser un Tableau Coordonn\u00e9es GPS Personnalis\u00e9 : Commencez ici<\/h2>\r\n\r\n<p style=\"margin-top: 1rem\">Que vous souhaitiez d\u00e9corer votre habitation avec une repr\u00e9sentation artistique de l&#8217;histoire de votre vie ou que vous vouliez concevoir un merveilleux cadeau mais inattendu pour quelqu&#8217;un de votre vie, nos Tableaux Coordonn\u00e9es constituent un excellent choix.<\/p>\r\n\r\n<p style=\"margin-top: 1rem\">Pr\u00eat \u00e0 transformer votre destination sp\u00e9ciale en une \u0153uvre d&#8217;art ? Commencez par utiliser notre outil en trois \u00e9tapes et cr\u00e9ez vos Affiches Coordonn\u00e9es GPS d\u00e8s aujourd&#8217;hui !<\/p>","protected":false},"excerpt":{"rendered":"<ul class=\"check-list\">\n<li>Cr\u00e9ez un art mural unique avec les coordonn\u00e9es GPS d&#8217;un lieu sp\u00e9cial<\/li>\n<li>Incluez un texte personnalis\u00e9 significatif<\/li>\n<li>Personnalisez en 3 \u00e9tapes simples<\/li>\n<li>Choisissez un mod\u00e8le ou faites preuve de cr\u00e9ativit\u00e9<\/li>\n<li>Vois le r\u00e9sultat imm\u00e9diatement \u2013 l\u2019aper\u00e7u interactif te permet de peaufiner chaque d\u00e9tail<\/li>\n<\/ul>\n","protected":false},"featured_media":1477833,"template":"","meta":[],"product_brand":[],"product_cat":[8243,7167,264],"product_tag":[14858],"class_list":{"0":"post-138968","1":"product","2":"type-product","3":"status-publish","4":"has-post-thumbnail","6":"product_cat-digital-products-fr","7":"product_cat-coordinates-fr","8":"product_cat-creators-fr-2","9":"product_tag-creators-fr-2","11":"first","12":"instock","13":"sale","14":"taxable","15":"shipping-taxable","16":"purchasable","17":"product-type-variable"},"yoast_head":"<!-- This site is optimized with the Yoast SEO Premium plugin v27.2 (Yoast SEO v27.2) - https:\/\/yoast.com\/product\/yoast-seo-premium-wordpress\/ -->\n<title>Tableau Coordonn\u00e9es GPS - Positive Prints<\/title>\n<meta name=\"description\" content=\"Cr\u00e9ez un Tableau Coordonn\u00e9es GPS de votre lieu de pr\u00e9dilection. Personnalisez-le en ajoutant votre propre texte\" \/>\n<meta name=\"robots\" content=\"index, follow, max-snippet:-1, max-image-preview:large, max-video-preview:-1\" \/>\n<link rel=\"canonical\" href=\"https:\/\/positiveprints.com\/fr\/produit\/tableau-coordonnees-gps\/\" \/>\n<meta property=\"og:locale\" content=\"fr_FR\" \/>\n<meta property=\"og:type\" content=\"article\" \/>\n<meta property=\"og:title\" content=\"Tableau Coordonn\u00e9es GPS\" \/>\n<meta property=\"og:description\" content=\"Cr\u00e9ez un art mural unique avec les coordonn\u00e9es GPS d&#039;un lieu sp\u00e9cial  Incluez un texte personnalis\u00e9 significatif  Personnalisez en 3 \u00e9tapes simples  Choisissez un mod\u00e8le ou faites preuve de cr\u00e9ativit\u00e9  Vois le r\u00e9sultat imm\u00e9diatement \u2013 l\u2019aper\u00e7u interactif te permet de peaufiner chaque d\u00e9tail\" \/>\n<meta property=\"og:url\" content=\"https:\/\/positiveprints.com\/fr\/produit\/tableau-coordonnees-gps\/\" \/>\n<meta property=\"og:site_name\" content=\"Positive Prints\" \/>\n<meta property=\"article:publisher\" content=\"https:\/\/www.facebook.com\/positiveprintscom\" \/>\n<meta property=\"article:modified_time\" content=\"2026-04-18T07:37:09+00:00\" \/>\n<meta property=\"og:image\" content=\"https:\/\/positiveprints.com\/wp-content\/uploads\/2021\/07\/tableau-coordonnees-gps-personnalise.jpg\" \/>\n\t<meta property=\"og:image:width\" content=\"1080\" \/>\n\t<meta property=\"og:image:height\" content=\"1080\" \/>\n\t<meta property=\"og:image:type\" content=\"image\/jpeg\" \/>\n<meta name=\"twitter:card\" content=\"summary_large_image\" \/>\n<meta name=\"twitter:label1\" content=\"Dur\u00e9e de lecture estim\u00e9e\" \/>\n\t<meta name=\"twitter:data1\" content=\"5 minutes\" \/>\n<!-- \/ Yoast SEO Premium plugin. -->","yoast_head_json":{"title":"Tableau Coordonn\u00e9es GPS - Positive Prints","description":"Cr\u00e9ez un Tableau Coordonn\u00e9es GPS de votre lieu de pr\u00e9dilection. Personnalisez-le en ajoutant votre propre texte","robots":{"index":"index","follow":"follow","max-snippet":"max-snippet:-1","max-image-preview":"max-image-preview:large","max-video-preview":"max-video-preview:-1"},"canonical":"https:\/\/positiveprints.com\/fr\/produit\/tableau-coordonnees-gps\/","og_locale":"fr_FR","og_type":"article","og_title":"Tableau Coordonn\u00e9es GPS","og_description":"Cr\u00e9ez un art mural unique avec les coordonn\u00e9es GPS d'un lieu sp\u00e9cial  Incluez un texte personnalis\u00e9 significatif  Personnalisez en 3 \u00e9tapes simples  Choisissez un mod\u00e8le ou faites preuve de cr\u00e9ativit\u00e9  Vois le r\u00e9sultat imm\u00e9diatement \u2013 l\u2019aper\u00e7u interactif te permet de peaufiner chaque d\u00e9tail","og_url":"https:\/\/positiveprints.com\/fr\/produit\/tableau-coordonnees-gps\/","og_site_name":"Positive Prints","article_publisher":"https:\/\/www.facebook.com\/positiveprintscom","article_modified_time":"2026-04-18T07:37:09+00:00","og_image":[{"width":1080,"height":1080,"url":"https:\/\/positiveprints.com\/wp-content\/uploads\/2021\/07\/tableau-coordonnees-gps-personnalise.jpg","type":"image\/jpeg"}],"twitter_card":"summary_large_image","twitter_misc":{"Dur\u00e9e de lecture estim\u00e9e":"5 minutes"},"schema":{"@context":"https:\/\/schema.org","@graph":[{"@type":["WebPage","ItemPage"],"@id":"https:\/\/positiveprints.com\/fr\/produit\/tableau-coordonnees-gps\/","url":"https:\/\/positiveprints.com\/fr\/produit\/tableau-coordonnees-gps\/","name":"Tableau Coordonn\u00e9es GPS - Positive Prints","isPartOf":{"@id":"https:\/\/positiveprints.com\/fr\/#website"},"primaryImageOfPage":{"@id":"https:\/\/positiveprints.com\/fr\/produit\/tableau-coordonnees-gps\/#primaryimage"},"image":{"@id":"https:\/\/positiveprints.com\/fr\/produit\/tableau-coordonnees-gps\/#primaryimage"},"thumbnailUrl":"https:\/\/positiveprints.com\/wp-content\/uploads\/2025\/07\/Packshot_FR_Tableau-Coordonne\u0301es-GPS.webp","datePublished":"2021-07-22T15:35:42+00:00","dateModified":"2026-04-18T07:37:09+00:00","description":"Cr\u00e9ez un Tableau Coordonn\u00e9es GPS de votre lieu de pr\u00e9dilection. Personnalisez-le en ajoutant votre propre texte","breadcrumb":{"@id":"https:\/\/positiveprints.com\/fr\/produit\/tableau-coordonnees-gps\/#breadcrumb"},"inLanguage":"fr-FR","potentialAction":[{"@type":"ReadAction","target":["https:\/\/positiveprints.com\/fr\/produit\/tableau-coordonnees-gps\/"]}]},{"@type":"ImageObject","inLanguage":"fr-FR","@id":"https:\/\/positiveprints.com\/fr\/produit\/tableau-coordonnees-gps\/#primaryimage","url":"https:\/\/positiveprints.com\/wp-content\/uploads\/2025\/07\/Packshot_FR_Tableau-Coordonne\u0301es-GPS.webp","contentUrl":"https:\/\/positiveprints.com\/wp-content\/uploads\/2025\/07\/Packshot_FR_Tableau-Coordonne\u0301es-GPS.webp","width":1450,"height":1450},{"@type":"BreadcrumbList","@id":"https:\/\/positiveprints.com\/fr\/produit\/tableau-coordonnees-gps\/#breadcrumb","itemListElement":[{"@type":"ListItem","position":1,"name":"Home","item":"https:\/\/positiveprints.com\/fr\/"},{"@type":"ListItem","position":2,"name":"Produits","item":"https:\/\/positiveprints.com\/fr\/shop\/"},{"@type":"ListItem","position":3,"name":"Tableau Coordonn\u00e9es GPS"}]},{"@type":"WebSite","@id":"https:\/\/positiveprints.com\/fr\/#website","url":"https:\/\/positiveprints.com\/fr\/","name":"Positive Prints","description":"Amazing Custom Personalized Gifts","publisher":{"@id":"https:\/\/positiveprints.com\/fr\/#organization"},"potentialAction":[{"@type":"SearchAction","target":{"@type":"EntryPoint","urlTemplate":"https:\/\/positiveprints.com\/fr\/?s={search_term_string}"},"query-input":{"@type":"PropertyValueSpecification","valueRequired":true,"valueName":"search_term_string"}}],"inLanguage":"fr-FR"},{"@type":"Organization","@id":"https:\/\/positiveprints.com\/fr\/#organization","name":"Positive Prints","alternateName":"Positive Prints","url":"https:\/\/positiveprints.com\/fr\/","logo":{"@type":"ImageObject","inLanguage":"fr-FR","@id":"https:\/\/positiveprints.com\/fr\/#\/schema\/logo\/image\/","url":"https:\/\/positiveprints.com\/wp-content\/uploads\/2026\/03\/245815646_1337939713319158_5671353136411139666_n.png","contentUrl":"https:\/\/positiveprints.com\/wp-content\/uploads\/2026\/03\/245815646_1337939713319158_5671353136411139666_n.png","width":800,"height":800,"caption":"Positive Prints"},"image":{"@id":"https:\/\/positiveprints.com\/fr\/#\/schema\/logo\/image\/"},"sameAs":["https:\/\/www.facebook.com\/positiveprintscom","https:\/\/www.instagram.com\/positiveprintscom\/","https:\/\/www.tiktok.com\/@positiveprintscom","https:\/\/www.pinterest.com\/positiveprintscom\/"]}]}},"jetpack_sharing_enabled":true,"_links":{"self":[{"href":"https:\/\/positiveprints.com\/fr\/wp-json\/wp\/v2\/product\/138968","targetHints":{"allow":["GET"]}}],"collection":[{"href":"https:\/\/positiveprints.com\/fr\/wp-json\/wp\/v2\/product"}],"about":[{"href":"https:\/\/positiveprints.com\/fr\/wp-json\/wp\/v2\/types\/product"}],"wp:featuredmedia":[{"embeddable":true,"href":"https:\/\/positiveprints.com\/fr\/wp-json\/wp\/v2\/media\/1477833"}],"wp:attachment":[{"href":"https:\/\/positiveprints.com\/fr\/wp-json\/wp\/v2\/media?parent=138968"}],"wp:term":[{"taxonomy":"product_brand","embeddable":true,"href":"https:\/\/positiveprints.com\/fr\/wp-json\/wp\/v2\/product_brand?post=138968"},{"taxonomy":"product_cat","embeddable":true,"href":"https:\/\/positiveprints.com\/fr\/wp-json\/wp\/v2\/product_cat?post=138968"},{"taxonomy":"product_tag","embeddable":true,"href":"https:\/\/positiveprints.com\/fr\/wp-json\/wp\/v2\/product_tag?post=138968"}],"curies":[{"name":"wp","href":"https:\/\/api.w.org\/{rel}","templated":true}]}}