{"id":138943,"date":"2020-01-15T17:12:53","date_gmt":"2020-01-15T16:12:53","guid":{"rendered":"https:\/\/positiveprints.com\/product\/carte-notre-engagement\/"},"modified":"2026-04-18T09:18:15","modified_gmt":"2026-04-18T08:18:15","slug":"carte-notre-engagement","status":"publish","type":"product","link":"https:\/\/positiveprints.com\/fr\/produit\/carte-notre-engagement\/","title":{"rendered":"Carte Notre Engagement"},"content":{"rendered":"<p>C\u00e9l\u00e9brez l&#8217;une des \u00e9tapes les plus importantes de votre vie avec une Carte Notre Engagement &#8211; une superbre carte indiquant l&#8217;endroit o\u00f9 la magie s&#8217;est produite.<\/p>\r\n\r\n\r\n\r\n<h2 class=\"grenB f24 cblue\" style=\"margin-top: 3rem\">En quoi consiste une Carte Notre Engagement ?<\/h2>\r\n\r\n\r\n\r\n<p style=\"margin-top: 1rem\">Chaque carte fait partie d&#8217;un voyage. Pour vous et votre \u00e2me soeur, une partie unique et si particuli\u00e8re de votre voyage en commun a commenc\u00e9 au moment o\u00f9 vous vous \u00eates fianc\u00e9s. Ch\u00e9rissez pour toujours ce moment sp\u00e9cial en offrant une Carte Notre Engagement.<\/p>\r\n\r\n\r\n\r\n<p style=\"margin-top: 1rem\">Une Carte Notre Engagement indique l&#8217;endroit exact o\u00f9 vous avez d\u00e9cid\u00e9 de passer l&#8217;\u00e9ternit\u00e9 ensemble. Il s&#8217;agit d&#8217;une impression personnalis\u00e9e racontant une partie de votre histoire d&#8217;amour et que vous serez heureux de partager avec tous ceux venant vous rendre visite.<\/p>\r\n\r\n\r\n\r\n<h2 class=\"grenB f24 cblue\" style=\"margin-top: 3rem\">Id\u00e9e de Cadeau De Fian\u00e7ailles<\/h2>\r\n\r\n\r\n\r\n<p style=\"margin-top: 1rem\">Nos Cartes Notre Engagement constituent le cadeau id\u00e9al pour les jeunes mari\u00e9s. Il se peut que ce soit la premi\u00e8re \u0153uvre d&#8217;art qu&#8217;ils accrochent dans le foyer qu&#8217;ils sont en train de cr\u00e9er ensemble ! Il vous suffit de saisir l&#8217;adresse du lieu de leur engagement, puis de choisir la fa\u00e7on dont vous souhaitez encadrer le lieu sur votre tirage de la carte. Personnalisez-la avec un texte individualis\u00e9 et d&#8217;autres \u00e9l\u00e9ments pour qu&#8217;elle soit vraiment unique en son genre.<\/p>\r\n\r\n\r\n\r\n<p style=\"margin-top: 1rem\">Les Cartes Notre Engagement constituent \u00e9galement le cadeau id\u00e9al pour les mariages, les anniversaires ou toute autre occasion vous tenant \u00e0 c\u0153ur. Nos tirages sont propos\u00e9s dans des formats standard pour un encadrement facilit\u00e9, vous permettant ainsi de compl\u00e9ter simplement votre cadeau.<\/p>\r\n\r\n\r\n\r\n\r\n\r\n<h2 class=\"grenB f24 cblue\" style=\"margin-top: 3rem\">Personnalisation de votre Carte Notre Engagement<\/h2>\r\n\r\n\r\n\r\n<p style=\"margin-top: 1rem\">Dans quelle mesure pouvez-vous personnaliser votre Carte Notre Engagement ? Positive Prints a fait le plus gros du travail pour vous, tout en vous laissant le choix de l&#8217;apparence de votre produit final !<\/p>\r\n\r\n\r\n\r\n<p style=\"margin-top: 1rem\">Dans un premier temps, nous vous proposons diff\u00e9rentes formes et couleurs de cartes. Assortissez votre carte au d\u00e9cor de votre couple pr\u00e9f\u00e9r\u00e9 pour qu&#8217;elle ait fi\u00e8re allure. La carte peut prendre la forme d&#8217;un c\u0153ur, d&#8217;un cercle ou d&#8217;un carr\u00e9. Vous pouvez \u00e9galement ajouter des filtres de couleur s\u00e9duisants, tels que verre de mer, vintage ou carbone, pour ajouter l&#8217;effet voulu.<\/p>\r\n\r\n\r\n\r\n<p style=\"margin-top: 1rem\">\u00c0 l&#8217;\u00e9tape 2, vous pouvez s\u00e9lectionner votre emplacement sp\u00e9cifique en saisissant une ville, un \u00c9tat, une adresse ou un point d&#8217;int\u00e9r\u00eat. Notre technologie trouvera votre emplacement, et vous pourrez effectuer un zoom avant ou arri\u00e8re pour cadrer votre carte selon vos souhaits. Ajoutez un marqueur de carte pour localiser l&#8217;endroit exact o\u00f9 vous \u00eates pass\u00e9s de la relation amoureuse aux fian\u00e7ailles.<\/p>\r\n\r\n\r\n\r\n<p style=\"margin-top: 1rem\">Vous pouvez \u00e9galement ajouter des lignes de texte personnalis\u00e9 pour rendre votre carte encore plus personnelle. Voici quelques exemples de phrases que nous avons rep\u00e9r\u00e9 :<\/p>\r\n\r\n\r\n\r\n<ul>\r\n\r\n<li>Elle a dit oui !<\/li>\r\n\r\n<li>Il a demand\u00e9. Elle a dit !<\/li>\r\n\r\n<li>Veux-tu m&#8217;\u00e9pouser ?<\/li>\r\n\r\n<li>Nos fian\u00e7ailles<\/li>\r\n\r\n<li>N&#8217;est plus disponible<\/li>\r\n\r\n<li>Une bague en guise d&#8217;engagement<\/li>\r\n\r\n<li>Il a demand\u00e9. J&#8217;ai r\u00e9pondu : Il \u00e9tait temps !<\/li>\r\n\r\n<li>Mon coeur engag\u00e9 et ma main s\u00fbre<\/li>\r\n\r\n<li>Ce n&#8217;est que le d\u00e9but&#8230;<\/li>\r\n\r\n<li>J&#8217;ai toujours su que tu \u00e9tais mon \u00e2me soeur.<\/li>\r\n\r\n<li>C&#8217;est vous qui d\u00e9cidez !<\/li>\r\n\r\n<\/ul>\r\n\r\n\r\n\r\n\r\n\r\n<p style=\"margin-top: 1rem\">Derni\u00e8re \u00e9tape, mais non la moindre, l&#8217;\u00e9tape 3 s&#8217;occupe de votre impression. Choisissez un t\u00e9l\u00e9chargement digital ou profitez d&#8217;une exp\u00e9dition mondiale livr\u00e9e directement chez vous. Nous pouvons imprimer sur toile ou exp\u00e9dier une affiche avec un cadre pour votre confort. S\u00e9lectionnez votre format et votre taille, et nous chargerons que la magie s&#8217;op\u00e8re !<\/p>\r\n\r\n\r\n\r\n\r\n\r\n<h2 class=\"grenB f24 cblue\" style=\"margin-top: 3rem\">Cr\u00e9ez votre Carte Notre Engagement d\u00e8s aujourd&#8217;hui !<\/h2>\r\n\r\n\r\n\r\n<p style=\"margin-top: 1rem\">Une Carte Notre Engagement est un Cadeau Engag\u00e9 qui durera longtemps. Commencez \u00e0 cr\u00e9er la v\u00f4tre d\u00e8s aujourd&#8217;hui en seulement trois petites \u00e9tapes !<\/p>","protected":false},"excerpt":{"rendered":"<ul class=\"check-list\">\n<li>Marquer un endroit sp\u00e9cial avec un symbole choisi<\/li>\n<li>Personnalisez en 3 \u00e9tapes simples<\/li>\n<li>Incluez un texte personnalis\u00e9 significatif<\/li>\n<li>Vois le r\u00e9sultat imm\u00e9diatement \u2013 l\u2019aper\u00e7u interactif te permet de peaufiner chaque d\u00e9tail<\/li>\n<\/ul>\n","protected":false},"featured_media":1695241,"template":"","meta":[],"product_brand":[],"product_cat":[9274,104,7187,5276],"product_tag":[17670],"class_list":{"0":"post-138943","1":"product","2":"type-product","3":"status-publish","4":"has-post-thumbnail","6":"product_cat-bestsellers-label-fr","7":"product_cat-tous-les-produits","8":"product_cat-map-fr","9":"product_cat-cadeaux-de-fiancailles-idees-cadeaux","10":"product_tag-engagement-fr","12":"first","13":"instock","14":"sale","15":"taxable","16":"shipping-taxable","17":"purchasable","18":"product-type-variable"},"yoast_head":"<!-- This site is optimized with the Yoast SEO Premium plugin v27.2 (Yoast SEO v27.2) - https:\/\/yoast.com\/product\/yoast-seo-premium-wordpress\/ -->\n<title>Carte Notre Engagement - Positive Prints<\/title>\n<meta name=\"description\" content=\"C\u00e9l\u00e9brez l&#039;une des \u00e9tapes les plus importantes de votre vie avec une Carte Notre Engagement - une superbre carte indiquant l&#039;endroit o\u00f9 la magie s&#039;est produite.\" \/>\n<meta name=\"robots\" content=\"index, follow, max-snippet:-1, max-image-preview:large, max-video-preview:-1\" \/>\n<link rel=\"canonical\" href=\"https:\/\/positiveprints.com\/fr\/produit\/carte-notre-engagement\/\" \/>\n<meta property=\"og:locale\" content=\"fr_FR\" \/>\n<meta property=\"og:type\" content=\"article\" \/>\n<meta property=\"og:title\" content=\"Carte Notre Engagement\" \/>\n<meta property=\"og:description\" content=\"Marquer un endroit sp\u00e9cial avec un symbole choisi  Personnalisez en 3 \u00e9tapes simples  Incluez un texte personnalis\u00e9 significatif  Vois le r\u00e9sultat imm\u00e9diatement \u2013 l\u2019aper\u00e7u interactif te permet de peaufiner chaque d\u00e9tail\" \/>\n<meta property=\"og:url\" content=\"https:\/\/positiveprints.com\/fr\/produit\/carte-notre-engagement\/\" \/>\n<meta property=\"og:site_name\" content=\"Positive Prints\" \/>\n<meta property=\"article:publisher\" content=\"https:\/\/www.facebook.com\/positiveprintscom\" \/>\n<meta property=\"article:modified_time\" content=\"2026-04-18T08:18:15+00:00\" \/>\n<meta property=\"og:image\" content=\"https:\/\/positiveprints.com\/wp-content\/uploads\/2024\/10\/Packshot_FR_engagement-product-image.webp\" \/>\n\t<meta property=\"og:image:width\" content=\"1450\" \/>\n\t<meta property=\"og:image:height\" content=\"1450\" \/>\n\t<meta property=\"og:image:type\" content=\"image\/webp\" \/>\n<meta name=\"twitter:card\" content=\"summary_large_image\" \/>\n<meta name=\"twitter:label1\" content=\"Dur\u00e9e de lecture estim\u00e9e\" \/>\n\t<meta name=\"twitter:data1\" content=\"3 minutes\" \/>\n<!-- \/ Yoast SEO Premium plugin. -->","yoast_head_json":{"title":"Carte Notre Engagement - Positive Prints","description":"C\u00e9l\u00e9brez l'une des \u00e9tapes les plus importantes de votre vie avec une Carte Notre Engagement - une superbre carte indiquant l'endroit o\u00f9 la magie s'est produite.","robots":{"index":"index","follow":"follow","max-snippet":"max-snippet:-1","max-image-preview":"max-image-preview:large","max-video-preview":"max-video-preview:-1"},"canonical":"https:\/\/positiveprints.com\/fr\/produit\/carte-notre-engagement\/","og_locale":"fr_FR","og_type":"article","og_title":"Carte Notre Engagement","og_description":"Marquer un endroit sp\u00e9cial avec un symbole choisi  Personnalisez en 3 \u00e9tapes simples  Incluez un texte personnalis\u00e9 significatif  Vois le r\u00e9sultat imm\u00e9diatement \u2013 l\u2019aper\u00e7u interactif te permet de peaufiner chaque d\u00e9tail","og_url":"https:\/\/positiveprints.com\/fr\/produit\/carte-notre-engagement\/","og_site_name":"Positive Prints","article_publisher":"https:\/\/www.facebook.com\/positiveprintscom","article_modified_time":"2026-04-18T08:18:15+00:00","og_image":[{"width":1450,"height":1450,"url":"https:\/\/positiveprints.com\/wp-content\/uploads\/2024\/10\/Packshot_FR_engagement-product-image.webp","type":"image\/webp"}],"twitter_card":"summary_large_image","twitter_misc":{"Dur\u00e9e de lecture estim\u00e9e":"3 minutes"},"schema":{"@context":"https:\/\/schema.org","@graph":[{"@type":["WebPage","ItemPage"],"@id":"https:\/\/positiveprints.com\/fr\/produit\/carte-notre-engagement\/","url":"https:\/\/positiveprints.com\/fr\/produit\/carte-notre-engagement\/","name":"Carte Notre Engagement - Positive Prints","isPartOf":{"@id":"https:\/\/positiveprints.com\/fr\/#website"},"primaryImageOfPage":{"@id":"https:\/\/positiveprints.com\/fr\/produit\/carte-notre-engagement\/#primaryimage"},"image":{"@id":"https:\/\/positiveprints.com\/fr\/produit\/carte-notre-engagement\/#primaryimage"},"thumbnailUrl":"https:\/\/positiveprints.com\/wp-content\/uploads\/2026\/04\/Packshot_FR_XX-Nos-fiancailles.webp","datePublished":"2020-01-15T16:12:53+00:00","dateModified":"2026-04-18T08:18:15+00:00","description":"C\u00e9l\u00e9brez l'une des \u00e9tapes les plus importantes de votre vie avec une Carte Notre Engagement - une superbre carte indiquant l'endroit o\u00f9 la magie s'est produite.","breadcrumb":{"@id":"https:\/\/positiveprints.com\/fr\/produit\/carte-notre-engagement\/#breadcrumb"},"inLanguage":"fr-FR","potentialAction":[{"@type":"ReadAction","target":["https:\/\/positiveprints.com\/fr\/produit\/carte-notre-engagement\/"]}]},{"@type":"ImageObject","inLanguage":"fr-FR","@id":"https:\/\/positiveprints.com\/fr\/produit\/carte-notre-engagement\/#primaryimage","url":"https:\/\/positiveprints.com\/wp-content\/uploads\/2026\/04\/Packshot_FR_XX-Nos-fiancailles.webp","contentUrl":"https:\/\/positiveprints.com\/wp-content\/uploads\/2026\/04\/Packshot_FR_XX-Nos-fiancailles.webp","width":1450,"height":1450},{"@type":"BreadcrumbList","@id":"https:\/\/positiveprints.com\/fr\/produit\/carte-notre-engagement\/#breadcrumb","itemListElement":[{"@type":"ListItem","position":1,"name":"Home","item":"https:\/\/positiveprints.com\/fr\/"},{"@type":"ListItem","position":2,"name":"Produits","item":"https:\/\/positiveprints.com\/fr\/shop\/"},{"@type":"ListItem","position":3,"name":"Carte Notre Engagement"}]},{"@type":"WebSite","@id":"https:\/\/positiveprints.com\/fr\/#website","url":"https:\/\/positiveprints.com\/fr\/","name":"Positive Prints","description":"Amazing Custom Personalized Gifts","publisher":{"@id":"https:\/\/positiveprints.com\/fr\/#organization"},"potentialAction":[{"@type":"SearchAction","target":{"@type":"EntryPoint","urlTemplate":"https:\/\/positiveprints.com\/fr\/?s={search_term_string}"},"query-input":{"@type":"PropertyValueSpecification","valueRequired":true,"valueName":"search_term_string"}}],"inLanguage":"fr-FR"},{"@type":"Organization","@id":"https:\/\/positiveprints.com\/fr\/#organization","name":"Positive Prints","alternateName":"Positive Prints","url":"https:\/\/positiveprints.com\/fr\/","logo":{"@type":"ImageObject","inLanguage":"fr-FR","@id":"https:\/\/positiveprints.com\/fr\/#\/schema\/logo\/image\/","url":"https:\/\/positiveprints.com\/wp-content\/uploads\/2026\/03\/245815646_1337939713319158_5671353136411139666_n.png","contentUrl":"https:\/\/positiveprints.com\/wp-content\/uploads\/2026\/03\/245815646_1337939713319158_5671353136411139666_n.png","width":800,"height":800,"caption":"Positive Prints"},"image":{"@id":"https:\/\/positiveprints.com\/fr\/#\/schema\/logo\/image\/"},"sameAs":["https:\/\/www.facebook.com\/positiveprintscom","https:\/\/www.instagram.com\/positiveprintscom\/","https:\/\/www.tiktok.com\/@positiveprintscom","https:\/\/www.pinterest.com\/positiveprintscom\/"]}]}},"jetpack_sharing_enabled":true,"_links":{"self":[{"href":"https:\/\/positiveprints.com\/fr\/wp-json\/wp\/v2\/product\/138943","targetHints":{"allow":["GET"]}}],"collection":[{"href":"https:\/\/positiveprints.com\/fr\/wp-json\/wp\/v2\/product"}],"about":[{"href":"https:\/\/positiveprints.com\/fr\/wp-json\/wp\/v2\/types\/product"}],"wp:featuredmedia":[{"embeddable":true,"href":"https:\/\/positiveprints.com\/fr\/wp-json\/wp\/v2\/media\/1695241"}],"wp:attachment":[{"href":"https:\/\/positiveprints.com\/fr\/wp-json\/wp\/v2\/media?parent=138943"}],"wp:term":[{"taxonomy":"product_brand","embeddable":true,"href":"https:\/\/positiveprints.com\/fr\/wp-json\/wp\/v2\/product_brand?post=138943"},{"taxonomy":"product_cat","embeddable":true,"href":"https:\/\/positiveprints.com\/fr\/wp-json\/wp\/v2\/product_cat?post=138943"},{"taxonomy":"product_tag","embeddable":true,"href":"https:\/\/positiveprints.com\/fr\/wp-json\/wp\/v2\/product_tag?post=138943"}],"curies":[{"name":"wp","href":"https:\/\/api.w.org\/{rel}","templated":true}]}}