{"id":138938,"date":"2021-07-05T12:33:17","date_gmt":"2021-07-05T11:33:17","guid":{"rendered":"https:\/\/positiveprints.com\/product\/carte-notre-premiere-maison\/"},"modified":"2026-04-18T08:41:51","modified_gmt":"2026-04-18T07:41:51","slug":"carte-notre-premiere-maison","status":"publish","type":"product","link":"https:\/\/positiveprints.com\/fr\/produit\/carte-notre-premiere-maison\/","title":{"rendered":"Carte Notre Premi\u00e8re Maison"},"content":{"rendered":"<p><span style=\"font-weight: 400;\">Une maison repr\u00e9sente le c\u0153ur d&#8217;une vie, et il n&#8217;y a pas de meilleure fa\u00e7on de perp\u00e9tuer le souvenir de votre premier foyer en tant que couple que gr\u00e2ce \u00e0 une carte Notre Premi\u00e8re Maison personnalis\u00e9e.<\/span><\/p>\n<h2><b>Qu\u2019est-ce qu\u2019une carte Notre Premi\u00e8re Maison ?<\/b><\/h2>\n<p><span style=\"font-weight: 400;\">Chaque carte raconte une histoire. Lorsqu&#8217;il s&#8217;agit d&#8217;une carte Notre Premi\u00e8re Maison, elle capture un moment unique dans votre vie ou celle d\u2019une personne ch\u00e8re. Cette carte r\u00e9v\u00e8le l&#8217;emplacement exact de la maison o\u00f9 vous et votre conjoint avez commenc\u00e9 votre voyage ensemble.<\/span><\/p>\n<p><span style=\"font-weight: 400;\">En effet, la vie est riche en \u00e9v\u00e9nements, et nous franchissons de nombreuses \u00e9tapes en chemin. L&#8217;une d&#8217;entre elles se distingue particuli\u00e8rement pour la plupart des gens : l\u2019achat d&#8217;une premi\u00e8re maison ou d\u2019un premier appartement \u00e0 deux. Pour beaucoup, ce lieu correspond \u00e9galement \u00e0 l&#8217;endroit o\u00f9 ils ont fond\u00e9 une famille. Les souvenirs y prennent racine et les premi\u00e8res grandes exp\u00e9riences s\u2019y vivent pleinement.<\/span><\/p>\n<p><span style=\"font-weight: 400;\">Pour ces raisons, choisir une carte Notre Premi\u00e8re Maison est un choix facile \u00e0 faire. Elle est \u00e0 la fois artistique et rev\u00eatue de nostalgie. Elle \u00e9voquera instantan\u00e9ment de pr\u00e9cieux souvenirs chaque fois que vous la verrez.<\/span><\/p>\n<h2><b>Personnalisez votre Carte Votre Nouvelle Maison<\/b><\/h2>\n<p><span style=\"font-weight: 400;\">Emm\u00e9nager dans sa premi\u00e8re habitation est une exp\u00e9rience unique en son genre. Qu&#8217;il s&#8217;agisse de son aspect ou de son emplacement, tout ce qui concerne votre nouveau logement vous est propre. C&#8217;est pourquoi ce ravissant cadeau est lui aussi tout aussi unique pour votre nouvelle demeure. Chaque \u00e9l\u00e9ment peut \u00eatre personnalis\u00e9, que ce soit le format de la carte, ses couleurs, ou encore l&#8217;emplacement affich\u00e9.<\/span><\/p>\n<p><span style=\"font-weight: 400;\">Nous facilitons la personnalisation de chaque cadeau de votre premi\u00e8re habitation.<\/span><\/p>\n<p><i><span style=\"font-weight: 400;\">\u00c9tape 1 :<\/span><\/i><span style=\"font-weight: 400;\"> S\u00e9lectionnez le design de votre carte personnalis\u00e9e. Chaque carte Notre Premi\u00e8re Maison est unique. Vous disposez d&#8217;un large \u00e9ventail de choix sur l&#8217;aspect de votre carte, en particulier sur sa forme et sa couleur. Plusieurs s\u00e9lections pr\u00e9d\u00e9finies vous sont propos\u00e9es, et vous avez la possibilit\u00e9 de cliquer sur notre cr\u00e9ateur de carte pour observer vos modifications en temps r\u00e9el et ainsi obtenir le r\u00e9sultat voulu.<\/span><\/p>\n<p><i><span style=\"font-weight: 400;\">\u00c9tape 2 :<\/span><\/i><span style=\"font-weight: 400;\"> Saisissez les d\u00e9tails qui rendront votre carte sp\u00e9ciale. Ce qui rend un cadeau de pendaison de cr\u00e9maill\u00e8re unique, c&#8217;est en partie l&#8217;attention que vous portez aux d\u00e9tails. Nous vous permettons d&#8217;individualiser en toute facilit\u00e9 votre carte avec des lignes de texte personnalis\u00e9es.Vous pouvez, par exemple, choisir d&#8217;inclure l&#8217;adresse exacte de l&#8217;habitation, la date de votre emm\u00e9nagement, la ville ou tout autre \u00e9l\u00e9ment venant compl\u00e9ter et enrichir votre histoire.<\/span><\/p>\n<p><i><span style=\"font-weight: 400;\">\u00c9tape 3 :<\/span><\/i><span style=\"font-weight: 400;\"> S\u00e9lectionnez le mode de livraison de votre carte. Nous pouvons imprimer votre carte personnalis\u00e9e chez nous, dans le studio de Positive Prints, sur papier de qualit\u00e9 sup\u00e9rieure ou sur toile, et vous l&#8217;envoyer. Choisissez parmi une vari\u00e9t\u00e9 de formats standard parfaitement adapt\u00e9s \u00e0 un encadrement. Vous pouvez \u00e9galement opter pour un t\u00e9l\u00e9chargement digital si vous avez besoin de votre carte rapidement. Vous pourrez la faire imprimer dans votre imprimerie locale et l&#8217;offrir au meilleur moment.<\/span><\/p>\n<h2><b>L&#8217;id\u00e9e cadeau parfaite<\/b><\/h2>\n<p><span style=\"font-weight: 400;\">Nos clients choisissent la carte Notre Premi\u00e8re Maison comme id\u00e9e de cadeau unique pour un \u00eatre cher. Voulez-vous faire une surprise \u00e0 un couple de jeunes mari\u00e9s faisant partie de votre vie alors qu&#8217;ils commencent leur vie dans une nouvelle maison. Ou peut-\u00eatre que votre enfant, devenu grand, quitte la maison pour la premi\u00e8re fois et emm\u00e9nage dans son propre logement. Un premier logement est une \u00e9tape importante pour chacun d&#8217;entre nous, quel que soit l&#8217;\u00e2ge, et il s&#8217;agit tr\u00e8s certainement de quelque chose \u00e0 c\u00e9l\u00e9brer et \u00e0 se souvenir.<\/span><\/p>\n<p><span style=\"font-weight: 400;\">Nos cartes Notre Premi\u00e8re Maison sont d&#8217;excellents cadeaux pour de nombreuses occasions :<\/span><\/p>\n<ul>\n<li>Un mariage<\/li>\n<li>U<span style=\"font-weight: 400;\">ne pendaison de cr\u00e9maill\u00e8re<\/span><\/li>\n<li><span style=\"font-weight: 400;\">Un anniversaire<\/span><\/li>\n<li><span style=\"font-weight: 400;\">Ou sans raison particuli\u00e8re<\/span><\/li>\n<\/ul>\n<p><span style=\"font-weight: 400;\">Vos proches ne s\u2019attendront pas \u00e0 recevoir un tel cadeau pour leur nouveau foyer, et ils seront ravis de l\u2019exposer chez eux. Et m\u00eame s\u2019ils quittent un jour leur premi\u00e8re maison, ils pourront emmener leur carte et conserver ainsi le souvenir d\u2019un chapitre important de leur histoire.<\/span><\/p>\n<h2><b>Cr\u00e9ez une Carte Notre Premi\u00e8re Maison Ensemble personnalis\u00e9e !<\/b><\/h2>\n<p><span style=\"font-weight: 400;\">Les <\/span><a href=\"https:\/\/positiveprints.com\/fr\/produit\/affiche-carte-de-ville-personnalisee\/\"><span style=\"font-weight: 400;\">cartes personnalis\u00e9es<\/span><\/a><span style=\"font-weight: 400;\"> sont con\u00e7ues de mani\u00e8re artistique, et Positive Prints a fait en sorte de faciliter la t\u00e2che pour quiconque souhaitant cr\u00e9er une carte digne d&#8217;\u00eatre encadr\u00e9e et expos\u00e9e dans une maison. Notre cr\u00e9ateur de carte en trois \u00e9tapes vous guide pas \u00e0 pas \u00e0 travers un simple processus de personnalisation o\u00f9 vous pouvez voir vos choix prendre vie.<\/span><\/p>\n<p><span style=\"font-weight: 400;\">Vous aurez \u00e9galement le choix, opter pour un t\u00e9l\u00e9chargement digital envoy\u00e9 dans votre bo\u00eete de r\u00e9ception pour une impression instantan\u00e9e ou nous confier l&#8217;impression ! Nous offrons une livraison dans le monde entier pour toutes nos impressions et n&#8217;utilisons que du papier de qualit\u00e9 sup\u00e9rieure pour vous garantir une finition impeccable. Chaque tirage arrive chez vous pr\u00eat \u00e0 \u00eatre encadr\u00e9 et \u00e0 offrir.<\/span><\/p>\n<p><span style=\"font-weight: 400;\">Commencez \u00e0 cr\u00e9er un cadeau de pendaison de cr\u00e9maill\u00e8re qui durera toute une vie !<\/span><\/p><h2 class=\"wp-block-heading\" id=\"h-questions-frequemment-posees\"><strong>Questions Fr\u00e9quemment Pos\u00e9es<\/strong><\/h2><details class=\"wp-block-details is-layout-flow wp-block-details-is-layout-flow\"><summary><strong>Qu&#8217;est-ce qu&#8217;une Carte Notre Premi\u00e8re Maison ?<\/strong><\/summary><p>Une Carte Notre Premi\u00e8re Maison est une carte personnalis\u00e9e de l&#8217;emplacement de votre premi\u00e8re habitation. Plus pr\u00e9cis\u00e9ment, elle r\u00e9v\u00e8le l&#8217;endroit exact o\u00f9 vous avez commenc\u00e9 votre vie ensemble. Donc, elle repr\u00e9sente une histoire unique pour vous ou un \u00eatre cher.\u200b<\/p><\/details><details class=\"wp-block-details is-layout-flow wp-block-details-is-layout-flow\"><summary><strong>Est-ce une carte personnalis\u00e9e ?<\/strong><\/summary><p>Oui, chaque carte est enti\u00e8rement personnalis\u00e9e. En effet, vous choisissez la forme, les couleurs et l&#8217;emplacement affich\u00e9. De plus, vous ajoutez un texte personnalis\u00e9 significatif avec le symbole choisi. En outre, l&#8217;aper\u00e7u interactif permet de peaufiner chaque d\u00e9tail.\u200b<\/p><\/details><details class=\"wp-block-details is-layout-flow wp-block-details-is-layout-flow\"><summary><strong>Pourquoi est-ce le cadeau id\u00e9al pour les nouveaux propri\u00e9taires ?<\/strong><\/summary><p>C&#8217;est le cadeau id\u00e9al car il c\u00e9l\u00e8bre une \u00e9tape importante de la vie. Plus pr\u00e9cis\u00e9ment, il immortalise le lieu o\u00f9 une famille commence \u00e0 s&#8217;\u00e9panouir. Par cons\u00e9quent, c&#8217;est un souvenir sentimental gard\u00e9 pour toujours.\u200b<\/p><\/details><details class=\"wp-block-details is-layout-flow wp-block-details-is-layout-flow\"><summary><strong>Comment cr\u00e9er ma Carte Notre Premi\u00e8re Maison ?<\/strong><\/summary><p>Cr\u00e9er votre carte se fait en trois \u00e9tapes. Premi\u00e8rement, s\u00e9lectionnez le design, la forme et les couleurs. Ensuite, saisissez l&#8217;adresse exacte et ajoutez un texte personnalis\u00e9. Enfin, choisissez le format imprim\u00e9 ou t\u00e9l\u00e9chargement num\u00e9rique.\u200b<\/p><\/details><details class=\"wp-block-details is-layout-flow wp-block-details-is-layout-flow\"><summary><strong>Pour quelles occasions cette carte est-elle parfaite ?<\/strong><\/summary><p>Cette carte est parfaite pour les mariages, pendaisons de cr\u00e9maill\u00e8re et anniversaires. De plus, elle convient pour les nouveaux propri\u00e9taires et jeunes couples. En outre, c&#8217;est id\u00e9al pour c\u00e9l\u00e9brer un nouveau chapitre de vie.\u200b<\/p><\/details><details class=\"wp-block-details is-layout-flow wp-block-details-is-layout-flow\"><summary><strong>Dans quels d\u00e9lais puis-je recevoir ma carte ?<\/strong><\/summary><p>Pour un cadeau imm\u00e9diat, choisissez un t\u00e9l\u00e9chargement num\u00e9rique instantan\u00e9, un fichier JPEG haute r\u00e9solution de 300 dpi que vous pouvez imprimer localement. Pour les produits physiques, nous imprimons et exp\u00e9dions localement depuis nos installations en Australie, au Canada, aux \u00c9tats-Unis, au Royaume-Uni et en Europe. Cela garantit une livraison rapide et fiable, souvent en quelques jours seulement.<\/p><\/details>","protected":false},"excerpt":{"rendered":"<ul class=\"check-list\">\n<li>Marquez un endroit sp\u00e9cial avec un symbole choisi<\/li>\n<li>Personnalisez votre design en 3 \u00e9tapes simples<\/li>\n<li>Incluez un texte personnalis\u00e9 significatif<\/li>\n<li>Visualisez le r\u00e9sultat imm\u00e9diatement \u2013 l\u2019aper\u00e7u interactif vous permet de peaufiner chaque d\u00e9tail<\/li>\n<\/ul>\n","protected":false},"featured_media":1694532,"template":"","meta":[],"product_brand":[],"product_cat":[8217,9760,7187,5290,8006,7685],"product_tag":[14860],"class_list":{"0":"post-138938","1":"product","2":"type-product","3":"status-publish","4":"has-post-thumbnail","6":"product_cat-pour-lui","7":"product_cat-trending-label-fr","8":"product_cat-map-fr","9":"product_cat-cadeaux-de-pendaison-de-cremaillere","10":"product_cat-cadeaux-pour-hommes","11":"product_cat-cadeaux-pour-femmes","12":"product_tag-housewarming-fr-2","14":"first","15":"instock","16":"sale","17":"taxable","18":"shipping-taxable","19":"purchasable","20":"product-type-variable"},"yoast_head":"<!-- This site is optimized with the Yoast SEO Premium plugin v27.2 (Yoast SEO v27.2) - https:\/\/yoast.com\/product\/yoast-seo-premium-wordpress\/ -->\n<title>Carte Notre Premi\u00e8re Maison - Positive Prints<\/title>\n<meta name=\"description\" content=\"Cr\u00e9ez une affiche personnalis\u00e9e de votre premi\u00e8re maison, le cadeau id\u00e9al pour une cr\u00e9maill\u00e8re.\" \/>\n<meta name=\"robots\" content=\"index, follow, max-snippet:-1, max-image-preview:large, max-video-preview:-1\" \/>\n<link rel=\"canonical\" href=\"https:\/\/positiveprints.com\/fr\/produit\/carte-notre-premiere-maison\/\" \/>\n<meta property=\"og:locale\" content=\"fr_FR\" \/>\n<meta property=\"og:type\" content=\"article\" \/>\n<meta property=\"og:title\" content=\"Carte Notre Premi\u00e8re Maison\" \/>\n<meta property=\"og:description\" content=\"Marquez un endroit sp\u00e9cial avec un symbole choisi  Personnalisez votre design en 3 \u00e9tapes simples  Incluez un texte personnalis\u00e9 significatif  Visualisez le r\u00e9sultat imm\u00e9diatement \u2013 l\u2019aper\u00e7u interactif vous permet de peaufiner chaque d\u00e9tail\" \/>\n<meta property=\"og:url\" content=\"https:\/\/positiveprints.com\/fr\/produit\/carte-notre-premiere-maison\/\" \/>\n<meta property=\"og:site_name\" content=\"Positive Prints\" \/>\n<meta property=\"article:publisher\" content=\"https:\/\/www.facebook.com\/positiveprintscom\" \/>\n<meta property=\"article:modified_time\" content=\"2026-04-18T07:41:51+00:00\" \/>\n<meta property=\"og:image\" content=\"https:\/\/positiveprints.com\/wp-content\/uploads\/2024\/10\/Packshot_FR_our-first-home-map-product-image.webp\" \/>\n\t<meta property=\"og:image:width\" content=\"1450\" \/>\n\t<meta property=\"og:image:height\" content=\"1450\" \/>\n\t<meta property=\"og:image:type\" content=\"image\/webp\" \/>\n<meta name=\"twitter:card\" content=\"summary_large_image\" \/>\n<meta name=\"twitter:label1\" content=\"Dur\u00e9e de lecture estim\u00e9e\" \/>\n\t<meta name=\"twitter:data1\" content=\"5 minutes\" \/>\n<!-- \/ Yoast SEO Premium plugin. -->","yoast_head_json":{"title":"Carte Notre Premi\u00e8re Maison - Positive Prints","description":"Cr\u00e9ez une affiche personnalis\u00e9e de votre premi\u00e8re maison, le cadeau id\u00e9al pour une cr\u00e9maill\u00e8re.","robots":{"index":"index","follow":"follow","max-snippet":"max-snippet:-1","max-image-preview":"max-image-preview:large","max-video-preview":"max-video-preview:-1"},"canonical":"https:\/\/positiveprints.com\/fr\/produit\/carte-notre-premiere-maison\/","og_locale":"fr_FR","og_type":"article","og_title":"Carte Notre Premi\u00e8re Maison","og_description":"Marquez un endroit sp\u00e9cial avec un symbole choisi  Personnalisez votre design en 3 \u00e9tapes simples  Incluez un texte personnalis\u00e9 significatif  Visualisez le r\u00e9sultat imm\u00e9diatement \u2013 l\u2019aper\u00e7u interactif vous permet de peaufiner chaque d\u00e9tail","og_url":"https:\/\/positiveprints.com\/fr\/produit\/carte-notre-premiere-maison\/","og_site_name":"Positive Prints","article_publisher":"https:\/\/www.facebook.com\/positiveprintscom","article_modified_time":"2026-04-18T07:41:51+00:00","og_image":[{"width":1450,"height":1450,"url":"https:\/\/positiveprints.com\/wp-content\/uploads\/2024\/10\/Packshot_FR_our-first-home-map-product-image.webp","type":"image\/webp"}],"twitter_card":"summary_large_image","twitter_misc":{"Dur\u00e9e de lecture estim\u00e9e":"5 minutes"},"schema":{"@context":"https:\/\/schema.org","@graph":[{"@type":["WebPage","ItemPage"],"@id":"https:\/\/positiveprints.com\/fr\/produit\/carte-notre-premiere-maison\/","url":"https:\/\/positiveprints.com\/fr\/produit\/carte-notre-premiere-maison\/","name":"Carte Notre Premi\u00e8re Maison - Positive Prints","isPartOf":{"@id":"https:\/\/positiveprints.com\/fr\/#website"},"primaryImageOfPage":{"@id":"https:\/\/positiveprints.com\/fr\/produit\/carte-notre-premiere-maison\/#primaryimage"},"image":{"@id":"https:\/\/positiveprints.com\/fr\/produit\/carte-notre-premiere-maison\/#primaryimage"},"thumbnailUrl":"https:\/\/positiveprints.com\/wp-content\/uploads\/2026\/04\/Packshot_FR_XX-Carte-Notre-Premiere-Maison.webp","datePublished":"2021-07-05T11:33:17+00:00","dateModified":"2026-04-18T07:41:51+00:00","description":"Cr\u00e9ez une affiche personnalis\u00e9e de votre premi\u00e8re maison, le cadeau id\u00e9al pour une cr\u00e9maill\u00e8re.","breadcrumb":{"@id":"https:\/\/positiveprints.com\/fr\/produit\/carte-notre-premiere-maison\/#breadcrumb"},"inLanguage":"fr-FR","potentialAction":[{"@type":"ReadAction","target":["https:\/\/positiveprints.com\/fr\/produit\/carte-notre-premiere-maison\/"]}]},{"@type":"ImageObject","inLanguage":"fr-FR","@id":"https:\/\/positiveprints.com\/fr\/produit\/carte-notre-premiere-maison\/#primaryimage","url":"https:\/\/positiveprints.com\/wp-content\/uploads\/2026\/04\/Packshot_FR_XX-Carte-Notre-Premiere-Maison.webp","contentUrl":"https:\/\/positiveprints.com\/wp-content\/uploads\/2026\/04\/Packshot_FR_XX-Carte-Notre-Premiere-Maison.webp","width":1450,"height":1450},{"@type":"BreadcrumbList","@id":"https:\/\/positiveprints.com\/fr\/produit\/carte-notre-premiere-maison\/#breadcrumb","itemListElement":[{"@type":"ListItem","position":1,"name":"Home","item":"https:\/\/positiveprints.com\/fr\/"},{"@type":"ListItem","position":2,"name":"Produits","item":"https:\/\/positiveprints.com\/fr\/shop\/"},{"@type":"ListItem","position":3,"name":"Carte Notre Premi\u00e8re Maison"}]},{"@type":"WebSite","@id":"https:\/\/positiveprints.com\/fr\/#website","url":"https:\/\/positiveprints.com\/fr\/","name":"Positive Prints","description":"Amazing Custom Personalized Gifts","publisher":{"@id":"https:\/\/positiveprints.com\/fr\/#organization"},"potentialAction":[{"@type":"SearchAction","target":{"@type":"EntryPoint","urlTemplate":"https:\/\/positiveprints.com\/fr\/?s={search_term_string}"},"query-input":{"@type":"PropertyValueSpecification","valueRequired":true,"valueName":"search_term_string"}}],"inLanguage":"fr-FR"},{"@type":"Organization","@id":"https:\/\/positiveprints.com\/fr\/#organization","name":"Positive Prints","alternateName":"Positive Prints","url":"https:\/\/positiveprints.com\/fr\/","logo":{"@type":"ImageObject","inLanguage":"fr-FR","@id":"https:\/\/positiveprints.com\/fr\/#\/schema\/logo\/image\/","url":"https:\/\/positiveprints.com\/wp-content\/uploads\/2026\/03\/245815646_1337939713319158_5671353136411139666_n.png","contentUrl":"https:\/\/positiveprints.com\/wp-content\/uploads\/2026\/03\/245815646_1337939713319158_5671353136411139666_n.png","width":800,"height":800,"caption":"Positive Prints"},"image":{"@id":"https:\/\/positiveprints.com\/fr\/#\/schema\/logo\/image\/"},"sameAs":["https:\/\/www.facebook.com\/positiveprintscom","https:\/\/www.instagram.com\/positiveprintscom\/","https:\/\/www.tiktok.com\/@positiveprintscom","https:\/\/www.pinterest.com\/positiveprintscom\/"]}]}},"jetpack_sharing_enabled":true,"_links":{"self":[{"href":"https:\/\/positiveprints.com\/fr\/wp-json\/wp\/v2\/product\/138938","targetHints":{"allow":["GET"]}}],"collection":[{"href":"https:\/\/positiveprints.com\/fr\/wp-json\/wp\/v2\/product"}],"about":[{"href":"https:\/\/positiveprints.com\/fr\/wp-json\/wp\/v2\/types\/product"}],"wp:featuredmedia":[{"embeddable":true,"href":"https:\/\/positiveprints.com\/fr\/wp-json\/wp\/v2\/media\/1694532"}],"wp:attachment":[{"href":"https:\/\/positiveprints.com\/fr\/wp-json\/wp\/v2\/media?parent=138938"}],"wp:term":[{"taxonomy":"product_brand","embeddable":true,"href":"https:\/\/positiveprints.com\/fr\/wp-json\/wp\/v2\/product_brand?post=138938"},{"taxonomy":"product_cat","embeddable":true,"href":"https:\/\/positiveprints.com\/fr\/wp-json\/wp\/v2\/product_cat?post=138938"},{"taxonomy":"product_tag","embeddable":true,"href":"https:\/\/positiveprints.com\/fr\/wp-json\/wp\/v2\/product_tag?post=138938"}],"curies":[{"name":"wp","href":"https:\/\/api.w.org\/{rel}","templated":true}]}}