{"id":138835,"date":"2021-03-23T08:59:16","date_gmt":"2021-03-23T07:59:16","guid":{"rendered":"https:\/\/positiveprints.com\/product\/constellation-jour-de-rencontre\/"},"modified":"2026-04-18T09:12:49","modified_gmt":"2026-04-18T08:12:49","slug":"constellation-jour-de-rencontre","status":"publish","type":"product","link":"https:\/\/positiveprints.com\/fr\/produit\/constellation-jour-de-rencontre\/","title":{"rendered":"Constellation Jour De Rencontre"},"content":{"rendered":"<p><span style=\"font-weight: 400;\">Pour c\u00e9l\u00e9brer la magie de votre premi\u00e8re rencontre, une affiche Constellation Jour de Rencontre offre une mani\u00e8re \u00e9l\u00e9gante d\u2019immortaliser le ciel tel qu\u2019il \u00e9tait \u00e0 cet instant unique.\u00a0<\/span><\/p>\n<h2><strong>Un moment magique captur\u00e9 par les \u00e9toiles avec l\u2019affiche Constellation Jour de Rencontre<\/strong><\/h2>\n<p><span style=\"font-weight: 400;\">Repensez \u00e0 ce moment pr\u00e9cis o\u00f9 vous avez rencontr\u00e9 votre \u00e2me s\u0153ur. Pensez \u00e0 toutes les d\u00e9cisions et \u00e0 tous les chemins parcourus qui vous ont men\u00e9s \u00e0 cet instant unique. Certains appellent cela le sort, d\u2019autres y voient le destin. Quelle que soit la fa\u00e7on dont on le d\u00e9crit, il s&#8217;agit d&#8217;un moment magique captur\u00e9 par les \u00e9toiles et les cieux. C&#8217;est pourquoi notre <\/span><a href=\"https:\/\/positiveprints.com\/fr\/produit\/carte-du-ciel-personnalisee\/\"><span style=\"font-weight: 400;\">carte du ciel<\/span><\/a><span style=\"font-weight: 400;\"> est un cadeau si pr\u00e9cieux.<\/span><\/p>\n<p><span style=\"font-weight: 400;\">En effet, nous ne r\u00e9alisons pas \u00e0 quel point ce moment o\u00f9 l\u2019on rencontre l\u2019\u00eatre aim\u00e9 est un tournant dans notre existence. C&#8217;est peut-\u00eatre une rencontre fortuite qui a permis \u00e0 vos chemins de se croiser. Ou peut-\u00eatre qu&#8217;un ami vous a organis\u00e9 un rendez-vous \u00e0 l&#8217;aveugle et que vous ne saviez pas \u00e0 quoi vous attendre. Si trouver cette personne sp\u00e9ciale peut ressembler \u00e0 un coup de foudre instantan\u00e9, il faut parfois un certain temps pour r\u00e9aliser que ce sentiment n&#8217;est pas seulement passager. C\u2019est pour cette raison que l\u2019on ne pense pas toujours consciemment \u00e0 tous les \u00e9v\u00e9nements qui ont conduit \u00e0 cette rencontre d\u00e9terminante.<\/span><\/p>\n<h2><b>En quoi consiste une carte de Constellation Jour De Notre Rencontre ?<\/b><\/h2>\n<p><span style=\"font-weight: 400;\">Le ciel est une tapisserie d&#8217;\u00e9toiles, de plan\u00e8tes, de constellations et d&#8217;autres corps c\u00e9lestes en constante \u00e9volution. Le ciel que vous voyez en Espagne sera diff\u00e9rent de celui que vous voyez en Australie, m\u00eame si deux personnes regardent le ciel le m\u00eame jour \u00e0 la m\u00eame heure. M\u00eame en observant le ciel depuis un seul et m\u00eame endroit, son apparence varie d\u2019une nuit \u00e0 l\u2019autre. C&#8217;est ce qui rend nos affiches <\/span><a href=\"https:\/\/positiveprints.com\/fr\/produit\/constellation-jour-de-rencontre\/\"><span style=\"font-weight: 400;\">Constellation Jour De Rencontre<\/span><\/a><span style=\"font-weight: 400;\"> si uniques.<\/span><\/p>\n<p><span style=\"font-weight: 400;\">Gr\u00e2ce \u00e0 notre technologie et \u00e0 notre cr\u00e9ateur de cartes du ciel personnalis\u00e9es, vous pouvez recr\u00e9er l&#8217;aspect du ciel \u00e0 la date de votre choix, depuis n&#8217;importe quel endroit du monde. Vous b\u00e9n\u00e9ficiez ainsi d&#8217;une plus grande flexibilit\u00e9 et d&#8217;une meilleure personnalisation de votre affiche, ce qui vous permet de mettre en valeur les moments qui comptent le plus pour vous.<\/span><\/p>\n<p><span style=\"font-weight: 400;\">Imaginez que le ciel de votre premier rendez-vous se retrouve dans votre salon ou votre chambre. Votre affiche sera un rappel permanent de cette nuit qui a chang\u00e9 vos vies \u00e0 jamais.<\/span><\/p>\n<h2><b>Pourquoi cr\u00e9er une affiche Constellation Jour De Rencontre ?<\/b><\/h2>\n<p><span style=\"font-weight: 400;\">Beaucoup de nos clients font confiance \u00e0 Positive Prints en tant que source unique de cadeaux personnalis\u00e9s. La majorit\u00e9 de nos affiches Cartes Du Ciel Jour De Rencontre sont con\u00e7ues pour \u00eatre offertes. Nous avons con\u00e7u nos cartes pour qu&#8217;elles soient faciles \u00e0 personnaliser et pour montrer \u00e0 votre proche que vous avez consacr\u00e9 du temps et de l&#8217;attention \u00e0 son cadeau.<\/span><\/p>\n<p><span style=\"font-weight: 400;\">Chaque affiche du ciel est imprim\u00e9e sur un support professionnel de qualit\u00e9 premium, pr\u00eat \u00e0 \u00eatre encadr\u00e9. Nous proposons par ailleurs des impressions sur toile et pouvons m\u00eame fournir un cadre pour votre chef d&#8217;\u0153uvre. La qualit\u00e9 sup\u00e9rieure de nos impressions rivalise avec les autres \u0153uvres d&#8217;art encadr\u00e9es de votre foyer ou de votre bureau, vous offrant ainsi une \u0153uvre que vous serez fier d&#8217;exposer.<\/span><\/p>\n<p><span style=\"font-weight: 400;\">Nos affiches sont le cadeau id\u00e9al pour de nombreuses occasions :<\/span><\/p>\n<ul>\n<li>Anniversaires<\/li>\n<li>Fian\u00e7ailles<\/li>\n<li>Anniversaires de mariage<\/li>\n<li>Cadeaux de mariage pour les jeunes mari\u00e9s<\/li>\n<li>No\u00ebl<\/li>\n<li>Hanoukka<\/li>\n<li>La Saint-Valentin<\/li>\n<li><span style=\"font-weight: 400;\"><span style=\"font-weight: 400;\">Ou juste comme \u00e7a !<\/span><\/span><span style=\"font-weight: 400;\"><br style=\"font-weight: 400;\" \/><\/span><\/li>\n<\/ul><p>Toutes les occasions sont bonnes pour rappeler \u00e0 votre \u00e2me s\u0153ur combien vous l&#8217;aimez et combien vous \u00eates reconnaissant du jour de votre rencontre.<\/p><h2 class=\"wp-block-heading\" id=\"h-comment-transformer-une-constellation-date-de-rencontre-en-affiche\"><strong>Comment transformer une Constellation Date De Rencontre en affiche ?<\/strong><\/h2><p>Nos affiches personnalis\u00e9es Constellation Jour De Rencontre sont de toute beaut\u00e9 et d&#8217;une grande qualit\u00e9 artistique, mais vous n&#8217;avez pas besoin d&#8217;\u00eatre artiste pour obtenir ces r\u00e9sultats. Notre outil simple en trois \u00e9tapes permet \u00e0 quiconque de concevoir sa propre affiche personnalis\u00e9e et d&#8217;obtenir une superbe impression.<\/p><p>En utilisant notre cr\u00e9ateur de Carte Du Ciel, vous pouvez choisir la taille de votre impression et la forme de votre carte. Vous pouvez \u00e9galement choisir le niveau de d\u00e9tail de votre carte : plan\u00e8tes et noms de plan\u00e8tes, \u00e9toiles, constellations et Voie lact\u00e9e, par exemple.<\/p><p>Vous pouvez \u00e9galement choisir le lieu pr\u00e9cis de votre premi\u00e8re rencontre, ainsi que la date et l&#8217;heure. Vous obtiendrez ainsi la repr\u00e9sentation la plus pr\u00e9cise du ciel telle qu\u2019elle apparaissait \u00e0 ce moment-l\u00e0.<\/p><p>Ajoutez un message personnalis\u00e9 \u00e0 l&#8217;intention de l&#8217;\u00eatre aim\u00e9 ou des d\u00e9tails concernant cette journ\u00e9e unique afin que tous ceux qui verront votre impression artistique en connaissent la signification.<\/p><p>Chaque fois que vous apportez des modifications dans l&#8217;outil d&#8217;\u00e9dition personnalis\u00e9, celles-ci prendront vie en temps r\u00e9el. Vous saurez donc exactement \u00e0 quoi ressemblera votre impression lorsqu&#8217;elle vous parviendra !<\/p><h2 class=\"wp-block-heading\" id=\"h-surprenez-votre-proche-avec-le-cadeau-constellation-jour-de-rencontre\"><strong>Surprenez votre proche avec le cadeau Constellation Jour de Rencontre !<\/strong><\/h2><p>Un cadeau Constellation Jour de Rencontre est unique en son genre et constitue un cadeau inattendu que la personne ch\u00e9rira \u00e0 jamais. Simple \u00e0 cr\u00e9er, il donnera l&#8217;impression que vous avez pass\u00e9 des heures \u00e0 imaginer un cadeau qui les \u00e9patera.<\/p><p>Racontez votre histoire d&#8217;amour avec une affiche Constellation Jour De Rencontre et lancez-vous d\u00e8s aujourd\u2019hui !<\/p><h2 class=\"wp-block-heading\" id=\"h-questions-frequemment-posees\"><strong>Questions Fr\u00e9quemment Pos\u00e9es<\/strong><\/h2><details class=\"wp-block-details is-layout-flow wp-block-details-is-layout-flow\"><summary><strong>Qu&#8217;est-ce qu&#8217;une Constellation Jour De Rencontre ?<\/strong><\/summary><p>Une Constellation Jour De Rencontre est une carte des \u00e9toiles capturant l&#8217;alignement c\u00e9leste lors de votre premi\u00e8re rencontre. Plus pr\u00e9cis\u00e9ment, elle recr\u00e9e le ciel exact d&#8217;une date et lieu sp\u00e9cifiques. Par cons\u00e9quent, c&#8217;est un moment magique immortalis\u00e9 dans les \u00e9toiles.\u200b<\/p><\/details><details class=\"wp-block-details is-layout-flow wp-block-details-is-layout-flow\"><summary><strong>Est-ce une carte des \u00e9toiles personnalis\u00e9e ?<\/strong><\/summary><p>Oui, chaque carte est enti\u00e8rement personnalis\u00e9e. En effet, elle utilise des donn\u00e9es astronomiques r\u00e9elles pour recr\u00e9er le ciel. De plus, vous ajoutez plan\u00e8tes, constellations et Voie lact\u00e9e. En outre, l&#8217;aper\u00e7u interactif vous permet de peaufiner chaque d\u00e9tail.\u200b<\/p><\/details><details class=\"wp-block-details is-layout-flow wp-block-details-is-layout-flow\"><summary><strong>Pourquoi est-ce le cadeau id\u00e9al pour les couples ?<\/strong><\/summary><p>C&#8217;est le cadeau id\u00e9al car il c\u00e9l\u00e8bre votre histoire \u00e9crite dans les \u00e9toiles. Plus pr\u00e9cis\u00e9ment, c&#8217;est un rappel romantique et puissant de votre premier instant ensemble. Par cons\u00e9quent, c&#8217;est un cadeau unique que l&#8217;on ch\u00e9rit pour toujours.\u200b<\/p><\/details><details class=\"wp-block-details is-layout-flow wp-block-details-is-layout-flow\"><summary><strong>Comment cr\u00e9er ma Constellation Jour De Rencontre ?<\/strong><\/summary><p>Cr\u00e9er votre carte se fait en trois \u00e9tapes. D\u2019abord, choisissez la forme, les couleurs et le niveau de d\u00e9tail. Ensuite, entrez le lieu exact, la date et l&#8217;heure de votre rencontre. Enfin, ajoutez un message personnalis\u00e9 pour votre \u00e2me s\u0153ur.\u200b<\/p><\/details><details class=\"wp-block-details is-layout-flow wp-block-details-is-layout-flow\"><summary><strong>Pour quelles occasions cette carte est-elle parfaite ?<\/strong><\/summary><p>Cette carte est parfaite pour anniversaires, fian\u00e7ailles, anniversaires de mariage et Saint-Valentin. De plus, elle convient pour No\u00ebl, cadeaux de mariage ou &#8220;juste parce que&#8221;. En outre, c&#8217;est id\u00e9al pour toute c\u00e9l\u00e9bration d&#8217;amour.\u200b<\/p><\/details><details class=\"wp-block-details is-layout-flow wp-block-details-is-layout-flow\"><summary><strong>Dans quels d\u00e9lais puis-je recevoir ma carte ?<\/strong><\/summary><p>Pour un cadeau imm\u00e9diat, choisissez le t\u00e9l\u00e9chargement num\u00e9rique instantan\u00e9, un fichier JPEG haute r\u00e9solution de 300 dpi que vous pouvez imprimer localement. Pour les produits physiques, nous imprimons et exp\u00e9dions localement depuis nos installations en Australie, au Canada, aux \u00c9tats-Unis, au Royaume-Uni et en Europe. Cela garantit une livraison rapide et fiable, souvent en quelques jours seulement.<\/p><\/details>","protected":false},"excerpt":{"rendered":"<ul class=\"check-list\">\n<li>Ajoutez des plan\u00e8tes, des constellations et la Voie Lact\u00e9e<\/li>\n<li>Personnalisez votre design en 3 \u00e9tapes simples<\/li>\n<li>Incluez un texte personnalis\u00e9 significatif<\/li>\n<li>Visualisez le r\u00e9sultat imm\u00e9diatement \u2013 l\u2019aper\u00e7u interactif vous permet de peaufiner chaque d\u00e9tail<\/li>\n<\/ul>\n","protected":false},"featured_media":1424620,"template":"","meta":[],"product_brand":[],"product_cat":[9274,8194,8217,9760,5328,11177,11175,11176,5264,11395,11396,11392,11388,11402,11397,8006,7670,7685,7781,7797,2878,3118,11246],"product_tag":[14849,11790,11789,11791,11793,11792,11767,11795,11753,15452,17443,17442,17441,17440],"class_list":{"0":"post-138835","1":"product","2":"type-product","3":"status-publish","4":"has-post-thumbnail","6":"product_cat-bestsellers-label-fr","7":"product_cat-pour-elle","8":"product_cat-pour-lui","9":"product_cat-trending-label-fr","10":"product_cat-cadeaux-de-commemorations","11":"product_cat-cadeaux-danniversaire-pour-couples","12":"product_cat-cadeaux-danniversaire-pour-femme","13":"product_cat-cadeaux-danniversaire-pour-homme","14":"product_cat-cadeaux-de-noel","15":"product_cat-cadeaux-de-noel-pour-femme","16":"product_cat-cadeaux-de-noel-pour-homme","17":"product_cat-cadeaux-de-noel-pour-sa-copine","18":"product_cat-cadeaux-de-noel-pour-son-petit-copain","19":"product_cat-cadeaux-de-noel-pour-sa-femme","20":"product_cat-cadeaux-de-noel-pour-le-mari","21":"product_cat-cadeaux-pour-hommes","22":"product_cat-cadeaux-pour-petit-ami","23":"product_cat-cadeaux-pour-femmes","24":"product_cat-cadeaux-pour-petite-amie","25":"product_cat-cadeaux-pour-couple","26":"product_cat-star-fr-2","27":"product_cat-cadeaux-saint-valentin","28":"product_cat-cadeaux-de-saint-valentin-pour-lui","29":"product_tag-anniversary-fr","30":"product_tag-cadeaux-de-noel-pour-elle","31":"product_tag-cadeaux-de-noel-pour-femme","32":"product_tag-cadeaux-de-noel-pour-homme","33":"product_tag-cadeaux-de-noel-pour-le-mari","34":"product_tag-cadeaux-de-noel-pour-lui","35":"product_tag-cadeaux-de-noel-pour-sa-copine","36":"product_tag-cadeaux-de-noel-pour-sa-femme","37":"product_tag-cadeaux-de-noel-pour-son-petit-copain","38":"product_tag-ciel-rencontre","39":"product_tag-prezenty-pod-choinke-dla-chlopaka-fr","40":"product_tag-prezenty-pod-choinke-dla-dziewczyny-fr","41":"product_tag-prezenty-pod-choinke-dla-niego-fr","42":"product_tag-prezenty-pod-choinke-dla-niej-fr","44":"first","45":"instock","46":"sale","47":"taxable","48":"shipping-taxable","49":"purchasable","50":"product-type-variable"},"yoast_head":"<!-- This site is optimized with the Yoast SEO Premium plugin v27.2 (Yoast SEO v27.2) - https:\/\/yoast.com\/product\/yoast-seo-premium-wordpress\/ -->\n<title>Constellation Jour De Rencontre - Cadre Etoile Rencontre - Positive Prints<\/title>\n<meta name=\"description\" content=\"Cr\u00e9ez une affiche personnalis\u00e9e de la constellation du jour de votre rencontre, le cadeau parfait pour un couple.\" \/>\n<meta name=\"robots\" content=\"index, follow, max-snippet:-1, max-image-preview:large, max-video-preview:-1\" \/>\n<link rel=\"canonical\" href=\"https:\/\/positiveprints.com\/fr\/produit\/constellation-jour-de-rencontre\/\" \/>\n<meta property=\"og:locale\" content=\"fr_FR\" \/>\n<meta property=\"og:type\" content=\"article\" \/>\n<meta property=\"og:title\" content=\"Constellation Jour De Rencontre\" \/>\n<meta property=\"og:description\" content=\"Ajoutez des plan\u00e8tes, des constellations et la Voie Lact\u00e9e  Personnalisez votre design en 3 \u00e9tapes simples  Incluez un texte personnalis\u00e9 significatif  Visualisez le r\u00e9sultat imm\u00e9diatement \u2013 l\u2019aper\u00e7u interactif vous permet de peaufiner chaque d\u00e9tail\" \/>\n<meta property=\"og:url\" content=\"https:\/\/positiveprints.com\/fr\/produit\/constellation-jour-de-rencontre\/\" \/>\n<meta property=\"og:site_name\" content=\"Positive Prints\" \/>\n<meta property=\"article:publisher\" content=\"https:\/\/www.facebook.com\/positiveprintscom\" \/>\n<meta property=\"article:modified_time\" content=\"2026-04-18T08:12:49+00:00\" \/>\n<meta property=\"og:image\" content=\"https:\/\/positiveprints.com\/wp-content\/uploads\/2025\/05\/Constellation-Jour-De-Rencontre-1.webp\" \/>\n\t<meta property=\"og:image:width\" content=\"1450\" \/>\n\t<meta property=\"og:image:height\" content=\"1450\" \/>\n\t<meta property=\"og:image:type\" content=\"image\/webp\" \/>\n<meta name=\"twitter:card\" content=\"summary_large_image\" \/>\n<meta name=\"twitter:label1\" content=\"Dur\u00e9e de lecture estim\u00e9e\" \/>\n\t<meta name=\"twitter:data1\" content=\"6 minutes\" \/>\n<!-- \/ Yoast SEO Premium plugin. -->","yoast_head_json":{"title":"Constellation Jour De Rencontre - Cadre Etoile Rencontre - Positive Prints","description":"Cr\u00e9ez une affiche personnalis\u00e9e de la constellation du jour de votre rencontre, le cadeau parfait pour un couple.","robots":{"index":"index","follow":"follow","max-snippet":"max-snippet:-1","max-image-preview":"max-image-preview:large","max-video-preview":"max-video-preview:-1"},"canonical":"https:\/\/positiveprints.com\/fr\/produit\/constellation-jour-de-rencontre\/","og_locale":"fr_FR","og_type":"article","og_title":"Constellation Jour De Rencontre","og_description":"Ajoutez des plan\u00e8tes, des constellations et la Voie Lact\u00e9e  Personnalisez votre design en 3 \u00e9tapes simples  Incluez un texte personnalis\u00e9 significatif  Visualisez le r\u00e9sultat imm\u00e9diatement \u2013 l\u2019aper\u00e7u interactif vous permet de peaufiner chaque d\u00e9tail","og_url":"https:\/\/positiveprints.com\/fr\/produit\/constellation-jour-de-rencontre\/","og_site_name":"Positive Prints","article_publisher":"https:\/\/www.facebook.com\/positiveprintscom","article_modified_time":"2026-04-18T08:12:49+00:00","og_image":[{"width":1450,"height":1450,"url":"https:\/\/positiveprints.com\/wp-content\/uploads\/2025\/05\/Constellation-Jour-De-Rencontre-1.webp","type":"image\/webp"}],"twitter_card":"summary_large_image","twitter_misc":{"Dur\u00e9e de lecture estim\u00e9e":"6 minutes"},"schema":{"@context":"https:\/\/schema.org","@graph":[{"@type":["WebPage","ItemPage"],"@id":"https:\/\/positiveprints.com\/fr\/produit\/constellation-jour-de-rencontre\/","url":"https:\/\/positiveprints.com\/fr\/produit\/constellation-jour-de-rencontre\/","name":"Constellation Jour De Rencontre - Cadre Etoile Rencontre - Positive Prints","isPartOf":{"@id":"https:\/\/positiveprints.com\/fr\/#website"},"primaryImageOfPage":{"@id":"https:\/\/positiveprints.com\/fr\/produit\/constellation-jour-de-rencontre\/#primaryimage"},"image":{"@id":"https:\/\/positiveprints.com\/fr\/produit\/constellation-jour-de-rencontre\/#primaryimage"},"thumbnailUrl":"https:\/\/positiveprints.com\/wp-content\/uploads\/2025\/05\/Constellation-Jour-De-Rencontre-1.webp","datePublished":"2021-03-23T07:59:16+00:00","dateModified":"2026-04-18T08:12:49+00:00","description":"Cr\u00e9ez une affiche personnalis\u00e9e de la constellation du jour de votre rencontre, le cadeau parfait pour un couple.","breadcrumb":{"@id":"https:\/\/positiveprints.com\/fr\/produit\/constellation-jour-de-rencontre\/#breadcrumb"},"inLanguage":"fr-FR","potentialAction":[{"@type":"ReadAction","target":["https:\/\/positiveprints.com\/fr\/produit\/constellation-jour-de-rencontre\/"]}]},{"@type":"ImageObject","inLanguage":"fr-FR","@id":"https:\/\/positiveprints.com\/fr\/produit\/constellation-jour-de-rencontre\/#primaryimage","url":"https:\/\/positiveprints.com\/wp-content\/uploads\/2025\/05\/Constellation-Jour-De-Rencontre-1.webp","contentUrl":"https:\/\/positiveprints.com\/wp-content\/uploads\/2025\/05\/Constellation-Jour-De-Rencontre-1.webp","width":1450,"height":1450},{"@type":"BreadcrumbList","@id":"https:\/\/positiveprints.com\/fr\/produit\/constellation-jour-de-rencontre\/#breadcrumb","itemListElement":[{"@type":"ListItem","position":1,"name":"Home","item":"https:\/\/positiveprints.com\/fr\/"},{"@type":"ListItem","position":2,"name":"Produits","item":"https:\/\/positiveprints.com\/fr\/shop\/"},{"@type":"ListItem","position":3,"name":"Constellation Jour De Rencontre"}]},{"@type":"WebSite","@id":"https:\/\/positiveprints.com\/fr\/#website","url":"https:\/\/positiveprints.com\/fr\/","name":"Positive Prints","description":"Amazing Custom Personalized Gifts","publisher":{"@id":"https:\/\/positiveprints.com\/fr\/#organization"},"potentialAction":[{"@type":"SearchAction","target":{"@type":"EntryPoint","urlTemplate":"https:\/\/positiveprints.com\/fr\/?s={search_term_string}"},"query-input":{"@type":"PropertyValueSpecification","valueRequired":true,"valueName":"search_term_string"}}],"inLanguage":"fr-FR"},{"@type":"Organization","@id":"https:\/\/positiveprints.com\/fr\/#organization","name":"Positive Prints","alternateName":"Positive Prints","url":"https:\/\/positiveprints.com\/fr\/","logo":{"@type":"ImageObject","inLanguage":"fr-FR","@id":"https:\/\/positiveprints.com\/fr\/#\/schema\/logo\/image\/","url":"https:\/\/positiveprints.com\/wp-content\/uploads\/2026\/03\/245815646_1337939713319158_5671353136411139666_n.png","contentUrl":"https:\/\/positiveprints.com\/wp-content\/uploads\/2026\/03\/245815646_1337939713319158_5671353136411139666_n.png","width":800,"height":800,"caption":"Positive Prints"},"image":{"@id":"https:\/\/positiveprints.com\/fr\/#\/schema\/logo\/image\/"},"sameAs":["https:\/\/www.facebook.com\/positiveprintscom","https:\/\/www.instagram.com\/positiveprintscom\/","https:\/\/www.tiktok.com\/@positiveprintscom","https:\/\/www.pinterest.com\/positiveprintscom\/"]}]}},"jetpack_sharing_enabled":true,"_links":{"self":[{"href":"https:\/\/positiveprints.com\/fr\/wp-json\/wp\/v2\/product\/138835","targetHints":{"allow":["GET"]}}],"collection":[{"href":"https:\/\/positiveprints.com\/fr\/wp-json\/wp\/v2\/product"}],"about":[{"href":"https:\/\/positiveprints.com\/fr\/wp-json\/wp\/v2\/types\/product"}],"wp:featuredmedia":[{"embeddable":true,"href":"https:\/\/positiveprints.com\/fr\/wp-json\/wp\/v2\/media\/1424620"}],"wp:attachment":[{"href":"https:\/\/positiveprints.com\/fr\/wp-json\/wp\/v2\/media?parent=138835"}],"wp:term":[{"taxonomy":"product_brand","embeddable":true,"href":"https:\/\/positiveprints.com\/fr\/wp-json\/wp\/v2\/product_brand?post=138835"},{"taxonomy":"product_cat","embeddable":true,"href":"https:\/\/positiveprints.com\/fr\/wp-json\/wp\/v2\/product_cat?post=138835"},{"taxonomy":"product_tag","embeddable":true,"href":"https:\/\/positiveprints.com\/fr\/wp-json\/wp\/v2\/product_tag?post=138835"}],"curies":[{"name":"wp","href":"https:\/\/api.w.org\/{rel}","templated":true}]}}