{"id":138787,"date":"2021-03-23T10:23:30","date_gmt":"2021-03-23T09:23:30","guid":{"rendered":"https:\/\/positiveprints.com\/product\/carte-du-ciel-jour-de-naissance\/"},"modified":"2026-04-18T09:12:41","modified_gmt":"2026-04-18T08:12:41","slug":"carte-du-ciel-jour-de-naissance","status":"publish","type":"product","link":"https:\/\/positiveprints.com\/fr\/produit\/carte-du-ciel-jour-de-naissance\/","title":{"rendered":"Carte du ciel jour de naissance"},"content":{"rendered":"<p>La Carte Du Ciel Le Jour De Ma Naissance est une repr\u00e9sentation imprim\u00e9e de ce \u00e0 quoi ressemblait le ciel \u00e9toil\u00e9 depuis un endroit pr\u00e9cis de la terre \u00e0 une date et une heure donn\u00e9es.<\/p>\r\n\r\n<h2 class=\"grenB f24 cblue\" style=\"margin-top: 3rem\">La Carte Du Ciel Le Jour De Ma Naissance<\/h2>\r\n\r\n<p style=\"margin-top: 1rem\">La vie est v\u00e9ritablement un cadeau. La science nous dit depuis longtemps que les chances que nous ayons de na\u00eetre sont d&#8217;environ une chance sur 400 trillions. Ce sont des chances incroyables, et elles mettent en perspective l&#8217;importance de c\u00e9l\u00e9brer chaque ann\u00e9e notre anniversaire. Si vous voulez montrer \u00e0 un \u00eatre cher \u00e0 quel point vous \u00eates heureux qu&#8217;il soit n\u00e9, une Constellation Date De Naissance est un cadeau magnifique et sinc\u00e8re.<\/p>\r\n\r\n<p style=\"margin-top: 1rem\">Une Carte Du Ciel Le Jour D&#8217;une Naissance est une repr\u00e9sentation imprim\u00e9e de ce \u00e0 quoi ressemblait le ciel \u00e9toil\u00e9 \u00e0 partir d&#8217;un endroit sp\u00e9cifique sur terre \u00e0 une date et une heure donn\u00e9es. C&#8217;est pourquoi il n&#8217;existe pas deux Cartes Du Ciel identiques. Chaque carte est bas\u00e9e sur les d\u00e9tails uniques de l&#8217;anniversaire d&#8217;une personne afin de garantir la reproduction la plus pr\u00e9cise possible.<\/p>\r\n\r\n<p style=\"margin-top: 1rem\">Il s&#8217;agit d&#8217;un cadeau d&#8217;anniversaire particuli\u00e8rement original que vos proches n&#8217;attendront jamais mais qu&#8217;ils ch\u00e9riront pour toujours. Il s&#8217;agit d&#8217;un cadeau que l&#8217;on ne peut pas simplement acheter dans un magasin. Il faut du temps et de la r\u00e9flexion pour penser \u00e0 offrir une Carte Du Ciel comme cadeau d&#8217;anniversaire, et un peu plus de temps et d&#8217;efforts pour cr\u00e9er la carte et la faire imprimer pour votre proche. Tous ces efforts suppl\u00e9mentaires ne passeront pas inaper\u00e7us et il est certain que la Carte Du Ciel Anniversaire sera le cadeau pr\u00e9f\u00e9r\u00e9 de votre proche.<\/p>\r\n\r\n<h2 class=\"grenB f24 cblue\" style=\"margin-top: 3rem\">Qu&#8217;est-ce qui rend la Carte Du Ciel Le Jour De Ma Naissance si sp\u00e9ciale ?<\/h2>\r\n\r\n<p style=\"margin-top: 1rem\">Lorsque vous regarderez le ciel \u00e9toil\u00e9 ce soir, il ne sera pas le m\u00eame que celui que vous avez vu la nuit derni\u00e8re, m\u00eame si vous vous tenez au m\u00eame endroit. C&#8217;est parce que notre univers est constamment en mouvement. C&#8217;est la m\u00eame raison pour laquelle nous ne pouvons voir certaines \u00e9toiles, plan\u00e8tes et constellations qu&#8217;\u00e0 certaines dates ou saisons.<\/p>\r\n\r\n<p style=\"margin-top: 1rem\">Le ciel de la nuit de votre naissance est sp\u00e9cial parce que c&#8217;est ainsi que l&#8217;univers \u00e9tait align\u00e9 lorsque vous \u00eates arriv\u00e9 dans ce monde. La position des \u00e9toiles, des plan\u00e8tes et des autres corps c\u00e9lestes ce jour-l\u00e0 est unique pour vous.<\/p>\r\n\r\n<p style=\"margin-top: 1rem\">Naturellement, vous \u00e9tiez trop jeune pour remarquer l&#8217;aspect du ciel en cette occasion m\u00e9morable, alors consid\u00e9rez une carte des \u00e9toiles anniversaire comme un regard dans le pass\u00e9. Il s&#8217;agit d&#8217;une illustration venant soutenir l&#8217;histoire de votre vie. Elle commence \u00e0 raconter votre histoire depuis le jour 0, en plantant le d\u00e9cor de la vie que vous avez v\u00e9cue jusqu&#8217;\u00e0 ce moment.<\/p>\r\n\r\n<h2 class=\"grenB f24 cblue\" style=\"margin-top: 3rem\">Comment r\u00e9aliser une Carte Du Ciel Date De Naissance ?<\/h2>\r\n\r\n<p style=\"margin-top: 1rem\">Chez Positive Prints, nous pensons que tout le monde devrait pouvoir cr\u00e9er une Carte De La Constellation Jour De Naissance sans avoir recours \u00e0 des comp\u00e9tences artistiques ou techniques. Gr\u00e2ce \u00e0 un syst\u00e8me simple en trois \u00e9tapes et \u00e0 une technologie intelligente, nous cr\u00e9ons votre carte du ciel et la rendons unique. D\u00e9couvrez comment nous simplifions la cr\u00e9ation de votre carte du ciel naissance :<\/p>\r\n\r\n<h3 class=\"grenB f18 cblue\" style=\"margin-top: 3rem\">Premi\u00e8re \u00e9tape : s\u00e9lectionnez votre motif<\/h3>\r\n\r\n<p style=\"margin-top: 1rem\">Positive Prints propose 7 mod\u00e8les pr\u00e9d\u00e9finis pour cr\u00e9er votre constellation date de naissance, dont un cadre en forme de c\u0153ur et plusieurs combinaisons de couleurs. Mais si vous pr\u00e9f\u00e9rez un peu plus de personnalisation, nous proposons \u00e9galement une option personnalis\u00e9e vous permettant de cr\u00e9er votre propre sch\u00e9ma de couleurs.<\/p>\r\n\r\n<p style=\"margin-top: 1rem\">Vous pourrez en outre pr\u00e9ciser le niveau de d\u00e9tail de votre <a href=\"https:\/\/positiveprints.com\/fr\/produit\/carte-du-ciel-personnalisee\/\">Carte Du Ciel<\/a>. Ajoutez les noms des constellations, des plan\u00e8tes et des noms de plan\u00e8tes, et m\u00eame la Voie lact\u00e9e. Pendant que vous apportez des modifications \u00e0 votre conception, vous pouvez voir votre affiche se mettre \u00e0 jour en temps r\u00e9el et ainsi cr\u00e9er le style exact que vous souhaitez r\u00e9aliser.<\/p>\r\n\r\n<h3 class=\"grenB f18 cblue\" style=\"margin-top: 3rem\">Deuxi\u00e8me \u00e9tape : saisissez vos coordonn\u00e9es<\/h3>\r\n\r\n<p style=\"margin-top: 1rem\">\u00c0 l&#8217;\u00e9tape 2, vous devez saisir le lieu ou les coordonn\u00e9es de votre choix, ainsi que la date et l&#8217;heure de votre naissance. Nous utilisons les donn\u00e9es relatives au lieu et \u00e0 la date pour recr\u00e9er une repr\u00e9sentation aussi pr\u00e9cise que possible du ciel \u00e9toil\u00e9, de sorte que ce que vous voyez ressemble \u00e0 ce que vous auriez pu observer \u00e0 cette date.<\/p>\r\n\r\n<p style=\"margin-top: 1rem\">Vous avez \u00e9galement la possibilit\u00e9 d&#8217;inclure jusqu&#8217;\u00e0 trois lignes de texte (un titre, un sous-titre et une note de bas de page). Nombre de nos clients choisissent d&#8217;utiliser ces lignes pour adresser un message personnel au destinataire du cadeau, afin que tous ceux qui verront la carte du ciel lejour de ma naissance en connaissent la signification. Vous pouvez \u00e9galement inclure une citation pr\u00e9f\u00e9r\u00e9e, les paroles d&#8217;une chanson ou tout ce qui peut rendre votre affiche encore plus personnalis\u00e9e.<\/p>\r\n\r\n<h3 class=\"grenB f18 cblue\" style=\"margin-top: 3rem\">Troisi\u00e8me \u00e9tape : S\u00e9lectionnez votre format<\/h3>\r\n\r\n<p style=\"margin-top: 1rem\">La derni\u00e8re \u00e9tape consiste \u00e0 d\u00e9cider de la taille de votre Affiche Constellation Date De Naissance et du mode de r\u00e9ception de votre impression. Nombreux sont nos clients qui choisissent de nous confier l&#8217;impression, car nous pouvons imprimer sur toile ou sur du papier de qualit\u00e9 sup\u00e9rieure pour affiches. Nous pouvons \u00e9galement inclure un cadre qui est parfait pour offrir et qui permet \u00e0 votre destinataire de l&#8217;accrocher imm\u00e9diatement. L&#8217;exp\u00e9dition est quel que soit votre lieu de r\u00e9sidence.<\/p>\r\n\r\n<p style=\"margin-top: 1rem\">Si vous cherchez une option de cadeau de derni\u00e8re minute, Positive Prints peut vous aider. Nous proposons une option de t\u00e9l\u00e9chargement digital et nous vous enverrons l&#8217;affiche par e-mail quelques minutes apr\u00e8s avoir pass\u00e9 la commande. Vous pouvez apporter le fichier num\u00e9rique \u00e0 votre imprimerie locale pour un service rapide et \u00e9viter les frais d&#8217;exp\u00e9dition.<\/p>\r\n\r\n<h2 class=\"grenB f24 cblue\" style=\"margin-top: 3rem\">Rendez chaque anniversaire inoubliable en offrant une Carte Du Ciel comme cadeau d&#8217;anniversaire !<\/h2>\r\n\r\n<p style=\"margin-top: 1rem\">Vous \u00eates pr\u00eat \u00e0 surprendre votre proche avec un cadeau d&#8217;anniversaire inoubliable ? Commencez \u00e0 cr\u00e9er votre Carte Du Ciel Le Jour De Ma Naissance Personnalis\u00e9e d\u00e8s aujourd&#8217;hui !<\/p>","protected":false},"excerpt":{"rendered":"<ul class=\"check-list\">\n<li>Ajoutez des plan\u00e8tes, des constellations et la Voie Lact\u00e9e<\/li>\n<li>Personnalisez votre design en 3 \u00e9tapes simples<\/li>\n<li>Incluez un texte personnalis\u00e9 significatif<\/li>\n<li>Visualisez le r\u00e9sultat imm\u00e9diatement \u2013 l\u2019aper\u00e7u interactif vous permet de peaufiner chaque d\u00e9tail<\/li>\n<\/ul>\n","protected":false},"featured_media":1423588,"template":"","meta":[],"product_brand":[],"product_cat":[9274,8194,3127,11211,11212,5264,15042,11401,11389,8006,7621,7685,7734,7829,2878],"product_tag":[8463,13426,13455,15218],"class_list":{"0":"post-138787","1":"product","2":"type-product","3":"status-publish","4":"has-post-thumbnail","6":"product_cat-bestsellers-label-fr","7":"product_cat-pour-elle","8":"product_cat-cadeaux-danniversaire","9":"product_cat-cadeau-anniversaire-femme","10":"product_cat-cadeau-anniversaire-homme","11":"product_cat-cadeaux-de-noel","12":"product_cat-cadeaux-de-noel-pour-les-amis","13":"product_cat-cadeaux-de-noel-pour-la-soeur","14":"product_cat-cadeaux-de-noel-pour-le-frere","15":"product_cat-cadeaux-pour-hommes","16":"product_cat-cadeaux-pour-frere","17":"product_cat-cadeaux-pour-femmes","18":"product_cat-cadeaux-pour-soeur","19":"product_cat-cadeaux-pour-amis","20":"product_cat-star-fr-2","21":"product_tag-birthday-fr","22":"product_tag-cadeau-de-noel-pour-soeur","23":"product_tag-cadeaux-de-noel-pour-frere","24":"product_tag-christmas-gifts-for-friends-fr","26":"first","27":"instock","28":"sale","29":"taxable","30":"shipping-taxable","31":"purchasable","32":"product-type-variable","33":"has-default-attributes"},"yoast_head":"<!-- This site is optimized with the Yoast SEO Premium plugin v27.2 (Yoast SEO v27.2) - https:\/\/yoast.com\/product\/yoast-seo-premium-wordpress\/ -->\n<title>La Carte Du Ciel Le Jour De Ma Naissance - Positive Prints<\/title>\n<meta name=\"description\" content=\"La Carte Du Ciel Le Jour De Ma Naissance est une repr\u00e9sentation imprim\u00e9e de ce \u00e0 quoi ressemblait le ciel \u00e9toil\u00e9 depuis un endroit pr\u00e9cis de la terre \u00e0 une date et une heure donn\u00e9es.\" \/>\n<meta name=\"robots\" content=\"index, follow, max-snippet:-1, max-image-preview:large, max-video-preview:-1\" \/>\n<link rel=\"canonical\" href=\"https:\/\/positiveprints.com\/fr\/produit\/carte-du-ciel-jour-de-naissance\/\" \/>\n<meta property=\"og:locale\" content=\"fr_FR\" \/>\n<meta property=\"og:type\" content=\"article\" \/>\n<meta property=\"og:title\" content=\"Carte du ciel jour de naissance\" \/>\n<meta property=\"og:description\" content=\"Ajoutez des plan\u00e8tes, des constellations et la Voie Lact\u00e9e Personnalisez votre design en 3 \u00e9tapes simples Incluez un texte personnalis\u00e9 significatif Visualisez le r\u00e9sultat imm\u00e9diatement \u2013 l\u2019aper\u00e7u interactif vous permet de peaufiner chaque d\u00e9tail\" \/>\n<meta property=\"og:url\" content=\"https:\/\/positiveprints.com\/fr\/produit\/carte-du-ciel-jour-de-naissance\/\" \/>\n<meta property=\"og:site_name\" content=\"Positive Prints\" \/>\n<meta property=\"article:publisher\" content=\"https:\/\/www.facebook.com\/positiveprintscom\" \/>\n<meta property=\"article:modified_time\" content=\"2026-04-18T08:12:41+00:00\" \/>\n<meta property=\"og:image\" content=\"https:\/\/positiveprints.com\/wp-content\/uploads\/2024\/10\/Packshot_FR_birthday-star-map-product-image.webp\" \/>\n\t<meta property=\"og:image:width\" content=\"1450\" \/>\n\t<meta property=\"og:image:height\" content=\"1450\" \/>\n\t<meta property=\"og:image:type\" content=\"image\/webp\" \/>\n<meta name=\"twitter:card\" content=\"summary_large_image\" \/>\n<meta name=\"twitter:label1\" content=\"Dur\u00e9e de lecture estim\u00e9e\" \/>\n\t<meta name=\"twitter:data1\" content=\"5 minutes\" \/>\n<!-- \/ Yoast SEO Premium plugin. -->","yoast_head_json":{"title":"La Carte Du Ciel Le Jour De Ma Naissance - Positive Prints","description":"La Carte Du Ciel Le Jour De Ma Naissance est une repr\u00e9sentation imprim\u00e9e de ce \u00e0 quoi ressemblait le ciel \u00e9toil\u00e9 depuis un endroit pr\u00e9cis de la terre \u00e0 une date et une heure donn\u00e9es.","robots":{"index":"index","follow":"follow","max-snippet":"max-snippet:-1","max-image-preview":"max-image-preview:large","max-video-preview":"max-video-preview:-1"},"canonical":"https:\/\/positiveprints.com\/fr\/produit\/carte-du-ciel-jour-de-naissance\/","og_locale":"fr_FR","og_type":"article","og_title":"Carte du ciel jour de naissance","og_description":"Ajoutez des plan\u00e8tes, des constellations et la Voie Lact\u00e9e Personnalisez votre design en 3 \u00e9tapes simples Incluez un texte personnalis\u00e9 significatif Visualisez le r\u00e9sultat imm\u00e9diatement \u2013 l\u2019aper\u00e7u interactif vous permet de peaufiner chaque d\u00e9tail","og_url":"https:\/\/positiveprints.com\/fr\/produit\/carte-du-ciel-jour-de-naissance\/","og_site_name":"Positive Prints","article_publisher":"https:\/\/www.facebook.com\/positiveprintscom","article_modified_time":"2026-04-18T08:12:41+00:00","og_image":[{"width":1450,"height":1450,"url":"https:\/\/positiveprints.com\/wp-content\/uploads\/2024\/10\/Packshot_FR_birthday-star-map-product-image.webp","type":"image\/webp"}],"twitter_card":"summary_large_image","twitter_misc":{"Dur\u00e9e de lecture estim\u00e9e":"5 minutes"},"schema":{"@context":"https:\/\/schema.org","@graph":[{"@type":["WebPage","ItemPage"],"@id":"https:\/\/positiveprints.com\/fr\/produit\/carte-du-ciel-jour-de-naissance\/","url":"https:\/\/positiveprints.com\/fr\/produit\/carte-du-ciel-jour-de-naissance\/","name":"La Carte Du Ciel Le Jour De Ma Naissance - Positive Prints","isPartOf":{"@id":"https:\/\/positiveprints.com\/fr\/#website"},"primaryImageOfPage":{"@id":"https:\/\/positiveprints.com\/fr\/produit\/carte-du-ciel-jour-de-naissance\/#primaryimage"},"image":{"@id":"https:\/\/positiveprints.com\/fr\/produit\/carte-du-ciel-jour-de-naissance\/#primaryimage"},"thumbnailUrl":"https:\/\/positiveprints.com\/wp-content\/uploads\/2025\/05\/Carte-du-ciel-jour-de-naissance-1.webp","datePublished":"2021-03-23T09:23:30+00:00","dateModified":"2026-04-18T08:12:41+00:00","description":"La Carte Du Ciel Le Jour De Ma Naissance est une repr\u00e9sentation imprim\u00e9e de ce \u00e0 quoi ressemblait le ciel \u00e9toil\u00e9 depuis un endroit pr\u00e9cis de la terre \u00e0 une date et une heure donn\u00e9es.","breadcrumb":{"@id":"https:\/\/positiveprints.com\/fr\/produit\/carte-du-ciel-jour-de-naissance\/#breadcrumb"},"inLanguage":"fr-FR","potentialAction":[{"@type":"ReadAction","target":["https:\/\/positiveprints.com\/fr\/produit\/carte-du-ciel-jour-de-naissance\/"]}]},{"@type":"ImageObject","inLanguage":"fr-FR","@id":"https:\/\/positiveprints.com\/fr\/produit\/carte-du-ciel-jour-de-naissance\/#primaryimage","url":"https:\/\/positiveprints.com\/wp-content\/uploads\/2025\/05\/Carte-du-ciel-jour-de-naissance-1.webp","contentUrl":"https:\/\/positiveprints.com\/wp-content\/uploads\/2025\/05\/Carte-du-ciel-jour-de-naissance-1.webp","width":1450,"height":1450},{"@type":"BreadcrumbList","@id":"https:\/\/positiveprints.com\/fr\/produit\/carte-du-ciel-jour-de-naissance\/#breadcrumb","itemListElement":[{"@type":"ListItem","position":1,"name":"Home","item":"https:\/\/positiveprints.com\/fr\/"},{"@type":"ListItem","position":2,"name":"Produits","item":"https:\/\/positiveprints.com\/fr\/shop\/"},{"@type":"ListItem","position":3,"name":"Carte du ciel jour de naissance"}]},{"@type":"WebSite","@id":"https:\/\/positiveprints.com\/fr\/#website","url":"https:\/\/positiveprints.com\/fr\/","name":"Positive Prints","description":"Amazing Custom Personalized Gifts","publisher":{"@id":"https:\/\/positiveprints.com\/fr\/#organization"},"potentialAction":[{"@type":"SearchAction","target":{"@type":"EntryPoint","urlTemplate":"https:\/\/positiveprints.com\/fr\/?s={search_term_string}"},"query-input":{"@type":"PropertyValueSpecification","valueRequired":true,"valueName":"search_term_string"}}],"inLanguage":"fr-FR"},{"@type":"Organization","@id":"https:\/\/positiveprints.com\/fr\/#organization","name":"Positive Prints","alternateName":"Positive Prints","url":"https:\/\/positiveprints.com\/fr\/","logo":{"@type":"ImageObject","inLanguage":"fr-FR","@id":"https:\/\/positiveprints.com\/fr\/#\/schema\/logo\/image\/","url":"https:\/\/positiveprints.com\/wp-content\/uploads\/2026\/03\/245815646_1337939713319158_5671353136411139666_n.png","contentUrl":"https:\/\/positiveprints.com\/wp-content\/uploads\/2026\/03\/245815646_1337939713319158_5671353136411139666_n.png","width":800,"height":800,"caption":"Positive Prints"},"image":{"@id":"https:\/\/positiveprints.com\/fr\/#\/schema\/logo\/image\/"},"sameAs":["https:\/\/www.facebook.com\/positiveprintscom","https:\/\/www.instagram.com\/positiveprintscom\/","https:\/\/www.tiktok.com\/@positiveprintscom","https:\/\/www.pinterest.com\/positiveprintscom\/"]}]}},"jetpack_sharing_enabled":true,"_links":{"self":[{"href":"https:\/\/positiveprints.com\/fr\/wp-json\/wp\/v2\/product\/138787","targetHints":{"allow":["GET"]}}],"collection":[{"href":"https:\/\/positiveprints.com\/fr\/wp-json\/wp\/v2\/product"}],"about":[{"href":"https:\/\/positiveprints.com\/fr\/wp-json\/wp\/v2\/types\/product"}],"wp:featuredmedia":[{"embeddable":true,"href":"https:\/\/positiveprints.com\/fr\/wp-json\/wp\/v2\/media\/1423588"}],"wp:attachment":[{"href":"https:\/\/positiveprints.com\/fr\/wp-json\/wp\/v2\/media?parent=138787"}],"wp:term":[{"taxonomy":"product_brand","embeddable":true,"href":"https:\/\/positiveprints.com\/fr\/wp-json\/wp\/v2\/product_brand?post=138787"},{"taxonomy":"product_cat","embeddable":true,"href":"https:\/\/positiveprints.com\/fr\/wp-json\/wp\/v2\/product_cat?post=138787"},{"taxonomy":"product_tag","embeddable":true,"href":"https:\/\/positiveprints.com\/fr\/wp-json\/wp\/v2\/product_tag?post=138787"}],"curies":[{"name":"wp","href":"https:\/\/api.w.org\/{rel}","templated":true}]}}