{"id":1377520,"date":"2025-03-13T20:40:49","date_gmt":"2025-03-13T19:40:49","guid":{"rendered":"https:\/\/positiveprints.com\/?post_type=product&#038;p=1377520"},"modified":"2026-04-28T13:29:33","modified_gmt":"2026-04-28T12:29:33","slug":"bonne-fete-maman-collage-photo-de-lettres","status":"publish","type":"product","link":"https:\/\/positiveprints.com\/fr\/produit\/bonne-fete-maman-collage-photo-de-lettres\/","title":{"rendered":"Bonne F\u00eate Maman &#8211; Collage Photo de Lettres"},"content":{"rendered":"","protected":false},"excerpt":{"rendered":"<ul class=\"check-list\">\n<li>T\u00e9l\u00e9chargez vos photos pr\u00e9f\u00e9r\u00e9es pour une touche vraiment personnelle<\/li>\n<li>Ajoutez un message sinc\u00e8re pour comm\u00e9morer sa premi\u00e8re f\u00eate des M\u00e8res<\/li>\n<li>Personnalisez en 3 \u00e9tapes simples gr\u00e2ce \u00e0 notre \u00e9diteur facile \u00e0 utiliser<\/li>\n<li>Visualisez instantan\u00e9ment votre cr\u00e9ation gr\u00e2ce \u00e0 un aper\u00e7u interactif<\/li>\n<\/ul>\n","protected":false},"featured_media":1667407,"template":"","meta":[],"product_brand":[],"product_cat":[8982,9123,104,7277,7701],"product_tag":[12587,15898,15882,15899,15896],"class_list":{"0":"post-1377520","1":"product","2":"type-product","3":"status-publish","4":"has-post-thumbnail","6":"product_cat-nouveautes","7":"product_cat-photo-letter-fr","8":"product_cat-tous-les-produits","9":"product_cat-cadeaux-de-fete-des-meres","10":"product_cat-cadeaux-pour-maman","11":"product_tag-fete-des-meres","12":"product_tag-mamma-fr-2","13":"product_tag-mommy-fr","14":"product_tag-mother-it-fr","15":"product_tag-regali-per-la-mamma-fr","17":"first","18":"instock","19":"sale","20":"taxable","21":"shipping-taxable","22":"purchasable","23":"product-type-variable"},"yoast_head":"<!-- This site is optimized with the Yoast SEO Premium plugin v27.2 (Yoast SEO v27.2) - https:\/\/yoast.com\/product\/yoast-seo-premium-wordpress\/ -->\n<title>Bonne F\u00eate Maman - Collage Photo de Lettres - Positive Prints<\/title>\n<meta name=\"description\" content=\"Comm\u00e9morez votre premi\u00e8re f\u00eate des M\u00e8res avec un collage photo personnalis\u00e9. Un souvenir sp\u00e9cial pour c\u00e9l\u00e9brer cette \u00e9tape inoubliable.\" \/>\n<meta name=\"robots\" content=\"index, follow, max-snippet:-1, max-image-preview:large, max-video-preview:-1\" \/>\n<link rel=\"canonical\" href=\"https:\/\/positiveprints.com\/fr\/produit\/bonne-fete-maman-collage-photo-de-lettres\/\" \/>\n<meta property=\"og:locale\" content=\"fr_FR\" \/>\n<meta property=\"og:type\" content=\"article\" \/>\n<meta property=\"og:title\" content=\"Bonne F\u00eate Maman - Collage Photo de Lettres\" \/>\n<meta property=\"og:description\" content=\"T\u00e9l\u00e9chargez vos photos pr\u00e9f\u00e9r\u00e9es pour une touche vraiment personnelle Ajoutez un message sinc\u00e8re pour comm\u00e9morer sa premi\u00e8re f\u00eate des M\u00e8res Personnalisez en 3 \u00e9tapes simples gr\u00e2ce \u00e0 notre \u00e9diteur facile \u00e0 utiliser Visualisez instantan\u00e9ment votre cr\u00e9ation gr\u00e2ce \u00e0 un aper\u00e7u interactif\" \/>\n<meta property=\"og:url\" content=\"https:\/\/positiveprints.com\/fr\/produit\/bonne-fete-maman-collage-photo-de-lettres\/\" \/>\n<meta property=\"og:site_name\" content=\"Positive Prints\" \/>\n<meta property=\"article:publisher\" content=\"https:\/\/www.facebook.com\/positiveprintscom\" \/>\n<meta property=\"article:modified_time\" content=\"2026-04-28T12:29:33+00:00\" \/>\n<meta property=\"og:image\" content=\"https:\/\/positiveprints.com\/wp-content\/uploads\/2025\/03\/Bonne-Fe\u0302te-Maman-1.webp\" \/>\n\t<meta property=\"og:image:width\" content=\"1450\" \/>\n\t<meta property=\"og:image:height\" content=\"1450\" \/>\n\t<meta property=\"og:image:type\" content=\"image\/webp\" \/>\n<meta name=\"twitter:card\" content=\"summary_large_image\" \/>\n<!-- \/ Yoast SEO Premium plugin. -->","yoast_head_json":{"title":"Bonne F\u00eate Maman - Collage Photo de Lettres - Positive Prints","description":"Comm\u00e9morez votre premi\u00e8re f\u00eate des M\u00e8res avec un collage photo personnalis\u00e9. Un souvenir sp\u00e9cial pour c\u00e9l\u00e9brer cette \u00e9tape inoubliable.","robots":{"index":"index","follow":"follow","max-snippet":"max-snippet:-1","max-image-preview":"max-image-preview:large","max-video-preview":"max-video-preview:-1"},"canonical":"https:\/\/positiveprints.com\/fr\/produit\/bonne-fete-maman-collage-photo-de-lettres\/","og_locale":"fr_FR","og_type":"article","og_title":"Bonne F\u00eate Maman - Collage Photo de Lettres","og_description":"T\u00e9l\u00e9chargez vos photos pr\u00e9f\u00e9r\u00e9es pour une touche vraiment personnelle Ajoutez un message sinc\u00e8re pour comm\u00e9morer sa premi\u00e8re f\u00eate des M\u00e8res Personnalisez en 3 \u00e9tapes simples gr\u00e2ce \u00e0 notre \u00e9diteur facile \u00e0 utiliser Visualisez instantan\u00e9ment votre cr\u00e9ation gr\u00e2ce \u00e0 un aper\u00e7u interactif","og_url":"https:\/\/positiveprints.com\/fr\/produit\/bonne-fete-maman-collage-photo-de-lettres\/","og_site_name":"Positive Prints","article_publisher":"https:\/\/www.facebook.com\/positiveprintscom","article_modified_time":"2026-04-28T12:29:33+00:00","og_image":[{"width":1450,"height":1450,"url":"https:\/\/positiveprints.com\/wp-content\/uploads\/2025\/03\/Bonne-Fe\u0302te-Maman-1.webp","type":"image\/webp"}],"twitter_card":"summary_large_image","schema":{"@context":"https:\/\/schema.org","@graph":[{"@type":["WebPage","ItemPage"],"@id":"https:\/\/positiveprints.com\/fr\/produit\/bonne-fete-maman-collage-photo-de-lettres\/","url":"https:\/\/positiveprints.com\/fr\/produit\/bonne-fete-maman-collage-photo-de-lettres\/","name":"Bonne F\u00eate Maman - Collage Photo de Lettres - Positive Prints","isPartOf":{"@id":"https:\/\/positiveprints.com\/fr\/#website"},"primaryImageOfPage":{"@id":"https:\/\/positiveprints.com\/fr\/produit\/bonne-fete-maman-collage-photo-de-lettres\/#primaryimage"},"image":{"@id":"https:\/\/positiveprints.com\/fr\/produit\/bonne-fete-maman-collage-photo-de-lettres\/#primaryimage"},"thumbnailUrl":"https:\/\/positiveprints.com\/wp-content\/uploads\/2026\/03\/Bonne-Fete-Maman-1_FR.webp","datePublished":"2025-03-13T19:40:49+00:00","dateModified":"2026-04-28T12:29:33+00:00","description":"Comm\u00e9morez votre premi\u00e8re f\u00eate des M\u00e8res avec un collage photo personnalis\u00e9. Un souvenir sp\u00e9cial pour c\u00e9l\u00e9brer cette \u00e9tape inoubliable.","breadcrumb":{"@id":"https:\/\/positiveprints.com\/fr\/produit\/bonne-fete-maman-collage-photo-de-lettres\/#breadcrumb"},"inLanguage":"fr-FR","potentialAction":[{"@type":"ReadAction","target":["https:\/\/positiveprints.com\/fr\/produit\/bonne-fete-maman-collage-photo-de-lettres\/"]}]},{"@type":"ImageObject","inLanguage":"fr-FR","@id":"https:\/\/positiveprints.com\/fr\/produit\/bonne-fete-maman-collage-photo-de-lettres\/#primaryimage","url":"https:\/\/positiveprints.com\/wp-content\/uploads\/2026\/03\/Bonne-Fete-Maman-1_FR.webp","contentUrl":"https:\/\/positiveprints.com\/wp-content\/uploads\/2026\/03\/Bonne-Fete-Maman-1_FR.webp","width":1450,"height":1450,"caption":"Bonne-F\u00eate-Maman-1_FR"},{"@type":"BreadcrumbList","@id":"https:\/\/positiveprints.com\/fr\/produit\/bonne-fete-maman-collage-photo-de-lettres\/#breadcrumb","itemListElement":[{"@type":"ListItem","position":1,"name":"Home","item":"https:\/\/positiveprints.com\/fr\/"},{"@type":"ListItem","position":2,"name":"Produits","item":"https:\/\/positiveprints.com\/fr\/shop\/"},{"@type":"ListItem","position":3,"name":"Bonne F\u00eate Maman &#8211; Collage Photo de Lettres"}]},{"@type":"WebSite","@id":"https:\/\/positiveprints.com\/fr\/#website","url":"https:\/\/positiveprints.com\/fr\/","name":"Positive Prints","description":"Amazing Custom Personalized Gifts","publisher":{"@id":"https:\/\/positiveprints.com\/fr\/#organization"},"potentialAction":[{"@type":"SearchAction","target":{"@type":"EntryPoint","urlTemplate":"https:\/\/positiveprints.com\/fr\/?s={search_term_string}"},"query-input":{"@type":"PropertyValueSpecification","valueRequired":true,"valueName":"search_term_string"}}],"inLanguage":"fr-FR"},{"@type":"Organization","@id":"https:\/\/positiveprints.com\/fr\/#organization","name":"Positive Prints","alternateName":"Positive Prints","url":"https:\/\/positiveprints.com\/fr\/","logo":{"@type":"ImageObject","inLanguage":"fr-FR","@id":"https:\/\/positiveprints.com\/fr\/#\/schema\/logo\/image\/","url":"https:\/\/positiveprints.com\/wp-content\/uploads\/2026\/03\/245815646_1337939713319158_5671353136411139666_n.png","contentUrl":"https:\/\/positiveprints.com\/wp-content\/uploads\/2026\/03\/245815646_1337939713319158_5671353136411139666_n.png","width":800,"height":800,"caption":"Positive Prints"},"image":{"@id":"https:\/\/positiveprints.com\/fr\/#\/schema\/logo\/image\/"},"sameAs":["https:\/\/www.facebook.com\/positiveprintscom","https:\/\/www.instagram.com\/positiveprintscom\/","https:\/\/www.tiktok.com\/@positiveprintscom","https:\/\/www.pinterest.com\/positiveprintscom\/"]}]}},"jetpack_sharing_enabled":true,"_links":{"self":[{"href":"https:\/\/positiveprints.com\/fr\/wp-json\/wp\/v2\/product\/1377520","targetHints":{"allow":["GET"]}}],"collection":[{"href":"https:\/\/positiveprints.com\/fr\/wp-json\/wp\/v2\/product"}],"about":[{"href":"https:\/\/positiveprints.com\/fr\/wp-json\/wp\/v2\/types\/product"}],"wp:featuredmedia":[{"embeddable":true,"href":"https:\/\/positiveprints.com\/fr\/wp-json\/wp\/v2\/media\/1667407"}],"wp:attachment":[{"href":"https:\/\/positiveprints.com\/fr\/wp-json\/wp\/v2\/media?parent=1377520"}],"wp:term":[{"taxonomy":"product_brand","embeddable":true,"href":"https:\/\/positiveprints.com\/fr\/wp-json\/wp\/v2\/product_brand?post=1377520"},{"taxonomy":"product_cat","embeddable":true,"href":"https:\/\/positiveprints.com\/fr\/wp-json\/wp\/v2\/product_cat?post=1377520"},{"taxonomy":"product_tag","embeddable":true,"href":"https:\/\/positiveprints.com\/fr\/wp-json\/wp\/v2\/product_tag?post=1377520"}],"curies":[{"name":"wp","href":"https:\/\/api.w.org\/{rel}","templated":true}]}}