{"id":1355727,"date":"2025-02-19T14:25:13","date_gmt":"2025-02-19T13:25:23","guid":{"rendered":"https:\/\/positiveprints.com\/?post_type=product&#038;p=1355727"},"modified":"2026-04-03T02:33:38","modified_gmt":"2026-04-03T01:33:38","slug":"belle-mere-photo-collage","status":"publish","type":"product","link":"https:\/\/positiveprints.com\/fr\/produit\/belle-mere-photo-collage\/","title":{"rendered":"Belle-M\u00e8re Photo Collage"},"content":{"rendered":"","protected":false},"excerpt":{"rendered":"<ul class=\"check-list\">\n<li>Transformez vos plus beaux souvenirs avec belle-m\u00e8re en un collage photo unique<\/li>\n<li>Ajoutez un texte personnalis\u00e9 charg\u00e9 de sens<\/li>\n<li>Personnalisez en 3 \u00e9tapes simples<\/li>\n<li>Choisissez une mise en page pr\u00e9d\u00e9finie ou laissez libre cours \u00e0 votre cr\u00e9ativit\u00e9<\/li>\n<li>Vois le r\u00e9sultat imm\u00e9diatement \u2013 l\u2019aper\u00e7u interactif te permet de peaufiner chaque d\u00e9tail<\/li>\n<\/ul>\n","protected":false},"featured_media":1356419,"template":"","meta":[],"product_brand":[],"product_cat":[104,7495],"product_tag":[16373,12587,12586,12585,15898,15882,8404,15899],"class_list":{"0":"post-1355727","1":"product","2":"type-product","3":"status-publish","4":"has-post-thumbnail","6":"product_cat-tous-les-produits","7":"product_cat-photo-fr","8":"product_tag-belle-mere","9":"product_tag-fete-des-meres","10":"product_tag-maman-fr","11":"product_tag-maman","12":"product_tag-mamma-fr-2","13":"product_tag-mommy-fr","14":"product_tag-mother-fr","15":"product_tag-mother-it-fr","17":"first","18":"instock","19":"sale","20":"taxable","21":"shipping-taxable","22":"purchasable","23":"product-type-variable"},"yoast_head":"<!-- This site is optimized with the Yoast SEO Premium plugin v27.2 (Yoast SEO v27.2) - https:\/\/yoast.com\/product\/yoast-seo-premium-wordpress\/ -->\n<title>Belle-M\u00e8re Photo Collage - Positive Prints<\/title>\n<meta name=\"description\" content=\"Cr\u00e9ez un Belle-M\u00e8re Photo Collage pour c\u00e9l\u00e9brer de pr\u00e9cieux moments avec votre m\u00e8re. Parfait pour conserver vos souvenirs ou comme cadeau attentionn\u00e9 qui lui fera plaisir.\" \/>\n<meta name=\"robots\" content=\"index, follow, max-snippet:-1, max-image-preview:large, max-video-preview:-1\" \/>\n<link rel=\"canonical\" href=\"https:\/\/positiveprints.com\/fr\/produit\/belle-mere-photo-collage\/\" \/>\n<meta property=\"og:locale\" content=\"fr_FR\" \/>\n<meta property=\"og:type\" content=\"article\" \/>\n<meta property=\"og:title\" content=\"Belle-M\u00e8re Photo Collage\" \/>\n<meta property=\"og:description\" content=\"Transformez vos plus beaux souvenirs avec belle-m\u00e8re en un collage photo unique  Ajoutez un texte personnalis\u00e9 charg\u00e9 de sens  Personnalisez en 3 \u00e9tapes simples  Choisissez une mise en page pr\u00e9d\u00e9finie ou laissez libre cours \u00e0 votre cr\u00e9ativit\u00e9  Vois le r\u00e9sultat imm\u00e9diatement \u2013 l\u2019aper\u00e7u interactif te permet de peaufiner chaque d\u00e9tail\" \/>\n<meta property=\"og:url\" content=\"https:\/\/positiveprints.com\/fr\/produit\/belle-mere-photo-collage\/\" \/>\n<meta property=\"og:site_name\" content=\"Positive Prints\" \/>\n<meta property=\"article:publisher\" content=\"https:\/\/www.facebook.com\/positiveprintscom\" \/>\n<meta property=\"article:modified_time\" content=\"2026-04-03T01:33:38+00:00\" \/>\n<meta property=\"og:image\" content=\"https:\/\/positiveprints.com\/wp-content\/uploads\/2025\/02\/Belle-Me\u0300re-Photo-Collage.webp\" \/>\n\t<meta property=\"og:image:width\" content=\"1450\" \/>\n\t<meta property=\"og:image:height\" content=\"1450\" \/>\n\t<meta property=\"og:image:type\" content=\"image\/webp\" \/>\n<meta name=\"twitter:card\" content=\"summary_large_image\" \/>\n<meta name=\"twitter:label1\" content=\"Dur\u00e9e de lecture estim\u00e9e\" \/>\n\t<meta name=\"twitter:data1\" content=\"1 minute\" \/>\n<!-- \/ Yoast SEO Premium plugin. -->","yoast_head_json":{"title":"Belle-M\u00e8re Photo Collage - Positive Prints","description":"Cr\u00e9ez un Belle-M\u00e8re Photo Collage pour c\u00e9l\u00e9brer de pr\u00e9cieux moments avec votre m\u00e8re. Parfait pour conserver vos souvenirs ou comme cadeau attentionn\u00e9 qui lui fera plaisir.","robots":{"index":"index","follow":"follow","max-snippet":"max-snippet:-1","max-image-preview":"max-image-preview:large","max-video-preview":"max-video-preview:-1"},"canonical":"https:\/\/positiveprints.com\/fr\/produit\/belle-mere-photo-collage\/","og_locale":"fr_FR","og_type":"article","og_title":"Belle-M\u00e8re Photo Collage","og_description":"Transformez vos plus beaux souvenirs avec belle-m\u00e8re en un collage photo unique  Ajoutez un texte personnalis\u00e9 charg\u00e9 de sens  Personnalisez en 3 \u00e9tapes simples  Choisissez une mise en page pr\u00e9d\u00e9finie ou laissez libre cours \u00e0 votre cr\u00e9ativit\u00e9  Vois le r\u00e9sultat imm\u00e9diatement \u2013 l\u2019aper\u00e7u interactif te permet de peaufiner chaque d\u00e9tail","og_url":"https:\/\/positiveprints.com\/fr\/produit\/belle-mere-photo-collage\/","og_site_name":"Positive Prints","article_publisher":"https:\/\/www.facebook.com\/positiveprintscom","article_modified_time":"2026-04-03T01:33:38+00:00","og_image":[{"width":1450,"height":1450,"url":"https:\/\/positiveprints.com\/wp-content\/uploads\/2025\/02\/Belle-Me\u0300re-Photo-Collage.webp","type":"image\/webp"}],"twitter_card":"summary_large_image","twitter_misc":{"Dur\u00e9e de lecture estim\u00e9e":"1 minute"},"schema":{"@context":"https:\/\/schema.org","@graph":[{"@type":["WebPage","ItemPage"],"@id":"https:\/\/positiveprints.com\/fr\/produit\/belle-mere-photo-collage\/","url":"https:\/\/positiveprints.com\/fr\/produit\/belle-mere-photo-collage\/","name":"Belle-M\u00e8re Photo Collage - Positive Prints","isPartOf":{"@id":"https:\/\/positiveprints.com\/fr\/#website"},"primaryImageOfPage":{"@id":"https:\/\/positiveprints.com\/fr\/produit\/belle-mere-photo-collage\/#primaryimage"},"image":{"@id":"https:\/\/positiveprints.com\/fr\/produit\/belle-mere-photo-collage\/#primaryimage"},"thumbnailUrl":"https:\/\/positiveprints.com\/wp-content\/uploads\/2025\/02\/Belle-Me\u0300re-Photo-Collage.webp","datePublished":"2025-02-19T13:25:23+00:00","dateModified":"2026-04-03T01:33:38+00:00","description":"Cr\u00e9ez un Belle-M\u00e8re Photo Collage pour c\u00e9l\u00e9brer de pr\u00e9cieux moments avec votre m\u00e8re. Parfait pour conserver vos souvenirs ou comme cadeau attentionn\u00e9 qui lui fera plaisir.","breadcrumb":{"@id":"https:\/\/positiveprints.com\/fr\/produit\/belle-mere-photo-collage\/#breadcrumb"},"inLanguage":"fr-FR","potentialAction":[{"@type":"ReadAction","target":["https:\/\/positiveprints.com\/fr\/produit\/belle-mere-photo-collage\/"]}]},{"@type":"ImageObject","inLanguage":"fr-FR","@id":"https:\/\/positiveprints.com\/fr\/produit\/belle-mere-photo-collage\/#primaryimage","url":"https:\/\/positiveprints.com\/wp-content\/uploads\/2025\/02\/Belle-Me\u0300re-Photo-Collage.webp","contentUrl":"https:\/\/positiveprints.com\/wp-content\/uploads\/2025\/02\/Belle-Me\u0300re-Photo-Collage.webp","width":1450,"height":1450,"caption":"Belle-M\u00e8re Photo Collage"},{"@type":"BreadcrumbList","@id":"https:\/\/positiveprints.com\/fr\/produit\/belle-mere-photo-collage\/#breadcrumb","itemListElement":[{"@type":"ListItem","position":1,"name":"Home","item":"https:\/\/positiveprints.com\/fr\/"},{"@type":"ListItem","position":2,"name":"Produits","item":"https:\/\/positiveprints.com\/fr\/shop\/"},{"@type":"ListItem","position":3,"name":"Belle-M\u00e8re Photo Collage"}]},{"@type":"WebSite","@id":"https:\/\/positiveprints.com\/fr\/#website","url":"https:\/\/positiveprints.com\/fr\/","name":"Positive Prints","description":"Amazing Custom Personalized Gifts","publisher":{"@id":"https:\/\/positiveprints.com\/fr\/#organization"},"potentialAction":[{"@type":"SearchAction","target":{"@type":"EntryPoint","urlTemplate":"https:\/\/positiveprints.com\/fr\/?s={search_term_string}"},"query-input":{"@type":"PropertyValueSpecification","valueRequired":true,"valueName":"search_term_string"}}],"inLanguage":"fr-FR"},{"@type":"Organization","@id":"https:\/\/positiveprints.com\/fr\/#organization","name":"Positive Prints","alternateName":"Positive Prints","url":"https:\/\/positiveprints.com\/fr\/","logo":{"@type":"ImageObject","inLanguage":"fr-FR","@id":"https:\/\/positiveprints.com\/fr\/#\/schema\/logo\/image\/","url":"https:\/\/positiveprints.com\/wp-content\/uploads\/2026\/03\/245815646_1337939713319158_5671353136411139666_n.png","contentUrl":"https:\/\/positiveprints.com\/wp-content\/uploads\/2026\/03\/245815646_1337939713319158_5671353136411139666_n.png","width":800,"height":800,"caption":"Positive Prints"},"image":{"@id":"https:\/\/positiveprints.com\/fr\/#\/schema\/logo\/image\/"},"sameAs":["https:\/\/www.facebook.com\/positiveprintscom","https:\/\/www.instagram.com\/positiveprintscom\/","https:\/\/www.tiktok.com\/@positiveprintscom","https:\/\/www.pinterest.com\/positiveprintscom\/"]}]}},"jetpack_sharing_enabled":true,"_links":{"self":[{"href":"https:\/\/positiveprints.com\/fr\/wp-json\/wp\/v2\/product\/1355727","targetHints":{"allow":["GET"]}}],"collection":[{"href":"https:\/\/positiveprints.com\/fr\/wp-json\/wp\/v2\/product"}],"about":[{"href":"https:\/\/positiveprints.com\/fr\/wp-json\/wp\/v2\/types\/product"}],"wp:featuredmedia":[{"embeddable":true,"href":"https:\/\/positiveprints.com\/fr\/wp-json\/wp\/v2\/media\/1356419"}],"wp:attachment":[{"href":"https:\/\/positiveprints.com\/fr\/wp-json\/wp\/v2\/media?parent=1355727"}],"wp:term":[{"taxonomy":"product_brand","embeddable":true,"href":"https:\/\/positiveprints.com\/fr\/wp-json\/wp\/v2\/product_brand?post=1355727"},{"taxonomy":"product_cat","embeddable":true,"href":"https:\/\/positiveprints.com\/fr\/wp-json\/wp\/v2\/product_cat?post=1355727"},{"taxonomy":"product_tag","embeddable":true,"href":"https:\/\/positiveprints.com\/fr\/wp-json\/wp\/v2\/product_tag?post=1355727"}],"curies":[{"name":"wp","href":"https:\/\/api.w.org\/{rel}","templated":true}]}}