{"id":1350454,"date":"2025-02-18T11:43:05","date_gmt":"2025-02-18T10:43:05","guid":{"rendered":"https:\/\/positiveprints.com\/product\/us-letter-photo-collage\/"},"modified":"2026-04-23T10:41:36","modified_gmt":"2026-04-23T09:41:36","slug":"nous-collage-photo-de-lettre","status":"publish","type":"product","link":"https:\/\/positiveprints.com\/fr\/produit\/nous-collage-photo-de-lettre\/","title":{"rendered":"Nous &#8211; Collage Photo de Lettre"},"content":{"rendered":"","protected":false},"excerpt":{"rendered":"<ul class=\"check-list\">\n<li>T\u00e9l\u00e9chargez vos photos pr\u00e9f\u00e9r\u00e9es pour personnaliser chaque lettre<\/li>\n<li>Ajoutez un message sinc\u00e8re pour la rendre unique<\/li>\n<li>Personnalisez en 3 \u00e9tapes simples gr\u00e2ce \u00e0 notre \u00e9diteur facile \u00e0 utiliser<\/li>\n<li>Visualisez votre cr\u00e9ation instantan\u00e9ment gr\u00e2ce \u00e0 un aper\u00e7u interactif<\/li>\n<\/ul>\n","protected":false},"featured_media":1672197,"template":"","meta":[],"product_brand":[],"product_cat":[9123,104,7797,3118,11245,11246],"product_tag":[14849,14854,14866,14853,14681,14857,14859,14848,14852,14856,14868,14864,14869,14851,14865,14867,14870,14863,14850],"class_list":{"0":"post-1350454","1":"product","2":"type-product","3":"status-publish","4":"has-post-thumbnail","6":"product_cat-photo-letter-fr","7":"product_cat-tous-les-produits","8":"product_cat-cadeaux-pour-couple","9":"product_cat-cadeaux-saint-valentin","10":"product_cat-cadeaux-de-saint-valentin-pour-elle","11":"product_cat-cadeaux-de-saint-valentin-pour-lui","12":"product_tag-anniversary-fr","13":"product_tag-anniversary-gift-fr","14":"product_tag-anniversary-gifts-fr","15":"product_tag-anniversary-present-fr","16":"product_tag-cadeau-romantique","17":"product_tag-couple-gift-fr","18":"product_tag-gift-for-couple-fr","19":"product_tag-love-fr","20":"product_tag-love-gift-fr","21":"product_tag-personalized-gift-fr","22":"product_tag-romantic-gifts-fr","23":"product_tag-sentimental-gift-fr","24":"product_tag-special-occasion-fr","25":"product_tag-thoughtful-gift-fr","26":"product_tag-unique-gift-fr","27":"product_tag-valentines-day-gifts-fr","28":"product_tag-valentines-day-fr","29":"product_tag-valentines-day-gift-fr","30":"product_tag-wedding-anniversary-fr","32":"first","33":"instock","34":"sale","35":"taxable","36":"shipping-taxable","37":"purchasable","38":"product-type-variable"},"yoast_head":"<!-- This site is optimized with the Yoast SEO Premium plugin v27.2 (Yoast SEO v27.2) - https:\/\/yoast.com\/product\/yoast-seo-premium-wordpress\/ -->\n<title>Nous - Collage Photo de Lettre - Positive Prints<\/title>\n<meta name=\"description\" content=\"Vous recherchez un cadeau sinc\u00e8re ? Transformez vos photos de couple pr\u00e9f\u00e9r\u00e9es en un magnifique collage photo, un souvenir \u00e9mouvant pour la Saint-Valentin ou votre anniversaire.\" \/>\n<meta name=\"robots\" content=\"index, follow, max-snippet:-1, max-image-preview:large, max-video-preview:-1\" \/>\n<link rel=\"canonical\" href=\"https:\/\/positiveprints.com\/fr\/produit\/nous-collage-photo-de-lettre\/\" \/>\n<meta property=\"og:locale\" content=\"fr_FR\" \/>\n<meta property=\"og:type\" content=\"article\" \/>\n<meta property=\"og:title\" content=\"Nous - Collage Photo de Lettre\" \/>\n<meta property=\"og:description\" content=\"T\u00e9l\u00e9chargez vos photos pr\u00e9f\u00e9r\u00e9es pour personnaliser chaque lettre  Ajoutez un message sinc\u00e8re pour la rendre unique  Personnalisez en 3 \u00e9tapes simples gr\u00e2ce \u00e0 notre \u00e9diteur facile \u00e0 utiliser  Visualisez votre cr\u00e9ation instantan\u00e9ment gr\u00e2ce \u00e0 un aper\u00e7u interactif\" \/>\n<meta property=\"og:url\" content=\"https:\/\/positiveprints.com\/fr\/produit\/nous-collage-photo-de-lettre\/\" \/>\n<meta property=\"og:site_name\" content=\"Positive Prints\" \/>\n<meta property=\"article:publisher\" content=\"https:\/\/www.facebook.com\/positiveprintscom\" \/>\n<meta property=\"article:modified_time\" content=\"2026-04-23T09:41:36+00:00\" \/>\n<meta property=\"og:image\" content=\"https:\/\/positiveprints.com\/wp-content\/uploads\/2025\/02\/Nous-Collage-Photo-de-Lettre.webp\" \/>\n\t<meta property=\"og:image:width\" content=\"1450\" \/>\n\t<meta property=\"og:image:height\" content=\"1450\" \/>\n\t<meta property=\"og:image:type\" content=\"image\/webp\" \/>\n<meta name=\"twitter:card\" content=\"summary_large_image\" \/>\n<!-- \/ Yoast SEO Premium plugin. -->","yoast_head_json":{"title":"Nous - Collage Photo de Lettre - Positive Prints","description":"Vous recherchez un cadeau sinc\u00e8re ? Transformez vos photos de couple pr\u00e9f\u00e9r\u00e9es en un magnifique collage photo, un souvenir \u00e9mouvant pour la Saint-Valentin ou votre anniversaire.","robots":{"index":"index","follow":"follow","max-snippet":"max-snippet:-1","max-image-preview":"max-image-preview:large","max-video-preview":"max-video-preview:-1"},"canonical":"https:\/\/positiveprints.com\/fr\/produit\/nous-collage-photo-de-lettre\/","og_locale":"fr_FR","og_type":"article","og_title":"Nous - Collage Photo de Lettre","og_description":"T\u00e9l\u00e9chargez vos photos pr\u00e9f\u00e9r\u00e9es pour personnaliser chaque lettre  Ajoutez un message sinc\u00e8re pour la rendre unique  Personnalisez en 3 \u00e9tapes simples gr\u00e2ce \u00e0 notre \u00e9diteur facile \u00e0 utiliser  Visualisez votre cr\u00e9ation instantan\u00e9ment gr\u00e2ce \u00e0 un aper\u00e7u interactif","og_url":"https:\/\/positiveprints.com\/fr\/produit\/nous-collage-photo-de-lettre\/","og_site_name":"Positive Prints","article_publisher":"https:\/\/www.facebook.com\/positiveprintscom","article_modified_time":"2026-04-23T09:41:36+00:00","og_image":[{"width":1450,"height":1450,"url":"https:\/\/positiveprints.com\/wp-content\/uploads\/2025\/02\/Nous-Collage-Photo-de-Lettre.webp","type":"image\/webp"}],"twitter_card":"summary_large_image","schema":{"@context":"https:\/\/schema.org","@graph":[{"@type":["WebPage","ItemPage"],"@id":"https:\/\/positiveprints.com\/fr\/produit\/nous-collage-photo-de-lettre\/","url":"https:\/\/positiveprints.com\/fr\/produit\/nous-collage-photo-de-lettre\/","name":"Nous - Collage Photo de Lettre - Positive Prints","isPartOf":{"@id":"https:\/\/positiveprints.com\/fr\/#website"},"primaryImageOfPage":{"@id":"https:\/\/positiveprints.com\/fr\/produit\/nous-collage-photo-de-lettre\/#primaryimage"},"image":{"@id":"https:\/\/positiveprints.com\/fr\/produit\/nous-collage-photo-de-lettre\/#primaryimage"},"thumbnailUrl":"https:\/\/positiveprints.com\/wp-content\/uploads\/2026\/03\/collage-photo-Jaime-nous-_FR.webp","datePublished":"2025-02-18T10:43:05+00:00","dateModified":"2026-04-23T09:41:36+00:00","description":"Vous recherchez un cadeau sinc\u00e8re ? Transformez vos photos de couple pr\u00e9f\u00e9r\u00e9es en un magnifique collage photo, un souvenir \u00e9mouvant pour la Saint-Valentin ou votre anniversaire.","breadcrumb":{"@id":"https:\/\/positiveprints.com\/fr\/produit\/nous-collage-photo-de-lettre\/#breadcrumb"},"inLanguage":"fr-FR","potentialAction":[{"@type":"ReadAction","target":["https:\/\/positiveprints.com\/fr\/produit\/nous-collage-photo-de-lettre\/"]}]},{"@type":"ImageObject","inLanguage":"fr-FR","@id":"https:\/\/positiveprints.com\/fr\/produit\/nous-collage-photo-de-lettre\/#primaryimage","url":"https:\/\/positiveprints.com\/wp-content\/uploads\/2026\/03\/collage-photo-Jaime-nous-_FR.webp","contentUrl":"https:\/\/positiveprints.com\/wp-content\/uploads\/2026\/03\/collage-photo-Jaime-nous-_FR.webp","width":1450,"height":1450,"caption":"collage photo \u00ab J\u2019aime nous \u00bb_FR"},{"@type":"BreadcrumbList","@id":"https:\/\/positiveprints.com\/fr\/produit\/nous-collage-photo-de-lettre\/#breadcrumb","itemListElement":[{"@type":"ListItem","position":1,"name":"Home","item":"https:\/\/positiveprints.com\/fr\/"},{"@type":"ListItem","position":2,"name":"Produits","item":"https:\/\/positiveprints.com\/fr\/shop\/"},{"@type":"ListItem","position":3,"name":"Nous &#8211; Collage Photo de Lettre"}]},{"@type":"WebSite","@id":"https:\/\/positiveprints.com\/fr\/#website","url":"https:\/\/positiveprints.com\/fr\/","name":"Positive Prints","description":"Amazing Custom Personalized Gifts","publisher":{"@id":"https:\/\/positiveprints.com\/fr\/#organization"},"potentialAction":[{"@type":"SearchAction","target":{"@type":"EntryPoint","urlTemplate":"https:\/\/positiveprints.com\/fr\/?s={search_term_string}"},"query-input":{"@type":"PropertyValueSpecification","valueRequired":true,"valueName":"search_term_string"}}],"inLanguage":"fr-FR"},{"@type":"Organization","@id":"https:\/\/positiveprints.com\/fr\/#organization","name":"Positive Prints","alternateName":"Positive Prints","url":"https:\/\/positiveprints.com\/fr\/","logo":{"@type":"ImageObject","inLanguage":"fr-FR","@id":"https:\/\/positiveprints.com\/fr\/#\/schema\/logo\/image\/","url":"https:\/\/positiveprints.com\/wp-content\/uploads\/2026\/03\/245815646_1337939713319158_5671353136411139666_n.png","contentUrl":"https:\/\/positiveprints.com\/wp-content\/uploads\/2026\/03\/245815646_1337939713319158_5671353136411139666_n.png","width":800,"height":800,"caption":"Positive Prints"},"image":{"@id":"https:\/\/positiveprints.com\/fr\/#\/schema\/logo\/image\/"},"sameAs":["https:\/\/www.facebook.com\/positiveprintscom","https:\/\/www.instagram.com\/positiveprintscom\/","https:\/\/www.tiktok.com\/@positiveprintscom","https:\/\/www.pinterest.com\/positiveprintscom\/"]}]}},"jetpack_sharing_enabled":true,"_links":{"self":[{"href":"https:\/\/positiveprints.com\/fr\/wp-json\/wp\/v2\/product\/1350454","targetHints":{"allow":["GET"]}}],"collection":[{"href":"https:\/\/positiveprints.com\/fr\/wp-json\/wp\/v2\/product"}],"about":[{"href":"https:\/\/positiveprints.com\/fr\/wp-json\/wp\/v2\/types\/product"}],"wp:featuredmedia":[{"embeddable":true,"href":"https:\/\/positiveprints.com\/fr\/wp-json\/wp\/v2\/media\/1672197"}],"wp:attachment":[{"href":"https:\/\/positiveprints.com\/fr\/wp-json\/wp\/v2\/media?parent=1350454"}],"wp:term":[{"taxonomy":"product_brand","embeddable":true,"href":"https:\/\/positiveprints.com\/fr\/wp-json\/wp\/v2\/product_brand?post=1350454"},{"taxonomy":"product_cat","embeddable":true,"href":"https:\/\/positiveprints.com\/fr\/wp-json\/wp\/v2\/product_cat?post=1350454"},{"taxonomy":"product_tag","embeddable":true,"href":"https:\/\/positiveprints.com\/fr\/wp-json\/wp\/v2\/product_tag?post=1350454"}],"curies":[{"name":"wp","href":"https:\/\/api.w.org\/{rel}","templated":true}]}}