{"id":1334551,"date":"2025-01-28T21:58:37","date_gmt":"2025-01-28T20:58:39","guid":{"rendered":"https:\/\/positiveprints.com\/?post_type=product&#038;p=1334551"},"modified":"2026-04-03T02:34:00","modified_gmt":"2026-04-03T01:34:00","slug":"as-monaco-carte-du-stade-louis-ii","status":"publish","type":"product","link":"https:\/\/positiveprints.com\/fr\/produit\/as-monaco-carte-du-stade-louis-ii\/","title":{"rendered":"AS Monaco &#8211; Carte du Stade Louis II"},"content":{"rendered":"","protected":false},"excerpt":{"rendered":"<ul class=\"check-list\">\n<li>Cr\u00e9e un cadeau unique pour les fans de sport et fais revivre leurs moments les plus importants<\/li>\n<li>Marque un endroit sp\u00e9cial avec un symbole choisi<\/li>\n<li>Personnalise en 3 \u00e9tapes simples<\/li>\n<li>Ajoute un texte personnalis\u00e9 qui a du sens<\/li>\n<li>Vois un aper\u00e7u de ton design \u00e0 chaque \u00e9tape<\/li>\n<\/ul>\n","protected":false},"featured_media":1334711,"template":"","meta":[],"product_brand":[],"product_cat":[12693,104,7877],"product_tag":[12696,12694],"class_list":{"0":"post-1334551","1":"product","2":"type-product","3":"status-publish","4":"has-post-thumbnail","6":"product_cat-stadium-map-fr","7":"product_cat-tous-les-produits","8":"product_cat-cadeaux-pour-fan-de-sport","9":"product_tag-stadium-map-fr","10":"product_tag-ligue-1-fr","12":"first","13":"instock","14":"sale","15":"taxable","16":"shipping-taxable","17":"purchasable","18":"product-type-variable"},"yoast_head":"<!-- This site is optimized with the Yoast SEO Premium plugin v27.2 (Yoast SEO v27.2) - https:\/\/yoast.com\/product\/yoast-seo-premium-wordpress\/ -->\n<title>AS Monaco - Carte du Stade Louis II - Positive Prints<\/title>\n<meta name=\"description\" content=\"Si tu cherches un cadeau unique pour un fan du AS Monaco, surprends ton proche avec une carte cr\u00e9\u00e9e juste pour lui.\" \/>\n<meta name=\"robots\" content=\"index, follow, max-snippet:-1, max-image-preview:large, max-video-preview:-1\" \/>\n<link rel=\"canonical\" href=\"https:\/\/positiveprints.com\/fr\/produit\/as-monaco-carte-du-stade-louis-ii\/\" \/>\n<meta property=\"og:locale\" content=\"fr_FR\" \/>\n<meta property=\"og:type\" content=\"article\" \/>\n<meta property=\"og:title\" content=\"AS Monaco - Carte du Stade Louis II\" \/>\n<meta property=\"og:description\" content=\"Cr\u00e9e un cadeau unique pour les fans de sport et fais revivre leurs moments les plus importants       Marque un endroit sp\u00e9cial avec un symbole choisi       Personnalise en 3 \u00e9tapes simples       Ajoute un texte personnalis\u00e9 qui a du sens       Vois un aper\u00e7u de ton design \u00e0 chaque \u00e9tape\" \/>\n<meta property=\"og:url\" content=\"https:\/\/positiveprints.com\/fr\/produit\/as-monaco-carte-du-stade-louis-ii\/\" \/>\n<meta property=\"og:site_name\" content=\"Positive Prints\" \/>\n<meta property=\"article:publisher\" content=\"https:\/\/www.facebook.com\/positiveprintscom\" \/>\n<meta property=\"article:modified_time\" content=\"2026-04-03T01:34:00+00:00\" \/>\n<meta property=\"og:image\" content=\"https:\/\/positiveprints.com\/wp-content\/uploads\/2025\/01\/AS-Monaco-Carte-du-Stade-Louis-II.webp\" \/>\n\t<meta property=\"og:image:width\" content=\"1450\" \/>\n\t<meta property=\"og:image:height\" content=\"1450\" \/>\n\t<meta property=\"og:image:type\" content=\"image\/webp\" \/>\n<meta name=\"twitter:card\" content=\"summary_large_image\" \/>\n<meta name=\"twitter:label1\" content=\"Dur\u00e9e de lecture estim\u00e9e\" \/>\n\t<meta name=\"twitter:data1\" content=\"1 minute\" \/>\n<!-- \/ Yoast SEO Premium plugin. -->","yoast_head_json":{"title":"AS Monaco - Carte du Stade Louis II - Positive Prints","description":"Si tu cherches un cadeau unique pour un fan du AS Monaco, surprends ton proche avec une carte cr\u00e9\u00e9e juste pour lui.","robots":{"index":"index","follow":"follow","max-snippet":"max-snippet:-1","max-image-preview":"max-image-preview:large","max-video-preview":"max-video-preview:-1"},"canonical":"https:\/\/positiveprints.com\/fr\/produit\/as-monaco-carte-du-stade-louis-ii\/","og_locale":"fr_FR","og_type":"article","og_title":"AS Monaco - Carte du Stade Louis II","og_description":"Cr\u00e9e un cadeau unique pour les fans de sport et fais revivre leurs moments les plus importants       Marque un endroit sp\u00e9cial avec un symbole choisi       Personnalise en 3 \u00e9tapes simples       Ajoute un texte personnalis\u00e9 qui a du sens       Vois un aper\u00e7u de ton design \u00e0 chaque \u00e9tape","og_url":"https:\/\/positiveprints.com\/fr\/produit\/as-monaco-carte-du-stade-louis-ii\/","og_site_name":"Positive Prints","article_publisher":"https:\/\/www.facebook.com\/positiveprintscom","article_modified_time":"2026-04-03T01:34:00+00:00","og_image":[{"width":1450,"height":1450,"url":"https:\/\/positiveprints.com\/wp-content\/uploads\/2025\/01\/AS-Monaco-Carte-du-Stade-Louis-II.webp","type":"image\/webp"}],"twitter_card":"summary_large_image","twitter_misc":{"Dur\u00e9e de lecture estim\u00e9e":"1 minute"},"schema":{"@context":"https:\/\/schema.org","@graph":[{"@type":["WebPage","ItemPage"],"@id":"https:\/\/positiveprints.com\/fr\/produit\/as-monaco-carte-du-stade-louis-ii\/","url":"https:\/\/positiveprints.com\/fr\/produit\/as-monaco-carte-du-stade-louis-ii\/","name":"AS Monaco - Carte du Stade Louis II - Positive Prints","isPartOf":{"@id":"https:\/\/positiveprints.com\/fr\/#website"},"primaryImageOfPage":{"@id":"https:\/\/positiveprints.com\/fr\/produit\/as-monaco-carte-du-stade-louis-ii\/#primaryimage"},"image":{"@id":"https:\/\/positiveprints.com\/fr\/produit\/as-monaco-carte-du-stade-louis-ii\/#primaryimage"},"thumbnailUrl":"https:\/\/positiveprints.com\/wp-content\/uploads\/2025\/01\/AS-Monaco-Carte-du-Stade-Louis-II.webp","datePublished":"2025-01-28T20:58:39+00:00","dateModified":"2026-04-03T01:34:00+00:00","description":"Si tu cherches un cadeau unique pour un fan du AS Monaco, surprends ton proche avec une carte cr\u00e9\u00e9e juste pour lui.","breadcrumb":{"@id":"https:\/\/positiveprints.com\/fr\/produit\/as-monaco-carte-du-stade-louis-ii\/#breadcrumb"},"inLanguage":"fr-FR","potentialAction":[{"@type":"ReadAction","target":["https:\/\/positiveprints.com\/fr\/produit\/as-monaco-carte-du-stade-louis-ii\/"]}]},{"@type":"ImageObject","inLanguage":"fr-FR","@id":"https:\/\/positiveprints.com\/fr\/produit\/as-monaco-carte-du-stade-louis-ii\/#primaryimage","url":"https:\/\/positiveprints.com\/wp-content\/uploads\/2025\/01\/AS-Monaco-Carte-du-Stade-Louis-II.webp","contentUrl":"https:\/\/positiveprints.com\/wp-content\/uploads\/2025\/01\/AS-Monaco-Carte-du-Stade-Louis-II.webp","width":1450,"height":1450,"caption":"AS Monaco - Carte du Stade Louis II"},{"@type":"BreadcrumbList","@id":"https:\/\/positiveprints.com\/fr\/produit\/as-monaco-carte-du-stade-louis-ii\/#breadcrumb","itemListElement":[{"@type":"ListItem","position":1,"name":"Home","item":"https:\/\/positiveprints.com\/fr\/"},{"@type":"ListItem","position":2,"name":"Produits","item":"https:\/\/positiveprints.com\/fr\/shop\/"},{"@type":"ListItem","position":3,"name":"AS Monaco &#8211; Carte du Stade Louis II"}]},{"@type":"WebSite","@id":"https:\/\/positiveprints.com\/fr\/#website","url":"https:\/\/positiveprints.com\/fr\/","name":"Positive Prints","description":"Amazing Custom Personalized Gifts","publisher":{"@id":"https:\/\/positiveprints.com\/fr\/#organization"},"potentialAction":[{"@type":"SearchAction","target":{"@type":"EntryPoint","urlTemplate":"https:\/\/positiveprints.com\/fr\/?s={search_term_string}"},"query-input":{"@type":"PropertyValueSpecification","valueRequired":true,"valueName":"search_term_string"}}],"inLanguage":"fr-FR"},{"@type":"Organization","@id":"https:\/\/positiveprints.com\/fr\/#organization","name":"Positive Prints","alternateName":"Positive Prints","url":"https:\/\/positiveprints.com\/fr\/","logo":{"@type":"ImageObject","inLanguage":"fr-FR","@id":"https:\/\/positiveprints.com\/fr\/#\/schema\/logo\/image\/","url":"https:\/\/positiveprints.com\/wp-content\/uploads\/2026\/03\/245815646_1337939713319158_5671353136411139666_n.png","contentUrl":"https:\/\/positiveprints.com\/wp-content\/uploads\/2026\/03\/245815646_1337939713319158_5671353136411139666_n.png","width":800,"height":800,"caption":"Positive Prints"},"image":{"@id":"https:\/\/positiveprints.com\/fr\/#\/schema\/logo\/image\/"},"sameAs":["https:\/\/www.facebook.com\/positiveprintscom","https:\/\/www.instagram.com\/positiveprintscom\/","https:\/\/www.tiktok.com\/@positiveprintscom","https:\/\/www.pinterest.com\/positiveprintscom\/"]}]}},"jetpack_sharing_enabled":true,"_links":{"self":[{"href":"https:\/\/positiveprints.com\/fr\/wp-json\/wp\/v2\/product\/1334551","targetHints":{"allow":["GET"]}}],"collection":[{"href":"https:\/\/positiveprints.com\/fr\/wp-json\/wp\/v2\/product"}],"about":[{"href":"https:\/\/positiveprints.com\/fr\/wp-json\/wp\/v2\/types\/product"}],"wp:featuredmedia":[{"embeddable":true,"href":"https:\/\/positiveprints.com\/fr\/wp-json\/wp\/v2\/media\/1334711"}],"wp:attachment":[{"href":"https:\/\/positiveprints.com\/fr\/wp-json\/wp\/v2\/media?parent=1334551"}],"wp:term":[{"taxonomy":"product_brand","embeddable":true,"href":"https:\/\/positiveprints.com\/fr\/wp-json\/wp\/v2\/product_brand?post=1334551"},{"taxonomy":"product_cat","embeddable":true,"href":"https:\/\/positiveprints.com\/fr\/wp-json\/wp\/v2\/product_cat?post=1334551"},{"taxonomy":"product_tag","embeddable":true,"href":"https:\/\/positiveprints.com\/fr\/wp-json\/wp\/v2\/product_tag?post=1334551"}],"curies":[{"name":"wp","href":"https:\/\/api.w.org\/{rel}","templated":true}]}}