{"id":1313177,"date":"2024-12-26T23:24:26","date_gmt":"2024-12-26T22:24:26","guid":{"rendered":"https:\/\/positiveprints.com\/product\/you-me-photo-collage\/"},"modified":"2026-04-03T02:35:10","modified_gmt":"2026-04-03T01:35:10","slug":"collage-photo-toi-et-moi","status":"publish","type":"product","link":"https:\/\/positiveprints.com\/fr\/produit\/collage-photo-toi-et-moi\/","title":{"rendered":"Collage Photo Toi et Moi"},"content":{"rendered":"","protected":false},"excerpt":{"rendered":"<ul class=\"check-list\">\n<li>Transformez vos photos de couple pr\u00e9f\u00e9r\u00e9es en un souvenir unique qui c\u00e9l\u00e8bre votre amour et les moments partag\u00e9s ensemble<\/li>\n<li>Ajoutez un texte personnalis\u00e9 charg\u00e9 de sens<\/li>\n<li>Personnalisez en 3 \u00e9tapes simples<\/li>\n<li>Choisissez une mise en page pr\u00e9d\u00e9finie ou laissez libre cours \u00e0 votre cr\u00e9ativit\u00e9<\/li>\n<li>Vois le r\u00e9sultat imm\u00e9diatement \u2013 l\u2019aper\u00e7u interactif te permet de peaufiner chaque d\u00e9tail<\/li>\n<\/ul>\n","protected":false},"featured_media":1313480,"template":"","meta":[],"product_brand":[],"product_cat":[104,7495,11177,11175,11176,5264,11395,11396,11392,11388,11402,11397,8006,7670,7638,7685,7781,7749,3118,11245,11246],"product_tag":[14854,14866,14853,14681,11790,11793,11792,11767,11795,11753,14857,14859,14848,14852,14856,17443,17442,17441,17440,14868,14864,14869,14851,14865,14867,14870,14863,14850],"class_list":{"0":"post-1313177","1":"product","2":"type-product","3":"status-publish","4":"has-post-thumbnail","6":"product_cat-tous-les-produits","7":"product_cat-photo-fr","8":"product_cat-cadeaux-danniversaire-pour-couples","9":"product_cat-cadeaux-danniversaire-pour-femme","10":"product_cat-cadeaux-danniversaire-pour-homme","11":"product_cat-cadeaux-de-noel","12":"product_cat-cadeaux-de-noel-pour-femme","13":"product_cat-cadeaux-de-noel-pour-homme","14":"product_cat-cadeaux-de-noel-pour-sa-copine","15":"product_cat-cadeaux-de-noel-pour-son-petit-copain","16":"product_cat-cadeaux-de-noel-pour-sa-femme","17":"product_cat-cadeaux-de-noel-pour-le-mari","18":"product_cat-cadeaux-pour-hommes","19":"product_cat-cadeaux-pour-petit-ami","20":"product_cat-cadeaux-pour-mari","21":"product_cat-cadeaux-pour-femmes","22":"product_cat-cadeaux-pour-petite-amie","23":"product_cat-cadeaux-pour-epouse","24":"product_cat-cadeaux-saint-valentin","25":"product_cat-cadeaux-de-saint-valentin-pour-elle","26":"product_cat-cadeaux-de-saint-valentin-pour-lui","27":"product_tag-anniversary-gift-fr","28":"product_tag-anniversary-gifts-fr","29":"product_tag-anniversary-present-fr","30":"product_tag-cadeau-romantique","31":"product_tag-cadeaux-de-noel-pour-elle","32":"product_tag-cadeaux-de-noel-pour-le-mari","33":"product_tag-cadeaux-de-noel-pour-lui","34":"product_tag-cadeaux-de-noel-pour-sa-copine","35":"product_tag-cadeaux-de-noel-pour-sa-femme","36":"product_tag-cadeaux-de-noel-pour-son-petit-copain","37":"product_tag-couple-gift-fr","38":"product_tag-gift-for-couple-fr","39":"product_tag-love-fr","40":"product_tag-love-gift-fr","41":"product_tag-personalized-gift-fr","42":"product_tag-prezenty-pod-choinke-dla-chlopaka-fr","43":"product_tag-prezenty-pod-choinke-dla-dziewczyny-fr","44":"product_tag-prezenty-pod-choinke-dla-niego-fr","45":"product_tag-prezenty-pod-choinke-dla-niej-fr","46":"product_tag-romantic-gifts-fr","47":"product_tag-sentimental-gift-fr","48":"product_tag-special-occasion-fr","49":"product_tag-thoughtful-gift-fr","50":"product_tag-unique-gift-fr","51":"product_tag-valentines-day-gifts-fr","52":"product_tag-valentines-day-fr","53":"product_tag-valentines-day-gift-fr","54":"product_tag-wedding-anniversary-fr","56":"first","57":"instock","58":"sale","59":"taxable","60":"shipping-taxable","61":"purchasable","62":"product-type-variable"},"yoast_head":"<!-- This site is optimized with the Yoast SEO Premium plugin v27.2 (Yoast SEO v27.2) - https:\/\/yoast.com\/product\/yoast-seo-premium-wordpress\/ -->\n<title>Collage Photo Toi et Moi - Positive Prints<\/title>\n<meta name=\"description\" content=\"Immortalisez vos moments pr\u00e9f\u00e9r\u00e9s avec le Collage Photo Toi &amp; Moi. Cette pi\u00e8ce magnifiquement personnalis\u00e9e est parfaite pour c\u00e9l\u00e9brer votre lien sp\u00e9cial.\" \/>\n<meta name=\"robots\" content=\"index, follow, max-snippet:-1, max-image-preview:large, max-video-preview:-1\" \/>\n<link rel=\"canonical\" href=\"https:\/\/positiveprints.com\/fr\/produit\/collage-photo-toi-et-moi\/\" \/>\n<meta property=\"og:locale\" content=\"fr_FR\" \/>\n<meta property=\"og:type\" content=\"article\" \/>\n<meta property=\"og:title\" content=\"Collage Photo Toi et Moi\" \/>\n<meta property=\"og:description\" content=\"Transformez vos photos de couple pr\u00e9f\u00e9r\u00e9es en un souvenir unique qui c\u00e9l\u00e8bre votre amour et les moments partag\u00e9s ensemble Ajoutez un texte personnalis\u00e9 charg\u00e9 de sens Personnalisez en 3 \u00e9tapes simples Choisissez une mise en page pr\u00e9d\u00e9finie ou laissez libre cours \u00e0 votre cr\u00e9ativit\u00e9 Vois le r\u00e9sultat imm\u00e9diatement \u2013 l\u2019aper\u00e7u interactif te permet de peaufiner chaque d\u00e9tail\" \/>\n<meta property=\"og:url\" content=\"https:\/\/positiveprints.com\/fr\/produit\/collage-photo-toi-et-moi\/\" \/>\n<meta property=\"og:site_name\" content=\"Positive Prints\" \/>\n<meta property=\"article:publisher\" content=\"https:\/\/www.facebook.com\/positiveprintscom\" \/>\n<meta property=\"article:modified_time\" content=\"2026-04-03T01:35:10+00:00\" \/>\n<meta property=\"og:image\" content=\"https:\/\/positiveprints.com\/wp-content\/uploads\/2024\/12\/Collage-Photo-Toi-et-Moi.webp\" \/>\n\t<meta property=\"og:image:width\" content=\"1450\" \/>\n\t<meta property=\"og:image:height\" content=\"1450\" \/>\n\t<meta property=\"og:image:type\" content=\"image\/webp\" \/>\n<meta name=\"twitter:card\" content=\"summary_large_image\" \/>\n<meta name=\"twitter:label1\" content=\"Dur\u00e9e de lecture estim\u00e9e\" \/>\n\t<meta name=\"twitter:data1\" content=\"1 minute\" \/>\n<!-- \/ Yoast SEO Premium plugin. -->","yoast_head_json":{"title":"Collage Photo Toi et Moi - Positive Prints","description":"Immortalisez vos moments pr\u00e9f\u00e9r\u00e9s avec le Collage Photo Toi & Moi. Cette pi\u00e8ce magnifiquement personnalis\u00e9e est parfaite pour c\u00e9l\u00e9brer votre lien sp\u00e9cial.","robots":{"index":"index","follow":"follow","max-snippet":"max-snippet:-1","max-image-preview":"max-image-preview:large","max-video-preview":"max-video-preview:-1"},"canonical":"https:\/\/positiveprints.com\/fr\/produit\/collage-photo-toi-et-moi\/","og_locale":"fr_FR","og_type":"article","og_title":"Collage Photo Toi et Moi","og_description":"Transformez vos photos de couple pr\u00e9f\u00e9r\u00e9es en un souvenir unique qui c\u00e9l\u00e8bre votre amour et les moments partag\u00e9s ensemble Ajoutez un texte personnalis\u00e9 charg\u00e9 de sens Personnalisez en 3 \u00e9tapes simples Choisissez une mise en page pr\u00e9d\u00e9finie ou laissez libre cours \u00e0 votre cr\u00e9ativit\u00e9 Vois le r\u00e9sultat imm\u00e9diatement \u2013 l\u2019aper\u00e7u interactif te permet de peaufiner chaque d\u00e9tail","og_url":"https:\/\/positiveprints.com\/fr\/produit\/collage-photo-toi-et-moi\/","og_site_name":"Positive Prints","article_publisher":"https:\/\/www.facebook.com\/positiveprintscom","article_modified_time":"2026-04-03T01:35:10+00:00","og_image":[{"width":1450,"height":1450,"url":"https:\/\/positiveprints.com\/wp-content\/uploads\/2024\/12\/Collage-Photo-Toi-et-Moi.webp","type":"image\/webp"}],"twitter_card":"summary_large_image","twitter_misc":{"Dur\u00e9e de lecture estim\u00e9e":"1 minute"},"schema":{"@context":"https:\/\/schema.org","@graph":[{"@type":["WebPage","ItemPage"],"@id":"https:\/\/positiveprints.com\/fr\/produit\/collage-photo-toi-et-moi\/","url":"https:\/\/positiveprints.com\/fr\/produit\/collage-photo-toi-et-moi\/","name":"Collage Photo Toi et Moi - Positive Prints","isPartOf":{"@id":"https:\/\/positiveprints.com\/fr\/#website"},"primaryImageOfPage":{"@id":"https:\/\/positiveprints.com\/fr\/produit\/collage-photo-toi-et-moi\/#primaryimage"},"image":{"@id":"https:\/\/positiveprints.com\/fr\/produit\/collage-photo-toi-et-moi\/#primaryimage"},"thumbnailUrl":"https:\/\/positiveprints.com\/wp-content\/uploads\/2024\/12\/Collage-Photo-Toi-et-Moi.webp","datePublished":"2024-12-26T22:24:26+00:00","dateModified":"2026-04-03T01:35:10+00:00","description":"Immortalisez vos moments pr\u00e9f\u00e9r\u00e9s avec le Collage Photo Toi & Moi. Cette pi\u00e8ce magnifiquement personnalis\u00e9e est parfaite pour c\u00e9l\u00e9brer votre lien sp\u00e9cial.","breadcrumb":{"@id":"https:\/\/positiveprints.com\/fr\/produit\/collage-photo-toi-et-moi\/#breadcrumb"},"inLanguage":"fr-FR","potentialAction":[{"@type":"ReadAction","target":["https:\/\/positiveprints.com\/fr\/produit\/collage-photo-toi-et-moi\/"]}]},{"@type":"ImageObject","inLanguage":"fr-FR","@id":"https:\/\/positiveprints.com\/fr\/produit\/collage-photo-toi-et-moi\/#primaryimage","url":"https:\/\/positiveprints.com\/wp-content\/uploads\/2024\/12\/Collage-Photo-Toi-et-Moi.webp","contentUrl":"https:\/\/positiveprints.com\/wp-content\/uploads\/2024\/12\/Collage-Photo-Toi-et-Moi.webp","width":1450,"height":1450,"caption":"Collage Photo Toi et Moi"},{"@type":"BreadcrumbList","@id":"https:\/\/positiveprints.com\/fr\/produit\/collage-photo-toi-et-moi\/#breadcrumb","itemListElement":[{"@type":"ListItem","position":1,"name":"Home","item":"https:\/\/positiveprints.com\/fr\/"},{"@type":"ListItem","position":2,"name":"Produits","item":"https:\/\/positiveprints.com\/fr\/shop\/"},{"@type":"ListItem","position":3,"name":"Collage Photo Toi et Moi"}]},{"@type":"WebSite","@id":"https:\/\/positiveprints.com\/fr\/#website","url":"https:\/\/positiveprints.com\/fr\/","name":"Positive Prints","description":"Amazing Custom Personalized Gifts","publisher":{"@id":"https:\/\/positiveprints.com\/fr\/#organization"},"potentialAction":[{"@type":"SearchAction","target":{"@type":"EntryPoint","urlTemplate":"https:\/\/positiveprints.com\/fr\/?s={search_term_string}"},"query-input":{"@type":"PropertyValueSpecification","valueRequired":true,"valueName":"search_term_string"}}],"inLanguage":"fr-FR"},{"@type":"Organization","@id":"https:\/\/positiveprints.com\/fr\/#organization","name":"Positive Prints","alternateName":"Positive Prints","url":"https:\/\/positiveprints.com\/fr\/","logo":{"@type":"ImageObject","inLanguage":"fr-FR","@id":"https:\/\/positiveprints.com\/fr\/#\/schema\/logo\/image\/","url":"https:\/\/positiveprints.com\/wp-content\/uploads\/2026\/03\/245815646_1337939713319158_5671353136411139666_n.png","contentUrl":"https:\/\/positiveprints.com\/wp-content\/uploads\/2026\/03\/245815646_1337939713319158_5671353136411139666_n.png","width":800,"height":800,"caption":"Positive Prints"},"image":{"@id":"https:\/\/positiveprints.com\/fr\/#\/schema\/logo\/image\/"},"sameAs":["https:\/\/www.facebook.com\/positiveprintscom","https:\/\/www.instagram.com\/positiveprintscom\/","https:\/\/www.tiktok.com\/@positiveprintscom","https:\/\/www.pinterest.com\/positiveprintscom\/"]}]}},"jetpack_sharing_enabled":true,"_links":{"self":[{"href":"https:\/\/positiveprints.com\/fr\/wp-json\/wp\/v2\/product\/1313177","targetHints":{"allow":["GET"]}}],"collection":[{"href":"https:\/\/positiveprints.com\/fr\/wp-json\/wp\/v2\/product"}],"about":[{"href":"https:\/\/positiveprints.com\/fr\/wp-json\/wp\/v2\/types\/product"}],"wp:featuredmedia":[{"embeddable":true,"href":"https:\/\/positiveprints.com\/fr\/wp-json\/wp\/v2\/media\/1313480"}],"wp:attachment":[{"href":"https:\/\/positiveprints.com\/fr\/wp-json\/wp\/v2\/media?parent=1313177"}],"wp:term":[{"taxonomy":"product_brand","embeddable":true,"href":"https:\/\/positiveprints.com\/fr\/wp-json\/wp\/v2\/product_brand?post=1313177"},{"taxonomy":"product_cat","embeddable":true,"href":"https:\/\/positiveprints.com\/fr\/wp-json\/wp\/v2\/product_cat?post=1313177"},{"taxonomy":"product_tag","embeddable":true,"href":"https:\/\/positiveprints.com\/fr\/wp-json\/wp\/v2\/product_tag?post=1313177"}],"curies":[{"name":"wp","href":"https:\/\/api.w.org\/{rel}","templated":true}]}}