{"id":1312199,"date":"2025-01-11T21:37:31","date_gmt":"2025-01-11T20:37:31","guid":{"rendered":"https:\/\/positiveprints.com\/product\/mr-and-mrs-photo-collage\/"},"modified":"2026-04-03T02:35:02","modified_gmt":"2026-04-03T01:35:02","slug":"mr-and-mrs-photo-collage","status":"publish","type":"product","link":"https:\/\/positiveprints.com\/fr\/produit\/mr-and-mrs-photo-collage\/","title":{"rendered":"Mr &#038; Mrs Photo Collage"},"content":{"rendered":"","protected":false},"excerpt":{"rendered":"<ul class=\"check-list\">\n<li>Transformez vos photos de couple pr\u00e9f\u00e9r\u00e9es en un souvenir unique qui c\u00e9l\u00e8bre votre amour et les moments partag\u00e9s ensemble<\/li>\n<li>Ajoutez un texte personnalis\u00e9 charg\u00e9 de sens<\/li>\n<li>Personnalisez en 3 \u00e9tapes simples<\/li>\n<li>Choisissez une mise en page pr\u00e9d\u00e9finie ou laissez libre cours \u00e0 votre cr\u00e9ativit\u00e9<\/li>\n<li>Vois le r\u00e9sultat imm\u00e9diatement \u2013 l\u2019aper\u00e7u interactif te permet de peaufiner chaque d\u00e9tail<\/li>\n<\/ul>\n","protected":false},"featured_media":1312294,"template":"","meta":[],"product_brand":[],"product_cat":[104,7495,3122],"product_tag":[16279,8477],"class_list":{"0":"post-1312199","1":"product","2":"type-product","3":"status-publish","4":"has-post-thumbnail","6":"product_cat-tous-les-produits","7":"product_cat-photo-fr","8":"product_cat-cadeaux-de-mariage","9":"product_tag-wedding-fr-2","10":"product_tag-wedding-fr","12":"first","13":"instock","14":"sale","15":"taxable","16":"shipping-taxable","17":"purchasable","18":"product-type-variable"},"yoast_head":"<!-- This site is optimized with the Yoast SEO Premium plugin v27.2 (Yoast SEO v27.2) - https:\/\/yoast.com\/product\/yoast-seo-premium-wordpress\/ -->\n<title>Mr &amp; Mrs Photo Collage - Positive Prints<\/title>\n<meta name=\"description\" content=\"C\u00e9l\u00e9brez l\u2019amour avec le collage photo Mr &amp; Mrs ! Un cadeau de mariage magnifique mettant en valeur votre photo avec un \u00e9l\u00e9gant texte Mr &amp; Mrs\" \/>\n<meta name=\"robots\" content=\"index, follow, max-snippet:-1, max-image-preview:large, max-video-preview:-1\" \/>\n<link rel=\"canonical\" href=\"https:\/\/positiveprints.com\/fr\/produit\/mr-and-mrs-photo-collage\/\" \/>\n<meta property=\"og:locale\" content=\"fr_FR\" \/>\n<meta property=\"og:type\" content=\"article\" \/>\n<meta property=\"og:title\" content=\"Mr &amp; Mrs Photo Collage\" \/>\n<meta property=\"og:description\" content=\"Transformez vos photos de couple pr\u00e9f\u00e9r\u00e9es en un souvenir unique qui c\u00e9l\u00e8bre votre amour et les moments partag\u00e9s ensemble Ajoutez un texte personnalis\u00e9 charg\u00e9 de sens Personnalisez en 3 \u00e9tapes simples Choisissez une mise en page pr\u00e9d\u00e9finie ou laissez libre cours \u00e0 votre cr\u00e9ativit\u00e9 Vois le r\u00e9sultat imm\u00e9diatement \u2013 l\u2019aper\u00e7u interactif te permet de peaufiner chaque d\u00e9tail\" \/>\n<meta property=\"og:url\" content=\"https:\/\/positiveprints.com\/fr\/produit\/mr-and-mrs-photo-collage\/\" \/>\n<meta property=\"og:site_name\" content=\"Positive Prints\" \/>\n<meta property=\"article:publisher\" content=\"https:\/\/www.facebook.com\/positiveprintscom\" \/>\n<meta property=\"article:modified_time\" content=\"2026-04-03T01:35:02+00:00\" \/>\n<meta property=\"og:image\" content=\"https:\/\/positiveprints.com\/wp-content\/uploads\/2025\/01\/Mr-Mrs-Photo-Collage-fr.webp\" \/>\n\t<meta property=\"og:image:width\" content=\"1450\" \/>\n\t<meta property=\"og:image:height\" content=\"1450\" \/>\n\t<meta property=\"og:image:type\" content=\"image\/webp\" \/>\n<meta name=\"twitter:card\" content=\"summary_large_image\" \/>\n<meta name=\"twitter:label1\" content=\"Dur\u00e9e de lecture estim\u00e9e\" \/>\n\t<meta name=\"twitter:data1\" content=\"1 minute\" \/>\n<!-- \/ Yoast SEO Premium plugin. -->","yoast_head_json":{"title":"Mr & Mrs Photo Collage - Positive Prints","description":"C\u00e9l\u00e9brez l\u2019amour avec le collage photo Mr & Mrs ! Un cadeau de mariage magnifique mettant en valeur votre photo avec un \u00e9l\u00e9gant texte Mr & Mrs","robots":{"index":"index","follow":"follow","max-snippet":"max-snippet:-1","max-image-preview":"max-image-preview:large","max-video-preview":"max-video-preview:-1"},"canonical":"https:\/\/positiveprints.com\/fr\/produit\/mr-and-mrs-photo-collage\/","og_locale":"fr_FR","og_type":"article","og_title":"Mr & Mrs Photo Collage","og_description":"Transformez vos photos de couple pr\u00e9f\u00e9r\u00e9es en un souvenir unique qui c\u00e9l\u00e8bre votre amour et les moments partag\u00e9s ensemble Ajoutez un texte personnalis\u00e9 charg\u00e9 de sens Personnalisez en 3 \u00e9tapes simples Choisissez une mise en page pr\u00e9d\u00e9finie ou laissez libre cours \u00e0 votre cr\u00e9ativit\u00e9 Vois le r\u00e9sultat imm\u00e9diatement \u2013 l\u2019aper\u00e7u interactif te permet de peaufiner chaque d\u00e9tail","og_url":"https:\/\/positiveprints.com\/fr\/produit\/mr-and-mrs-photo-collage\/","og_site_name":"Positive Prints","article_publisher":"https:\/\/www.facebook.com\/positiveprintscom","article_modified_time":"2026-04-03T01:35:02+00:00","og_image":[{"width":1450,"height":1450,"url":"https:\/\/positiveprints.com\/wp-content\/uploads\/2025\/01\/Mr-Mrs-Photo-Collage-fr.webp","type":"image\/webp"}],"twitter_card":"summary_large_image","twitter_misc":{"Dur\u00e9e de lecture estim\u00e9e":"1 minute"},"schema":{"@context":"https:\/\/schema.org","@graph":[{"@type":["WebPage","ItemPage"],"@id":"https:\/\/positiveprints.com\/fr\/produit\/mr-and-mrs-photo-collage\/","url":"https:\/\/positiveprints.com\/fr\/produit\/mr-and-mrs-photo-collage\/","name":"Mr & Mrs Photo Collage - Positive Prints","isPartOf":{"@id":"https:\/\/positiveprints.com\/fr\/#website"},"primaryImageOfPage":{"@id":"https:\/\/positiveprints.com\/fr\/produit\/mr-and-mrs-photo-collage\/#primaryimage"},"image":{"@id":"https:\/\/positiveprints.com\/fr\/produit\/mr-and-mrs-photo-collage\/#primaryimage"},"thumbnailUrl":"https:\/\/positiveprints.com\/wp-content\/uploads\/2025\/01\/Mr-Mrs-Photo-Collage-fr.webp","datePublished":"2025-01-11T20:37:31+00:00","dateModified":"2026-04-03T01:35:02+00:00","description":"C\u00e9l\u00e9brez l\u2019amour avec le collage photo Mr & Mrs ! Un cadeau de mariage magnifique mettant en valeur votre photo avec un \u00e9l\u00e9gant texte Mr & Mrs","breadcrumb":{"@id":"https:\/\/positiveprints.com\/fr\/produit\/mr-and-mrs-photo-collage\/#breadcrumb"},"inLanguage":"fr-FR","potentialAction":[{"@type":"ReadAction","target":["https:\/\/positiveprints.com\/fr\/produit\/mr-and-mrs-photo-collage\/"]}]},{"@type":"ImageObject","inLanguage":"fr-FR","@id":"https:\/\/positiveprints.com\/fr\/produit\/mr-and-mrs-photo-collage\/#primaryimage","url":"https:\/\/positiveprints.com\/wp-content\/uploads\/2025\/01\/Mr-Mrs-Photo-Collage-fr.webp","contentUrl":"https:\/\/positiveprints.com\/wp-content\/uploads\/2025\/01\/Mr-Mrs-Photo-Collage-fr.webp","width":1450,"height":1450,"caption":"Mr & Mrs Photo Collage"},{"@type":"BreadcrumbList","@id":"https:\/\/positiveprints.com\/fr\/produit\/mr-and-mrs-photo-collage\/#breadcrumb","itemListElement":[{"@type":"ListItem","position":1,"name":"Home","item":"https:\/\/positiveprints.com\/fr\/"},{"@type":"ListItem","position":2,"name":"Produits","item":"https:\/\/positiveprints.com\/fr\/shop\/"},{"@type":"ListItem","position":3,"name":"Mr &#038; Mrs Photo Collage"}]},{"@type":"WebSite","@id":"https:\/\/positiveprints.com\/fr\/#website","url":"https:\/\/positiveprints.com\/fr\/","name":"Positive Prints","description":"Amazing Custom Personalized Gifts","publisher":{"@id":"https:\/\/positiveprints.com\/fr\/#organization"},"potentialAction":[{"@type":"SearchAction","target":{"@type":"EntryPoint","urlTemplate":"https:\/\/positiveprints.com\/fr\/?s={search_term_string}"},"query-input":{"@type":"PropertyValueSpecification","valueRequired":true,"valueName":"search_term_string"}}],"inLanguage":"fr-FR"},{"@type":"Organization","@id":"https:\/\/positiveprints.com\/fr\/#organization","name":"Positive Prints","alternateName":"Positive Prints","url":"https:\/\/positiveprints.com\/fr\/","logo":{"@type":"ImageObject","inLanguage":"fr-FR","@id":"https:\/\/positiveprints.com\/fr\/#\/schema\/logo\/image\/","url":"https:\/\/positiveprints.com\/wp-content\/uploads\/2026\/03\/245815646_1337939713319158_5671353136411139666_n.png","contentUrl":"https:\/\/positiveprints.com\/wp-content\/uploads\/2026\/03\/245815646_1337939713319158_5671353136411139666_n.png","width":800,"height":800,"caption":"Positive Prints"},"image":{"@id":"https:\/\/positiveprints.com\/fr\/#\/schema\/logo\/image\/"},"sameAs":["https:\/\/www.facebook.com\/positiveprintscom","https:\/\/www.instagram.com\/positiveprintscom\/","https:\/\/www.tiktok.com\/@positiveprintscom","https:\/\/www.pinterest.com\/positiveprintscom\/"]}]}},"jetpack_sharing_enabled":true,"_links":{"self":[{"href":"https:\/\/positiveprints.com\/fr\/wp-json\/wp\/v2\/product\/1312199","targetHints":{"allow":["GET"]}}],"collection":[{"href":"https:\/\/positiveprints.com\/fr\/wp-json\/wp\/v2\/product"}],"about":[{"href":"https:\/\/positiveprints.com\/fr\/wp-json\/wp\/v2\/types\/product"}],"wp:featuredmedia":[{"embeddable":true,"href":"https:\/\/positiveprints.com\/fr\/wp-json\/wp\/v2\/media\/1312294"}],"wp:attachment":[{"href":"https:\/\/positiveprints.com\/fr\/wp-json\/wp\/v2\/media?parent=1312199"}],"wp:term":[{"taxonomy":"product_brand","embeddable":true,"href":"https:\/\/positiveprints.com\/fr\/wp-json\/wp\/v2\/product_brand?post=1312199"},{"taxonomy":"product_cat","embeddable":true,"href":"https:\/\/positiveprints.com\/fr\/wp-json\/wp\/v2\/product_cat?post=1312199"},{"taxonomy":"product_tag","embeddable":true,"href":"https:\/\/positiveprints.com\/fr\/wp-json\/wp\/v2\/product_tag?post=1312199"}],"curies":[{"name":"wp","href":"https:\/\/api.w.org\/{rel}","templated":true}]}}