{"id":1309647,"date":"2024-12-26T22:11:54","date_gmt":"2024-12-26T21:11:54","guid":{"rendered":"https:\/\/positiveprints.com\/product\/toi-et-moi-collage-photo-de-lettre\/"},"modified":"2026-04-18T03:09:49","modified_gmt":"2026-04-18T02:09:49","slug":"toi-et-moi-collage-photo-lettre","status":"publish","type":"product","link":"https:\/\/positiveprints.com\/fr\/produit\/toi-et-moi-collage-photo-lettre\/","title":{"rendered":"Toi et Moi &#8211; Collage Photo de Lettre"},"content":{"rendered":"","protected":false},"excerpt":{"rendered":"<ul class=\"check-list\">\n<li>Exprimez votre amour et votre gratitude de mani\u00e8re significative et unique, et c\u00e9l\u00e9brez tous vos moments pass\u00e9s ensemble.<\/li>\n<li>Inclure un texte personnalis\u00e9 significatif<\/li>\n<li>Personnalisez en 3 \u00e9tapes simples<\/li>\n<li>Choisissez un mod\u00e8le ou laissez libre cours \u00e0 votre cr\u00e9ativit\u00e9<\/li>\n<li>Vois le r\u00e9sultat imm\u00e9diatement \u2013 l\u2019aper\u00e7u interactif te permet de peaufiner chaque d\u00e9tail<\/li>\n<\/ul>\n","protected":false},"featured_media":1671740,"template":"","meta":[],"product_brand":[],"product_cat":[9274,8982,9123,104,5328,11177,11175,11176,5264,11395,11396,11392,11388,8006,7670,7638,7685,7781,7749,7797,3118,11245,11246],"product_tag":[14854,14866,14853,14681,14857,14859,14848,14852,14856,17443,17442,17441,17440,14868,14864,14869,14851,14865,14867,14870,14863,14850],"class_list":{"0":"post-1309647","1":"product","2":"type-product","3":"status-publish","4":"has-post-thumbnail","6":"product_cat-bestsellers-label-fr","7":"product_cat-nouveautes","8":"product_cat-photo-letter-fr","9":"product_cat-tous-les-produits","10":"product_cat-cadeaux-de-commemorations","11":"product_cat-cadeaux-danniversaire-pour-couples","12":"product_cat-cadeaux-danniversaire-pour-femme","13":"product_cat-cadeaux-danniversaire-pour-homme","14":"product_cat-cadeaux-de-noel","15":"product_cat-cadeaux-de-noel-pour-femme","16":"product_cat-cadeaux-de-noel-pour-homme","17":"product_cat-cadeaux-de-noel-pour-sa-copine","18":"product_cat-cadeaux-de-noel-pour-son-petit-copain","19":"product_cat-cadeaux-pour-hommes","20":"product_cat-cadeaux-pour-petit-ami","21":"product_cat-cadeaux-pour-mari","22":"product_cat-cadeaux-pour-femmes","23":"product_cat-cadeaux-pour-petite-amie","24":"product_cat-cadeaux-pour-epouse","25":"product_cat-cadeaux-pour-couple","26":"product_cat-cadeaux-saint-valentin","27":"product_cat-cadeaux-de-saint-valentin-pour-elle","28":"product_cat-cadeaux-de-saint-valentin-pour-lui","29":"product_tag-anniversary-gift-fr","30":"product_tag-anniversary-gifts-fr","31":"product_tag-anniversary-present-fr","32":"product_tag-cadeau-romantique","33":"product_tag-couple-gift-fr","34":"product_tag-gift-for-couple-fr","35":"product_tag-love-fr","36":"product_tag-love-gift-fr","37":"product_tag-personalized-gift-fr","38":"product_tag-prezenty-pod-choinke-dla-chlopaka-fr","39":"product_tag-prezenty-pod-choinke-dla-dziewczyny-fr","40":"product_tag-prezenty-pod-choinke-dla-niego-fr","41":"product_tag-prezenty-pod-choinke-dla-niej-fr","42":"product_tag-romantic-gifts-fr","43":"product_tag-sentimental-gift-fr","44":"product_tag-special-occasion-fr","45":"product_tag-thoughtful-gift-fr","46":"product_tag-unique-gift-fr","47":"product_tag-valentines-day-gifts-fr","48":"product_tag-valentines-day-fr","49":"product_tag-valentines-day-gift-fr","50":"product_tag-wedding-anniversary-fr","52":"first","53":"instock","54":"sale","55":"taxable","56":"shipping-taxable","57":"purchasable","58":"product-type-variable"},"yoast_head":"<!-- This site is optimized with the Yoast SEO Premium plugin v27.2 (Yoast SEO v27.2) - https:\/\/yoast.com\/product\/yoast-seo-premium-wordpress\/ -->\n<title>Toi et Moi - Collage Photo de Lettre - Positive Prints<\/title>\n<meta name=\"description\" content=\"C\u00e9l\u00e9brez votre lien sp\u00e9cial avec notre Collage Photo - Toi et Moi. Cette \u0153uvre d&#039;art personnalis\u00e9e est le moyen id\u00e9al de capturer vos souvenirs pr\u00e9f\u00e9r\u00e9s.\" \/>\n<meta name=\"robots\" content=\"index, follow, max-snippet:-1, max-image-preview:large, max-video-preview:-1\" \/>\n<link rel=\"canonical\" href=\"https:\/\/positiveprints.com\/fr\/produit\/toi-et-moi-collage-photo-lettre\/\" \/>\n<meta property=\"og:locale\" content=\"fr_FR\" \/>\n<meta property=\"og:type\" content=\"article\" \/>\n<meta property=\"og:title\" content=\"Toi et Moi - Collage Photo de Lettre\" \/>\n<meta property=\"og:description\" content=\"Exprimez votre amour et votre gratitude de mani\u00e8re significative et unique, et c\u00e9l\u00e9brez tous vos moments pass\u00e9s ensemble. Inclure un texte personnalis\u00e9 significatif Personnalisez en 3 \u00e9tapes simples Choisissez un mod\u00e8le ou laissez libre cours \u00e0 votre cr\u00e9ativit\u00e9 Vois le r\u00e9sultat imm\u00e9diatement \u2013 l\u2019aper\u00e7u interactif te permet de peaufiner chaque d\u00e9tail\" \/>\n<meta property=\"og:url\" content=\"https:\/\/positiveprints.com\/fr\/produit\/toi-et-moi-collage-photo-lettre\/\" \/>\n<meta property=\"og:site_name\" content=\"Positive Prints\" \/>\n<meta property=\"article:publisher\" content=\"https:\/\/www.facebook.com\/positiveprintscom\" \/>\n<meta property=\"article:modified_time\" content=\"2026-04-18T02:09:49+00:00\" \/>\n<meta property=\"og:image\" content=\"https:\/\/positiveprints.com\/wp-content\/uploads\/2026\/03\/toimoi_FR.webp\" \/>\n\t<meta property=\"og:image:width\" content=\"1450\" \/>\n\t<meta property=\"og:image:height\" content=\"1450\" \/>\n\t<meta property=\"og:image:type\" content=\"image\/webp\" \/>\n<meta name=\"twitter:card\" content=\"summary_large_image\" \/>\n<meta name=\"twitter:label1\" content=\"Dur\u00e9e de lecture estim\u00e9e\" \/>\n\t<meta name=\"twitter:data1\" content=\"1 minute\" \/>\n<!-- \/ Yoast SEO Premium plugin. -->","yoast_head_json":{"title":"Toi et Moi - Collage Photo de Lettre - Positive Prints","description":"C\u00e9l\u00e9brez votre lien sp\u00e9cial avec notre Collage Photo - Toi et Moi. Cette \u0153uvre d'art personnalis\u00e9e est le moyen id\u00e9al de capturer vos souvenirs pr\u00e9f\u00e9r\u00e9s.","robots":{"index":"index","follow":"follow","max-snippet":"max-snippet:-1","max-image-preview":"max-image-preview:large","max-video-preview":"max-video-preview:-1"},"canonical":"https:\/\/positiveprints.com\/fr\/produit\/toi-et-moi-collage-photo-lettre\/","og_locale":"fr_FR","og_type":"article","og_title":"Toi et Moi - Collage Photo de Lettre","og_description":"Exprimez votre amour et votre gratitude de mani\u00e8re significative et unique, et c\u00e9l\u00e9brez tous vos moments pass\u00e9s ensemble. Inclure un texte personnalis\u00e9 significatif Personnalisez en 3 \u00e9tapes simples Choisissez un mod\u00e8le ou laissez libre cours \u00e0 votre cr\u00e9ativit\u00e9 Vois le r\u00e9sultat imm\u00e9diatement \u2013 l\u2019aper\u00e7u interactif te permet de peaufiner chaque d\u00e9tail","og_url":"https:\/\/positiveprints.com\/fr\/produit\/toi-et-moi-collage-photo-lettre\/","og_site_name":"Positive Prints","article_publisher":"https:\/\/www.facebook.com\/positiveprintscom","article_modified_time":"2026-04-18T02:09:49+00:00","og_image":[{"width":1450,"height":1450,"url":"https:\/\/positiveprints.com\/wp-content\/uploads\/2026\/03\/toimoi_FR.webp","type":"image\/webp"}],"twitter_card":"summary_large_image","twitter_misc":{"Dur\u00e9e de lecture estim\u00e9e":"1 minute"},"schema":{"@context":"https:\/\/schema.org","@graph":[{"@type":["WebPage","ItemPage"],"@id":"https:\/\/positiveprints.com\/fr\/produit\/toi-et-moi-collage-photo-lettre\/","url":"https:\/\/positiveprints.com\/fr\/produit\/toi-et-moi-collage-photo-lettre\/","name":"Toi et Moi - Collage Photo de Lettre - Positive Prints","isPartOf":{"@id":"https:\/\/positiveprints.com\/fr\/#website"},"primaryImageOfPage":{"@id":"https:\/\/positiveprints.com\/fr\/produit\/toi-et-moi-collage-photo-lettre\/#primaryimage"},"image":{"@id":"https:\/\/positiveprints.com\/fr\/produit\/toi-et-moi-collage-photo-lettre\/#primaryimage"},"thumbnailUrl":"https:\/\/positiveprints.com\/wp-content\/uploads\/2026\/03\/toimoi_FR.webp","datePublished":"2024-12-26T21:11:54+00:00","dateModified":"2026-04-18T02:09:49+00:00","description":"C\u00e9l\u00e9brez votre lien sp\u00e9cial avec notre Collage Photo - Toi et Moi. Cette \u0153uvre d'art personnalis\u00e9e est le moyen id\u00e9al de capturer vos souvenirs pr\u00e9f\u00e9r\u00e9s.","breadcrumb":{"@id":"https:\/\/positiveprints.com\/fr\/produit\/toi-et-moi-collage-photo-lettre\/#breadcrumb"},"inLanguage":"fr-FR","potentialAction":[{"@type":"ReadAction","target":["https:\/\/positiveprints.com\/fr\/produit\/toi-et-moi-collage-photo-lettre\/"]}]},{"@type":"ImageObject","inLanguage":"fr-FR","@id":"https:\/\/positiveprints.com\/fr\/produit\/toi-et-moi-collage-photo-lettre\/#primaryimage","url":"https:\/\/positiveprints.com\/wp-content\/uploads\/2026\/03\/toimoi_FR.webp","contentUrl":"https:\/\/positiveprints.com\/wp-content\/uploads\/2026\/03\/toimoi_FR.webp","width":1450,"height":1450},{"@type":"BreadcrumbList","@id":"https:\/\/positiveprints.com\/fr\/produit\/toi-et-moi-collage-photo-lettre\/#breadcrumb","itemListElement":[{"@type":"ListItem","position":1,"name":"Home","item":"https:\/\/positiveprints.com\/fr\/"},{"@type":"ListItem","position":2,"name":"Produits","item":"https:\/\/positiveprints.com\/fr\/shop\/"},{"@type":"ListItem","position":3,"name":"Toi et Moi &#8211; Collage Photo de Lettre"}]},{"@type":"WebSite","@id":"https:\/\/positiveprints.com\/fr\/#website","url":"https:\/\/positiveprints.com\/fr\/","name":"Positive Prints","description":"Amazing Custom Personalized Gifts","publisher":{"@id":"https:\/\/positiveprints.com\/fr\/#organization"},"potentialAction":[{"@type":"SearchAction","target":{"@type":"EntryPoint","urlTemplate":"https:\/\/positiveprints.com\/fr\/?s={search_term_string}"},"query-input":{"@type":"PropertyValueSpecification","valueRequired":true,"valueName":"search_term_string"}}],"inLanguage":"fr-FR"},{"@type":"Organization","@id":"https:\/\/positiveprints.com\/fr\/#organization","name":"Positive Prints","alternateName":"Positive Prints","url":"https:\/\/positiveprints.com\/fr\/","logo":{"@type":"ImageObject","inLanguage":"fr-FR","@id":"https:\/\/positiveprints.com\/fr\/#\/schema\/logo\/image\/","url":"https:\/\/positiveprints.com\/wp-content\/uploads\/2026\/03\/245815646_1337939713319158_5671353136411139666_n.png","contentUrl":"https:\/\/positiveprints.com\/wp-content\/uploads\/2026\/03\/245815646_1337939713319158_5671353136411139666_n.png","width":800,"height":800,"caption":"Positive Prints"},"image":{"@id":"https:\/\/positiveprints.com\/fr\/#\/schema\/logo\/image\/"},"sameAs":["https:\/\/www.facebook.com\/positiveprintscom","https:\/\/www.instagram.com\/positiveprintscom\/","https:\/\/www.tiktok.com\/@positiveprintscom","https:\/\/www.pinterest.com\/positiveprintscom\/"]}]}},"jetpack_sharing_enabled":true,"_links":{"self":[{"href":"https:\/\/positiveprints.com\/fr\/wp-json\/wp\/v2\/product\/1309647","targetHints":{"allow":["GET"]}}],"collection":[{"href":"https:\/\/positiveprints.com\/fr\/wp-json\/wp\/v2\/product"}],"about":[{"href":"https:\/\/positiveprints.com\/fr\/wp-json\/wp\/v2\/types\/product"}],"wp:featuredmedia":[{"embeddable":true,"href":"https:\/\/positiveprints.com\/fr\/wp-json\/wp\/v2\/media\/1671740"}],"wp:attachment":[{"href":"https:\/\/positiveprints.com\/fr\/wp-json\/wp\/v2\/media?parent=1309647"}],"wp:term":[{"taxonomy":"product_brand","embeddable":true,"href":"https:\/\/positiveprints.com\/fr\/wp-json\/wp\/v2\/product_brand?post=1309647"},{"taxonomy":"product_cat","embeddable":true,"href":"https:\/\/positiveprints.com\/fr\/wp-json\/wp\/v2\/product_cat?post=1309647"},{"taxonomy":"product_tag","embeddable":true,"href":"https:\/\/positiveprints.com\/fr\/wp-json\/wp\/v2\/product_tag?post=1309647"}],"curies":[{"name":"wp","href":"https:\/\/api.w.org\/{rel}","templated":true}]}}