{"id":1308634,"date":"2024-12-26T21:25:34","date_gmt":"2024-12-26T20:25:34","guid":{"rendered":"https:\/\/positiveprints.com\/product\/la-ou-tout-a-commence-carte-et-photo\/"},"modified":"2026-04-03T02:35:30","modified_gmt":"2026-04-03T01:35:30","slug":"la-ou-tout-a-commence-carte-photo","status":"publish","type":"product","link":"https:\/\/positiveprints.com\/fr\/produit\/la-ou-tout-a-commence-carte-photo\/","title":{"rendered":"L\u00e0 O\u00f9 Tout a Commenc\u00e9 &#8211; Carte et Photo"},"content":{"rendered":"","protected":false},"excerpt":{"rendered":"<ul class=\"check-list\">\n<li>Capturez ce moment sp\u00e9cial avec une carte et une photo personnalis\u00e9es, indiquant l&#8217;emplacement exact des souvenirs pr\u00e9cieux<\/li>\n<li>Marquez un endroit sp\u00e9cial avec un symbole choisi<\/li>\n<li>Inclure un texte personnalis\u00e9 significatif<\/li>\n<li>Personnalisez en 3 \u00e9tapes simples<\/li>\n<li>Vois le r\u00e9sultat imm\u00e9diatement \u2013 l\u2019aper\u00e7u interactif te permet de peaufiner chaque d\u00e9tail<\/li>\n<\/ul>\n","protected":false},"featured_media":1352133,"template":"","meta":[],"product_brand":[],"product_cat":[9112,104,11177,11175,11176,5264,11395,11396,11392,11388,11402,11397,8006,7670,7638,7685,7781,7749,7797,3118,11245,11246],"product_tag":[11790,11793,11792,11767,11795,11753,17443,17442,17441,17440,14870,14863],"class_list":{"0":"post-1308634","1":"product","2":"type-product","3":"status-publish","4":"has-post-thumbnail","6":"product_cat-double-maps-fr","7":"product_cat-tous-les-produits","8":"product_cat-cadeaux-danniversaire-pour-couples","9":"product_cat-cadeaux-danniversaire-pour-femme","10":"product_cat-cadeaux-danniversaire-pour-homme","11":"product_cat-cadeaux-de-noel","12":"product_cat-cadeaux-de-noel-pour-femme","13":"product_cat-cadeaux-de-noel-pour-homme","14":"product_cat-cadeaux-de-noel-pour-sa-copine","15":"product_cat-cadeaux-de-noel-pour-son-petit-copain","16":"product_cat-cadeaux-de-noel-pour-sa-femme","17":"product_cat-cadeaux-de-noel-pour-le-mari","18":"product_cat-cadeaux-pour-hommes","19":"product_cat-cadeaux-pour-petit-ami","20":"product_cat-cadeaux-pour-mari","21":"product_cat-cadeaux-pour-femmes","22":"product_cat-cadeaux-pour-petite-amie","23":"product_cat-cadeaux-pour-epouse","24":"product_cat-cadeaux-pour-couple","25":"product_cat-cadeaux-saint-valentin","26":"product_cat-cadeaux-de-saint-valentin-pour-elle","27":"product_cat-cadeaux-de-saint-valentin-pour-lui","28":"product_tag-cadeaux-de-noel-pour-elle","29":"product_tag-cadeaux-de-noel-pour-le-mari","30":"product_tag-cadeaux-de-noel-pour-lui","31":"product_tag-cadeaux-de-noel-pour-sa-copine","32":"product_tag-cadeaux-de-noel-pour-sa-femme","33":"product_tag-cadeaux-de-noel-pour-son-petit-copain","34":"product_tag-prezenty-pod-choinke-dla-chlopaka-fr","35":"product_tag-prezenty-pod-choinke-dla-dziewczyny-fr","36":"product_tag-prezenty-pod-choinke-dla-niego-fr","37":"product_tag-prezenty-pod-choinke-dla-niej-fr","38":"product_tag-valentines-day-fr","39":"product_tag-valentines-day-gift-fr","41":"first","42":"instock","43":"sale","44":"taxable","45":"shipping-taxable","46":"purchasable","47":"product-type-variable"},"yoast_head":"<!-- This site is optimized with the Yoast SEO Premium plugin v27.2 (Yoast SEO v27.2) - https:\/\/yoast.com\/product\/yoast-seo-premium-wordpress\/ -->\n<title>L\u00e0 O\u00f9 Tout a Commenc\u00e9 - Carte et Photo - Positive Prints<\/title>\n<meta name=\"description\" content=\"La Carte et Photo du Lieu O\u00f9 Tout a Commenc\u00e9 est un cadeau unique et r\u00e9fl\u00e9chi pour les anniversaires, la Saint-Valentin, les mariages ou toute autre occasion sp\u00e9ciale.\" \/>\n<meta name=\"robots\" content=\"index, follow, max-snippet:-1, max-image-preview:large, max-video-preview:-1\" \/>\n<link rel=\"canonical\" href=\"https:\/\/positiveprints.com\/fr\/produit\/la-ou-tout-a-commence-carte-photo\/\" \/>\n<meta property=\"og:locale\" content=\"fr_FR\" \/>\n<meta property=\"og:type\" content=\"article\" \/>\n<meta property=\"og:title\" content=\"L\u00e0 O\u00f9 Tout a Commenc\u00e9 - Carte et Photo\" \/>\n<meta property=\"og:description\" content=\"Capturez ce moment sp\u00e9cial avec une carte et une photo personnalis\u00e9es, indiquant l&#039;emplacement exact des souvenirs pr\u00e9cieux Marquez un endroit sp\u00e9cial avec un symbole choisi Inclure un texte personnalis\u00e9 significatif Personnalisez en 3 \u00e9tapes simples Vois le r\u00e9sultat imm\u00e9diatement \u2013 l\u2019aper\u00e7u interactif te permet de peaufiner chaque d\u00e9tail\" \/>\n<meta property=\"og:url\" content=\"https:\/\/positiveprints.com\/fr\/produit\/la-ou-tout-a-commence-carte-photo\/\" \/>\n<meta property=\"og:site_name\" content=\"Positive Prints\" \/>\n<meta property=\"article:publisher\" content=\"https:\/\/www.facebook.com\/positiveprintscom\" \/>\n<meta property=\"article:modified_time\" content=\"2026-04-03T01:35:30+00:00\" \/>\n<meta property=\"og:image\" content=\"https:\/\/positiveprints.com\/wp-content\/uploads\/2024\/12\/La\u0300-Ou\u0300-Tout-a-Commence\u0301-Carte-et-Photo.webp\" \/>\n\t<meta property=\"og:image:width\" content=\"1080\" \/>\n\t<meta property=\"og:image:height\" content=\"1080\" \/>\n\t<meta property=\"og:image:type\" content=\"image\/webp\" \/>\n<meta name=\"twitter:card\" content=\"summary_large_image\" \/>\n<meta name=\"twitter:label1\" content=\"Dur\u00e9e de lecture estim\u00e9e\" \/>\n\t<meta name=\"twitter:data1\" content=\"1 minute\" \/>\n<!-- \/ Yoast SEO Premium plugin. -->","yoast_head_json":{"title":"L\u00e0 O\u00f9 Tout a Commenc\u00e9 - Carte et Photo - Positive Prints","description":"La Carte et Photo du Lieu O\u00f9 Tout a Commenc\u00e9 est un cadeau unique et r\u00e9fl\u00e9chi pour les anniversaires, la Saint-Valentin, les mariages ou toute autre occasion sp\u00e9ciale.","robots":{"index":"index","follow":"follow","max-snippet":"max-snippet:-1","max-image-preview":"max-image-preview:large","max-video-preview":"max-video-preview:-1"},"canonical":"https:\/\/positiveprints.com\/fr\/produit\/la-ou-tout-a-commence-carte-photo\/","og_locale":"fr_FR","og_type":"article","og_title":"L\u00e0 O\u00f9 Tout a Commenc\u00e9 - Carte et Photo","og_description":"Capturez ce moment sp\u00e9cial avec une carte et une photo personnalis\u00e9es, indiquant l'emplacement exact des souvenirs pr\u00e9cieux Marquez un endroit sp\u00e9cial avec un symbole choisi Inclure un texte personnalis\u00e9 significatif Personnalisez en 3 \u00e9tapes simples Vois le r\u00e9sultat imm\u00e9diatement \u2013 l\u2019aper\u00e7u interactif te permet de peaufiner chaque d\u00e9tail","og_url":"https:\/\/positiveprints.com\/fr\/produit\/la-ou-tout-a-commence-carte-photo\/","og_site_name":"Positive Prints","article_publisher":"https:\/\/www.facebook.com\/positiveprintscom","article_modified_time":"2026-04-03T01:35:30+00:00","og_image":[{"width":1080,"height":1080,"url":"https:\/\/positiveprints.com\/wp-content\/uploads\/2024\/12\/La\u0300-Ou\u0300-Tout-a-Commence\u0301-Carte-et-Photo.webp","type":"image\/webp"}],"twitter_card":"summary_large_image","twitter_misc":{"Dur\u00e9e de lecture estim\u00e9e":"1 minute"},"schema":{"@context":"https:\/\/schema.org","@graph":[{"@type":["WebPage","ItemPage"],"@id":"https:\/\/positiveprints.com\/fr\/produit\/la-ou-tout-a-commence-carte-photo\/","url":"https:\/\/positiveprints.com\/fr\/produit\/la-ou-tout-a-commence-carte-photo\/","name":"L\u00e0 O\u00f9 Tout a Commenc\u00e9 - Carte et Photo - Positive Prints","isPartOf":{"@id":"https:\/\/positiveprints.com\/fr\/#website"},"primaryImageOfPage":{"@id":"https:\/\/positiveprints.com\/fr\/produit\/la-ou-tout-a-commence-carte-photo\/#primaryimage"},"image":{"@id":"https:\/\/positiveprints.com\/fr\/produit\/la-ou-tout-a-commence-carte-photo\/#primaryimage"},"thumbnailUrl":"https:\/\/positiveprints.com\/wp-content\/uploads\/2025\/02\/La\u0300-Ou\u0300-Tout-a-Commence\u0301-Carte-et-Photo-1.webp","datePublished":"2024-12-26T20:25:34+00:00","dateModified":"2026-04-03T01:35:30+00:00","description":"La Carte et Photo du Lieu O\u00f9 Tout a Commenc\u00e9 est un cadeau unique et r\u00e9fl\u00e9chi pour les anniversaires, la Saint-Valentin, les mariages ou toute autre occasion sp\u00e9ciale.","breadcrumb":{"@id":"https:\/\/positiveprints.com\/fr\/produit\/la-ou-tout-a-commence-carte-photo\/#breadcrumb"},"inLanguage":"fr-FR","potentialAction":[{"@type":"ReadAction","target":["https:\/\/positiveprints.com\/fr\/produit\/la-ou-tout-a-commence-carte-photo\/"]}]},{"@type":"ImageObject","inLanguage":"fr-FR","@id":"https:\/\/positiveprints.com\/fr\/produit\/la-ou-tout-a-commence-carte-photo\/#primaryimage","url":"https:\/\/positiveprints.com\/wp-content\/uploads\/2025\/02\/La\u0300-Ou\u0300-Tout-a-Commence\u0301-Carte-et-Photo-1.webp","contentUrl":"https:\/\/positiveprints.com\/wp-content\/uploads\/2025\/02\/La\u0300-Ou\u0300-Tout-a-Commence\u0301-Carte-et-Photo-1.webp","width":1450,"height":1450},{"@type":"BreadcrumbList","@id":"https:\/\/positiveprints.com\/fr\/produit\/la-ou-tout-a-commence-carte-photo\/#breadcrumb","itemListElement":[{"@type":"ListItem","position":1,"name":"Home","item":"https:\/\/positiveprints.com\/fr\/"},{"@type":"ListItem","position":2,"name":"Produits","item":"https:\/\/positiveprints.com\/fr\/shop\/"},{"@type":"ListItem","position":3,"name":"L\u00e0 O\u00f9 Tout a Commenc\u00e9 &#8211; Carte et Photo"}]},{"@type":"WebSite","@id":"https:\/\/positiveprints.com\/fr\/#website","url":"https:\/\/positiveprints.com\/fr\/","name":"Positive Prints","description":"Amazing Custom Personalized Gifts","publisher":{"@id":"https:\/\/positiveprints.com\/fr\/#organization"},"potentialAction":[{"@type":"SearchAction","target":{"@type":"EntryPoint","urlTemplate":"https:\/\/positiveprints.com\/fr\/?s={search_term_string}"},"query-input":{"@type":"PropertyValueSpecification","valueRequired":true,"valueName":"search_term_string"}}],"inLanguage":"fr-FR"},{"@type":"Organization","@id":"https:\/\/positiveprints.com\/fr\/#organization","name":"Positive Prints","alternateName":"Positive Prints","url":"https:\/\/positiveprints.com\/fr\/","logo":{"@type":"ImageObject","inLanguage":"fr-FR","@id":"https:\/\/positiveprints.com\/fr\/#\/schema\/logo\/image\/","url":"https:\/\/positiveprints.com\/wp-content\/uploads\/2026\/03\/245815646_1337939713319158_5671353136411139666_n.png","contentUrl":"https:\/\/positiveprints.com\/wp-content\/uploads\/2026\/03\/245815646_1337939713319158_5671353136411139666_n.png","width":800,"height":800,"caption":"Positive Prints"},"image":{"@id":"https:\/\/positiveprints.com\/fr\/#\/schema\/logo\/image\/"},"sameAs":["https:\/\/www.facebook.com\/positiveprintscom","https:\/\/www.instagram.com\/positiveprintscom\/","https:\/\/www.tiktok.com\/@positiveprintscom","https:\/\/www.pinterest.com\/positiveprintscom\/"]}]}},"jetpack_sharing_enabled":true,"_links":{"self":[{"href":"https:\/\/positiveprints.com\/fr\/wp-json\/wp\/v2\/product\/1308634","targetHints":{"allow":["GET"]}}],"collection":[{"href":"https:\/\/positiveprints.com\/fr\/wp-json\/wp\/v2\/product"}],"about":[{"href":"https:\/\/positiveprints.com\/fr\/wp-json\/wp\/v2\/types\/product"}],"wp:featuredmedia":[{"embeddable":true,"href":"https:\/\/positiveprints.com\/fr\/wp-json\/wp\/v2\/media\/1352133"}],"wp:attachment":[{"href":"https:\/\/positiveprints.com\/fr\/wp-json\/wp\/v2\/media?parent=1308634"}],"wp:term":[{"taxonomy":"product_brand","embeddable":true,"href":"https:\/\/positiveprints.com\/fr\/wp-json\/wp\/v2\/product_brand?post=1308634"},{"taxonomy":"product_cat","embeddable":true,"href":"https:\/\/positiveprints.com\/fr\/wp-json\/wp\/v2\/product_cat?post=1308634"},{"taxonomy":"product_tag","embeddable":true,"href":"https:\/\/positiveprints.com\/fr\/wp-json\/wp\/v2\/product_tag?post=1308634"}],"curies":[{"name":"wp","href":"https:\/\/api.w.org\/{rel}","templated":true}]}}