{"id":1293872,"date":"2024-12-01T21:04:56","date_gmt":"2024-12-01T20:04:56","guid":{"rendered":"https:\/\/positiveprints.com\/product\/paroles-de-chanson-pour-soeur\/"},"modified":"2026-04-18T03:11:32","modified_gmt":"2026-04-18T02:11:32","slug":"paroles-de-chanson-pour-soeur","status":"publish","type":"product","link":"https:\/\/positiveprints.com\/fr\/produit\/paroles-de-chanson-pour-soeur\/","title":{"rendered":"Paroles de chanson pour s\u0153ur"},"content":{"rendered":"","protected":false},"excerpt":{"rendered":"<ul class=\"check-list\">\n<li>Personnalisez votre cr\u00e9ation avec des paroles de chanson ou un texte personnalis\u00e9<\/li>\n<li>Ajoutez votre propre photo (optionnel) pour un rendu unique<\/li>\n<li>Int\u00e9grez des pr\u00e9noms, des dates ou un message sp\u00e9cial<\/li>\n<li>Personnalisez le tout en seulement 2 minutes<\/li>\n<li>Utilisez l&#8217;aper\u00e7u interactif en temps r\u00e9el pour ajuster chaque d\u00e9tail<\/li>\n<\/ul>\n","protected":false},"featured_media":1294346,"template":"","meta":[],"product_brand":[],"product_cat":[12175,9760,104,5264,11401,7734],"product_tag":[13426,17273,12593,12089,12061,12060,12592],"class_list":{"0":"post-1293872","1":"product","2":"type-product","3":"status-publish","4":"has-post-thumbnail","6":"product_cat-lyrics-fr","7":"product_cat-trending-label-fr","8":"product_cat-tous-les-produits","9":"product_cat-cadeaux-de-noel","10":"product_cat-cadeaux-de-noel-pour-la-soeur","11":"product_cat-cadeaux-pour-soeur","12":"product_tag-cadeau-de-noel-pour-soeur","13":"product_tag-cadeau-pour-soeur","14":"product_tag-cadeau-soeur","15":"product_tag-chanson","16":"product_tag-paroles","17":"product_tag-paroles-de-chanson","18":"product_tag-soeur","20":"first","21":"instock","22":"sale","23":"taxable","24":"shipping-taxable","25":"purchasable","26":"product-type-variable"},"yoast_head":"<!-- This site is optimized with the Yoast SEO Premium plugin v27.2 (Yoast SEO v27.2) - https:\/\/yoast.com\/product\/yoast-seo-premium-wordpress\/ -->\n<title>Paroles de chanson pour s\u0153ur - Positive Prints<\/title>\n<meta name=\"description\" content=\"Capturez la chanson pr\u00e9f\u00e9r\u00e9e de votre s\u0153ur sur une impression vinyle personnalis\u00e9e. Parfait pour les anniversaires ou toute occasion sp\u00e9ciale. Commandez votre impression vinyle de paroles de chanson pour s\u0153ur aujourd&#039;hui !\" \/>\n<meta name=\"robots\" content=\"index, follow, max-snippet:-1, max-image-preview:large, max-video-preview:-1\" \/>\n<link rel=\"canonical\" href=\"https:\/\/positiveprints.com\/fr\/produit\/paroles-de-chanson-pour-soeur\/\" \/>\n<meta property=\"og:locale\" content=\"fr_FR\" \/>\n<meta property=\"og:type\" content=\"article\" \/>\n<meta property=\"og:title\" content=\"Paroles de chanson pour s\u0153ur\" \/>\n<meta property=\"og:description\" content=\"Personnalisez votre cr\u00e9ation avec des paroles de chanson ou un texte personnalis\u00e9 Ajoutez votre propre photo (optionnel) pour un rendu unique Int\u00e9grez des pr\u00e9noms, des dates ou un message sp\u00e9cial Personnalisez le tout en seulement 2 minutes Utilisez l&#039;aper\u00e7u interactif en temps r\u00e9el pour ajuster chaque d\u00e9tail\" \/>\n<meta property=\"og:url\" content=\"https:\/\/positiveprints.com\/fr\/produit\/paroles-de-chanson-pour-soeur\/\" \/>\n<meta property=\"og:site_name\" content=\"Positive Prints\" \/>\n<meta property=\"article:publisher\" content=\"https:\/\/www.facebook.com\/positiveprintscom\" \/>\n<meta property=\"article:modified_time\" content=\"2026-04-18T02:11:32+00:00\" \/>\n<meta property=\"og:image\" content=\"https:\/\/positiveprints.com\/wp-content\/uploads\/2024\/12\/Paroles-de-chanson-soeur.webp\" \/>\n\t<meta property=\"og:image:width\" content=\"1450\" \/>\n\t<meta property=\"og:image:height\" content=\"1450\" \/>\n\t<meta property=\"og:image:type\" content=\"image\/webp\" \/>\n<meta name=\"twitter:card\" content=\"summary_large_image\" \/>\n<meta name=\"twitter:label1\" content=\"Dur\u00e9e de lecture estim\u00e9e\" \/>\n\t<meta name=\"twitter:data1\" content=\"1 minute\" \/>\n<!-- \/ Yoast SEO Premium plugin. -->","yoast_head_json":{"title":"Paroles de chanson pour s\u0153ur - Positive Prints","description":"Capturez la chanson pr\u00e9f\u00e9r\u00e9e de votre s\u0153ur sur une impression vinyle personnalis\u00e9e. Parfait pour les anniversaires ou toute occasion sp\u00e9ciale. Commandez votre impression vinyle de paroles de chanson pour s\u0153ur aujourd'hui !","robots":{"index":"index","follow":"follow","max-snippet":"max-snippet:-1","max-image-preview":"max-image-preview:large","max-video-preview":"max-video-preview:-1"},"canonical":"https:\/\/positiveprints.com\/fr\/produit\/paroles-de-chanson-pour-soeur\/","og_locale":"fr_FR","og_type":"article","og_title":"Paroles de chanson pour s\u0153ur","og_description":"Personnalisez votre cr\u00e9ation avec des paroles de chanson ou un texte personnalis\u00e9 Ajoutez votre propre photo (optionnel) pour un rendu unique Int\u00e9grez des pr\u00e9noms, des dates ou un message sp\u00e9cial Personnalisez le tout en seulement 2 minutes Utilisez l'aper\u00e7u interactif en temps r\u00e9el pour ajuster chaque d\u00e9tail","og_url":"https:\/\/positiveprints.com\/fr\/produit\/paroles-de-chanson-pour-soeur\/","og_site_name":"Positive Prints","article_publisher":"https:\/\/www.facebook.com\/positiveprintscom","article_modified_time":"2026-04-18T02:11:32+00:00","og_image":[{"width":1450,"height":1450,"url":"https:\/\/positiveprints.com\/wp-content\/uploads\/2024\/12\/Paroles-de-chanson-soeur.webp","type":"image\/webp"}],"twitter_card":"summary_large_image","twitter_misc":{"Dur\u00e9e de lecture estim\u00e9e":"1 minute"},"schema":{"@context":"https:\/\/schema.org","@graph":[{"@type":["WebPage","ItemPage"],"@id":"https:\/\/positiveprints.com\/fr\/produit\/paroles-de-chanson-pour-soeur\/","url":"https:\/\/positiveprints.com\/fr\/produit\/paroles-de-chanson-pour-soeur\/","name":"Paroles de chanson pour s\u0153ur - Positive Prints","isPartOf":{"@id":"https:\/\/positiveprints.com\/fr\/#website"},"primaryImageOfPage":{"@id":"https:\/\/positiveprints.com\/fr\/produit\/paroles-de-chanson-pour-soeur\/#primaryimage"},"image":{"@id":"https:\/\/positiveprints.com\/fr\/produit\/paroles-de-chanson-pour-soeur\/#primaryimage"},"thumbnailUrl":"https:\/\/positiveprints.com\/wp-content\/uploads\/2024\/12\/Paroles-de-chanson-soeur.webp","datePublished":"2024-12-01T20:04:56+00:00","dateModified":"2026-04-18T02:11:32+00:00","description":"Capturez la chanson pr\u00e9f\u00e9r\u00e9e de votre s\u0153ur sur une impression vinyle personnalis\u00e9e. Parfait pour les anniversaires ou toute occasion sp\u00e9ciale. Commandez votre impression vinyle de paroles de chanson pour s\u0153ur aujourd'hui !","breadcrumb":{"@id":"https:\/\/positiveprints.com\/fr\/produit\/paroles-de-chanson-pour-soeur\/#breadcrumb"},"inLanguage":"fr-FR","potentialAction":[{"@type":"ReadAction","target":["https:\/\/positiveprints.com\/fr\/produit\/paroles-de-chanson-pour-soeur\/"]}]},{"@type":"ImageObject","inLanguage":"fr-FR","@id":"https:\/\/positiveprints.com\/fr\/produit\/paroles-de-chanson-pour-soeur\/#primaryimage","url":"https:\/\/positiveprints.com\/wp-content\/uploads\/2024\/12\/Paroles-de-chanson-soeur.webp","contentUrl":"https:\/\/positiveprints.com\/wp-content\/uploads\/2024\/12\/Paroles-de-chanson-soeur.webp","width":1450,"height":1450,"caption":"Paroles de chanson s\u0153ur"},{"@type":"BreadcrumbList","@id":"https:\/\/positiveprints.com\/fr\/produit\/paroles-de-chanson-pour-soeur\/#breadcrumb","itemListElement":[{"@type":"ListItem","position":1,"name":"Home","item":"https:\/\/positiveprints.com\/fr\/"},{"@type":"ListItem","position":2,"name":"Produits","item":"https:\/\/positiveprints.com\/fr\/shop\/"},{"@type":"ListItem","position":3,"name":"Paroles de chanson pour s\u0153ur"}]},{"@type":"WebSite","@id":"https:\/\/positiveprints.com\/fr\/#website","url":"https:\/\/positiveprints.com\/fr\/","name":"Positive Prints","description":"Amazing Custom Personalized Gifts","publisher":{"@id":"https:\/\/positiveprints.com\/fr\/#organization"},"potentialAction":[{"@type":"SearchAction","target":{"@type":"EntryPoint","urlTemplate":"https:\/\/positiveprints.com\/fr\/?s={search_term_string}"},"query-input":{"@type":"PropertyValueSpecification","valueRequired":true,"valueName":"search_term_string"}}],"inLanguage":"fr-FR"},{"@type":"Organization","@id":"https:\/\/positiveprints.com\/fr\/#organization","name":"Positive Prints","alternateName":"Positive Prints","url":"https:\/\/positiveprints.com\/fr\/","logo":{"@type":"ImageObject","inLanguage":"fr-FR","@id":"https:\/\/positiveprints.com\/fr\/#\/schema\/logo\/image\/","url":"https:\/\/positiveprints.com\/wp-content\/uploads\/2026\/03\/245815646_1337939713319158_5671353136411139666_n.png","contentUrl":"https:\/\/positiveprints.com\/wp-content\/uploads\/2026\/03\/245815646_1337939713319158_5671353136411139666_n.png","width":800,"height":800,"caption":"Positive Prints"},"image":{"@id":"https:\/\/positiveprints.com\/fr\/#\/schema\/logo\/image\/"},"sameAs":["https:\/\/www.facebook.com\/positiveprintscom","https:\/\/www.instagram.com\/positiveprintscom\/","https:\/\/www.tiktok.com\/@positiveprintscom","https:\/\/www.pinterest.com\/positiveprintscom\/"]}]}},"jetpack_sharing_enabled":true,"_links":{"self":[{"href":"https:\/\/positiveprints.com\/fr\/wp-json\/wp\/v2\/product\/1293872","targetHints":{"allow":["GET"]}}],"collection":[{"href":"https:\/\/positiveprints.com\/fr\/wp-json\/wp\/v2\/product"}],"about":[{"href":"https:\/\/positiveprints.com\/fr\/wp-json\/wp\/v2\/types\/product"}],"wp:featuredmedia":[{"embeddable":true,"href":"https:\/\/positiveprints.com\/fr\/wp-json\/wp\/v2\/media\/1294346"}],"wp:attachment":[{"href":"https:\/\/positiveprints.com\/fr\/wp-json\/wp\/v2\/media?parent=1293872"}],"wp:term":[{"taxonomy":"product_brand","embeddable":true,"href":"https:\/\/positiveprints.com\/fr\/wp-json\/wp\/v2\/product_brand?post=1293872"},{"taxonomy":"product_cat","embeddable":true,"href":"https:\/\/positiveprints.com\/fr\/wp-json\/wp\/v2\/product_cat?post=1293872"},{"taxonomy":"product_tag","embeddable":true,"href":"https:\/\/positiveprints.com\/fr\/wp-json\/wp\/v2\/product_tag?post=1293872"}],"curies":[{"name":"wp","href":"https:\/\/api.w.org\/{rel}","templated":true}]}}