{"id":1293867,"date":"2024-12-01T21:00:37","date_gmt":"2024-12-01T20:00:37","guid":{"rendered":"https:\/\/positiveprints.com\/product\/paroles-de-chanson-pour-ados\/"},"modified":"2026-04-23T10:44:04","modified_gmt":"2026-04-23T09:44:04","slug":"paroles-de-chanson-pour-ados","status":"publish","type":"product","link":"https:\/\/positiveprints.com\/fr\/produit\/paroles-de-chanson-pour-ados\/","title":{"rendered":"Paroles de chanson pour ados"},"content":{"rendered":"","protected":false},"excerpt":{"rendered":"<ul class=\"check-list\">\n<li>Personnalisez votre cr\u00e9ation avec des paroles de chanson ou un texte personnalis\u00e9<\/li>\n<li>Ajoutez votre propre photo (optionnel) pour un rendu unique<\/li>\n<li>Int\u00e9grez des pr\u00e9noms, des dates ou un message sp\u00e9cial<\/li>\n<li>Personnalisez le tout en seulement 2 minutes<\/li>\n<li>Utilisez l&#8217;aper\u00e7u interactif en temps r\u00e9el pour ajuster chaque d\u00e9tail<\/li>\n<\/ul>\n","protected":false},"featured_media":1294316,"template":"","meta":[],"product_brand":[],"product_cat":[9274,12175,5264,11398,104,9760],"product_tag":[12589,12590,12591,15942,12089,12061,12060],"class_list":{"0":"post-1293867","1":"product","2":"type-product","3":"status-publish","4":"has-post-thumbnail","6":"product_cat-bestsellers-label-fr","7":"product_cat-lyrics-fr","8":"product_cat-cadeaux-de-noel","9":"product_cat-cadeaux-de-noel-pour-les-enfants","10":"product_cat-tous-les-produits","11":"product_cat-trending-label-fr","12":"product_tag-ado","13":"product_tag-ados","14":"product_tag-cadeau-ados","15":"product_tag-cadeau-de-noel-pour-enfants","16":"product_tag-chanson","17":"product_tag-paroles","18":"product_tag-paroles-de-chanson","20":"first","21":"instock","22":"sale","23":"taxable","24":"shipping-taxable","25":"purchasable","26":"product-type-variable"},"yoast_head":"<!-- This site is optimized with the Yoast SEO Premium plugin v27.2 (Yoast SEO v27.2) - https:\/\/yoast.com\/product\/yoast-seo-premium-wordpress\/ -->\n<title>Paroles de chanson pour ados - Positive Prints<\/title>\n<meta name=\"description\" content=\"Capturez la chanson pr\u00e9f\u00e9r\u00e9e de votre adolescent avec une impression de paroles personnalis\u00e9e. Parfait pour toute occasion sp\u00e9ciale. Commandez votre impression de paroles de chanson pour ados aujourd&#039;hui.\" \/>\n<meta name=\"robots\" content=\"index, follow, max-snippet:-1, max-image-preview:large, max-video-preview:-1\" \/>\n<link rel=\"canonical\" href=\"https:\/\/positiveprints.com\/fr\/produit\/paroles-de-chanson-pour-ados\/\" \/>\n<meta property=\"og:locale\" content=\"fr_FR\" \/>\n<meta property=\"og:type\" content=\"article\" \/>\n<meta property=\"og:title\" content=\"Paroles de chanson pour ados\" \/>\n<meta property=\"og:description\" content=\"Personnalisez votre cr\u00e9ation avec des paroles de chanson ou un texte personnalis\u00e9 Ajoutez votre propre photo (optionnel) pour un rendu unique Int\u00e9grez des pr\u00e9noms, des dates ou un message sp\u00e9cial Personnalisez le tout en seulement 2 minutes Utilisez l&#039;aper\u00e7u interactif en temps r\u00e9el pour ajuster chaque d\u00e9tail\" \/>\n<meta property=\"og:url\" content=\"https:\/\/positiveprints.com\/fr\/produit\/paroles-de-chanson-pour-ados\/\" \/>\n<meta property=\"og:site_name\" content=\"Positive Prints\" \/>\n<meta property=\"article:publisher\" content=\"https:\/\/www.facebook.com\/positiveprintscom\" \/>\n<meta property=\"article:modified_time\" content=\"2026-04-23T09:44:04+00:00\" \/>\n<meta property=\"og:image\" content=\"https:\/\/positiveprints.com\/wp-content\/uploads\/2024\/12\/Paroles-de-chanson-pour-ado.webp\" \/>\n\t<meta property=\"og:image:width\" content=\"1450\" \/>\n\t<meta property=\"og:image:height\" content=\"1450\" \/>\n\t<meta property=\"og:image:type\" content=\"image\/webp\" \/>\n<meta name=\"twitter:card\" content=\"summary_large_image\" \/>\n<!-- \/ Yoast SEO Premium plugin. -->","yoast_head_json":{"title":"Paroles de chanson pour ados - Positive Prints","description":"Capturez la chanson pr\u00e9f\u00e9r\u00e9e de votre adolescent avec une impression de paroles personnalis\u00e9e. Parfait pour toute occasion sp\u00e9ciale. Commandez votre impression de paroles de chanson pour ados aujourd'hui.","robots":{"index":"index","follow":"follow","max-snippet":"max-snippet:-1","max-image-preview":"max-image-preview:large","max-video-preview":"max-video-preview:-1"},"canonical":"https:\/\/positiveprints.com\/fr\/produit\/paroles-de-chanson-pour-ados\/","og_locale":"fr_FR","og_type":"article","og_title":"Paroles de chanson pour ados","og_description":"Personnalisez votre cr\u00e9ation avec des paroles de chanson ou un texte personnalis\u00e9 Ajoutez votre propre photo (optionnel) pour un rendu unique Int\u00e9grez des pr\u00e9noms, des dates ou un message sp\u00e9cial Personnalisez le tout en seulement 2 minutes Utilisez l'aper\u00e7u interactif en temps r\u00e9el pour ajuster chaque d\u00e9tail","og_url":"https:\/\/positiveprints.com\/fr\/produit\/paroles-de-chanson-pour-ados\/","og_site_name":"Positive Prints","article_publisher":"https:\/\/www.facebook.com\/positiveprintscom","article_modified_time":"2026-04-23T09:44:04+00:00","og_image":[{"width":1450,"height":1450,"url":"https:\/\/positiveprints.com\/wp-content\/uploads\/2024\/12\/Paroles-de-chanson-pour-ado.webp","type":"image\/webp"}],"twitter_card":"summary_large_image","schema":{"@context":"https:\/\/schema.org","@graph":[{"@type":["WebPage","ItemPage"],"@id":"https:\/\/positiveprints.com\/fr\/produit\/paroles-de-chanson-pour-ados\/","url":"https:\/\/positiveprints.com\/fr\/produit\/paroles-de-chanson-pour-ados\/","name":"Paroles de chanson pour ados - Positive Prints","isPartOf":{"@id":"https:\/\/positiveprints.com\/fr\/#website"},"primaryImageOfPage":{"@id":"https:\/\/positiveprints.com\/fr\/produit\/paroles-de-chanson-pour-ados\/#primaryimage"},"image":{"@id":"https:\/\/positiveprints.com\/fr\/produit\/paroles-de-chanson-pour-ados\/#primaryimage"},"thumbnailUrl":"https:\/\/positiveprints.com\/wp-content\/uploads\/2024\/12\/Paroles-de-chanson-pour-ado.webp","datePublished":"2024-12-01T20:00:37+00:00","dateModified":"2026-04-23T09:44:04+00:00","description":"Capturez la chanson pr\u00e9f\u00e9r\u00e9e de votre adolescent avec une impression de paroles personnalis\u00e9e. Parfait pour toute occasion sp\u00e9ciale. Commandez votre impression de paroles de chanson pour ados aujourd'hui.","breadcrumb":{"@id":"https:\/\/positiveprints.com\/fr\/produit\/paroles-de-chanson-pour-ados\/#breadcrumb"},"inLanguage":"fr-FR","potentialAction":[{"@type":"ReadAction","target":["https:\/\/positiveprints.com\/fr\/produit\/paroles-de-chanson-pour-ados\/"]}]},{"@type":"ImageObject","inLanguage":"fr-FR","@id":"https:\/\/positiveprints.com\/fr\/produit\/paroles-de-chanson-pour-ados\/#primaryimage","url":"https:\/\/positiveprints.com\/wp-content\/uploads\/2024\/12\/Paroles-de-chanson-pour-ado.webp","contentUrl":"https:\/\/positiveprints.com\/wp-content\/uploads\/2024\/12\/Paroles-de-chanson-pour-ado.webp","width":1450,"height":1450,"caption":"Paroles de chanson pour ado"},{"@type":"BreadcrumbList","@id":"https:\/\/positiveprints.com\/fr\/produit\/paroles-de-chanson-pour-ados\/#breadcrumb","itemListElement":[{"@type":"ListItem","position":1,"name":"Home","item":"https:\/\/positiveprints.com\/fr\/"},{"@type":"ListItem","position":2,"name":"Produits","item":"https:\/\/positiveprints.com\/fr\/shop\/"},{"@type":"ListItem","position":3,"name":"Paroles de chanson pour ados"}]},{"@type":"WebSite","@id":"https:\/\/positiveprints.com\/fr\/#website","url":"https:\/\/positiveprints.com\/fr\/","name":"Positive Prints","description":"Amazing Custom Personalized Gifts","publisher":{"@id":"https:\/\/positiveprints.com\/fr\/#organization"},"potentialAction":[{"@type":"SearchAction","target":{"@type":"EntryPoint","urlTemplate":"https:\/\/positiveprints.com\/fr\/?s={search_term_string}"},"query-input":{"@type":"PropertyValueSpecification","valueRequired":true,"valueName":"search_term_string"}}],"inLanguage":"fr-FR"},{"@type":"Organization","@id":"https:\/\/positiveprints.com\/fr\/#organization","name":"Positive Prints","alternateName":"Positive Prints","url":"https:\/\/positiveprints.com\/fr\/","logo":{"@type":"ImageObject","inLanguage":"fr-FR","@id":"https:\/\/positiveprints.com\/fr\/#\/schema\/logo\/image\/","url":"https:\/\/positiveprints.com\/wp-content\/uploads\/2026\/03\/245815646_1337939713319158_5671353136411139666_n.png","contentUrl":"https:\/\/positiveprints.com\/wp-content\/uploads\/2026\/03\/245815646_1337939713319158_5671353136411139666_n.png","width":800,"height":800,"caption":"Positive Prints"},"image":{"@id":"https:\/\/positiveprints.com\/fr\/#\/schema\/logo\/image\/"},"sameAs":["https:\/\/www.facebook.com\/positiveprintscom","https:\/\/www.instagram.com\/positiveprintscom\/","https:\/\/www.tiktok.com\/@positiveprintscom","https:\/\/www.pinterest.com\/positiveprintscom\/"]}]}},"jetpack_sharing_enabled":true,"_links":{"self":[{"href":"https:\/\/positiveprints.com\/fr\/wp-json\/wp\/v2\/product\/1293867","targetHints":{"allow":["GET"]}}],"collection":[{"href":"https:\/\/positiveprints.com\/fr\/wp-json\/wp\/v2\/product"}],"about":[{"href":"https:\/\/positiveprints.com\/fr\/wp-json\/wp\/v2\/types\/product"}],"wp:featuredmedia":[{"embeddable":true,"href":"https:\/\/positiveprints.com\/fr\/wp-json\/wp\/v2\/media\/1294316"}],"wp:attachment":[{"href":"https:\/\/positiveprints.com\/fr\/wp-json\/wp\/v2\/media?parent=1293867"}],"wp:term":[{"taxonomy":"product_brand","embeddable":true,"href":"https:\/\/positiveprints.com\/fr\/wp-json\/wp\/v2\/product_brand?post=1293867"},{"taxonomy":"product_cat","embeddable":true,"href":"https:\/\/positiveprints.com\/fr\/wp-json\/wp\/v2\/product_cat?post=1293867"},{"taxonomy":"product_tag","embeddable":true,"href":"https:\/\/positiveprints.com\/fr\/wp-json\/wp\/v2\/product_tag?post=1293867"}],"curies":[{"name":"wp","href":"https:\/\/api.w.org\/{rel}","templated":true}]}}