{"id":1287110,"date":"2024-04-19T11:49:25","date_gmt":"2024-04-19T10:49:25","guid":{"rendered":"https:\/\/positiveprints.com\/product\/bijoux-carte-du-ciel-personnalisee\/"},"modified":"2026-04-18T04:26:09","modified_gmt":"2026-04-18T03:26:09","slug":"bijoux-carte-du-ciel","status":"publish","type":"product","link":"https:\/\/positiveprints.com\/fr\/produit\/bijoux-carte-du-ciel\/","title":{"rendered":"Bijoux Carte du Ciel Personnalis\u00e9e"},"content":{"rendered":"<p>Avez-vous d\u00e9j\u00e0 voulu capturer la magie d&#8217;un moment sp\u00e9cial sous les \u00e9toiles ? D\u00e9couvrez nos bijoux personnalis\u00e9s avec carte du ciel. Mais qu&#8217;est-ce qui rend ces bijoux v\u00e9ritablement enchanteurs ?  <\/p>\n\n\n\n<h2>Cr\u00e9ez vos bijoux personnalis\u00e9s avec carte du ciel<\/h2>\n\n\n\n<p>Avec nos bijoux personnalis\u00e9s avec carte du ciel, vous pouvez immortaliser la beaut\u00e9 c\u00e9leste d\u2019un moment significatif dans le temps. Il vous suffit de nous fournir la date, l&#8217;heure et le lieu de votre moment sp\u00e9cial, et nous cr\u00e9erons une vue unique du ciel \u00e9toil\u00e9 \u00e0 cet instant pr\u00e9cis. <\/p>\n\n\n\n<p>Chaque pendentif pr\u00e9sente une repr\u00e9sentation impressionnante de la carte du ciel de votre moment choisi, garantissant que votre pi\u00e8ce est aussi unique que les souvenirs qu&#8217;elle repr\u00e9sente. Ajoutez un message personnalis\u00e9 au dos du pendentif pour le rendre encore plus personnel. <\/p>\n\n\n\n<p>Chaque pi\u00e8ce est minutieusement grav\u00e9e au laser pour garantir pr\u00e9cision et durabilit\u00e9. <\/p>\n\n\n\n\n\n<h2>Commander des bijoux avec carte du ciel en cadeau<\/h2>\n\n\n\n<p>Vous cherchez le cadeau parfait pour un proche ? Nos bijoux personnalis\u00e9s avec carte du ciel sont une mani\u00e8re \u00e9mouvante de comm\u00e9morer des occasions sp\u00e9ciales telles que les mariages, les anniversaires, les jubil\u00e9s ou la naissance d&#8217;un enfant. Imaginez la merveille sur leur visage lorsqu&#8217;ils recevront un pendentif repr\u00e9sentant le ciel \u00e9toil\u00e9 du moment o\u00f9 ils ont dit &#8220;oui&#8221;, ou de la nuit o\u00f9 leur enfant est n\u00e9.  <\/p>\n\n\n\n<p>Commander est simple \u2013 visitez simplement notre site web, fournissez les d\u00e9tails n\u00e9cessaires, personnalisez votre pendentif, choisissez votre mat\u00e9riau pr\u00e9f\u00e9r\u00e9 et votre option de cha\u00eene, puis passez votre commande. Nous nous occupons du reste, en nous assurant que votre pendentif soit \u00e9l\u00e9gamment emball\u00e9 dans une bo\u00eete \u00e0 bijoux, accompagn\u00e9e d\u2019un guide d&#8217;entretien et d&#8217;un tissu sp\u00e9cial pour le nettoyage. <\/p>\n\n\n\n<p>Que vous c\u00e9l\u00e9briez un jalon, honoriez un souvenir sp\u00e9cial ou que vous exprimiez simplement votre amour, nos bijoux personnalis\u00e9s avec carte du ciel sont le moyen parfait de capturer la beaut\u00e9 du cosmos et de garder vos moments pr\u00e9cieux pr\u00e8s de votre c\u0153ur. Alors pourquoi attendre ? Concevez votre pi\u00e8ce personnalis\u00e9e d\u00e8s aujourd&#8217;hui et laissez les \u00e9toiles raconter votre histoire !<\/p>","protected":false},"excerpt":{"rendered":"<ul class=\"check-list\">\n<li>Un hommage unique \u00e0 ce moment sp\u00e9cial dans l&#8217;univers<\/li>\n<li>D\u00e9couvrez votre carte du ciel et ajoutez un message \u00e0 graver sur votre charm<\/li>\n<li>Pendentif de 20 mm fabriqu\u00e9 \u00e0 partir d&#8217;Argent Sterling 925 ou d&#8217;Or massif 14K, grav\u00e9 au laser et fini \u00e0 la main<\/li>\n<li>Personnalisez en seulement 2 minutes<\/li>\n<li>Vois le r\u00e9sultat imm\u00e9diatement \u2013 l\u2019aper\u00e7u interactif te permet de peaufiner chaque d\u00e9tail<\/li>\n<\/ul>\n","protected":false},"featured_media":1552139,"template":"","meta":[],"product_brand":[],"product_cat":[9260,9212,104,11532,11607,11533,11529,11534,11530,11531,5264,15042,11401,11398,7685],"product_tag":[11895,11896,13426,9311,15218,15548,9344,13714,13699,14858,9327,9355],"class_list":{"0":"post-1287110","1":"product","2":"type-product","3":"status-publish","4":"has-post-thumbnail","6":"product_cat-jewelry-fr","7":"product_cat-star-map-jewelry-fr","8":"product_cat-tous-les-produits","9":"product_cat-10-ans-de-mariage","10":"product_cat-50-ans-de-mariage","11":"product_cat-15-ans-de-mariage","12":"product_cat-1-an-de-mariage","13":"product_cat-20-ans-de-mariage","14":"product_cat-2-ans-de-mariage","15":"product_cat-5-ans-de-mariage","16":"product_cat-cadeaux-de-noel","17":"product_cat-cadeaux-de-noel-pour-les-amis","18":"product_cat-cadeaux-de-noel-pour-la-soeur","19":"product_cat-cadeaux-de-noel-pour-les-enfants","20":"product_cat-cadeaux-pour-femmes","21":"product_tag-breloque","22":"product_tag-breloques","23":"product_tag-cadeau-de-noel-pour-soeur","24":"product_tag-chaine","25":"product_tag-christmas-gifts-for-friends-fr","26":"product_tag-ciel-nocturne","27":"product_tag-collier","28":"product_tag-collier-argent-carte-des-etoiles","29":"product_tag-collier-carte-des-etoiles","30":"product_tag-creators-fr-2","31":"product_tag-medaillon-fr","32":"product_tag-pendentif","34":"first","35":"instock","36":"sale","37":"taxable","38":"shipping-taxable","39":"purchasable","40":"product-type-variable"},"yoast_head":"<!-- This site is optimized with the Yoast SEO Premium plugin v27.2 (Yoast SEO v27.2) - https:\/\/yoast.com\/product\/yoast-seo-premium-wordpress\/ -->\n<title>Bijoux Carte du Ciel Personnalis\u00e9e - Positive Prints<\/title>\n<meta name=\"description\" content=\"Nos bijoux personnalis\u00e9s avec carte du ciel sont la mani\u00e8re parfaite de capturer la beaut\u00e9 du cosmos et de garder vos moments pr\u00e9cieux pr\u00e8s de votre c\u0153ur.\" \/>\n<meta name=\"robots\" content=\"index, follow, max-snippet:-1, max-image-preview:large, max-video-preview:-1\" \/>\n<link rel=\"canonical\" href=\"https:\/\/positiveprints.com\/fr\/produit\/bijoux-carte-du-ciel\/\" \/>\n<meta property=\"og:locale\" content=\"fr_FR\" \/>\n<meta property=\"og:type\" content=\"article\" \/>\n<meta property=\"og:title\" content=\"Bijoux Carte du Ciel Personnalis\u00e9e\" \/>\n<meta property=\"og:description\" content=\"Un hommage unique \u00e0 ce moment sp\u00e9cial dans l&#039;univers    D\u00e9couvrez votre carte du ciel et ajoutez un message \u00e0 graver sur votre charm    Pendentif de 20 mm fabriqu\u00e9 \u00e0 partir d&#039;Argent Sterling 925 ou d&#039;Or massif 14K, grav\u00e9 au laser et fini \u00e0 la main    Personnalisez en seulement 2 minutes    Vois le r\u00e9sultat imm\u00e9diatement \u2013 l\u2019aper\u00e7u interactif te permet de peaufiner chaque d\u00e9tail\" \/>\n<meta property=\"og:url\" content=\"https:\/\/positiveprints.com\/fr\/produit\/bijoux-carte-du-ciel\/\" \/>\n<meta property=\"og:site_name\" content=\"Positive Prints\" \/>\n<meta property=\"article:publisher\" content=\"https:\/\/www.facebook.com\/positiveprintscom\" \/>\n<meta property=\"article:modified_time\" content=\"2026-04-18T03:26:09+00:00\" \/>\n<meta property=\"og:image\" content=\"https:\/\/positiveprints.com\/wp-content\/uploads\/2025\/10\/main-and-packshot-all-custom-star-chart-jewelry.webp\" \/>\n\t<meta property=\"og:image:width\" content=\"2500\" \/>\n\t<meta property=\"og:image:height\" content=\"2500\" \/>\n\t<meta property=\"og:image:type\" content=\"image\/webp\" \/>\n<meta name=\"twitter:card\" content=\"summary_large_image\" \/>\n<meta name=\"twitter:label1\" content=\"Dur\u00e9e de lecture estim\u00e9e\" \/>\n\t<meta name=\"twitter:data1\" content=\"2 minutes\" \/>\n<!-- \/ Yoast SEO Premium plugin. -->","yoast_head_json":{"title":"Bijoux Carte du Ciel Personnalis\u00e9e - Positive Prints","description":"Nos bijoux personnalis\u00e9s avec carte du ciel sont la mani\u00e8re parfaite de capturer la beaut\u00e9 du cosmos et de garder vos moments pr\u00e9cieux pr\u00e8s de votre c\u0153ur.","robots":{"index":"index","follow":"follow","max-snippet":"max-snippet:-1","max-image-preview":"max-image-preview:large","max-video-preview":"max-video-preview:-1"},"canonical":"https:\/\/positiveprints.com\/fr\/produit\/bijoux-carte-du-ciel\/","og_locale":"fr_FR","og_type":"article","og_title":"Bijoux Carte du Ciel Personnalis\u00e9e","og_description":"Un hommage unique \u00e0 ce moment sp\u00e9cial dans l'univers    D\u00e9couvrez votre carte du ciel et ajoutez un message \u00e0 graver sur votre charm    Pendentif de 20 mm fabriqu\u00e9 \u00e0 partir d'Argent Sterling 925 ou d'Or massif 14K, grav\u00e9 au laser et fini \u00e0 la main    Personnalisez en seulement 2 minutes    Vois le r\u00e9sultat imm\u00e9diatement \u2013 l\u2019aper\u00e7u interactif te permet de peaufiner chaque d\u00e9tail","og_url":"https:\/\/positiveprints.com\/fr\/produit\/bijoux-carte-du-ciel\/","og_site_name":"Positive Prints","article_publisher":"https:\/\/www.facebook.com\/positiveprintscom","article_modified_time":"2026-04-18T03:26:09+00:00","og_image":[{"width":2500,"height":2500,"url":"https:\/\/positiveprints.com\/wp-content\/uploads\/2025\/10\/main-and-packshot-all-custom-star-chart-jewelry.webp","type":"image\/webp"}],"twitter_card":"summary_large_image","twitter_misc":{"Dur\u00e9e de lecture estim\u00e9e":"2 minutes"},"schema":{"@context":"https:\/\/schema.org","@graph":[{"@type":["WebPage","ItemPage"],"@id":"https:\/\/positiveprints.com\/fr\/produit\/bijoux-carte-du-ciel\/","url":"https:\/\/positiveprints.com\/fr\/produit\/bijoux-carte-du-ciel\/","name":"Bijoux Carte du Ciel Personnalis\u00e9e - Positive Prints","isPartOf":{"@id":"https:\/\/positiveprints.com\/fr\/#website"},"primaryImageOfPage":{"@id":"https:\/\/positiveprints.com\/fr\/produit\/bijoux-carte-du-ciel\/#primaryimage"},"image":{"@id":"https:\/\/positiveprints.com\/fr\/produit\/bijoux-carte-du-ciel\/#primaryimage"},"thumbnailUrl":"https:\/\/positiveprints.com\/wp-content\/uploads\/2025\/10\/main-and-packshot-all-custom-star-chart-jewelry.webp","datePublished":"2024-04-19T10:49:25+00:00","dateModified":"2026-04-18T03:26:09+00:00","description":"Nos bijoux personnalis\u00e9s avec carte du ciel sont la mani\u00e8re parfaite de capturer la beaut\u00e9 du cosmos et de garder vos moments pr\u00e9cieux pr\u00e8s de votre c\u0153ur.","breadcrumb":{"@id":"https:\/\/positiveprints.com\/fr\/produit\/bijoux-carte-du-ciel\/#breadcrumb"},"inLanguage":"fr-FR","potentialAction":[{"@type":"ReadAction","target":["https:\/\/positiveprints.com\/fr\/produit\/bijoux-carte-du-ciel\/"]}]},{"@type":"ImageObject","inLanguage":"fr-FR","@id":"https:\/\/positiveprints.com\/fr\/produit\/bijoux-carte-du-ciel\/#primaryimage","url":"https:\/\/positiveprints.com\/wp-content\/uploads\/2025\/10\/main-and-packshot-all-custom-star-chart-jewelry.webp","contentUrl":"https:\/\/positiveprints.com\/wp-content\/uploads\/2025\/10\/main-and-packshot-all-custom-star-chart-jewelry.webp","width":2500,"height":2500},{"@type":"BreadcrumbList","@id":"https:\/\/positiveprints.com\/fr\/produit\/bijoux-carte-du-ciel\/#breadcrumb","itemListElement":[{"@type":"ListItem","position":1,"name":"Home","item":"https:\/\/positiveprints.com\/fr\/"},{"@type":"ListItem","position":2,"name":"Produits","item":"https:\/\/positiveprints.com\/fr\/shop\/"},{"@type":"ListItem","position":3,"name":"Bijoux Carte du Ciel Personnalis\u00e9e"}]},{"@type":"WebSite","@id":"https:\/\/positiveprints.com\/fr\/#website","url":"https:\/\/positiveprints.com\/fr\/","name":"Positive Prints","description":"Amazing Custom Personalized Gifts","publisher":{"@id":"https:\/\/positiveprints.com\/fr\/#organization"},"potentialAction":[{"@type":"SearchAction","target":{"@type":"EntryPoint","urlTemplate":"https:\/\/positiveprints.com\/fr\/?s={search_term_string}"},"query-input":{"@type":"PropertyValueSpecification","valueRequired":true,"valueName":"search_term_string"}}],"inLanguage":"fr-FR"},{"@type":"Organization","@id":"https:\/\/positiveprints.com\/fr\/#organization","name":"Positive Prints","alternateName":"Positive Prints","url":"https:\/\/positiveprints.com\/fr\/","logo":{"@type":"ImageObject","inLanguage":"fr-FR","@id":"https:\/\/positiveprints.com\/fr\/#\/schema\/logo\/image\/","url":"https:\/\/positiveprints.com\/wp-content\/uploads\/2026\/03\/245815646_1337939713319158_5671353136411139666_n.png","contentUrl":"https:\/\/positiveprints.com\/wp-content\/uploads\/2026\/03\/245815646_1337939713319158_5671353136411139666_n.png","width":800,"height":800,"caption":"Positive Prints"},"image":{"@id":"https:\/\/positiveprints.com\/fr\/#\/schema\/logo\/image\/"},"sameAs":["https:\/\/www.facebook.com\/positiveprintscom","https:\/\/www.instagram.com\/positiveprintscom\/","https:\/\/www.tiktok.com\/@positiveprintscom","https:\/\/www.pinterest.com\/positiveprintscom\/"]}]}},"jetpack_sharing_enabled":true,"_links":{"self":[{"href":"https:\/\/positiveprints.com\/fr\/wp-json\/wp\/v2\/product\/1287110","targetHints":{"allow":["GET"]}}],"collection":[{"href":"https:\/\/positiveprints.com\/fr\/wp-json\/wp\/v2\/product"}],"about":[{"href":"https:\/\/positiveprints.com\/fr\/wp-json\/wp\/v2\/types\/product"}],"wp:featuredmedia":[{"embeddable":true,"href":"https:\/\/positiveprints.com\/fr\/wp-json\/wp\/v2\/media\/1552139"}],"wp:attachment":[{"href":"https:\/\/positiveprints.com\/fr\/wp-json\/wp\/v2\/media?parent=1287110"}],"wp:term":[{"taxonomy":"product_brand","embeddable":true,"href":"https:\/\/positiveprints.com\/fr\/wp-json\/wp\/v2\/product_brand?post=1287110"},{"taxonomy":"product_cat","embeddable":true,"href":"https:\/\/positiveprints.com\/fr\/wp-json\/wp\/v2\/product_cat?post=1287110"},{"taxonomy":"product_tag","embeddable":true,"href":"https:\/\/positiveprints.com\/fr\/wp-json\/wp\/v2\/product_tag?post=1287110"}],"curies":[{"name":"wp","href":"https:\/\/api.w.org\/{rel}","templated":true}]}}