{"id":1272493,"date":"2024-11-06T17:30:12","date_gmt":"2024-11-06T16:30:12","guid":{"rendered":"https:\/\/positiveprints.com\/?post_type=product&#038;p=1272493"},"modified":"2026-04-23T10:46:08","modified_gmt":"2026-04-23T09:46:08","slug":"art-lyrique-personnalise","status":"publish","type":"product","link":"https:\/\/positiveprints.com\/fr\/produit\/art-lyrique-personnalise\/","title":{"rendered":"Art Lyrique Personnalis\u00e9"},"content":{"rendered":"<p>Vous cherchez un cadeau unique et sp\u00e9cial ? L\u2019*Art Lyrique Personnalis\u00e9* est une impression ou une toile personnalis\u00e9e qui met magnifiquement en valeur les paroles d\u2019une chanson de votre choix. C\u2019est la mani\u00e8re id\u00e9ale de c\u00e9l\u00e9brer une occasion sp\u00e9ciale et de cr\u00e9er des souvenirs durables.<\/p>\r\n\r\n<h2>Cr\u00e9ez Votre Propre Art Lyrique Personnalis\u00e9<\/h2>\r\n\r\n<p>Rendez-vous sur notre \u00e9diteur en ligne et commencez par choisir un fond. Vous pouvez s\u00e9lectionner parmi nos options pr\u00e9d\u00e9finies ou cr\u00e9er le v\u00f4tre. Ensuite, choisissez les paroles de la chanson que vous souhaitez afficher. Vous pouvez \u00e9galement ajouter un message personnalis\u00e9 sous les paroles pour le rendre encore plus sp\u00e9cial.<\/p>\r\n\r\n<p>S\u00e9lectionnez le format de votre \u0153uvre parmi diff\u00e9rentes options, y compris des affiches imprim\u00e9es ou encadr\u00e9es, des toiles et des t\u00e9l\u00e9chargements num\u00e9riques instantan\u00e9s. Chaque pi\u00e8ce est r\u00e9alis\u00e9e sur mesure, garantissant un cadeau unique et pr\u00e9cieux.<\/p>\r\n\r\n<h2>Le Cadeau Parfait pour Toute Occasion<\/h2>\r\n\r\n<p>L\u2019Art Lyrique Personnalis\u00e9 est un excellent cadeau pour toutes les occasions. Que ce soit un anniversaire, un mariage, un anniversaire de mariage ou simplement pour montrer votre affection, cette \u0153uvre est une mani\u00e8re significative de c\u00e9l\u00e9brer des moments sp\u00e9ciaux. C\u2019est \u00e9galement un cadeau romantique, id\u00e9al pour afficher la chanson de votre premi\u00e8re danse ou de votre premi\u00e8re rencontre.<\/p>\r\n\r\n<p>Ce cadeau est parfait pour vos amis, vos proches ou vos coll\u00e8gues qui ont une chanson pr\u00e9f\u00e9r\u00e9e qui leur tient \u00e0 c\u0153ur.<\/p>\r\n\r\n<h2>Personnalisez Votre Cadeau D\u00e8s Aujourd\u2019hui<\/h2>\r\n\r\n<p>Pr\u00eat(e) \u00e0 cr\u00e9er un cadeau \u00e9mouvant ? Personnalisez votre *Art Lyrique Personnalis\u00e9* d\u00e8s aujourd\u2019hui. Rendez-vous sur notre \u00e9diteur en ligne pour choisir un fond, saisir les paroles de la chanson et ajouter un message personnalis\u00e9. S\u00e9lectionnez le format qui correspond \u00e0 votre style, et c\u2019est parti !<\/p>\r\n\r\n<p>Commandez votre *Art Lyrique Personnalis\u00e9* d\u00e8s maintenant et offrez un cadeau qui sera ch\u00e9ri pour toujours.<\/p>","protected":false},"excerpt":{"rendered":"<ul class=\"check-list\">\n<li>Personnalisez votre cr\u00e9ation avec des paroles de chanson ou un texte personnalis\u00e9<\/li>\n<li>Ajoutez votre propre photo (optionnel) pour un rendu unique<\/li>\n<li>Int\u00e9grez des pr\u00e9noms, des dates ou un message sp\u00e9cial<\/li>\n<li>Personnalisez le tout en seulement 2 minutes<\/li>\n<li>Utilisez l&#8217;aper\u00e7u interactif en temps r\u00e9el pour ajuster chaque d\u00e9tail<\/li>\n<\/ul>\n","protected":false},"featured_media":1271414,"template":"","meta":[],"product_brand":[],"product_cat":[8217,12175,9760,104,8998,3127,11535,11536,11537,11538,11624,11625,11626,11627,11211,11212,5290,5264,11393,11394,11390,11398,7941,7670,7638,7653,7765,7781,7749,7845,7829],"product_tag":[16278,8463,15942,13228,13332,13331,12089,9419,12061,12060],"class_list":{"0":"post-1272493","1":"product","2":"type-product","3":"status-publish","4":"has-post-thumbnail","6":"product_cat-pour-lui","7":"product_cat-lyrics-fr","8":"product_cat-trending-label-fr","9":"product_cat-tous-les-produits","10":"product_cat-fete-des-grands-parents","11":"product_cat-cadeaux-danniversaire","12":"product_cat-anniversaire-de-18-ans","13":"product_cat-anniversaire-de-21-ans","14":"product_cat-anniversaire-de-30-ans","15":"product_cat-anniversaire-de-40-ans","16":"product_cat-anniversaire-de-50-ans","17":"product_cat-anniversaire-de-60-ans","18":"product_cat-anniversaire-de-70-ans","19":"product_cat-anniversaire-de-80-ans","20":"product_cat-cadeau-anniversaire-femme","21":"product_cat-cadeau-anniversaire-homme","22":"product_cat-cadeaux-de-pendaison-de-cremaillere","23":"product_cat-cadeaux-de-noel","24":"product_cat-cadeaux-de-noel-pour-mamie","25":"product_cat-cadeaux-de-noel-pour-papi","26":"product_cat-cadeaux-de-noel-pour-les-collegues","27":"product_cat-cadeaux-de-noel-pour-les-enfants","28":"product_cat-cadeaux-de-depart-en-retraite","29":"product_cat-cadeaux-pour-petit-ami","30":"product_cat-cadeaux-pour-mari","31":"product_cat-cadeaux-pour-fils","32":"product_cat-cadeaux-pour-fille","33":"product_cat-cadeaux-pour-petite-amie","34":"product_cat-cadeaux-pour-epouse","35":"product_cat-cadeaux-pour-la-famille","36":"product_cat-cadeaux-pour-amis","37":"product_tag-album-vinyle","38":"product_tag-birthday-fr","39":"product_tag-cadeau-de-noel-pour-enfants","40":"product_tag-cadeau-de-noel-pour-un-collegue","41":"product_tag-cadeau-de-noel-pour-un-grand-pere","42":"product_tag-cadeau-de-noel-pour-une-grand-mere","43":"product_tag-chanson","44":"product_tag-musique","45":"product_tag-paroles","46":"product_tag-paroles-de-chanson","48":"first","49":"instock","50":"sale","51":"taxable","52":"shipping-taxable","53":"purchasable","54":"product-type-variable"},"yoast_head":"<!-- This site is optimized with the Yoast SEO Premium plugin v27.2 (Yoast SEO v27.2) - https:\/\/yoast.com\/product\/yoast-seo-premium-wordpress\/ -->\n<title>Art Lyrique Personnalis\u00e9 - Positive Prints<\/title>\n<meta name=\"description\" content=\"Vous cherchez un cadeau unique et sp\u00e9cial ? L\u2019*Art Lyrique Personnalis\u00e9* est une impression ou une toile personnalis\u00e9e qui magnifie les paroles d\u2019une chanson de votre choix.\" \/>\n<meta name=\"robots\" content=\"index, follow, max-snippet:-1, max-image-preview:large, max-video-preview:-1\" \/>\n<link rel=\"canonical\" href=\"https:\/\/positiveprints.com\/fr\/produit\/art-lyrique-personnalise\/\" \/>\n<meta property=\"og:locale\" content=\"fr_FR\" \/>\n<meta property=\"og:type\" content=\"article\" \/>\n<meta property=\"og:title\" content=\"Art Lyrique Personnalis\u00e9\" \/>\n<meta property=\"og:description\" content=\"Personnalisez votre cr\u00e9ation avec des paroles de chanson ou un texte personnalis\u00e9 Ajoutez votre propre photo (optionnel) pour un rendu unique Int\u00e9grez des pr\u00e9noms, des dates ou un message sp\u00e9cial Personnalisez le tout en seulement 2 minutes Utilisez l&#039;aper\u00e7u interactif en temps r\u00e9el pour ajuster chaque d\u00e9tail\" \/>\n<meta property=\"og:url\" content=\"https:\/\/positiveprints.com\/fr\/produit\/art-lyrique-personnalise\/\" \/>\n<meta property=\"og:site_name\" content=\"Positive Prints\" \/>\n<meta property=\"article:publisher\" content=\"https:\/\/www.facebook.com\/positiveprintscom\" \/>\n<meta property=\"article:modified_time\" content=\"2026-04-23T09:46:08+00:00\" \/>\n<meta property=\"og:image\" content=\"https:\/\/positiveprints.com\/wp-content\/uploads\/2024\/11\/Packshot_FR_Custom-Song-Lyrics-Art-product-image-.webp\" \/>\n\t<meta property=\"og:image:width\" content=\"1450\" \/>\n\t<meta property=\"og:image:height\" content=\"1450\" \/>\n\t<meta property=\"og:image:type\" content=\"image\/webp\" \/>\n<meta name=\"twitter:card\" content=\"summary_large_image\" \/>\n<meta name=\"twitter:label1\" content=\"Dur\u00e9e de lecture estim\u00e9e\" \/>\n\t<meta name=\"twitter:data1\" content=\"2 minutes\" \/>\n<!-- \/ Yoast SEO Premium plugin. -->","yoast_head_json":{"title":"Art Lyrique Personnalis\u00e9 - Positive Prints","description":"Vous cherchez un cadeau unique et sp\u00e9cial ? L\u2019*Art Lyrique Personnalis\u00e9* est une impression ou une toile personnalis\u00e9e qui magnifie les paroles d\u2019une chanson de votre choix.","robots":{"index":"index","follow":"follow","max-snippet":"max-snippet:-1","max-image-preview":"max-image-preview:large","max-video-preview":"max-video-preview:-1"},"canonical":"https:\/\/positiveprints.com\/fr\/produit\/art-lyrique-personnalise\/","og_locale":"fr_FR","og_type":"article","og_title":"Art Lyrique Personnalis\u00e9","og_description":"Personnalisez votre cr\u00e9ation avec des paroles de chanson ou un texte personnalis\u00e9 Ajoutez votre propre photo (optionnel) pour un rendu unique Int\u00e9grez des pr\u00e9noms, des dates ou un message sp\u00e9cial Personnalisez le tout en seulement 2 minutes Utilisez l'aper\u00e7u interactif en temps r\u00e9el pour ajuster chaque d\u00e9tail","og_url":"https:\/\/positiveprints.com\/fr\/produit\/art-lyrique-personnalise\/","og_site_name":"Positive Prints","article_publisher":"https:\/\/www.facebook.com\/positiveprintscom","article_modified_time":"2026-04-23T09:46:08+00:00","og_image":[{"width":1450,"height":1450,"url":"https:\/\/positiveprints.com\/wp-content\/uploads\/2024\/11\/Packshot_FR_Custom-Song-Lyrics-Art-product-image-.webp","type":"image\/webp"}],"twitter_card":"summary_large_image","twitter_misc":{"Dur\u00e9e de lecture estim\u00e9e":"2 minutes"},"schema":{"@context":"https:\/\/schema.org","@graph":[{"@type":["WebPage","ItemPage"],"@id":"https:\/\/positiveprints.com\/fr\/produit\/art-lyrique-personnalise\/","url":"https:\/\/positiveprints.com\/fr\/produit\/art-lyrique-personnalise\/","name":"Art Lyrique Personnalis\u00e9 - Positive Prints","isPartOf":{"@id":"https:\/\/positiveprints.com\/fr\/#website"},"primaryImageOfPage":{"@id":"https:\/\/positiveprints.com\/fr\/produit\/art-lyrique-personnalise\/#primaryimage"},"image":{"@id":"https:\/\/positiveprints.com\/fr\/produit\/art-lyrique-personnalise\/#primaryimage"},"thumbnailUrl":"https:\/\/positiveprints.com\/wp-content\/uploads\/2024\/11\/Packshot_FR_Custom-Song-Lyrics-Art-product-image-.webp","datePublished":"2024-11-06T16:30:12+00:00","dateModified":"2026-04-23T09:46:08+00:00","description":"Vous cherchez un cadeau unique et sp\u00e9cial ? L\u2019*Art Lyrique Personnalis\u00e9* est une impression ou une toile personnalis\u00e9e qui magnifie les paroles d\u2019une chanson de votre choix.","breadcrumb":{"@id":"https:\/\/positiveprints.com\/fr\/produit\/art-lyrique-personnalise\/#breadcrumb"},"inLanguage":"fr-FR","potentialAction":[{"@type":"ReadAction","target":["https:\/\/positiveprints.com\/fr\/produit\/art-lyrique-personnalise\/"]}]},{"@type":"ImageObject","inLanguage":"fr-FR","@id":"https:\/\/positiveprints.com\/fr\/produit\/art-lyrique-personnalise\/#primaryimage","url":"https:\/\/positiveprints.com\/wp-content\/uploads\/2024\/11\/Packshot_FR_Custom-Song-Lyrics-Art-product-image-.webp","contentUrl":"https:\/\/positiveprints.com\/wp-content\/uploads\/2024\/11\/Packshot_FR_Custom-Song-Lyrics-Art-product-image-.webp","width":1450,"height":1450},{"@type":"BreadcrumbList","@id":"https:\/\/positiveprints.com\/fr\/produit\/art-lyrique-personnalise\/#breadcrumb","itemListElement":[{"@type":"ListItem","position":1,"name":"Home","item":"https:\/\/positiveprints.com\/fr\/"},{"@type":"ListItem","position":2,"name":"Produits","item":"https:\/\/positiveprints.com\/fr\/shop\/"},{"@type":"ListItem","position":3,"name":"Art Lyrique Personnalis\u00e9"}]},{"@type":"WebSite","@id":"https:\/\/positiveprints.com\/fr\/#website","url":"https:\/\/positiveprints.com\/fr\/","name":"Positive Prints","description":"Amazing Custom Personalized Gifts","publisher":{"@id":"https:\/\/positiveprints.com\/fr\/#organization"},"potentialAction":[{"@type":"SearchAction","target":{"@type":"EntryPoint","urlTemplate":"https:\/\/positiveprints.com\/fr\/?s={search_term_string}"},"query-input":{"@type":"PropertyValueSpecification","valueRequired":true,"valueName":"search_term_string"}}],"inLanguage":"fr-FR"},{"@type":"Organization","@id":"https:\/\/positiveprints.com\/fr\/#organization","name":"Positive Prints","alternateName":"Positive Prints","url":"https:\/\/positiveprints.com\/fr\/","logo":{"@type":"ImageObject","inLanguage":"fr-FR","@id":"https:\/\/positiveprints.com\/fr\/#\/schema\/logo\/image\/","url":"https:\/\/positiveprints.com\/wp-content\/uploads\/2026\/03\/245815646_1337939713319158_5671353136411139666_n.png","contentUrl":"https:\/\/positiveprints.com\/wp-content\/uploads\/2026\/03\/245815646_1337939713319158_5671353136411139666_n.png","width":800,"height":800,"caption":"Positive Prints"},"image":{"@id":"https:\/\/positiveprints.com\/fr\/#\/schema\/logo\/image\/"},"sameAs":["https:\/\/www.facebook.com\/positiveprintscom","https:\/\/www.instagram.com\/positiveprintscom\/","https:\/\/www.tiktok.com\/@positiveprintscom","https:\/\/www.pinterest.com\/positiveprintscom\/"]}]}},"jetpack_sharing_enabled":true,"_links":{"self":[{"href":"https:\/\/positiveprints.com\/fr\/wp-json\/wp\/v2\/product\/1272493","targetHints":{"allow":["GET"]}}],"collection":[{"href":"https:\/\/positiveprints.com\/fr\/wp-json\/wp\/v2\/product"}],"about":[{"href":"https:\/\/positiveprints.com\/fr\/wp-json\/wp\/v2\/types\/product"}],"wp:featuredmedia":[{"embeddable":true,"href":"https:\/\/positiveprints.com\/fr\/wp-json\/wp\/v2\/media\/1271414"}],"wp:attachment":[{"href":"https:\/\/positiveprints.com\/fr\/wp-json\/wp\/v2\/media?parent=1272493"}],"wp:term":[{"taxonomy":"product_brand","embeddable":true,"href":"https:\/\/positiveprints.com\/fr\/wp-json\/wp\/v2\/product_brand?post=1272493"},{"taxonomy":"product_cat","embeddable":true,"href":"https:\/\/positiveprints.com\/fr\/wp-json\/wp\/v2\/product_cat?post=1272493"},{"taxonomy":"product_tag","embeddable":true,"href":"https:\/\/positiveprints.com\/fr\/wp-json\/wp\/v2\/product_tag?post=1272493"}],"curies":[{"name":"wp","href":"https:\/\/api.w.org\/{rel}","templated":true}]}}