{"id":1272483,"date":"2024-11-06T19:52:37","date_gmt":"2024-11-06T18:52:37","guid":{"rendered":"https:\/\/positiveprints.com\/?post_type=product&#038;p=1272483"},"modified":"2026-04-12T20:01:26","modified_gmt":"2026-04-12T19:01:26","slug":"toi-et-moi-lyrics-de-chanson-affiche-personnalisee","status":"publish","type":"product","link":"https:\/\/positiveprints.com\/fr\/produit\/toi-et-moi-lyrics-de-chanson-affiche-personnalisee\/","title":{"rendered":"Toi et moi &#8211; Lyrics de chanson &#8211; Affiche personnalis\u00e9e"},"content":{"rendered":"<p>Vous cherchez un cadeau romantique pour votre \u00eatre cher ? Notre \u0153uvre d\u2019art *Toi et moi &#8211; Lyrics de chanson* est une mani\u00e8re unique et pleine d\u2019\u00e9motion de c\u00e9l\u00e9brer votre amour. Ce magnifique tableau met en valeur les paroles d\u2019une chanson sp\u00e9ciale pour vous deux, \u00e9l\u00e9gamment dispos\u00e9es autour d\u2019une photo pr\u00e9cieuse, cr\u00e9ant ainsi un souvenir inoubliable de votre relation.<\/p>\r\n\r\n<h2>Cr\u00e9ez Votre Propre Chanson Sp\u00e9ciale avec Photo<\/h2>\r\n\r\n<p>Commencez par visiter notre \u00e9diteur en ligne, o\u00f9 vous pouvez facilement t\u00e9l\u00e9charger une photo qui a une signification particuli\u00e8re pour vous. Choisissez un fond parmi notre s\u00e9lection ou cr\u00e9ez le v\u00f4tre pour sublimer la photo et les paroles. Ensuite, saisissez les paroles de votre chanson sp\u00e9ciale et ajoutez un message personnel pour rendre l\u2019\u0153uvre encore plus significative.<\/p>\r\n\r\n<p>Choisissez le format qui correspond le mieux \u00e0 votre style. Nous proposons plusieurs options, notamment des affiches imprim\u00e9es ou encadr\u00e9es, des toiles, ainsi que des t\u00e9l\u00e9chargements num\u00e9riques instantan\u00e9s. Chaque pi\u00e8ce est cr\u00e9\u00e9e sur mesure, garantissant une \u0153uvre d\u2019art unique et pr\u00e9cieuse.<\/p>\r\n\r\n<h2>Le Cadeau Romantique Parfait<\/h2>\r\n\r\n<p>*Toi et moi &#8211; Lyrics de chanson* est le cadeau romantique id\u00e9al pour elle ou lui. Que ce soit pour un anniversaire, un anniversaire de mariage, la Saint-Valentin ou simplement pour montrer votre affection, cette \u0153uvre est une magnifique fa\u00e7on de c\u00e9l\u00e9brer votre amour et les moments partag\u00e9s. C\u2019est parfait pour les couples souhaitant se souvenir d\u2019une chanson sp\u00e9ciale et d\u2019une photo ch\u00e8re \u00e0 leur c\u0153ur.<\/p>\r\n\r\n<h2>Personnalisez Votre Cadeau D\u00e8s Aujourd\u2019hui<\/h2>\r\n\r\n<p>Pr\u00eat(e) \u00e0 cr\u00e9er un cadeau unique et romantique ? Personnalisez votre *Chanson Sp\u00e9ciale avec Photo* d\u00e8s aujourd\u2019hui. Rendez-vous sur notre \u00e9diteur en ligne pour t\u00e9l\u00e9charger votre photo, choisir un fond, entrer les paroles de la chanson et ajouter un message personnel. S\u00e9lectionnez le format qui vous convient, et c\u2019est parti !<\/p>\r\n\r\n<p>Commandez votre *Chanson Sp\u00e9ciale avec Photo* personnalis\u00e9e d\u00e8s maintenant et offrez un cadeau qui sera ch\u00e9ri pour toujours.<\/p>","protected":false},"excerpt":{"rendered":"<ul class=\"check-list\">\n<li>Personnalisez votre cr\u00e9ation avec des paroles de chanson, des v\u0153ux de mariage ou un texte personnalis\u00e9<\/li>\n<li>Ajoutez votre propre photo (optionnel) pour un rendu unique<\/li>\n<li>Int\u00e9grez des pr\u00e9noms, des dates ou un message sp\u00e9cial<\/li>\n<li>Personnalisez le tout en seulement 2 minutes<\/li>\n<li>Utilisez l&#8217;aper\u00e7u interactif en temps r\u00e9el pour ajuster chaque d\u00e9tail<\/li>\n<\/ul>\n","protected":false},"featured_media":1265405,"template":"","meta":[],"product_brand":[],"product_cat":[9274,12175,8982,104,5328,11532,11607,11533,11529,11534,11530,11531,11177,11175,11176,11211,5264,11392,8006,7685,3118,11245,11246],"product_tag":[14849,14854,14866,14853,14681,12089,9732,14857,14859,14848,14852,9419,12088,12061,12060,14856,17442,14868,14864,14869,14851,14865,14867,14870,14863,14850],"class_list":{"0":"post-1272483","1":"product","2":"type-product","3":"status-publish","4":"has-post-thumbnail","6":"product_cat-bestsellers-label-fr","7":"product_cat-lyrics-fr","8":"product_cat-nouveautes","9":"product_cat-tous-les-produits","10":"product_cat-cadeaux-de-commemorations","11":"product_cat-10-ans-de-mariage","12":"product_cat-50-ans-de-mariage","13":"product_cat-15-ans-de-mariage","14":"product_cat-1-an-de-mariage","15":"product_cat-20-ans-de-mariage","16":"product_cat-2-ans-de-mariage","17":"product_cat-5-ans-de-mariage","18":"product_cat-cadeaux-danniversaire-pour-couples","19":"product_cat-cadeaux-danniversaire-pour-femme","20":"product_cat-cadeaux-danniversaire-pour-homme","21":"product_cat-cadeau-anniversaire-femme","22":"product_cat-cadeaux-de-noel","23":"product_cat-cadeaux-de-noel-pour-sa-copine","24":"product_cat-cadeaux-pour-hommes","25":"product_cat-cadeaux-pour-femmes","26":"product_cat-cadeaux-saint-valentin","27":"product_cat-cadeaux-de-saint-valentin-pour-elle","28":"product_cat-cadeaux-de-saint-valentin-pour-lui","29":"product_tag-anniversary-fr","30":"product_tag-anniversary-gift-fr","31":"product_tag-anniversary-gifts-fr","32":"product_tag-anniversary-present-fr","33":"product_tag-cadeau-romantique","34":"product_tag-chanson","35":"product_tag-couple-fr-2","36":"product_tag-couple-gift-fr","37":"product_tag-gift-for-couple-fr","38":"product_tag-love-fr","39":"product_tag-love-gift-fr","40":"product_tag-musique","41":"product_tag-notre-chanson","42":"product_tag-paroles","43":"product_tag-paroles-de-chanson","44":"product_tag-personalized-gift-fr","45":"product_tag-prezenty-pod-choinke-dla-dziewczyny-fr","46":"product_tag-romantic-gifts-fr","47":"product_tag-sentimental-gift-fr","48":"product_tag-special-occasion-fr","49":"product_tag-thoughtful-gift-fr","50":"product_tag-unique-gift-fr","51":"product_tag-valentines-day-gifts-fr","52":"product_tag-valentines-day-fr","53":"product_tag-valentines-day-gift-fr","54":"product_tag-wedding-anniversary-fr","56":"first","57":"instock","58":"sale","59":"taxable","60":"shipping-taxable","61":"purchasable","62":"product-type-variable"},"yoast_head":"<!-- This site is optimized with the Yoast SEO Premium plugin v27.2 (Yoast SEO v27.2) - https:\/\/yoast.com\/product\/yoast-seo-premium-wordpress\/ -->\n<title>Toi et moi - Lyrics de chanson - Positive Prints<\/title>\n<meta name=\"description\" content=\"Vous cherchez un cadeau romantique pour votre \u00eatre cher ? Notre \u0153uvre *Toi et moi - Lyrics de chanson* est une fa\u00e7on unique et \u00e9mouvante de c\u00e9l\u00e9brer votre amour.\" \/>\n<meta name=\"robots\" content=\"index, follow, max-snippet:-1, max-image-preview:large, max-video-preview:-1\" \/>\n<link rel=\"canonical\" href=\"https:\/\/positiveprints.com\/fr\/produit\/toi-et-moi-lyrics-de-chanson-affiche-personnalisee\/\" \/>\n<meta property=\"og:locale\" content=\"fr_FR\" \/>\n<meta property=\"og:type\" content=\"article\" \/>\n<meta property=\"og:title\" content=\"Toi et moi - Lyrics de chanson - Affiche personnalis\u00e9e\" \/>\n<meta property=\"og:description\" content=\"Personnalisez votre cr\u00e9ation avec des paroles de chanson, des v\u0153ux de mariage ou un texte personnalis\u00e9 Ajoutez votre propre photo (optionnel) pour un rendu unique Int\u00e9grez des pr\u00e9noms, des dates ou un message sp\u00e9cial Personnalisez le tout en seulement 2 minutes Utilisez l&#039;aper\u00e7u interactif en temps r\u00e9el pour ajuster chaque d\u00e9tail\" \/>\n<meta property=\"og:url\" content=\"https:\/\/positiveprints.com\/fr\/produit\/toi-et-moi-lyrics-de-chanson-affiche-personnalisee\/\" \/>\n<meta property=\"og:site_name\" content=\"Positive Prints\" \/>\n<meta property=\"article:publisher\" content=\"https:\/\/www.facebook.com\/positiveprintscom\" \/>\n<meta property=\"article:modified_time\" content=\"2026-04-12T19:01:26+00:00\" \/>\n<meta property=\"og:image\" content=\"https:\/\/positiveprints.com\/wp-content\/uploads\/2024\/11\/FR_PACKSHOT_Our-Special-Song-with-Photo-product-image-.webp\" \/>\n\t<meta property=\"og:image:width\" content=\"1450\" \/>\n\t<meta property=\"og:image:height\" content=\"1450\" \/>\n\t<meta property=\"og:image:type\" content=\"image\/webp\" \/>\n<meta name=\"twitter:card\" content=\"summary_large_image\" \/>\n<meta name=\"twitter:label1\" content=\"Dur\u00e9e de lecture estim\u00e9e\" \/>\n\t<meta name=\"twitter:data1\" content=\"2 minutes\" \/>\n<!-- \/ Yoast SEO Premium plugin. -->","yoast_head_json":{"title":"Toi et moi - Lyrics de chanson - Positive Prints","description":"Vous cherchez un cadeau romantique pour votre \u00eatre cher ? Notre \u0153uvre *Toi et moi - Lyrics de chanson* est une fa\u00e7on unique et \u00e9mouvante de c\u00e9l\u00e9brer votre amour.","robots":{"index":"index","follow":"follow","max-snippet":"max-snippet:-1","max-image-preview":"max-image-preview:large","max-video-preview":"max-video-preview:-1"},"canonical":"https:\/\/positiveprints.com\/fr\/produit\/toi-et-moi-lyrics-de-chanson-affiche-personnalisee\/","og_locale":"fr_FR","og_type":"article","og_title":"Toi et moi - Lyrics de chanson - Affiche personnalis\u00e9e","og_description":"Personnalisez votre cr\u00e9ation avec des paroles de chanson, des v\u0153ux de mariage ou un texte personnalis\u00e9 Ajoutez votre propre photo (optionnel) pour un rendu unique Int\u00e9grez des pr\u00e9noms, des dates ou un message sp\u00e9cial Personnalisez le tout en seulement 2 minutes Utilisez l'aper\u00e7u interactif en temps r\u00e9el pour ajuster chaque d\u00e9tail","og_url":"https:\/\/positiveprints.com\/fr\/produit\/toi-et-moi-lyrics-de-chanson-affiche-personnalisee\/","og_site_name":"Positive Prints","article_publisher":"https:\/\/www.facebook.com\/positiveprintscom","article_modified_time":"2026-04-12T19:01:26+00:00","og_image":[{"width":1450,"height":1450,"url":"https:\/\/positiveprints.com\/wp-content\/uploads\/2024\/11\/FR_PACKSHOT_Our-Special-Song-with-Photo-product-image-.webp","type":"image\/webp"}],"twitter_card":"summary_large_image","twitter_misc":{"Dur\u00e9e de lecture estim\u00e9e":"2 minutes"},"schema":{"@context":"https:\/\/schema.org","@graph":[{"@type":["WebPage","ItemPage"],"@id":"https:\/\/positiveprints.com\/fr\/produit\/toi-et-moi-lyrics-de-chanson-affiche-personnalisee\/","url":"https:\/\/positiveprints.com\/fr\/produit\/toi-et-moi-lyrics-de-chanson-affiche-personnalisee\/","name":"Toi et moi - Lyrics de chanson - Positive Prints","isPartOf":{"@id":"https:\/\/positiveprints.com\/fr\/#website"},"primaryImageOfPage":{"@id":"https:\/\/positiveprints.com\/fr\/produit\/toi-et-moi-lyrics-de-chanson-affiche-personnalisee\/#primaryimage"},"image":{"@id":"https:\/\/positiveprints.com\/fr\/produit\/toi-et-moi-lyrics-de-chanson-affiche-personnalisee\/#primaryimage"},"thumbnailUrl":"https:\/\/positiveprints.com\/wp-content\/uploads\/2024\/11\/FR_PACKSHOT_Our-Special-Song-with-Photo-product-image-.webp","datePublished":"2024-11-06T18:52:37+00:00","dateModified":"2026-04-12T19:01:26+00:00","description":"Vous cherchez un cadeau romantique pour votre \u00eatre cher ? Notre \u0153uvre *Toi et moi - Lyrics de chanson* est une fa\u00e7on unique et \u00e9mouvante de c\u00e9l\u00e9brer votre amour.","breadcrumb":{"@id":"https:\/\/positiveprints.com\/fr\/produit\/toi-et-moi-lyrics-de-chanson-affiche-personnalisee\/#breadcrumb"},"inLanguage":"fr-FR","potentialAction":[{"@type":"ReadAction","target":["https:\/\/positiveprints.com\/fr\/produit\/toi-et-moi-lyrics-de-chanson-affiche-personnalisee\/"]}]},{"@type":"ImageObject","inLanguage":"fr-FR","@id":"https:\/\/positiveprints.com\/fr\/produit\/toi-et-moi-lyrics-de-chanson-affiche-personnalisee\/#primaryimage","url":"https:\/\/positiveprints.com\/wp-content\/uploads\/2024\/11\/FR_PACKSHOT_Our-Special-Song-with-Photo-product-image-.webp","contentUrl":"https:\/\/positiveprints.com\/wp-content\/uploads\/2024\/11\/FR_PACKSHOT_Our-Special-Song-with-Photo-product-image-.webp","width":1450,"height":1450},{"@type":"BreadcrumbList","@id":"https:\/\/positiveprints.com\/fr\/produit\/toi-et-moi-lyrics-de-chanson-affiche-personnalisee\/#breadcrumb","itemListElement":[{"@type":"ListItem","position":1,"name":"Home","item":"https:\/\/positiveprints.com\/fr\/"},{"@type":"ListItem","position":2,"name":"Produits","item":"https:\/\/positiveprints.com\/fr\/shop\/"},{"@type":"ListItem","position":3,"name":"Toi et moi &#8211; Lyrics de chanson &#8211; Affiche personnalis\u00e9e"}]},{"@type":"WebSite","@id":"https:\/\/positiveprints.com\/fr\/#website","url":"https:\/\/positiveprints.com\/fr\/","name":"Positive Prints","description":"Amazing Custom Personalized Gifts","publisher":{"@id":"https:\/\/positiveprints.com\/fr\/#organization"},"potentialAction":[{"@type":"SearchAction","target":{"@type":"EntryPoint","urlTemplate":"https:\/\/positiveprints.com\/fr\/?s={search_term_string}"},"query-input":{"@type":"PropertyValueSpecification","valueRequired":true,"valueName":"search_term_string"}}],"inLanguage":"fr-FR"},{"@type":"Organization","@id":"https:\/\/positiveprints.com\/fr\/#organization","name":"Positive Prints","alternateName":"Positive Prints","url":"https:\/\/positiveprints.com\/fr\/","logo":{"@type":"ImageObject","inLanguage":"fr-FR","@id":"https:\/\/positiveprints.com\/fr\/#\/schema\/logo\/image\/","url":"https:\/\/positiveprints.com\/wp-content\/uploads\/2026\/03\/245815646_1337939713319158_5671353136411139666_n.png","contentUrl":"https:\/\/positiveprints.com\/wp-content\/uploads\/2026\/03\/245815646_1337939713319158_5671353136411139666_n.png","width":800,"height":800,"caption":"Positive Prints"},"image":{"@id":"https:\/\/positiveprints.com\/fr\/#\/schema\/logo\/image\/"},"sameAs":["https:\/\/www.facebook.com\/positiveprintscom","https:\/\/www.instagram.com\/positiveprintscom\/","https:\/\/www.tiktok.com\/@positiveprintscom","https:\/\/www.pinterest.com\/positiveprintscom\/"]}]}},"jetpack_sharing_enabled":true,"_links":{"self":[{"href":"https:\/\/positiveprints.com\/fr\/wp-json\/wp\/v2\/product\/1272483","targetHints":{"allow":["GET"]}}],"collection":[{"href":"https:\/\/positiveprints.com\/fr\/wp-json\/wp\/v2\/product"}],"about":[{"href":"https:\/\/positiveprints.com\/fr\/wp-json\/wp\/v2\/types\/product"}],"wp:featuredmedia":[{"embeddable":true,"href":"https:\/\/positiveprints.com\/fr\/wp-json\/wp\/v2\/media\/1265405"}],"wp:attachment":[{"href":"https:\/\/positiveprints.com\/fr\/wp-json\/wp\/v2\/media?parent=1272483"}],"wp:term":[{"taxonomy":"product_brand","embeddable":true,"href":"https:\/\/positiveprints.com\/fr\/wp-json\/wp\/v2\/product_brand?post=1272483"},{"taxonomy":"product_cat","embeddable":true,"href":"https:\/\/positiveprints.com\/fr\/wp-json\/wp\/v2\/product_cat?post=1272483"},{"taxonomy":"product_tag","embeddable":true,"href":"https:\/\/positiveprints.com\/fr\/wp-json\/wp\/v2\/product_tag?post=1272483"}],"curies":[{"name":"wp","href":"https:\/\/api.w.org\/{rel}","templated":true}]}}