{"id":1259633,"date":"2024-11-06T17:42:52","date_gmt":"2024-11-06T16:42:52","guid":{"rendered":"https:\/\/positiveprints.com\/?post_type=product&#038;p=1259633"},"modified":"2026-04-18T03:18:02","modified_gmt":"2026-04-18T02:18:02","slug":"premiere-danse-avec-photo","status":"publish","type":"product","link":"https:\/\/positiveprints.com\/fr\/produit\/premiere-danse-avec-photo\/","title":{"rendered":"Premi\u00e8re Danse avec Photo"},"content":{"rendered":"<p>Vous cherchez le cadeau d&#8217;anniversaire parfait ? Notre \u0153uvre d&#8217;art Premi\u00e8re Danse avec Photo est une fa\u00e7on sp\u00e9ciale et unique de se souvenir de votre jour de mariage. Cette magnifique pi\u00e8ce pr\u00e9sente les paroles de votre chanson de premi\u00e8re danse autour d&#8217;une photo de votre mariage ou d&#8217;un autre moment sp\u00e9cial, cr\u00e9ant ainsi un souvenir imp\u00e9rissable de votre histoire d&#8217;amour.<\/p>\r\n\r\n<h2>Cr\u00e9ez votre propre Premi\u00e8re Danse avec Photo<\/h2>\r\n\r\n<p>Commencez par visiter notre \u00e9diteur en ligne, o\u00f9 vous pouvez facilement t\u00e9l\u00e9charger une photo qui vous est ch\u00e8re. Choisissez un fond parmi notre s\u00e9lection ou cr\u00e9ez le v\u00f4tre pour correspondre \u00e0 la photo et aux paroles. Ensuite, entrez les paroles de votre chanson de premi\u00e8re danse et ajoutez un message personnel pour la rendre encore plus sp\u00e9ciale.<\/p>\r\n\r\n<p>Choisissez le format qui correspond le mieux \u00e0 votre style. Nous proposons diverses options, y compris des affiches imprim\u00e9es ou encadr\u00e9es, des toiles et des t\u00e9l\u00e9chargements num\u00e9riques instantan\u00e9s. Chaque pi\u00e8ce est fabriqu\u00e9e sp\u00e9cialement pour vous, garantissant que votre \u0153uvre d&#8217;art soit un cadeau unique et pr\u00e9cieux.<\/p>\r\n\r\n<h2>Le cadeau d&#8217;anniversaire parfait<\/h2>\r\n\r\n<p>Premi\u00e8re Danse avec Photo est le cadeau d&#8217;anniversaire parfait. Que vous c\u00e9l\u00e9briez votre premi\u00e8re ann\u00e9e ensemble ou un grand jalon, cette \u0153uvre d&#8217;art est une fa\u00e7on significative d&#8217;honorer votre amour et les souvenirs que vous partagez. C&#8217;est parfait pour les couples qui souhaitent se souvenir de leur jour de mariage et de la chanson sp\u00e9ciale qui a marqu\u00e9 le d\u00e9but de leur aventure commune.<\/p>\r\n\r\n<h2>Commencez \u00e0 personnaliser votre cadeau d\u00e8s aujourd&#8217;hui<\/h2>\r\n\r\n<p>Pr\u00eat \u00e0 cr\u00e9er un cadeau d&#8217;anniversaire unique et sinc\u00e8re ? Commencez \u00e0 personnaliser votre Premi\u00e8re Danse avec Photo d\u00e8s aujourd&#8217;hui. Visitez notre \u00e9diteur en ligne pour t\u00e9l\u00e9charger votre photo, choisir un fond, entrer les paroles de la chanson et ajouter un message personnel. Choisissez le format qui correspond \u00e0 votre style, et le tour est jou\u00e9 !<\/p>\r\n\r\n<p>Commandez d\u00e8s maintenant votre Premi\u00e8re Danse avec Photo personnalis\u00e9 et offrez un cadeau qui sera ch\u00e9ri pour toujours.<\/p>","protected":false},"excerpt":{"rendered":"<ul class=\"check-list\">\n<li>Personnalisez votre cr\u00e9ation avec des paroles de chanson, des v\u0153ux de mariage ou un texte personnalis\u00e9<\/li>\n<li>Ajoutez votre propre photo (optionnel) pour un rendu unique<\/li>\n<li>Int\u00e9grez des pr\u00e9noms, des dates ou un message sp\u00e9cial<\/li>\n<li>Personnalisez le tout en seulement 2 minutes<\/li>\n<li>Utilisez l&#8217;aper\u00e7u interactif en temps r\u00e9el pour ajuster chaque d\u00e9tail<\/li>\n<\/ul>\n","protected":false},"featured_media":1261211,"template":"","meta":[],"product_brand":[],"product_cat":[15844,9274,12175,104,11529,11177,11175,3122,5264,11395,11396,15055,11402,11397],"product_tag":[14849,13465,11793,11795,12089,12061,12060,17441,17440,16279],"class_list":{"0":"post-1259633","1":"product","2":"type-product","3":"status-publish","4":"has-post-thumbnail","6":"product_cat-shop-bestsellers-fr","7":"product_cat-bestsellers-label-fr","8":"product_cat-lyrics-fr","9":"product_cat-tous-les-produits","10":"product_cat-1-an-de-mariage","11":"product_cat-cadeaux-danniversaire-pour-couples","12":"product_cat-cadeaux-danniversaire-pour-femme","13":"product_cat-cadeaux-de-mariage","14":"product_cat-cadeaux-de-noel","15":"product_cat-cadeaux-de-noel-pour-femme","16":"product_cat-cadeaux-de-noel-pour-homme","17":"product_cat-cadeaux-de-noel-pour-la-famille","18":"product_cat-cadeaux-de-noel-pour-sa-femme","19":"product_cat-cadeaux-de-noel-pour-le-mari","20":"product_tag-anniversary-fr","21":"product_tag-cadeaux-de-noel-pour-la-famille","22":"product_tag-cadeaux-de-noel-pour-le-mari","23":"product_tag-cadeaux-de-noel-pour-sa-femme","24":"product_tag-chanson","25":"product_tag-paroles","26":"product_tag-paroles-de-chanson","27":"product_tag-prezenty-pod-choinke-dla-niego-fr","28":"product_tag-prezenty-pod-choinke-dla-niej-fr","29":"product_tag-wedding-fr-2","31":"first","32":"instock","33":"sale","34":"taxable","35":"shipping-taxable","36":"purchasable","37":"product-type-variable"},"yoast_head":"<!-- This site is optimized with the Yoast SEO Premium plugin v27.2 (Yoast SEO v27.2) - https:\/\/yoast.com\/product\/yoast-seo-premium-wordpress\/ -->\n<title>Premi\u00e8re Danse avec Photo - Positive Prints<\/title>\n<meta name=\"description\" content=\"Vous cherchez le cadeau d&#039;anniversaire parfait ? Notre \u0153uvre d&#039;art Premi\u00e8re Danse avec Photo est une fa\u00e7on sp\u00e9ciale et unique de se souvenir de votre jour de mariage.\" \/>\n<meta name=\"robots\" content=\"index, follow, max-snippet:-1, max-image-preview:large, max-video-preview:-1\" \/>\n<link rel=\"canonical\" href=\"https:\/\/positiveprints.com\/fr\/produit\/premiere-danse-avec-photo\/\" \/>\n<meta property=\"og:locale\" content=\"fr_FR\" \/>\n<meta property=\"og:type\" content=\"article\" \/>\n<meta property=\"og:title\" content=\"Premi\u00e8re Danse avec Photo\" \/>\n<meta property=\"og:description\" content=\"Personnalisez votre cr\u00e9ation avec des paroles de chanson, des v\u0153ux de mariage ou un texte personnalis\u00e9 Ajoutez votre propre photo (optionnel) pour un rendu unique Int\u00e9grez des pr\u00e9noms, des dates ou un message sp\u00e9cial Personnalisez le tout en seulement 2 minutes Utilisez l&#039;aper\u00e7u interactif en temps r\u00e9el pour ajuster chaque d\u00e9tail\" \/>\n<meta property=\"og:url\" content=\"https:\/\/positiveprints.com\/fr\/produit\/premiere-danse-avec-photo\/\" \/>\n<meta property=\"og:site_name\" content=\"Positive Prints\" \/>\n<meta property=\"article:publisher\" content=\"https:\/\/www.facebook.com\/positiveprintscom\" \/>\n<meta property=\"article:modified_time\" content=\"2026-04-18T02:18:02+00:00\" \/>\n<meta property=\"og:image\" content=\"https:\/\/positiveprints.com\/wp-content\/uploads\/2024\/11\/FR_PACKSHOT_First-Dance-Song-Lyrics-with-Photo-product-image-.webp\" \/>\n\t<meta property=\"og:image:width\" content=\"1450\" \/>\n\t<meta property=\"og:image:height\" content=\"1450\" \/>\n\t<meta property=\"og:image:type\" content=\"image\/webp\" \/>\n<meta name=\"twitter:card\" content=\"summary_large_image\" \/>\n<meta name=\"twitter:label1\" content=\"Dur\u00e9e de lecture estim\u00e9e\" \/>\n\t<meta name=\"twitter:data1\" content=\"2 minutes\" \/>\n<!-- \/ Yoast SEO Premium plugin. -->","yoast_head_json":{"title":"Premi\u00e8re Danse avec Photo - Positive Prints","description":"Vous cherchez le cadeau d'anniversaire parfait ? Notre \u0153uvre d'art Premi\u00e8re Danse avec Photo est une fa\u00e7on sp\u00e9ciale et unique de se souvenir de votre jour de mariage.","robots":{"index":"index","follow":"follow","max-snippet":"max-snippet:-1","max-image-preview":"max-image-preview:large","max-video-preview":"max-video-preview:-1"},"canonical":"https:\/\/positiveprints.com\/fr\/produit\/premiere-danse-avec-photo\/","og_locale":"fr_FR","og_type":"article","og_title":"Premi\u00e8re Danse avec Photo","og_description":"Personnalisez votre cr\u00e9ation avec des paroles de chanson, des v\u0153ux de mariage ou un texte personnalis\u00e9 Ajoutez votre propre photo (optionnel) pour un rendu unique Int\u00e9grez des pr\u00e9noms, des dates ou un message sp\u00e9cial Personnalisez le tout en seulement 2 minutes Utilisez l'aper\u00e7u interactif en temps r\u00e9el pour ajuster chaque d\u00e9tail","og_url":"https:\/\/positiveprints.com\/fr\/produit\/premiere-danse-avec-photo\/","og_site_name":"Positive Prints","article_publisher":"https:\/\/www.facebook.com\/positiveprintscom","article_modified_time":"2026-04-18T02:18:02+00:00","og_image":[{"width":1450,"height":1450,"url":"https:\/\/positiveprints.com\/wp-content\/uploads\/2024\/11\/FR_PACKSHOT_First-Dance-Song-Lyrics-with-Photo-product-image-.webp","type":"image\/webp"}],"twitter_card":"summary_large_image","twitter_misc":{"Dur\u00e9e de lecture estim\u00e9e":"2 minutes"},"schema":{"@context":"https:\/\/schema.org","@graph":[{"@type":["WebPage","ItemPage"],"@id":"https:\/\/positiveprints.com\/fr\/produit\/premiere-danse-avec-photo\/","url":"https:\/\/positiveprints.com\/fr\/produit\/premiere-danse-avec-photo\/","name":"Premi\u00e8re Danse avec Photo - Positive Prints","isPartOf":{"@id":"https:\/\/positiveprints.com\/fr\/#website"},"primaryImageOfPage":{"@id":"https:\/\/positiveprints.com\/fr\/produit\/premiere-danse-avec-photo\/#primaryimage"},"image":{"@id":"https:\/\/positiveprints.com\/fr\/produit\/premiere-danse-avec-photo\/#primaryimage"},"thumbnailUrl":"https:\/\/positiveprints.com\/wp-content\/uploads\/2024\/11\/FR_PACKSHOT_First-Dance-Song-Lyrics-with-Photo-product-image-.webp","datePublished":"2024-11-06T16:42:52+00:00","dateModified":"2026-04-18T02:18:02+00:00","description":"Vous cherchez le cadeau d'anniversaire parfait ? Notre \u0153uvre d'art Premi\u00e8re Danse avec Photo est une fa\u00e7on sp\u00e9ciale et unique de se souvenir de votre jour de mariage.","breadcrumb":{"@id":"https:\/\/positiveprints.com\/fr\/produit\/premiere-danse-avec-photo\/#breadcrumb"},"inLanguage":"fr-FR","potentialAction":[{"@type":"ReadAction","target":["https:\/\/positiveprints.com\/fr\/produit\/premiere-danse-avec-photo\/"]}]},{"@type":"ImageObject","inLanguage":"fr-FR","@id":"https:\/\/positiveprints.com\/fr\/produit\/premiere-danse-avec-photo\/#primaryimage","url":"https:\/\/positiveprints.com\/wp-content\/uploads\/2024\/11\/FR_PACKSHOT_First-Dance-Song-Lyrics-with-Photo-product-image-.webp","contentUrl":"https:\/\/positiveprints.com\/wp-content\/uploads\/2024\/11\/FR_PACKSHOT_First-Dance-Song-Lyrics-with-Photo-product-image-.webp","width":1450,"height":1450},{"@type":"BreadcrumbList","@id":"https:\/\/positiveprints.com\/fr\/produit\/premiere-danse-avec-photo\/#breadcrumb","itemListElement":[{"@type":"ListItem","position":1,"name":"Home","item":"https:\/\/positiveprints.com\/fr\/"},{"@type":"ListItem","position":2,"name":"Produits","item":"https:\/\/positiveprints.com\/fr\/shop\/"},{"@type":"ListItem","position":3,"name":"Premi\u00e8re Danse avec Photo"}]},{"@type":"WebSite","@id":"https:\/\/positiveprints.com\/fr\/#website","url":"https:\/\/positiveprints.com\/fr\/","name":"Positive Prints","description":"Amazing Custom Personalized Gifts","publisher":{"@id":"https:\/\/positiveprints.com\/fr\/#organization"},"potentialAction":[{"@type":"SearchAction","target":{"@type":"EntryPoint","urlTemplate":"https:\/\/positiveprints.com\/fr\/?s={search_term_string}"},"query-input":{"@type":"PropertyValueSpecification","valueRequired":true,"valueName":"search_term_string"}}],"inLanguage":"fr-FR"},{"@type":"Organization","@id":"https:\/\/positiveprints.com\/fr\/#organization","name":"Positive Prints","alternateName":"Positive Prints","url":"https:\/\/positiveprints.com\/fr\/","logo":{"@type":"ImageObject","inLanguage":"fr-FR","@id":"https:\/\/positiveprints.com\/fr\/#\/schema\/logo\/image\/","url":"https:\/\/positiveprints.com\/wp-content\/uploads\/2026\/03\/245815646_1337939713319158_5671353136411139666_n.png","contentUrl":"https:\/\/positiveprints.com\/wp-content\/uploads\/2026\/03\/245815646_1337939713319158_5671353136411139666_n.png","width":800,"height":800,"caption":"Positive Prints"},"image":{"@id":"https:\/\/positiveprints.com\/fr\/#\/schema\/logo\/image\/"},"sameAs":["https:\/\/www.facebook.com\/positiveprintscom","https:\/\/www.instagram.com\/positiveprintscom\/","https:\/\/www.tiktok.com\/@positiveprintscom","https:\/\/www.pinterest.com\/positiveprintscom\/"]}]}},"jetpack_sharing_enabled":true,"_links":{"self":[{"href":"https:\/\/positiveprints.com\/fr\/wp-json\/wp\/v2\/product\/1259633","targetHints":{"allow":["GET"]}}],"collection":[{"href":"https:\/\/positiveprints.com\/fr\/wp-json\/wp\/v2\/product"}],"about":[{"href":"https:\/\/positiveprints.com\/fr\/wp-json\/wp\/v2\/types\/product"}],"wp:featuredmedia":[{"embeddable":true,"href":"https:\/\/positiveprints.com\/fr\/wp-json\/wp\/v2\/media\/1261211"}],"wp:attachment":[{"href":"https:\/\/positiveprints.com\/fr\/wp-json\/wp\/v2\/media?parent=1259633"}],"wp:term":[{"taxonomy":"product_brand","embeddable":true,"href":"https:\/\/positiveprints.com\/fr\/wp-json\/wp\/v2\/product_brand?post=1259633"},{"taxonomy":"product_cat","embeddable":true,"href":"https:\/\/positiveprints.com\/fr\/wp-json\/wp\/v2\/product_cat?post=1259633"},{"taxonomy":"product_tag","embeddable":true,"href":"https:\/\/positiveprints.com\/fr\/wp-json\/wp\/v2\/product_tag?post=1259633"}],"curies":[{"name":"wp","href":"https:\/\/api.w.org\/{rel}","templated":true}]}}