{"id":1259404,"date":"2024-11-06T19:57:23","date_gmt":"2024-11-06T18:57:23","guid":{"rendered":"https:\/\/positiveprints.com\/?post_type=product&#038;p=1259404"},"modified":"2026-04-28T13:33:57","modified_gmt":"2026-04-28T12:33:57","slug":"notre-chanson","status":"publish","type":"product","link":"https:\/\/positiveprints.com\/fr\/produit\/notre-chanson\/","title":{"rendered":"Notre Chanson"},"content":{"rendered":"<p>Vous cherchez un cadeau romantique pour votre personne sp\u00e9ciale ? Notre \u0153uvre d&#8217;art avec les paroles de Notre Chanson est un moyen unique et sinc\u00e8re de c\u00e9l\u00e9brer votre amour. Ce magnifique morceau pr\u00e9sente les paroles d&#8217;une chanson qui a une signification particuli\u00e8re pour vous deux, \u00e9l\u00e9gamment affich\u00e9es pour cr\u00e9er un souvenir m\u00e9morable de votre relation.<\/p>\r\n\r\n<h2>Cr\u00e9ez Votre Propre \u0152uvre d&#8217;Art avec les Paroles de &#8220;Notre Chanson&#8221;<\/h2>\r\n\r\n<p>Commencez par visiter notre \u00e9diteur en ligne, o\u00f9 vous pouvez choisir un arri\u00e8re-plan parmi notre s\u00e9lection ou en cr\u00e9er un personnalis\u00e9 pour correspondre parfaitement aux paroles. Ensuite, entrez les paroles de Notre Chanson et ajoutez un message personnel pour rendre l&#8217;\u0153uvre encore plus significative.<\/p>\r\n\r\n<p>Choisissez le format qui convient le mieux \u00e0 votre style. Nous proposons diverses options, y compris des affiches imprim\u00e9es ou encadr\u00e9es, des toiles, et des t\u00e9l\u00e9chargements num\u00e9riques instantan\u00e9s. Chaque pi\u00e8ce est cr\u00e9\u00e9e sp\u00e9cialement pour vous, garantissant que votre \u0153uvre soit un cadeau unique et pr\u00e9cieux.<\/p>\r\n\r\n<h2>Le Cadeau Romantique Parfait<\/h2>\r\n\r\n<p>Notre \u0153uvre d&#8217;art avec les paroles de Notre Chanson est le cadeau romantique parfait, pour elle ou pour lui. Que ce soit pour un anniversaire, une f\u00eate, la Saint-Valentin, ou simplement pour montrer votre affection, cette \u0153uvre est une belle mani\u00e8re de c\u00e9l\u00e9brer votre amour et les moments que vous partagez. Elle est parfaite pour les couples qui souhaitent se souvenir d&#8217;une chanson sp\u00e9ciale qui repr\u00e9sente leur relation.<\/p>\r\n\r\n<h2>Commencez \u00e0 Personnaliser Votre Cadeau Aujourd&#8217;hui<\/h2>\r\n\r\n<p>Pr\u00eat \u00e0 cr\u00e9er un cadeau unique et romantique ? Commencez \u00e0 personnaliser votre \u0153uvre d&#8217;art avec les paroles de Notre Chanson d\u00e8s aujourd&#8217;hui. Visitez notre \u00e9diteur en ligne pour choisir un arri\u00e8re-plan, entrez les paroles de la chanson, et ajoutez un message personnel. Choisissez le format qui correspond \u00e0 votre style, et vous \u00eates pr\u00eat !<\/p>\r\n\r\n<p>Commandez maintenant votre \u0153uvre d&#8217;art personnalis\u00e9e avec les paroles de Notre Chanson et offrez un cadeau qui sera ch\u00e9ri pour toujours.<\/p>","protected":false},"excerpt":{"rendered":"<ul class=\"check-list\">\n<li>Personnalisez votre cr\u00e9ation avec des paroles de chanson, des v\u0153ux de mariage ou un texte personnalis\u00e9<\/li>\n<li>Ajoutez votre propre photo (optionnel) pour un rendu unique<\/li>\n<li>Int\u00e9grez des pr\u00e9noms, des dates ou un message sp\u00e9cial<\/li>\n<li>Personnalisez le tout en seulement 2 minutes<\/li>\n<li>Utilisez l&#8217;aper\u00e7u interactif en temps r\u00e9el pour ajuster chaque d\u00e9tail<\/li>\n<\/ul>\n","protected":false},"featured_media":1267512,"template":"","meta":[],"product_brand":[],"product_cat":[8217,12175,9760,104,11532,11607,11533,11529,11534,11530,11531,11177,11176,11212,5264,11395,11396,11392,11388,11402,11397,8006,7685,3118,11245,11246],"product_tag":[16278,14849,14854,14866,14853,14681,11793,11795,12089,14857,14859,14848,14852,9419,12061,12060,14856,17443,17442,17441,17440,14868,14864,14869,14851,14865,14850],"class_list":{"0":"post-1259404","1":"product","2":"type-product","3":"status-publish","4":"has-post-thumbnail","6":"product_cat-pour-lui","7":"product_cat-lyrics-fr","8":"product_cat-trending-label-fr","9":"product_cat-tous-les-produits","10":"product_cat-10-ans-de-mariage","11":"product_cat-50-ans-de-mariage","12":"product_cat-15-ans-de-mariage","13":"product_cat-1-an-de-mariage","14":"product_cat-20-ans-de-mariage","15":"product_cat-2-ans-de-mariage","16":"product_cat-5-ans-de-mariage","17":"product_cat-cadeaux-danniversaire-pour-couples","18":"product_cat-cadeaux-danniversaire-pour-homme","19":"product_cat-cadeau-anniversaire-homme","20":"product_cat-cadeaux-de-noel","21":"product_cat-cadeaux-de-noel-pour-femme","22":"product_cat-cadeaux-de-noel-pour-homme","23":"product_cat-cadeaux-de-noel-pour-sa-copine","24":"product_cat-cadeaux-de-noel-pour-son-petit-copain","25":"product_cat-cadeaux-de-noel-pour-sa-femme","26":"product_cat-cadeaux-de-noel-pour-le-mari","27":"product_cat-cadeaux-pour-hommes","28":"product_cat-cadeaux-pour-femmes","29":"product_cat-cadeaux-saint-valentin","30":"product_cat-cadeaux-de-saint-valentin-pour-elle","31":"product_cat-cadeaux-de-saint-valentin-pour-lui","32":"product_tag-album-vinyle","33":"product_tag-anniversary-fr","34":"product_tag-anniversary-gift-fr","35":"product_tag-anniversary-gifts-fr","36":"product_tag-anniversary-present-fr","37":"product_tag-cadeau-romantique","38":"product_tag-cadeaux-de-noel-pour-le-mari","39":"product_tag-cadeaux-de-noel-pour-sa-femme","40":"product_tag-chanson","41":"product_tag-couple-gift-fr","42":"product_tag-gift-for-couple-fr","43":"product_tag-love-fr","44":"product_tag-love-gift-fr","45":"product_tag-musique","46":"product_tag-paroles","47":"product_tag-paroles-de-chanson","48":"product_tag-personalized-gift-fr","49":"product_tag-prezenty-pod-choinke-dla-chlopaka-fr","50":"product_tag-prezenty-pod-choinke-dla-dziewczyny-fr","51":"product_tag-prezenty-pod-choinke-dla-niego-fr","52":"product_tag-prezenty-pod-choinke-dla-niej-fr","53":"product_tag-romantic-gifts-fr","54":"product_tag-sentimental-gift-fr","55":"product_tag-special-occasion-fr","56":"product_tag-thoughtful-gift-fr","57":"product_tag-unique-gift-fr","58":"product_tag-wedding-anniversary-fr","60":"first","61":"instock","62":"sale","63":"taxable","64":"shipping-taxable","65":"purchasable","66":"product-type-variable"},"yoast_head":"<!-- This site is optimized with the Yoast SEO Premium plugin v27.2 (Yoast SEO v27.2) - https:\/\/yoast.com\/product\/yoast-seo-premium-wordpress\/ -->\n<title>Notre Chanson - Positive Prints<\/title>\n<meta name=\"description\" content=\"Vous cherchez un cadeau romantique pour votre personne sp\u00e9ciale ? Notre \u0153uvre d&#039;art avec les paroles de Notre Chanson est un moyen unique et sinc\u00e8re de c\u00e9l\u00e9brer votre amour.\" \/>\n<meta name=\"robots\" content=\"index, follow, max-snippet:-1, max-image-preview:large, max-video-preview:-1\" \/>\n<link rel=\"canonical\" href=\"https:\/\/positiveprints.com\/fr\/produit\/notre-chanson\/\" \/>\n<meta property=\"og:locale\" content=\"fr_FR\" \/>\n<meta property=\"og:type\" content=\"article\" \/>\n<meta property=\"og:title\" content=\"Notre Chanson\" \/>\n<meta property=\"og:description\" content=\"Personnalisez votre cr\u00e9ation avec des paroles de chanson, des v\u0153ux de mariage ou un texte personnalis\u00e9 Ajoutez votre propre photo (optionnel) pour un rendu unique Int\u00e9grez des pr\u00e9noms, des dates ou un message sp\u00e9cial Personnalisez le tout en seulement 2 minutes Utilisez l&#039;aper\u00e7u interactif en temps r\u00e9el pour ajuster chaque d\u00e9tail\" \/>\n<meta property=\"og:url\" content=\"https:\/\/positiveprints.com\/fr\/produit\/notre-chanson\/\" \/>\n<meta property=\"og:site_name\" content=\"Positive Prints\" \/>\n<meta property=\"article:publisher\" content=\"https:\/\/www.facebook.com\/positiveprintscom\" \/>\n<meta property=\"article:modified_time\" content=\"2026-04-28T12:33:57+00:00\" \/>\n<meta property=\"og:image\" content=\"https:\/\/positiveprints.com\/wp-content\/uploads\/2024\/11\/FR_PACKSHOT_Our-Special-Song-product-image-.webp\" \/>\n\t<meta property=\"og:image:width\" content=\"1450\" \/>\n\t<meta property=\"og:image:height\" content=\"1450\" \/>\n\t<meta property=\"og:image:type\" content=\"image\/webp\" \/>\n<meta name=\"twitter:card\" content=\"summary_large_image\" \/>\n<!-- \/ Yoast SEO Premium plugin. -->","yoast_head_json":{"title":"Notre Chanson - Positive Prints","description":"Vous cherchez un cadeau romantique pour votre personne sp\u00e9ciale ? Notre \u0153uvre d'art avec les paroles de Notre Chanson est un moyen unique et sinc\u00e8re de c\u00e9l\u00e9brer votre amour.","robots":{"index":"index","follow":"follow","max-snippet":"max-snippet:-1","max-image-preview":"max-image-preview:large","max-video-preview":"max-video-preview:-1"},"canonical":"https:\/\/positiveprints.com\/fr\/produit\/notre-chanson\/","og_locale":"fr_FR","og_type":"article","og_title":"Notre Chanson","og_description":"Personnalisez votre cr\u00e9ation avec des paroles de chanson, des v\u0153ux de mariage ou un texte personnalis\u00e9 Ajoutez votre propre photo (optionnel) pour un rendu unique Int\u00e9grez des pr\u00e9noms, des dates ou un message sp\u00e9cial Personnalisez le tout en seulement 2 minutes Utilisez l'aper\u00e7u interactif en temps r\u00e9el pour ajuster chaque d\u00e9tail","og_url":"https:\/\/positiveprints.com\/fr\/produit\/notre-chanson\/","og_site_name":"Positive Prints","article_publisher":"https:\/\/www.facebook.com\/positiveprintscom","article_modified_time":"2026-04-28T12:33:57+00:00","og_image":[{"width":1450,"height":1450,"url":"https:\/\/positiveprints.com\/wp-content\/uploads\/2024\/11\/FR_PACKSHOT_Our-Special-Song-product-image-.webp","type":"image\/webp"}],"twitter_card":"summary_large_image","schema":{"@context":"https:\/\/schema.org","@graph":[{"@type":["WebPage","ItemPage"],"@id":"https:\/\/positiveprints.com\/fr\/produit\/notre-chanson\/","url":"https:\/\/positiveprints.com\/fr\/produit\/notre-chanson\/","name":"Notre Chanson - Positive Prints","isPartOf":{"@id":"https:\/\/positiveprints.com\/fr\/#website"},"primaryImageOfPage":{"@id":"https:\/\/positiveprints.com\/fr\/produit\/notre-chanson\/#primaryimage"},"image":{"@id":"https:\/\/positiveprints.com\/fr\/produit\/notre-chanson\/#primaryimage"},"thumbnailUrl":"https:\/\/positiveprints.com\/wp-content\/uploads\/2024\/11\/FR_PACKSHOT_Our-Special-Song-product-image-.webp","datePublished":"2024-11-06T18:57:23+00:00","dateModified":"2026-04-28T12:33:57+00:00","description":"Vous cherchez un cadeau romantique pour votre personne sp\u00e9ciale ? Notre \u0153uvre d'art avec les paroles de Notre Chanson est un moyen unique et sinc\u00e8re de c\u00e9l\u00e9brer votre amour.","breadcrumb":{"@id":"https:\/\/positiveprints.com\/fr\/produit\/notre-chanson\/#breadcrumb"},"inLanguage":"fr-FR","potentialAction":[{"@type":"ReadAction","target":["https:\/\/positiveprints.com\/fr\/produit\/notre-chanson\/"]}]},{"@type":"ImageObject","inLanguage":"fr-FR","@id":"https:\/\/positiveprints.com\/fr\/produit\/notre-chanson\/#primaryimage","url":"https:\/\/positiveprints.com\/wp-content\/uploads\/2024\/11\/FR_PACKSHOT_Our-Special-Song-product-image-.webp","contentUrl":"https:\/\/positiveprints.com\/wp-content\/uploads\/2024\/11\/FR_PACKSHOT_Our-Special-Song-product-image-.webp","width":1450,"height":1450,"caption":"FR_PACKSHOT_Our Special Song product image"},{"@type":"BreadcrumbList","@id":"https:\/\/positiveprints.com\/fr\/produit\/notre-chanson\/#breadcrumb","itemListElement":[{"@type":"ListItem","position":1,"name":"Home","item":"https:\/\/positiveprints.com\/fr\/"},{"@type":"ListItem","position":2,"name":"Produits","item":"https:\/\/positiveprints.com\/fr\/shop\/"},{"@type":"ListItem","position":3,"name":"Notre Chanson"}]},{"@type":"WebSite","@id":"https:\/\/positiveprints.com\/fr\/#website","url":"https:\/\/positiveprints.com\/fr\/","name":"Positive Prints","description":"Amazing Custom Personalized Gifts","publisher":{"@id":"https:\/\/positiveprints.com\/fr\/#organization"},"potentialAction":[{"@type":"SearchAction","target":{"@type":"EntryPoint","urlTemplate":"https:\/\/positiveprints.com\/fr\/?s={search_term_string}"},"query-input":{"@type":"PropertyValueSpecification","valueRequired":true,"valueName":"search_term_string"}}],"inLanguage":"fr-FR"},{"@type":"Organization","@id":"https:\/\/positiveprints.com\/fr\/#organization","name":"Positive Prints","alternateName":"Positive Prints","url":"https:\/\/positiveprints.com\/fr\/","logo":{"@type":"ImageObject","inLanguage":"fr-FR","@id":"https:\/\/positiveprints.com\/fr\/#\/schema\/logo\/image\/","url":"https:\/\/positiveprints.com\/wp-content\/uploads\/2026\/03\/245815646_1337939713319158_5671353136411139666_n.png","contentUrl":"https:\/\/positiveprints.com\/wp-content\/uploads\/2026\/03\/245815646_1337939713319158_5671353136411139666_n.png","width":800,"height":800,"caption":"Positive Prints"},"image":{"@id":"https:\/\/positiveprints.com\/fr\/#\/schema\/logo\/image\/"},"sameAs":["https:\/\/www.facebook.com\/positiveprintscom","https:\/\/www.instagram.com\/positiveprintscom\/","https:\/\/www.tiktok.com\/@positiveprintscom","https:\/\/www.pinterest.com\/positiveprintscom\/"]}]}},"jetpack_sharing_enabled":true,"_links":{"self":[{"href":"https:\/\/positiveprints.com\/fr\/wp-json\/wp\/v2\/product\/1259404","targetHints":{"allow":["GET"]}}],"collection":[{"href":"https:\/\/positiveprints.com\/fr\/wp-json\/wp\/v2\/product"}],"about":[{"href":"https:\/\/positiveprints.com\/fr\/wp-json\/wp\/v2\/types\/product"}],"wp:featuredmedia":[{"embeddable":true,"href":"https:\/\/positiveprints.com\/fr\/wp-json\/wp\/v2\/media\/1267512"}],"wp:attachment":[{"href":"https:\/\/positiveprints.com\/fr\/wp-json\/wp\/v2\/media?parent=1259404"}],"wp:term":[{"taxonomy":"product_brand","embeddable":true,"href":"https:\/\/positiveprints.com\/fr\/wp-json\/wp\/v2\/product_brand?post=1259404"},{"taxonomy":"product_cat","embeddable":true,"href":"https:\/\/positiveprints.com\/fr\/wp-json\/wp\/v2\/product_cat?post=1259404"},{"taxonomy":"product_tag","embeddable":true,"href":"https:\/\/positiveprints.com\/fr\/wp-json\/wp\/v2\/product_tag?post=1259404"}],"curies":[{"name":"wp","href":"https:\/\/api.w.org\/{rel}","templated":true}]}}