{"id":1244941,"date":"2024-10-23T23:02:42","date_gmt":"2024-10-23T22:02:42","guid":{"rendered":"https:\/\/positiveprints.com\/?post_type=product&#038;p=1244941"},"modified":"2026-04-18T03:19:37","modified_gmt":"2026-04-18T02:19:37","slug":"art-vinyle-de-chanson-personnalisees-decoration-murale","status":"publish","type":"product","link":"https:\/\/positiveprints.com\/fr\/produit\/art-vinyle-de-chanson-personnalisees-decoration-murale\/","title":{"rendered":"Art Vinyle de Chanson Personnalis\u00e9e"},"content":{"rendered":"<p style=\"margin-top: 1rem;\">\u00c0 la recherche d&#8217;un cadeau unique et sp\u00e9cial ? Art Vinyle de Chanson Personnalis\u00e9es &#8211; D\u00e9coration Murale est une impression ou une toile personnalis\u00e9e qui affiche magnifiquement les paroles d&#8217;une chanson de votre choix. C&#8217;est le moyen id\u00e9al de c\u00e9l\u00e9brer toute occasion et de cr\u00e9er des souvenirs durables.<\/p>\r\n\r\n<h2 class=\"grenB f24 cblue\" style=\"margin-top: 3rem;\">Cr\u00e9ez Votre Art Vinyle de Chanson Personnalis\u00e9es &#8211; D\u00e9coration Murale<\/h2>\r\n\r\n<p style=\"margin-top: 1rem;\">Visitez notre \u00e9diteur en ligne et commencez par choisir un arri\u00e8re-plan. Vous pouvez s\u00e9lectionner parmi nos options pr\u00e9d\u00e9finies ou cr\u00e9er le v\u00f4tre. Ensuite, s\u00e9lectionnez les paroles de la chanson que vous souhaitez afficher. Vous pouvez \u00e9galement ajouter un message personnalis\u00e9 en dessous des paroles pour le rendre encore plus sp\u00e9cial.<\/p>\r\n\r\n<p style=\"margin-top: 1rem;\">S\u00e9lectionnez le format de votre \u0153uvre parmi diverses options, y compris des affiches imprim\u00e9es ou encadr\u00e9es, des toiles et des t\u00e9l\u00e9chargements num\u00e9riques instantan\u00e9s. Chaque pi\u00e8ce est faite juste pour vous, garantissant qu&#8217;elle est un cadeau unique et pr\u00e9cieux.<\/p>\r\n\r\n<h2 class=\"grenB f24 cblue\" style=\"margin-top: 3rem;\">Cadeau Parfait pour Toute Occasion<\/h2>\r\n\r\n<p style=\"margin-top: 1rem;\">Art Vinyle de Chanson Personnalis\u00e9es &#8211; D\u00e9coration Murale est un excellent cadeau pour toute occasion. Que ce soit un anniversaire, un anniversaire de mariage, un mariage, ou juste pour montrer que vous vous souciez, cette \u0153uvre est un moyen significatif de c\u00e9l\u00e9brer des moments sp\u00e9ciaux. C&#8217;est aussi un cadeau romantique, parfait pour afficher la chanson de votre premi\u00e8re danse ou de votre premi\u00e8re rencontre.<\/p>\r\n\r\n<p style=\"margin-top: 1rem;\">Ce cadeau est id\u00e9al pour des amis, des membres de la famille ou des coll\u00e8gues qui ont une chanson pr\u00e9f\u00e9r\u00e9e qui signifie quelque chose de sp\u00e9cial pour eux.<\/p>\r\n\r\n<h2 class=\"grenB f24 cblue\" style=\"margin-top: 3rem;\">Commencez \u00e0 Personnaliser Votre Cadeau Aujourd&#8217;hui<\/h2>\r\n\r\n<p style=\"margin-top: 1rem;\">Pr\u00eat \u00e0 cr\u00e9er un cadeau sinc\u00e8re ? Commencez \u00e0 personnaliser vos Art Vinyle de Chanson Personnalis\u00e9es &#8211; D\u00e9coration Murale aujourd&#8217;hui. Visitez notre \u00e9diteur en ligne pour choisir un arri\u00e8re-plan, entrer les paroles de la chanson et ajouter un message personnalis\u00e9. S\u00e9lectionnez le format qui correspond \u00e0 votre style, et vous \u00eates pr\u00eat !<\/p>\r\n\r\n<p style=\"margin-top: 1rem;\">Commandez maintenant vos Art Vinyle de Chanson Personnalis\u00e9es &#8211; D\u00e9coration Murale et offrez un cadeau qui sera ch\u00e9ri pour toujours.<\/p>","protected":false},"excerpt":{"rendered":"<ul class=\"check-list\">\n<li>Personnalisez votre cr\u00e9ation avec des paroles de chanson ou un texte personnalis\u00e9<\/li>\n<li>Ajoutez votre propre photo (optionnel) pour un rendu unique<\/li>\n<li>Int\u00e9grez des pr\u00e9noms, des dates ou un message sp\u00e9cial<\/li>\n<li>Personnalisez le tout en seulement 2 minutes<\/li>\n<li>Utilisez l&#8217;aper\u00e7u interactif en temps r\u00e9el pour ajuster chaque d\u00e9tail<\/li>\n<\/ul>\n","protected":false},"featured_media":1248136,"template":"","meta":[],"product_brand":[],"product_cat":[11535,11536,11537,11538,11624,11625,11626,11627,9274,15109,11211,11212,264,8243,7925,12175,5264,5290,7829,7765,7653,7621,7845,11401,11389,7734,104],"product_tag":[8463,13426,13455,14858],"class_list":{"0":"post-1244941","1":"product","2":"type-product","3":"status-publish","4":"has-post-thumbnail","6":"product_cat-anniversaire-de-18-ans","7":"product_cat-anniversaire-de-21-ans","8":"product_cat-anniversaire-de-30-ans","9":"product_cat-anniversaire-de-40-ans","10":"product_cat-anniversaire-de-50-ans","11":"product_cat-anniversaire-de-60-ans","12":"product_cat-anniversaire-de-70-ans","13":"product_cat-anniversaire-de-80-ans","14":"product_cat-bestsellers-label-fr","15":"product_cat-bestsellers-menu-fr","16":"product_cat-cadeau-anniversaire-femme","17":"product_cat-cadeau-anniversaire-homme","18":"product_cat-creators-fr-2","19":"product_cat-digital-products-fr","20":"product_cat-cadeaux-denterrement-de-vie-de-jeune-fille","21":"product_cat-lyrics-fr","22":"product_cat-cadeaux-de-noel","23":"product_cat-cadeaux-de-pendaison-de-cremaillere","24":"product_cat-cadeaux-pour-amis","25":"product_cat-cadeaux-pour-fille","26":"product_cat-cadeaux-pour-fils","27":"product_cat-cadeaux-pour-frere","28":"product_cat-cadeaux-pour-la-famille","29":"product_cat-cadeaux-de-noel-pour-la-soeur","30":"product_cat-cadeaux-de-noel-pour-le-frere","31":"product_cat-cadeaux-pour-soeur","32":"product_cat-tous-les-produits","33":"product_tag-birthday-fr","34":"product_tag-cadeau-de-noel-pour-soeur","35":"product_tag-cadeaux-de-noel-pour-frere","36":"product_tag-creators-fr-2","38":"first","39":"instock","40":"sale","41":"taxable","42":"shipping-taxable","43":"purchasable","44":"product-type-variable"},"yoast_head":"<!-- This site is optimized with the Yoast SEO Premium plugin v27.2 (Yoast SEO v27.2) - https:\/\/yoast.com\/product\/yoast-seo-premium-wordpress\/ -->\n<title>Art Vinyle de Chanson Personnalis\u00e9e - Positive Prints<\/title>\n<meta name=\"description\" content=\"Cr\u00e9ez un art vinyle personnalis\u00e9 de votre chanson favorite, un cadeau unique pour les passionn\u00e9s de musique et id\u00e9al pour la Saint-Valentin.\" \/>\n<meta name=\"robots\" content=\"index, follow, max-snippet:-1, max-image-preview:large, max-video-preview:-1\" \/>\n<link rel=\"canonical\" href=\"https:\/\/positiveprints.com\/fr\/produit\/art-vinyle-de-chanson-personnalisees-decoration-murale\/\" \/>\n<meta property=\"og:locale\" content=\"fr_FR\" \/>\n<meta property=\"og:type\" content=\"article\" \/>\n<meta property=\"og:title\" content=\"Art Vinyle de Chanson Personnalis\u00e9e\" \/>\n<meta property=\"og:description\" content=\"Personnalisez votre cr\u00e9ation avec des paroles de chanson ou un texte personnalis\u00e9 Ajoutez votre propre photo (optionnel) pour un rendu unique Int\u00e9grez des pr\u00e9noms, des dates ou un message sp\u00e9cial Personnalisez le tout en seulement 2 minutes Utilisez l&#039;aper\u00e7u interactif en temps r\u00e9el pour ajuster chaque d\u00e9tail\" \/>\n<meta property=\"og:url\" content=\"https:\/\/positiveprints.com\/fr\/produit\/art-vinyle-de-chanson-personnalisees-decoration-murale\/\" \/>\n<meta property=\"og:site_name\" content=\"Positive Prints\" \/>\n<meta property=\"article:publisher\" content=\"https:\/\/www.facebook.com\/positiveprintscom\" \/>\n<meta property=\"article:modified_time\" content=\"2026-04-18T02:19:37+00:00\" \/>\n<meta property=\"og:image\" content=\"https:\/\/positiveprints.com\/wp-content\/uploads\/2024\/11\/Packshot_FR_Custom-Song-Lyrics-Art-with-Photo-product-image-.webp\" \/>\n\t<meta property=\"og:image:width\" content=\"1450\" \/>\n\t<meta property=\"og:image:height\" content=\"1450\" \/>\n\t<meta property=\"og:image:type\" content=\"image\/webp\" \/>\n<meta name=\"twitter:card\" content=\"summary_large_image\" \/>\n<meta name=\"twitter:label1\" content=\"Dur\u00e9e de lecture estim\u00e9e\" \/>\n\t<meta name=\"twitter:data1\" content=\"2 minutes\" \/>\n<!-- \/ Yoast SEO Premium plugin. -->","yoast_head_json":{"title":"Art Vinyle de Chanson Personnalis\u00e9e - Positive Prints","description":"Cr\u00e9ez un art vinyle personnalis\u00e9 de votre chanson favorite, un cadeau unique pour les passionn\u00e9s de musique et id\u00e9al pour la Saint-Valentin.","robots":{"index":"index","follow":"follow","max-snippet":"max-snippet:-1","max-image-preview":"max-image-preview:large","max-video-preview":"max-video-preview:-1"},"canonical":"https:\/\/positiveprints.com\/fr\/produit\/art-vinyle-de-chanson-personnalisees-decoration-murale\/","og_locale":"fr_FR","og_type":"article","og_title":"Art Vinyle de Chanson Personnalis\u00e9e","og_description":"Personnalisez votre cr\u00e9ation avec des paroles de chanson ou un texte personnalis\u00e9 Ajoutez votre propre photo (optionnel) pour un rendu unique Int\u00e9grez des pr\u00e9noms, des dates ou un message sp\u00e9cial Personnalisez le tout en seulement 2 minutes Utilisez l'aper\u00e7u interactif en temps r\u00e9el pour ajuster chaque d\u00e9tail","og_url":"https:\/\/positiveprints.com\/fr\/produit\/art-vinyle-de-chanson-personnalisees-decoration-murale\/","og_site_name":"Positive Prints","article_publisher":"https:\/\/www.facebook.com\/positiveprintscom","article_modified_time":"2026-04-18T02:19:37+00:00","og_image":[{"width":1450,"height":1450,"url":"https:\/\/positiveprints.com\/wp-content\/uploads\/2024\/11\/Packshot_FR_Custom-Song-Lyrics-Art-with-Photo-product-image-.webp","type":"image\/webp"}],"twitter_card":"summary_large_image","twitter_misc":{"Dur\u00e9e de lecture estim\u00e9e":"2 minutes"},"schema":{"@context":"https:\/\/schema.org","@graph":[{"@type":["WebPage","ItemPage"],"@id":"https:\/\/positiveprints.com\/fr\/produit\/art-vinyle-de-chanson-personnalisees-decoration-murale\/","url":"https:\/\/positiveprints.com\/fr\/produit\/art-vinyle-de-chanson-personnalisees-decoration-murale\/","name":"Art Vinyle de Chanson Personnalis\u00e9e - Positive Prints","isPartOf":{"@id":"https:\/\/positiveprints.com\/fr\/#website"},"primaryImageOfPage":{"@id":"https:\/\/positiveprints.com\/fr\/produit\/art-vinyle-de-chanson-personnalisees-decoration-murale\/#primaryimage"},"image":{"@id":"https:\/\/positiveprints.com\/fr\/produit\/art-vinyle-de-chanson-personnalisees-decoration-murale\/#primaryimage"},"thumbnailUrl":"https:\/\/positiveprints.com\/wp-content\/uploads\/2024\/11\/Packshot_FR_Custom-Song-Lyrics-Art-with-Photo-product-image-.webp","datePublished":"2024-10-23T22:02:42+00:00","dateModified":"2026-04-18T02:19:37+00:00","description":"Cr\u00e9ez un art vinyle personnalis\u00e9 de votre chanson favorite, un cadeau unique pour les passionn\u00e9s de musique et id\u00e9al pour la Saint-Valentin.","breadcrumb":{"@id":"https:\/\/positiveprints.com\/fr\/produit\/art-vinyle-de-chanson-personnalisees-decoration-murale\/#breadcrumb"},"inLanguage":"fr-FR","potentialAction":[{"@type":"ReadAction","target":["https:\/\/positiveprints.com\/fr\/produit\/art-vinyle-de-chanson-personnalisees-decoration-murale\/"]}]},{"@type":"ImageObject","inLanguage":"fr-FR","@id":"https:\/\/positiveprints.com\/fr\/produit\/art-vinyle-de-chanson-personnalisees-decoration-murale\/#primaryimage","url":"https:\/\/positiveprints.com\/wp-content\/uploads\/2024\/11\/Packshot_FR_Custom-Song-Lyrics-Art-with-Photo-product-image-.webp","contentUrl":"https:\/\/positiveprints.com\/wp-content\/uploads\/2024\/11\/Packshot_FR_Custom-Song-Lyrics-Art-with-Photo-product-image-.webp","width":1450,"height":1450},{"@type":"BreadcrumbList","@id":"https:\/\/positiveprints.com\/fr\/produit\/art-vinyle-de-chanson-personnalisees-decoration-murale\/#breadcrumb","itemListElement":[{"@type":"ListItem","position":1,"name":"Home","item":"https:\/\/positiveprints.com\/fr\/"},{"@type":"ListItem","position":2,"name":"Produits","item":"https:\/\/positiveprints.com\/fr\/shop\/"},{"@type":"ListItem","position":3,"name":"Art Vinyle de Chanson Personnalis\u00e9e"}]},{"@type":"WebSite","@id":"https:\/\/positiveprints.com\/fr\/#website","url":"https:\/\/positiveprints.com\/fr\/","name":"Positive Prints","description":"Amazing Custom Personalized Gifts","publisher":{"@id":"https:\/\/positiveprints.com\/fr\/#organization"},"potentialAction":[{"@type":"SearchAction","target":{"@type":"EntryPoint","urlTemplate":"https:\/\/positiveprints.com\/fr\/?s={search_term_string}"},"query-input":{"@type":"PropertyValueSpecification","valueRequired":true,"valueName":"search_term_string"}}],"inLanguage":"fr-FR"},{"@type":"Organization","@id":"https:\/\/positiveprints.com\/fr\/#organization","name":"Positive Prints","alternateName":"Positive Prints","url":"https:\/\/positiveprints.com\/fr\/","logo":{"@type":"ImageObject","inLanguage":"fr-FR","@id":"https:\/\/positiveprints.com\/fr\/#\/schema\/logo\/image\/","url":"https:\/\/positiveprints.com\/wp-content\/uploads\/2026\/03\/245815646_1337939713319158_5671353136411139666_n.png","contentUrl":"https:\/\/positiveprints.com\/wp-content\/uploads\/2026\/03\/245815646_1337939713319158_5671353136411139666_n.png","width":800,"height":800,"caption":"Positive Prints"},"image":{"@id":"https:\/\/positiveprints.com\/fr\/#\/schema\/logo\/image\/"},"sameAs":["https:\/\/www.facebook.com\/positiveprintscom","https:\/\/www.instagram.com\/positiveprintscom\/","https:\/\/www.tiktok.com\/@positiveprintscom","https:\/\/www.pinterest.com\/positiveprintscom\/"]}]}},"jetpack_sharing_enabled":true,"_links":{"self":[{"href":"https:\/\/positiveprints.com\/fr\/wp-json\/wp\/v2\/product\/1244941","targetHints":{"allow":["GET"]}}],"collection":[{"href":"https:\/\/positiveprints.com\/fr\/wp-json\/wp\/v2\/product"}],"about":[{"href":"https:\/\/positiveprints.com\/fr\/wp-json\/wp\/v2\/types\/product"}],"wp:featuredmedia":[{"embeddable":true,"href":"https:\/\/positiveprints.com\/fr\/wp-json\/wp\/v2\/media\/1248136"}],"wp:attachment":[{"href":"https:\/\/positiveprints.com\/fr\/wp-json\/wp\/v2\/media?parent=1244941"}],"wp:term":[{"taxonomy":"product_brand","embeddable":true,"href":"https:\/\/positiveprints.com\/fr\/wp-json\/wp\/v2\/product_brand?post=1244941"},{"taxonomy":"product_cat","embeddable":true,"href":"https:\/\/positiveprints.com\/fr\/wp-json\/wp\/v2\/product_cat?post=1244941"},{"taxonomy":"product_tag","embeddable":true,"href":"https:\/\/positiveprints.com\/fr\/wp-json\/wp\/v2\/product_tag?post=1244941"}],"curies":[{"name":"wp","href":"https:\/\/api.w.org\/{rel}","templated":true}]}}