{"id":1170041,"date":"2024-08-05T10:33:39","date_gmt":"2024-08-05T09:33:39","guid":{"rendered":"https:\/\/positiveprints.com\/?post_type=product&#038;p=1170041"},"modified":"2026-04-12T20:07:13","modified_gmt":"2026-04-12T19:07:13","slug":"trois-lunes-pour-papa","status":"publish","type":"product","link":"https:\/\/positiveprints.com\/fr\/produit\/trois-lunes-pour-papa\/","title":{"rendered":"Trois Lunes pour Papa"},"content":{"rendered":"<p>Vous cherchez un cadeau sinc\u00e8re et unique qui c\u00e9l\u00e8bre le lien sp\u00e9cial entre Papa et ses enfants ? Trois Lunes pour Papa est une impression ou une toile personnalis\u00e9e qui capture magnifiquement la magie de la paternit\u00e9. Pr\u00e9sentant trois phases de la lune \u2014 une pour chacun de ses enfants \u2014 cette \u0153uvre d&#8217;art exquise est le moyen id\u00e9al pour honorer Papa et cr\u00e9er un souvenir durable qu&#8217;il ch\u00e9rira pour toujours.<\/p>\r\n<h2>Trois Lunes pour Papa<\/h2>\r\n<p>Trois Lunes pour Papa est une \u0153uvre d&#8217;art personnalis\u00e9e \u00e9poustouflante qui met en valeur trois phases lunaires significatives, chacune repr\u00e9sentant le jour de naissance de chaque enfant. Pour cr\u00e9er ce souvenir significatif, visitez simplement notre \u00e9diteur en ligne. Commencez par choisir un fond. S\u00e9lectionnez parmi les options pr\u00e9d\u00e9finies ou concevez votre propre palette de couleurs. Ensuite, ajoutez un titre pour votre \u0153uvre \u2014 un message sp\u00e9cial ou un sentiment qui sera affich\u00e9 au-dessus des phases de la lune.<\/p>\r\n<p>Apr\u00e8s avoir d\u00e9fini le titre, entrez les dates et les lieux pour afficher les phases de la lune correspondant aux dates de naissance de chaque enfant. En dessous de chaque phase de la lune, vous pouvez ajouter des noms, des dates de naissance ou tout autre texte pour la personnaliser encore plus. Enfin, choisissez le format de votre \u0153uvre. Nous proposons divers formats et styles, y compris des affiches imprim\u00e9es ou encadr\u00e9es, des toiles et des t\u00e9l\u00e9chargements num\u00e9riques instantan\u00e9s.<\/p>\r\n<h2>Pourquoi Trois Lunes pour Papa est le Cadeau Parfait<\/h2>\r\n<p>Trouver un cadeau significatif et personnel pour Papa peut \u00eatre difficile, mais Trois Lunes pour Papa est la solution id\u00e9ale. Cette \u0153uvre n&#8217;est pas seulement un plaisir visuel. C&#8217;est un rappel sentimental des jours sp\u00e9ciaux o\u00f9 chacun de ses enfants est n\u00e9. Id\u00e9ale pour la F\u00eate des P\u00e8res, les anniversaires ou toute occasion sp\u00e9ciale, ce cadeau montre \u00e0 Papa combien ces moments comptent pour vous et votre famille.<\/p>\r\n<p>La nature personnalis\u00e9e de cette \u0153uvre garantit que chaque pi\u00e8ce est unique. Chaque fois que Papa la regardera, il se souviendra de l&#8217;amour et de la joie que ses enfants apportent dans sa vie. C&#8217;est un cadeau qui porte une signification profonde et qui deviendra sans aucun doute une partie pr\u00e9cieuse de votre foyer.<\/p>\r\n<h2>Commencez \u00e0 Personnaliser Votre Cadeau Aujourd&#8217;hui<\/h2>\r\n<p>Pr\u00eat \u00e0 cr\u00e9er un cadeau m\u00e9morable et sinc\u00e8re pour Papa ? Commencez \u00e0 personnaliser votre \u0153uvre Trois Lunes pour Papa d\u00e8s aujourd&#8217;hui.<\/p>\r\n<p>Ne tardez pas \u2014 transformez ces moments inoubliables en une \u0153uvre d&#8217;art \u00e9blouissante que Papa ch\u00e9rira pour toujours. Commandez d\u00e8s maintenant votre Trois Lunes pour Papa personnalis\u00e9 et offrez un cadeau vraiment extraordinaire.<\/p>","protected":false},"excerpt":{"rendered":"<ul class=\"check-list\">\n<li>Capturez trois moments sp\u00e9ciaux et montrez comment la lune \u00e9tait \u00e0 ces dates<\/li>\n<li>Personnalisez en 3 \u00e9tapes simples<\/li>\n<li>Choisissez parmi une gamme de designs magnifiques<\/li>\n<li>Incluez un texte personnalis\u00e9 significatif<\/li>\n<li>Aper\u00e7u de votre design \u00e0 chaque \u00e9tape<\/li>\n<\/ul>\n","protected":false},"featured_media":1480722,"template":"","meta":[],"product_brand":[],"product_cat":[11114,104,7337,5264,11391,7973],"product_tag":[11760,11107,12582,11108,13627,12583,12581],"class_list":{"0":"post-1170041","1":"product","2":"type-product","3":"status-publish","4":"has-post-thumbnail","6":"product_cat-triple-lune","7":"product_cat-tous-les-produits","8":"product_cat-cadeaux-de-fete-des-peres","9":"product_cat-cadeaux-de-noel","10":"product_cat-cadeaux-de-noel-pour-papa","11":"product_cat-cadeaux-pour-papa","12":"product_tag-cadeaux-de-noel-pour-papa","13":"product_tag-father-it-fr","14":"product_tag-fete-des-peres","15":"product_tag-luna-fr","16":"product_tag-moon-phase-fr","17":"product_tag-papa-fr-2","18":"product_tag-papa-fr","20":"first","21":"instock","22":"sale","23":"taxable","24":"shipping-taxable","25":"purchasable","26":"product-type-variable"},"yoast_head":"<!-- This site is optimized with the Yoast SEO Premium plugin v27.2 (Yoast SEO v27.2) - https:\/\/yoast.com\/product\/yoast-seo-premium-wordpress\/ -->\n<title>Trois Lunes pour Papa - Positive Prints<\/title>\n<meta name=\"description\" content=\"Trois Lunes pour Papa est une impression ou une toile personnalis\u00e9e qui capture magnifiquement la magie de la paternit\u00e9. Commandez la v\u00f4tre d\u00e8s maintenant.\" \/>\n<meta name=\"robots\" content=\"index, follow, max-snippet:-1, max-image-preview:large, max-video-preview:-1\" \/>\n<link rel=\"canonical\" href=\"https:\/\/positiveprints.com\/fr\/produit\/trois-lunes-pour-papa\/\" \/>\n<meta property=\"og:locale\" content=\"fr_FR\" \/>\n<meta property=\"og:type\" content=\"article\" \/>\n<meta property=\"og:title\" content=\"Trois Lunes pour Papa\" \/>\n<meta property=\"og:description\" content=\"Capturez trois moments sp\u00e9ciaux et montrez comment la lune \u00e9tait \u00e0 ces dates Personnalisez en 3 \u00e9tapes simples Choisissez parmi une gamme de designs magnifiques Incluez un texte personnalis\u00e9 significatif Aper\u00e7u de votre design \u00e0 chaque \u00e9tape\" \/>\n<meta property=\"og:url\" content=\"https:\/\/positiveprints.com\/fr\/produit\/trois-lunes-pour-papa\/\" \/>\n<meta property=\"og:site_name\" content=\"Positive Prints\" \/>\n<meta property=\"article:publisher\" content=\"https:\/\/www.facebook.com\/positiveprintscom\" \/>\n<meta property=\"article:modified_time\" content=\"2026-04-12T19:07:13+00:00\" \/>\n<meta property=\"og:image\" content=\"https:\/\/positiveprints.com\/wp-content\/uploads\/2025\/07\/Packshot_FR_Trois-Lunes-pour-Papa.webp\" \/>\n\t<meta property=\"og:image:width\" content=\"1450\" \/>\n\t<meta property=\"og:image:height\" content=\"1450\" \/>\n\t<meta property=\"og:image:type\" content=\"image\/webp\" \/>\n<meta name=\"twitter:card\" content=\"summary_large_image\" \/>\n<!-- \/ Yoast SEO Premium plugin. -->","yoast_head_json":{"title":"Trois Lunes pour Papa - Positive Prints","description":"Trois Lunes pour Papa est une impression ou une toile personnalis\u00e9e qui capture magnifiquement la magie de la paternit\u00e9. Commandez la v\u00f4tre d\u00e8s maintenant.","robots":{"index":"index","follow":"follow","max-snippet":"max-snippet:-1","max-image-preview":"max-image-preview:large","max-video-preview":"max-video-preview:-1"},"canonical":"https:\/\/positiveprints.com\/fr\/produit\/trois-lunes-pour-papa\/","og_locale":"fr_FR","og_type":"article","og_title":"Trois Lunes pour Papa","og_description":"Capturez trois moments sp\u00e9ciaux et montrez comment la lune \u00e9tait \u00e0 ces dates Personnalisez en 3 \u00e9tapes simples Choisissez parmi une gamme de designs magnifiques Incluez un texte personnalis\u00e9 significatif Aper\u00e7u de votre design \u00e0 chaque \u00e9tape","og_url":"https:\/\/positiveprints.com\/fr\/produit\/trois-lunes-pour-papa\/","og_site_name":"Positive Prints","article_publisher":"https:\/\/www.facebook.com\/positiveprintscom","article_modified_time":"2026-04-12T19:07:13+00:00","og_image":[{"width":1450,"height":1450,"url":"https:\/\/positiveprints.com\/wp-content\/uploads\/2025\/07\/Packshot_FR_Trois-Lunes-pour-Papa.webp","type":"image\/webp"}],"twitter_card":"summary_large_image","schema":{"@context":"https:\/\/schema.org","@graph":[{"@type":["WebPage","ItemPage"],"@id":"https:\/\/positiveprints.com\/fr\/produit\/trois-lunes-pour-papa\/","url":"https:\/\/positiveprints.com\/fr\/produit\/trois-lunes-pour-papa\/","name":"Trois Lunes pour Papa - Positive Prints","isPartOf":{"@id":"https:\/\/positiveprints.com\/fr\/#website"},"primaryImageOfPage":{"@id":"https:\/\/positiveprints.com\/fr\/produit\/trois-lunes-pour-papa\/#primaryimage"},"image":{"@id":"https:\/\/positiveprints.com\/fr\/produit\/trois-lunes-pour-papa\/#primaryimage"},"thumbnailUrl":"https:\/\/positiveprints.com\/wp-content\/uploads\/2025\/07\/Packshot_FR_Trois-Lunes-pour-Papa.webp","datePublished":"2024-08-05T09:33:39+00:00","dateModified":"2026-04-12T19:07:13+00:00","description":"Trois Lunes pour Papa est une impression ou une toile personnalis\u00e9e qui capture magnifiquement la magie de la paternit\u00e9. Commandez la v\u00f4tre d\u00e8s maintenant.","breadcrumb":{"@id":"https:\/\/positiveprints.com\/fr\/produit\/trois-lunes-pour-papa\/#breadcrumb"},"inLanguage":"fr-FR","potentialAction":[{"@type":"ReadAction","target":["https:\/\/positiveprints.com\/fr\/produit\/trois-lunes-pour-papa\/"]}]},{"@type":"ImageObject","inLanguage":"fr-FR","@id":"https:\/\/positiveprints.com\/fr\/produit\/trois-lunes-pour-papa\/#primaryimage","url":"https:\/\/positiveprints.com\/wp-content\/uploads\/2025\/07\/Packshot_FR_Trois-Lunes-pour-Papa.webp","contentUrl":"https:\/\/positiveprints.com\/wp-content\/uploads\/2025\/07\/Packshot_FR_Trois-Lunes-pour-Papa.webp","width":1450,"height":1450,"caption":"Packshot_FR_Trois Lunes pour Papa"},{"@type":"BreadcrumbList","@id":"https:\/\/positiveprints.com\/fr\/produit\/trois-lunes-pour-papa\/#breadcrumb","itemListElement":[{"@type":"ListItem","position":1,"name":"Home","item":"https:\/\/positiveprints.com\/fr\/"},{"@type":"ListItem","position":2,"name":"Produits","item":"https:\/\/positiveprints.com\/fr\/shop\/"},{"@type":"ListItem","position":3,"name":"Trois Lunes pour Papa"}]},{"@type":"WebSite","@id":"https:\/\/positiveprints.com\/fr\/#website","url":"https:\/\/positiveprints.com\/fr\/","name":"Positive Prints","description":"Amazing Custom Personalized Gifts","publisher":{"@id":"https:\/\/positiveprints.com\/fr\/#organization"},"potentialAction":[{"@type":"SearchAction","target":{"@type":"EntryPoint","urlTemplate":"https:\/\/positiveprints.com\/fr\/?s={search_term_string}"},"query-input":{"@type":"PropertyValueSpecification","valueRequired":true,"valueName":"search_term_string"}}],"inLanguage":"fr-FR"},{"@type":"Organization","@id":"https:\/\/positiveprints.com\/fr\/#organization","name":"Positive Prints","alternateName":"Positive Prints","url":"https:\/\/positiveprints.com\/fr\/","logo":{"@type":"ImageObject","inLanguage":"fr-FR","@id":"https:\/\/positiveprints.com\/fr\/#\/schema\/logo\/image\/","url":"https:\/\/positiveprints.com\/wp-content\/uploads\/2026\/03\/245815646_1337939713319158_5671353136411139666_n.png","contentUrl":"https:\/\/positiveprints.com\/wp-content\/uploads\/2026\/03\/245815646_1337939713319158_5671353136411139666_n.png","width":800,"height":800,"caption":"Positive Prints"},"image":{"@id":"https:\/\/positiveprints.com\/fr\/#\/schema\/logo\/image\/"},"sameAs":["https:\/\/www.facebook.com\/positiveprintscom","https:\/\/www.instagram.com\/positiveprintscom\/","https:\/\/www.tiktok.com\/@positiveprintscom","https:\/\/www.pinterest.com\/positiveprintscom\/"]}]}},"jetpack_sharing_enabled":true,"_links":{"self":[{"href":"https:\/\/positiveprints.com\/fr\/wp-json\/wp\/v2\/product\/1170041","targetHints":{"allow":["GET"]}}],"collection":[{"href":"https:\/\/positiveprints.com\/fr\/wp-json\/wp\/v2\/product"}],"about":[{"href":"https:\/\/positiveprints.com\/fr\/wp-json\/wp\/v2\/types\/product"}],"wp:featuredmedia":[{"embeddable":true,"href":"https:\/\/positiveprints.com\/fr\/wp-json\/wp\/v2\/media\/1480722"}],"wp:attachment":[{"href":"https:\/\/positiveprints.com\/fr\/wp-json\/wp\/v2\/media?parent=1170041"}],"wp:term":[{"taxonomy":"product_brand","embeddable":true,"href":"https:\/\/positiveprints.com\/fr\/wp-json\/wp\/v2\/product_brand?post=1170041"},{"taxonomy":"product_cat","embeddable":true,"href":"https:\/\/positiveprints.com\/fr\/wp-json\/wp\/v2\/product_cat?post=1170041"},{"taxonomy":"product_tag","embeddable":true,"href":"https:\/\/positiveprints.com\/fr\/wp-json\/wp\/v2\/product_tag?post=1170041"}],"curies":[{"name":"wp","href":"https:\/\/api.w.org\/{rel}","templated":true}]}}