{"id":1170036,"date":"2024-08-05T10:01:00","date_gmt":"2024-08-05T09:01:00","guid":{"rendered":"https:\/\/positiveprints.com\/?post_type=product&#038;p=1170036"},"modified":"2026-04-03T02:39:04","modified_gmt":"2026-04-03T01:39:04","slug":"phases-lunaires-de-la-rencontre-des-fiancailles-et-du-mariage","status":"publish","type":"product","link":"https:\/\/positiveprints.com\/fr\/produit\/phases-lunaires-de-la-rencontre-des-fiancailles-et-du-mariage\/","title":{"rendered":"Phases Lunaires de la Rencontre, des Fian\u00e7ailles et du Mariage"},"content":{"rendered":"<p>C\u00e9l\u00e9brez votre histoire d&#8217;amour avec un cadeau unique et significatif. Phases Lunaires de la Rencontre, des Fian\u00e7ailles et du Mariage est une impression ou une toile personnalis\u00e9e qui capture magnifiquement les \u00e9tapes cl\u00e9s de votre relation. Pr\u00e9sentant trois phases de la lune \u2014 une du jour o\u00f9 vous vous \u00eates rencontr\u00e9s, une du jour o\u00f9 vous vous \u00eates fianc\u00e9s et une du jour de votre mariage \u2014 cette \u0153uvre d&#8217;art exquise est le moyen id\u00e9al de comm\u00e9morer votre voyage ensemble et de cr\u00e9er un souvenir durable.<\/p>\r\n<h2>Phases Lunaires de la Rencontre, des Fian\u00e7ailles et du Mariage<\/h2>\r\n<p>Phases Lunaires de la Rencontre, des Fian\u00e7ailles et du Mariage est une \u0153uvre d&#8217;art personnalis\u00e9e \u00e9poustouflante qui pr\u00e9sente trois phases lunaires significatives accompagn\u00e9es de d\u00e9tails personnels. Pour cr\u00e9er ce souvenir significatif, visitez simplement notre \u00e9diteur en ligne. Commencez par choisir un fond. S\u00e9lectionnez parmi les options pr\u00e9d\u00e9finies ou cr\u00e9ez votre propre palette de couleurs. Ensuite, ajoutez un titre pour votre \u0153uvre \u2014 un message sp\u00e9cial ou un sentiment qui sera affich\u00e9 au-dessus des phases de la lune.<\/p>\r\n<p>Apr\u00e8s avoir d\u00e9fini le titre, entrez les dates et les lieux pour afficher les phases de la lune du jour o\u00f9 vous vous \u00eates rencontr\u00e9s, du jour o\u00f9 vous vous \u00eates fianc\u00e9s et du jour de votre mariage. En dessous de chaque phase de la lune, vous pouvez ajouter des noms, des dates ou tout autre texte pour la personnaliser encore plus. Enfin, choisissez le format de votre \u0153uvre. Nous proposons divers formats et styles, y compris des affiches imprim\u00e9es ou encadr\u00e9es, des toiles et des t\u00e9l\u00e9chargements num\u00e9riques instantan\u00e9s.<\/p>\r\n<h2>Pourquoi Phases Lunaires de la Rencontre, des Fian\u00e7ailles et du Mariage est le Cadeau Parfait<\/h2>\r\n<p>Trouver un cadeau significatif et romantique pour c\u00e9l\u00e9brer votre relation peut \u00eatre difficile, mais Phases Lunaires de la Rencontre, des Fian\u00e7ailles et du Mariage est la solution id\u00e9ale. Cette \u0153uvre n&#8217;est pas seulement un plaisir visuel. C&#8217;est un rappel sentimental des moments cl\u00e9s qui ont fa\u00e7onn\u00e9 votre histoire d&#8217;amour. Id\u00e9ale pour les anniversaires, les mariages, les fian\u00e7ailles ou toute occasion sp\u00e9ciale, ce cadeau montre \u00e0 votre partenaire combien ces moments comptent pour vous.<\/p>\r\n<p>La nature personnalis\u00e9e de cette \u0153uvre garantit que chaque pi\u00e8ce est unique. Chaque fois que vous et votre partenaire la regarderez, vous vous souviendrez de l&#8217;amour et de la joie que vous avez partag\u00e9s. C&#8217;est un cadeau qui a une signification profonde et qui deviendra sans aucun doute une partie pr\u00e9cieuse de votre foyer.<\/p>\r\n<h2>Commencez \u00e0 Personnaliser Votre Cadeau Aujourd&#8217;hui<\/h2>\r\n<p>Pr\u00eat \u00e0 cr\u00e9er un souvenir m\u00e9morable et sinc\u00e8re ? Commencez \u00e0 personnaliser votre \u0153uvre Phases Lunaires de la Rencontre, des Fian\u00e7ailles et du Mariage d\u00e8s aujourd&#8217;hui.<\/p>\r\n<p>Ne tardez pas \u2014 transformez les moments significatifs de votre histoire d&#8217;amour en une \u0153uvre d&#8217;art \u00e9blouissante que vous et votre partenaire ch\u00e9rirez pour toujours. Commandez votre Phases Lunaires de la Rencontre, des Fian\u00e7ailles et du Mariage personnalis\u00e9 maintenant et c\u00e9l\u00e9brez votre voyage ensemble avec un cadeau vraiment extraordinaire.<\/p>","protected":false},"excerpt":{"rendered":"<ul class=\"check-list\">\n<li>Capturez trois moments sp\u00e9ciaux et montrez comment la lune \u00e9tait \u00e0 ces dates<\/li>\n<li>Personnalisez en 3 \u00e9tapes simples<\/li>\n<li>Choisissez parmi une gamme de designs magnifiques<\/li>\n<li>Incluez un texte personnalis\u00e9 significatif<\/li>\n<li>Aper\u00e7u de votre design \u00e0 chaque \u00e9tape<\/li>\n<\/ul>\n","protected":false},"featured_media":1479538,"template":"","meta":[],"product_brand":[],"product_cat":[11175,11176,11177,11245,11246,5328,7925,3118,3122,5264,7749,11395,7685,11396,8006,11397,7638,11392,11402,11388,104,11114],"product_tag":[14849,11790,11793,11792,11767,11795,11753,11108,13627,15519,13759,13749,17443,17442,17441,17440,16279,8477],"class_list":{"0":"post-1170036","1":"product","2":"type-product","3":"status-publish","4":"has-post-thumbnail","6":"product_cat-cadeaux-danniversaire-pour-femme","7":"product_cat-cadeaux-danniversaire-pour-homme","8":"product_cat-cadeaux-danniversaire-pour-couples","9":"product_cat-cadeaux-de-saint-valentin-pour-elle","10":"product_cat-cadeaux-de-saint-valentin-pour-lui","11":"product_cat-cadeaux-de-commemorations","12":"product_cat-cadeaux-denterrement-de-vie-de-jeune-fille","13":"product_cat-cadeaux-saint-valentin","14":"product_cat-cadeaux-de-mariage","15":"product_cat-cadeaux-de-noel","16":"product_cat-cadeaux-pour-epouse","17":"product_cat-cadeaux-de-noel-pour-femme","18":"product_cat-cadeaux-pour-femmes","19":"product_cat-cadeaux-de-noel-pour-homme","20":"product_cat-cadeaux-pour-hommes","21":"product_cat-cadeaux-de-noel-pour-le-mari","22":"product_cat-cadeaux-pour-mari","23":"product_cat-cadeaux-de-noel-pour-sa-copine","24":"product_cat-cadeaux-de-noel-pour-sa-femme","25":"product_cat-cadeaux-de-noel-pour-son-petit-copain","26":"product_cat-tous-les-produits","27":"product_cat-triple-lune","28":"product_tag-anniversary-fr","29":"product_tag-cadeaux-de-noel-pour-elle","30":"product_tag-cadeaux-de-noel-pour-le-mari","31":"product_tag-cadeaux-de-noel-pour-lui","32":"product_tag-cadeaux-de-noel-pour-sa-copine","33":"product_tag-cadeaux-de-noel-pour-sa-femme","34":"product_tag-cadeaux-de-noel-pour-son-petit-copain","35":"product_tag-luna-fr","36":"product_tag-moon-phase-fr","37":"product_tag-notre-histoire-damour","38":"product_tag-phase-de-lune-le-jour-du-mariage","39":"product_tag-phase-de-lune-pour-votre-anniversaire-de-mariage","40":"product_tag-prezenty-pod-choinke-dla-chlopaka-fr","41":"product_tag-prezenty-pod-choinke-dla-dziewczyny-fr","42":"product_tag-prezenty-pod-choinke-dla-niego-fr","43":"product_tag-prezenty-pod-choinke-dla-niej-fr","44":"product_tag-wedding-fr-2","45":"product_tag-wedding-fr","47":"first","48":"instock","49":"sale","50":"taxable","51":"shipping-taxable","52":"purchasable","53":"product-type-variable"},"yoast_head":"<!-- This site is optimized with the Yoast SEO Premium plugin v27.2 (Yoast SEO v27.2) - https:\/\/yoast.com\/product\/yoast-seo-premium-wordpress\/ -->\n<title>Phases Lunaires de la Rencontre, des Fian\u00e7ailles et du Mariage - Positive Prints<\/title>\n<meta name=\"description\" content=\"Phases Lunaires de la Rencontre, des Fian\u00e7ailles et du Mariage est une impression ou une toile personnalis\u00e9e qui capture magnifiquement les \u00e9tapes cl\u00e9s de votre relation.\" \/>\n<meta name=\"robots\" content=\"index, follow, max-snippet:-1, max-image-preview:large, max-video-preview:-1\" \/>\n<link rel=\"canonical\" href=\"https:\/\/positiveprints.com\/fr\/produit\/phases-lunaires-de-la-rencontre-des-fiancailles-et-du-mariage\/\" \/>\n<meta property=\"og:locale\" content=\"fr_FR\" \/>\n<meta property=\"og:type\" content=\"article\" \/>\n<meta property=\"og:title\" content=\"Phases Lunaires de la Rencontre, des Fian\u00e7ailles et du Mariage\" \/>\n<meta property=\"og:description\" content=\"Capturez trois moments sp\u00e9ciaux et montrez comment la lune \u00e9tait \u00e0 ces dates Personnalisez en 3 \u00e9tapes simples Choisissez parmi une gamme de designs magnifiques Incluez un texte personnalis\u00e9 significatif Aper\u00e7u de votre design \u00e0 chaque \u00e9tape\" \/>\n<meta property=\"og:url\" content=\"https:\/\/positiveprints.com\/fr\/produit\/phases-lunaires-de-la-rencontre-des-fiancailles-et-du-mariage\/\" \/>\n<meta property=\"og:site_name\" content=\"Positive Prints\" \/>\n<meta property=\"article:publisher\" content=\"https:\/\/www.facebook.com\/positiveprintscom\" \/>\n<meta property=\"article:modified_time\" content=\"2026-04-03T01:39:04+00:00\" \/>\n<meta property=\"og:image\" content=\"https:\/\/positiveprints.com\/wp-content\/uploads\/2025\/07\/Packshot_FR_Phases-Lunaires-de-la-Rencontre-des-Fianc\u0327ailles-et-du-Mariage.webp\" \/>\n\t<meta property=\"og:image:width\" content=\"1450\" \/>\n\t<meta property=\"og:image:height\" content=\"1450\" \/>\n\t<meta property=\"og:image:type\" content=\"image\/webp\" \/>\n<meta name=\"twitter:card\" content=\"summary_large_image\" \/>\n<meta name=\"twitter:label1\" content=\"Dur\u00e9e de lecture estim\u00e9e\" \/>\n\t<meta name=\"twitter:data1\" content=\"2 minutes\" \/>\n<!-- \/ Yoast SEO Premium plugin. -->","yoast_head_json":{"title":"Phases Lunaires de la Rencontre, des Fian\u00e7ailles et du Mariage - Positive Prints","description":"Phases Lunaires de la Rencontre, des Fian\u00e7ailles et du Mariage est une impression ou une toile personnalis\u00e9e qui capture magnifiquement les \u00e9tapes cl\u00e9s de votre relation.","robots":{"index":"index","follow":"follow","max-snippet":"max-snippet:-1","max-image-preview":"max-image-preview:large","max-video-preview":"max-video-preview:-1"},"canonical":"https:\/\/positiveprints.com\/fr\/produit\/phases-lunaires-de-la-rencontre-des-fiancailles-et-du-mariage\/","og_locale":"fr_FR","og_type":"article","og_title":"Phases Lunaires de la Rencontre, des Fian\u00e7ailles et du Mariage","og_description":"Capturez trois moments sp\u00e9ciaux et montrez comment la lune \u00e9tait \u00e0 ces dates Personnalisez en 3 \u00e9tapes simples Choisissez parmi une gamme de designs magnifiques Incluez un texte personnalis\u00e9 significatif Aper\u00e7u de votre design \u00e0 chaque \u00e9tape","og_url":"https:\/\/positiveprints.com\/fr\/produit\/phases-lunaires-de-la-rencontre-des-fiancailles-et-du-mariage\/","og_site_name":"Positive Prints","article_publisher":"https:\/\/www.facebook.com\/positiveprintscom","article_modified_time":"2026-04-03T01:39:04+00:00","og_image":[{"width":1450,"height":1450,"url":"https:\/\/positiveprints.com\/wp-content\/uploads\/2025\/07\/Packshot_FR_Phases-Lunaires-de-la-Rencontre-des-Fianc\u0327ailles-et-du-Mariage.webp","type":"image\/webp"}],"twitter_card":"summary_large_image","twitter_misc":{"Dur\u00e9e de lecture estim\u00e9e":"2 minutes"},"schema":{"@context":"https:\/\/schema.org","@graph":[{"@type":["WebPage","ItemPage"],"@id":"https:\/\/positiveprints.com\/fr\/produit\/phases-lunaires-de-la-rencontre-des-fiancailles-et-du-mariage\/","url":"https:\/\/positiveprints.com\/fr\/produit\/phases-lunaires-de-la-rencontre-des-fiancailles-et-du-mariage\/","name":"Phases Lunaires de la Rencontre, des Fian\u00e7ailles et du Mariage - Positive Prints","isPartOf":{"@id":"https:\/\/positiveprints.com\/fr\/#website"},"primaryImageOfPage":{"@id":"https:\/\/positiveprints.com\/fr\/produit\/phases-lunaires-de-la-rencontre-des-fiancailles-et-du-mariage\/#primaryimage"},"image":{"@id":"https:\/\/positiveprints.com\/fr\/produit\/phases-lunaires-de-la-rencontre-des-fiancailles-et-du-mariage\/#primaryimage"},"thumbnailUrl":"https:\/\/positiveprints.com\/wp-content\/uploads\/2025\/07\/Packshot_FR_Phases-Lunaires-de-la-Rencontre-des-Fianc\u0327ailles-et-du-Mariage.webp","datePublished":"2024-08-05T09:01:00+00:00","dateModified":"2026-04-03T01:39:04+00:00","description":"Phases Lunaires de la Rencontre, des Fian\u00e7ailles et du Mariage est une impression ou une toile personnalis\u00e9e qui capture magnifiquement les \u00e9tapes cl\u00e9s de votre relation.","breadcrumb":{"@id":"https:\/\/positiveprints.com\/fr\/produit\/phases-lunaires-de-la-rencontre-des-fiancailles-et-du-mariage\/#breadcrumb"},"inLanguage":"fr-FR","potentialAction":[{"@type":"ReadAction","target":["https:\/\/positiveprints.com\/fr\/produit\/phases-lunaires-de-la-rencontre-des-fiancailles-et-du-mariage\/"]}]},{"@type":"ImageObject","inLanguage":"fr-FR","@id":"https:\/\/positiveprints.com\/fr\/produit\/phases-lunaires-de-la-rencontre-des-fiancailles-et-du-mariage\/#primaryimage","url":"https:\/\/positiveprints.com\/wp-content\/uploads\/2025\/07\/Packshot_FR_Phases-Lunaires-de-la-Rencontre-des-Fianc\u0327ailles-et-du-Mariage.webp","contentUrl":"https:\/\/positiveprints.com\/wp-content\/uploads\/2025\/07\/Packshot_FR_Phases-Lunaires-de-la-Rencontre-des-Fianc\u0327ailles-et-du-Mariage.webp","width":1450,"height":1450,"caption":"Packshot_FR_Phases Lunaires de la Rencontre, des Fianc\u0327ailles et du Mariage"},{"@type":"BreadcrumbList","@id":"https:\/\/positiveprints.com\/fr\/produit\/phases-lunaires-de-la-rencontre-des-fiancailles-et-du-mariage\/#breadcrumb","itemListElement":[{"@type":"ListItem","position":1,"name":"Home","item":"https:\/\/positiveprints.com\/fr\/"},{"@type":"ListItem","position":2,"name":"Produits","item":"https:\/\/positiveprints.com\/fr\/shop\/"},{"@type":"ListItem","position":3,"name":"Phases Lunaires de la Rencontre, des Fian\u00e7ailles et du Mariage"}]},{"@type":"WebSite","@id":"https:\/\/positiveprints.com\/fr\/#website","url":"https:\/\/positiveprints.com\/fr\/","name":"Positive Prints","description":"Amazing Custom Personalized Gifts","publisher":{"@id":"https:\/\/positiveprints.com\/fr\/#organization"},"potentialAction":[{"@type":"SearchAction","target":{"@type":"EntryPoint","urlTemplate":"https:\/\/positiveprints.com\/fr\/?s={search_term_string}"},"query-input":{"@type":"PropertyValueSpecification","valueRequired":true,"valueName":"search_term_string"}}],"inLanguage":"fr-FR"},{"@type":"Organization","@id":"https:\/\/positiveprints.com\/fr\/#organization","name":"Positive Prints","alternateName":"Positive Prints","url":"https:\/\/positiveprints.com\/fr\/","logo":{"@type":"ImageObject","inLanguage":"fr-FR","@id":"https:\/\/positiveprints.com\/fr\/#\/schema\/logo\/image\/","url":"https:\/\/positiveprints.com\/wp-content\/uploads\/2026\/03\/245815646_1337939713319158_5671353136411139666_n.png","contentUrl":"https:\/\/positiveprints.com\/wp-content\/uploads\/2026\/03\/245815646_1337939713319158_5671353136411139666_n.png","width":800,"height":800,"caption":"Positive Prints"},"image":{"@id":"https:\/\/positiveprints.com\/fr\/#\/schema\/logo\/image\/"},"sameAs":["https:\/\/www.facebook.com\/positiveprintscom","https:\/\/www.instagram.com\/positiveprintscom\/","https:\/\/www.tiktok.com\/@positiveprintscom","https:\/\/www.pinterest.com\/positiveprintscom\/"]}]}},"jetpack_sharing_enabled":true,"_links":{"self":[{"href":"https:\/\/positiveprints.com\/fr\/wp-json\/wp\/v2\/product\/1170036","targetHints":{"allow":["GET"]}}],"collection":[{"href":"https:\/\/positiveprints.com\/fr\/wp-json\/wp\/v2\/product"}],"about":[{"href":"https:\/\/positiveprints.com\/fr\/wp-json\/wp\/v2\/types\/product"}],"wp:featuredmedia":[{"embeddable":true,"href":"https:\/\/positiveprints.com\/fr\/wp-json\/wp\/v2\/media\/1479538"}],"wp:attachment":[{"href":"https:\/\/positiveprints.com\/fr\/wp-json\/wp\/v2\/media?parent=1170036"}],"wp:term":[{"taxonomy":"product_brand","embeddable":true,"href":"https:\/\/positiveprints.com\/fr\/wp-json\/wp\/v2\/product_brand?post=1170036"},{"taxonomy":"product_cat","embeddable":true,"href":"https:\/\/positiveprints.com\/fr\/wp-json\/wp\/v2\/product_cat?post=1170036"},{"taxonomy":"product_tag","embeddable":true,"href":"https:\/\/positiveprints.com\/fr\/wp-json\/wp\/v2\/product_tag?post=1170036"}],"curies":[{"name":"wp","href":"https:\/\/api.w.org\/{rel}","templated":true}]}}