{"id":1170031,"date":"2024-08-02T10:21:14","date_gmt":"2024-08-02T09:21:14","guid":{"rendered":"https:\/\/positiveprints.com\/?post_type=product&#038;p=1170031"},"modified":"2026-04-03T02:39:09","modified_gmt":"2026-04-03T01:39:09","slug":"phase-de-lune-de-la-nuit-de-mariage-avec-photo","status":"publish","type":"product","link":"https:\/\/positiveprints.com\/fr\/produit\/phase-de-lune-de-la-nuit-de-mariage-avec-photo\/","title":{"rendered":"Phase de Lune de la Nuit de Mariage avec Photo"},"content":{"rendered":"<p>C\u00e9l\u00e9brez la magie de votre nuit de noces avec un cadeau qui capture la romance et l&#8217;\u00e9merveillement de votre journ\u00e9e sp\u00e9ciale. Phase de Lune de la Nuit de Mariage avec Photo est une impression ou une toile personnalis\u00e9e qui met en valeur la phase de la lune de la soir\u00e9e de votre mariage, associ\u00e9e \u00e0 une photo pr\u00e9cieuse de vous et de votre partenaire. Cette \u0153uvre unique est le moyen id\u00e9al de comm\u00e9morer votre jour de mariage et de cr\u00e9er un souvenir intemporel.<\/p>\r\n<h2>Phase de Lune de la Nuit de Mariage avec Photo<\/h2>\r\n<p>Phase de Lune de la Nuit de Mariage avec Photo est une \u0153uvre d&#8217;art personnalis\u00e9e impressionnante qui pr\u00e9sente une phase de lune et une photo personnelle. Pour cr\u00e9er ce souvenir significatif, visitez simplement notre \u00e9diteur en ligne. Commencez par choisir un arri\u00e8re-plan. Vous pouvez choisir parmi les options pr\u00e9d\u00e9finies ou concevoir votre propre palette de couleurs. Ensuite, ajoutez un titre pour votre \u0153uvre d&#8217;art\u2014un message sp\u00e9cial ou un sentiment qui sera affich\u00e9 au-dessus de la lune et de la photo.<\/p>\r\n<p>Apr\u00e8s avoir d\u00e9fini le titre, entrez la date et le lieu pour afficher la phase de la lune de la nuit de votre mariage. En dessous de la lune et de la photo, vous pouvez ajouter des noms, la date de votre mariage, ou tout autre texte pour le personnaliser encore plus. Enfin, choisissez le format de votre \u0153uvre d&#8217;art. Nous proposons divers formats et styles, y compris des impressions ou des affiches encadr\u00e9es, des toiles et des t\u00e9l\u00e9chargements num\u00e9riques instantan\u00e9s.<\/p>\r\n<h2>Pourquoi Phase de Lune de la Nuit de Mariage avec Photo est le Cadeau Id\u00e9al<\/h2>\r\n<p>Trouver un cadeau significatif et romantique pour c\u00e9l\u00e9brer votre mariage peut \u00eatre un d\u00e9fi, mais Phase de Lune de la Nuit de Mariage avec Photo est la solution parfaite. Cette \u0153uvre n&#8217;est pas seulement un r\u00e9gal visuel. C&#8217;est un rappel sentimental de la nuit o\u00f9 vous \u00eates devenus mari et femme. Id\u00e9al pour les anniversaires, les c\u00e9l\u00e9brations de mariage ou en tant que souvenir sp\u00e9cial, ce cadeau montre \u00e0 votre partenaire combien votre jour de mariage signifie pour vous.<\/p>\r\n<p>La nature personnalis\u00e9e de cette \u0153uvre garantit que chaque pi\u00e8ce est unique. Chaque fois que vous et votre partenaire la verrez, vous vous souviendrez de l&#8217;amour et de la joie de votre nuit de noces. C&#8217;est un cadeau qui porte une signification profonde et qui deviendra \u00e0 coup s\u00fbr un \u00e9l\u00e9ment pr\u00e9cieux de votre maison.<\/p>\r\n<h2>Commencez \u00e0 Personnaliser Votre Cadeau Aujourd&#8217;hui<\/h2>\r\n<p>Pr\u00eat \u00e0 cr\u00e9er un souvenir m\u00e9morable et sinc\u00e8re ? Commencez \u00e0 personnaliser votre \u0153uvre Phase de Lune de la Nuit de Mariage avec Photo d\u00e8s aujourd&#8217;hui. Visitez notre \u00e9diteur en ligne pour choisir un arri\u00e8re-plan, ajouter un titre sp\u00e9cial, entrer la date et le lieu pour la phase de lune, et personnaliser le texte sous la lune et la photo. S\u00e9lectionnez le format qui correspond le mieux \u00e0 votre style, et vous \u00eates pr\u00eat !<\/p>\r\n<p>N&#8217;attendez pas\u2014transformez cette nuit de mariage inoubliable en une \u0153uvre d&#8217;art \u00e9poustouflante que vous et votre partenaire ch\u00e9rirez pour toujours. Commandez d\u00e8s maintenant votre Phase de Lune de la Nuit de Mariage avec Photo personnalis\u00e9e et c\u00e9l\u00e9brez votre histoire d&#8217;amour avec un cadeau vraiment extraordinaire.<\/p>","protected":false},"excerpt":{"rendered":"<ul class=\"check-list\">\n<li> Souvenez-vous d&#8217;un moment sp\u00e9cial avec une impression de phase de lune de votre date et lieu<\/li>\n<li>Personnalisez en 3 \u00e9tapes simples<\/li>\n<li>Choisissez parmi une gamme de designs magnifiques<\/li>\n<li>Incluez un texte personnalis\u00e9 significatif<\/li>\n<li>Aper\u00e7u de votre design \u00e0 chaque \u00e9tape<\/li>\n<\/ul>\n","protected":false},"featured_media":1177551,"template":"","meta":[],"product_brand":[],"product_cat":[11113,104,3122,7925],"product_tag":[8704,11108,13627,13759,13749,16279,8477],"class_list":{"0":"post-1170031","1":"product","2":"type-product","3":"status-publish","4":"has-post-thumbnail","6":"product_cat-double-lune","7":"product_cat-tous-les-produits","8":"product_cat-cadeaux-de-mariage","9":"product_cat-cadeaux-denterrement-de-vie-de-jeune-fille","10":"product_tag-bridal-shower-fr","11":"product_tag-luna-fr","12":"product_tag-moon-phase-fr","13":"product_tag-phase-de-lune-le-jour-du-mariage","14":"product_tag-phase-de-lune-pour-votre-anniversaire-de-mariage","15":"product_tag-wedding-fr-2","16":"product_tag-wedding-fr","18":"first","19":"instock","20":"sale","21":"taxable","22":"shipping-taxable","23":"purchasable","24":"product-type-variable"},"yoast_head":"<!-- This site is optimized with the Yoast SEO Premium plugin v27.2 (Yoast SEO v27.2) - https:\/\/yoast.com\/product\/yoast-seo-premium-wordpress\/ -->\n<title>Phase de Lune de la Nuit de Mariage avec Photo - Positive Prints<\/title>\n<meta name=\"description\" content=\"Vous cherchez un moyen sinc\u00e8re de comm\u00e9morer votre mariage ? Commencez \u00e0 personnaliser d\u00e8s aujourd&#039;hui votre \u0153uvre Phase de Lune de la Nuit de Mariage avec Photo.\" \/>\n<meta name=\"robots\" content=\"index, follow, max-snippet:-1, max-image-preview:large, max-video-preview:-1\" \/>\n<link rel=\"canonical\" href=\"https:\/\/positiveprints.com\/fr\/produit\/phase-de-lune-de-la-nuit-de-mariage-avec-photo\/\" \/>\n<meta property=\"og:locale\" content=\"fr_FR\" \/>\n<meta property=\"og:type\" content=\"article\" \/>\n<meta property=\"og:title\" content=\"Phase de Lune de la Nuit de Mariage avec Photo\" \/>\n<meta property=\"og:description\" content=\"Souvenez-vous d&#039;un moment sp\u00e9cial avec une impression de phase de lune de votre date et lieu Personnalisez en 3 \u00e9tapes simples Choisissez parmi une gamme de designs magnifiques Incluez un texte personnalis\u00e9 significatif Aper\u00e7u de votre design \u00e0 chaque \u00e9tape\" \/>\n<meta property=\"og:url\" content=\"https:\/\/positiveprints.com\/fr\/produit\/phase-de-lune-de-la-nuit-de-mariage-avec-photo\/\" \/>\n<meta property=\"og:site_name\" content=\"Positive Prints\" \/>\n<meta property=\"article:publisher\" content=\"https:\/\/www.facebook.com\/positiveprintscom\" \/>\n<meta property=\"article:modified_time\" content=\"2026-04-03T01:39:09+00:00\" \/>\n<meta property=\"og:image\" content=\"https:\/\/positiveprints.com\/wp-content\/uploads\/2024\/08\/Phase-de-Lune-de-la-Nuit-de-Mariage-avec-Photo.jpg\" \/>\n\t<meta property=\"og:image:width\" content=\"1080\" \/>\n\t<meta property=\"og:image:height\" content=\"1080\" \/>\n\t<meta property=\"og:image:type\" content=\"image\/jpeg\" \/>\n<meta name=\"twitter:card\" content=\"summary_large_image\" \/>\n<!-- \/ Yoast SEO Premium plugin. -->","yoast_head_json":{"title":"Phase de Lune de la Nuit de Mariage avec Photo - Positive Prints","description":"Vous cherchez un moyen sinc\u00e8re de comm\u00e9morer votre mariage ? Commencez \u00e0 personnaliser d\u00e8s aujourd'hui votre \u0153uvre Phase de Lune de la Nuit de Mariage avec Photo.","robots":{"index":"index","follow":"follow","max-snippet":"max-snippet:-1","max-image-preview":"max-image-preview:large","max-video-preview":"max-video-preview:-1"},"canonical":"https:\/\/positiveprints.com\/fr\/produit\/phase-de-lune-de-la-nuit-de-mariage-avec-photo\/","og_locale":"fr_FR","og_type":"article","og_title":"Phase de Lune de la Nuit de Mariage avec Photo","og_description":"Souvenez-vous d'un moment sp\u00e9cial avec une impression de phase de lune de votre date et lieu Personnalisez en 3 \u00e9tapes simples Choisissez parmi une gamme de designs magnifiques Incluez un texte personnalis\u00e9 significatif Aper\u00e7u de votre design \u00e0 chaque \u00e9tape","og_url":"https:\/\/positiveprints.com\/fr\/produit\/phase-de-lune-de-la-nuit-de-mariage-avec-photo\/","og_site_name":"Positive Prints","article_publisher":"https:\/\/www.facebook.com\/positiveprintscom","article_modified_time":"2026-04-03T01:39:09+00:00","og_image":[{"width":1080,"height":1080,"url":"https:\/\/positiveprints.com\/wp-content\/uploads\/2024\/08\/Phase-de-Lune-de-la-Nuit-de-Mariage-avec-Photo.jpg","type":"image\/jpeg"}],"twitter_card":"summary_large_image","schema":{"@context":"https:\/\/schema.org","@graph":[{"@type":["WebPage","ItemPage"],"@id":"https:\/\/positiveprints.com\/fr\/produit\/phase-de-lune-de-la-nuit-de-mariage-avec-photo\/","url":"https:\/\/positiveprints.com\/fr\/produit\/phase-de-lune-de-la-nuit-de-mariage-avec-photo\/","name":"Phase de Lune de la Nuit de Mariage avec Photo - Positive Prints","isPartOf":{"@id":"https:\/\/positiveprints.com\/fr\/#website"},"primaryImageOfPage":{"@id":"https:\/\/positiveprints.com\/fr\/produit\/phase-de-lune-de-la-nuit-de-mariage-avec-photo\/#primaryimage"},"image":{"@id":"https:\/\/positiveprints.com\/fr\/produit\/phase-de-lune-de-la-nuit-de-mariage-avec-photo\/#primaryimage"},"thumbnailUrl":"https:\/\/positiveprints.com\/wp-content\/uploads\/2024\/08\/Phase-de-Lune-de-la-Nuit-de-Mariage-avec-Photo.jpg","datePublished":"2024-08-02T09:21:14+00:00","dateModified":"2026-04-03T01:39:09+00:00","description":"Vous cherchez un moyen sinc\u00e8re de comm\u00e9morer votre mariage ? Commencez \u00e0 personnaliser d\u00e8s aujourd'hui votre \u0153uvre Phase de Lune de la Nuit de Mariage avec Photo.","breadcrumb":{"@id":"https:\/\/positiveprints.com\/fr\/produit\/phase-de-lune-de-la-nuit-de-mariage-avec-photo\/#breadcrumb"},"inLanguage":"fr-FR","potentialAction":[{"@type":"ReadAction","target":["https:\/\/positiveprints.com\/fr\/produit\/phase-de-lune-de-la-nuit-de-mariage-avec-photo\/"]}]},{"@type":"ImageObject","inLanguage":"fr-FR","@id":"https:\/\/positiveprints.com\/fr\/produit\/phase-de-lune-de-la-nuit-de-mariage-avec-photo\/#primaryimage","url":"https:\/\/positiveprints.com\/wp-content\/uploads\/2024\/08\/Phase-de-Lune-de-la-Nuit-de-Mariage-avec-Photo.jpg","contentUrl":"https:\/\/positiveprints.com\/wp-content\/uploads\/2024\/08\/Phase-de-Lune-de-la-Nuit-de-Mariage-avec-Photo.jpg","width":1080,"height":1080},{"@type":"BreadcrumbList","@id":"https:\/\/positiveprints.com\/fr\/produit\/phase-de-lune-de-la-nuit-de-mariage-avec-photo\/#breadcrumb","itemListElement":[{"@type":"ListItem","position":1,"name":"Home","item":"https:\/\/positiveprints.com\/fr\/"},{"@type":"ListItem","position":2,"name":"Produits","item":"https:\/\/positiveprints.com\/fr\/shop\/"},{"@type":"ListItem","position":3,"name":"Phase de Lune de la Nuit de Mariage avec Photo"}]},{"@type":"WebSite","@id":"https:\/\/positiveprints.com\/fr\/#website","url":"https:\/\/positiveprints.com\/fr\/","name":"Positive Prints","description":"Amazing Custom Personalized Gifts","publisher":{"@id":"https:\/\/positiveprints.com\/fr\/#organization"},"potentialAction":[{"@type":"SearchAction","target":{"@type":"EntryPoint","urlTemplate":"https:\/\/positiveprints.com\/fr\/?s={search_term_string}"},"query-input":{"@type":"PropertyValueSpecification","valueRequired":true,"valueName":"search_term_string"}}],"inLanguage":"fr-FR"},{"@type":"Organization","@id":"https:\/\/positiveprints.com\/fr\/#organization","name":"Positive Prints","alternateName":"Positive Prints","url":"https:\/\/positiveprints.com\/fr\/","logo":{"@type":"ImageObject","inLanguage":"fr-FR","@id":"https:\/\/positiveprints.com\/fr\/#\/schema\/logo\/image\/","url":"https:\/\/positiveprints.com\/wp-content\/uploads\/2026\/03\/245815646_1337939713319158_5671353136411139666_n.png","contentUrl":"https:\/\/positiveprints.com\/wp-content\/uploads\/2026\/03\/245815646_1337939713319158_5671353136411139666_n.png","width":800,"height":800,"caption":"Positive Prints"},"image":{"@id":"https:\/\/positiveprints.com\/fr\/#\/schema\/logo\/image\/"},"sameAs":["https:\/\/www.facebook.com\/positiveprintscom","https:\/\/www.instagram.com\/positiveprintscom\/","https:\/\/www.tiktok.com\/@positiveprintscom","https:\/\/www.pinterest.com\/positiveprintscom\/"]}]}},"jetpack_sharing_enabled":true,"_links":{"self":[{"href":"https:\/\/positiveprints.com\/fr\/wp-json\/wp\/v2\/product\/1170031","targetHints":{"allow":["GET"]}}],"collection":[{"href":"https:\/\/positiveprints.com\/fr\/wp-json\/wp\/v2\/product"}],"about":[{"href":"https:\/\/positiveprints.com\/fr\/wp-json\/wp\/v2\/types\/product"}],"wp:featuredmedia":[{"embeddable":true,"href":"https:\/\/positiveprints.com\/fr\/wp-json\/wp\/v2\/media\/1177551"}],"wp:attachment":[{"href":"https:\/\/positiveprints.com\/fr\/wp-json\/wp\/v2\/media?parent=1170031"}],"wp:term":[{"taxonomy":"product_brand","embeddable":true,"href":"https:\/\/positiveprints.com\/fr\/wp-json\/wp\/v2\/product_brand?post=1170031"},{"taxonomy":"product_cat","embeddable":true,"href":"https:\/\/positiveprints.com\/fr\/wp-json\/wp\/v2\/product_cat?post=1170031"},{"taxonomy":"product_tag","embeddable":true,"href":"https:\/\/positiveprints.com\/fr\/wp-json\/wp\/v2\/product_tag?post=1170031"}],"curies":[{"name":"wp","href":"https:\/\/api.w.org\/{rel}","templated":true}]}}