{"id":1170022,"date":"2024-08-02T10:13:41","date_gmt":"2024-08-02T09:13:41","guid":{"rendered":"https:\/\/positiveprints.com\/?post_type=product&#038;p=1170022"},"modified":"2026-04-03T02:39:13","modified_gmt":"2026-04-03T01:39:13","slug":"phase-de-lune-de-la-nuit-de-lengagement-avec-photo","status":"publish","type":"product","link":"https:\/\/positiveprints.com\/fr\/produit\/phase-de-lune-de-la-nuit-de-lengagement-avec-photo\/","title":{"rendered":"Phase de Lune de la Nuit de l&#8217;Engagement avec Photo"},"content":{"rendered":"<p>Vous cherchez un moyen sinc\u00e8re de comm\u00e9morer votre engagement ? Phase de Lune de la Nuit de l&#8217;Engagement avec Photo est une impression ou une toile personnalis\u00e9e qui capture magnifiquement l&#8217;essence de la nuit o\u00f9 vous vous \u00eates fianc\u00e9s. Cette \u0153uvre d&#8217;art magnifique pr\u00e9sente la phase de la lune de cette soir\u00e9e magique, accompagn\u00e9e d&#8217;une photo pr\u00e9cieuse de vous et de votre partenaire. C&#8217;est le moyen parfait pour c\u00e9l\u00e9brer votre histoire d&#8217;amour et cr\u00e9er un souvenir durable de ce moment sp\u00e9cial.<\/p>\r\n\r\n<h2>Phase de Lune de la Nuit de l&#8217;Engagement avec Photo<\/h2>\r\n\r\n<p>Phase de Lune de la Nuit de l&#8217;Engagement avec Photo est une magnifique \u0153uvre d&#8217;art personnalis\u00e9e qui combine une phase de lune et une photo personnelle. Pour cr\u00e9er ce souvenir m\u00e9morable, visitez simplement notre \u00e9diteur en ligne. Commencez par s\u00e9lectionner un arri\u00e8re-plan. Choisissez parmi les options pr\u00e9d\u00e9finies ou cr\u00e9ez votre propre combinaison de couleurs. Ensuite, ajoutez un titre \u00e0 votre \u0153uvre \u2013 un message sp\u00e9cial ou un sentiment qui sera affich\u00e9 au-dessus de la lune et de la photo.<\/p>\r\n\r\n<p>Une fois que vous avez d\u00e9fini le titre, entrez la date et le lieu pour afficher la phase de lune de la nuit de votre engagement. Sous la lune et la photo, vous pouvez ajouter des noms, une date sp\u00e9ciale ou tout autre texte que vous pr\u00e9f\u00e9rez pour la rendre encore plus personnelle. Enfin, choisissez le format de votre \u0153uvre. Nous proposons diverses tailles et styles, y compris des impressions de posters imprim\u00e9s ou encadr\u00e9s, des toiles et des t\u00e9l\u00e9chargements num\u00e9riques instantan\u00e9s.<\/p>\r\n\r\n<h2>Pourquoi Phase de Lune de la Nuit de l&#8217;Engagement avec Photo est le Cadeau Parfait<\/h2>\r\n\r\n<p>Trouver un cadeau significatif et romantique pour c\u00e9l\u00e9brer votre engagement peut \u00eatre un d\u00e9fi, mais Phase de Lune de la Nuit de l&#8217;Engagement avec Photo est la solution parfaite. Cette \u0153uvre d&#8217;art n&#8217;est pas seulement un r\u00e9gal visuel. C&#8217;est un rappel sentimental de la nuit o\u00f9 vous avez commenc\u00e9 votre voyage vers l&#8217;\u00e9ternit\u00e9. Id\u00e9ale pour les anniversaires, les f\u00eates de fian\u00e7ailles ou comme souvenir sp\u00e9cial, ce cadeau montre \u00e0 votre partenaire combien ce moment compte pour vous.<\/p>\r\n\r\n<p>Le caract\u00e8re personnalis\u00e9 de cette \u0153uvre garantit que chaque pi\u00e8ce est unique. Chaque fois que vous et votre partenaire la verrez, vous vous souviendrez de l&#8217;amour et de la joie de votre nuit d&#8217;engagement. C&#8217;est un cadeau qui porte une signification profonde et qui deviendra s\u00fbrement une partie pr\u00e9cieuse de votre maison.<\/p>\r\n\r\n<h2>Commencez \u00e0 Personnaliser Votre Cadeau D\u00e8s Aujourd&#8217;hui<\/h2>\r\n\r\n<p>Pr\u00eat \u00e0 cr\u00e9er un souvenir m\u00e9morable et sinc\u00e8re ? Commencez \u00e0 personnaliser d\u00e8s aujourd&#8217;hui votre \u0153uvre Phase de Lune de la Nuit de l&#8217;Engagement avec Photo. Visitez notre \u00e9diteur en ligne pour choisir un arri\u00e8re-plan, ajouter un titre sp\u00e9cial, entrer la date et le lieu pour la phase de lune, et personnaliser le texte sous la lune et la photo. S\u00e9lectionnez le format qui correspond le mieux \u00e0 votre style, et vous \u00eates pr\u00eat !<\/p>\r\n\r\n<p>N&#8217;attendez pas\u2014transformez cette nuit d&#8217;engagement inoubliable en une \u0153uvre d&#8217;art splendide que vous et votre partenaire ch\u00e9rirez pour toujours. Commandez d\u00e8s maintenant votre Phase de Lune de la Nuit de l&#8217;Engagement avec Photo personnalis\u00e9e et c\u00e9l\u00e9brez votre histoire d&#8217;amour avec un cadeau vraiment hors du commun.<\/p>","protected":false},"excerpt":{"rendered":"<ul class=\"check-list\">\n<li> Souvenez-vous d&#8217;un moment sp\u00e9cial avec une impression de phase de lune de votre date et lieu<\/li>\n<li>Personnalisez en 3 \u00e9tapes simples<\/li>\n<li>Choisissez parmi une gamme de designs magnifiques<\/li>\n<li>Incluez un texte personnalis\u00e9 significatif<\/li>\n<li>Aper\u00e7u de votre design \u00e0 chaque \u00e9tape<\/li>\n<\/ul>\n","protected":false},"featured_media":1177297,"template":"","meta":[],"product_brand":[],"product_cat":[11113,104,5276],"product_tag":[17670,8432,11108,13627],"class_list":{"0":"post-1170022","1":"product","2":"type-product","3":"status-publish","4":"has-post-thumbnail","6":"product_cat-double-lune","7":"product_cat-tous-les-produits","8":"product_cat-cadeaux-de-fiancailles-idees-cadeaux","9":"product_tag-engagement-fr","10":"product_tag-fiancailles","11":"product_tag-luna-fr","12":"product_tag-moon-phase-fr","14":"first","15":"instock","16":"sale","17":"taxable","18":"shipping-taxable","19":"purchasable","20":"product-type-variable"},"yoast_head":"<!-- This site is optimized with the Yoast SEO Premium plugin v27.2 (Yoast SEO v27.2) - https:\/\/yoast.com\/product\/yoast-seo-premium-wordpress\/ -->\n<title>Phase de Lune de la Nuit de l&#039;Engagement avec Photo - Positive Prints<\/title>\n<meta name=\"description\" content=\"Vous cherchez un moyen sinc\u00e8re de comm\u00e9morer votre engagement ? Commencez \u00e0 personnaliser d\u00e8s aujourd&#039;hui votre \u0153uvre Phase de Lune de la Nuit de l&#039;Engagement avec Photo.\" \/>\n<meta name=\"robots\" content=\"index, follow, max-snippet:-1, max-image-preview:large, max-video-preview:-1\" \/>\n<link rel=\"canonical\" href=\"https:\/\/positiveprints.com\/fr\/produit\/phase-de-lune-de-la-nuit-de-lengagement-avec-photo\/\" \/>\n<meta property=\"og:locale\" content=\"fr_FR\" \/>\n<meta property=\"og:type\" content=\"article\" \/>\n<meta property=\"og:title\" content=\"Phase de Lune de la Nuit de l&#039;Engagement avec Photo\" \/>\n<meta property=\"og:description\" content=\"Souvenez-vous d&#039;un moment sp\u00e9cial avec une impression de phase de lune de votre date et lieu Personnalisez en 3 \u00e9tapes simples Choisissez parmi une gamme de designs magnifiques Incluez un texte personnalis\u00e9 significatif Aper\u00e7u de votre design \u00e0 chaque \u00e9tape\" \/>\n<meta property=\"og:url\" content=\"https:\/\/positiveprints.com\/fr\/produit\/phase-de-lune-de-la-nuit-de-lengagement-avec-photo\/\" \/>\n<meta property=\"og:site_name\" content=\"Positive Prints\" \/>\n<meta property=\"article:publisher\" content=\"https:\/\/www.facebook.com\/positiveprintscom\" \/>\n<meta property=\"article:modified_time\" content=\"2026-04-03T01:39:13+00:00\" \/>\n<meta property=\"og:image\" content=\"https:\/\/positiveprints.com\/wp-content\/uploads\/2024\/08\/Phase-de-Lune-de-la-Nuit-de-lEngagement-avec-Photo.jpg\" \/>\n\t<meta property=\"og:image:width\" content=\"1080\" \/>\n\t<meta property=\"og:image:height\" content=\"1080\" \/>\n\t<meta property=\"og:image:type\" content=\"image\/jpeg\" \/>\n<meta name=\"twitter:card\" content=\"summary_large_image\" \/>\n<!-- \/ Yoast SEO Premium plugin. -->","yoast_head_json":{"title":"Phase de Lune de la Nuit de l'Engagement avec Photo - Positive Prints","description":"Vous cherchez un moyen sinc\u00e8re de comm\u00e9morer votre engagement ? Commencez \u00e0 personnaliser d\u00e8s aujourd'hui votre \u0153uvre Phase de Lune de la Nuit de l'Engagement avec Photo.","robots":{"index":"index","follow":"follow","max-snippet":"max-snippet:-1","max-image-preview":"max-image-preview:large","max-video-preview":"max-video-preview:-1"},"canonical":"https:\/\/positiveprints.com\/fr\/produit\/phase-de-lune-de-la-nuit-de-lengagement-avec-photo\/","og_locale":"fr_FR","og_type":"article","og_title":"Phase de Lune de la Nuit de l'Engagement avec Photo","og_description":"Souvenez-vous d'un moment sp\u00e9cial avec une impression de phase de lune de votre date et lieu Personnalisez en 3 \u00e9tapes simples Choisissez parmi une gamme de designs magnifiques Incluez un texte personnalis\u00e9 significatif Aper\u00e7u de votre design \u00e0 chaque \u00e9tape","og_url":"https:\/\/positiveprints.com\/fr\/produit\/phase-de-lune-de-la-nuit-de-lengagement-avec-photo\/","og_site_name":"Positive Prints","article_publisher":"https:\/\/www.facebook.com\/positiveprintscom","article_modified_time":"2026-04-03T01:39:13+00:00","og_image":[{"width":1080,"height":1080,"url":"https:\/\/positiveprints.com\/wp-content\/uploads\/2024\/08\/Phase-de-Lune-de-la-Nuit-de-lEngagement-avec-Photo.jpg","type":"image\/jpeg"}],"twitter_card":"summary_large_image","schema":{"@context":"https:\/\/schema.org","@graph":[{"@type":["WebPage","ItemPage"],"@id":"https:\/\/positiveprints.com\/fr\/produit\/phase-de-lune-de-la-nuit-de-lengagement-avec-photo\/","url":"https:\/\/positiveprints.com\/fr\/produit\/phase-de-lune-de-la-nuit-de-lengagement-avec-photo\/","name":"Phase de Lune de la Nuit de l'Engagement avec Photo - Positive Prints","isPartOf":{"@id":"https:\/\/positiveprints.com\/fr\/#website"},"primaryImageOfPage":{"@id":"https:\/\/positiveprints.com\/fr\/produit\/phase-de-lune-de-la-nuit-de-lengagement-avec-photo\/#primaryimage"},"image":{"@id":"https:\/\/positiveprints.com\/fr\/produit\/phase-de-lune-de-la-nuit-de-lengagement-avec-photo\/#primaryimage"},"thumbnailUrl":"https:\/\/positiveprints.com\/wp-content\/uploads\/2024\/08\/Phase-de-Lune-de-la-Nuit-de-lEngagement-avec-Photo.jpg","datePublished":"2024-08-02T09:13:41+00:00","dateModified":"2026-04-03T01:39:13+00:00","description":"Vous cherchez un moyen sinc\u00e8re de comm\u00e9morer votre engagement ? Commencez \u00e0 personnaliser d\u00e8s aujourd'hui votre \u0153uvre Phase de Lune de la Nuit de l'Engagement avec Photo.","breadcrumb":{"@id":"https:\/\/positiveprints.com\/fr\/produit\/phase-de-lune-de-la-nuit-de-lengagement-avec-photo\/#breadcrumb"},"inLanguage":"fr-FR","potentialAction":[{"@type":"ReadAction","target":["https:\/\/positiveprints.com\/fr\/produit\/phase-de-lune-de-la-nuit-de-lengagement-avec-photo\/"]}]},{"@type":"ImageObject","inLanguage":"fr-FR","@id":"https:\/\/positiveprints.com\/fr\/produit\/phase-de-lune-de-la-nuit-de-lengagement-avec-photo\/#primaryimage","url":"https:\/\/positiveprints.com\/wp-content\/uploads\/2024\/08\/Phase-de-Lune-de-la-Nuit-de-lEngagement-avec-Photo.jpg","contentUrl":"https:\/\/positiveprints.com\/wp-content\/uploads\/2024\/08\/Phase-de-Lune-de-la-Nuit-de-lEngagement-avec-Photo.jpg","width":1080,"height":1080},{"@type":"BreadcrumbList","@id":"https:\/\/positiveprints.com\/fr\/produit\/phase-de-lune-de-la-nuit-de-lengagement-avec-photo\/#breadcrumb","itemListElement":[{"@type":"ListItem","position":1,"name":"Home","item":"https:\/\/positiveprints.com\/fr\/"},{"@type":"ListItem","position":2,"name":"Produits","item":"https:\/\/positiveprints.com\/fr\/shop\/"},{"@type":"ListItem","position":3,"name":"Phase de Lune de la Nuit de l&#8217;Engagement avec Photo"}]},{"@type":"WebSite","@id":"https:\/\/positiveprints.com\/fr\/#website","url":"https:\/\/positiveprints.com\/fr\/","name":"Positive Prints","description":"Amazing Custom Personalized Gifts","publisher":{"@id":"https:\/\/positiveprints.com\/fr\/#organization"},"potentialAction":[{"@type":"SearchAction","target":{"@type":"EntryPoint","urlTemplate":"https:\/\/positiveprints.com\/fr\/?s={search_term_string}"},"query-input":{"@type":"PropertyValueSpecification","valueRequired":true,"valueName":"search_term_string"}}],"inLanguage":"fr-FR"},{"@type":"Organization","@id":"https:\/\/positiveprints.com\/fr\/#organization","name":"Positive Prints","alternateName":"Positive Prints","url":"https:\/\/positiveprints.com\/fr\/","logo":{"@type":"ImageObject","inLanguage":"fr-FR","@id":"https:\/\/positiveprints.com\/fr\/#\/schema\/logo\/image\/","url":"https:\/\/positiveprints.com\/wp-content\/uploads\/2026\/03\/245815646_1337939713319158_5671353136411139666_n.png","contentUrl":"https:\/\/positiveprints.com\/wp-content\/uploads\/2026\/03\/245815646_1337939713319158_5671353136411139666_n.png","width":800,"height":800,"caption":"Positive Prints"},"image":{"@id":"https:\/\/positiveprints.com\/fr\/#\/schema\/logo\/image\/"},"sameAs":["https:\/\/www.facebook.com\/positiveprintscom","https:\/\/www.instagram.com\/positiveprintscom\/","https:\/\/www.tiktok.com\/@positiveprintscom","https:\/\/www.pinterest.com\/positiveprintscom\/"]}]}},"jetpack_sharing_enabled":true,"_links":{"self":[{"href":"https:\/\/positiveprints.com\/fr\/wp-json\/wp\/v2\/product\/1170022","targetHints":{"allow":["GET"]}}],"collection":[{"href":"https:\/\/positiveprints.com\/fr\/wp-json\/wp\/v2\/product"}],"about":[{"href":"https:\/\/positiveprints.com\/fr\/wp-json\/wp\/v2\/types\/product"}],"wp:featuredmedia":[{"embeddable":true,"href":"https:\/\/positiveprints.com\/fr\/wp-json\/wp\/v2\/media\/1177297"}],"wp:attachment":[{"href":"https:\/\/positiveprints.com\/fr\/wp-json\/wp\/v2\/media?parent=1170022"}],"wp:term":[{"taxonomy":"product_brand","embeddable":true,"href":"https:\/\/positiveprints.com\/fr\/wp-json\/wp\/v2\/product_brand?post=1170022"},{"taxonomy":"product_cat","embeddable":true,"href":"https:\/\/positiveprints.com\/fr\/wp-json\/wp\/v2\/product_cat?post=1170022"},{"taxonomy":"product_tag","embeddable":true,"href":"https:\/\/positiveprints.com\/fr\/wp-json\/wp\/v2\/product_tag?post=1170022"}],"curies":[{"name":"wp","href":"https:\/\/api.w.org\/{rel}","templated":true}]}}