{"id":1170008,"date":"2024-08-02T09:39:45","date_gmt":"2024-08-02T08:39:45","guid":{"rendered":"https:\/\/positiveprints.com\/?post_type=product&#038;p=1170008"},"modified":"2026-04-12T20:09:59","modified_gmt":"2026-04-12T19:09:59","slug":"lune-danniversaire-avec-photo","status":"publish","type":"product","link":"https:\/\/positiveprints.com\/fr\/produit\/lune-danniversaire-avec-photo\/","title":{"rendered":"Lune d&#8217;Anniversaire avec Photo"},"content":{"rendered":"<p>Vous cherchez un cadeau unique et sinc\u00e8re pour c\u00e9l\u00e9brer un anniversaire sp\u00e9cial ? La Lune d&#8217;Anniversaire avec Photo est une impression personnalis\u00e9e ou une toile qui capture magnifiquement la magie de la phase de la lune du jour de la naissance de quelqu&#8217;un, accompagn\u00e9e d&#8217;une photo pr\u00e9cieuse. Cette \u0153uvre d&#8217;art exquise est le moyen parfait de comm\u00e9morer un anniversaire et de cr\u00e9er un souvenir durable qui sera ch\u00e9ri pour toujours.<\/p>\r\n\r\n<h2>Lune d&#8217;Anniversaire avec Photo<\/h2>\r\n\r\n<p>La Lune d&#8217;Anniversaire avec Photo est une magnifique \u0153uvre d&#8217;art personnalis\u00e9e qui met en valeur une phase de lune et une photo personnelle. Pour cr\u00e9er ce souvenir significatif, visitez simplement notre \u00e9diteur en ligne. Commencez par choisir un arri\u00e8re-plan. S\u00e9lectionnez parmi les options pr\u00e9d\u00e9finies ou cr\u00e9ez votre propre palette de couleurs. Ensuite, ajoutez un titre \u00e0 votre \u0153uvre \u2013 un message sp\u00e9cial ou un sentiment qui sera affich\u00e9 au-dessus de la lune et de la photo.<\/p>\r\n\r\n<p>Apr\u00e8s avoir d\u00e9fini le titre, entrez la date et le lieu pour afficher la phase de lune du jour d&#8217;anniversaire que vous souhaitez comm\u00e9morer. Sous la lune et la photo, vous pouvez ajouter des noms ou tout autre texte que vous pr\u00e9f\u00e9rez pour la rendre encore plus personnelle. Enfin, choisissez le format de votre \u0153uvre. Nous proposons diff\u00e9rentes tailles et styles, y compris des impressions de posters imprim\u00e9s ou encadr\u00e9s, des toiles et des t\u00e9l\u00e9chargements num\u00e9riques instantan\u00e9s.<\/p>\r\n\r\n<h2>Pourquoi La Lune d&#8217;Anniversaire avec Photo est le Cadeau Parfait<\/h2>\r\n\r\n<p>Trouver un cadeau d&#8217;anniversaire significatif et personnalis\u00e9 peut \u00eatre un d\u00e9fi, mais La Lune d&#8217;Anniversaire avec Photo est la solution parfaite. Cette \u0153uvre d&#8217;art n&#8217;est pas seulement un r\u00e9gal visuel. C&#8217;est un rappel sentimental du jour sp\u00e9cial de la naissance de quelqu&#8217;un. Id\u00e9al pour les anniversaires de tous \u00e2ges, ce cadeau montre \u00e0 votre proche combien il compte pour vous.<\/p>\r\n\r\n<p>Le caract\u00e8re personnalis\u00e9 de cette \u0153uvre garantit que chaque pi\u00e8ce est unique. Chaque fois qu&#8217;ils la verront, ils se rappelleront l&#8217;amour et la joie que leur anniversaire apporte. C&#8217;est un cadeau qui porte une signification profonde et qui deviendra s\u00fbrement une partie pr\u00e9cieuse de leur maison.<\/p>\r\n\r\n<h2>Commencez \u00e0 Personnaliser Votre Cadeau D\u00e8s Aujourd&#8217;hui<\/h2>\r\n\r\n<p>Pr\u00eat \u00e0 cr\u00e9er un cadeau d&#8217;anniversaire m\u00e9morable et sinc\u00e8re ? Commencez \u00e0 personnaliser votre \u0153uvre Lune d&#8217;Anniversaire avec Photo d\u00e8s aujourd&#8217;hui.<\/p>\r\n\r\n<p>N&#8217;attendez pas\u2014transformez cet anniversaire sp\u00e9cial en une \u0153uvre d&#8217;art magnifique qui sera ch\u00e9rie pour toujours. Commandez d\u00e8s maintenant votre Lune d&#8217;Anniversaire avec Photo personnalis\u00e9e et offrez un cadeau vraiment extraordinaire.<\/p>","protected":false},"excerpt":{"rendered":"<ul class=\"check-list\">\n<li> Souvenez-vous d&#8217;un moment sp\u00e9cial avec une impression de phase de lune de votre date et lieu<\/li>\n<li>Personnalisez en 3 \u00e9tapes simples<\/li>\n<li>Choisissez parmi une gamme de designs magnifiques<\/li>\n<li>Incluez un texte personnalis\u00e9 significatif<\/li>\n<li>Aper\u00e7u de votre design \u00e0 chaque \u00e9tape<\/li>\n<\/ul>\n","protected":false},"featured_media":1689818,"template":"","meta":[],"product_brand":[],"product_cat":[11113,104,5249,3127,11211,11212,7589,5264,11398,8006,7621,7653,7685,7765,7734,7813],"product_tag":[8463,15942,15419,11108,13627],"class_list":{"0":"post-1170008","1":"product","2":"type-product","3":"status-publish","4":"has-post-thumbnail","6":"product_cat-double-lune","7":"product_cat-tous-les-produits","8":"product_cat-cadeaux-de-naissance-bebe","9":"product_cat-cadeaux-danniversaire","10":"product_cat-cadeau-anniversaire-femme","11":"product_cat-cadeau-anniversaire-homme","12":"product_cat-cadeaux-de-bapteme","13":"product_cat-cadeaux-de-noel","14":"product_cat-cadeaux-de-noel-pour-les-enfants","15":"product_cat-cadeaux-pour-hommes","16":"product_cat-cadeaux-pour-frere","17":"product_cat-cadeaux-pour-fils","18":"product_cat-cadeaux-pour-femmes","19":"product_cat-cadeaux-pour-fille","20":"product_cat-cadeaux-pour-soeur","21":"product_cat-cadeaux-pour-nouveaux-parents","22":"product_tag-birthday-fr","23":"product_tag-cadeau-de-noel-pour-enfants","24":"product_tag-cadre-avec-lune-de-naissance","25":"product_tag-luna-fr","26":"product_tag-moon-phase-fr","28":"first","29":"instock","30":"sale","31":"taxable","32":"shipping-taxable","33":"purchasable","34":"product-type-variable"},"yoast_head":"<!-- This site is optimized with the Yoast SEO Premium plugin v27.2 (Yoast SEO v27.2) - https:\/\/yoast.com\/product\/yoast-seo-premium-wordpress\/ -->\n<title>Lune d&#039;Anniversaire avec Photo - Positive Prints<\/title>\n<meta name=\"description\" content=\"Pr\u00eat \u00e0 cr\u00e9er un cadeau d&#039;anniversaire m\u00e9morable et sinc\u00e8re ? Commencez \u00e0 personnaliser votre \u0153uvre Lune d&#039;Anniversaire avec Photo d\u00e8s aujourd&#039;hui.\" \/>\n<meta name=\"robots\" content=\"index, follow, max-snippet:-1, max-image-preview:large, max-video-preview:-1\" \/>\n<link rel=\"canonical\" href=\"https:\/\/positiveprints.com\/fr\/produit\/lune-danniversaire-avec-photo\/\" \/>\n<meta property=\"og:locale\" content=\"fr_FR\" \/>\n<meta property=\"og:type\" content=\"article\" \/>\n<meta property=\"og:title\" content=\"Lune d&#039;Anniversaire avec Photo\" \/>\n<meta property=\"og:description\" content=\"Souvenez-vous d&#039;un moment sp\u00e9cial avec une impression de phase de lune de votre date et lieu Personnalisez en 3 \u00e9tapes simples Choisissez parmi une gamme de designs magnifiques Incluez un texte personnalis\u00e9 significatif Aper\u00e7u de votre design \u00e0 chaque \u00e9tape\" \/>\n<meta property=\"og:url\" content=\"https:\/\/positiveprints.com\/fr\/produit\/lune-danniversaire-avec-photo\/\" \/>\n<meta property=\"og:site_name\" content=\"Positive Prints\" \/>\n<meta property=\"article:publisher\" content=\"https:\/\/www.facebook.com\/positiveprintscom\" \/>\n<meta property=\"article:modified_time\" content=\"2026-04-12T19:09:59+00:00\" \/>\n<meta property=\"og:image\" content=\"https:\/\/positiveprints.com\/wp-content\/uploads\/2024\/08\/Lune-dAnniversaire-avec-Photo.jpg\" \/>\n\t<meta property=\"og:image:width\" content=\"1080\" \/>\n\t<meta property=\"og:image:height\" content=\"1080\" \/>\n\t<meta property=\"og:image:type\" content=\"image\/jpeg\" \/>\n<meta name=\"twitter:card\" content=\"summary_large_image\" \/>\n<!-- \/ Yoast SEO Premium plugin. -->","yoast_head_json":{"title":"Lune d'Anniversaire avec Photo - Positive Prints","description":"Pr\u00eat \u00e0 cr\u00e9er un cadeau d'anniversaire m\u00e9morable et sinc\u00e8re ? Commencez \u00e0 personnaliser votre \u0153uvre Lune d'Anniversaire avec Photo d\u00e8s aujourd'hui.","robots":{"index":"index","follow":"follow","max-snippet":"max-snippet:-1","max-image-preview":"max-image-preview:large","max-video-preview":"max-video-preview:-1"},"canonical":"https:\/\/positiveprints.com\/fr\/produit\/lune-danniversaire-avec-photo\/","og_locale":"fr_FR","og_type":"article","og_title":"Lune d'Anniversaire avec Photo","og_description":"Souvenez-vous d'un moment sp\u00e9cial avec une impression de phase de lune de votre date et lieu Personnalisez en 3 \u00e9tapes simples Choisissez parmi une gamme de designs magnifiques Incluez un texte personnalis\u00e9 significatif Aper\u00e7u de votre design \u00e0 chaque \u00e9tape","og_url":"https:\/\/positiveprints.com\/fr\/produit\/lune-danniversaire-avec-photo\/","og_site_name":"Positive Prints","article_publisher":"https:\/\/www.facebook.com\/positiveprintscom","article_modified_time":"2026-04-12T19:09:59+00:00","og_image":[{"width":1080,"height":1080,"url":"https:\/\/positiveprints.com\/wp-content\/uploads\/2024\/08\/Lune-dAnniversaire-avec-Photo.jpg","type":"image\/jpeg"}],"twitter_card":"summary_large_image","schema":{"@context":"https:\/\/schema.org","@graph":[{"@type":["WebPage","ItemPage"],"@id":"https:\/\/positiveprints.com\/fr\/produit\/lune-danniversaire-avec-photo\/","url":"https:\/\/positiveprints.com\/fr\/produit\/lune-danniversaire-avec-photo\/","name":"Lune d'Anniversaire avec Photo - Positive Prints","isPartOf":{"@id":"https:\/\/positiveprints.com\/fr\/#website"},"primaryImageOfPage":{"@id":"https:\/\/positiveprints.com\/fr\/produit\/lune-danniversaire-avec-photo\/#primaryimage"},"image":{"@id":"https:\/\/positiveprints.com\/fr\/produit\/lune-danniversaire-avec-photo\/#primaryimage"},"thumbnailUrl":"https:\/\/positiveprints.com\/wp-content\/uploads\/2026\/03\/Packshot_FR_Lune-dAnniversaire-avec-Photo.webp","datePublished":"2024-08-02T08:39:45+00:00","dateModified":"2026-04-12T19:09:59+00:00","description":"Pr\u00eat \u00e0 cr\u00e9er un cadeau d'anniversaire m\u00e9morable et sinc\u00e8re ? Commencez \u00e0 personnaliser votre \u0153uvre Lune d'Anniversaire avec Photo d\u00e8s aujourd'hui.","breadcrumb":{"@id":"https:\/\/positiveprints.com\/fr\/produit\/lune-danniversaire-avec-photo\/#breadcrumb"},"inLanguage":"fr-FR","potentialAction":[{"@type":"ReadAction","target":["https:\/\/positiveprints.com\/fr\/produit\/lune-danniversaire-avec-photo\/"]}]},{"@type":"ImageObject","inLanguage":"fr-FR","@id":"https:\/\/positiveprints.com\/fr\/produit\/lune-danniversaire-avec-photo\/#primaryimage","url":"https:\/\/positiveprints.com\/wp-content\/uploads\/2026\/03\/Packshot_FR_Lune-dAnniversaire-avec-Photo.webp","contentUrl":"https:\/\/positiveprints.com\/wp-content\/uploads\/2026\/03\/Packshot_FR_Lune-dAnniversaire-avec-Photo.webp","width":1450,"height":1450,"caption":"Packshot_FR_Lune d'Anniversaire avec Photo"},{"@type":"BreadcrumbList","@id":"https:\/\/positiveprints.com\/fr\/produit\/lune-danniversaire-avec-photo\/#breadcrumb","itemListElement":[{"@type":"ListItem","position":1,"name":"Home","item":"https:\/\/positiveprints.com\/fr\/"},{"@type":"ListItem","position":2,"name":"Produits","item":"https:\/\/positiveprints.com\/fr\/shop\/"},{"@type":"ListItem","position":3,"name":"Lune d&#8217;Anniversaire avec Photo"}]},{"@type":"WebSite","@id":"https:\/\/positiveprints.com\/fr\/#website","url":"https:\/\/positiveprints.com\/fr\/","name":"Positive Prints","description":"Amazing Custom Personalized Gifts","publisher":{"@id":"https:\/\/positiveprints.com\/fr\/#organization"},"potentialAction":[{"@type":"SearchAction","target":{"@type":"EntryPoint","urlTemplate":"https:\/\/positiveprints.com\/fr\/?s={search_term_string}"},"query-input":{"@type":"PropertyValueSpecification","valueRequired":true,"valueName":"search_term_string"}}],"inLanguage":"fr-FR"},{"@type":"Organization","@id":"https:\/\/positiveprints.com\/fr\/#organization","name":"Positive Prints","alternateName":"Positive Prints","url":"https:\/\/positiveprints.com\/fr\/","logo":{"@type":"ImageObject","inLanguage":"fr-FR","@id":"https:\/\/positiveprints.com\/fr\/#\/schema\/logo\/image\/","url":"https:\/\/positiveprints.com\/wp-content\/uploads\/2026\/03\/245815646_1337939713319158_5671353136411139666_n.png","contentUrl":"https:\/\/positiveprints.com\/wp-content\/uploads\/2026\/03\/245815646_1337939713319158_5671353136411139666_n.png","width":800,"height":800,"caption":"Positive Prints"},"image":{"@id":"https:\/\/positiveprints.com\/fr\/#\/schema\/logo\/image\/"},"sameAs":["https:\/\/www.facebook.com\/positiveprintscom","https:\/\/www.instagram.com\/positiveprintscom\/","https:\/\/www.tiktok.com\/@positiveprintscom","https:\/\/www.pinterest.com\/positiveprintscom\/"]}]}},"jetpack_sharing_enabled":true,"_links":{"self":[{"href":"https:\/\/positiveprints.com\/fr\/wp-json\/wp\/v2\/product\/1170008","targetHints":{"allow":["GET"]}}],"collection":[{"href":"https:\/\/positiveprints.com\/fr\/wp-json\/wp\/v2\/product"}],"about":[{"href":"https:\/\/positiveprints.com\/fr\/wp-json\/wp\/v2\/types\/product"}],"wp:featuredmedia":[{"embeddable":true,"href":"https:\/\/positiveprints.com\/fr\/wp-json\/wp\/v2\/media\/1689818"}],"wp:attachment":[{"href":"https:\/\/positiveprints.com\/fr\/wp-json\/wp\/v2\/media?parent=1170008"}],"wp:term":[{"taxonomy":"product_brand","embeddable":true,"href":"https:\/\/positiveprints.com\/fr\/wp-json\/wp\/v2\/product_brand?post=1170008"},{"taxonomy":"product_cat","embeddable":true,"href":"https:\/\/positiveprints.com\/fr\/wp-json\/wp\/v2\/product_cat?post=1170008"},{"taxonomy":"product_tag","embeddable":true,"href":"https:\/\/positiveprints.com\/fr\/wp-json\/wp\/v2\/product_tag?post=1170008"}],"curies":[{"name":"wp","href":"https:\/\/api.w.org\/{rel}","templated":true}]}}