{"id":1169835,"date":"2024-08-01T10:56:20","date_gmt":"2024-08-01T09:56:20","guid":{"rendered":"https:\/\/positiveprints.com\/?post_type=product&#038;p=1169835"},"modified":"2026-04-28T13:37:20","modified_gmt":"2026-04-28T12:37:20","slug":"phases-lunaires-des-meilleurs-amis","status":"publish","type":"product","link":"https:\/\/positiveprints.com\/fr\/produit\/phases-lunaires-des-meilleurs-amis\/","title":{"rendered":"Phases Lunaires des Meilleurs Amis"},"content":{"rendered":"<p>\u00c0 la recherche d&#8217;un moyen sp\u00e9cial de c\u00e9l\u00e9brer votre amiti\u00e9 ? *Phases Lunaires des Meilleurs Amis* est une impression personnalis\u00e9e qui capture magnifiquement le lien unique entre meilleurs amis. Cette \u0153uvre d&#8217;art exquise pr\u00e9sente deux phases de la lune : l&#8217;une correspondant \u00e0 votre anniversaire et l&#8217;autre \u00e0 celui de votre meilleur ami. C&#8217;est une mani\u00e8re touchante d&#8217;honorer les moments sp\u00e9ciaux qui d\u00e9finissent votre amiti\u00e9 et de cr\u00e9er un souvenir durable de votre connexion.<\/p>\r\n\r\n<h2>Phases Lunaires des Meilleurs Amis<\/h2>\r\n\r\n<p>*Phases Lunaires des Meilleurs Amis* est une pi\u00e8ce d&#8217;art personnalis\u00e9e \u00e9poustouflante qui met en avant deux phases de la lune, chacune repr\u00e9sentant les anniversaires de vous et de votre meilleur ami. Pour cr\u00e9er ce souvenir m\u00e9morable, visitez simplement notre \u00e9diteur en ligne. Commencez par choisir un fond ; optez pour des options pr\u00e9d\u00e9finies ou cr\u00e9ez votre propre sch\u00e9ma de couleurs. Ensuite, ajoutez un titre \u00e0 votre \u0153uvre \u2014 un message sp\u00e9cial ou un sentiment qui sera affich\u00e9 au-dessus des lunes.<\/p>\r\n\r\n<p>Une fois le titre d\u00e9fini, saisissez les dates et les lieux pour chaque phase de la lune. Cela r\u00e9v\u00e9lera comment la lune apparaissait les jours o\u00f9 vous et votre meilleur ami \u00eates n\u00e9s. Sous chaque lune, vous pouvez ajouter des noms ou tout autre texte de votre choix. Enfin, choisissez le format de votre \u0153uvre. Nous proposons diverses tailles et styles, y compris des impressions ou affiches encadr\u00e9es, des toiles et des t\u00e9l\u00e9chargements num\u00e9riques instantan\u00e9s.<\/p>\r\n\r\n<h2>Pourquoi *Phases Lunaires des Meilleurs Amis* est le Cadeau Parfait<\/h2>\r\n\r\n<p>Trouver un cadeau significatif pour c\u00e9l\u00e9brer votre amiti\u00e9 peut \u00eatre un d\u00e9fi, mais *Phases Lunaires des Meilleurs Amis* est la solution parfaite. Cette \u0153uvre d&#8217;art n&#8217;est pas seulement un r\u00e9gal visuel. C&#8217;est un rappel sentimental des jours sp\u00e9ciaux qui ont marqu\u00e9 vos d\u00e9buts. Id\u00e9al pour les anniversaires, la Journ\u00e9e de l&#8217;Amiti\u00e9 ou toute occasion sp\u00e9ciale, ce cadeau montre \u00e0 votre meilleur ami combien il compte pour vous.<\/p>\r\n\r\n<p>Le caract\u00e8re personnalis\u00e9 de cette \u0153uvre garantit que chaque pi\u00e8ce est unique. Chaque fois que vous et votre meilleur ami la verrez, vous serez rappel\u00e9s de l&#8217;amour et de la connexion que vous partagez. C&#8217;est un cadeau qui porte une signification profonde et qui est s\u00fbr de devenir un \u00e9l\u00e9ment pr\u00e9cieux de vos foyers.<\/p>\r\n\r\n<h2>Commencez \u00e0 Personnaliser Votre Cadeau Aujourd&#8217;hui<\/h2>\r\n\r\n<p>Pr\u00eat \u00e0 cr\u00e9er un cadeau m\u00e9morable et sinc\u00e8re pour votre meilleur ami ? Commencez \u00e0 personnaliser d\u00e8s aujourd&#8217;hui votre \u0153uvre *Phases Lunaires des Meilleurs Amis*.<\/p>\r\n\r\n<p>Ne manquez pas cette opportunit\u00e9 \u2014 transformez ces moments sp\u00e9ciaux en une \u0153uvre d&#8217;art \u00e9blouissante que vous et votre meilleur ami ch\u00e9rirez pour toujours. Commandez d\u00e8s maintenant votre *Phases Lunaires des Meilleurs Amis* personnalis\u00e9 et offrez un cadeau vraiment hors du commun.<\/p>","protected":false},"excerpt":{"rendered":"<ul class=\"check-list\">\n<li>Capturez deux moments sp\u00e9ciaux et montrez \u00e0 quoi ressemblait la lune ces jours-l\u00e0<\/li>\n<li>Personnalisez en 3 \u00e9tapes simples<\/li>\n<li>Choisissez parmi une gamme de designs magnifiques<\/li>\n<li>Incluez un texte personnalis\u00e9 significatif<\/li>\n<li>Aper\u00e7u de votre design \u00e0 chaque \u00e9tape<\/li>\n<\/ul>\n","protected":false},"featured_media":1174296,"template":"","meta":[],"product_brand":[],"product_cat":[11113,9760,104,5264,15042,7829],"product_tag":[8626,11867,15176,15223,15177,9383,15178,13475,15218,15179,15216,15217,15221,13487,11108,9376,13627],"class_list":{"0":"post-1169835","1":"product","2":"type-product","3":"status-publish","4":"has-post-thumbnail","6":"product_cat-double-lune","7":"product_cat-trending-label-fr","8":"product_cat-tous-les-produits","9":"product_cat-cadeaux-de-noel","10":"product_cat-cadeaux-de-noel-pour-les-amis","11":"product_cat-cadeaux-pour-amis","12":"product_tag-amies","13":"product_tag-amitie","14":"product_tag-best-friend-fr","15":"product_tag-best-friends-fr","16":"product_tag-best-friends-forever-fr","17":"product_tag-besties-fr","18":"product_tag-bff-fr","19":"product_tag-cadeaux-de-noel-pour-les-amis","20":"product_tag-christmas-gifts-for-friends-fr","21":"product_tag-friend-fr","22":"product_tag-friends-fr","23":"product_tag-friendship-fr","24":"product_tag-galentines-day-fr-2","25":"product_tag-galentines-day-fr","26":"product_tag-luna-fr","27":"product_tag-meilleurs-amis","28":"product_tag-moon-phase-fr","30":"first","31":"instock","32":"sale","33":"taxable","34":"shipping-taxable","35":"purchasable","36":"product-type-variable"},"yoast_head":"<!-- This site is optimized with the Yoast SEO Premium plugin v27.2 (Yoast SEO v27.2) - https:\/\/yoast.com\/product\/yoast-seo-premium-wordpress\/ -->\n<title>Phases Lunaires des Meilleurs Amis - Positive Prints<\/title>\n<meta name=\"description\" content=\"\u00c0 la recherche d&#039;un moyen sp\u00e9cial de c\u00e9l\u00e9brer votre amiti\u00e9 ? Phases Lunaires des Meilleurs Amis est une impression personnalis\u00e9e qui capture le lien unique entre meilleurs amis.\" \/>\n<meta name=\"robots\" content=\"index, follow, max-snippet:-1, max-image-preview:large, max-video-preview:-1\" \/>\n<link rel=\"canonical\" href=\"https:\/\/positiveprints.com\/fr\/produit\/phases-lunaires-des-meilleurs-amis\/\" \/>\n<meta property=\"og:locale\" content=\"fr_FR\" \/>\n<meta property=\"og:type\" content=\"article\" \/>\n<meta property=\"og:title\" content=\"Phases Lunaires des Meilleurs Amis\" \/>\n<meta property=\"og:description\" content=\"Capturez deux moments sp\u00e9ciaux et montrez \u00e0 quoi ressemblait la lune ces jours-l\u00e0 Personnalisez en 3 \u00e9tapes simples Choisissez parmi une gamme de designs magnifiques Incluez un texte personnalis\u00e9 significatif Aper\u00e7u de votre design \u00e0 chaque \u00e9tape\" \/>\n<meta property=\"og:url\" content=\"https:\/\/positiveprints.com\/fr\/produit\/phases-lunaires-des-meilleurs-amis\/\" \/>\n<meta property=\"og:site_name\" content=\"Positive Prints\" \/>\n<meta property=\"article:publisher\" content=\"https:\/\/www.facebook.com\/positiveprintscom\" \/>\n<meta property=\"article:modified_time\" content=\"2026-04-28T12:37:20+00:00\" \/>\n<meta property=\"og:image\" content=\"https:\/\/positiveprints.com\/wp-content\/uploads\/2024\/08\/Phases-Lunaires-des-Meilleurs-Amis.jpg\" \/>\n\t<meta property=\"og:image:width\" content=\"1080\" \/>\n\t<meta property=\"og:image:height\" content=\"1080\" \/>\n\t<meta property=\"og:image:type\" content=\"image\/jpeg\" \/>\n<meta name=\"twitter:card\" content=\"summary_large_image\" \/>\n<!-- \/ Yoast SEO Premium plugin. -->","yoast_head_json":{"title":"Phases Lunaires des Meilleurs Amis - Positive Prints","description":"\u00c0 la recherche d'un moyen sp\u00e9cial de c\u00e9l\u00e9brer votre amiti\u00e9 ? Phases Lunaires des Meilleurs Amis est une impression personnalis\u00e9e qui capture le lien unique entre meilleurs amis.","robots":{"index":"index","follow":"follow","max-snippet":"max-snippet:-1","max-image-preview":"max-image-preview:large","max-video-preview":"max-video-preview:-1"},"canonical":"https:\/\/positiveprints.com\/fr\/produit\/phases-lunaires-des-meilleurs-amis\/","og_locale":"fr_FR","og_type":"article","og_title":"Phases Lunaires des Meilleurs Amis","og_description":"Capturez deux moments sp\u00e9ciaux et montrez \u00e0 quoi ressemblait la lune ces jours-l\u00e0 Personnalisez en 3 \u00e9tapes simples Choisissez parmi une gamme de designs magnifiques Incluez un texte personnalis\u00e9 significatif Aper\u00e7u de votre design \u00e0 chaque \u00e9tape","og_url":"https:\/\/positiveprints.com\/fr\/produit\/phases-lunaires-des-meilleurs-amis\/","og_site_name":"Positive Prints","article_publisher":"https:\/\/www.facebook.com\/positiveprintscom","article_modified_time":"2026-04-28T12:37:20+00:00","og_image":[{"width":1080,"height":1080,"url":"https:\/\/positiveprints.com\/wp-content\/uploads\/2024\/08\/Phases-Lunaires-des-Meilleurs-Amis.jpg","type":"image\/jpeg"}],"twitter_card":"summary_large_image","schema":{"@context":"https:\/\/schema.org","@graph":[{"@type":["WebPage","ItemPage"],"@id":"https:\/\/positiveprints.com\/fr\/produit\/phases-lunaires-des-meilleurs-amis\/","url":"https:\/\/positiveprints.com\/fr\/produit\/phases-lunaires-des-meilleurs-amis\/","name":"Phases Lunaires des Meilleurs Amis - Positive Prints","isPartOf":{"@id":"https:\/\/positiveprints.com\/fr\/#website"},"primaryImageOfPage":{"@id":"https:\/\/positiveprints.com\/fr\/produit\/phases-lunaires-des-meilleurs-amis\/#primaryimage"},"image":{"@id":"https:\/\/positiveprints.com\/fr\/produit\/phases-lunaires-des-meilleurs-amis\/#primaryimage"},"thumbnailUrl":"https:\/\/positiveprints.com\/wp-content\/uploads\/2024\/08\/Phases-Lunaires-des-Meilleurs-Amis.jpg","datePublished":"2024-08-01T09:56:20+00:00","dateModified":"2026-04-28T12:37:20+00:00","description":"\u00c0 la recherche d'un moyen sp\u00e9cial de c\u00e9l\u00e9brer votre amiti\u00e9 ? Phases Lunaires des Meilleurs Amis est une impression personnalis\u00e9e qui capture le lien unique entre meilleurs amis.","breadcrumb":{"@id":"https:\/\/positiveprints.com\/fr\/produit\/phases-lunaires-des-meilleurs-amis\/#breadcrumb"},"inLanguage":"fr-FR","potentialAction":[{"@type":"ReadAction","target":["https:\/\/positiveprints.com\/fr\/produit\/phases-lunaires-des-meilleurs-amis\/"]}]},{"@type":"ImageObject","inLanguage":"fr-FR","@id":"https:\/\/positiveprints.com\/fr\/produit\/phases-lunaires-des-meilleurs-amis\/#primaryimage","url":"https:\/\/positiveprints.com\/wp-content\/uploads\/2024\/08\/Phases-Lunaires-des-Meilleurs-Amis.jpg","contentUrl":"https:\/\/positiveprints.com\/wp-content\/uploads\/2024\/08\/Phases-Lunaires-des-Meilleurs-Amis.jpg","width":1080,"height":1080},{"@type":"BreadcrumbList","@id":"https:\/\/positiveprints.com\/fr\/produit\/phases-lunaires-des-meilleurs-amis\/#breadcrumb","itemListElement":[{"@type":"ListItem","position":1,"name":"Home","item":"https:\/\/positiveprints.com\/fr\/"},{"@type":"ListItem","position":2,"name":"Produits","item":"https:\/\/positiveprints.com\/fr\/shop\/"},{"@type":"ListItem","position":3,"name":"Phases Lunaires des Meilleurs Amis"}]},{"@type":"WebSite","@id":"https:\/\/positiveprints.com\/fr\/#website","url":"https:\/\/positiveprints.com\/fr\/","name":"Positive Prints","description":"Amazing Custom Personalized Gifts","publisher":{"@id":"https:\/\/positiveprints.com\/fr\/#organization"},"potentialAction":[{"@type":"SearchAction","target":{"@type":"EntryPoint","urlTemplate":"https:\/\/positiveprints.com\/fr\/?s={search_term_string}"},"query-input":{"@type":"PropertyValueSpecification","valueRequired":true,"valueName":"search_term_string"}}],"inLanguage":"fr-FR"},{"@type":"Organization","@id":"https:\/\/positiveprints.com\/fr\/#organization","name":"Positive Prints","alternateName":"Positive Prints","url":"https:\/\/positiveprints.com\/fr\/","logo":{"@type":"ImageObject","inLanguage":"fr-FR","@id":"https:\/\/positiveprints.com\/fr\/#\/schema\/logo\/image\/","url":"https:\/\/positiveprints.com\/wp-content\/uploads\/2026\/03\/245815646_1337939713319158_5671353136411139666_n.png","contentUrl":"https:\/\/positiveprints.com\/wp-content\/uploads\/2026\/03\/245815646_1337939713319158_5671353136411139666_n.png","width":800,"height":800,"caption":"Positive Prints"},"image":{"@id":"https:\/\/positiveprints.com\/fr\/#\/schema\/logo\/image\/"},"sameAs":["https:\/\/www.facebook.com\/positiveprintscom","https:\/\/www.instagram.com\/positiveprintscom\/","https:\/\/www.tiktok.com\/@positiveprintscom","https:\/\/www.pinterest.com\/positiveprintscom\/"]}]}},"jetpack_sharing_enabled":true,"_links":{"self":[{"href":"https:\/\/positiveprints.com\/fr\/wp-json\/wp\/v2\/product\/1169835","targetHints":{"allow":["GET"]}}],"collection":[{"href":"https:\/\/positiveprints.com\/fr\/wp-json\/wp\/v2\/product"}],"about":[{"href":"https:\/\/positiveprints.com\/fr\/wp-json\/wp\/v2\/types\/product"}],"wp:featuredmedia":[{"embeddable":true,"href":"https:\/\/positiveprints.com\/fr\/wp-json\/wp\/v2\/media\/1174296"}],"wp:attachment":[{"href":"https:\/\/positiveprints.com\/fr\/wp-json\/wp\/v2\/media?parent=1169835"}],"wp:term":[{"taxonomy":"product_brand","embeddable":true,"href":"https:\/\/positiveprints.com\/fr\/wp-json\/wp\/v2\/product_brand?post=1169835"},{"taxonomy":"product_cat","embeddable":true,"href":"https:\/\/positiveprints.com\/fr\/wp-json\/wp\/v2\/product_cat?post=1169835"},{"taxonomy":"product_tag","embeddable":true,"href":"https:\/\/positiveprints.com\/fr\/wp-json\/wp\/v2\/product_tag?post=1169835"}],"curies":[{"name":"wp","href":"https:\/\/api.w.org\/{rel}","templated":true}]}}