{"id":1169829,"date":"2024-08-01T10:14:47","date_gmt":"2024-08-01T09:14:47","guid":{"rendered":"https:\/\/positiveprints.com\/?post_type=product&#038;p=1169829"},"modified":"2026-04-23T10:49:40","modified_gmt":"2026-04-23T09:49:40","slug":"ames-soeurs-des-phases-de-lune","status":"publish","type":"product","link":"https:\/\/positiveprints.com\/fr\/produit\/ames-soeurs-des-phases-de-lune\/","title":{"rendered":"\u00c2mes S\u0153urs des Phases de Lune"},"content":{"rendered":"<p>\u00c0 la recherche d&#8217;un cadeau unique et significatif pour c\u00e9l\u00e9brer votre amour ? *\u00c2mes S\u0153urs des Phases de Lune* est une impression personnalis\u00e9e qui capture magnifiquement la connexion entre vous et votre \u00e2me s\u0153ur. Cette \u0153uvre d&#8217;art exquise pr\u00e9sente deux phases de la lune : l&#8217;une correspondant \u00e0 votre anniversaire et l&#8217;autre \u00e0 celui de votre \u00e2me s\u0153ur. C&#8217;est une mani\u00e8re touchante d&#8217;honorer le lien sp\u00e9cial que vous partagez et de c\u00e9l\u00e9brer les moments qui vous ont r\u00e9unis.<\/p>\r\n\r\n<h2>\u00c2mes S\u0153urs des Phases de Lune<\/h2>\r\n\r\n<p>*\u00c2mes S\u0153urs des Phases de Lune* est une pi\u00e8ce d&#8217;art personnalis\u00e9e \u00e9poustouflante qui met en avant deux phases de la lune, chacune repr\u00e9sentant les anniversaires de vous et de votre \u00e2me s\u0153ur. Pour cr\u00e9er ce souvenir romantique, visitez simplement notre \u00e9diteur en ligne. Commencez par choisir un fond ; optez pour des options pr\u00e9d\u00e9finies ou cr\u00e9ez votre propre sch\u00e9ma de couleurs. Ensuite, ajoutez un titre \u00e0 votre \u0153uvre \u2014 un message sp\u00e9cial ou un sentiment qui sera affich\u00e9 au-dessus des lunes.<\/p>\r\n\r\n<p>Une fois le titre d\u00e9fini, saisissez les dates et les lieux pour chaque phase de la lune. Cela r\u00e9v\u00e9lera comment la lune apparaissait les jours o\u00f9 vous et votre \u00e2me s\u0153ur \u00eates n\u00e9s. Sous chaque lune, vous pouvez ajouter des noms ou tout autre texte de votre choix. Enfin, choisissez le format de votre \u0153uvre. Nous proposons diverses tailles et styles, y compris des impressions ou affiches encadr\u00e9es, des toiles et des t\u00e9l\u00e9chargements num\u00e9riques instantan\u00e9s.<\/p>\r\n\r\n<h2>Pourquoi *\u00c2mes S\u0153urs des Phases de Lune* est le Cadeau Parfait<\/h2>\r\n\r\n<p>Trouver un cadeau significatif qui c\u00e9l\u00e8bre votre amour peut \u00eatre un d\u00e9fi, mais *\u00c2mes S\u0153urs des Phases de Lune* est la solution parfaite. Cette \u0153uvre d&#8217;art n&#8217;est pas seulement un r\u00e9gal visuel. C&#8217;est un rappel sentimental des jours sp\u00e9ciaux qui ont marqu\u00e9 vos d\u00e9buts. Id\u00e9al pour les anniversaires, la Saint-Valentin ou toute occasion romantique, ce cadeau montre \u00e0 votre \u00e2me s\u0153ur combien elle compte pour vous.<\/p>\r\n\r\n<p>L&#8217;aspect personnalis\u00e9 de cette \u0153uvre garantit que chaque pi\u00e8ce est unique. Chaque fois que vous et votre \u00e2me s\u0153ur la verrez, vous serez rappel\u00e9s de l&#8217;amour et de la connexion que vous partagez. C&#8217;est un cadeau qui porte une signification profonde et qui est s\u00fbr de devenir un \u00e9l\u00e9ment pr\u00e9cieux de votre maison.<\/p>\r\n\r\n<h2>Commencez \u00e0 Personnaliser Votre Cadeau Aujourd&#8217;hui<\/h2>\r\n\r\n<p>Pr\u00eat \u00e0 cr\u00e9er un cadeau m\u00e9morable et plein de c\u0153ur pour votre \u00e2me s\u0153ur ? Commencez \u00e0 personnaliser votre \u0153uvre *\u00c2mes S\u0153urs des Phases de Lune* d\u00e8s aujourd&#8217;hui.<\/p>\r\n\r\n<p>Ne manquez pas cette opportunit\u00e9 \u2014 transformez ces moments sp\u00e9ciaux en une \u0153uvre d&#8217;art \u00e9blouissante que vous et votre \u00e2me s\u0153ur ch\u00e9rirez pour toujours. Commandez d\u00e8s maintenant votre *\u00c2mes S\u0153urs des Phases de Lune* personnalis\u00e9 et offrez un cadeau qui est vraiment hors du commun.<\/p>","protected":false},"excerpt":{"rendered":"<ul class=\"check-list\">\n<li>Capturez deux moments sp\u00e9ciaux et montrez \u00e0 quoi ressemblait la lune ces jours-l\u00e0<\/li>\n<li>Personnalisez en 3 \u00e9tapes simples<\/li>\n<li>Choisissez parmi une gamme de designs magnifiques<\/li>\n<li>Incluez un texte personnalis\u00e9 significatif<\/li>\n<li>Aper\u00e7u de votre design \u00e0 chaque \u00e9tape<\/li>\n<\/ul>\n","protected":false},"featured_media":1173978,"template":"","meta":[],"product_brand":[],"product_cat":[11113,8194,8217,104,5328,11177,11175,11176,3127,11211,11212,5276,5264,11401,11389,11398,8006,7670,7621,7653,7685,7765,7781,7734,7797,7845,3118,11245,11246],"product_tag":[15942,13426,13455,11108,13627],"class_list":{"0":"post-1169829","1":"product","2":"type-product","3":"status-publish","4":"has-post-thumbnail","6":"product_cat-double-lune","7":"product_cat-pour-elle","8":"product_cat-pour-lui","9":"product_cat-tous-les-produits","10":"product_cat-cadeaux-de-commemorations","11":"product_cat-cadeaux-danniversaire-pour-couples","12":"product_cat-cadeaux-danniversaire-pour-femme","13":"product_cat-cadeaux-danniversaire-pour-homme","14":"product_cat-cadeaux-danniversaire","15":"product_cat-cadeau-anniversaire-femme","16":"product_cat-cadeau-anniversaire-homme","17":"product_cat-cadeaux-de-fiancailles-idees-cadeaux","18":"product_cat-cadeaux-de-noel","19":"product_cat-cadeaux-de-noel-pour-la-soeur","20":"product_cat-cadeaux-de-noel-pour-le-frere","21":"product_cat-cadeaux-de-noel-pour-les-enfants","22":"product_cat-cadeaux-pour-hommes","23":"product_cat-cadeaux-pour-petit-ami","24":"product_cat-cadeaux-pour-frere","25":"product_cat-cadeaux-pour-fils","26":"product_cat-cadeaux-pour-femmes","27":"product_cat-cadeaux-pour-fille","28":"product_cat-cadeaux-pour-petite-amie","29":"product_cat-cadeaux-pour-soeur","30":"product_cat-cadeaux-pour-couple","31":"product_cat-cadeaux-pour-la-famille","32":"product_cat-cadeaux-saint-valentin","33":"product_cat-cadeaux-de-saint-valentin-pour-elle","34":"product_cat-cadeaux-de-saint-valentin-pour-lui","35":"product_tag-cadeau-de-noel-pour-enfants","36":"product_tag-cadeau-de-noel-pour-soeur","37":"product_tag-cadeaux-de-noel-pour-frere","38":"product_tag-luna-fr","39":"product_tag-moon-phase-fr","41":"first","42":"instock","43":"sale","44":"taxable","45":"shipping-taxable","46":"purchasable","47":"product-type-variable"},"yoast_head":"<!-- This site is optimized with the Yoast SEO Premium plugin v27.2 (Yoast SEO v27.2) - https:\/\/yoast.com\/product\/yoast-seo-premium-wordpress\/ -->\n<title>\u00c2mes S\u0153urs des Phases de Lune - Positive Prints<\/title>\n<meta name=\"description\" content=\"\u00c0 la recherche d&#039;un cadeau unique et significatif pour c\u00e9l\u00e9brer votre amour ? \u00c2mes S\u0153urs des Phases de Lune capture la connexion entre vous et votre \u00e2me s\u0153ur.\" \/>\n<meta name=\"robots\" content=\"index, follow, max-snippet:-1, max-image-preview:large, max-video-preview:-1\" \/>\n<link rel=\"canonical\" href=\"https:\/\/positiveprints.com\/fr\/produit\/ames-soeurs-des-phases-de-lune\/\" \/>\n<meta property=\"og:locale\" content=\"fr_FR\" \/>\n<meta property=\"og:type\" content=\"article\" \/>\n<meta property=\"og:title\" content=\"\u00c2mes S\u0153urs des Phases de Lune\" \/>\n<meta property=\"og:description\" content=\"Capturez deux moments sp\u00e9ciaux et montrez \u00e0 quoi ressemblait la lune ces jours-l\u00e0 Personnalisez en 3 \u00e9tapes simples Choisissez parmi une gamme de designs magnifiques Incluez un texte personnalis\u00e9 significatif Aper\u00e7u de votre design \u00e0 chaque \u00e9tape\" \/>\n<meta property=\"og:url\" content=\"https:\/\/positiveprints.com\/fr\/produit\/ames-soeurs-des-phases-de-lune\/\" \/>\n<meta property=\"og:site_name\" content=\"Positive Prints\" \/>\n<meta property=\"article:publisher\" content=\"https:\/\/www.facebook.com\/positiveprintscom\" \/>\n<meta property=\"article:modified_time\" content=\"2026-04-23T09:49:40+00:00\" \/>\n<meta property=\"og:image\" content=\"https:\/\/positiveprints.com\/wp-content\/uploads\/2024\/08\/A\u0302mes-Soeurs-des-Phases-de-Lune.jpg\" \/>\n\t<meta property=\"og:image:width\" content=\"1080\" \/>\n\t<meta property=\"og:image:height\" content=\"1080\" \/>\n\t<meta property=\"og:image:type\" content=\"image\/jpeg\" \/>\n<meta name=\"twitter:card\" content=\"summary_large_image\" \/>\n<!-- \/ Yoast SEO Premium plugin. -->","yoast_head_json":{"title":"\u00c2mes S\u0153urs des Phases de Lune - Positive Prints","description":"\u00c0 la recherche d'un cadeau unique et significatif pour c\u00e9l\u00e9brer votre amour ? \u00c2mes S\u0153urs des Phases de Lune capture la connexion entre vous et votre \u00e2me s\u0153ur.","robots":{"index":"index","follow":"follow","max-snippet":"max-snippet:-1","max-image-preview":"max-image-preview:large","max-video-preview":"max-video-preview:-1"},"canonical":"https:\/\/positiveprints.com\/fr\/produit\/ames-soeurs-des-phases-de-lune\/","og_locale":"fr_FR","og_type":"article","og_title":"\u00c2mes S\u0153urs des Phases de Lune","og_description":"Capturez deux moments sp\u00e9ciaux et montrez \u00e0 quoi ressemblait la lune ces jours-l\u00e0 Personnalisez en 3 \u00e9tapes simples Choisissez parmi une gamme de designs magnifiques Incluez un texte personnalis\u00e9 significatif Aper\u00e7u de votre design \u00e0 chaque \u00e9tape","og_url":"https:\/\/positiveprints.com\/fr\/produit\/ames-soeurs-des-phases-de-lune\/","og_site_name":"Positive Prints","article_publisher":"https:\/\/www.facebook.com\/positiveprintscom","article_modified_time":"2026-04-23T09:49:40+00:00","og_image":[{"width":1080,"height":1080,"url":"https:\/\/positiveprints.com\/wp-content\/uploads\/2024\/08\/A\u0302mes-Soeurs-des-Phases-de-Lune.jpg","type":"image\/jpeg"}],"twitter_card":"summary_large_image","schema":{"@context":"https:\/\/schema.org","@graph":[{"@type":["WebPage","ItemPage"],"@id":"https:\/\/positiveprints.com\/fr\/produit\/ames-soeurs-des-phases-de-lune\/","url":"https:\/\/positiveprints.com\/fr\/produit\/ames-soeurs-des-phases-de-lune\/","name":"\u00c2mes S\u0153urs des Phases de Lune - Positive Prints","isPartOf":{"@id":"https:\/\/positiveprints.com\/fr\/#website"},"primaryImageOfPage":{"@id":"https:\/\/positiveprints.com\/fr\/produit\/ames-soeurs-des-phases-de-lune\/#primaryimage"},"image":{"@id":"https:\/\/positiveprints.com\/fr\/produit\/ames-soeurs-des-phases-de-lune\/#primaryimage"},"thumbnailUrl":"https:\/\/positiveprints.com\/wp-content\/uploads\/2024\/08\/A\u0302mes-Soeurs-des-Phases-de-Lune.jpg","datePublished":"2024-08-01T09:14:47+00:00","dateModified":"2026-04-23T09:49:40+00:00","description":"\u00c0 la recherche d'un cadeau unique et significatif pour c\u00e9l\u00e9brer votre amour ? \u00c2mes S\u0153urs des Phases de Lune capture la connexion entre vous et votre \u00e2me s\u0153ur.","breadcrumb":{"@id":"https:\/\/positiveprints.com\/fr\/produit\/ames-soeurs-des-phases-de-lune\/#breadcrumb"},"inLanguage":"fr-FR","potentialAction":[{"@type":"ReadAction","target":["https:\/\/positiveprints.com\/fr\/produit\/ames-soeurs-des-phases-de-lune\/"]}]},{"@type":"ImageObject","inLanguage":"fr-FR","@id":"https:\/\/positiveprints.com\/fr\/produit\/ames-soeurs-des-phases-de-lune\/#primaryimage","url":"https:\/\/positiveprints.com\/wp-content\/uploads\/2024\/08\/A\u0302mes-Soeurs-des-Phases-de-Lune.jpg","contentUrl":"https:\/\/positiveprints.com\/wp-content\/uploads\/2024\/08\/A\u0302mes-Soeurs-des-Phases-de-Lune.jpg","width":1080,"height":1080},{"@type":"BreadcrumbList","@id":"https:\/\/positiveprints.com\/fr\/produit\/ames-soeurs-des-phases-de-lune\/#breadcrumb","itemListElement":[{"@type":"ListItem","position":1,"name":"Home","item":"https:\/\/positiveprints.com\/fr\/"},{"@type":"ListItem","position":2,"name":"Produits","item":"https:\/\/positiveprints.com\/fr\/shop\/"},{"@type":"ListItem","position":3,"name":"\u00c2mes S\u0153urs des Phases de Lune"}]},{"@type":"WebSite","@id":"https:\/\/positiveprints.com\/fr\/#website","url":"https:\/\/positiveprints.com\/fr\/","name":"Positive Prints","description":"Amazing Custom Personalized Gifts","publisher":{"@id":"https:\/\/positiveprints.com\/fr\/#organization"},"potentialAction":[{"@type":"SearchAction","target":{"@type":"EntryPoint","urlTemplate":"https:\/\/positiveprints.com\/fr\/?s={search_term_string}"},"query-input":{"@type":"PropertyValueSpecification","valueRequired":true,"valueName":"search_term_string"}}],"inLanguage":"fr-FR"},{"@type":"Organization","@id":"https:\/\/positiveprints.com\/fr\/#organization","name":"Positive Prints","alternateName":"Positive Prints","url":"https:\/\/positiveprints.com\/fr\/","logo":{"@type":"ImageObject","inLanguage":"fr-FR","@id":"https:\/\/positiveprints.com\/fr\/#\/schema\/logo\/image\/","url":"https:\/\/positiveprints.com\/wp-content\/uploads\/2026\/03\/245815646_1337939713319158_5671353136411139666_n.png","contentUrl":"https:\/\/positiveprints.com\/wp-content\/uploads\/2026\/03\/245815646_1337939713319158_5671353136411139666_n.png","width":800,"height":800,"caption":"Positive Prints"},"image":{"@id":"https:\/\/positiveprints.com\/fr\/#\/schema\/logo\/image\/"},"sameAs":["https:\/\/www.facebook.com\/positiveprintscom","https:\/\/www.instagram.com\/positiveprintscom\/","https:\/\/www.tiktok.com\/@positiveprintscom","https:\/\/www.pinterest.com\/positiveprintscom\/"]}]}},"jetpack_sharing_enabled":true,"_links":{"self":[{"href":"https:\/\/positiveprints.com\/fr\/wp-json\/wp\/v2\/product\/1169829","targetHints":{"allow":["GET"]}}],"collection":[{"href":"https:\/\/positiveprints.com\/fr\/wp-json\/wp\/v2\/product"}],"about":[{"href":"https:\/\/positiveprints.com\/fr\/wp-json\/wp\/v2\/types\/product"}],"wp:featuredmedia":[{"embeddable":true,"href":"https:\/\/positiveprints.com\/fr\/wp-json\/wp\/v2\/media\/1173978"}],"wp:attachment":[{"href":"https:\/\/positiveprints.com\/fr\/wp-json\/wp\/v2\/media?parent=1169829"}],"wp:term":[{"taxonomy":"product_brand","embeddable":true,"href":"https:\/\/positiveprints.com\/fr\/wp-json\/wp\/v2\/product_brand?post=1169829"},{"taxonomy":"product_cat","embeddable":true,"href":"https:\/\/positiveprints.com\/fr\/wp-json\/wp\/v2\/product_cat?post=1169829"},{"taxonomy":"product_tag","embeddable":true,"href":"https:\/\/positiveprints.com\/fr\/wp-json\/wp\/v2\/product_tag?post=1169829"}],"curies":[{"name":"wp","href":"https:\/\/api.w.org\/{rel}","templated":true}]}}