{"id":1151278,"date":"2024-07-06T00:22:46","date_gmt":"2024-07-05T23:22:46","guid":{"rendered":"https:\/\/positiveprints.com\/?post_type=product&#038;p=1151278"},"modified":"2026-04-03T02:47:23","modified_gmt":"2026-04-03T01:47:23","slug":"phase-de-lune-triple","status":"publish","type":"product","link":"https:\/\/positiveprints.com\/fr\/produit\/phase-de-lune-triple\/","title":{"rendered":"Phase de Lune Triple"},"content":{"rendered":"<p style=\"margin-top: 1rem\">Vous cherchez un cadeau unique et significatif pour votre \u00eatre cher ? Notre affiche &#8220;Phase de Lune Triple&#8221; est le choix parfait. Ce tirage personnalis\u00e9 pr\u00e9sente trois phases de lune c\u00f4te \u00e0 c\u00f4te, capturant des moments sp\u00e9ciaux de votre vie de mani\u00e8re belle et m\u00e9morable.<\/p>\r\n\r\n<h2 class=\"grenB f24 cblue\" style=\"margin-top: 3rem\">Cr\u00e9ez Votre Affiche Phase de Lune Triple<\/h2>\r\n<p style=\"margin-top: 1rem\">Pour commencer \u00e0 personnaliser et commander votre affiche, rendez-vous simplement sur notre \u00e9diteur en ligne. Choisissez une couleur de fond parmi nos options pr\u00e9d\u00e9finies ou jouez avec les couleurs vous-m\u00eame pour trouver l&#8217;accord parfait. Ensuite, entrez le lieu et l&#8217;heure pour voir \u00e0 quoi ressemblaient les lunes lors de ces jours sp\u00e9ciaux. Vous pouvez \u00e9galement ajouter un message personnel au-dessus et du texte en dessous de chaque lune.<\/p>\r\n\r\n<h2 class=\"grenB f24 cblue\" style=\"margin-top: 3rem\">Cadeau Parfait pour les Occasions Sp\u00e9ciales<\/h2>\r\n<p style=\"margin-top: 1rem\">L&#8217;affiche &#8220;Phase de Lune Triple&#8221; est un cadeau parfait pour les anniversaires, les mariages ou comme un cadeau attentionn\u00e9 pour les parents. Personnalisez les phases de la lune de moments significatifs tels que la nuit o\u00f9 vous vous \u00eates rencontr\u00e9s, fianc\u00e9s et mari\u00e9s. C&#8217;est aussi id\u00e9al pour les parents de trois enfants, capturant les phases de la lune des jours o\u00f9 leurs enfants sont n\u00e9s. Imaginez leur joie lorsqu&#8217;ils verront une affiche personnalis\u00e9e c\u00e9l\u00e9brant la chronologie unique de leur famille.<\/p>\r\n\r\n<h2 class=\"grenB f24 cblue\" style=\"margin-top: 3rem\">Choisissez Comment Vous Souhaitez Recevoir Votre Affiche Phase de Lune Triple<\/h2>\r\n<p style=\"margin-top: 1rem\">Commandez votre affiche &#8220;Phase de Lune Triple&#8221; dans diff\u00e9rents formats pour r\u00e9pondre \u00e0 vos besoins\u2014choisissez entre une affiche imprim\u00e9e encadr\u00e9e ou non encadr\u00e9e, une toile de haute qualit\u00e9, ou un fichier num\u00e9rique \u00e0 t\u00e9l\u00e9charger instantan\u00e9ment. Cette flexibilit\u00e9 vous permet de pr\u00e9senter votre cadeau unique de la mani\u00e8re qui correspond le mieux \u00e0 votre style et \u00e0 l&#8217;occasion.<\/p>\r\n<p style=\"margin-top: 1rem\">Offrez un cadeau qui sera ch\u00e9ri pour toujours. L&#8217;affiche &#8220;Phase de Lune Triple&#8221; est plus qu&#8217;un simple tirage; c&#8217;est un hommage durable \u00e0 vos moments les plus pr\u00e9cieux. C\u00e9l\u00e9brez vos liens sp\u00e9ciaux et cr\u00e9ez un magnifique rappel de l&#8217;amour et des souvenirs que vous partagez avec ce souvenir cr\u00e9atif et significatif.<\/p>","protected":false},"excerpt":{"rendered":"<ul class=\"check-list\">\n<li>Capturez trois moments sp\u00e9ciaux et montrez \u00e0 quoi ressemblait la lune ces jours-l\u00e0<\/li>\n<li>Personnalisez en 3 \u00e9tapes simples<\/li>\n<li>Choisissez parmi une gamme de designs magnifiques<\/li>\n<li>Incluez un texte personnalis\u00e9 significatif<\/li>\n<li>Aper\u00e7u de votre design \u00e0 chaque \u00e9tape<\/li>\n<\/ul>\n","protected":false},"featured_media":1480284,"template":"","meta":[],"product_brand":[],"product_cat":[11112,104,264,8006,7685],"product_tag":[14858],"class_list":{"0":"post-1151278","1":"product","2":"type-product","3":"status-publish","4":"has-post-thumbnail","6":"product_cat-phases-de-la-lune","7":"product_cat-tous-les-produits","8":"product_cat-creators-fr-2","9":"product_cat-cadeaux-pour-hommes","10":"product_cat-cadeaux-pour-femmes","11":"product_tag-creators-fr-2","13":"first","14":"instock","15":"sale","16":"taxable","17":"shipping-taxable","18":"purchasable","19":"product-type-variable"},"yoast_head":"<!-- This site is optimized with the Yoast SEO Premium plugin v27.2 (Yoast SEO v27.2) - https:\/\/yoast.com\/product\/yoast-seo-premium-wordpress\/ -->\n<title>Phase de Lune Triple - Positive Prints<\/title>\n<meta name=\"description\" content=\"Vous cherchez un cadeau unique et significatif pour votre \u00eatre cher ? Notre affiche &quot;Phase de Lune Triple&quot; est le choix parfait.\" \/>\n<meta name=\"robots\" content=\"index, follow, max-snippet:-1, max-image-preview:large, max-video-preview:-1\" \/>\n<link rel=\"canonical\" href=\"https:\/\/positiveprints.com\/fr\/produit\/phase-de-lune-triple\/\" \/>\n<meta property=\"og:locale\" content=\"fr_FR\" \/>\n<meta property=\"og:type\" content=\"article\" \/>\n<meta property=\"og:title\" content=\"Phase de Lune Triple\" \/>\n<meta property=\"og:description\" content=\"Capturez trois moments sp\u00e9ciaux et montrez \u00e0 quoi ressemblait la lune ces jours-l\u00e0  Personnalisez en 3 \u00e9tapes simples  Choisissez parmi une gamme de designs magnifiques  Incluez un texte personnalis\u00e9 significatif  Aper\u00e7u de votre design \u00e0 chaque \u00e9tape\" \/>\n<meta property=\"og:url\" content=\"https:\/\/positiveprints.com\/fr\/produit\/phase-de-lune-triple\/\" \/>\n<meta property=\"og:site_name\" content=\"Positive Prints\" \/>\n<meta property=\"article:publisher\" content=\"https:\/\/www.facebook.com\/positiveprintscom\" \/>\n<meta property=\"article:modified_time\" content=\"2026-04-03T01:47:23+00:00\" \/>\n<meta property=\"og:image\" content=\"https:\/\/positiveprints.com\/wp-content\/uploads\/2025\/07\/Packshot_FR_Phase-de-Lune-Triple.webp\" \/>\n\t<meta property=\"og:image:width\" content=\"1450\" \/>\n\t<meta property=\"og:image:height\" content=\"1450\" \/>\n\t<meta property=\"og:image:type\" content=\"image\/webp\" \/>\n<meta name=\"twitter:card\" content=\"summary_large_image\" \/>\n<meta name=\"twitter:label1\" content=\"Dur\u00e9e de lecture estim\u00e9e\" \/>\n\t<meta name=\"twitter:data1\" content=\"2 minutes\" \/>\n<!-- \/ Yoast SEO Premium plugin. -->","yoast_head_json":{"title":"Phase de Lune Triple - Positive Prints","description":"Vous cherchez un cadeau unique et significatif pour votre \u00eatre cher ? Notre affiche \"Phase de Lune Triple\" est le choix parfait.","robots":{"index":"index","follow":"follow","max-snippet":"max-snippet:-1","max-image-preview":"max-image-preview:large","max-video-preview":"max-video-preview:-1"},"canonical":"https:\/\/positiveprints.com\/fr\/produit\/phase-de-lune-triple\/","og_locale":"fr_FR","og_type":"article","og_title":"Phase de Lune Triple","og_description":"Capturez trois moments sp\u00e9ciaux et montrez \u00e0 quoi ressemblait la lune ces jours-l\u00e0  Personnalisez en 3 \u00e9tapes simples  Choisissez parmi une gamme de designs magnifiques  Incluez un texte personnalis\u00e9 significatif  Aper\u00e7u de votre design \u00e0 chaque \u00e9tape","og_url":"https:\/\/positiveprints.com\/fr\/produit\/phase-de-lune-triple\/","og_site_name":"Positive Prints","article_publisher":"https:\/\/www.facebook.com\/positiveprintscom","article_modified_time":"2026-04-03T01:47:23+00:00","og_image":[{"width":1450,"height":1450,"url":"https:\/\/positiveprints.com\/wp-content\/uploads\/2025\/07\/Packshot_FR_Phase-de-Lune-Triple.webp","type":"image\/webp"}],"twitter_card":"summary_large_image","twitter_misc":{"Dur\u00e9e de lecture estim\u00e9e":"2 minutes"},"schema":{"@context":"https:\/\/schema.org","@graph":[{"@type":["WebPage","ItemPage"],"@id":"https:\/\/positiveprints.com\/fr\/produit\/phase-de-lune-triple\/","url":"https:\/\/positiveprints.com\/fr\/produit\/phase-de-lune-triple\/","name":"Phase de Lune Triple - Positive Prints","isPartOf":{"@id":"https:\/\/positiveprints.com\/fr\/#website"},"primaryImageOfPage":{"@id":"https:\/\/positiveprints.com\/fr\/produit\/phase-de-lune-triple\/#primaryimage"},"image":{"@id":"https:\/\/positiveprints.com\/fr\/produit\/phase-de-lune-triple\/#primaryimage"},"thumbnailUrl":"https:\/\/positiveprints.com\/wp-content\/uploads\/2025\/07\/Packshot_FR_Phase-de-Lune-Triple.webp","datePublished":"2024-07-05T23:22:46+00:00","dateModified":"2026-04-03T01:47:23+00:00","description":"Vous cherchez un cadeau unique et significatif pour votre \u00eatre cher ? Notre affiche \"Phase de Lune Triple\" est le choix parfait.","breadcrumb":{"@id":"https:\/\/positiveprints.com\/fr\/produit\/phase-de-lune-triple\/#breadcrumb"},"inLanguage":"fr-FR","potentialAction":[{"@type":"ReadAction","target":["https:\/\/positiveprints.com\/fr\/produit\/phase-de-lune-triple\/"]}]},{"@type":"ImageObject","inLanguage":"fr-FR","@id":"https:\/\/positiveprints.com\/fr\/produit\/phase-de-lune-triple\/#primaryimage","url":"https:\/\/positiveprints.com\/wp-content\/uploads\/2025\/07\/Packshot_FR_Phase-de-Lune-Triple.webp","contentUrl":"https:\/\/positiveprints.com\/wp-content\/uploads\/2025\/07\/Packshot_FR_Phase-de-Lune-Triple.webp","width":1450,"height":1450},{"@type":"BreadcrumbList","@id":"https:\/\/positiveprints.com\/fr\/produit\/phase-de-lune-triple\/#breadcrumb","itemListElement":[{"@type":"ListItem","position":1,"name":"Home","item":"https:\/\/positiveprints.com\/fr\/"},{"@type":"ListItem","position":2,"name":"Produits","item":"https:\/\/positiveprints.com\/fr\/shop\/"},{"@type":"ListItem","position":3,"name":"Phase de Lune Triple"}]},{"@type":"WebSite","@id":"https:\/\/positiveprints.com\/fr\/#website","url":"https:\/\/positiveprints.com\/fr\/","name":"Positive Prints","description":"Amazing Custom Personalized Gifts","publisher":{"@id":"https:\/\/positiveprints.com\/fr\/#organization"},"potentialAction":[{"@type":"SearchAction","target":{"@type":"EntryPoint","urlTemplate":"https:\/\/positiveprints.com\/fr\/?s={search_term_string}"},"query-input":{"@type":"PropertyValueSpecification","valueRequired":true,"valueName":"search_term_string"}}],"inLanguage":"fr-FR"},{"@type":"Organization","@id":"https:\/\/positiveprints.com\/fr\/#organization","name":"Positive Prints","alternateName":"Positive Prints","url":"https:\/\/positiveprints.com\/fr\/","logo":{"@type":"ImageObject","inLanguage":"fr-FR","@id":"https:\/\/positiveprints.com\/fr\/#\/schema\/logo\/image\/","url":"https:\/\/positiveprints.com\/wp-content\/uploads\/2026\/03\/245815646_1337939713319158_5671353136411139666_n.png","contentUrl":"https:\/\/positiveprints.com\/wp-content\/uploads\/2026\/03\/245815646_1337939713319158_5671353136411139666_n.png","width":800,"height":800,"caption":"Positive Prints"},"image":{"@id":"https:\/\/positiveprints.com\/fr\/#\/schema\/logo\/image\/"},"sameAs":["https:\/\/www.facebook.com\/positiveprintscom","https:\/\/www.instagram.com\/positiveprintscom\/","https:\/\/www.tiktok.com\/@positiveprintscom","https:\/\/www.pinterest.com\/positiveprintscom\/"]}]}},"jetpack_sharing_enabled":true,"_links":{"self":[{"href":"https:\/\/positiveprints.com\/fr\/wp-json\/wp\/v2\/product\/1151278","targetHints":{"allow":["GET"]}}],"collection":[{"href":"https:\/\/positiveprints.com\/fr\/wp-json\/wp\/v2\/product"}],"about":[{"href":"https:\/\/positiveprints.com\/fr\/wp-json\/wp\/v2\/types\/product"}],"wp:featuredmedia":[{"embeddable":true,"href":"https:\/\/positiveprints.com\/fr\/wp-json\/wp\/v2\/media\/1480284"}],"wp:attachment":[{"href":"https:\/\/positiveprints.com\/fr\/wp-json\/wp\/v2\/media?parent=1151278"}],"wp:term":[{"taxonomy":"product_brand","embeddable":true,"href":"https:\/\/positiveprints.com\/fr\/wp-json\/wp\/v2\/product_brand?post=1151278"},{"taxonomy":"product_cat","embeddable":true,"href":"https:\/\/positiveprints.com\/fr\/wp-json\/wp\/v2\/product_cat?post=1151278"},{"taxonomy":"product_tag","embeddable":true,"href":"https:\/\/positiveprints.com\/fr\/wp-json\/wp\/v2\/product_tag?post=1151278"}],"curies":[{"name":"wp","href":"https:\/\/api.w.org\/{rel}","templated":true}]}}