{"id":1149891,"date":"2024-06-17T09:01:18","date_gmt":"2024-06-17T08:01:18","guid":{"rendered":"https:\/\/positiveprints.com\/?post_type=product&#038;p=1149891"},"modified":"2026-04-28T13:47:58","modified_gmt":"2026-04-28T12:47:58","slug":"collage-de-4-photos-m-et-mme","status":"publish","type":"product","link":"https:\/\/positiveprints.com\/fr\/produit\/collage-de-4-photos-m-et-mme\/","title":{"rendered":"Collage de 4 photos &#8220;M. et Mme&#8221;"},"content":{"rendered":"<p>Immortalisez de beaux souvenirs avec notre Collage de 4 photos &#8220;M. et Mme&#8221;. Cette impression personnalis\u00e9e pr\u00e9sente vos propres 4 photos dispos\u00e9es dans un collage \u00e9l\u00e9gant avec le texte &#8220;M. et Mme&#8221; \u00e9crit dans une belle police. Vous pouvez facilement le cr\u00e9er \u00e0 la fois sur ordinateur et sur mobile. Rendez-vous simplement sur notre \u00e9diteur en ligne convivial, choisissez la mise en page en grille de 4 photos, et s\u00e9lectionnez le th\u00e8me avec l&#8217;inscription &#8220;M. et Mme&#8221;. Ensuite, t\u00e9l\u00e9chargez vos 4 photos pr\u00e9f\u00e9r\u00e9es pour compl\u00e9ter votre collage.<\/p>\r\n\r\n<h2>Cr\u00e9ez Votre Collage de 4 photos &#8220;M. et Mme&#8221;<\/h2>\r\n\r\n<p>Le Collage de 4 photos &#8220;M. et Mme&#8221; est un cadeau id\u00e9al pour les mariages, les douches nuptiales, ou comme cadeau sp\u00e9cial pour les mari\u00e9s. C\u00e9l\u00e9brez leur amour et leurs moments sp\u00e9ciaux avec un cadeau unique et personnalis\u00e9 qu&#8217;ils ch\u00e9riront pour toujours. Ce collage n&#8217;est pas seulement une d\u00e9coration. C&#8217;est un souvenir qui leur rappellera leur journ\u00e9e sp\u00e9ciale et le magnifique voyage qu&#8217;ils ont partag\u00e9.<\/p>\r\n\r\n<p>Imaginez la joie et la surprise sur les visages des nouveaux mari\u00e9s lorsqu&#8217;ils d\u00e9ballent un cadeau si personnel et significatif. Le Collage de 4 photos &#8220;M. et Mme&#8221; vous permet de s\u00e9lectionner leurs moments les plus heureux, capturant l&#8217;essence de leur relation. C&#8217;est un cadeau qui t\u00e9moigne de votre r\u00e9flexion et de votre amour pour eux.<\/p>\r\n\r\n<h2>Pourquoi Choisir Notre Collage de 4 photos &#8220;M. et Mme&#8221; ?<\/h2>\r\n\r\n<p>La cr\u00e9ation de votre collage est rapide et facile. Visitez notre site web, utilisez l&#8217;\u00e9diteur en ligne pour personnaliser votre collage et passez votre commande. Nous nous occupons du reste, en veillant \u00e0 ce que votre impression soit r\u00e9alis\u00e9e avec soin et livr\u00e9e rapidement.<\/p>\r\n\r\n<p>Que ce soit pour une douche nuptiale, le jour du mariage ou un anniversaire, ce collage constitue un cadeau inoubliable. C&#8217;est \u00e9galement une mani\u00e8re parfaite pour les parents, les amis ou les fr\u00e8res et s\u0153urs de montrer leur amour et leur soutien au couple. Les \u00e9motions captur\u00e9es dans les photos apporteront des sourires, des rires et peut-\u00eatre m\u00eame des larmes de bonheur.<\/p>\r\n\r\n<p>Offrez un cadeau qui capture parfaitement leur histoire d&#8217;amour. Le Collage de 4 photos &#8220;M. et Mme&#8221; est une mani\u00e8re belle et r\u00e9fl\u00e9chie de c\u00e9l\u00e9brer le couple sp\u00e9cial dans votre vie.<\/p>","protected":false},"excerpt":{"rendered":"<ul class=\"check-list\">\n<li>Ajouter des superpositions de texte pour rendre chaque cadeau sp\u00e9cial et pr\u00e9cieux<\/li>\n<li>Personnalisez en seulement 2 minutes<\/li>\n<li>Choisissez un mod\u00e8le ou faites preuve de cr\u00e9ativit\u00e9<\/li>\n<li>Vois le r\u00e9sultat imm\u00e9diatement \u2013 l\u2019aper\u00e7u interactif te permet de peaufiner chaque d\u00e9tail<\/li>\n<\/ul>\n","protected":false},"featured_media":1156170,"template":"","meta":[],"product_brand":[],"product_cat":[11529,11532,11533,11530,11534,11531,11607,11175,11176,11177,5328,7925,3122,7495,7749,7638,104],"product_tag":[8704,16279,8477],"class_list":{"0":"post-1149891","1":"product","2":"type-product","3":"status-publish","4":"has-post-thumbnail","6":"product_cat-1-an-de-mariage","7":"product_cat-10-ans-de-mariage","8":"product_cat-15-ans-de-mariage","9":"product_cat-2-ans-de-mariage","10":"product_cat-20-ans-de-mariage","11":"product_cat-5-ans-de-mariage","12":"product_cat-50-ans-de-mariage","13":"product_cat-cadeaux-danniversaire-pour-femme","14":"product_cat-cadeaux-danniversaire-pour-homme","15":"product_cat-cadeaux-danniversaire-pour-couples","16":"product_cat-cadeaux-de-commemorations","17":"product_cat-cadeaux-denterrement-de-vie-de-jeune-fille","18":"product_cat-cadeaux-de-mariage","19":"product_cat-photo-fr","20":"product_cat-cadeaux-pour-epouse","21":"product_cat-cadeaux-pour-mari","22":"product_cat-tous-les-produits","23":"product_tag-bridal-shower-fr","24":"product_tag-wedding-fr-2","25":"product_tag-wedding-fr","27":"first","28":"instock","29":"sale","30":"taxable","31":"shipping-taxable","32":"purchasable","33":"product-type-variable"},"yoast_head":"<!-- This site is optimized with the Yoast SEO Premium plugin v27.2 (Yoast SEO v27.2) - https:\/\/yoast.com\/product\/yoast-seo-premium-wordpress\/ -->\n<title>Collage de 4 photos &quot;M. et Mme&quot; - Positive Prints<\/title>\n<meta name=\"description\" content=\"Offrez un cadeau qui capture parfaitement leur histoire d&#039;amour. Le Collage de 4 photos M. et Mme est une belle fa\u00e7on de c\u00e9l\u00e9brer le couple sp\u00e9cial dans votre vie.\" \/>\n<meta name=\"robots\" content=\"index, follow, max-snippet:-1, max-image-preview:large, max-video-preview:-1\" \/>\n<link rel=\"canonical\" href=\"https:\/\/positiveprints.com\/fr\/produit\/collage-de-4-photos-m-et-mme\/\" \/>\n<meta property=\"og:locale\" content=\"fr_FR\" \/>\n<meta property=\"og:type\" content=\"article\" \/>\n<meta property=\"og:title\" content=\"Collage de 4 photos &quot;M. et Mme&quot;\" \/>\n<meta property=\"og:description\" content=\"Ajouter des superpositions de texte pour rendre chaque cadeau sp\u00e9cial et pr\u00e9cieux Personnalisez en seulement 2 minutes Choisissez un mod\u00e8le ou faites preuve de cr\u00e9ativit\u00e9 Vois le r\u00e9sultat imm\u00e9diatement \u2013 l\u2019aper\u00e7u interactif te permet de peaufiner chaque d\u00e9tail\" \/>\n<meta property=\"og:url\" content=\"https:\/\/positiveprints.com\/fr\/produit\/collage-de-4-photos-m-et-mme\/\" \/>\n<meta property=\"og:site_name\" content=\"Positive Prints\" \/>\n<meta property=\"article:publisher\" content=\"https:\/\/www.facebook.com\/positiveprintscom\" \/>\n<meta property=\"article:modified_time\" content=\"2026-04-28T12:47:58+00:00\" \/>\n<meta property=\"og:image\" content=\"https:\/\/positiveprints.com\/wp-content\/uploads\/2024\/06\/Mr-Mrs-4-Photo-Collage.jpg\" \/>\n\t<meta property=\"og:image:width\" content=\"1080\" \/>\n\t<meta property=\"og:image:height\" content=\"1080\" \/>\n\t<meta property=\"og:image:type\" content=\"image\/jpeg\" \/>\n<meta name=\"twitter:card\" content=\"summary_large_image\" \/>\n<!-- \/ Yoast SEO Premium plugin. -->","yoast_head_json":{"title":"Collage de 4 photos \"M. et Mme\" - Positive Prints","description":"Offrez un cadeau qui capture parfaitement leur histoire d'amour. Le Collage de 4 photos M. et Mme est une belle fa\u00e7on de c\u00e9l\u00e9brer le couple sp\u00e9cial dans votre vie.","robots":{"index":"index","follow":"follow","max-snippet":"max-snippet:-1","max-image-preview":"max-image-preview:large","max-video-preview":"max-video-preview:-1"},"canonical":"https:\/\/positiveprints.com\/fr\/produit\/collage-de-4-photos-m-et-mme\/","og_locale":"fr_FR","og_type":"article","og_title":"Collage de 4 photos \"M. et Mme\"","og_description":"Ajouter des superpositions de texte pour rendre chaque cadeau sp\u00e9cial et pr\u00e9cieux Personnalisez en seulement 2 minutes Choisissez un mod\u00e8le ou faites preuve de cr\u00e9ativit\u00e9 Vois le r\u00e9sultat imm\u00e9diatement \u2013 l\u2019aper\u00e7u interactif te permet de peaufiner chaque d\u00e9tail","og_url":"https:\/\/positiveprints.com\/fr\/produit\/collage-de-4-photos-m-et-mme\/","og_site_name":"Positive Prints","article_publisher":"https:\/\/www.facebook.com\/positiveprintscom","article_modified_time":"2026-04-28T12:47:58+00:00","og_image":[{"width":1080,"height":1080,"url":"https:\/\/positiveprints.com\/wp-content\/uploads\/2024\/06\/Mr-Mrs-4-Photo-Collage.jpg","type":"image\/jpeg"}],"twitter_card":"summary_large_image","schema":{"@context":"https:\/\/schema.org","@graph":[{"@type":["WebPage","ItemPage"],"@id":"https:\/\/positiveprints.com\/fr\/produit\/collage-de-4-photos-m-et-mme\/","url":"https:\/\/positiveprints.com\/fr\/produit\/collage-de-4-photos-m-et-mme\/","name":"Collage de 4 photos \"M. et Mme\" - Positive Prints","isPartOf":{"@id":"https:\/\/positiveprints.com\/fr\/#website"},"primaryImageOfPage":{"@id":"https:\/\/positiveprints.com\/fr\/produit\/collage-de-4-photos-m-et-mme\/#primaryimage"},"image":{"@id":"https:\/\/positiveprints.com\/fr\/produit\/collage-de-4-photos-m-et-mme\/#primaryimage"},"thumbnailUrl":"https:\/\/positiveprints.com\/wp-content\/uploads\/2024\/06\/Mr-Mrs-4-Photo-Collage.jpg","datePublished":"2024-06-17T08:01:18+00:00","dateModified":"2026-04-28T12:47:58+00:00","description":"Offrez un cadeau qui capture parfaitement leur histoire d'amour. Le Collage de 4 photos M. et Mme est une belle fa\u00e7on de c\u00e9l\u00e9brer le couple sp\u00e9cial dans votre vie.","breadcrumb":{"@id":"https:\/\/positiveprints.com\/fr\/produit\/collage-de-4-photos-m-et-mme\/#breadcrumb"},"inLanguage":"fr-FR","potentialAction":[{"@type":"ReadAction","target":["https:\/\/positiveprints.com\/fr\/produit\/collage-de-4-photos-m-et-mme\/"]}]},{"@type":"ImageObject","inLanguage":"fr-FR","@id":"https:\/\/positiveprints.com\/fr\/produit\/collage-de-4-photos-m-et-mme\/#primaryimage","url":"https:\/\/positiveprints.com\/wp-content\/uploads\/2024\/06\/Mr-Mrs-4-Photo-Collage.jpg","contentUrl":"https:\/\/positiveprints.com\/wp-content\/uploads\/2024\/06\/Mr-Mrs-4-Photo-Collage.jpg","width":1080,"height":1080},{"@type":"BreadcrumbList","@id":"https:\/\/positiveprints.com\/fr\/produit\/collage-de-4-photos-m-et-mme\/#breadcrumb","itemListElement":[{"@type":"ListItem","position":1,"name":"Home","item":"https:\/\/positiveprints.com\/fr\/"},{"@type":"ListItem","position":2,"name":"Produits","item":"https:\/\/positiveprints.com\/fr\/shop\/"},{"@type":"ListItem","position":3,"name":"Collage de 4 photos &#8220;M. et Mme&#8221;"}]},{"@type":"WebSite","@id":"https:\/\/positiveprints.com\/fr\/#website","url":"https:\/\/positiveprints.com\/fr\/","name":"Positive Prints","description":"Amazing Custom Personalized Gifts","publisher":{"@id":"https:\/\/positiveprints.com\/fr\/#organization"},"potentialAction":[{"@type":"SearchAction","target":{"@type":"EntryPoint","urlTemplate":"https:\/\/positiveprints.com\/fr\/?s={search_term_string}"},"query-input":{"@type":"PropertyValueSpecification","valueRequired":true,"valueName":"search_term_string"}}],"inLanguage":"fr-FR"},{"@type":"Organization","@id":"https:\/\/positiveprints.com\/fr\/#organization","name":"Positive Prints","alternateName":"Positive Prints","url":"https:\/\/positiveprints.com\/fr\/","logo":{"@type":"ImageObject","inLanguage":"fr-FR","@id":"https:\/\/positiveprints.com\/fr\/#\/schema\/logo\/image\/","url":"https:\/\/positiveprints.com\/wp-content\/uploads\/2026\/03\/245815646_1337939713319158_5671353136411139666_n.png","contentUrl":"https:\/\/positiveprints.com\/wp-content\/uploads\/2026\/03\/245815646_1337939713319158_5671353136411139666_n.png","width":800,"height":800,"caption":"Positive Prints"},"image":{"@id":"https:\/\/positiveprints.com\/fr\/#\/schema\/logo\/image\/"},"sameAs":["https:\/\/www.facebook.com\/positiveprintscom","https:\/\/www.instagram.com\/positiveprintscom\/","https:\/\/www.tiktok.com\/@positiveprintscom","https:\/\/www.pinterest.com\/positiveprintscom\/"]}]}},"jetpack_sharing_enabled":true,"_links":{"self":[{"href":"https:\/\/positiveprints.com\/fr\/wp-json\/wp\/v2\/product\/1149891","targetHints":{"allow":["GET"]}}],"collection":[{"href":"https:\/\/positiveprints.com\/fr\/wp-json\/wp\/v2\/product"}],"about":[{"href":"https:\/\/positiveprints.com\/fr\/wp-json\/wp\/v2\/types\/product"}],"wp:featuredmedia":[{"embeddable":true,"href":"https:\/\/positiveprints.com\/fr\/wp-json\/wp\/v2\/media\/1156170"}],"wp:attachment":[{"href":"https:\/\/positiveprints.com\/fr\/wp-json\/wp\/v2\/media?parent=1149891"}],"wp:term":[{"taxonomy":"product_brand","embeddable":true,"href":"https:\/\/positiveprints.com\/fr\/wp-json\/wp\/v2\/product_brand?post=1149891"},{"taxonomy":"product_cat","embeddable":true,"href":"https:\/\/positiveprints.com\/fr\/wp-json\/wp\/v2\/product_cat?post=1149891"},{"taxonomy":"product_tag","embeddable":true,"href":"https:\/\/positiveprints.com\/fr\/wp-json\/wp\/v2\/product_tag?post=1149891"}],"curies":[{"name":"wp","href":"https:\/\/api.w.org\/{rel}","templated":true}]}}