{"id":1149872,"date":"2024-06-17T07:29:34","date_gmt":"2024-06-17T06:29:34","guid":{"rendered":"https:\/\/positiveprints.com\/?post_type=product&#038;p=1149872"},"modified":"2026-04-12T20:52:54","modified_gmt":"2026-04-12T19:52:54","slug":"affiche-definition-de-la-mariee","status":"publish","type":"product","link":"https:\/\/positiveprints.com\/fr\/produit\/affiche-definition-de-la-mariee\/","title":{"rendered":"Affiche D\u00e9finition de la Mari\u00e9e"},"content":{"rendered":"<p>C\u00e9l\u00e9brez une femme sp\u00e9ciale avec notre Affiche D\u00e9finition de la Mari\u00e9e. Cette impression personnalis\u00e9e pr\u00e9sente votre propre photo et une d\u00e9finition du mot &#8220;mari\u00e9e&#8221; tir\u00e9e du dictionnaire. Que vous choisissiez une d\u00e9finition dr\u00f4le ou \u00e9motive, c&#8217;est \u00e0 vous de d\u00e9cider. Rendez-vous sur notre \u00e9diteur en ligne facile \u00e0 utiliser pour commencer la cr\u00e9ation. Choisissez votre palette de couleurs ou personnalisez-la en s\u00e9lectionnant votre propre arri\u00e8re-plan et les couleurs des polices. Ensuite, t\u00e9l\u00e9chargez votre photo, entrez le titre et ajoutez la d\u00e9finition. Vous pouvez utiliser notre d\u00e9finition pr\u00e9d\u00e9finie ou cr\u00e9er la v\u00f4tre unique.<\/p>\r\n\r\n<h2>Cr\u00e9ez Votre Affiche D\u00e9finition de la Mari\u00e9e<\/h2>\r\n\r\n<p>L&#8217;Affiche D\u00e9finition de la Mari\u00e9e est un cadeau id\u00e9al de la part du mari\u00e9, des amis ou m\u00eame des parents \u00e0 la mari\u00e9e. Elle peut \u00eatre un hommage touchant ou un souvenir hilarant, selon la d\u00e9finition que vous choisissez. Imaginez la joie sur son visage lorsqu&#8217;elle verra une impression personnalis\u00e9e qui capture sa personnalit\u00e9 et votre amour.<\/p>\r\n\r\n<h2>Pourquoi Choisir Notre Affiche D\u00e9finition de la Mari\u00e9e ?<\/h2>\r\n\r\n<p>Commander est simple. Il vous suffit de visiter notre site web, d&#8217;utiliser l&#8217;\u00e9diteur en ligne pour personnaliser votre affiche, et de passer votre commande. Nous nous occupons du reste, en veillant \u00e0 ce que votre impression soit r\u00e9alis\u00e9e avec soin et livr\u00e9e rapidement.<\/p>\r\n\r\n<p>Offrez un cadeau qui sera ch\u00e9ri pour toujours. L&#8217;Affiche D\u00e9finition de la Mari\u00e9e est une mani\u00e8re unique et sinc\u00e8re de montrer votre appr\u00e9ciation et votre amour, en faisant un cadeau parfait pour toute occasion.<\/p>","protected":false},"excerpt":{"rendered":"<ul class=\"check-list\">\n<li>Faites votre d\u00e9finition personnelle<\/li>\n<li>Ajoutez votre propre photo<\/li>\n<li>Personnalisez en 3 \u00e9tapes simples<\/li>\n<li>Choisissez un mod\u00e8le ou laissez libre cours \u00e0 votre cr\u00e9ativit\u00e9<\/li>\n<li>Vois le r\u00e9sultat imm\u00e9diatement \u2013 l\u2019aper\u00e7u interactif te permet de peaufiner chaque d\u00e9tail<\/li>\n<\/ul>\n","protected":false},"featured_media":1154166,"template":"","meta":[],"product_brand":[],"product_cat":[9731,7925,5264,7749,11402,104,9760],"product_tag":[8704,11795,15082],"class_list":{"0":"post-1149872","1":"product","2":"type-product","3":"status-publish","4":"has-post-thumbnail","6":"product_cat-definition-fr","7":"product_cat-cadeaux-denterrement-de-vie-de-jeune-fille","8":"product_cat-cadeaux-de-noel","9":"product_cat-cadeaux-pour-epouse","10":"product_cat-cadeaux-de-noel-pour-sa-femme","11":"product_cat-tous-les-produits","12":"product_cat-trending-label-fr","13":"product_tag-bridal-shower-fr","14":"product_tag-cadeaux-de-noel-pour-sa-femme","15":"product_tag-wife-fr","17":"first","18":"instock","19":"sale","20":"taxable","21":"shipping-taxable","22":"purchasable","23":"product-type-variable"},"yoast_head":"<!-- This site is optimized with the Yoast SEO Premium plugin v27.2 (Yoast SEO v27.2) - https:\/\/yoast.com\/product\/yoast-seo-premium-wordpress\/ -->\n<title>Affiche D\u00e9finition de la Mari\u00e9e - Positive Prints<\/title>\n<meta name=\"description\" content=\"L&#039;Affiche D\u00e9finition de la Mari\u00e9e est une mani\u00e8re unique et sinc\u00e8re de montrer votre appr\u00e9ciation et votre amour, en faisant un cadeau parfait pour toute occasion.\" \/>\n<meta name=\"robots\" content=\"index, follow, max-snippet:-1, max-image-preview:large, max-video-preview:-1\" \/>\n<link rel=\"canonical\" href=\"https:\/\/positiveprints.com\/fr\/produit\/affiche-definition-de-la-mariee\/\" \/>\n<meta property=\"og:locale\" content=\"fr_FR\" \/>\n<meta property=\"og:type\" content=\"article\" \/>\n<meta property=\"og:title\" content=\"Affiche D\u00e9finition de la Mari\u00e9e\" \/>\n<meta property=\"og:description\" content=\"Faites votre d\u00e9finition personnelle Ajoutez votre propre photo Personnalisez en 3 \u00e9tapes simples Choisissez un mod\u00e8le ou laissez libre cours \u00e0 votre cr\u00e9ativit\u00e9 Vois le r\u00e9sultat imm\u00e9diatement \u2013 l\u2019aper\u00e7u interactif te permet de peaufiner chaque d\u00e9tail\" \/>\n<meta property=\"og:url\" content=\"https:\/\/positiveprints.com\/fr\/produit\/affiche-definition-de-la-mariee\/\" \/>\n<meta property=\"og:site_name\" content=\"Positive Prints\" \/>\n<meta property=\"article:publisher\" content=\"https:\/\/www.facebook.com\/positiveprintscom\" \/>\n<meta property=\"article:modified_time\" content=\"2026-04-12T19:52:54+00:00\" \/>\n<meta property=\"og:image\" content=\"https:\/\/positiveprints.com\/wp-content\/uploads\/2024\/07\/Affiche-De\u0301finition-de-lE\u0301pouse.jpg\" \/>\n\t<meta property=\"og:image:width\" content=\"1080\" \/>\n\t<meta property=\"og:image:height\" content=\"1080\" \/>\n\t<meta property=\"og:image:type\" content=\"image\/jpeg\" \/>\n<meta name=\"twitter:card\" content=\"summary_large_image\" \/>\n<meta name=\"twitter:label1\" content=\"Dur\u00e9e de lecture estim\u00e9e\" \/>\n\t<meta name=\"twitter:data1\" content=\"2 minutes\" \/>\n<!-- \/ Yoast SEO Premium plugin. -->","yoast_head_json":{"title":"Affiche D\u00e9finition de la Mari\u00e9e - Positive Prints","description":"L'Affiche D\u00e9finition de la Mari\u00e9e est une mani\u00e8re unique et sinc\u00e8re de montrer votre appr\u00e9ciation et votre amour, en faisant un cadeau parfait pour toute occasion.","robots":{"index":"index","follow":"follow","max-snippet":"max-snippet:-1","max-image-preview":"max-image-preview:large","max-video-preview":"max-video-preview:-1"},"canonical":"https:\/\/positiveprints.com\/fr\/produit\/affiche-definition-de-la-mariee\/","og_locale":"fr_FR","og_type":"article","og_title":"Affiche D\u00e9finition de la Mari\u00e9e","og_description":"Faites votre d\u00e9finition personnelle Ajoutez votre propre photo Personnalisez en 3 \u00e9tapes simples Choisissez un mod\u00e8le ou laissez libre cours \u00e0 votre cr\u00e9ativit\u00e9 Vois le r\u00e9sultat imm\u00e9diatement \u2013 l\u2019aper\u00e7u interactif te permet de peaufiner chaque d\u00e9tail","og_url":"https:\/\/positiveprints.com\/fr\/produit\/affiche-definition-de-la-mariee\/","og_site_name":"Positive Prints","article_publisher":"https:\/\/www.facebook.com\/positiveprintscom","article_modified_time":"2026-04-12T19:52:54+00:00","og_image":[{"width":1080,"height":1080,"url":"https:\/\/positiveprints.com\/wp-content\/uploads\/2024\/07\/Affiche-De\u0301finition-de-lE\u0301pouse.jpg","type":"image\/jpeg"}],"twitter_card":"summary_large_image","twitter_misc":{"Dur\u00e9e de lecture estim\u00e9e":"2 minutes"},"schema":{"@context":"https:\/\/schema.org","@graph":[{"@type":["WebPage","ItemPage"],"@id":"https:\/\/positiveprints.com\/fr\/produit\/affiche-definition-de-la-mariee\/","url":"https:\/\/positiveprints.com\/fr\/produit\/affiche-definition-de-la-mariee\/","name":"Affiche D\u00e9finition de la Mari\u00e9e - Positive Prints","isPartOf":{"@id":"https:\/\/positiveprints.com\/fr\/#website"},"primaryImageOfPage":{"@id":"https:\/\/positiveprints.com\/fr\/produit\/affiche-definition-de-la-mariee\/#primaryimage"},"image":{"@id":"https:\/\/positiveprints.com\/fr\/produit\/affiche-definition-de-la-mariee\/#primaryimage"},"thumbnailUrl":"https:\/\/positiveprints.com\/wp-content\/uploads\/2024\/07\/Affiche-De\u0301finition-de-lE\u0301pouse.jpg","datePublished":"2024-06-17T06:29:34+00:00","dateModified":"2026-04-12T19:52:54+00:00","description":"L'Affiche D\u00e9finition de la Mari\u00e9e est une mani\u00e8re unique et sinc\u00e8re de montrer votre appr\u00e9ciation et votre amour, en faisant un cadeau parfait pour toute occasion.","breadcrumb":{"@id":"https:\/\/positiveprints.com\/fr\/produit\/affiche-definition-de-la-mariee\/#breadcrumb"},"inLanguage":"fr-FR","potentialAction":[{"@type":"ReadAction","target":["https:\/\/positiveprints.com\/fr\/produit\/affiche-definition-de-la-mariee\/"]}]},{"@type":"ImageObject","inLanguage":"fr-FR","@id":"https:\/\/positiveprints.com\/fr\/produit\/affiche-definition-de-la-mariee\/#primaryimage","url":"https:\/\/positiveprints.com\/wp-content\/uploads\/2024\/07\/Affiche-De\u0301finition-de-lE\u0301pouse.jpg","contentUrl":"https:\/\/positiveprints.com\/wp-content\/uploads\/2024\/07\/Affiche-De\u0301finition-de-lE\u0301pouse.jpg","width":1080,"height":1080},{"@type":"BreadcrumbList","@id":"https:\/\/positiveprints.com\/fr\/produit\/affiche-definition-de-la-mariee\/#breadcrumb","itemListElement":[{"@type":"ListItem","position":1,"name":"Home","item":"https:\/\/positiveprints.com\/fr\/"},{"@type":"ListItem","position":2,"name":"Produits","item":"https:\/\/positiveprints.com\/fr\/shop\/"},{"@type":"ListItem","position":3,"name":"Affiche D\u00e9finition de la Mari\u00e9e"}]},{"@type":"WebSite","@id":"https:\/\/positiveprints.com\/fr\/#website","url":"https:\/\/positiveprints.com\/fr\/","name":"Positive Prints","description":"Amazing Custom Personalized Gifts","publisher":{"@id":"https:\/\/positiveprints.com\/fr\/#organization"},"potentialAction":[{"@type":"SearchAction","target":{"@type":"EntryPoint","urlTemplate":"https:\/\/positiveprints.com\/fr\/?s={search_term_string}"},"query-input":{"@type":"PropertyValueSpecification","valueRequired":true,"valueName":"search_term_string"}}],"inLanguage":"fr-FR"},{"@type":"Organization","@id":"https:\/\/positiveprints.com\/fr\/#organization","name":"Positive Prints","alternateName":"Positive Prints","url":"https:\/\/positiveprints.com\/fr\/","logo":{"@type":"ImageObject","inLanguage":"fr-FR","@id":"https:\/\/positiveprints.com\/fr\/#\/schema\/logo\/image\/","url":"https:\/\/positiveprints.com\/wp-content\/uploads\/2026\/03\/245815646_1337939713319158_5671353136411139666_n.png","contentUrl":"https:\/\/positiveprints.com\/wp-content\/uploads\/2026\/03\/245815646_1337939713319158_5671353136411139666_n.png","width":800,"height":800,"caption":"Positive Prints"},"image":{"@id":"https:\/\/positiveprints.com\/fr\/#\/schema\/logo\/image\/"},"sameAs":["https:\/\/www.facebook.com\/positiveprintscom","https:\/\/www.instagram.com\/positiveprintscom\/","https:\/\/www.tiktok.com\/@positiveprintscom","https:\/\/www.pinterest.com\/positiveprintscom\/"]}]}},"jetpack_sharing_enabled":true,"_links":{"self":[{"href":"https:\/\/positiveprints.com\/fr\/wp-json\/wp\/v2\/product\/1149872","targetHints":{"allow":["GET"]}}],"collection":[{"href":"https:\/\/positiveprints.com\/fr\/wp-json\/wp\/v2\/product"}],"about":[{"href":"https:\/\/positiveprints.com\/fr\/wp-json\/wp\/v2\/types\/product"}],"wp:featuredmedia":[{"embeddable":true,"href":"https:\/\/positiveprints.com\/fr\/wp-json\/wp\/v2\/media\/1154166"}],"wp:attachment":[{"href":"https:\/\/positiveprints.com\/fr\/wp-json\/wp\/v2\/media?parent=1149872"}],"wp:term":[{"taxonomy":"product_brand","embeddable":true,"href":"https:\/\/positiveprints.com\/fr\/wp-json\/wp\/v2\/product_brand?post=1149872"},{"taxonomy":"product_cat","embeddable":true,"href":"https:\/\/positiveprints.com\/fr\/wp-json\/wp\/v2\/product_cat?post=1149872"},{"taxonomy":"product_tag","embeddable":true,"href":"https:\/\/positiveprints.com\/fr\/wp-json\/wp\/v2\/product_tag?post=1149872"}],"curies":[{"name":"wp","href":"https:\/\/api.w.org\/{rel}","templated":true}]}}