{"id":1145042,"date":"2024-06-21T10:44:43","date_gmt":"2024-06-21T09:44:43","guid":{"rendered":"https:\/\/positiveprints.com\/?post_type=product&#038;p=1145042"},"modified":"2026-04-03T02:48:56","modified_gmt":"2026-04-03T01:48:56","slug":"affiche-definition-de-grand-pere","status":"publish","type":"product","link":"https:\/\/positiveprints.com\/fr\/produit\/affiche-definition-de-grand-pere\/","title":{"rendered":"Affiche D\u00e9finition de Grand-p\u00e8re"},"content":{"rendered":"<p>Honorez le lien sp\u00e9cial que vous partagez avec votre grand-p\u00e8re avec notre Affiche D\u00e9finition de Grand-p\u00e8re. Ce tirage personnalis\u00e9 combine une photo pr\u00e9cieuse avec une d\u00e9finition de dictionnaire de &#8220;grand-p\u00e8re&#8221; ou tout autre mot qui incarne son essence. Que vous optiez pour une d\u00e9finition humoristique ou profond\u00e9ment sentimentale, ce cadeau r\u00e9chauffera certainement son c\u0153ur.<\/p>\r\n\r\n<h2>Cr\u00e9ez Votre Affiche D\u00e9finition de Grand-p\u00e8re<\/h2>\r\n\r\n<p>Notre \u00e9diteur en ligne intuitif rend la cr\u00e9ation d&#8217;une affiche unique simple et amusante. S\u00e9lectionnez votre palette de couleurs pr\u00e9f\u00e9r\u00e9e ou personnalisez les couleurs de fond et de police pour correspondre \u00e0 votre style. T\u00e9l\u00e9chargez votre photo pr\u00e9f\u00e9r\u00e9e de grand-p\u00e8re et entrez un titre et une d\u00e9finition. Vous pouvez utiliser l&#8217;une de nos d\u00e9finitions pr\u00e9d\u00e9finies ou en cr\u00e9er une vous-m\u00eame pour la rendre vraiment sp\u00e9ciale.<\/p>\r\n\r\n<p>Cr\u00e9er une affiche personnalis\u00e9e est rapide et facile. Visitez notre site web, utilisez l&#8217;\u00e9diteur en ligne pour personnaliser votre tirage et passez votre commande. Nous nous occupons du reste, en veillant \u00e0 ce que le tirage soit r\u00e9alis\u00e9 avec soin et livr\u00e9 rapidement.<\/p>\r\n\r\n<h2>C\u00e9l\u00e9brez Grand-p\u00e8re avec un Cadeau Unique<\/h2>\r\n\r\n<p>L&#8217;Affiche D\u00e9finition de Grand-p\u00e8re est un cadeau id\u00e9al pour les anniversaires, No\u00ebl, ou toute occasion qui appelle un hommage sp\u00e9cial \u00e0 grand-p\u00e8re. Imaginez sa fiert\u00e9 et sa joie lorsqu&#8217;il recevra ce tirage magnifiquement con\u00e7u qui c\u00e9l\u00e8bre son r\u00f4le unique dans la famille.<\/p>\r\n\r\n<p>Montrez \u00e0 votre grand-p\u00e8re combien il compte pour vous avec une Affiche D\u00e9finition de Grand-p\u00e8re. C&#8217;est une mani\u00e8re belle et personnelle de le c\u00e9l\u00e9brer, capturant son essence d&#8217;une mani\u00e8re que les mots seuls ne peuvent exprimer. Ce cadeau unique sera un ajout pr\u00e9cieux \u00e0 son domicile, lui rappelant constamment le lien sp\u00e9cial que vous partagez.<\/p>","protected":false},"excerpt":{"rendered":"<ul class=\"check-list\">\n<li>Faites votre d\u00e9finition personnelle<\/li>\n<li>Ajoutez votre propre photo<\/li>\n<li>Personnalisez en 3 \u00e9tapes simples<\/li>\n<li>Choisissez un mod\u00e8le ou laissez libre cours \u00e0 votre cr\u00e9ativit\u00e9<\/li>\n<li>Vois le r\u00e9sultat imm\u00e9diatement \u2013 l\u2019aper\u00e7u interactif te permet de peaufiner chaque d\u00e9tail<\/li>\n<\/ul>\n","protected":false},"featured_media":1470926,"template":"","meta":[],"product_brand":[],"product_cat":[9731,5264,7605,11394,104,9760],"product_tag":[11788,8659],"class_list":{"0":"post-1145042","1":"product","2":"type-product","3":"status-publish","4":"has-post-thumbnail","6":"product_cat-definition-fr","7":"product_cat-cadeaux-de-noel","8":"product_cat-cadeaux-pour-grand-pere","9":"product_cat-cadeaux-de-noel-pour-papi","10":"product_cat-tous-les-produits","11":"product_cat-trending-label-fr","12":"product_tag-cadeaux-de-noel-pour-papi","13":"product_tag-grandpa-fr","15":"first","16":"instock","17":"sale","18":"taxable","19":"shipping-taxable","20":"purchasable","21":"product-type-variable"},"yoast_head":"<!-- This site is optimized with the Yoast SEO Premium plugin v27.2 (Yoast SEO v27.2) - https:\/\/yoast.com\/product\/yoast-seo-premium-wordpress\/ -->\n<title>Affiche D\u00e9finition de Grand-p\u00e8re - Positive Prints<\/title>\n<meta name=\"description\" content=\"Montrez \u00e0 votre grand-p\u00e8re combien il compte pour vous avec une Affiche D\u00e9finition de Grand-p\u00e8re. C&#039;est une mani\u00e8re belle et personnelle de le c\u00e9l\u00e9brer.\" \/>\n<meta name=\"robots\" content=\"index, follow, max-snippet:-1, max-image-preview:large, max-video-preview:-1\" \/>\n<link rel=\"canonical\" href=\"https:\/\/positiveprints.com\/fr\/produit\/affiche-definition-de-grand-pere\/\" \/>\n<meta property=\"og:locale\" content=\"fr_FR\" \/>\n<meta property=\"og:type\" content=\"article\" \/>\n<meta property=\"og:title\" content=\"Affiche D\u00e9finition de Grand-p\u00e8re\" \/>\n<meta property=\"og:description\" content=\"Faites votre d\u00e9finition personnelle Ajoutez votre propre photo Personnalisez en 3 \u00e9tapes simples Choisissez un mod\u00e8le ou laissez libre cours \u00e0 votre cr\u00e9ativit\u00e9 Vois le r\u00e9sultat imm\u00e9diatement \u2013 l\u2019aper\u00e7u interactif te permet de peaufiner chaque d\u00e9tail\" \/>\n<meta property=\"og:url\" content=\"https:\/\/positiveprints.com\/fr\/produit\/affiche-definition-de-grand-pere\/\" \/>\n<meta property=\"og:site_name\" content=\"Positive Prints\" \/>\n<meta property=\"article:publisher\" content=\"https:\/\/www.facebook.com\/positiveprintscom\" \/>\n<meta property=\"article:modified_time\" content=\"2026-04-03T01:48:56+00:00\" \/>\n<meta property=\"og:image\" content=\"https:\/\/positiveprints.com\/wp-content\/uploads\/2025\/07\/Packshot_FR_Affiche-De\u0301finition-de-Grand-pe\u0300re.webp\" \/>\n\t<meta property=\"og:image:width\" content=\"1450\" \/>\n\t<meta property=\"og:image:height\" content=\"1450\" \/>\n\t<meta property=\"og:image:type\" content=\"image\/webp\" \/>\n<meta name=\"twitter:card\" content=\"summary_large_image\" \/>\n<meta name=\"twitter:label1\" content=\"Dur\u00e9e de lecture estim\u00e9e\" \/>\n\t<meta name=\"twitter:data1\" content=\"2 minutes\" \/>\n<!-- \/ Yoast SEO Premium plugin. -->","yoast_head_json":{"title":"Affiche D\u00e9finition de Grand-p\u00e8re - Positive Prints","description":"Montrez \u00e0 votre grand-p\u00e8re combien il compte pour vous avec une Affiche D\u00e9finition de Grand-p\u00e8re. C'est une mani\u00e8re belle et personnelle de le c\u00e9l\u00e9brer.","robots":{"index":"index","follow":"follow","max-snippet":"max-snippet:-1","max-image-preview":"max-image-preview:large","max-video-preview":"max-video-preview:-1"},"canonical":"https:\/\/positiveprints.com\/fr\/produit\/affiche-definition-de-grand-pere\/","og_locale":"fr_FR","og_type":"article","og_title":"Affiche D\u00e9finition de Grand-p\u00e8re","og_description":"Faites votre d\u00e9finition personnelle Ajoutez votre propre photo Personnalisez en 3 \u00e9tapes simples Choisissez un mod\u00e8le ou laissez libre cours \u00e0 votre cr\u00e9ativit\u00e9 Vois le r\u00e9sultat imm\u00e9diatement \u2013 l\u2019aper\u00e7u interactif te permet de peaufiner chaque d\u00e9tail","og_url":"https:\/\/positiveprints.com\/fr\/produit\/affiche-definition-de-grand-pere\/","og_site_name":"Positive Prints","article_publisher":"https:\/\/www.facebook.com\/positiveprintscom","article_modified_time":"2026-04-03T01:48:56+00:00","og_image":[{"width":1450,"height":1450,"url":"https:\/\/positiveprints.com\/wp-content\/uploads\/2025\/07\/Packshot_FR_Affiche-De\u0301finition-de-Grand-pe\u0300re.webp","type":"image\/webp"}],"twitter_card":"summary_large_image","twitter_misc":{"Dur\u00e9e de lecture estim\u00e9e":"2 minutes"},"schema":{"@context":"https:\/\/schema.org","@graph":[{"@type":["WebPage","ItemPage"],"@id":"https:\/\/positiveprints.com\/fr\/produit\/affiche-definition-de-grand-pere\/","url":"https:\/\/positiveprints.com\/fr\/produit\/affiche-definition-de-grand-pere\/","name":"Affiche D\u00e9finition de Grand-p\u00e8re - Positive Prints","isPartOf":{"@id":"https:\/\/positiveprints.com\/fr\/#website"},"primaryImageOfPage":{"@id":"https:\/\/positiveprints.com\/fr\/produit\/affiche-definition-de-grand-pere\/#primaryimage"},"image":{"@id":"https:\/\/positiveprints.com\/fr\/produit\/affiche-definition-de-grand-pere\/#primaryimage"},"thumbnailUrl":"https:\/\/positiveprints.com\/wp-content\/uploads\/2025\/07\/Packshot_FR_Affiche-De\u0301finition-de-Grand-pe\u0300re.webp","datePublished":"2024-06-21T09:44:43+00:00","dateModified":"2026-04-03T01:48:56+00:00","description":"Montrez \u00e0 votre grand-p\u00e8re combien il compte pour vous avec une Affiche D\u00e9finition de Grand-p\u00e8re. C'est une mani\u00e8re belle et personnelle de le c\u00e9l\u00e9brer.","breadcrumb":{"@id":"https:\/\/positiveprints.com\/fr\/produit\/affiche-definition-de-grand-pere\/#breadcrumb"},"inLanguage":"fr-FR","potentialAction":[{"@type":"ReadAction","target":["https:\/\/positiveprints.com\/fr\/produit\/affiche-definition-de-grand-pere\/"]}]},{"@type":"ImageObject","inLanguage":"fr-FR","@id":"https:\/\/positiveprints.com\/fr\/produit\/affiche-definition-de-grand-pere\/#primaryimage","url":"https:\/\/positiveprints.com\/wp-content\/uploads\/2025\/07\/Packshot_FR_Affiche-De\u0301finition-de-Grand-pe\u0300re.webp","contentUrl":"https:\/\/positiveprints.com\/wp-content\/uploads\/2025\/07\/Packshot_FR_Affiche-De\u0301finition-de-Grand-pe\u0300re.webp","width":1450,"height":1450},{"@type":"BreadcrumbList","@id":"https:\/\/positiveprints.com\/fr\/produit\/affiche-definition-de-grand-pere\/#breadcrumb","itemListElement":[{"@type":"ListItem","position":1,"name":"Home","item":"https:\/\/positiveprints.com\/fr\/"},{"@type":"ListItem","position":2,"name":"Produits","item":"https:\/\/positiveprints.com\/fr\/shop\/"},{"@type":"ListItem","position":3,"name":"Affiche D\u00e9finition de Grand-p\u00e8re"}]},{"@type":"WebSite","@id":"https:\/\/positiveprints.com\/fr\/#website","url":"https:\/\/positiveprints.com\/fr\/","name":"Positive Prints","description":"Amazing Custom Personalized Gifts","publisher":{"@id":"https:\/\/positiveprints.com\/fr\/#organization"},"potentialAction":[{"@type":"SearchAction","target":{"@type":"EntryPoint","urlTemplate":"https:\/\/positiveprints.com\/fr\/?s={search_term_string}"},"query-input":{"@type":"PropertyValueSpecification","valueRequired":true,"valueName":"search_term_string"}}],"inLanguage":"fr-FR"},{"@type":"Organization","@id":"https:\/\/positiveprints.com\/fr\/#organization","name":"Positive Prints","alternateName":"Positive Prints","url":"https:\/\/positiveprints.com\/fr\/","logo":{"@type":"ImageObject","inLanguage":"fr-FR","@id":"https:\/\/positiveprints.com\/fr\/#\/schema\/logo\/image\/","url":"https:\/\/positiveprints.com\/wp-content\/uploads\/2026\/03\/245815646_1337939713319158_5671353136411139666_n.png","contentUrl":"https:\/\/positiveprints.com\/wp-content\/uploads\/2026\/03\/245815646_1337939713319158_5671353136411139666_n.png","width":800,"height":800,"caption":"Positive Prints"},"image":{"@id":"https:\/\/positiveprints.com\/fr\/#\/schema\/logo\/image\/"},"sameAs":["https:\/\/www.facebook.com\/positiveprintscom","https:\/\/www.instagram.com\/positiveprintscom\/","https:\/\/www.tiktok.com\/@positiveprintscom","https:\/\/www.pinterest.com\/positiveprintscom\/"]}]}},"jetpack_sharing_enabled":true,"_links":{"self":[{"href":"https:\/\/positiveprints.com\/fr\/wp-json\/wp\/v2\/product\/1145042","targetHints":{"allow":["GET"]}}],"collection":[{"href":"https:\/\/positiveprints.com\/fr\/wp-json\/wp\/v2\/product"}],"about":[{"href":"https:\/\/positiveprints.com\/fr\/wp-json\/wp\/v2\/types\/product"}],"wp:featuredmedia":[{"embeddable":true,"href":"https:\/\/positiveprints.com\/fr\/wp-json\/wp\/v2\/media\/1470926"}],"wp:attachment":[{"href":"https:\/\/positiveprints.com\/fr\/wp-json\/wp\/v2\/media?parent=1145042"}],"wp:term":[{"taxonomy":"product_brand","embeddable":true,"href":"https:\/\/positiveprints.com\/fr\/wp-json\/wp\/v2\/product_brand?post=1145042"},{"taxonomy":"product_cat","embeddable":true,"href":"https:\/\/positiveprints.com\/fr\/wp-json\/wp\/v2\/product_cat?post=1145042"},{"taxonomy":"product_tag","embeddable":true,"href":"https:\/\/positiveprints.com\/fr\/wp-json\/wp\/v2\/product_tag?post=1145042"}],"curies":[{"name":"wp","href":"https:\/\/api.w.org\/{rel}","templated":true}]}}