{"id":1145034,"date":"2024-06-20T21:56:51","date_gmt":"2024-06-20T20:56:51","guid":{"rendered":"https:\/\/positiveprints.com\/?post_type=product&#038;p=1145034"},"modified":"2026-05-03T18:21:29","modified_gmt":"2026-05-03T17:21:29","slug":"affiche-definition-de-grand-mere","status":"publish","type":"product","link":"https:\/\/positiveprints.com\/fr\/produit\/affiche-definition-de-grand-mere\/","title":{"rendered":"Affiche D\u00e9finition de Grand-m\u00e8re"},"content":{"rendered":"<p>Capturez l&#8217;essence de votre ch\u00e8re grand-m\u00e8re avec notre Affiche D\u00e9finition de Grand-m\u00e8re. Ce tirage personnalis\u00e9 combine une photo pr\u00e9cieuse avec une d\u00e9finition de dictionnaire de &#8220;grand-m\u00e8re&#8221; ou tout autre mot qui la repr\u00e9sente. Que vous choisissiez une d\u00e9finition dr\u00f4le ou profond\u00e9ment \u00e9motionnelle, ce cadeau est s\u00fbr de toucher son c\u0153ur.<\/p>\r\n\r\n<h2>Cr\u00e9ez Votre Affiche D\u00e9finition de Grand-m\u00e8re<\/h2>\r\n\r\n<p>Notre \u00e9diteur en ligne convivial rend simple la cr\u00e9ation d&#8217;une affiche unique. Choisissez votre palette de couleurs pr\u00e9f\u00e9r\u00e9e ou personnalisez les couleurs de fond et de police pour correspondre \u00e0 votre style. T\u00e9l\u00e9chargez votre photo pr\u00e9f\u00e9r\u00e9e de grand-m\u00e8re et entrez un titre et une d\u00e9finition. Vous pouvez utiliser l&#8217;une de nos d\u00e9finitions pr\u00e9d\u00e9finies ou \u00e9crire la v\u00f4tre pour la rendre vraiment sp\u00e9ciale.<\/p>\r\n\r\n<h2>C\u00e9l\u00e9brez Grand-m\u00e8re avec un Cadeau Unique<\/h2>\r\n\r\n<p>L&#8217;Affiche D\u00e9finition de Grand-m\u00e8re est un cadeau id\u00e9al pour les anniversaires, No\u00ebl, ou toute occasion qui appelle un hommage sp\u00e9cial \u00e0 grand-m\u00e8re. Imaginez sa joie et sa fiert\u00e9 lorsqu&#8217;elle recevra ce tirage magnifiquement con\u00e7u qui c\u00e9l\u00e8bre son r\u00f4le unique dans la famille.<\/p>\r\n\r\n<h2>Pourquoi Choisir Notre Affiche D\u00e9finition de Grand-m\u00e8re ?<\/h2>\r\n\r\n<p>Cr\u00e9er une affiche personnalis\u00e9e est rapide et facile. Visitez notre site web, utilisez l&#8217;\u00e9diteur en ligne pour personnaliser votre tirage et passez votre commande. Nous nous occupons du reste, en veillant \u00e0 ce que le tirage soit r\u00e9alis\u00e9 avec soin et livr\u00e9 rapidement.<\/p>\r\n\r\n<p>Montrez \u00e0 votre grand-m\u00e8re combien elle compte pour vous avec une Affiche D\u00e9finition de Grand-m\u00e8re. C&#8217;est une mani\u00e8re belle et personnelle de la c\u00e9l\u00e9brer, capturant son essence d&#8217;une mani\u00e8re que les mots seuls ne peuvent exprimer. Ce cadeau unique sera un ajout pr\u00e9cieux \u00e0 son domicile, lui rappelant constamment le lien sp\u00e9cial que vous partagez.<\/p>","protected":false},"excerpt":{"rendered":"<ul class=\"check-list\">\n<li>Faites votre d\u00e9finition personnelle<\/li>\n<li>Ajoutez votre propre photo<\/li>\n<li>Personnalisez en 3 \u00e9tapes simples<\/li>\n<li>Choisissez un mod\u00e8le ou laissez libre cours \u00e0 votre cr\u00e9ativit\u00e9<\/li>\n<li>Vois le r\u00e9sultat imm\u00e9diatement \u2013 l\u2019aper\u00e7u interactif te permet de peaufiner chaque d\u00e9tail<\/li>\n<\/ul>\n","protected":false},"featured_media":1156448,"template":"","meta":[],"product_brand":[],"product_cat":[9731,8982,9760,104,8998,5264,11393,7718],"product_tag":[11774,8581],"class_list":{"0":"post-1145034","1":"product","2":"type-product","3":"status-publish","4":"has-post-thumbnail","6":"product_cat-definition-fr","7":"product_cat-nouveautes","8":"product_cat-trending-label-fr","9":"product_cat-tous-les-produits","10":"product_cat-fete-des-grands-parents","11":"product_cat-cadeaux-de-noel","12":"product_cat-cadeaux-de-noel-pour-mamie","13":"product_cat-cadeaux-pour-grand-mere","14":"product_tag-cadeaux-de-noel-pour-mamie","15":"product_tag-mamie","17":"first","18":"instock","19":"sale","20":"taxable","21":"shipping-taxable","22":"purchasable","23":"product-type-variable"},"yoast_head":"<!-- This site is optimized with the Yoast SEO Premium plugin v27.2 (Yoast SEO v27.2) - https:\/\/yoast.com\/product\/yoast-seo-premium-wordpress\/ -->\n<title>Affiche D\u00e9finition de Grand-m\u00e8re - Positive Prints<\/title>\n<meta name=\"description\" content=\"L&#039;affiche D\u00e9finition de Grand-m\u00e8re est un cadeau id\u00e9al pour les anniversaires, No\u00ebl, ou toute occasion qui appelle un hommage sp\u00e9cial \u00e0 grand-m\u00e8re.\" \/>\n<meta name=\"robots\" content=\"index, follow, max-snippet:-1, max-image-preview:large, max-video-preview:-1\" \/>\n<link rel=\"canonical\" href=\"https:\/\/positiveprints.com\/fr\/produit\/affiche-definition-de-grand-mere\/\" \/>\n<meta property=\"og:locale\" content=\"fr_FR\" \/>\n<meta property=\"og:type\" content=\"article\" \/>\n<meta property=\"og:title\" content=\"Affiche D\u00e9finition de Grand-m\u00e8re\" \/>\n<meta property=\"og:description\" content=\"Faites votre d\u00e9finition personnelle Ajoutez votre propre photo Personnalisez en 3 \u00e9tapes simples Choisissez un mod\u00e8le ou laissez libre cours \u00e0 votre cr\u00e9ativit\u00e9 Vois le r\u00e9sultat imm\u00e9diatement \u2013 l\u2019aper\u00e7u interactif te permet de peaufiner chaque d\u00e9tail\" \/>\n<meta property=\"og:url\" content=\"https:\/\/positiveprints.com\/fr\/produit\/affiche-definition-de-grand-mere\/\" \/>\n<meta property=\"og:site_name\" content=\"Positive Prints\" \/>\n<meta property=\"article:publisher\" content=\"https:\/\/www.facebook.com\/positiveprintscom\" \/>\n<meta property=\"article:modified_time\" content=\"2026-05-03T17:21:29+00:00\" \/>\n<meta property=\"og:image\" content=\"https:\/\/positiveprints.com\/wp-content\/uploads\/2024\/07\/Affiche-De\u0301finition-de-Grand-me\u0300re.jpg\" \/>\n\t<meta property=\"og:image:width\" content=\"1080\" \/>\n\t<meta property=\"og:image:height\" content=\"1080\" \/>\n\t<meta property=\"og:image:type\" content=\"image\/jpeg\" \/>\n<meta name=\"twitter:card\" content=\"summary_large_image\" \/>\n<!-- \/ Yoast SEO Premium plugin. -->","yoast_head_json":{"title":"Affiche D\u00e9finition de Grand-m\u00e8re - Positive Prints","description":"L'affiche D\u00e9finition de Grand-m\u00e8re est un cadeau id\u00e9al pour les anniversaires, No\u00ebl, ou toute occasion qui appelle un hommage sp\u00e9cial \u00e0 grand-m\u00e8re.","robots":{"index":"index","follow":"follow","max-snippet":"max-snippet:-1","max-image-preview":"max-image-preview:large","max-video-preview":"max-video-preview:-1"},"canonical":"https:\/\/positiveprints.com\/fr\/produit\/affiche-definition-de-grand-mere\/","og_locale":"fr_FR","og_type":"article","og_title":"Affiche D\u00e9finition de Grand-m\u00e8re","og_description":"Faites votre d\u00e9finition personnelle Ajoutez votre propre photo Personnalisez en 3 \u00e9tapes simples Choisissez un mod\u00e8le ou laissez libre cours \u00e0 votre cr\u00e9ativit\u00e9 Vois le r\u00e9sultat imm\u00e9diatement \u2013 l\u2019aper\u00e7u interactif te permet de peaufiner chaque d\u00e9tail","og_url":"https:\/\/positiveprints.com\/fr\/produit\/affiche-definition-de-grand-mere\/","og_site_name":"Positive Prints","article_publisher":"https:\/\/www.facebook.com\/positiveprintscom","article_modified_time":"2026-05-03T17:21:29+00:00","og_image":[{"width":1080,"height":1080,"url":"https:\/\/positiveprints.com\/wp-content\/uploads\/2024\/07\/Affiche-De\u0301finition-de-Grand-me\u0300re.jpg","type":"image\/jpeg"}],"twitter_card":"summary_large_image","schema":{"@context":"https:\/\/schema.org","@graph":[{"@type":["WebPage","ItemPage"],"@id":"https:\/\/positiveprints.com\/fr\/produit\/affiche-definition-de-grand-mere\/","url":"https:\/\/positiveprints.com\/fr\/produit\/affiche-definition-de-grand-mere\/","name":"Affiche D\u00e9finition de Grand-m\u00e8re - Positive Prints","isPartOf":{"@id":"https:\/\/positiveprints.com\/fr\/#website"},"primaryImageOfPage":{"@id":"https:\/\/positiveprints.com\/fr\/produit\/affiche-definition-de-grand-mere\/#primaryimage"},"image":{"@id":"https:\/\/positiveprints.com\/fr\/produit\/affiche-definition-de-grand-mere\/#primaryimage"},"thumbnailUrl":"https:\/\/positiveprints.com\/wp-content\/uploads\/2024\/07\/Affiche-De\u0301finition-de-Grand-me\u0300re.jpg","datePublished":"2024-06-20T20:56:51+00:00","dateModified":"2026-05-03T17:21:29+00:00","description":"L'affiche D\u00e9finition de Grand-m\u00e8re est un cadeau id\u00e9al pour les anniversaires, No\u00ebl, ou toute occasion qui appelle un hommage sp\u00e9cial \u00e0 grand-m\u00e8re.","breadcrumb":{"@id":"https:\/\/positiveprints.com\/fr\/produit\/affiche-definition-de-grand-mere\/#breadcrumb"},"inLanguage":"fr-FR","potentialAction":[{"@type":"ReadAction","target":["https:\/\/positiveprints.com\/fr\/produit\/affiche-definition-de-grand-mere\/"]}]},{"@type":"ImageObject","inLanguage":"fr-FR","@id":"https:\/\/positiveprints.com\/fr\/produit\/affiche-definition-de-grand-mere\/#primaryimage","url":"https:\/\/positiveprints.com\/wp-content\/uploads\/2024\/07\/Affiche-De\u0301finition-de-Grand-me\u0300re.jpg","contentUrl":"https:\/\/positiveprints.com\/wp-content\/uploads\/2024\/07\/Affiche-De\u0301finition-de-Grand-me\u0300re.jpg","width":1080,"height":1080},{"@type":"BreadcrumbList","@id":"https:\/\/positiveprints.com\/fr\/produit\/affiche-definition-de-grand-mere\/#breadcrumb","itemListElement":[{"@type":"ListItem","position":1,"name":"Home","item":"https:\/\/positiveprints.com\/fr\/"},{"@type":"ListItem","position":2,"name":"Produits","item":"https:\/\/positiveprints.com\/fr\/shop\/"},{"@type":"ListItem","position":3,"name":"Affiche D\u00e9finition de Grand-m\u00e8re"}]},{"@type":"WebSite","@id":"https:\/\/positiveprints.com\/fr\/#website","url":"https:\/\/positiveprints.com\/fr\/","name":"Positive Prints","description":"Amazing Custom Personalized Gifts","publisher":{"@id":"https:\/\/positiveprints.com\/fr\/#organization"},"potentialAction":[{"@type":"SearchAction","target":{"@type":"EntryPoint","urlTemplate":"https:\/\/positiveprints.com\/fr\/?s={search_term_string}"},"query-input":{"@type":"PropertyValueSpecification","valueRequired":true,"valueName":"search_term_string"}}],"inLanguage":"fr-FR"},{"@type":"Organization","@id":"https:\/\/positiveprints.com\/fr\/#organization","name":"Positive Prints","alternateName":"Positive Prints","url":"https:\/\/positiveprints.com\/fr\/","logo":{"@type":"ImageObject","inLanguage":"fr-FR","@id":"https:\/\/positiveprints.com\/fr\/#\/schema\/logo\/image\/","url":"https:\/\/positiveprints.com\/wp-content\/uploads\/2026\/03\/245815646_1337939713319158_5671353136411139666_n.png","contentUrl":"https:\/\/positiveprints.com\/wp-content\/uploads\/2026\/03\/245815646_1337939713319158_5671353136411139666_n.png","width":800,"height":800,"caption":"Positive Prints"},"image":{"@id":"https:\/\/positiveprints.com\/fr\/#\/schema\/logo\/image\/"},"sameAs":["https:\/\/www.facebook.com\/positiveprintscom","https:\/\/www.instagram.com\/positiveprintscom\/","https:\/\/www.tiktok.com\/@positiveprintscom","https:\/\/www.pinterest.com\/positiveprintscom\/"]}]}},"jetpack_sharing_enabled":true,"_links":{"self":[{"href":"https:\/\/positiveprints.com\/fr\/wp-json\/wp\/v2\/product\/1145034","targetHints":{"allow":["GET"]}}],"collection":[{"href":"https:\/\/positiveprints.com\/fr\/wp-json\/wp\/v2\/product"}],"about":[{"href":"https:\/\/positiveprints.com\/fr\/wp-json\/wp\/v2\/types\/product"}],"wp:featuredmedia":[{"embeddable":true,"href":"https:\/\/positiveprints.com\/fr\/wp-json\/wp\/v2\/media\/1156448"}],"wp:attachment":[{"href":"https:\/\/positiveprints.com\/fr\/wp-json\/wp\/v2\/media?parent=1145034"}],"wp:term":[{"taxonomy":"product_brand","embeddable":true,"href":"https:\/\/positiveprints.com\/fr\/wp-json\/wp\/v2\/product_brand?post=1145034"},{"taxonomy":"product_cat","embeddable":true,"href":"https:\/\/positiveprints.com\/fr\/wp-json\/wp\/v2\/product_cat?post=1145034"},{"taxonomy":"product_tag","embeddable":true,"href":"https:\/\/positiveprints.com\/fr\/wp-json\/wp\/v2\/product_tag?post=1145034"}],"curies":[{"name":"wp","href":"https:\/\/api.w.org\/{rel}","templated":true}]}}