{"id":1143340,"date":"2021-08-20T12:39:31","date_gmt":"2021-08-20T11:39:31","guid":{"rendered":"https:\/\/positiveprints.com\/product\/affiche-de-la-carte-de-fulda\/"},"modified":"2026-04-03T03:52:01","modified_gmt":"2026-04-03T02:52:01","slug":"fulda-map-poster","status":"publish","type":"product","link":"https:\/\/positiveprints.com\/fr\/produit\/fulda-map-poster\/","title":{"rendered":"Affiche Carte Fulda"},"content":{"rendered":"","protected":false},"excerpt":{"rendered":"<ul class=\"check-list\">\n<li>D\u00e9couvrez la beaut\u00e9 captivante de votre ville pr\u00e9f\u00e9r\u00e9e gr\u00e2ce \u00e0 notre poster cartographique d\u00e9taill\u00e9<\/li>\n<li>Marquer un endroit sp\u00e9cial avec un symbole choisi<\/li>\n<li>Personnalisez en seulement 2 minutes<\/li>\n<li>Choisissez un mod\u00e8le ou laissez libre cours \u00e0 votre cr\u00e9ativit\u00e9<\/li>\n<li>Vois le r\u00e9sultat imm\u00e9diatement \u2013 l\u2019aper\u00e7u interactif te permet de peaufiner chaque d\u00e9tail<\/li>\n<\/ul>\n","protected":false},"featured_media":135372,"template":"","meta":[],"product_brand":[],"product_cat":[6056],"product_tag":[],"class_list":{"0":"post-1143340","1":"product","2":"type-product","3":"status-publish","4":"has-post-thumbnail","6":"product_cat-germany-fr","8":"first","9":"instock","10":"sale","11":"taxable","12":"shipping-taxable","13":"purchasable","14":"product-type-variable"},"yoast_head":"<!-- This site is optimized with the Yoast SEO Premium plugin v27.2 (Yoast SEO v27.2) - https:\/\/yoast.com\/product\/yoast-seo-premium-wordpress\/ -->\n<title>Affiche Carte Fulda - Votre art de la carte de ville - Positive Prints<\/title>\n<meta name=\"description\" content=\"Ram\u00e8ne \u00e0 la maison un morceau de tes aventures pr\u00e9f\u00e9r\u00e9es avec notre poster de la carte de Fulda. Nos affiches de haute qualit\u00e9 font d&#039;excellentes \u0153uvres murales !\" \/>\n<meta name=\"robots\" content=\"index, follow, max-snippet:-1, max-image-preview:large, max-video-preview:-1\" \/>\n<link rel=\"canonical\" href=\"https:\/\/positiveprints.com\/fr\/produit\/fulda-map-poster\/\" \/>\n<meta property=\"og:locale\" content=\"fr_FR\" \/>\n<meta property=\"og:type\" content=\"article\" \/>\n<meta property=\"og:title\" content=\"Affiche Carte Fulda\" \/>\n<meta property=\"og:description\" content=\"D\u00e9couvrez la beaut\u00e9 captivante de votre ville pr\u00e9f\u00e9r\u00e9e gr\u00e2ce \u00e0 notre poster cartographique d\u00e9taill\u00e9 Marquer un endroit sp\u00e9cial avec un symbole choisi Personnalisez en seulement 2 minutes Choisissez un mod\u00e8le ou laissez libre cours \u00e0 votre cr\u00e9ativit\u00e9 Vois le r\u00e9sultat imm\u00e9diatement \u2013 l\u2019aper\u00e7u interactif te permet de peaufiner chaque d\u00e9tail\" \/>\n<meta property=\"og:url\" content=\"https:\/\/positiveprints.com\/fr\/produit\/fulda-map-poster\/\" \/>\n<meta property=\"og:site_name\" content=\"Positive Prints\" \/>\n<meta property=\"article:publisher\" content=\"https:\/\/www.facebook.com\/positiveprintscom\" \/>\n<meta property=\"article:modified_time\" content=\"2026-04-03T02:52:01+00:00\" \/>\n<meta property=\"og:image\" content=\"https:\/\/positiveprints.com\/wp-content\/uploads\/2021\/08\/Fulda-city-map-poster.jpg\" \/>\n\t<meta property=\"og:image:width\" content=\"1080\" \/>\n\t<meta property=\"og:image:height\" content=\"1080\" \/>\n\t<meta property=\"og:image:type\" content=\"image\/jpeg\" \/>\n<meta name=\"twitter:card\" content=\"summary_large_image\" \/>\n<!-- \/ Yoast SEO Premium plugin. -->","yoast_head_json":{"title":"Affiche Carte Fulda - Votre art de la carte de ville - Positive Prints","description":"Ram\u00e8ne \u00e0 la maison un morceau de tes aventures pr\u00e9f\u00e9r\u00e9es avec notre poster de la carte de Fulda. Nos affiches de haute qualit\u00e9 font d'excellentes \u0153uvres murales !","robots":{"index":"index","follow":"follow","max-snippet":"max-snippet:-1","max-image-preview":"max-image-preview:large","max-video-preview":"max-video-preview:-1"},"canonical":"https:\/\/positiveprints.com\/fr\/produit\/fulda-map-poster\/","og_locale":"fr_FR","og_type":"article","og_title":"Affiche Carte Fulda","og_description":"D\u00e9couvrez la beaut\u00e9 captivante de votre ville pr\u00e9f\u00e9r\u00e9e gr\u00e2ce \u00e0 notre poster cartographique d\u00e9taill\u00e9 Marquer un endroit sp\u00e9cial avec un symbole choisi Personnalisez en seulement 2 minutes Choisissez un mod\u00e8le ou laissez libre cours \u00e0 votre cr\u00e9ativit\u00e9 Vois le r\u00e9sultat imm\u00e9diatement \u2013 l\u2019aper\u00e7u interactif te permet de peaufiner chaque d\u00e9tail","og_url":"https:\/\/positiveprints.com\/fr\/produit\/fulda-map-poster\/","og_site_name":"Positive Prints","article_publisher":"https:\/\/www.facebook.com\/positiveprintscom","article_modified_time":"2026-04-03T02:52:01+00:00","og_image":[{"width":1080,"height":1080,"url":"https:\/\/positiveprints.com\/wp-content\/uploads\/2021\/08\/Fulda-city-map-poster.jpg","type":"image\/jpeg"}],"twitter_card":"summary_large_image","schema":{"@context":"https:\/\/schema.org","@graph":[{"@type":["WebPage","ItemPage"],"@id":"https:\/\/positiveprints.com\/fr\/produit\/fulda-map-poster\/","url":"https:\/\/positiveprints.com\/fr\/produit\/fulda-map-poster\/","name":"Affiche Carte Fulda - Votre art de la carte de ville - Positive Prints","isPartOf":{"@id":"https:\/\/positiveprints.com\/fr\/#website"},"primaryImageOfPage":{"@id":"https:\/\/positiveprints.com\/fr\/produit\/fulda-map-poster\/#primaryimage"},"image":{"@id":"https:\/\/positiveprints.com\/fr\/produit\/fulda-map-poster\/#primaryimage"},"thumbnailUrl":"https:\/\/positiveprints.com\/wp-content\/uploads\/2021\/08\/Fulda-city-map-poster.jpg","datePublished":"2021-08-20T11:39:31+00:00","dateModified":"2026-04-03T02:52:01+00:00","description":"Ram\u00e8ne \u00e0 la maison un morceau de tes aventures pr\u00e9f\u00e9r\u00e9es avec notre poster de la carte de Fulda. Nos affiches de haute qualit\u00e9 font d'excellentes \u0153uvres murales !","breadcrumb":{"@id":"https:\/\/positiveprints.com\/fr\/produit\/fulda-map-poster\/#breadcrumb"},"inLanguage":"fr-FR","potentialAction":[{"@type":"ReadAction","target":["https:\/\/positiveprints.com\/fr\/produit\/fulda-map-poster\/"]}]},{"@type":"ImageObject","inLanguage":"fr-FR","@id":"https:\/\/positiveprints.com\/fr\/produit\/fulda-map-poster\/#primaryimage","url":"https:\/\/positiveprints.com\/wp-content\/uploads\/2021\/08\/Fulda-city-map-poster.jpg","contentUrl":"https:\/\/positiveprints.com\/wp-content\/uploads\/2021\/08\/Fulda-city-map-poster.jpg","width":1080,"height":1080,"caption":"Notre poster cartographique de Fulda est artistiquement dessin\u00e9 \u00e0 l'\u00e9chelle en utilisant les donn\u00e9es cartographiques les plus pr\u00e9cises et les plus r\u00e9centes."},{"@type":"BreadcrumbList","@id":"https:\/\/positiveprints.com\/fr\/produit\/fulda-map-poster\/#breadcrumb","itemListElement":[{"@type":"ListItem","position":1,"name":"Home","item":"https:\/\/positiveprints.com\/fr\/"},{"@type":"ListItem","position":2,"name":"Produits","item":"https:\/\/positiveprints.com\/fr\/shop\/"},{"@type":"ListItem","position":3,"name":"Affiche Carte Fulda"}]},{"@type":"WebSite","@id":"https:\/\/positiveprints.com\/fr\/#website","url":"https:\/\/positiveprints.com\/fr\/","name":"Positive Prints","description":"Amazing Custom Personalized Gifts","publisher":{"@id":"https:\/\/positiveprints.com\/fr\/#organization"},"potentialAction":[{"@type":"SearchAction","target":{"@type":"EntryPoint","urlTemplate":"https:\/\/positiveprints.com\/fr\/?s={search_term_string}"},"query-input":{"@type":"PropertyValueSpecification","valueRequired":true,"valueName":"search_term_string"}}],"inLanguage":"fr-FR"},{"@type":"Organization","@id":"https:\/\/positiveprints.com\/fr\/#organization","name":"Positive Prints","alternateName":"Positive Prints","url":"https:\/\/positiveprints.com\/fr\/","logo":{"@type":"ImageObject","inLanguage":"fr-FR","@id":"https:\/\/positiveprints.com\/fr\/#\/schema\/logo\/image\/","url":"https:\/\/positiveprints.com\/wp-content\/uploads\/2026\/03\/245815646_1337939713319158_5671353136411139666_n.png","contentUrl":"https:\/\/positiveprints.com\/wp-content\/uploads\/2026\/03\/245815646_1337939713319158_5671353136411139666_n.png","width":800,"height":800,"caption":"Positive Prints"},"image":{"@id":"https:\/\/positiveprints.com\/fr\/#\/schema\/logo\/image\/"},"sameAs":["https:\/\/www.facebook.com\/positiveprintscom","https:\/\/www.instagram.com\/positiveprintscom\/","https:\/\/www.tiktok.com\/@positiveprintscom","https:\/\/www.pinterest.com\/positiveprintscom\/"]}]}},"jetpack_sharing_enabled":true,"_links":{"self":[{"href":"https:\/\/positiveprints.com\/fr\/wp-json\/wp\/v2\/product\/1143340","targetHints":{"allow":["GET"]}}],"collection":[{"href":"https:\/\/positiveprints.com\/fr\/wp-json\/wp\/v2\/product"}],"about":[{"href":"https:\/\/positiveprints.com\/fr\/wp-json\/wp\/v2\/types\/product"}],"wp:featuredmedia":[{"embeddable":true,"href":"https:\/\/positiveprints.com\/fr\/wp-json\/wp\/v2\/media\/135372"}],"wp:attachment":[{"href":"https:\/\/positiveprints.com\/fr\/wp-json\/wp\/v2\/media?parent=1143340"}],"wp:term":[{"taxonomy":"product_brand","embeddable":true,"href":"https:\/\/positiveprints.com\/fr\/wp-json\/wp\/v2\/product_brand?post=1143340"},{"taxonomy":"product_cat","embeddable":true,"href":"https:\/\/positiveprints.com\/fr\/wp-json\/wp\/v2\/product_cat?post=1143340"},{"taxonomy":"product_tag","embeddable":true,"href":"https:\/\/positiveprints.com\/fr\/wp-json\/wp\/v2\/product_tag?post=1143340"}],"curies":[{"name":"wp","href":"https:\/\/api.w.org\/{rel}","templated":true}]}}