{"id":1141361,"date":"2024-06-18T11:07:19","date_gmt":"2024-06-18T10:07:19","guid":{"rendered":"https:\/\/positiveprints.com\/?post_type=product&#038;p=1141361"},"modified":"2026-04-28T13:46:59","modified_gmt":"2026-04-28T12:46:59","slug":"carte-de-nouvelle-maison-avec-photo","status":"publish","type":"product","link":"https:\/\/positiveprints.com\/fr\/produit\/carte-de-nouvelle-maison-avec-photo\/","title":{"rendered":"Carte de Nouvelle Maison avec Photo"},"content":{"rendered":"<p>C\u00e9l\u00e9brez la joie d&#8217;emm\u00e9nager dans une nouvelle maison avec notre Carte de Nouvelle Maison avec Photo. Cette impression personnalis\u00e9e pr\u00e9sente une carte d\u00e9taill\u00e9e mettant en \u00e9vidence l&#8217;emplacement exact de la nouvelle maison et du quartier environnant, un marqueur en forme de c\u0153ur pour indiquer l&#8217;endroit, une photo des nouveaux propri\u00e9taires et un message personnalis\u00e9 sous la carte et la photo.<\/p>\r\n\r\n<h2>Cr\u00e9ez Votre Carte de Nouvelle Maison avec Photo<\/h2>\r\n\r\n<p>Notre cr\u00e9ateur en ligne rend la personnalisation simple et amusante. Choisissez la forme et les couleurs de la carte, en s\u00e9lectionnant parmi des sch\u00e9mas de couleurs pr\u00e9d\u00e9finis ou en exp\u00e9rimentant avec vos propres choix. Entrez la nouvelle adresse, zoomez pour obtenir la vue parfaite et ajoutez un marqueur en forme de c\u0153ur pour indiquer l&#8217;emplacement exact. T\u00e9l\u00e9chargez une belle photo et ajoutez un message significatif comme &#8220;Nouvelle Maison&#8221;.<\/p>\r\n\r\n<p>S\u00e9lectionnez parmi une vari\u00e9t\u00e9 de formats : affiche imprim\u00e9e ou encadr\u00e9e, toile ou fichier num\u00e9rique. Quel que soit le format, votre carte personnalis\u00e9e sera magnifique et servira de rappel pr\u00e9cieux de leur nouveau d\u00e9part.<\/p>\r\n\r\n<h2>Cadeau Parfait pour les Occasions Sp\u00e9ciales<\/h2>\r\n\r\n<p>La Carte de Nouvelle Maison avec Photo est un cadeau de pendaison de cr\u00e9maill\u00e8re unique et attentionn\u00e9. C\u00e9l\u00e9brez leur nouveau voyage et l&#8217;endroit qu&#8217;ils appellent d\u00e9sormais chez eux avec une carte personnalis\u00e9e qui capture l&#8217;essence de leur nouveau quartier.<\/p>\r\n\r\n<p>Imaginez la joie sur leurs visages lorsqu&#8217;ils verront cette carte magnifiquement con\u00e7ue, marquant l&#8217;emplacement de leur nouvelle maison. La photo ajout\u00e9e et le message personnel rendent ce cadeau vraiment unique, montrant combien vous tenez \u00e0 leur nouveau chapitre de vie. Que ce soit pour une pendaison de cr\u00e9maill\u00e8re ou juste pour c\u00e9l\u00e9brer leur d\u00e9m\u00e9nagement, ce cadeau \u00e9voquera des \u00e9motions sinc\u00e8res et deviendra un souvenir pr\u00e9cieux.<\/p>\r\n\r\n<h2>Pourquoi Choisir Notre Carte de Nouvelle Maison avec Photo ?<\/h2>\r\n\r\n<p>Cr\u00e9er leur carte est rapide et facile. Visitez notre site web, utilisez l&#8217;\u00e9diteur en ligne pour personnaliser l&#8217;impression et passez votre commande. Nous nous occupons du reste, en veillant \u00e0 ce que l&#8217;impression soit r\u00e9alis\u00e9e avec soin et livr\u00e9e rapidement.<\/p>","protected":false},"excerpt":{"rendered":"<ul class=\"check-list\">\n<li>Capturez le moment sp\u00e9cial avec une carte et une photo personnalis\u00e9es, en rep\u00e9rant l&#8217;emplacement exact des souvenirs pr\u00e9cieux<\/li>\n<li>Marquer un endroit sp\u00e9cial avec un symbole choisi<\/li>\n<li>Personnalisez en 3 \u00e9tapes simples<\/li>\n<li>Incluez un texte personnalis\u00e9 significatif<\/li>\n<li>Vois le r\u00e9sultat imm\u00e9diatement \u2013 l\u2019aper\u00e7u interactif te permet de peaufiner chaque d\u00e9tail<\/li>\n<\/ul>\n","protected":false},"featured_media":1465796,"template":"","meta":[],"product_brand":[],"product_cat":[8982,104,7187,5290,8006,7685],"product_tag":[14860],"class_list":{"0":"post-1141361","1":"product","2":"type-product","3":"status-publish","4":"has-post-thumbnail","6":"product_cat-nouveautes","7":"product_cat-tous-les-produits","8":"product_cat-map-fr","9":"product_cat-cadeaux-de-pendaison-de-cremaillere","10":"product_cat-cadeaux-pour-hommes","11":"product_cat-cadeaux-pour-femmes","12":"product_tag-housewarming-fr-2","14":"first","15":"instock","16":"sale","17":"taxable","18":"shipping-taxable","19":"purchasable","20":"product-type-variable"},"yoast_head":"<!-- This site is optimized with the Yoast SEO Premium plugin v27.2 (Yoast SEO v27.2) - https:\/\/yoast.com\/product\/yoast-seo-premium-wordpress\/ -->\n<title>Carte de Nouvelle Maison avec Photo - Positive Prints<\/title>\n<meta name=\"description\" content=\"La Carte de Nouvelle Maison avec Photo est un cadeau de pendaison de cr\u00e9maill\u00e8re unique et attentionn\u00e9. C\u00e9l\u00e9brez leur nouveau voyage et l&#039;endroit qu&#039;ils appellent d\u00e9sormais chez eux.\" \/>\n<meta name=\"robots\" content=\"index, follow, max-snippet:-1, max-image-preview:large, max-video-preview:-1\" \/>\n<link rel=\"canonical\" href=\"https:\/\/positiveprints.com\/fr\/produit\/carte-de-nouvelle-maison-avec-photo\/\" \/>\n<meta property=\"og:locale\" content=\"fr_FR\" \/>\n<meta property=\"og:type\" content=\"article\" \/>\n<meta property=\"og:title\" content=\"Carte de Nouvelle Maison avec Photo\" \/>\n<meta property=\"og:description\" content=\"Capturez le moment sp\u00e9cial avec une carte et une photo personnalis\u00e9es, en rep\u00e9rant l&#039;emplacement exact des souvenirs pr\u00e9cieux Marquer un endroit sp\u00e9cial avec un symbole choisi Personnalisez en 3 \u00e9tapes simples Incluez un texte personnalis\u00e9 significatif Vois le r\u00e9sultat imm\u00e9diatement \u2013 l\u2019aper\u00e7u interactif te permet de peaufiner chaque d\u00e9tail\" \/>\n<meta property=\"og:url\" content=\"https:\/\/positiveprints.com\/fr\/produit\/carte-de-nouvelle-maison-avec-photo\/\" \/>\n<meta property=\"og:site_name\" content=\"Positive Prints\" \/>\n<meta property=\"article:publisher\" content=\"https:\/\/www.facebook.com\/positiveprintscom\" \/>\n<meta property=\"article:modified_time\" content=\"2026-04-28T12:46:59+00:00\" \/>\n<meta property=\"og:image\" content=\"https:\/\/positiveprints.com\/wp-content\/uploads\/2025\/06\/Packshot_FR_Carte-de-Nouvelle-Maison-avec-Photo.webp\" \/>\n\t<meta property=\"og:image:width\" content=\"1450\" \/>\n\t<meta property=\"og:image:height\" content=\"1450\" \/>\n\t<meta property=\"og:image:type\" content=\"image\/webp\" \/>\n<meta name=\"twitter:card\" content=\"summary_large_image\" \/>\n<!-- \/ Yoast SEO Premium plugin. -->","yoast_head_json":{"title":"Carte de Nouvelle Maison avec Photo - Positive Prints","description":"La Carte de Nouvelle Maison avec Photo est un cadeau de pendaison de cr\u00e9maill\u00e8re unique et attentionn\u00e9. C\u00e9l\u00e9brez leur nouveau voyage et l'endroit qu'ils appellent d\u00e9sormais chez eux.","robots":{"index":"index","follow":"follow","max-snippet":"max-snippet:-1","max-image-preview":"max-image-preview:large","max-video-preview":"max-video-preview:-1"},"canonical":"https:\/\/positiveprints.com\/fr\/produit\/carte-de-nouvelle-maison-avec-photo\/","og_locale":"fr_FR","og_type":"article","og_title":"Carte de Nouvelle Maison avec Photo","og_description":"Capturez le moment sp\u00e9cial avec une carte et une photo personnalis\u00e9es, en rep\u00e9rant l'emplacement exact des souvenirs pr\u00e9cieux Marquer un endroit sp\u00e9cial avec un symbole choisi Personnalisez en 3 \u00e9tapes simples Incluez un texte personnalis\u00e9 significatif Vois le r\u00e9sultat imm\u00e9diatement \u2013 l\u2019aper\u00e7u interactif te permet de peaufiner chaque d\u00e9tail","og_url":"https:\/\/positiveprints.com\/fr\/produit\/carte-de-nouvelle-maison-avec-photo\/","og_site_name":"Positive Prints","article_publisher":"https:\/\/www.facebook.com\/positiveprintscom","article_modified_time":"2026-04-28T12:46:59+00:00","og_image":[{"width":1450,"height":1450,"url":"https:\/\/positiveprints.com\/wp-content\/uploads\/2025\/06\/Packshot_FR_Carte-de-Nouvelle-Maison-avec-Photo.webp","type":"image\/webp"}],"twitter_card":"summary_large_image","schema":{"@context":"https:\/\/schema.org","@graph":[{"@type":["WebPage","ItemPage"],"@id":"https:\/\/positiveprints.com\/fr\/produit\/carte-de-nouvelle-maison-avec-photo\/","url":"https:\/\/positiveprints.com\/fr\/produit\/carte-de-nouvelle-maison-avec-photo\/","name":"Carte de Nouvelle Maison avec Photo - Positive Prints","isPartOf":{"@id":"https:\/\/positiveprints.com\/fr\/#website"},"primaryImageOfPage":{"@id":"https:\/\/positiveprints.com\/fr\/produit\/carte-de-nouvelle-maison-avec-photo\/#primaryimage"},"image":{"@id":"https:\/\/positiveprints.com\/fr\/produit\/carte-de-nouvelle-maison-avec-photo\/#primaryimage"},"thumbnailUrl":"https:\/\/positiveprints.com\/wp-content\/uploads\/2025\/06\/Packshot_FR_Carte-de-Nouvelle-Maison-avec-Photo.webp","datePublished":"2024-06-18T10:07:19+00:00","dateModified":"2026-04-28T12:46:59+00:00","description":"La Carte de Nouvelle Maison avec Photo est un cadeau de pendaison de cr\u00e9maill\u00e8re unique et attentionn\u00e9. C\u00e9l\u00e9brez leur nouveau voyage et l'endroit qu'ils appellent d\u00e9sormais chez eux.","breadcrumb":{"@id":"https:\/\/positiveprints.com\/fr\/produit\/carte-de-nouvelle-maison-avec-photo\/#breadcrumb"},"inLanguage":"fr-FR","potentialAction":[{"@type":"ReadAction","target":["https:\/\/positiveprints.com\/fr\/produit\/carte-de-nouvelle-maison-avec-photo\/"]}]},{"@type":"ImageObject","inLanguage":"fr-FR","@id":"https:\/\/positiveprints.com\/fr\/produit\/carte-de-nouvelle-maison-avec-photo\/#primaryimage","url":"https:\/\/positiveprints.com\/wp-content\/uploads\/2025\/06\/Packshot_FR_Carte-de-Nouvelle-Maison-avec-Photo.webp","contentUrl":"https:\/\/positiveprints.com\/wp-content\/uploads\/2025\/06\/Packshot_FR_Carte-de-Nouvelle-Maison-avec-Photo.webp","width":1450,"height":1450},{"@type":"BreadcrumbList","@id":"https:\/\/positiveprints.com\/fr\/produit\/carte-de-nouvelle-maison-avec-photo\/#breadcrumb","itemListElement":[{"@type":"ListItem","position":1,"name":"Home","item":"https:\/\/positiveprints.com\/fr\/"},{"@type":"ListItem","position":2,"name":"Produits","item":"https:\/\/positiveprints.com\/fr\/shop\/"},{"@type":"ListItem","position":3,"name":"Carte de Nouvelle Maison avec Photo"}]},{"@type":"WebSite","@id":"https:\/\/positiveprints.com\/fr\/#website","url":"https:\/\/positiveprints.com\/fr\/","name":"Positive Prints","description":"Amazing Custom Personalized Gifts","publisher":{"@id":"https:\/\/positiveprints.com\/fr\/#organization"},"potentialAction":[{"@type":"SearchAction","target":{"@type":"EntryPoint","urlTemplate":"https:\/\/positiveprints.com\/fr\/?s={search_term_string}"},"query-input":{"@type":"PropertyValueSpecification","valueRequired":true,"valueName":"search_term_string"}}],"inLanguage":"fr-FR"},{"@type":"Organization","@id":"https:\/\/positiveprints.com\/fr\/#organization","name":"Positive Prints","alternateName":"Positive Prints","url":"https:\/\/positiveprints.com\/fr\/","logo":{"@type":"ImageObject","inLanguage":"fr-FR","@id":"https:\/\/positiveprints.com\/fr\/#\/schema\/logo\/image\/","url":"https:\/\/positiveprints.com\/wp-content\/uploads\/2026\/03\/245815646_1337939713319158_5671353136411139666_n.png","contentUrl":"https:\/\/positiveprints.com\/wp-content\/uploads\/2026\/03\/245815646_1337939713319158_5671353136411139666_n.png","width":800,"height":800,"caption":"Positive Prints"},"image":{"@id":"https:\/\/positiveprints.com\/fr\/#\/schema\/logo\/image\/"},"sameAs":["https:\/\/www.facebook.com\/positiveprintscom","https:\/\/www.instagram.com\/positiveprintscom\/","https:\/\/www.tiktok.com\/@positiveprintscom","https:\/\/www.pinterest.com\/positiveprintscom\/"]}]}},"jetpack_sharing_enabled":true,"_links":{"self":[{"href":"https:\/\/positiveprints.com\/fr\/wp-json\/wp\/v2\/product\/1141361","targetHints":{"allow":["GET"]}}],"collection":[{"href":"https:\/\/positiveprints.com\/fr\/wp-json\/wp\/v2\/product"}],"about":[{"href":"https:\/\/positiveprints.com\/fr\/wp-json\/wp\/v2\/types\/product"}],"wp:featuredmedia":[{"embeddable":true,"href":"https:\/\/positiveprints.com\/fr\/wp-json\/wp\/v2\/media\/1465796"}],"wp:attachment":[{"href":"https:\/\/positiveprints.com\/fr\/wp-json\/wp\/v2\/media?parent=1141361"}],"wp:term":[{"taxonomy":"product_brand","embeddable":true,"href":"https:\/\/positiveprints.com\/fr\/wp-json\/wp\/v2\/product_brand?post=1141361"},{"taxonomy":"product_cat","embeddable":true,"href":"https:\/\/positiveprints.com\/fr\/wp-json\/wp\/v2\/product_cat?post=1141361"},{"taxonomy":"product_tag","embeddable":true,"href":"https:\/\/positiveprints.com\/fr\/wp-json\/wp\/v2\/product_tag?post=1141361"}],"curies":[{"name":"wp","href":"https:\/\/api.w.org\/{rel}","templated":true}]}}