{"id":1137694,"date":"2024-06-18T10:49:11","date_gmt":"2024-06-18T09:49:11","guid":{"rendered":"https:\/\/positiveprints.com\/?post_type=product&#038;p=1137694"},"modified":"2026-04-12T20:49:54","modified_gmt":"2026-04-12T19:49:54","slug":"carte-de-fiancailles-avec-photo","status":"publish","type":"product","link":"https:\/\/positiveprints.com\/fr\/produit\/carte-de-fiancailles-avec-photo\/","title":{"rendered":"Carte de Fian\u00e7ailles avec Photo"},"content":{"rendered":"<p>C\u00e9l\u00e9brez l&#8217;endroit o\u00f9 vos amis se sont fianc\u00e9s avec notre Carte de Fian\u00e7ailles avec Photo. Cette impression personnalis\u00e9e met en valeur l&#8217;emplacement exact de leur fian\u00e7ailles, avec une carte d\u00e9taill\u00e9e, un marqueur en forme de c\u0153ur pour indiquer l&#8217;endroit, une photo du couple fianc\u00e9 et un message personnalis\u00e9 sous la carte et la photo.<\/p>\r\n\r\n<h2>Cr\u00e9ez Votre Carte de Fian\u00e7ailles avec Photo<\/h2>\r\n\r\n<p>Notre cr\u00e9ateur en ligne rend la personnalisation simple. Choisissez la forme et les couleurs de la carte, en s\u00e9lectionnant parmi des sch\u00e9mas de couleurs pr\u00e9d\u00e9finis ou en exp\u00e9rimentant avec vos propres choix. Entrez l&#8217;endroit sp\u00e9cial, zoomez pour obtenir la vue parfaite et ajoutez un marqueur en forme de c\u0153ur pour indiquer l&#8217;endroit exact. T\u00e9l\u00e9chargez une belle photo du couple fianc\u00e9 et ajoutez un message significatif comme &#8220;Fian\u00e7ailles&#8221;.<\/p>\r\n\r\n<p>Choisissez parmi une vari\u00e9t\u00e9 de formats : affiche imprim\u00e9e ou encadr\u00e9e, toile ou fichier num\u00e9rique. Peu importe le format, votre carte personnalis\u00e9e sera magnifique et servira de rappel pr\u00e9cieux de leur moment sp\u00e9cial.<\/p>\r\n\r\n<h2>Le Cadeau Parfait pour les Occasions Sp\u00e9ciales<\/h2>\r\n\r\n<p>La Carte de Fian\u00e7ailles avec Photo est un cadeau unique et attentionn\u00e9 pour les fian\u00e7ailles, parfait pour c\u00e9l\u00e9brer la grande \u00e9tape de vos amis. Offrez un cadeau qui capture l&#8217;essence de leur histoire d&#8217;amour et l&#8217;endroit o\u00f9 leur chemin vers le mariage a commenc\u00e9.<\/p>\r\n\r\n<p>Imaginez la joie sur leur visage lorsqu&#8217;ils d\u00e9couvriront cette carte magnifiquement r\u00e9alis\u00e9e, marquant l&#8217;endroit o\u00f9 leurs fian\u00e7ailles ont eu lieu. La photo ajout\u00e9e et le message personnel rendent ce cadeau vraiment unique, montrant \u00e0 quel point vous appr\u00e9ciez leur moment sp\u00e9cial. Que ce soit pour une f\u00eate de fian\u00e7ailles ou simplement pour c\u00e9l\u00e9brer leur amour, ce cadeau \u00e9voquera des \u00e9motions sinc\u00e8res et deviendra un souvenir pr\u00e9cieux.<\/p>\r\n\r\n<h2>Pourquoi Choisir Notre Carte de Fian\u00e7ailles avec Photo ?<\/h2>\r\n\r\n<p>Cr\u00e9er leur carte est rapide et facile. Visitez notre site web, utilisez l&#8217;\u00e9diteur en ligne pour personnaliser l&#8217;impression et passez votre commande. Nous nous occupons du reste, en veillant \u00e0 ce que l&#8217;impression soit r\u00e9alis\u00e9e avec soin et livr\u00e9e rapidement.<\/p>","protected":false},"excerpt":{"rendered":"<ul class=\"check-list\">\n<li>Marquer un endroit sp\u00e9cial avec un symbole choisi<\/li>\n<li>Personnalisez en 3 \u00e9tapes simples<\/li>\n<li>Incluez un texte personnalis\u00e9 significatif<\/li>\n<li>Vois le r\u00e9sultat imm\u00e9diatement \u2013 l\u2019aper\u00e7u interactif te permet de peaufiner chaque d\u00e9tail<\/li>\n<\/ul>\n","protected":false},"featured_media":1213444,"template":"","meta":[],"product_brand":[],"product_cat":[104,7187,5276],"product_tag":[17670,8432],"class_list":{"0":"post-1137694","1":"product","2":"type-product","3":"status-publish","4":"has-post-thumbnail","6":"product_cat-tous-les-produits","7":"product_cat-map-fr","8":"product_cat-cadeaux-de-fiancailles-idees-cadeaux","9":"product_tag-engagement-fr","10":"product_tag-fiancailles","12":"first","13":"instock","14":"sale","15":"taxable","16":"shipping-taxable","17":"purchasable","18":"product-type-variable"},"yoast_head":"<!-- This site is optimized with the Yoast SEO Premium plugin v27.2 (Yoast SEO v27.2) - https:\/\/yoast.com\/product\/yoast-seo-premium-wordpress\/ -->\n<title>Carte de Fian\u00e7ailles avec Photo - Positive Prints<\/title>\n<meta name=\"description\" content=\"La Carte de Fian\u00e7ailles avec Photo est un cadeau unique et attentionn\u00e9 pour les fian\u00e7ailles, parfait pour c\u00e9l\u00e9brer l&#039;\u00e9tape sp\u00e9ciale de vos amis.\" \/>\n<meta name=\"robots\" content=\"index, follow, max-snippet:-1, max-image-preview:large, max-video-preview:-1\" \/>\n<link rel=\"canonical\" href=\"https:\/\/positiveprints.com\/fr\/produit\/carte-de-fiancailles-avec-photo\/\" \/>\n<meta property=\"og:locale\" content=\"fr_FR\" \/>\n<meta property=\"og:type\" content=\"article\" \/>\n<meta property=\"og:title\" content=\"Carte de Fian\u00e7ailles avec Photo\" \/>\n<meta property=\"og:description\" content=\"Marquer un endroit sp\u00e9cial avec un symbole choisi  Personnalisez en 3 \u00e9tapes simples  Incluez un texte personnalis\u00e9 significatif  Vois le r\u00e9sultat imm\u00e9diatement \u2013 l\u2019aper\u00e7u interactif te permet de peaufiner chaque d\u00e9tail\" \/>\n<meta property=\"og:url\" content=\"https:\/\/positiveprints.com\/fr\/produit\/carte-de-fiancailles-avec-photo\/\" \/>\n<meta property=\"og:site_name\" content=\"Positive Prints\" \/>\n<meta property=\"article:publisher\" content=\"https:\/\/www.facebook.com\/positiveprintscom\" \/>\n<meta property=\"article:modified_time\" content=\"2026-04-12T19:49:54+00:00\" \/>\n<meta property=\"og:image\" content=\"https:\/\/positiveprints.com\/wp-content\/uploads\/2024\/10\/Packshot_FR_engagement-map-with-photo-product-image.webp\" \/>\n\t<meta property=\"og:image:width\" content=\"1450\" \/>\n\t<meta property=\"og:image:height\" content=\"1450\" \/>\n\t<meta property=\"og:image:type\" content=\"image\/webp\" \/>\n<meta name=\"twitter:card\" content=\"summary_large_image\" \/>\n<meta name=\"twitter:label1\" content=\"Dur\u00e9e de lecture estim\u00e9e\" \/>\n\t<meta name=\"twitter:data1\" content=\"2 minutes\" \/>\n<!-- \/ Yoast SEO Premium plugin. -->","yoast_head_json":{"title":"Carte de Fian\u00e7ailles avec Photo - Positive Prints","description":"La Carte de Fian\u00e7ailles avec Photo est un cadeau unique et attentionn\u00e9 pour les fian\u00e7ailles, parfait pour c\u00e9l\u00e9brer l'\u00e9tape sp\u00e9ciale de vos amis.","robots":{"index":"index","follow":"follow","max-snippet":"max-snippet:-1","max-image-preview":"max-image-preview:large","max-video-preview":"max-video-preview:-1"},"canonical":"https:\/\/positiveprints.com\/fr\/produit\/carte-de-fiancailles-avec-photo\/","og_locale":"fr_FR","og_type":"article","og_title":"Carte de Fian\u00e7ailles avec Photo","og_description":"Marquer un endroit sp\u00e9cial avec un symbole choisi  Personnalisez en 3 \u00e9tapes simples  Incluez un texte personnalis\u00e9 significatif  Vois le r\u00e9sultat imm\u00e9diatement \u2013 l\u2019aper\u00e7u interactif te permet de peaufiner chaque d\u00e9tail","og_url":"https:\/\/positiveprints.com\/fr\/produit\/carte-de-fiancailles-avec-photo\/","og_site_name":"Positive Prints","article_publisher":"https:\/\/www.facebook.com\/positiveprintscom","article_modified_time":"2026-04-12T19:49:54+00:00","og_image":[{"width":1450,"height":1450,"url":"https:\/\/positiveprints.com\/wp-content\/uploads\/2024\/10\/Packshot_FR_engagement-map-with-photo-product-image.webp","type":"image\/webp"}],"twitter_card":"summary_large_image","twitter_misc":{"Dur\u00e9e de lecture estim\u00e9e":"2 minutes"},"schema":{"@context":"https:\/\/schema.org","@graph":[{"@type":["WebPage","ItemPage"],"@id":"https:\/\/positiveprints.com\/fr\/produit\/carte-de-fiancailles-avec-photo\/","url":"https:\/\/positiveprints.com\/fr\/produit\/carte-de-fiancailles-avec-photo\/","name":"Carte de Fian\u00e7ailles avec Photo - Positive Prints","isPartOf":{"@id":"https:\/\/positiveprints.com\/fr\/#website"},"primaryImageOfPage":{"@id":"https:\/\/positiveprints.com\/fr\/produit\/carte-de-fiancailles-avec-photo\/#primaryimage"},"image":{"@id":"https:\/\/positiveprints.com\/fr\/produit\/carte-de-fiancailles-avec-photo\/#primaryimage"},"thumbnailUrl":"https:\/\/positiveprints.com\/wp-content\/uploads\/2024\/10\/Packshot_FR_engagement-map-with-photo-product-image.webp","datePublished":"2024-06-18T09:49:11+00:00","dateModified":"2026-04-12T19:49:54+00:00","description":"La Carte de Fian\u00e7ailles avec Photo est un cadeau unique et attentionn\u00e9 pour les fian\u00e7ailles, parfait pour c\u00e9l\u00e9brer l'\u00e9tape sp\u00e9ciale de vos amis.","breadcrumb":{"@id":"https:\/\/positiveprints.com\/fr\/produit\/carte-de-fiancailles-avec-photo\/#breadcrumb"},"inLanguage":"fr-FR","potentialAction":[{"@type":"ReadAction","target":["https:\/\/positiveprints.com\/fr\/produit\/carte-de-fiancailles-avec-photo\/"]}]},{"@type":"ImageObject","inLanguage":"fr-FR","@id":"https:\/\/positiveprints.com\/fr\/produit\/carte-de-fiancailles-avec-photo\/#primaryimage","url":"https:\/\/positiveprints.com\/wp-content\/uploads\/2024\/10\/Packshot_FR_engagement-map-with-photo-product-image.webp","contentUrl":"https:\/\/positiveprints.com\/wp-content\/uploads\/2024\/10\/Packshot_FR_engagement-map-with-photo-product-image.webp","width":1450,"height":1450},{"@type":"BreadcrumbList","@id":"https:\/\/positiveprints.com\/fr\/produit\/carte-de-fiancailles-avec-photo\/#breadcrumb","itemListElement":[{"@type":"ListItem","position":1,"name":"Home","item":"https:\/\/positiveprints.com\/fr\/"},{"@type":"ListItem","position":2,"name":"Produits","item":"https:\/\/positiveprints.com\/fr\/shop\/"},{"@type":"ListItem","position":3,"name":"Carte de Fian\u00e7ailles avec Photo"}]},{"@type":"WebSite","@id":"https:\/\/positiveprints.com\/fr\/#website","url":"https:\/\/positiveprints.com\/fr\/","name":"Positive Prints","description":"Amazing Custom Personalized Gifts","publisher":{"@id":"https:\/\/positiveprints.com\/fr\/#organization"},"potentialAction":[{"@type":"SearchAction","target":{"@type":"EntryPoint","urlTemplate":"https:\/\/positiveprints.com\/fr\/?s={search_term_string}"},"query-input":{"@type":"PropertyValueSpecification","valueRequired":true,"valueName":"search_term_string"}}],"inLanguage":"fr-FR"},{"@type":"Organization","@id":"https:\/\/positiveprints.com\/fr\/#organization","name":"Positive Prints","alternateName":"Positive Prints","url":"https:\/\/positiveprints.com\/fr\/","logo":{"@type":"ImageObject","inLanguage":"fr-FR","@id":"https:\/\/positiveprints.com\/fr\/#\/schema\/logo\/image\/","url":"https:\/\/positiveprints.com\/wp-content\/uploads\/2026\/03\/245815646_1337939713319158_5671353136411139666_n.png","contentUrl":"https:\/\/positiveprints.com\/wp-content\/uploads\/2026\/03\/245815646_1337939713319158_5671353136411139666_n.png","width":800,"height":800,"caption":"Positive Prints"},"image":{"@id":"https:\/\/positiveprints.com\/fr\/#\/schema\/logo\/image\/"},"sameAs":["https:\/\/www.facebook.com\/positiveprintscom","https:\/\/www.instagram.com\/positiveprintscom\/","https:\/\/www.tiktok.com\/@positiveprintscom","https:\/\/www.pinterest.com\/positiveprintscom\/"]}]}},"jetpack_sharing_enabled":true,"_links":{"self":[{"href":"https:\/\/positiveprints.com\/fr\/wp-json\/wp\/v2\/product\/1137694","targetHints":{"allow":["GET"]}}],"collection":[{"href":"https:\/\/positiveprints.com\/fr\/wp-json\/wp\/v2\/product"}],"about":[{"href":"https:\/\/positiveprints.com\/fr\/wp-json\/wp\/v2\/types\/product"}],"wp:featuredmedia":[{"embeddable":true,"href":"https:\/\/positiveprints.com\/fr\/wp-json\/wp\/v2\/media\/1213444"}],"wp:attachment":[{"href":"https:\/\/positiveprints.com\/fr\/wp-json\/wp\/v2\/media?parent=1137694"}],"wp:term":[{"taxonomy":"product_brand","embeddable":true,"href":"https:\/\/positiveprints.com\/fr\/wp-json\/wp\/v2\/product_brand?post=1137694"},{"taxonomy":"product_cat","embeddable":true,"href":"https:\/\/positiveprints.com\/fr\/wp-json\/wp\/v2\/product_cat?post=1137694"},{"taxonomy":"product_tag","embeddable":true,"href":"https:\/\/positiveprints.com\/fr\/wp-json\/wp\/v2\/product_tag?post=1137694"}],"curies":[{"name":"wp","href":"https:\/\/api.w.org\/{rel}","templated":true}]}}