{"id":1137688,"date":"2024-06-18T10:34:58","date_gmt":"2024-06-28T13:31:13","guid":{"rendered":"https:\/\/positiveprints.com\/?post_type=product&#038;p=1137688"},"modified":"2026-04-23T10:59:51","modified_gmt":"2026-04-23T09:59:51","slug":"carte-avec-photo-de-notre-premier-rendez-vous","status":"publish","type":"product","link":"https:\/\/positiveprints.com\/fr\/produit\/carte-avec-photo-de-notre-premier-rendez-vous\/","title":{"rendered":"Carte avec Photo de notre Premier Rendez-vous"},"content":{"rendered":"<p>C\u00e9l\u00e9brez l&#8217;endroit o\u00f9 votre histoire d&#8217;amour a commenc\u00e9 avec notre Carte avec Photo de notre Premier Rendez-vous. Cette impression personnalis\u00e9e capture l&#8217;emplacement exact de votre premier rendez-vous, avec une carte d\u00e9taill\u00e9e, un marqueur en forme de c\u0153ur pour indiquer l&#8217;endroit, votre photo et un message personnalis\u00e9 sous la carte et la photo.<\/p>\r\n\r\n<h2>Cr\u00e9ez Votre Carte avec Photo de notre Premier Rendez-vous<\/h2>\r\n\r\n<p>Notre cr\u00e9ateur en ligne rend la personnalisation facile. Choisissez la forme et les couleurs de la carte, en s\u00e9lectionnant parmi des sch\u00e9mas de couleurs pr\u00e9d\u00e9finis ou en exp\u00e9rimentant avec vos propres choix de couleurs. Entrez l&#8217;endroit sp\u00e9cial, zoomez pour obtenir la vue parfaite et ajoutez un marqueur en forme de c\u0153ur pour indiquer l&#8217;endroit exact. T\u00e9l\u00e9chargez votre photo pr\u00e9f\u00e9r\u00e9e et ajoutez un message significatif comme &#8220;Notre Premier Rendez-vous&#8221;.<\/p>\r\n\r\n<p>Choisissez parmi une vari\u00e9t\u00e9 de formats : affiche imprim\u00e9e ou encadr\u00e9e, toile ou fichier num\u00e9rique. Peu importe le format, votre carte personnalis\u00e9e sera magnifique et servira de rappel pr\u00e9cieux de votre lieu sp\u00e9cial.<\/p>\r\n\r\n<h2>Le Cadeau Parfait pour les Occasions Sp\u00e9ciales<\/h2>\r\n\r\n<p>La Carte avec Photo de notre Premier Rendez-vous est un cadeau unique et attentionn\u00e9 pour les anniversaires, les anniversaires, la Saint-Valentin, les mariages ou toute occasion sp\u00e9ciale. C\u00e9l\u00e9brez votre parcours ensemble en offrant un cadeau qui capture l&#8217;essence de votre relation.<\/p>\r\n\r\n<p>Imaginez la joie sur le visage de votre \u00eatre cher lorsqu&#8217;il d\u00e9couvrira cette carte magnifiquement r\u00e9alis\u00e9e, marquant l&#8217;endroit o\u00f9 votre premier rendez-vous a eu lieu. La photo ajout\u00e9e et le message personnel rendent ce cadeau vraiment unique, montrant \u00e0 quel point vous ch\u00e9rissez vos souvenirs partag\u00e9s. Que ce soit pour votre partenaire, vos parents, vos amis ou vos fr\u00e8res et s\u0153urs, ce cadeau \u00e9voquera des \u00e9motions sinc\u00e8res et deviendra un souvenir pr\u00e9cieux.<\/p>\r\n\r\n<h2>Pourquoi Choisir Notre Carte avec Photo de notre Premier Rendez-vous ?<\/h2>\r\n\r\n<p>Cr\u00e9er votre carte est rapide et facile. Visitez notre site web, utilisez l&#8217;\u00e9diteur en ligne pour personnaliser votre impression et passez votre commande. Nous nous occupons du reste, en veillant \u00e0 ce que votre impression soit r\u00e9alis\u00e9e avec soin et livr\u00e9e rapidement.<\/p>","protected":false},"excerpt":{"rendered":"<ul class=\"check-list\">\n<li>Capturez le moment sp\u00e9cial avec une carte et une photo personnalis\u00e9es, en rep\u00e9rant l&#8217;emplacement exact des souvenirs pr\u00e9cieux<\/li>\n<li>Marquer un endroit sp\u00e9cial avec un symbole choisi<\/li>\n<li>Personnalisez en 3 \u00e9tapes simples<\/li>\n<li>Incluez un texte personnalis\u00e9 significatif<\/li>\n<li>Vois le r\u00e9sultat imm\u00e9diatement \u2013 l\u2019aper\u00e7u interactif te permet de peaufiner chaque d\u00e9tail<\/li>\n<\/ul>\n","protected":false},"featured_media":1462044,"template":"","meta":[],"product_brand":[],"product_cat":[7187,7685,8006,104],"product_tag":[8371,14849],"class_list":{"0":"post-1137688","1":"product","2":"type-product","3":"status-publish","4":"has-post-thumbnail","6":"product_cat-map-fr","7":"product_cat-cadeaux-pour-femmes","8":"product_cat-cadeaux-pour-hommes","9":"product_cat-tous-les-produits","10":"product_tag-anniversaire","11":"product_tag-anniversary-fr","13":"first","14":"instock","15":"sale","16":"taxable","17":"shipping-taxable","18":"purchasable","19":"product-type-variable"},"yoast_head":"<!-- This site is optimized with the Yoast SEO Premium plugin v27.2 (Yoast SEO v27.2) - https:\/\/yoast.com\/product\/yoast-seo-premium-wordpress\/ -->\n<title>Carte avec Photo de notre Premier Rendez-vous - Positive Prints<\/title>\n<meta name=\"description\" content=\"La Carte avec Photo de notre Premier Rendez-vous est un cadeau unique et attentionn\u00e9 pour les anniversaires, les anniversaires de naissance, la Saint-Valentin, les mariages ou toute autre occasion sp\u00e9ciale.\" \/>\n<meta name=\"robots\" content=\"index, follow, max-snippet:-1, max-image-preview:large, max-video-preview:-1\" \/>\n<link rel=\"canonical\" href=\"https:\/\/positiveprints.com\/fr\/produit\/carte-avec-photo-de-notre-premier-rendez-vous\/\" \/>\n<meta property=\"og:locale\" content=\"fr_FR\" \/>\n<meta property=\"og:type\" content=\"article\" \/>\n<meta property=\"og:title\" content=\"Carte avec Photo de notre Premier Rendez-vous\" \/>\n<meta property=\"og:description\" content=\"Capturez le moment sp\u00e9cial avec une carte et une photo personnalis\u00e9es, en rep\u00e9rant l&#039;emplacement exact des souvenirs pr\u00e9cieux Marquer un endroit sp\u00e9cial avec un symbole choisi Personnalisez en 3 \u00e9tapes simples Incluez un texte personnalis\u00e9 significatif Vois le r\u00e9sultat imm\u00e9diatement \u2013 l\u2019aper\u00e7u interactif te permet de peaufiner chaque d\u00e9tail\" \/>\n<meta property=\"og:url\" content=\"https:\/\/positiveprints.com\/fr\/produit\/carte-avec-photo-de-notre-premier-rendez-vous\/\" \/>\n<meta property=\"og:site_name\" content=\"Positive Prints\" \/>\n<meta property=\"article:publisher\" content=\"https:\/\/www.facebook.com\/positiveprintscom\" \/>\n<meta property=\"article:modified_time\" content=\"2026-04-23T09:59:51+00:00\" \/>\n<meta property=\"og:image\" content=\"https:\/\/positiveprints.com\/wp-content\/uploads\/2025\/06\/Packshot_FR_Carte-avec-Photo-de-notre-Premier-Rendez-vous.webp\" \/>\n\t<meta property=\"og:image:width\" content=\"1450\" \/>\n\t<meta property=\"og:image:height\" content=\"1450\" \/>\n\t<meta property=\"og:image:type\" content=\"image\/webp\" \/>\n<meta name=\"twitter:card\" content=\"summary_large_image\" \/>\n<!-- \/ Yoast SEO Premium plugin. -->","yoast_head_json":{"title":"Carte avec Photo de notre Premier Rendez-vous - Positive Prints","description":"La Carte avec Photo de notre Premier Rendez-vous est un cadeau unique et attentionn\u00e9 pour les anniversaires, les anniversaires de naissance, la Saint-Valentin, les mariages ou toute autre occasion sp\u00e9ciale.","robots":{"index":"index","follow":"follow","max-snippet":"max-snippet:-1","max-image-preview":"max-image-preview:large","max-video-preview":"max-video-preview:-1"},"canonical":"https:\/\/positiveprints.com\/fr\/produit\/carte-avec-photo-de-notre-premier-rendez-vous\/","og_locale":"fr_FR","og_type":"article","og_title":"Carte avec Photo de notre Premier Rendez-vous","og_description":"Capturez le moment sp\u00e9cial avec une carte et une photo personnalis\u00e9es, en rep\u00e9rant l'emplacement exact des souvenirs pr\u00e9cieux Marquer un endroit sp\u00e9cial avec un symbole choisi Personnalisez en 3 \u00e9tapes simples Incluez un texte personnalis\u00e9 significatif Vois le r\u00e9sultat imm\u00e9diatement \u2013 l\u2019aper\u00e7u interactif te permet de peaufiner chaque d\u00e9tail","og_url":"https:\/\/positiveprints.com\/fr\/produit\/carte-avec-photo-de-notre-premier-rendez-vous\/","og_site_name":"Positive Prints","article_publisher":"https:\/\/www.facebook.com\/positiveprintscom","article_modified_time":"2026-04-23T09:59:51+00:00","og_image":[{"width":1450,"height":1450,"url":"https:\/\/positiveprints.com\/wp-content\/uploads\/2025\/06\/Packshot_FR_Carte-avec-Photo-de-notre-Premier-Rendez-vous.webp","type":"image\/webp"}],"twitter_card":"summary_large_image","schema":{"@context":"https:\/\/schema.org","@graph":[{"@type":["WebPage","ItemPage"],"@id":"https:\/\/positiveprints.com\/fr\/produit\/carte-avec-photo-de-notre-premier-rendez-vous\/","url":"https:\/\/positiveprints.com\/fr\/produit\/carte-avec-photo-de-notre-premier-rendez-vous\/","name":"Carte avec Photo de notre Premier Rendez-vous - Positive Prints","isPartOf":{"@id":"https:\/\/positiveprints.com\/fr\/#website"},"primaryImageOfPage":{"@id":"https:\/\/positiveprints.com\/fr\/produit\/carte-avec-photo-de-notre-premier-rendez-vous\/#primaryimage"},"image":{"@id":"https:\/\/positiveprints.com\/fr\/produit\/carte-avec-photo-de-notre-premier-rendez-vous\/#primaryimage"},"thumbnailUrl":"https:\/\/positiveprints.com\/wp-content\/uploads\/2025\/06\/Packshot_FR_Carte-avec-Photo-de-notre-Premier-Rendez-vous.webp","datePublished":"2024-06-28T13:31:13+00:00","dateModified":"2026-04-23T09:59:51+00:00","description":"La Carte avec Photo de notre Premier Rendez-vous est un cadeau unique et attentionn\u00e9 pour les anniversaires, les anniversaires de naissance, la Saint-Valentin, les mariages ou toute autre occasion sp\u00e9ciale.","breadcrumb":{"@id":"https:\/\/positiveprints.com\/fr\/produit\/carte-avec-photo-de-notre-premier-rendez-vous\/#breadcrumb"},"inLanguage":"fr-FR","potentialAction":[{"@type":"ReadAction","target":["https:\/\/positiveprints.com\/fr\/produit\/carte-avec-photo-de-notre-premier-rendez-vous\/"]}]},{"@type":"ImageObject","inLanguage":"fr-FR","@id":"https:\/\/positiveprints.com\/fr\/produit\/carte-avec-photo-de-notre-premier-rendez-vous\/#primaryimage","url":"https:\/\/positiveprints.com\/wp-content\/uploads\/2025\/06\/Packshot_FR_Carte-avec-Photo-de-notre-Premier-Rendez-vous.webp","contentUrl":"https:\/\/positiveprints.com\/wp-content\/uploads\/2025\/06\/Packshot_FR_Carte-avec-Photo-de-notre-Premier-Rendez-vous.webp","width":1450,"height":1450},{"@type":"BreadcrumbList","@id":"https:\/\/positiveprints.com\/fr\/produit\/carte-avec-photo-de-notre-premier-rendez-vous\/#breadcrumb","itemListElement":[{"@type":"ListItem","position":1,"name":"Home","item":"https:\/\/positiveprints.com\/fr\/"},{"@type":"ListItem","position":2,"name":"Produits","item":"https:\/\/positiveprints.com\/fr\/shop\/"},{"@type":"ListItem","position":3,"name":"Carte avec Photo de notre Premier Rendez-vous"}]},{"@type":"WebSite","@id":"https:\/\/positiveprints.com\/fr\/#website","url":"https:\/\/positiveprints.com\/fr\/","name":"Positive Prints","description":"Amazing Custom Personalized Gifts","publisher":{"@id":"https:\/\/positiveprints.com\/fr\/#organization"},"potentialAction":[{"@type":"SearchAction","target":{"@type":"EntryPoint","urlTemplate":"https:\/\/positiveprints.com\/fr\/?s={search_term_string}"},"query-input":{"@type":"PropertyValueSpecification","valueRequired":true,"valueName":"search_term_string"}}],"inLanguage":"fr-FR"},{"@type":"Organization","@id":"https:\/\/positiveprints.com\/fr\/#organization","name":"Positive Prints","alternateName":"Positive Prints","url":"https:\/\/positiveprints.com\/fr\/","logo":{"@type":"ImageObject","inLanguage":"fr-FR","@id":"https:\/\/positiveprints.com\/fr\/#\/schema\/logo\/image\/","url":"https:\/\/positiveprints.com\/wp-content\/uploads\/2026\/03\/245815646_1337939713319158_5671353136411139666_n.png","contentUrl":"https:\/\/positiveprints.com\/wp-content\/uploads\/2026\/03\/245815646_1337939713319158_5671353136411139666_n.png","width":800,"height":800,"caption":"Positive Prints"},"image":{"@id":"https:\/\/positiveprints.com\/fr\/#\/schema\/logo\/image\/"},"sameAs":["https:\/\/www.facebook.com\/positiveprintscom","https:\/\/www.instagram.com\/positiveprintscom\/","https:\/\/www.tiktok.com\/@positiveprintscom","https:\/\/www.pinterest.com\/positiveprintscom\/"]}]}},"jetpack_sharing_enabled":true,"_links":{"self":[{"href":"https:\/\/positiveprints.com\/fr\/wp-json\/wp\/v2\/product\/1137688","targetHints":{"allow":["GET"]}}],"collection":[{"href":"https:\/\/positiveprints.com\/fr\/wp-json\/wp\/v2\/product"}],"about":[{"href":"https:\/\/positiveprints.com\/fr\/wp-json\/wp\/v2\/types\/product"}],"wp:featuredmedia":[{"embeddable":true,"href":"https:\/\/positiveprints.com\/fr\/wp-json\/wp\/v2\/media\/1462044"}],"wp:attachment":[{"href":"https:\/\/positiveprints.com\/fr\/wp-json\/wp\/v2\/media?parent=1137688"}],"wp:term":[{"taxonomy":"product_brand","embeddable":true,"href":"https:\/\/positiveprints.com\/fr\/wp-json\/wp\/v2\/product_brand?post=1137688"},{"taxonomy":"product_cat","embeddable":true,"href":"https:\/\/positiveprints.com\/fr\/wp-json\/wp\/v2\/product_cat?post=1137688"},{"taxonomy":"product_tag","embeddable":true,"href":"https:\/\/positiveprints.com\/fr\/wp-json\/wp\/v2\/product_tag?post=1137688"}],"curies":[{"name":"wp","href":"https:\/\/api.w.org\/{rel}","templated":true}]}}