{"id":1137663,"date":"2024-06-18T10:10:04","date_gmt":"2024-06-18T09:10:04","guid":{"rendered":"https:\/\/positiveprints.com\/?post_type=product&#038;p=1137663"},"modified":"2026-04-28T13:47:40","modified_gmt":"2026-04-28T12:47:40","slug":"carte-rencontre-avec-photo","status":"publish","type":"product","link":"https:\/\/positiveprints.com\/fr\/produit\/carte-rencontre-avec-photo\/","title":{"rendered":"Carte Lieu de Rencontre avec Photo"},"content":{"rendered":"<p>Capturez la magie de l&#8217;endroit o\u00f9 votre histoire d&#8217;amour a commenc\u00e9 avec notre Carte Lieu de Rencontre avec Photo. Cette impression personnalis\u00e9e met en valeur l&#8217;endroit exact o\u00f9 vous et votre bien-aim\u00e9 vous \u00eates rencontr\u00e9s pour la premi\u00e8re fois, avec une carte d\u00e9taill\u00e9e, un marqueur en forme de c\u0153ur pour indiquer l&#8217;endroit, votre photo et un message personnalis\u00e9 sous la carte et la photo.<\/p>\r\n\r\n<h2>Cr\u00e9ez votre Carte Lieu de Rencontre avec Photo<\/h2>\r\n\r\n<p>Notre cr\u00e9ateur en ligne rend la personnalisation simple. Choisissez la forme et les couleurs de la carte, en s\u00e9lectionnant parmi des sch\u00e9mas de couleurs pr\u00e9d\u00e9finis ou en jouant vous-m\u00eame avec les couleurs. Entrez l&#8217;emplacement, zoomez et d\u00e9zoomez pour obtenir la vue parfaite et ajoutez un marqueur en forme de c\u0153ur pour indiquer l&#8217;endroit exact. T\u00e9l\u00e9chargez votre photo pr\u00e9f\u00e9r\u00e9e et ajoutez un message significatif comme &#8220;O\u00f9 nous nous sommes rencontr\u00e9s&#8221;.<\/p>\r\n\r\n<p>S\u00e9lectionnez parmi une vari\u00e9t\u00e9 de formats : affiche imprim\u00e9e ou encadr\u00e9e, toile ou fichier num\u00e9rique. Quel que soit le format, votre carte personnalis\u00e9e sera magnifique et servira de pr\u00e9cieux souvenir de votre endroit sp\u00e9cial.<\/p>\r\n\r\n<h2>Cadeau parfait pour des occasions sp\u00e9ciales<\/h2>\r\n\r\n<p>La Carte Lieu de Rencontre avec Photo est un cadeau unique et attentionn\u00e9 pour les anniversaires, les anniversaires de naissance, la Saint-Valentin, les mariages ou toute autre occasion sp\u00e9ciale. C\u00e9l\u00e9brez votre parcours ensemble en offrant un cadeau qui capture l&#8217;essence de votre relation.<\/p>\r\n\r\n<p>Imaginez la joie sur le visage de votre partenaire lorsqu&#8217;il verra cette magnifique carte, marquant l&#8217;endroit o\u00f9 votre histoire a commenc\u00e9. La photo ajout\u00e9e et le message personnel rendent ce cadeau vraiment unique, montrant combien vous appr\u00e9ciez vos souvenirs partag\u00e9s. Que ce soit pour votre partenaire, vos parents, vos amis ou vos fr\u00e8res et s\u0153urs, ce cadeau \u00e9voquera des \u00e9motions sinc\u00e8res et deviendra un pr\u00e9cieux souvenir.<\/p>\r\n\r\n<h2>Pourquoi choisir notre Carte Lieu de Rencontre avec Photo?<\/h2>\r\n\r\n<p>Cr\u00e9er votre carte est rapide et facile. Visitez notre site web, utilisez l&#8217;\u00e9diteur en ligne pour personnaliser votre impression et passez votre commande. Nous nous occupons du reste, en veillant \u00e0 ce que votre impression soit r\u00e9alis\u00e9e avec soin et livr\u00e9e rapidement.<\/p>","protected":false},"excerpt":{"rendered":"<ul class=\"check-list\">\n<li>Marquez un endroit sp\u00e9cial avec un symbole choisi<\/li>\n<li>Personnalisez en 3 \u00e9tapes simples<\/li>\n<li>Incluez un texte personnalis\u00e9 significatif<\/li>\n<li>Visualisez le r\u00e9sultat imm\u00e9diatement &#8211; l\u2019aper\u00e7u interactif te permet de peaufiner chaque d\u00e9tail<\/li>\n<\/ul>\n","protected":false},"featured_media":1214088,"template":"","meta":[],"product_brand":[],"product_cat":[3127,11211,11212,11175,11176,11177,5328,7187,7797,8194,7749,7685,8006,7638,7670,7781,104],"product_tag":[14849],"class_list":{"0":"post-1137663","1":"product","2":"type-product","3":"status-publish","4":"has-post-thumbnail","6":"product_cat-cadeaux-danniversaire","7":"product_cat-cadeau-anniversaire-femme","8":"product_cat-cadeau-anniversaire-homme","9":"product_cat-cadeaux-danniversaire-pour-femme","10":"product_cat-cadeaux-danniversaire-pour-homme","11":"product_cat-cadeaux-danniversaire-pour-couples","12":"product_cat-cadeaux-de-commemorations","13":"product_cat-map-fr","14":"product_cat-cadeaux-pour-couple","15":"product_cat-pour-elle","16":"product_cat-cadeaux-pour-epouse","17":"product_cat-cadeaux-pour-femmes","18":"product_cat-cadeaux-pour-hommes","19":"product_cat-cadeaux-pour-mari","20":"product_cat-cadeaux-pour-petit-ami","21":"product_cat-cadeaux-pour-petite-amie","22":"product_cat-tous-les-produits","23":"product_tag-anniversary-fr","25":"first","26":"instock","27":"sale","28":"taxable","29":"shipping-taxable","30":"purchasable","31":"product-type-variable"},"yoast_head":"<!-- This site is optimized with the Yoast SEO Premium plugin v27.2 (Yoast SEO v27.2) - https:\/\/yoast.com\/product\/yoast-seo-premium-wordpress\/ -->\n<title>Carte Lieu de Rencontre avec Photo - Positive Prints<\/title>\n<meta name=\"description\" content=\"Cr\u00e9ez une carte personnalis\u00e9e avec la photo de votre lieu de rencontre, un cadeau romantique id\u00e9al pour les couples, les anniversaires ou la Saint-Valentin.\" \/>\n<meta name=\"robots\" content=\"index, follow, max-snippet:-1, max-image-preview:large, max-video-preview:-1\" \/>\n<link rel=\"canonical\" href=\"https:\/\/positiveprints.com\/fr\/produit\/carte-rencontre-avec-photo\/\" \/>\n<meta property=\"og:locale\" content=\"fr_FR\" \/>\n<meta property=\"og:type\" content=\"article\" \/>\n<meta property=\"og:title\" content=\"Carte Lieu de Rencontre avec Photo\" \/>\n<meta property=\"og:description\" content=\"Marquez un endroit sp\u00e9cial avec un symbole choisi  Personnalisez en 3 \u00e9tapes simples  Incluez un texte personnalis\u00e9 significatif  Visualisez le r\u00e9sultat imm\u00e9diatement - l\u2019aper\u00e7u interactif te permet de peaufiner chaque d\u00e9tail\" \/>\n<meta property=\"og:url\" content=\"https:\/\/positiveprints.com\/fr\/produit\/carte-rencontre-avec-photo\/\" \/>\n<meta property=\"og:site_name\" content=\"Positive Prints\" \/>\n<meta property=\"article:publisher\" content=\"https:\/\/www.facebook.com\/positiveprintscom\" \/>\n<meta property=\"article:modified_time\" content=\"2026-04-28T12:47:40+00:00\" \/>\n<meta property=\"og:image\" content=\"https:\/\/positiveprints.com\/wp-content\/uploads\/2024\/10\/Packshot_FR_where-we-met-map-with-photo-product-image.webp\" \/>\n\t<meta property=\"og:image:width\" content=\"1450\" \/>\n\t<meta property=\"og:image:height\" content=\"1450\" \/>\n\t<meta property=\"og:image:type\" content=\"image\/webp\" \/>\n<meta name=\"twitter:card\" content=\"summary_large_image\" \/>\n<!-- \/ Yoast SEO Premium plugin. -->","yoast_head_json":{"title":"Carte Lieu de Rencontre avec Photo - Positive Prints","description":"Cr\u00e9ez une carte personnalis\u00e9e avec la photo de votre lieu de rencontre, un cadeau romantique id\u00e9al pour les couples, les anniversaires ou la Saint-Valentin.","robots":{"index":"index","follow":"follow","max-snippet":"max-snippet:-1","max-image-preview":"max-image-preview:large","max-video-preview":"max-video-preview:-1"},"canonical":"https:\/\/positiveprints.com\/fr\/produit\/carte-rencontre-avec-photo\/","og_locale":"fr_FR","og_type":"article","og_title":"Carte Lieu de Rencontre avec Photo","og_description":"Marquez un endroit sp\u00e9cial avec un symbole choisi  Personnalisez en 3 \u00e9tapes simples  Incluez un texte personnalis\u00e9 significatif  Visualisez le r\u00e9sultat imm\u00e9diatement - l\u2019aper\u00e7u interactif te permet de peaufiner chaque d\u00e9tail","og_url":"https:\/\/positiveprints.com\/fr\/produit\/carte-rencontre-avec-photo\/","og_site_name":"Positive Prints","article_publisher":"https:\/\/www.facebook.com\/positiveprintscom","article_modified_time":"2026-04-28T12:47:40+00:00","og_image":[{"width":1450,"height":1450,"url":"https:\/\/positiveprints.com\/wp-content\/uploads\/2024\/10\/Packshot_FR_where-we-met-map-with-photo-product-image.webp","type":"image\/webp"}],"twitter_card":"summary_large_image","schema":{"@context":"https:\/\/schema.org","@graph":[{"@type":["WebPage","ItemPage"],"@id":"https:\/\/positiveprints.com\/fr\/produit\/carte-rencontre-avec-photo\/","url":"https:\/\/positiveprints.com\/fr\/produit\/carte-rencontre-avec-photo\/","name":"Carte Lieu de Rencontre avec Photo - Positive Prints","isPartOf":{"@id":"https:\/\/positiveprints.com\/fr\/#website"},"primaryImageOfPage":{"@id":"https:\/\/positiveprints.com\/fr\/produit\/carte-rencontre-avec-photo\/#primaryimage"},"image":{"@id":"https:\/\/positiveprints.com\/fr\/produit\/carte-rencontre-avec-photo\/#primaryimage"},"thumbnailUrl":"https:\/\/positiveprints.com\/wp-content\/uploads\/2024\/10\/Packshot_FR_where-we-met-map-with-photo-product-image.webp","datePublished":"2024-06-18T09:10:04+00:00","dateModified":"2026-04-28T12:47:40+00:00","description":"Cr\u00e9ez une carte personnalis\u00e9e avec la photo de votre lieu de rencontre, un cadeau romantique id\u00e9al pour les couples, les anniversaires ou la Saint-Valentin.","breadcrumb":{"@id":"https:\/\/positiveprints.com\/fr\/produit\/carte-rencontre-avec-photo\/#breadcrumb"},"inLanguage":"fr-FR","potentialAction":[{"@type":"ReadAction","target":["https:\/\/positiveprints.com\/fr\/produit\/carte-rencontre-avec-photo\/"]}]},{"@type":"ImageObject","inLanguage":"fr-FR","@id":"https:\/\/positiveprints.com\/fr\/produit\/carte-rencontre-avec-photo\/#primaryimage","url":"https:\/\/positiveprints.com\/wp-content\/uploads\/2024\/10\/Packshot_FR_where-we-met-map-with-photo-product-image.webp","contentUrl":"https:\/\/positiveprints.com\/wp-content\/uploads\/2024\/10\/Packshot_FR_where-we-met-map-with-photo-product-image.webp","width":1450,"height":1450},{"@type":"BreadcrumbList","@id":"https:\/\/positiveprints.com\/fr\/produit\/carte-rencontre-avec-photo\/#breadcrumb","itemListElement":[{"@type":"ListItem","position":1,"name":"Home","item":"https:\/\/positiveprints.com\/fr\/"},{"@type":"ListItem","position":2,"name":"Produits","item":"https:\/\/positiveprints.com\/fr\/shop\/"},{"@type":"ListItem","position":3,"name":"Carte Lieu de Rencontre avec Photo"}]},{"@type":"WebSite","@id":"https:\/\/positiveprints.com\/fr\/#website","url":"https:\/\/positiveprints.com\/fr\/","name":"Positive Prints","description":"Amazing Custom Personalized Gifts","publisher":{"@id":"https:\/\/positiveprints.com\/fr\/#organization"},"potentialAction":[{"@type":"SearchAction","target":{"@type":"EntryPoint","urlTemplate":"https:\/\/positiveprints.com\/fr\/?s={search_term_string}"},"query-input":{"@type":"PropertyValueSpecification","valueRequired":true,"valueName":"search_term_string"}}],"inLanguage":"fr-FR"},{"@type":"Organization","@id":"https:\/\/positiveprints.com\/fr\/#organization","name":"Positive Prints","alternateName":"Positive Prints","url":"https:\/\/positiveprints.com\/fr\/","logo":{"@type":"ImageObject","inLanguage":"fr-FR","@id":"https:\/\/positiveprints.com\/fr\/#\/schema\/logo\/image\/","url":"https:\/\/positiveprints.com\/wp-content\/uploads\/2026\/03\/245815646_1337939713319158_5671353136411139666_n.png","contentUrl":"https:\/\/positiveprints.com\/wp-content\/uploads\/2026\/03\/245815646_1337939713319158_5671353136411139666_n.png","width":800,"height":800,"caption":"Positive Prints"},"image":{"@id":"https:\/\/positiveprints.com\/fr\/#\/schema\/logo\/image\/"},"sameAs":["https:\/\/www.facebook.com\/positiveprintscom","https:\/\/www.instagram.com\/positiveprintscom\/","https:\/\/www.tiktok.com\/@positiveprintscom","https:\/\/www.pinterest.com\/positiveprintscom\/"]}]}},"jetpack_sharing_enabled":true,"_links":{"self":[{"href":"https:\/\/positiveprints.com\/fr\/wp-json\/wp\/v2\/product\/1137663","targetHints":{"allow":["GET"]}}],"collection":[{"href":"https:\/\/positiveprints.com\/fr\/wp-json\/wp\/v2\/product"}],"about":[{"href":"https:\/\/positiveprints.com\/fr\/wp-json\/wp\/v2\/types\/product"}],"wp:featuredmedia":[{"embeddable":true,"href":"https:\/\/positiveprints.com\/fr\/wp-json\/wp\/v2\/media\/1214088"}],"wp:attachment":[{"href":"https:\/\/positiveprints.com\/fr\/wp-json\/wp\/v2\/media?parent=1137663"}],"wp:term":[{"taxonomy":"product_brand","embeddable":true,"href":"https:\/\/positiveprints.com\/fr\/wp-json\/wp\/v2\/product_brand?post=1137663"},{"taxonomy":"product_cat","embeddable":true,"href":"https:\/\/positiveprints.com\/fr\/wp-json\/wp\/v2\/product_cat?post=1137663"},{"taxonomy":"product_tag","embeddable":true,"href":"https:\/\/positiveprints.com\/fr\/wp-json\/wp\/v2\/product_tag?post=1137663"}],"curies":[{"name":"wp","href":"https:\/\/api.w.org\/{rel}","templated":true}]}}