{"id":1133599,"date":"2024-06-11T19:07:02","date_gmt":"2024-06-11T18:07:02","guid":{"rendered":"https:\/\/positiveprints.com\/?post_type=product&#038;p=1133599"},"modified":"2026-04-28T13:48:30","modified_gmt":"2026-04-28T12:48:30","slug":"toile-de-carte-rencontre-fiancailles-mariage","status":"publish","type":"product","link":"https:\/\/positiveprints.com\/fr\/produit\/toile-de-carte-rencontre-fiancailles-mariage\/","title":{"rendered":"Toile de Carte Rencontre Fian\u00e7ailles Mariage"},"content":{"rendered":"<p>\u00c0 la recherche d&#8217;un cadeau de mariage unique et significatif ? Notre Toile de Carte Rencontres Fian\u00e7ailles Mariage est le choix parfait. Cette toile personnalis\u00e9e pr\u00e9sente trois cartes, chacune mettant en valeur une \u00e9tape importante de la relation du couple : l&#8217;endroit o\u00f9 ils se sont rencontr\u00e9s, se sont fianc\u00e9s et se sont mari\u00e9s.<\/p>\r\n\r\n<h2>Cr\u00e9ez Votre Toile de Carte Rencontres Fian\u00e7ailles Mariage<\/h2>\r\n\r\n<p>Avec notre Toile de Carte Rencontres Fian\u00e7ailles Mariage, vous pouvez cr\u00e9er une pi\u00e8ce v\u00e9ritablement unique. Entrez dans notre cr\u00e9ateur en ligne facile d&#8217;utilisation pour commencer. Choisissez la forme et les couleurs de la carte \u2013 utilisez nos sch\u00e9mas de couleurs pr\u00e9d\u00e9finis ou personnalisez les couleurs vous-m\u00eame. Ensuite, entrez les trois endroits sp\u00e9ciaux : o\u00f9 le couple s&#8217;est rencontr\u00e9, o\u00f9 ils se sont fianc\u00e9s et o\u00f9 ils se sont mari\u00e9s. Vous pouvez zoomer et d\u00e9zoomer pour rendre chaque carte exactement comme vous le souhaitez. Ajoutez des marqueurs en forme de c\u0153ur pour indiquer les endroits exacts et incluez des titres et trois textes personnalis\u00e9s sous chacune des cartes, tels que &#8220;O\u00f9 Nous Nous Sommes Rencontr\u00e9s&#8221;, &#8220;O\u00f9 Nous Nous Sommes Fianc\u00e9s&#8221; et &#8220;O\u00f9 Nous Nous Sommes Dit Oui&#8221;.<\/p>\r\n\r\n<h2>Cadeau Parfait pour les Occasions Sp\u00e9ciales<\/h2>\r\n\r\n<p>Notre Toile de Carte Rencontres Fian\u00e7ailles Mariage est un cadeau id\u00e9al pour des amis qui se sont mari\u00e9s. Imaginez la joie du couple heureux lorsqu&#8217;il recevra une toile personnalis\u00e9e qui capture les trois \u00e9tapes les plus importantes de leur relation.<\/p>\r\n<h2>Pourquoi Choisir Notre Toile de Carte Rencontres Fian\u00e7ailles Mariage ?<\/h2>\r\n\r\n<p>Choisir le bon format est facile avec notre vari\u00e9t\u00e9 d&#8217;options de toile, garantissant que votre carte sera magnifique sur n&#8217;importe quel mur. Commander est simple \u2013 visitez notre site web, entrez les trois emplacements, personnalisez vos cartes, ajoutez vos titres et textes personnalis\u00e9s, choisissez le format de la toile et passez votre commande. Nous nous occupons du reste, en veillant \u00e0 ce que votre toile soit fabriqu\u00e9e et livr\u00e9e avec soin.<\/p>\r\n\r\n<p>Offrez un cadeau qui sera ch\u00e9ri pour toujours. La Toile de Carte Rencontres Fian\u00e7ailles Mariage sert de t\u00e9moignage durable des endroits sp\u00e9ciaux o\u00f9 l&#8217;histoire d&#8217;amour du couple s&#8217;est d\u00e9roul\u00e9e, en faisant un cadeau cr\u00e9atif et significatif pour tout couple de jeunes mari\u00e9s.<\/p>","protected":false},"excerpt":{"rendered":"<ul class=\"check-list\">\n<li>C\u00e9l\u00e9brez trois \u00e9tapes importantes de votre relation avec une carte personnalis\u00e9e, un souvenir unique et sentimental \u00e0 ch\u00e9rir<\/li>\n<li>Marquer un endroit sp\u00e9cial avec un symbole choisi<\/li>\n<li>Personnalisez en 3 \u00e9tapes simples<\/li>\n<li>Incluez un texte personnalis\u00e9 significatif<\/li>\n<li>Vois le r\u00e9sultat imm\u00e9diatement \u2013 l\u2019aper\u00e7u interactif te permet de peaufiner chaque d\u00e9tail<\/li>\n<\/ul>\n","protected":false},"featured_media":1161208,"template":"","meta":[],"product_brand":[],"product_cat":[11147,8194,8217,104,11177,11175,11176,7925,7638,7749,7797],"product_tag":[16239,16279],"class_list":{"0":"post-1133599","1":"product","2":"type-product","3":"status-publish","4":"has-post-thumbnail","6":"product_cat-toile","7":"product_cat-pour-elle","8":"product_cat-pour-lui","9":"product_cat-tous-les-produits","10":"product_cat-cadeaux-danniversaire-pour-couples","11":"product_cat-cadeaux-danniversaire-pour-femme","12":"product_cat-cadeaux-danniversaire-pour-homme","13":"product_cat-cadeaux-denterrement-de-vie-de-jeune-fille","14":"product_cat-cadeaux-pour-mari","15":"product_cat-cadeaux-pour-epouse","16":"product_cat-cadeaux-pour-couple","17":"product_tag-toiles-personnalisees","18":"product_tag-wedding-fr-2","20":"first","21":"instock","22":"sale","23":"taxable","24":"shipping-taxable","25":"purchasable","26":"product-type-variable"},"yoast_head":"<!-- This site is optimized with the Yoast SEO Premium plugin v27.2 (Yoast SEO v27.2) - https:\/\/yoast.com\/product\/yoast-seo-premium-wordpress\/ -->\n<title>Toile de Carte Rencontre Fian\u00e7ailles Mariage - Positive Prints<\/title>\n<meta name=\"description\" content=\"La Toile de Carte Rencontres Fian\u00e7ailles Mariage pr\u00e9sente trois cartes, chacune mettant en valeur une \u00e9tape importante de la relation du couple : l&#039;endroit o\u00f9 ils se sont rencontr\u00e9s, se sont fianc\u00e9s et se sont mari\u00e9s.\" \/>\n<meta name=\"robots\" content=\"index, follow, max-snippet:-1, max-image-preview:large, max-video-preview:-1\" \/>\n<link rel=\"canonical\" href=\"https:\/\/positiveprints.com\/fr\/produit\/toile-de-carte-rencontre-fiancailles-mariage\/\" \/>\n<meta property=\"og:locale\" content=\"fr_FR\" \/>\n<meta property=\"og:type\" content=\"article\" \/>\n<meta property=\"og:title\" content=\"Toile de Carte Rencontre Fian\u00e7ailles Mariage\" \/>\n<meta property=\"og:description\" content=\"C\u00e9l\u00e9brez trois \u00e9tapes importantes de votre relation avec une carte personnalis\u00e9e, un souvenir unique et sentimental \u00e0 ch\u00e9rir Marquer un endroit sp\u00e9cial avec un symbole choisi Personnalisez en 3 \u00e9tapes simples Incluez un texte personnalis\u00e9 significatif Vois le r\u00e9sultat imm\u00e9diatement \u2013 l\u2019aper\u00e7u interactif te permet de peaufiner chaque d\u00e9tail\" \/>\n<meta property=\"og:url\" content=\"https:\/\/positiveprints.com\/fr\/produit\/toile-de-carte-rencontre-fiancailles-mariage\/\" \/>\n<meta property=\"og:site_name\" content=\"Positive Prints\" \/>\n<meta property=\"article:publisher\" content=\"https:\/\/www.facebook.com\/positiveprintscom\" \/>\n<meta property=\"article:modified_time\" content=\"2026-04-28T12:48:30+00:00\" \/>\n<meta property=\"og:image\" content=\"https:\/\/positiveprints.com\/wp-content\/uploads\/2024\/07\/Toile-de-Carte-Rencontre-Fianc\u0327ailles-Mariage.jpg\" \/>\n\t<meta property=\"og:image:width\" content=\"1080\" \/>\n\t<meta property=\"og:image:height\" content=\"1080\" \/>\n\t<meta property=\"og:image:type\" content=\"image\/jpeg\" \/>\n<meta name=\"twitter:card\" content=\"summary_large_image\" \/>\n<!-- \/ Yoast SEO Premium plugin. -->","yoast_head_json":{"title":"Toile de Carte Rencontre Fian\u00e7ailles Mariage - Positive Prints","description":"La Toile de Carte Rencontres Fian\u00e7ailles Mariage pr\u00e9sente trois cartes, chacune mettant en valeur une \u00e9tape importante de la relation du couple : l'endroit o\u00f9 ils se sont rencontr\u00e9s, se sont fianc\u00e9s et se sont mari\u00e9s.","robots":{"index":"index","follow":"follow","max-snippet":"max-snippet:-1","max-image-preview":"max-image-preview:large","max-video-preview":"max-video-preview:-1"},"canonical":"https:\/\/positiveprints.com\/fr\/produit\/toile-de-carte-rencontre-fiancailles-mariage\/","og_locale":"fr_FR","og_type":"article","og_title":"Toile de Carte Rencontre Fian\u00e7ailles Mariage","og_description":"C\u00e9l\u00e9brez trois \u00e9tapes importantes de votre relation avec une carte personnalis\u00e9e, un souvenir unique et sentimental \u00e0 ch\u00e9rir Marquer un endroit sp\u00e9cial avec un symbole choisi Personnalisez en 3 \u00e9tapes simples Incluez un texte personnalis\u00e9 significatif Vois le r\u00e9sultat imm\u00e9diatement \u2013 l\u2019aper\u00e7u interactif te permet de peaufiner chaque d\u00e9tail","og_url":"https:\/\/positiveprints.com\/fr\/produit\/toile-de-carte-rencontre-fiancailles-mariage\/","og_site_name":"Positive Prints","article_publisher":"https:\/\/www.facebook.com\/positiveprintscom","article_modified_time":"2026-04-28T12:48:30+00:00","og_image":[{"width":1080,"height":1080,"url":"https:\/\/positiveprints.com\/wp-content\/uploads\/2024\/07\/Toile-de-Carte-Rencontre-Fianc\u0327ailles-Mariage.jpg","type":"image\/jpeg"}],"twitter_card":"summary_large_image","schema":{"@context":"https:\/\/schema.org","@graph":[{"@type":["WebPage","ItemPage"],"@id":"https:\/\/positiveprints.com\/fr\/produit\/toile-de-carte-rencontre-fiancailles-mariage\/","url":"https:\/\/positiveprints.com\/fr\/produit\/toile-de-carte-rencontre-fiancailles-mariage\/","name":"Toile de Carte Rencontre Fian\u00e7ailles Mariage - Positive Prints","isPartOf":{"@id":"https:\/\/positiveprints.com\/fr\/#website"},"primaryImageOfPage":{"@id":"https:\/\/positiveprints.com\/fr\/produit\/toile-de-carte-rencontre-fiancailles-mariage\/#primaryimage"},"image":{"@id":"https:\/\/positiveprints.com\/fr\/produit\/toile-de-carte-rencontre-fiancailles-mariage\/#primaryimage"},"thumbnailUrl":"https:\/\/positiveprints.com\/wp-content\/uploads\/2024\/07\/Toile-de-Carte-Rencontre-Fianc\u0327ailles-Mariage.jpg","datePublished":"2024-06-11T18:07:02+00:00","dateModified":"2026-04-28T12:48:30+00:00","description":"La Toile de Carte Rencontres Fian\u00e7ailles Mariage pr\u00e9sente trois cartes, chacune mettant en valeur une \u00e9tape importante de la relation du couple : l'endroit o\u00f9 ils se sont rencontr\u00e9s, se sont fianc\u00e9s et se sont mari\u00e9s.","breadcrumb":{"@id":"https:\/\/positiveprints.com\/fr\/produit\/toile-de-carte-rencontre-fiancailles-mariage\/#breadcrumb"},"inLanguage":"fr-FR","potentialAction":[{"@type":"ReadAction","target":["https:\/\/positiveprints.com\/fr\/produit\/toile-de-carte-rencontre-fiancailles-mariage\/"]}]},{"@type":"ImageObject","inLanguage":"fr-FR","@id":"https:\/\/positiveprints.com\/fr\/produit\/toile-de-carte-rencontre-fiancailles-mariage\/#primaryimage","url":"https:\/\/positiveprints.com\/wp-content\/uploads\/2024\/07\/Toile-de-Carte-Rencontre-Fianc\u0327ailles-Mariage.jpg","contentUrl":"https:\/\/positiveprints.com\/wp-content\/uploads\/2024\/07\/Toile-de-Carte-Rencontre-Fianc\u0327ailles-Mariage.jpg","width":1080,"height":1080},{"@type":"BreadcrumbList","@id":"https:\/\/positiveprints.com\/fr\/produit\/toile-de-carte-rencontre-fiancailles-mariage\/#breadcrumb","itemListElement":[{"@type":"ListItem","position":1,"name":"Home","item":"https:\/\/positiveprints.com\/fr\/"},{"@type":"ListItem","position":2,"name":"Produits","item":"https:\/\/positiveprints.com\/fr\/shop\/"},{"@type":"ListItem","position":3,"name":"Toile de Carte Rencontre Fian\u00e7ailles Mariage"}]},{"@type":"WebSite","@id":"https:\/\/positiveprints.com\/fr\/#website","url":"https:\/\/positiveprints.com\/fr\/","name":"Positive Prints","description":"Amazing Custom Personalized Gifts","publisher":{"@id":"https:\/\/positiveprints.com\/fr\/#organization"},"potentialAction":[{"@type":"SearchAction","target":{"@type":"EntryPoint","urlTemplate":"https:\/\/positiveprints.com\/fr\/?s={search_term_string}"},"query-input":{"@type":"PropertyValueSpecification","valueRequired":true,"valueName":"search_term_string"}}],"inLanguage":"fr-FR"},{"@type":"Organization","@id":"https:\/\/positiveprints.com\/fr\/#organization","name":"Positive Prints","alternateName":"Positive Prints","url":"https:\/\/positiveprints.com\/fr\/","logo":{"@type":"ImageObject","inLanguage":"fr-FR","@id":"https:\/\/positiveprints.com\/fr\/#\/schema\/logo\/image\/","url":"https:\/\/positiveprints.com\/wp-content\/uploads\/2026\/03\/245815646_1337939713319158_5671353136411139666_n.png","contentUrl":"https:\/\/positiveprints.com\/wp-content\/uploads\/2026\/03\/245815646_1337939713319158_5671353136411139666_n.png","width":800,"height":800,"caption":"Positive Prints"},"image":{"@id":"https:\/\/positiveprints.com\/fr\/#\/schema\/logo\/image\/"},"sameAs":["https:\/\/www.facebook.com\/positiveprintscom","https:\/\/www.instagram.com\/positiveprintscom\/","https:\/\/www.tiktok.com\/@positiveprintscom","https:\/\/www.pinterest.com\/positiveprintscom\/"]}]}},"jetpack_sharing_enabled":true,"_links":{"self":[{"href":"https:\/\/positiveprints.com\/fr\/wp-json\/wp\/v2\/product\/1133599","targetHints":{"allow":["GET"]}}],"collection":[{"href":"https:\/\/positiveprints.com\/fr\/wp-json\/wp\/v2\/product"}],"about":[{"href":"https:\/\/positiveprints.com\/fr\/wp-json\/wp\/v2\/types\/product"}],"wp:featuredmedia":[{"embeddable":true,"href":"https:\/\/positiveprints.com\/fr\/wp-json\/wp\/v2\/media\/1161208"}],"wp:attachment":[{"href":"https:\/\/positiveprints.com\/fr\/wp-json\/wp\/v2\/media?parent=1133599"}],"wp:term":[{"taxonomy":"product_brand","embeddable":true,"href":"https:\/\/positiveprints.com\/fr\/wp-json\/wp\/v2\/product_brand?post=1133599"},{"taxonomy":"product_cat","embeddable":true,"href":"https:\/\/positiveprints.com\/fr\/wp-json\/wp\/v2\/product_cat?post=1133599"},{"taxonomy":"product_tag","embeddable":true,"href":"https:\/\/positiveprints.com\/fr\/wp-json\/wp\/v2\/product_tag?post=1133599"}],"curies":[{"name":"wp","href":"https:\/\/api.w.org\/{rel}","templated":true}]}}