{"id":1133503,"date":"2024-06-11T18:38:44","date_gmt":"2024-06-11T17:38:44","guid":{"rendered":"https:\/\/positiveprints.com\/?post_type=product&#038;p=1133503"},"modified":"2026-04-07T13:32:22","modified_gmt":"2026-04-07T12:32:22","slug":"toile-de-carte-de-mariage","status":"publish","type":"product","link":"https:\/\/positiveprints.com\/fr\/produit\/toile-de-carte-de-mariage\/","title":{"rendered":"Toile de Carte de Mariage"},"content":{"rendered":"<p>Vous cherchez un cadeau unique et sinc\u00e8re pour des jeunes mari\u00e9s ? Notre Toile de Carte de Mariage est le choix parfait. Mettez en valeur l&#8217;endroit sp\u00e9cial o\u00f9 le couple a dit &#8220;oui&#8221; avec une belle carte personnalis\u00e9e.<\/p>\r\n\r\n<h2>Cr\u00e9ez Votre Toile de Carte de Mariage<\/h2>\r\n\r\n<p>Avec notre Toile de Carte de Mariage, vous pouvez cr\u00e9er une pi\u00e8ce v\u00e9ritablement unique. Entrez dans notre cr\u00e9ateur en ligne facile d&#8217;utilisation pour commencer. Choisissez la forme et les couleurs de la carte \u2013 utilisez nos sch\u00e9mas de couleurs pr\u00e9d\u00e9finis ou personnalisez les couleurs vous-m\u00eame. Ensuite, entrez le lieu o\u00f9 le mariage a eu lieu. Vous pouvez zoomer et d\u00e9zoomer pour rendre la carte exactement comme vous le souhaitez. Ajoutez un marqueur en forme de c\u0153ur pour indiquer l&#8217;endroit exact et incluez un message personnel en dessous, tel que &#8220;O\u00f9 Nous Nous Sommes Dit Oui&#8221;.<\/p>\r\n\r\n<h2>Cadeau Parfait pour les Occasions Sp\u00e9ciales<\/h2>\r\n\r\n<p>Notre Toile de Carte de Mariage est un cadeau id\u00e9al pour des amis qui se sont mari\u00e9s. Imaginez la joie du couple heureux lorsqu&#8217;il recevra une toile personnalis\u00e9e qui capture l&#8217;endroit sp\u00e9cial o\u00f9 ils ont \u00e9chang\u00e9 leurs v\u0153ux.<\/p>\r\n\r\n<h2>Pourquoi Choisir Notre Toile de Carte de Mariage ?<\/h2>\r\n\r\n<p>Choisir le bon format est facile avec notre vari\u00e9t\u00e9 d&#8217;options de toile, garantissant que votre carte sera magnifique sur n&#8217;importe quel mur. Commander est simple \u2013 visitez notre site web, entrez l&#8217;emplacement, personnalisez votre carte, ajoutez votre message personnel, choisissez votre format de toile et passez votre commande. Nous nous occupons du reste, en veillant \u00e0 ce que votre toile soit fabriqu\u00e9e et livr\u00e9e avec soin.<\/p>\r\n\r\n<p>Offrez un cadeau qui sera ch\u00e9ri pour toujours. La Toile de Carte de Mariage sert de t\u00e9moignage durable de l&#8217;endroit sp\u00e9cial o\u00f9 le mariage a eu lieu, en faisant un cadeau cr\u00e9atif et significatif pour tout couple de jeunes mari\u00e9s.<\/p>","protected":false},"excerpt":{"rendered":"<ul class=\"check-list\">\n<li>Comm\u00e9morez ce jour sp\u00e9cial en cr\u00e9ant une toile personnalis\u00e9e du lieu du mariage<\/li>\n<li>Marquer un endroit sp\u00e9cial avec un symbole choisi<\/li>\n<li>Personnalisez en 3 \u00e9tapes simples<\/li>\n<li>Incluez un texte personnalis\u00e9 significatif<\/li>\n<li>Vois le r\u00e9sultat imm\u00e9diatement \u2013 l\u2019aper\u00e7u interactif te permet de peaufiner chaque d\u00e9tail<\/li>\n<\/ul>\n","protected":false},"featured_media":1696638,"template":"","meta":[],"product_brand":[],"product_cat":[7925,11147,104],"product_tag":[16232,16239],"class_list":{"0":"post-1133503","1":"product","2":"type-product","3":"status-publish","4":"has-post-thumbnail","6":"product_cat-cadeaux-denterrement-de-vie-de-jeune-fille","7":"product_cat-toile","8":"product_cat-tous-les-produits","9":"product_tag-toile","10":"product_tag-toiles-personnalisees","12":"first","13":"instock","14":"sale","15":"taxable","16":"shipping-taxable","17":"purchasable","18":"product-type-variable"},"yoast_head":"<!-- This site is optimized with the Yoast SEO Premium plugin v27.2 (Yoast SEO v27.2) - https:\/\/yoast.com\/product\/yoast-seo-premium-wordpress\/ -->\n<title>Toile de Carte de Mariage - Positive Prints<\/title>\n<meta name=\"description\" content=\"Vous cherchez un cadeau unique pour des jeunes mari\u00e9s ? Mettez en valeur l&#039;endroit sp\u00e9cial o\u00f9 le couple a dit oui avec une belle Toile Personnalis\u00e9e de Carte de Mariage.\" \/>\n<meta name=\"robots\" content=\"index, follow, max-snippet:-1, max-image-preview:large, max-video-preview:-1\" \/>\n<link rel=\"canonical\" href=\"https:\/\/positiveprints.com\/fr\/produit\/toile-de-carte-de-mariage\/\" \/>\n<meta property=\"og:locale\" content=\"fr_FR\" \/>\n<meta property=\"og:type\" content=\"article\" \/>\n<meta property=\"og:title\" content=\"Toile de Carte de Mariage\" \/>\n<meta property=\"og:description\" content=\"Comm\u00e9morez ce jour sp\u00e9cial en cr\u00e9ant une toile personnalis\u00e9e du lieu du mariage Marquer un endroit sp\u00e9cial avec un symbole choisi Personnalisez en 3 \u00e9tapes simples Incluez un texte personnalis\u00e9 significatif Vois le r\u00e9sultat imm\u00e9diatement \u2013 l\u2019aper\u00e7u interactif te permet de peaufiner chaque d\u00e9tail\" \/>\n<meta property=\"og:url\" content=\"https:\/\/positiveprints.com\/fr\/produit\/toile-de-carte-de-mariage\/\" \/>\n<meta property=\"og:site_name\" content=\"Positive Prints\" \/>\n<meta property=\"article:publisher\" content=\"https:\/\/www.facebook.com\/positiveprintscom\" \/>\n<meta property=\"article:modified_time\" content=\"2026-04-07T12:32:22+00:00\" \/>\n<meta property=\"og:image\" content=\"https:\/\/positiveprints.com\/wp-content\/uploads\/2026\/04\/Packshot_FR_XX-Carte-de-mariage-sur-toile.webp\" \/>\n\t<meta property=\"og:image:width\" content=\"1450\" \/>\n\t<meta property=\"og:image:height\" content=\"1450\" \/>\n\t<meta property=\"og:image:type\" content=\"image\/webp\" \/>\n<meta name=\"twitter:card\" content=\"summary_large_image\" \/>\n<meta name=\"twitter:label1\" content=\"Dur\u00e9e de lecture estim\u00e9e\" \/>\n\t<meta name=\"twitter:data1\" content=\"2 minutes\" \/>\n<!-- \/ Yoast SEO Premium plugin. -->","yoast_head_json":{"title":"Toile de Carte de Mariage - Positive Prints","description":"Vous cherchez un cadeau unique pour des jeunes mari\u00e9s ? Mettez en valeur l'endroit sp\u00e9cial o\u00f9 le couple a dit oui avec une belle Toile Personnalis\u00e9e de Carte de Mariage.","robots":{"index":"index","follow":"follow","max-snippet":"max-snippet:-1","max-image-preview":"max-image-preview:large","max-video-preview":"max-video-preview:-1"},"canonical":"https:\/\/positiveprints.com\/fr\/produit\/toile-de-carte-de-mariage\/","og_locale":"fr_FR","og_type":"article","og_title":"Toile de Carte de Mariage","og_description":"Comm\u00e9morez ce jour sp\u00e9cial en cr\u00e9ant une toile personnalis\u00e9e du lieu du mariage Marquer un endroit sp\u00e9cial avec un symbole choisi Personnalisez en 3 \u00e9tapes simples Incluez un texte personnalis\u00e9 significatif Vois le r\u00e9sultat imm\u00e9diatement \u2013 l\u2019aper\u00e7u interactif te permet de peaufiner chaque d\u00e9tail","og_url":"https:\/\/positiveprints.com\/fr\/produit\/toile-de-carte-de-mariage\/","og_site_name":"Positive Prints","article_publisher":"https:\/\/www.facebook.com\/positiveprintscom","article_modified_time":"2026-04-07T12:32:22+00:00","og_image":[{"width":1450,"height":1450,"url":"https:\/\/positiveprints.com\/wp-content\/uploads\/2026\/04\/Packshot_FR_XX-Carte-de-mariage-sur-toile.webp","type":"image\/webp"}],"twitter_card":"summary_large_image","twitter_misc":{"Dur\u00e9e de lecture estim\u00e9e":"2 minutes"},"schema":{"@context":"https:\/\/schema.org","@graph":[{"@type":["WebPage","ItemPage"],"@id":"https:\/\/positiveprints.com\/fr\/produit\/toile-de-carte-de-mariage\/","url":"https:\/\/positiveprints.com\/fr\/produit\/toile-de-carte-de-mariage\/","name":"Toile de Carte de Mariage - Positive Prints","isPartOf":{"@id":"https:\/\/positiveprints.com\/fr\/#website"},"primaryImageOfPage":{"@id":"https:\/\/positiveprints.com\/fr\/produit\/toile-de-carte-de-mariage\/#primaryimage"},"image":{"@id":"https:\/\/positiveprints.com\/fr\/produit\/toile-de-carte-de-mariage\/#primaryimage"},"thumbnailUrl":"https:\/\/positiveprints.com\/wp-content\/uploads\/2026\/04\/Packshot_FR_XX-Carte-de-mariage-sur-toile.webp","datePublished":"2024-06-11T17:38:44+00:00","dateModified":"2026-04-07T12:32:22+00:00","description":"Vous cherchez un cadeau unique pour des jeunes mari\u00e9s ? Mettez en valeur l'endroit sp\u00e9cial o\u00f9 le couple a dit oui avec une belle Toile Personnalis\u00e9e de Carte de Mariage.","breadcrumb":{"@id":"https:\/\/positiveprints.com\/fr\/produit\/toile-de-carte-de-mariage\/#breadcrumb"},"inLanguage":"fr-FR","potentialAction":[{"@type":"ReadAction","target":["https:\/\/positiveprints.com\/fr\/produit\/toile-de-carte-de-mariage\/"]}]},{"@type":"ImageObject","inLanguage":"fr-FR","@id":"https:\/\/positiveprints.com\/fr\/produit\/toile-de-carte-de-mariage\/#primaryimage","url":"https:\/\/positiveprints.com\/wp-content\/uploads\/2026\/04\/Packshot_FR_XX-Carte-de-mariage-sur-toile.webp","contentUrl":"https:\/\/positiveprints.com\/wp-content\/uploads\/2026\/04\/Packshot_FR_XX-Carte-de-mariage-sur-toile.webp","width":1450,"height":1450,"caption":"Packshot_FR_XX Carte de mariage sur toile"},{"@type":"BreadcrumbList","@id":"https:\/\/positiveprints.com\/fr\/produit\/toile-de-carte-de-mariage\/#breadcrumb","itemListElement":[{"@type":"ListItem","position":1,"name":"Home","item":"https:\/\/positiveprints.com\/fr\/"},{"@type":"ListItem","position":2,"name":"Produits","item":"https:\/\/positiveprints.com\/fr\/shop\/"},{"@type":"ListItem","position":3,"name":"Toile de Carte de Mariage"}]},{"@type":"WebSite","@id":"https:\/\/positiveprints.com\/fr\/#website","url":"https:\/\/positiveprints.com\/fr\/","name":"Positive Prints","description":"Amazing Custom Personalized Gifts","publisher":{"@id":"https:\/\/positiveprints.com\/fr\/#organization"},"potentialAction":[{"@type":"SearchAction","target":{"@type":"EntryPoint","urlTemplate":"https:\/\/positiveprints.com\/fr\/?s={search_term_string}"},"query-input":{"@type":"PropertyValueSpecification","valueRequired":true,"valueName":"search_term_string"}}],"inLanguage":"fr-FR"},{"@type":"Organization","@id":"https:\/\/positiveprints.com\/fr\/#organization","name":"Positive Prints","alternateName":"Positive Prints","url":"https:\/\/positiveprints.com\/fr\/","logo":{"@type":"ImageObject","inLanguage":"fr-FR","@id":"https:\/\/positiveprints.com\/fr\/#\/schema\/logo\/image\/","url":"https:\/\/positiveprints.com\/wp-content\/uploads\/2026\/03\/245815646_1337939713319158_5671353136411139666_n.png","contentUrl":"https:\/\/positiveprints.com\/wp-content\/uploads\/2026\/03\/245815646_1337939713319158_5671353136411139666_n.png","width":800,"height":800,"caption":"Positive Prints"},"image":{"@id":"https:\/\/positiveprints.com\/fr\/#\/schema\/logo\/image\/"},"sameAs":["https:\/\/www.facebook.com\/positiveprintscom","https:\/\/www.instagram.com\/positiveprintscom\/","https:\/\/www.tiktok.com\/@positiveprintscom","https:\/\/www.pinterest.com\/positiveprintscom\/"]}]}},"jetpack_sharing_enabled":true,"_links":{"self":[{"href":"https:\/\/positiveprints.com\/fr\/wp-json\/wp\/v2\/product\/1133503","targetHints":{"allow":["GET"]}}],"collection":[{"href":"https:\/\/positiveprints.com\/fr\/wp-json\/wp\/v2\/product"}],"about":[{"href":"https:\/\/positiveprints.com\/fr\/wp-json\/wp\/v2\/types\/product"}],"wp:featuredmedia":[{"embeddable":true,"href":"https:\/\/positiveprints.com\/fr\/wp-json\/wp\/v2\/media\/1696638"}],"wp:attachment":[{"href":"https:\/\/positiveprints.com\/fr\/wp-json\/wp\/v2\/media?parent=1133503"}],"wp:term":[{"taxonomy":"product_brand","embeddable":true,"href":"https:\/\/positiveprints.com\/fr\/wp-json\/wp\/v2\/product_brand?post=1133503"},{"taxonomy":"product_cat","embeddable":true,"href":"https:\/\/positiveprints.com\/fr\/wp-json\/wp\/v2\/product_cat?post=1133503"},{"taxonomy":"product_tag","embeddable":true,"href":"https:\/\/positiveprints.com\/fr\/wp-json\/wp\/v2\/product_tag?post=1133503"}],"curies":[{"name":"wp","href":"https:\/\/api.w.org\/{rel}","templated":true}]}}