{"id":1133067,"date":"2024-06-10T12:37:39","date_gmt":"2024-06-10T11:37:39","guid":{"rendered":"https:\/\/positiveprints.com\/?post_type=product&#038;p=1133067"},"modified":"2026-04-23T11:01:48","modified_gmt":"2026-04-23T10:01:48","slug":"bijoux-personnalises-avec-dessin-denfant","status":"publish","type":"product","link":"https:\/\/positiveprints.com\/fr\/produit\/bijoux-personnalises-avec-dessin-denfant\/","title":{"rendered":"Bijoux Personnalis\u00e9s avec Dessin d&#8217;Enfant"},"content":{"rendered":"<p>Vous cherchez un cadeau unique et sinc\u00e8re ? Nos Bijoux Personnalis\u00e9s avec Dessin d&#8217;Enfant sont le choix parfait. Transformez l&#8217;\u0153uvre d&#8217;art pr\u00e9cieuse de votre enfant en un magnifique pendentif avec une gravure personnalis\u00e9e.<\/p>\n\n\n\n<h2>Cr\u00e9ez vos Bijoux Personnalis\u00e9s avec Dessin d&#8217;Enfant<\/h2>\n\n\n\n<p>Avec nos Bijoux Personnalis\u00e9s avec Dessin d&#8217;Enfant, chaque pendentif est vraiment unique. Nous transformons un souvenir de la petite enfance de votre enfant en de belles illustrations en ligne minimalistes. Nos artistes talentueux dessinent \u00e0 la main chaque design \u00e0 partir de la photo de leur dessin, assurant que chaque pendentif est sp\u00e9cial.<\/p>\n\n\n\n<p>En utilisant notre \u00e9diteur en ligne convivial, vous pouvez facilement t\u00e9l\u00e9charger une photo du dessin de votre enfant et ajouter un message personnalis\u00e9 au dos du pendentif. Chaque pendentif, qu&#8217;il s&#8217;agisse d&#8217;un cercle \u00e9l\u00e9gant ou associ\u00e9 \u00e0 une cha\u00eene de 45 cm, subit une gravure laser minutieuse pour garantir des d\u00e9tails parfaits et une durabilit\u00e9.<\/p>\n\n\n\n<h2>Le Cadeau Parfait pour les Mamans<\/h2>\n\n\n\n<p>Nos Bijoux Personnalis\u00e9s avec Dessin d&#8217;Enfant sont un cadeau id\u00e9al pour les anniversaires ou la f\u00eate des m\u00e8res. Imaginez la joie quand une m\u00e8re re\u00e7oit un pendentif personnalis\u00e9 qui capture l&#8217;\u0153uvre d&#8217;art de son enfant de mani\u00e8re belle et artistique.<\/p>\n\n\n\n<h2>Pourquoi Choisir nos Bijoux Personnalis\u00e9s avec Dessin d&#8217;Enfant ?<\/h2>\n\n\n\n<p>Commander est simple. Il vous suffit de visiter notre site web, de t\u00e9l\u00e9charger votre photo du dessin, d&#8217;ajouter votre message personnalis\u00e9, de choisir votre mat\u00e9riau et de passer votre commande. Nous nous occupons du reste, en veillant \u00e0 ce que votre pendentif soit grav\u00e9 et emball\u00e9 avec le plus grand soin.<\/p>\n\n\n\n<p>Offrez un cadeau qui sera ch\u00e9ri pour toujours. Laissez les Bijoux Personnalis\u00e9s avec Dessin d&#8217;Enfant servir de tribut durable \u00e0 vos moments les plus pr\u00e9cieux et c\u00e9l\u00e9brer le lien sp\u00e9cial entre m\u00e8re et enfant de mani\u00e8re cr\u00e9ative et significative.<\/p>","protected":false},"excerpt":{"rendered":"<ul class=\"check-list\">\n<li>Transformez l&#8217;\u0153uvre d&#8217;art pr\u00e9cieuse de votre enfant en un magnifique bijou<\/li>\n<li>Fabriqu\u00e9 en or massif 14 carats ou en argent sterling de qualit\u00e9 sup\u00e9rieure, chaque pendentif est grav\u00e9 au laser et fini \u00e0 la main<\/li>\n<li>Choisissez un texte sinc\u00e8re en fonction de l&#8217;occasion<\/li>\n<li>Personnalisez en seulement 2 minutes<\/li>\n<li>Vois le r\u00e9sultat imm\u00e9diatement \u2013 l\u2019aper\u00e7u interactif te permet de peaufiner chaque d\u00e9tail<\/li>\n<\/ul>\n","protected":false},"featured_media":1532135,"template":"","meta":[],"product_brand":[],"product_cat":[9260,12251,12182,104,7277,5264,11399,11393,7685,7718,7701],"product_tag":[13331,15898,15882,15899,15894],"class_list":{"0":"post-1133067","1":"product","2":"type-product","3":"status-publish","4":"has-post-thumbnail","6":"product_cat-jewelry-fr","7":"product_cat-jewelry-basic-fr","8":"product_cat-line-art-jewelry-fr","9":"product_cat-tous-les-produits","10":"product_cat-cadeaux-de-fete-des-meres","11":"product_cat-cadeaux-de-noel","12":"product_cat-cadeaux-de-noel-pour-maman","13":"product_cat-cadeaux-de-noel-pour-mamie","14":"product_cat-cadeaux-pour-femmes","15":"product_cat-cadeaux-pour-grand-mere","16":"product_cat-cadeaux-pour-maman","17":"product_tag-cadeau-de-noel-pour-une-grand-mere","18":"product_tag-mamma-fr-2","19":"product_tag-mommy-fr","20":"product_tag-mother-it-fr","21":"product_tag-regali-di-natale-per-mamma-fr","23":"first","24":"instock","25":"sale","26":"taxable","27":"shipping-taxable","28":"purchasable","29":"product-type-variable"},"yoast_head":"<!-- This site is optimized with the Yoast SEO Premium plugin v27.2 (Yoast SEO v27.2) - https:\/\/yoast.com\/product\/yoast-seo-premium-wordpress\/ -->\n<title>Bijoux Personnalis\u00e9s avec Dessin d&#039;Enfant - Positive Prints<\/title>\n<meta name=\"description\" content=\"Vous cherchez un cadeau unique et sinc\u00e8re ? Transformez l&#039;\u0153uvre d&#039;art pr\u00e9cieuse de votre enfant en un magnifique bijou. Cr\u00e9ez vos Bijoux Personnalis\u00e9s avec Dessin d&#039;Enfant.\" \/>\n<meta name=\"robots\" content=\"index, follow, max-snippet:-1, max-image-preview:large, max-video-preview:-1\" \/>\n<link rel=\"canonical\" href=\"https:\/\/positiveprints.com\/fr\/produit\/bijoux-personnalises-avec-dessin-denfant\/\" \/>\n<meta property=\"og:locale\" content=\"fr_FR\" \/>\n<meta property=\"og:type\" content=\"article\" \/>\n<meta property=\"og:title\" content=\"Bijoux Personnalis\u00e9s avec Dessin d&#039;Enfant\" \/>\n<meta property=\"og:description\" content=\"Transformez l&#039;\u0153uvre d&#039;art pr\u00e9cieuse de votre enfant en un magnifique bijou  Fabriqu\u00e9 en or massif 14 carats ou en argent sterling de qualit\u00e9 sup\u00e9rieure, chaque pendentif est grav\u00e9 au laser et fini \u00e0 la main  Choisissez un texte sinc\u00e8re en fonction de l&#039;occasion  Personnalisez en seulement 2 minutes  Vois le r\u00e9sultat imm\u00e9diatement \u2013 l\u2019aper\u00e7u interactif te permet de peaufiner chaque d\u00e9tail\" \/>\n<meta property=\"og:url\" content=\"https:\/\/positiveprints.com\/fr\/produit\/bijoux-personnalises-avec-dessin-denfant\/\" \/>\n<meta property=\"og:site_name\" content=\"Positive Prints\" \/>\n<meta property=\"article:publisher\" content=\"https:\/\/www.facebook.com\/positiveprintscom\" \/>\n<meta property=\"article:modified_time\" content=\"2026-04-23T10:01:48+00:00\" \/>\n<meta property=\"og:image\" content=\"https:\/\/positiveprints.com\/wp-content\/uploads\/2025\/10\/MAIN_FR_Bijoux-Personnalise\u0301s-avec-Dessin-dEnfant.webp\" \/>\n\t<meta property=\"og:image:width\" content=\"2500\" \/>\n\t<meta property=\"og:image:height\" content=\"2500\" \/>\n\t<meta property=\"og:image:type\" content=\"image\/webp\" \/>\n<meta name=\"twitter:card\" content=\"summary_large_image\" \/>\n<!-- \/ Yoast SEO Premium plugin. -->","yoast_head_json":{"title":"Bijoux Personnalis\u00e9s avec Dessin d'Enfant - Positive Prints","description":"Vous cherchez un cadeau unique et sinc\u00e8re ? Transformez l'\u0153uvre d'art pr\u00e9cieuse de votre enfant en un magnifique bijou. Cr\u00e9ez vos Bijoux Personnalis\u00e9s avec Dessin d'Enfant.","robots":{"index":"index","follow":"follow","max-snippet":"max-snippet:-1","max-image-preview":"max-image-preview:large","max-video-preview":"max-video-preview:-1"},"canonical":"https:\/\/positiveprints.com\/fr\/produit\/bijoux-personnalises-avec-dessin-denfant\/","og_locale":"fr_FR","og_type":"article","og_title":"Bijoux Personnalis\u00e9s avec Dessin d'Enfant","og_description":"Transformez l'\u0153uvre d'art pr\u00e9cieuse de votre enfant en un magnifique bijou  Fabriqu\u00e9 en or massif 14 carats ou en argent sterling de qualit\u00e9 sup\u00e9rieure, chaque pendentif est grav\u00e9 au laser et fini \u00e0 la main  Choisissez un texte sinc\u00e8re en fonction de l'occasion  Personnalisez en seulement 2 minutes  Vois le r\u00e9sultat imm\u00e9diatement \u2013 l\u2019aper\u00e7u interactif te permet de peaufiner chaque d\u00e9tail","og_url":"https:\/\/positiveprints.com\/fr\/produit\/bijoux-personnalises-avec-dessin-denfant\/","og_site_name":"Positive Prints","article_publisher":"https:\/\/www.facebook.com\/positiveprintscom","article_modified_time":"2026-04-23T10:01:48+00:00","og_image":[{"width":2500,"height":2500,"url":"https:\/\/positiveprints.com\/wp-content\/uploads\/2025\/10\/MAIN_FR_Bijoux-Personnalise\u0301s-avec-Dessin-dEnfant.webp","type":"image\/webp"}],"twitter_card":"summary_large_image","schema":{"@context":"https:\/\/schema.org","@graph":[{"@type":["WebPage","ItemPage"],"@id":"https:\/\/positiveprints.com\/fr\/produit\/bijoux-personnalises-avec-dessin-denfant\/","url":"https:\/\/positiveprints.com\/fr\/produit\/bijoux-personnalises-avec-dessin-denfant\/","name":"Bijoux Personnalis\u00e9s avec Dessin d'Enfant - Positive Prints","isPartOf":{"@id":"https:\/\/positiveprints.com\/fr\/#website"},"primaryImageOfPage":{"@id":"https:\/\/positiveprints.com\/fr\/produit\/bijoux-personnalises-avec-dessin-denfant\/#primaryimage"},"image":{"@id":"https:\/\/positiveprints.com\/fr\/produit\/bijoux-personnalises-avec-dessin-denfant\/#primaryimage"},"thumbnailUrl":"https:\/\/positiveprints.com\/wp-content\/uploads\/2025\/10\/MAIN_FR_Bijoux-Personnalise\u0301s-avec-Dessin-dEnfant.webp","datePublished":"2024-06-10T11:37:39+00:00","dateModified":"2026-04-23T10:01:48+00:00","description":"Vous cherchez un cadeau unique et sinc\u00e8re ? Transformez l'\u0153uvre d'art pr\u00e9cieuse de votre enfant en un magnifique bijou. Cr\u00e9ez vos Bijoux Personnalis\u00e9s avec Dessin d'Enfant.","breadcrumb":{"@id":"https:\/\/positiveprints.com\/fr\/produit\/bijoux-personnalises-avec-dessin-denfant\/#breadcrumb"},"inLanguage":"fr-FR","potentialAction":[{"@type":"ReadAction","target":["https:\/\/positiveprints.com\/fr\/produit\/bijoux-personnalises-avec-dessin-denfant\/"]}]},{"@type":"ImageObject","inLanguage":"fr-FR","@id":"https:\/\/positiveprints.com\/fr\/produit\/bijoux-personnalises-avec-dessin-denfant\/#primaryimage","url":"https:\/\/positiveprints.com\/wp-content\/uploads\/2025\/10\/MAIN_FR_Bijoux-Personnalise\u0301s-avec-Dessin-dEnfant.webp","contentUrl":"https:\/\/positiveprints.com\/wp-content\/uploads\/2025\/10\/MAIN_FR_Bijoux-Personnalise\u0301s-avec-Dessin-dEnfant.webp","width":2500,"height":2500},{"@type":"BreadcrumbList","@id":"https:\/\/positiveprints.com\/fr\/produit\/bijoux-personnalises-avec-dessin-denfant\/#breadcrumb","itemListElement":[{"@type":"ListItem","position":1,"name":"Home","item":"https:\/\/positiveprints.com\/fr\/"},{"@type":"ListItem","position":2,"name":"Produits","item":"https:\/\/positiveprints.com\/fr\/shop\/"},{"@type":"ListItem","position":3,"name":"Bijoux Personnalis\u00e9s avec Dessin d&#8217;Enfant"}]},{"@type":"WebSite","@id":"https:\/\/positiveprints.com\/fr\/#website","url":"https:\/\/positiveprints.com\/fr\/","name":"Positive Prints","description":"Amazing Custom Personalized Gifts","publisher":{"@id":"https:\/\/positiveprints.com\/fr\/#organization"},"potentialAction":[{"@type":"SearchAction","target":{"@type":"EntryPoint","urlTemplate":"https:\/\/positiveprints.com\/fr\/?s={search_term_string}"},"query-input":{"@type":"PropertyValueSpecification","valueRequired":true,"valueName":"search_term_string"}}],"inLanguage":"fr-FR"},{"@type":"Organization","@id":"https:\/\/positiveprints.com\/fr\/#organization","name":"Positive Prints","alternateName":"Positive Prints","url":"https:\/\/positiveprints.com\/fr\/","logo":{"@type":"ImageObject","inLanguage":"fr-FR","@id":"https:\/\/positiveprints.com\/fr\/#\/schema\/logo\/image\/","url":"https:\/\/positiveprints.com\/wp-content\/uploads\/2026\/03\/245815646_1337939713319158_5671353136411139666_n.png","contentUrl":"https:\/\/positiveprints.com\/wp-content\/uploads\/2026\/03\/245815646_1337939713319158_5671353136411139666_n.png","width":800,"height":800,"caption":"Positive Prints"},"image":{"@id":"https:\/\/positiveprints.com\/fr\/#\/schema\/logo\/image\/"},"sameAs":["https:\/\/www.facebook.com\/positiveprintscom","https:\/\/www.instagram.com\/positiveprintscom\/","https:\/\/www.tiktok.com\/@positiveprintscom","https:\/\/www.pinterest.com\/positiveprintscom\/"]}]}},"jetpack_sharing_enabled":true,"_links":{"self":[{"href":"https:\/\/positiveprints.com\/fr\/wp-json\/wp\/v2\/product\/1133067","targetHints":{"allow":["GET"]}}],"collection":[{"href":"https:\/\/positiveprints.com\/fr\/wp-json\/wp\/v2\/product"}],"about":[{"href":"https:\/\/positiveprints.com\/fr\/wp-json\/wp\/v2\/types\/product"}],"wp:featuredmedia":[{"embeddable":true,"href":"https:\/\/positiveprints.com\/fr\/wp-json\/wp\/v2\/media\/1532135"}],"wp:attachment":[{"href":"https:\/\/positiveprints.com\/fr\/wp-json\/wp\/v2\/media?parent=1133067"}],"wp:term":[{"taxonomy":"product_brand","embeddable":true,"href":"https:\/\/positiveprints.com\/fr\/wp-json\/wp\/v2\/product_brand?post=1133067"},{"taxonomy":"product_cat","embeddable":true,"href":"https:\/\/positiveprints.com\/fr\/wp-json\/wp\/v2\/product_cat?post=1133067"},{"taxonomy":"product_tag","embeddable":true,"href":"https:\/\/positiveprints.com\/fr\/wp-json\/wp\/v2\/product_tag?post=1133067"}],"curies":[{"name":"wp","href":"https:\/\/api.w.org\/{rel}","templated":true}]}}