{"id":1133062,"date":"2024-06-10T12:19:35","date_gmt":"2024-06-10T11:19:35","guid":{"rendered":"https:\/\/positiveprints.com\/?post_type=product&#038;p=1133062"},"modified":"2026-04-18T04:14:45","modified_gmt":"2026-04-18T03:14:45","slug":"bijoux-personnalises-avec-ecriture-manuscrite","status":"publish","type":"product","link":"https:\/\/positiveprints.com\/fr\/produit\/bijoux-personnalises-avec-ecriture-manuscrite\/","title":{"rendered":"Bijoux Personnalis\u00e9s avec \u00c9criture Manuscrite"},"content":{"rendered":"<p>Vous cherchez un cadeau unique et significatif ? Nos Bijoux Personnalis\u00e9s avec \u00c9criture Manuscrite sont le choix parfait. Transformez votre v\u00e9ritable message manuscrit en un pendentif \u00e9blouissant avec une gravure personnalis\u00e9e.<\/p>\n\n\n\n<h2>Cr\u00e9ez vos Bijoux Personnalis\u00e9s avec \u00c9criture Manuscrite<\/h2>\n\n\n\n<p>Avec nos Bijoux Personnalis\u00e9s avec \u00c9criture Manuscrite, chaque pendentif est vraiment unique. Nous prenons votre message manuscrit, tel que &#8220;Je t&#8217;aime&#8221; ou toute note sp\u00e9ciale, et le gravons sur un magnifique pendentif en argent ou en or. Au dos, vous pouvez ajouter un texte suppl\u00e9mentaire, comme la date d&#8217;un anniversaire ou d&#8217;un anniversaire de naissance.<\/p>\n\n\n\n<p>En utilisant notre \u00e9diteur en ligne convivial, vous pouvez facilement t\u00e9l\u00e9charger une photo de votre texte manuscrit et ajouter un message personnalis\u00e9 au dos du pendentif. Chaque pendentif, qu&#8217;il s&#8217;agisse d&#8217;un cercle \u00e9l\u00e9gant ou associ\u00e9 \u00e0 une cha\u00eene de 45 cm, subit une gravure laser minutieuse pour garantir des d\u00e9tails parfaits et une durabilit\u00e9.<\/p>\n\n\n\n<h2>Le Cadeau Parfait pour des Occasions Sp\u00e9ciales<\/h2>\n\n\n\n<p>Nos Bijoux Personnalis\u00e9s avec \u00c9criture Manuscrite sont un cadeau id\u00e9al pour les anniversaires, les f\u00eates d&#8217;anniversaire ou la f\u00eate des m\u00e8res. Imaginez leur joie lorsqu&#8217;ils recevront un pendentif personnalis\u00e9 qui capture votre message sinc\u00e8re de mani\u00e8re belle et artistique.<\/p>\n\n<h2>Pourquoi Choisir Nos Bijoux Personnalis\u00e9s avec \u00c9criture Manuscrite ?<\/h2>\n\n\n\n<p>Commander est simple. Il vous suffit de visiter notre site web, de t\u00e9l\u00e9charger votre photo du texte manuscrit, d&#8217;ajouter votre message personnalis\u00e9, de choisir votre mat\u00e9riau et de passer votre commande. Nous nous occupons du reste, en veillant \u00e0 ce que votre pendentif soit grav\u00e9 et emball\u00e9 avec le plus grand soin.<\/p>\n\n\n\n<p>Offrez un cadeau qui sera ch\u00e9ri pour toujours. Laissez les Bijoux Personnalis\u00e9s avec \u00c9criture Manuscrite servir de tribut durable \u00e0 vos moments les plus pr\u00e9cieux et c\u00e9l\u00e9brez votre amour de mani\u00e8re cr\u00e9ative et significative.<\/p>","protected":false},"excerpt":{"rendered":"<ul class=\"check-list\">\n<li>Transformez votre v\u00e9ritable message manuscrit en un magnifique collier<\/li>\n<li>Fabriqu\u00e9 en or massif 14 carats ou en argent sterling de qualit\u00e9 sup\u00e9rieure, chaque pendentif est grav\u00e9 au laser et fini \u00e0 la main<\/li>\n<li>Choisissez un texte sinc\u00e8re en fonction de l&#8217;occasion<\/li>\n<li>Personnalisez en seulement 2 minutes<\/li>\n<li>Vois le r\u00e9sultat imm\u00e9diatement \u2013 l\u2019aper\u00e7u interactif te permet de peaufiner chaque d\u00e9tail<\/li>\n<\/ul>\n","protected":false},"featured_media":1532572,"template":"","meta":[],"product_brand":[],"product_cat":[8194,9260,12251,12182,104,5328,11175,5276,5264,11395,11392,11402,7685,7765,7781,7734,7749,7829,3118,11245],"product_tag":[14849,11795,17442],"class_list":{"0":"post-1133062","1":"product","2":"type-product","3":"status-publish","4":"has-post-thumbnail","6":"product_cat-pour-elle","7":"product_cat-jewelry-fr","8":"product_cat-jewelry-basic-fr","9":"product_cat-line-art-jewelry-fr","10":"product_cat-tous-les-produits","11":"product_cat-cadeaux-de-commemorations","12":"product_cat-cadeaux-danniversaire-pour-femme","13":"product_cat-cadeaux-de-fiancailles-idees-cadeaux","14":"product_cat-cadeaux-de-noel","15":"product_cat-cadeaux-de-noel-pour-femme","16":"product_cat-cadeaux-de-noel-pour-sa-copine","17":"product_cat-cadeaux-de-noel-pour-sa-femme","18":"product_cat-cadeaux-pour-femmes","19":"product_cat-cadeaux-pour-fille","20":"product_cat-cadeaux-pour-petite-amie","21":"product_cat-cadeaux-pour-soeur","22":"product_cat-cadeaux-pour-epouse","23":"product_cat-cadeaux-pour-amis","24":"product_cat-cadeaux-saint-valentin","25":"product_cat-cadeaux-de-saint-valentin-pour-elle","26":"product_tag-anniversary-fr","27":"product_tag-cadeaux-de-noel-pour-sa-femme","28":"product_tag-prezenty-pod-choinke-dla-dziewczyny-fr","30":"first","31":"instock","32":"sale","33":"taxable","34":"shipping-taxable","35":"purchasable","36":"product-type-variable"},"yoast_head":"<!-- This site is optimized with the Yoast SEO Premium plugin v27.2 (Yoast SEO v27.2) - https:\/\/yoast.com\/product\/yoast-seo-premium-wordpress\/ -->\n<title>Bijoux Personnalis\u00e9s avec \u00c9criture Manuscrite - Positive Prints<\/title>\n<meta name=\"description\" content=\"Vous cherchez un cadeau significatif ? Les Bijoux Personnalis\u00e9s avec \u00c9criture Manuscrite sont le choix parfait. Transformez votre v\u00e9ritable message manuscrit en un bijou.\" \/>\n<meta name=\"robots\" content=\"index, follow, max-snippet:-1, max-image-preview:large, max-video-preview:-1\" \/>\n<link rel=\"canonical\" href=\"https:\/\/positiveprints.com\/fr\/produit\/bijoux-personnalises-avec-ecriture-manuscrite\/\" \/>\n<meta property=\"og:locale\" content=\"fr_FR\" \/>\n<meta property=\"og:type\" content=\"article\" \/>\n<meta property=\"og:title\" content=\"Bijoux Personnalis\u00e9s avec \u00c9criture Manuscrite\" \/>\n<meta property=\"og:description\" content=\"Transformez votre v\u00e9ritable message manuscrit en un magnifique collier  Fabriqu\u00e9 en or massif 14 carats ou en argent sterling de qualit\u00e9 sup\u00e9rieure, chaque pendentif est grav\u00e9 au laser et fini \u00e0 la main  Choisissez un texte sinc\u00e8re en fonction de l&#039;occasion  Personnalisez en seulement 2 minutes  Vois le r\u00e9sultat imm\u00e9diatement \u2013 l\u2019aper\u00e7u interactif te permet de peaufiner chaque d\u00e9tail\" \/>\n<meta property=\"og:url\" content=\"https:\/\/positiveprints.com\/fr\/produit\/bijoux-personnalises-avec-ecriture-manuscrite\/\" \/>\n<meta property=\"og:site_name\" content=\"Positive Prints\" \/>\n<meta property=\"article:publisher\" content=\"https:\/\/www.facebook.com\/positiveprintscom\" \/>\n<meta property=\"article:modified_time\" content=\"2026-04-18T03:14:45+00:00\" \/>\n<meta property=\"og:image\" content=\"https:\/\/positiveprints.com\/wp-content\/uploads\/2025\/10\/MAIN_FR_Bijoux-Personnalise\u0301s-avec-E\u0301criture-Manuscrite.webp\" \/>\n\t<meta property=\"og:image:width\" content=\"2500\" \/>\n\t<meta property=\"og:image:height\" content=\"2500\" \/>\n\t<meta property=\"og:image:type\" content=\"image\/webp\" \/>\n<meta name=\"twitter:card\" content=\"summary_large_image\" \/>\n<meta name=\"twitter:label1\" content=\"Dur\u00e9e de lecture estim\u00e9e\" \/>\n\t<meta name=\"twitter:data1\" content=\"2 minutes\" \/>\n<!-- \/ Yoast SEO Premium plugin. -->","yoast_head_json":{"title":"Bijoux Personnalis\u00e9s avec \u00c9criture Manuscrite - Positive Prints","description":"Vous cherchez un cadeau significatif ? Les Bijoux Personnalis\u00e9s avec \u00c9criture Manuscrite sont le choix parfait. Transformez votre v\u00e9ritable message manuscrit en un bijou.","robots":{"index":"index","follow":"follow","max-snippet":"max-snippet:-1","max-image-preview":"max-image-preview:large","max-video-preview":"max-video-preview:-1"},"canonical":"https:\/\/positiveprints.com\/fr\/produit\/bijoux-personnalises-avec-ecriture-manuscrite\/","og_locale":"fr_FR","og_type":"article","og_title":"Bijoux Personnalis\u00e9s avec \u00c9criture Manuscrite","og_description":"Transformez votre v\u00e9ritable message manuscrit en un magnifique collier  Fabriqu\u00e9 en or massif 14 carats ou en argent sterling de qualit\u00e9 sup\u00e9rieure, chaque pendentif est grav\u00e9 au laser et fini \u00e0 la main  Choisissez un texte sinc\u00e8re en fonction de l'occasion  Personnalisez en seulement 2 minutes  Vois le r\u00e9sultat imm\u00e9diatement \u2013 l\u2019aper\u00e7u interactif te permet de peaufiner chaque d\u00e9tail","og_url":"https:\/\/positiveprints.com\/fr\/produit\/bijoux-personnalises-avec-ecriture-manuscrite\/","og_site_name":"Positive Prints","article_publisher":"https:\/\/www.facebook.com\/positiveprintscom","article_modified_time":"2026-04-18T03:14:45+00:00","og_image":[{"width":2500,"height":2500,"url":"https:\/\/positiveprints.com\/wp-content\/uploads\/2025\/10\/MAIN_FR_Bijoux-Personnalise\u0301s-avec-E\u0301criture-Manuscrite.webp","type":"image\/webp"}],"twitter_card":"summary_large_image","twitter_misc":{"Dur\u00e9e de lecture estim\u00e9e":"2 minutes"},"schema":{"@context":"https:\/\/schema.org","@graph":[{"@type":["WebPage","ItemPage"],"@id":"https:\/\/positiveprints.com\/fr\/produit\/bijoux-personnalises-avec-ecriture-manuscrite\/","url":"https:\/\/positiveprints.com\/fr\/produit\/bijoux-personnalises-avec-ecriture-manuscrite\/","name":"Bijoux Personnalis\u00e9s avec \u00c9criture Manuscrite - Positive Prints","isPartOf":{"@id":"https:\/\/positiveprints.com\/fr\/#website"},"primaryImageOfPage":{"@id":"https:\/\/positiveprints.com\/fr\/produit\/bijoux-personnalises-avec-ecriture-manuscrite\/#primaryimage"},"image":{"@id":"https:\/\/positiveprints.com\/fr\/produit\/bijoux-personnalises-avec-ecriture-manuscrite\/#primaryimage"},"thumbnailUrl":"https:\/\/positiveprints.com\/wp-content\/uploads\/2025\/10\/MAIN_FR_Bijoux-Personnalise\u0301s-avec-E\u0301criture-Manuscrite.webp","datePublished":"2024-06-10T11:19:35+00:00","dateModified":"2026-04-18T03:14:45+00:00","description":"Vous cherchez un cadeau significatif ? Les Bijoux Personnalis\u00e9s avec \u00c9criture Manuscrite sont le choix parfait. Transformez votre v\u00e9ritable message manuscrit en un bijou.","breadcrumb":{"@id":"https:\/\/positiveprints.com\/fr\/produit\/bijoux-personnalises-avec-ecriture-manuscrite\/#breadcrumb"},"inLanguage":"fr-FR","potentialAction":[{"@type":"ReadAction","target":["https:\/\/positiveprints.com\/fr\/produit\/bijoux-personnalises-avec-ecriture-manuscrite\/"]}]},{"@type":"ImageObject","inLanguage":"fr-FR","@id":"https:\/\/positiveprints.com\/fr\/produit\/bijoux-personnalises-avec-ecriture-manuscrite\/#primaryimage","url":"https:\/\/positiveprints.com\/wp-content\/uploads\/2025\/10\/MAIN_FR_Bijoux-Personnalise\u0301s-avec-E\u0301criture-Manuscrite.webp","contentUrl":"https:\/\/positiveprints.com\/wp-content\/uploads\/2025\/10\/MAIN_FR_Bijoux-Personnalise\u0301s-avec-E\u0301criture-Manuscrite.webp","width":2500,"height":2500},{"@type":"BreadcrumbList","@id":"https:\/\/positiveprints.com\/fr\/produit\/bijoux-personnalises-avec-ecriture-manuscrite\/#breadcrumb","itemListElement":[{"@type":"ListItem","position":1,"name":"Home","item":"https:\/\/positiveprints.com\/fr\/"},{"@type":"ListItem","position":2,"name":"Produits","item":"https:\/\/positiveprints.com\/fr\/shop\/"},{"@type":"ListItem","position":3,"name":"Bijoux Personnalis\u00e9s avec \u00c9criture Manuscrite"}]},{"@type":"WebSite","@id":"https:\/\/positiveprints.com\/fr\/#website","url":"https:\/\/positiveprints.com\/fr\/","name":"Positive Prints","description":"Amazing Custom Personalized Gifts","publisher":{"@id":"https:\/\/positiveprints.com\/fr\/#organization"},"potentialAction":[{"@type":"SearchAction","target":{"@type":"EntryPoint","urlTemplate":"https:\/\/positiveprints.com\/fr\/?s={search_term_string}"},"query-input":{"@type":"PropertyValueSpecification","valueRequired":true,"valueName":"search_term_string"}}],"inLanguage":"fr-FR"},{"@type":"Organization","@id":"https:\/\/positiveprints.com\/fr\/#organization","name":"Positive Prints","alternateName":"Positive Prints","url":"https:\/\/positiveprints.com\/fr\/","logo":{"@type":"ImageObject","inLanguage":"fr-FR","@id":"https:\/\/positiveprints.com\/fr\/#\/schema\/logo\/image\/","url":"https:\/\/positiveprints.com\/wp-content\/uploads\/2026\/03\/245815646_1337939713319158_5671353136411139666_n.png","contentUrl":"https:\/\/positiveprints.com\/wp-content\/uploads\/2026\/03\/245815646_1337939713319158_5671353136411139666_n.png","width":800,"height":800,"caption":"Positive Prints"},"image":{"@id":"https:\/\/positiveprints.com\/fr\/#\/schema\/logo\/image\/"},"sameAs":["https:\/\/www.facebook.com\/positiveprintscom","https:\/\/www.instagram.com\/positiveprintscom\/","https:\/\/www.tiktok.com\/@positiveprintscom","https:\/\/www.pinterest.com\/positiveprintscom\/"]}]}},"jetpack_sharing_enabled":true,"_links":{"self":[{"href":"https:\/\/positiveprints.com\/fr\/wp-json\/wp\/v2\/product\/1133062","targetHints":{"allow":["GET"]}}],"collection":[{"href":"https:\/\/positiveprints.com\/fr\/wp-json\/wp\/v2\/product"}],"about":[{"href":"https:\/\/positiveprints.com\/fr\/wp-json\/wp\/v2\/types\/product"}],"wp:featuredmedia":[{"embeddable":true,"href":"https:\/\/positiveprints.com\/fr\/wp-json\/wp\/v2\/media\/1532572"}],"wp:attachment":[{"href":"https:\/\/positiveprints.com\/fr\/wp-json\/wp\/v2\/media?parent=1133062"}],"wp:term":[{"taxonomy":"product_brand","embeddable":true,"href":"https:\/\/positiveprints.com\/fr\/wp-json\/wp\/v2\/product_brand?post=1133062"},{"taxonomy":"product_cat","embeddable":true,"href":"https:\/\/positiveprints.com\/fr\/wp-json\/wp\/v2\/product_cat?post=1133062"},{"taxonomy":"product_tag","embeddable":true,"href":"https:\/\/positiveprints.com\/fr\/wp-json\/wp\/v2\/product_tag?post=1133062"}],"curies":[{"name":"wp","href":"https:\/\/api.w.org\/{rel}","templated":true}]}}