{"id":1123853,"date":"2024-05-27T09:26:52","date_gmt":"2024-05-27T08:26:52","guid":{"rendered":"https:\/\/positiveprints.com\/?post_type=product&#038;p=1123853"},"modified":"2026-04-03T02:51:45","modified_gmt":"2026-04-03T01:51:45","slug":"bijoux-en-dessin-au-trait-pour-anniversaire","status":"publish","type":"product","link":"https:\/\/positiveprints.com\/fr\/produit\/bijoux-en-dessin-au-trait-pour-anniversaire\/","title":{"rendered":"Bijoux en Dessin au Trait pour Anniversaire"},"content":{"rendered":"<p>\u00c0 la recherche d&#8217;un cadeau d&#8217;anniversaire unique et sinc\u00e8re ? Nos Bijoux en Dessin au Trait pour Anniversaire sont le choix parfait. Transformez vos pr\u00e9cieux souvenirs en un magnifique pendentif avec une illustration au trait dessin\u00e9e \u00e0 la main bas\u00e9e sur votre propre photo.<\/p>\n\n\n\n<h2>Cr\u00e9ez Vos Bijoux en Dessin au Trait pour Anniversaire<\/h2>\n\n\n\n<p>Avec nos Bijoux en Dessin au Trait pour Anniversaire, chaque pendentif est vraiment unique. Nos artistes talentueux dessinent \u00e0 la main chaque design \u00e0 partir de votre photo, cr\u00e9ant de magnifiques \u0153uvres d&#8217;art minimalistes. \u00c0 l&#8217;arri\u00e8re, vous pouvez ajouter un message personnalis\u00e9 comme le nom du destinataire, une courte phrase ou une note personnelle.<\/p>\n\n\n\n<p>Gr\u00e2ce \u00e0 notre \u00e9diteur en ligne facile \u00e0 utiliser, vous pouvez facilement t\u00e9l\u00e9charger votre photo et ajouter votre message personnalis\u00e9. Chaque pendentif, qu&#8217;il s&#8217;agisse d&#8217;un cercle \u00e9l\u00e9gant ou associ\u00e9 \u00e0 une cha\u00eene de 45 cm, subit une gravure au laser m\u00e9ticuleuse pour garantir une pr\u00e9cision parfaite et une durabilit\u00e9.<\/p>\n\n\n\n<h2>Le Cadeau Parfait pour les Anniversaires<\/h2>\n\n\n\n<p>Nos Bijoux en Dessin au Trait pour Anniversaire sont un cadeau id\u00e9al pour c\u00e9l\u00e9brer son anniversaire. Imaginez sa joie quand elle recevra un pendentif personnalis\u00e9 qui capture un moment sp\u00e9cial de mani\u00e8re belle et artistique.<\/p>\n\n\n\n<h2>Pourquoi Choisir Nos Bijoux en Dessin au Trait pour Anniversaire ?<\/h2>\n\n\n\n<p>La commande est simple. Il vous suffit de visiter notre site web, de t\u00e9l\u00e9charger votre photo, d&#8217;ajouter votre message personnalis\u00e9, de choisir votre mat\u00e9riau et de passer votre commande. Nous nous occupons du reste, en veillant \u00e0 ce que votre pendentif soit grav\u00e9 et emball\u00e9 avec le plus grand soin.<\/p>\n\n\n\n<p>Offrez un cadeau qui sera ch\u00e9ri pour toujours. Laissez que les Bijoux en Dessin au Trait pour Anniversaire servent de t\u00e9moignage durable de vos moments les plus pr\u00e9cieux et c\u00e9l\u00e8brent son jour sp\u00e9cial de mani\u00e8re cr\u00e9ative et significative.<\/p>","protected":false},"excerpt":{"rendered":"<ul class=\"check-list\">\n<li>Laissez nos artistes dessiner des \u0153uvres uniques \u00e0 partir de vos photos<\/li>\n<li>Fabriqu\u00e9 en or massif 14 carats ou en argent sterling de qualit\u00e9 sup\u00e9rieure, chaque pendentif est grav\u00e9 au laser et fini \u00e0 la main<\/li>\n<li>Choisissez un texte sinc\u00e8re en fonction de l&#8217;occasion<\/li>\n<li>Personnalisez en seulement 2 minutes<\/li>\n<li>Vois le r\u00e9sultat imm\u00e9diatement \u2013 l\u2019aper\u00e7u interactif te permet de peaufiner chaque d\u00e9tail<\/li>\n<\/ul>\n","protected":false},"featured_media":1530182,"template":"","meta":[],"product_brand":[],"product_cat":[9260,12182,104,5249,3127,11211,7589,5264,11401,7685,7765,7734,7813],"product_tag":[8463,13426],"class_list":{"0":"post-1123853","1":"product","2":"type-product","3":"status-publish","4":"has-post-thumbnail","6":"product_cat-jewelry-fr","7":"product_cat-line-art-jewelry-fr","8":"product_cat-tous-les-produits","9":"product_cat-cadeaux-de-naissance-bebe","10":"product_cat-cadeaux-danniversaire","11":"product_cat-cadeau-anniversaire-femme","12":"product_cat-cadeaux-de-bapteme","13":"product_cat-cadeaux-de-noel","14":"product_cat-cadeaux-de-noel-pour-la-soeur","15":"product_cat-cadeaux-pour-femmes","16":"product_cat-cadeaux-pour-fille","17":"product_cat-cadeaux-pour-soeur","18":"product_cat-cadeaux-pour-nouveaux-parents","19":"product_tag-birthday-fr","20":"product_tag-cadeau-de-noel-pour-soeur","22":"first","23":"instock","24":"sale","25":"taxable","26":"shipping-taxable","27":"purchasable","28":"product-type-variable"},"yoast_head":"<!-- This site is optimized with the Yoast SEO Premium plugin v27.2 (Yoast SEO v27.2) - https:\/\/yoast.com\/product\/yoast-seo-premium-wordpress\/ -->\n<title>Bijoux en Dessin au Trait pour Anniversaire - Positive Prints<\/title>\n<meta name=\"description\" content=\"\u00c0 la recherche d&#039;un cadeau d&#039;anniversaire unique et sinc\u00e8re ? Nos Bijoux en Dessin au Trait pour Anniversaire sont le choix parfait. Cr\u00e9ez votre collier d\u00e8s maintenant.\" \/>\n<meta name=\"robots\" content=\"index, follow, max-snippet:-1, max-image-preview:large, max-video-preview:-1\" \/>\n<link rel=\"canonical\" href=\"https:\/\/positiveprints.com\/fr\/produit\/bijoux-en-dessin-au-trait-pour-anniversaire\/\" \/>\n<meta property=\"og:locale\" content=\"fr_FR\" \/>\n<meta property=\"og:type\" content=\"article\" \/>\n<meta property=\"og:title\" content=\"Bijoux en Dessin au Trait pour Anniversaire\" \/>\n<meta property=\"og:description\" content=\"Laissez nos artistes dessiner des \u0153uvres uniques \u00e0 partir de vos photos  Fabriqu\u00e9 en or massif 14 carats ou en argent sterling de qualit\u00e9 sup\u00e9rieure, chaque pendentif est grav\u00e9 au laser et fini \u00e0 la main  Choisissez un texte sinc\u00e8re en fonction de l&#039;occasion  Personnalisez en seulement 2 minutes  Vois le r\u00e9sultat imm\u00e9diatement \u2013 l\u2019aper\u00e7u interactif te permet de peaufiner chaque d\u00e9tail\" \/>\n<meta property=\"og:url\" content=\"https:\/\/positiveprints.com\/fr\/produit\/bijoux-en-dessin-au-trait-pour-anniversaire\/\" \/>\n<meta property=\"og:site_name\" content=\"Positive Prints\" \/>\n<meta property=\"article:publisher\" content=\"https:\/\/www.facebook.com\/positiveprintscom\" \/>\n<meta property=\"article:modified_time\" content=\"2026-04-03T01:51:45+00:00\" \/>\n<meta property=\"og:image\" content=\"https:\/\/positiveprints.com\/wp-content\/uploads\/2025\/10\/MAIN_FR_Bijoux-en-Dessin-au-Trait-pour-Anniversaire.webp\" \/>\n\t<meta property=\"og:image:width\" content=\"2500\" \/>\n\t<meta property=\"og:image:height\" content=\"2500\" \/>\n\t<meta property=\"og:image:type\" content=\"image\/webp\" \/>\n<meta name=\"twitter:card\" content=\"summary_large_image\" \/>\n<meta name=\"twitter:label1\" content=\"Dur\u00e9e de lecture estim\u00e9e\" \/>\n\t<meta name=\"twitter:data1\" content=\"2 minutes\" \/>\n<!-- \/ Yoast SEO Premium plugin. -->","yoast_head_json":{"title":"Bijoux en Dessin au Trait pour Anniversaire - Positive Prints","description":"\u00c0 la recherche d'un cadeau d'anniversaire unique et sinc\u00e8re ? Nos Bijoux en Dessin au Trait pour Anniversaire sont le choix parfait. Cr\u00e9ez votre collier d\u00e8s maintenant.","robots":{"index":"index","follow":"follow","max-snippet":"max-snippet:-1","max-image-preview":"max-image-preview:large","max-video-preview":"max-video-preview:-1"},"canonical":"https:\/\/positiveprints.com\/fr\/produit\/bijoux-en-dessin-au-trait-pour-anniversaire\/","og_locale":"fr_FR","og_type":"article","og_title":"Bijoux en Dessin au Trait pour Anniversaire","og_description":"Laissez nos artistes dessiner des \u0153uvres uniques \u00e0 partir de vos photos  Fabriqu\u00e9 en or massif 14 carats ou en argent sterling de qualit\u00e9 sup\u00e9rieure, chaque pendentif est grav\u00e9 au laser et fini \u00e0 la main  Choisissez un texte sinc\u00e8re en fonction de l'occasion  Personnalisez en seulement 2 minutes  Vois le r\u00e9sultat imm\u00e9diatement \u2013 l\u2019aper\u00e7u interactif te permet de peaufiner chaque d\u00e9tail","og_url":"https:\/\/positiveprints.com\/fr\/produit\/bijoux-en-dessin-au-trait-pour-anniversaire\/","og_site_name":"Positive Prints","article_publisher":"https:\/\/www.facebook.com\/positiveprintscom","article_modified_time":"2026-04-03T01:51:45+00:00","og_image":[{"width":2500,"height":2500,"url":"https:\/\/positiveprints.com\/wp-content\/uploads\/2025\/10\/MAIN_FR_Bijoux-en-Dessin-au-Trait-pour-Anniversaire.webp","type":"image\/webp"}],"twitter_card":"summary_large_image","twitter_misc":{"Dur\u00e9e de lecture estim\u00e9e":"2 minutes"},"schema":{"@context":"https:\/\/schema.org","@graph":[{"@type":["WebPage","ItemPage"],"@id":"https:\/\/positiveprints.com\/fr\/produit\/bijoux-en-dessin-au-trait-pour-anniversaire\/","url":"https:\/\/positiveprints.com\/fr\/produit\/bijoux-en-dessin-au-trait-pour-anniversaire\/","name":"Bijoux en Dessin au Trait pour Anniversaire - Positive Prints","isPartOf":{"@id":"https:\/\/positiveprints.com\/fr\/#website"},"primaryImageOfPage":{"@id":"https:\/\/positiveprints.com\/fr\/produit\/bijoux-en-dessin-au-trait-pour-anniversaire\/#primaryimage"},"image":{"@id":"https:\/\/positiveprints.com\/fr\/produit\/bijoux-en-dessin-au-trait-pour-anniversaire\/#primaryimage"},"thumbnailUrl":"https:\/\/positiveprints.com\/wp-content\/uploads\/2025\/10\/MAIN_FR_Bijoux-en-Dessin-au-Trait-pour-Anniversaire.webp","datePublished":"2024-05-27T08:26:52+00:00","dateModified":"2026-04-03T01:51:45+00:00","description":"\u00c0 la recherche d'un cadeau d'anniversaire unique et sinc\u00e8re ? Nos Bijoux en Dessin au Trait pour Anniversaire sont le choix parfait. Cr\u00e9ez votre collier d\u00e8s maintenant.","breadcrumb":{"@id":"https:\/\/positiveprints.com\/fr\/produit\/bijoux-en-dessin-au-trait-pour-anniversaire\/#breadcrumb"},"inLanguage":"fr-FR","potentialAction":[{"@type":"ReadAction","target":["https:\/\/positiveprints.com\/fr\/produit\/bijoux-en-dessin-au-trait-pour-anniversaire\/"]}]},{"@type":"ImageObject","inLanguage":"fr-FR","@id":"https:\/\/positiveprints.com\/fr\/produit\/bijoux-en-dessin-au-trait-pour-anniversaire\/#primaryimage","url":"https:\/\/positiveprints.com\/wp-content\/uploads\/2025\/10\/MAIN_FR_Bijoux-en-Dessin-au-Trait-pour-Anniversaire.webp","contentUrl":"https:\/\/positiveprints.com\/wp-content\/uploads\/2025\/10\/MAIN_FR_Bijoux-en-Dessin-au-Trait-pour-Anniversaire.webp","width":2500,"height":2500},{"@type":"BreadcrumbList","@id":"https:\/\/positiveprints.com\/fr\/produit\/bijoux-en-dessin-au-trait-pour-anniversaire\/#breadcrumb","itemListElement":[{"@type":"ListItem","position":1,"name":"Home","item":"https:\/\/positiveprints.com\/fr\/"},{"@type":"ListItem","position":2,"name":"Produits","item":"https:\/\/positiveprints.com\/fr\/shop\/"},{"@type":"ListItem","position":3,"name":"Bijoux en Dessin au Trait pour Anniversaire"}]},{"@type":"WebSite","@id":"https:\/\/positiveprints.com\/fr\/#website","url":"https:\/\/positiveprints.com\/fr\/","name":"Positive Prints","description":"Amazing Custom Personalized Gifts","publisher":{"@id":"https:\/\/positiveprints.com\/fr\/#organization"},"potentialAction":[{"@type":"SearchAction","target":{"@type":"EntryPoint","urlTemplate":"https:\/\/positiveprints.com\/fr\/?s={search_term_string}"},"query-input":{"@type":"PropertyValueSpecification","valueRequired":true,"valueName":"search_term_string"}}],"inLanguage":"fr-FR"},{"@type":"Organization","@id":"https:\/\/positiveprints.com\/fr\/#organization","name":"Positive Prints","alternateName":"Positive Prints","url":"https:\/\/positiveprints.com\/fr\/","logo":{"@type":"ImageObject","inLanguage":"fr-FR","@id":"https:\/\/positiveprints.com\/fr\/#\/schema\/logo\/image\/","url":"https:\/\/positiveprints.com\/wp-content\/uploads\/2026\/03\/245815646_1337939713319158_5671353136411139666_n.png","contentUrl":"https:\/\/positiveprints.com\/wp-content\/uploads\/2026\/03\/245815646_1337939713319158_5671353136411139666_n.png","width":800,"height":800,"caption":"Positive Prints"},"image":{"@id":"https:\/\/positiveprints.com\/fr\/#\/schema\/logo\/image\/"},"sameAs":["https:\/\/www.facebook.com\/positiveprintscom","https:\/\/www.instagram.com\/positiveprintscom\/","https:\/\/www.tiktok.com\/@positiveprintscom","https:\/\/www.pinterest.com\/positiveprintscom\/"]}]}},"jetpack_sharing_enabled":true,"_links":{"self":[{"href":"https:\/\/positiveprints.com\/fr\/wp-json\/wp\/v2\/product\/1123853","targetHints":{"allow":["GET"]}}],"collection":[{"href":"https:\/\/positiveprints.com\/fr\/wp-json\/wp\/v2\/product"}],"about":[{"href":"https:\/\/positiveprints.com\/fr\/wp-json\/wp\/v2\/types\/product"}],"wp:featuredmedia":[{"embeddable":true,"href":"https:\/\/positiveprints.com\/fr\/wp-json\/wp\/v2\/media\/1530182"}],"wp:attachment":[{"href":"https:\/\/positiveprints.com\/fr\/wp-json\/wp\/v2\/media?parent=1123853"}],"wp:term":[{"taxonomy":"product_brand","embeddable":true,"href":"https:\/\/positiveprints.com\/fr\/wp-json\/wp\/v2\/product_brand?post=1123853"},{"taxonomy":"product_cat","embeddable":true,"href":"https:\/\/positiveprints.com\/fr\/wp-json\/wp\/v2\/product_cat?post=1123853"},{"taxonomy":"product_tag","embeddable":true,"href":"https:\/\/positiveprints.com\/fr\/wp-json\/wp\/v2\/product_tag?post=1123853"}],"curies":[{"name":"wp","href":"https:\/\/api.w.org\/{rel}","templated":true}]}}