{"id":1123845,"date":"2024-05-27T08:34:35","date_gmt":"2024-05-27T07:34:35","guid":{"rendered":"https:\/\/positiveprints.com\/?post_type=product&#038;p=1123845"},"modified":"2026-04-03T02:52:04","modified_gmt":"2026-04-03T01:52:04","slug":"bijoux-en-dessin-au-trait-pour-fiancailles","status":"publish","type":"product","link":"https:\/\/positiveprints.com\/fr\/produit\/bijoux-en-dessin-au-trait-pour-fiancailles\/","title":{"rendered":"Bijoux en Dessin au Trait pour Fian\u00e7ailles"},"content":{"rendered":"<p>\u00c0 la recherche d&#8217;un cadeau de fian\u00e7ailles unique et significatif ? Nos Bijoux en Dessin au Trait pour Fian\u00e7ailles sont le choix parfait. Transformez vos pr\u00e9cieux souvenirs en un magnifique pendentif avec une illustration au trait dessin\u00e9e \u00e0 la main bas\u00e9e sur votre propre photo.<\/p>\n\n\n\n<h2>Cr\u00e9ez Vos Bijoux en Dessin au Trait pour Fian\u00e7ailles<\/h2>\n\n\n\n<p>Avec nos Bijoux en Dessin au Trait pour Fian\u00e7ailles, chaque pendentif est unique. Nos artistes talentueux dessinent \u00e0 la main chaque design \u00e0 partir de votre photo, cr\u00e9ant de magnifiques \u0153uvres d&#8217;art minimalistes. \u00c0 l&#8217;arri\u00e8re, vous pouvez ajouter un message personnalis\u00e9 tel que la date de vos fian\u00e7ailles ou une note personnelle comme &#8220;\u00c0 jamais \u00e0 toi&#8221;.<\/p>\n\n\n\n<p>Gr\u00e2ce \u00e0 notre \u00e9diteur en ligne facile \u00e0 utiliser, vous pouvez facilement t\u00e9l\u00e9charger votre photo et ajouter votre message personnalis\u00e9. Chaque pendentif, qu&#8217;il s&#8217;agisse d&#8217;un cercle \u00e9l\u00e9gant ou associ\u00e9 \u00e0 une cha\u00eene de 45 cm, subit une gravure au laser m\u00e9ticuleuse pour garantir une pr\u00e9cision parfaite et une durabilit\u00e9.<\/p>\n\n\n\n<h2>Le Cadeau Parfait pour les Fian\u00e7ailles<\/h2>\n\n\n\n<p>Nos Bijoux en Dessin au Trait pour Fian\u00e7ailles sont le cadeau parfait pour c\u00e9l\u00e9brer votre fian\u00e7ailles. Imaginez la joie quand ils verront un pendentif personnalis\u00e9 qui capture un moment sp\u00e9cial de mani\u00e8re belle et artistique.<\/p>\n\n\n\n<h2>Pourquoi Choisir Nos Bijoux en Dessin au Trait pour Fian\u00e7ailles ?<\/h2>\n\n\n\n<p>La commande est simple. Il vous suffit de visiter notre site web, de t\u00e9l\u00e9charger votre photo, d&#8217;ajouter votre message personnalis\u00e9, de choisir votre mat\u00e9riau et de passer votre commande. Nous nous occupons du reste, en veillant \u00e0 ce que votre pendentif soit grav\u00e9 et emball\u00e9 avec le plus grand soin.<\/p>\n\n\n\n<p>Offrez un cadeau qui sera ch\u00e9ri pour toujours. Laissez que les Bijoux en Dessin au Trait pour Fian\u00e7ailles servent de t\u00e9moignage durable de vos moments les plus pr\u00e9cieux et c\u00e9l\u00e8brent votre amour de mani\u00e8re cr\u00e9ative et significative.<\/p>","protected":false},"excerpt":{"rendered":"<ul class=\"check-list\">\n<li>Laissez nos artistes dessiner des \u0153uvres uniques \u00e0 partir de vos photos<\/li>\n<li>Fabriqu\u00e9 en or massif 14 carats ou en argent sterling de qualit\u00e9 sup\u00e9rieure, chaque pendentif est grav\u00e9 au laser et fini \u00e0 la main<\/li>\n<li>Choisissez un texte sinc\u00e8re en fonction de l&#8217;occasion<\/li>\n<li>Personnalisez en seulement 2 minutes<\/li>\n<li>Vois le r\u00e9sultat imm\u00e9diatement \u2013 l\u2019aper\u00e7u interactif te permet de peaufiner chaque d\u00e9tail<\/li>\n<\/ul>\n","protected":false},"featured_media":1529252,"template":"","meta":[],"product_brand":[],"product_cat":[5276,9260,12182,104],"product_tag":[17670,8432],"class_list":{"0":"post-1123845","1":"product","2":"type-product","3":"status-publish","4":"has-post-thumbnail","6":"product_cat-cadeaux-de-fiancailles-idees-cadeaux","7":"product_cat-jewelry-fr","8":"product_cat-line-art-jewelry-fr","9":"product_cat-tous-les-produits","10":"product_tag-engagement-fr","11":"product_tag-fiancailles","13":"first","14":"instock","15":"sale","16":"taxable","17":"shipping-taxable","18":"purchasable","19":"product-type-variable"},"yoast_head":"<!-- This site is optimized with the Yoast SEO Premium plugin v27.2 (Yoast SEO v27.2) - https:\/\/yoast.com\/product\/yoast-seo-premium-wordpress\/ -->\n<title>Bijoux en Dessin au Trait pour Fian\u00e7ailles - Positive Prints<\/title>\n<meta name=\"description\" content=\"Vous recherchez un cadeau de fian\u00e7ailles unique et significatif ? Nos Bijoux en Dessin au Trait pour Fian\u00e7ailles sont le choix parfait. Obtenez le v\u00f4tre maintenant.\" \/>\n<meta name=\"robots\" content=\"index, follow, max-snippet:-1, max-image-preview:large, max-video-preview:-1\" \/>\n<link rel=\"canonical\" href=\"https:\/\/positiveprints.com\/fr\/produit\/bijoux-en-dessin-au-trait-pour-fiancailles\/\" \/>\n<meta property=\"og:locale\" content=\"fr_FR\" \/>\n<meta property=\"og:type\" content=\"article\" \/>\n<meta property=\"og:title\" content=\"Bijoux en Dessin au Trait pour Fian\u00e7ailles\" \/>\n<meta property=\"og:description\" content=\"Laissez nos artistes dessiner des \u0153uvres uniques \u00e0 partir de vos photos  Fabriqu\u00e9 en or massif 14 carats ou en argent sterling de qualit\u00e9 sup\u00e9rieure, chaque pendentif est grav\u00e9 au laser et fini \u00e0 la main  Choisissez un texte sinc\u00e8re en fonction de l&#039;occasion  Personnalisez en seulement 2 minutes  Vois le r\u00e9sultat imm\u00e9diatement \u2013 l\u2019aper\u00e7u interactif te permet de peaufiner chaque d\u00e9tail\" \/>\n<meta property=\"og:url\" content=\"https:\/\/positiveprints.com\/fr\/produit\/bijoux-en-dessin-au-trait-pour-fiancailles\/\" \/>\n<meta property=\"og:site_name\" content=\"Positive Prints\" \/>\n<meta property=\"article:publisher\" content=\"https:\/\/www.facebook.com\/positiveprintscom\" \/>\n<meta property=\"article:modified_time\" content=\"2026-04-03T01:52:04+00:00\" \/>\n<meta property=\"og:image\" content=\"https:\/\/positiveprints.com\/wp-content\/uploads\/2025\/09\/MAIN_FR_Bijoux-en-Dessin-au-Trait-pour-Fianc\u0327ailles.webp\" \/>\n\t<meta property=\"og:image:width\" content=\"2500\" \/>\n\t<meta property=\"og:image:height\" content=\"2500\" \/>\n\t<meta property=\"og:image:type\" content=\"image\/webp\" \/>\n<meta name=\"twitter:card\" content=\"summary_large_image\" \/>\n<meta name=\"twitter:label1\" content=\"Dur\u00e9e de lecture estim\u00e9e\" \/>\n\t<meta name=\"twitter:data1\" content=\"2 minutes\" \/>\n<!-- \/ Yoast SEO Premium plugin. -->","yoast_head_json":{"title":"Bijoux en Dessin au Trait pour Fian\u00e7ailles - Positive Prints","description":"Vous recherchez un cadeau de fian\u00e7ailles unique et significatif ? Nos Bijoux en Dessin au Trait pour Fian\u00e7ailles sont le choix parfait. Obtenez le v\u00f4tre maintenant.","robots":{"index":"index","follow":"follow","max-snippet":"max-snippet:-1","max-image-preview":"max-image-preview:large","max-video-preview":"max-video-preview:-1"},"canonical":"https:\/\/positiveprints.com\/fr\/produit\/bijoux-en-dessin-au-trait-pour-fiancailles\/","og_locale":"fr_FR","og_type":"article","og_title":"Bijoux en Dessin au Trait pour Fian\u00e7ailles","og_description":"Laissez nos artistes dessiner des \u0153uvres uniques \u00e0 partir de vos photos  Fabriqu\u00e9 en or massif 14 carats ou en argent sterling de qualit\u00e9 sup\u00e9rieure, chaque pendentif est grav\u00e9 au laser et fini \u00e0 la main  Choisissez un texte sinc\u00e8re en fonction de l'occasion  Personnalisez en seulement 2 minutes  Vois le r\u00e9sultat imm\u00e9diatement \u2013 l\u2019aper\u00e7u interactif te permet de peaufiner chaque d\u00e9tail","og_url":"https:\/\/positiveprints.com\/fr\/produit\/bijoux-en-dessin-au-trait-pour-fiancailles\/","og_site_name":"Positive Prints","article_publisher":"https:\/\/www.facebook.com\/positiveprintscom","article_modified_time":"2026-04-03T01:52:04+00:00","og_image":[{"width":2500,"height":2500,"url":"https:\/\/positiveprints.com\/wp-content\/uploads\/2025\/09\/MAIN_FR_Bijoux-en-Dessin-au-Trait-pour-Fianc\u0327ailles.webp","type":"image\/webp"}],"twitter_card":"summary_large_image","twitter_misc":{"Dur\u00e9e de lecture estim\u00e9e":"2 minutes"},"schema":{"@context":"https:\/\/schema.org","@graph":[{"@type":["WebPage","ItemPage"],"@id":"https:\/\/positiveprints.com\/fr\/produit\/bijoux-en-dessin-au-trait-pour-fiancailles\/","url":"https:\/\/positiveprints.com\/fr\/produit\/bijoux-en-dessin-au-trait-pour-fiancailles\/","name":"Bijoux en Dessin au Trait pour Fian\u00e7ailles - Positive Prints","isPartOf":{"@id":"https:\/\/positiveprints.com\/fr\/#website"},"primaryImageOfPage":{"@id":"https:\/\/positiveprints.com\/fr\/produit\/bijoux-en-dessin-au-trait-pour-fiancailles\/#primaryimage"},"image":{"@id":"https:\/\/positiveprints.com\/fr\/produit\/bijoux-en-dessin-au-trait-pour-fiancailles\/#primaryimage"},"thumbnailUrl":"https:\/\/positiveprints.com\/wp-content\/uploads\/2025\/09\/MAIN_FR_Bijoux-en-Dessin-au-Trait-pour-Fianc\u0327ailles.webp","datePublished":"2024-05-27T07:34:35+00:00","dateModified":"2026-04-03T01:52:04+00:00","description":"Vous recherchez un cadeau de fian\u00e7ailles unique et significatif ? Nos Bijoux en Dessin au Trait pour Fian\u00e7ailles sont le choix parfait. Obtenez le v\u00f4tre maintenant.","breadcrumb":{"@id":"https:\/\/positiveprints.com\/fr\/produit\/bijoux-en-dessin-au-trait-pour-fiancailles\/#breadcrumb"},"inLanguage":"fr-FR","potentialAction":[{"@type":"ReadAction","target":["https:\/\/positiveprints.com\/fr\/produit\/bijoux-en-dessin-au-trait-pour-fiancailles\/"]}]},{"@type":"ImageObject","inLanguage":"fr-FR","@id":"https:\/\/positiveprints.com\/fr\/produit\/bijoux-en-dessin-au-trait-pour-fiancailles\/#primaryimage","url":"https:\/\/positiveprints.com\/wp-content\/uploads\/2025\/09\/MAIN_FR_Bijoux-en-Dessin-au-Trait-pour-Fianc\u0327ailles.webp","contentUrl":"https:\/\/positiveprints.com\/wp-content\/uploads\/2025\/09\/MAIN_FR_Bijoux-en-Dessin-au-Trait-pour-Fianc\u0327ailles.webp","width":2500,"height":2500},{"@type":"BreadcrumbList","@id":"https:\/\/positiveprints.com\/fr\/produit\/bijoux-en-dessin-au-trait-pour-fiancailles\/#breadcrumb","itemListElement":[{"@type":"ListItem","position":1,"name":"Home","item":"https:\/\/positiveprints.com\/fr\/"},{"@type":"ListItem","position":2,"name":"Produits","item":"https:\/\/positiveprints.com\/fr\/shop\/"},{"@type":"ListItem","position":3,"name":"Bijoux en Dessin au Trait pour Fian\u00e7ailles"}]},{"@type":"WebSite","@id":"https:\/\/positiveprints.com\/fr\/#website","url":"https:\/\/positiveprints.com\/fr\/","name":"Positive Prints","description":"Amazing Custom Personalized Gifts","publisher":{"@id":"https:\/\/positiveprints.com\/fr\/#organization"},"potentialAction":[{"@type":"SearchAction","target":{"@type":"EntryPoint","urlTemplate":"https:\/\/positiveprints.com\/fr\/?s={search_term_string}"},"query-input":{"@type":"PropertyValueSpecification","valueRequired":true,"valueName":"search_term_string"}}],"inLanguage":"fr-FR"},{"@type":"Organization","@id":"https:\/\/positiveprints.com\/fr\/#organization","name":"Positive Prints","alternateName":"Positive Prints","url":"https:\/\/positiveprints.com\/fr\/","logo":{"@type":"ImageObject","inLanguage":"fr-FR","@id":"https:\/\/positiveprints.com\/fr\/#\/schema\/logo\/image\/","url":"https:\/\/positiveprints.com\/wp-content\/uploads\/2026\/03\/245815646_1337939713319158_5671353136411139666_n.png","contentUrl":"https:\/\/positiveprints.com\/wp-content\/uploads\/2026\/03\/245815646_1337939713319158_5671353136411139666_n.png","width":800,"height":800,"caption":"Positive Prints"},"image":{"@id":"https:\/\/positiveprints.com\/fr\/#\/schema\/logo\/image\/"},"sameAs":["https:\/\/www.facebook.com\/positiveprintscom","https:\/\/www.instagram.com\/positiveprintscom\/","https:\/\/www.tiktok.com\/@positiveprintscom","https:\/\/www.pinterest.com\/positiveprintscom\/"]}]}},"jetpack_sharing_enabled":true,"_links":{"self":[{"href":"https:\/\/positiveprints.com\/fr\/wp-json\/wp\/v2\/product\/1123845","targetHints":{"allow":["GET"]}}],"collection":[{"href":"https:\/\/positiveprints.com\/fr\/wp-json\/wp\/v2\/product"}],"about":[{"href":"https:\/\/positiveprints.com\/fr\/wp-json\/wp\/v2\/types\/product"}],"wp:featuredmedia":[{"embeddable":true,"href":"https:\/\/positiveprints.com\/fr\/wp-json\/wp\/v2\/media\/1529252"}],"wp:attachment":[{"href":"https:\/\/positiveprints.com\/fr\/wp-json\/wp\/v2\/media?parent=1123845"}],"wp:term":[{"taxonomy":"product_brand","embeddable":true,"href":"https:\/\/positiveprints.com\/fr\/wp-json\/wp\/v2\/product_brand?post=1123845"},{"taxonomy":"product_cat","embeddable":true,"href":"https:\/\/positiveprints.com\/fr\/wp-json\/wp\/v2\/product_cat?post=1123845"},{"taxonomy":"product_tag","embeddable":true,"href":"https:\/\/positiveprints.com\/fr\/wp-json\/wp\/v2\/product_tag?post=1123845"}],"curies":[{"name":"wp","href":"https:\/\/api.w.org\/{rel}","templated":true}]}}