{"id":1123774,"date":"2024-05-29T12:06:01","date_gmt":"2024-05-29T11:06:01","guid":{"rendered":"https:\/\/positiveprints.com\/?post_type=product&#038;p=1123774"},"modified":"2026-04-12T20:55:45","modified_gmt":"2026-04-12T19:55:45","slug":"collage-photo-en-lettre-de-voyage","status":"publish","type":"product","link":"https:\/\/positiveprints.com\/fr\/produit\/collage-photo-en-lettre-de-voyage\/","title":{"rendered":"Collage Photo en Lettre de Voyage"},"content":{"rendered":"D\u00e9couvrez le cadeau personnalis\u00e9 parfait dans notre Collage Photo en Lettre de Voyage. Cr\u00e9ez un collage photo unique en utilisant votre mot ou votre date pr\u00e9f\u00e9r\u00e9e, rempli de souvenirs de voyage ch\u00e9ris. Id\u00e9al pour les anniversaires, les anniversaires de mariage, ou comme souvenir apr\u00e8s un voyage m\u00e9morable.\r\n\r\n<h2>Le Cadeau Parfait pour Toutes les Occasions<\/h2>\r\n<p>Capturez l&#8217;essence de vos voyages et partagez vos souvenirs ch\u00e9ris avec le Collage Photo en Lettre de Voyage. Que ce soit pour un <a href=\"https:\/\/positiveprints.com\/fr\/cadeaux-danniversaire\/\">anniversaire<\/a>, No\u00ebl, ou un anniversaire, cette \u0153uvre d&#8217;art personnalis\u00e9e rayonne de la chaleur des souvenirs personnels. De plus, c&#8217;est la mani\u00e8re id\u00e9ale de comm\u00e9morer un voyage que vous ch\u00e9rirez toujours. Offrez le cadeau de la nostalgie et de l&#8217;\u00e9motion &#8211; commandez votre chef-d&#8217;\u0153uvre sous forme d&#8217;affiche encadr\u00e9e, toile, ou t\u00e9l\u00e9chargement instantan\u00e9 aujourd&#8217;hui. Cr\u00e9ez des souvenirs qui durent toute une vie.<\/p>\r\n<h2>Cr\u00e9ation de Souvenirs Durables avec le Collage Photo en Lettre de Voyage<\/h2>\r\nTransformez ces moments de voyage en une \u0153uvre d&#8217;art, c\u00e9l\u00e9brant vos aventures d&#8217;une mani\u00e8re unique et chaleureuse. Avec notre Collage Photo en Lettre, vous n&#8217;offrez pas seulement des images; vous offrez les \u00e9motions, les histoires et les exp\u00e9riences qui remplissent ces cadres. C&#8217;est un souvenir personnalis\u00e9 qui transcende le temps et les tendances, parfait pour exprimer votre amour et votre gratitude. Que ce soit une surprise d&#8217;anniversaire, une g\u00e2terie de vacances, ou un jalon d&#8217;anniversaire, ce collage est un cadeau sentimental qui en dit long. Revivez vos voyages avec une touche artistique et sinc\u00e8re.\r\nPr\u00eat \u00e0 transformer vos pr\u00e9cieux moments de voyage en un cadeau inoubliable ? N&#8217;attendez plus. Commandez votre Collage Photo en Lettre de Voyage aujourd&#8217;hui et revivez vos aventures d&#8217;une mani\u00e8re vraiment unique. Parfait pour toute occasion, cette \u0153uvre d&#8217;art personnalis\u00e9e apportera un sourire sur le visage de votre \u00eatre cher ou servira de souvenir significatif de vos voyages inoubliables. Embrassez la puissance des souvenirs personnalis\u00e9s et commandez maintenant !","protected":false},"excerpt":{"rendered":"<ul class=\"check-list\">\n<li>Comm\u00e9morez la beaut\u00e9 des aventures de la vie<\/li>\n<li>Incluez un texte personnalis\u00e9 significatif<\/li>\n<li>Personnalisez en 3 \u00e9tapes simples<\/li>\n<li>Choisissez un mod\u00e8le ou faites preuve de cr\u00e9ativit\u00e9<\/li>\n<li>Vois le r\u00e9sultat imm\u00e9diatement \u2013 l\u2019aper\u00e7u interactif te permet de peaufiner chaque d\u00e9tail<\/li>\n<\/ul>\n","protected":false},"featured_media":1290701,"template":"","meta":[],"product_brand":[],"product_cat":[9123,7685,8006,104],"product_tag":[],"class_list":{"0":"post-1123774","1":"product","2":"type-product","3":"status-publish","4":"has-post-thumbnail","6":"product_cat-photo-letter-fr","7":"product_cat-cadeaux-pour-femmes","8":"product_cat-cadeaux-pour-hommes","9":"product_cat-tous-les-produits","11":"first","12":"instock","13":"sale","14":"taxable","15":"shipping-taxable","16":"purchasable","17":"product-type-variable"},"yoast_head":"<!-- This site is optimized with the Yoast SEO Premium plugin v27.2 (Yoast SEO v27.2) - https:\/\/yoast.com\/product\/yoast-seo-premium-wordpress\/ -->\n<title>Collage Photo en Lettre de Voyage - Positive Prints<\/title>\n<meta name=\"description\" content=\"Cr\u00e9ez un collage photo en lettre de voyage unique pour toute occasion sp\u00e9ciale. \u00c9pellez votre mot ou votre date pr\u00e9f\u00e9r\u00e9 avec vos photos ch\u00e9ries.\" \/>\n<meta name=\"robots\" content=\"index, follow, max-snippet:-1, max-image-preview:large, max-video-preview:-1\" \/>\n<link rel=\"canonical\" href=\"https:\/\/positiveprints.com\/fr\/produit\/collage-photo-en-lettre-de-voyage\/\" \/>\n<meta property=\"og:locale\" content=\"fr_FR\" \/>\n<meta property=\"og:type\" content=\"article\" \/>\n<meta property=\"og:title\" content=\"Collage Photo en Lettre de Voyage\" \/>\n<meta property=\"og:description\" content=\"Comm\u00e9morez la beaut\u00e9 des aventures de la vie Incluez un texte personnalis\u00e9 significatif Personnalisez en 3 \u00e9tapes simples Choisissez un mod\u00e8le ou faites preuve de cr\u00e9ativit\u00e9 Vois le r\u00e9sultat imm\u00e9diatement \u2013 l\u2019aper\u00e7u interactif te permet de peaufiner chaque d\u00e9tail\" \/>\n<meta property=\"og:url\" content=\"https:\/\/positiveprints.com\/fr\/produit\/collage-photo-en-lettre-de-voyage\/\" \/>\n<meta property=\"og:site_name\" content=\"Positive Prints\" \/>\n<meta property=\"article:publisher\" content=\"https:\/\/www.facebook.com\/positiveprintscom\" \/>\n<meta property=\"article:modified_time\" content=\"2026-04-12T19:55:45+00:00\" \/>\n<meta property=\"og:image\" content=\"https:\/\/positiveprints.com\/wp-content\/uploads\/2024\/12\/Packshot_FR_Travel-Letter-Photo-Collage-product-image.webp\" \/>\n\t<meta property=\"og:image:width\" content=\"1450\" \/>\n\t<meta property=\"og:image:height\" content=\"1450\" \/>\n\t<meta property=\"og:image:type\" content=\"image\/webp\" \/>\n<meta name=\"twitter:card\" content=\"summary_large_image\" \/>\n<meta name=\"twitter:label1\" content=\"Dur\u00e9e de lecture estim\u00e9e\" \/>\n\t<meta name=\"twitter:data1\" content=\"2 minutes\" \/>\n<!-- \/ Yoast SEO Premium plugin. -->","yoast_head_json":{"title":"Collage Photo en Lettre de Voyage - Positive Prints","description":"Cr\u00e9ez un collage photo en lettre de voyage unique pour toute occasion sp\u00e9ciale. \u00c9pellez votre mot ou votre date pr\u00e9f\u00e9r\u00e9 avec vos photos ch\u00e9ries.","robots":{"index":"index","follow":"follow","max-snippet":"max-snippet:-1","max-image-preview":"max-image-preview:large","max-video-preview":"max-video-preview:-1"},"canonical":"https:\/\/positiveprints.com\/fr\/produit\/collage-photo-en-lettre-de-voyage\/","og_locale":"fr_FR","og_type":"article","og_title":"Collage Photo en Lettre de Voyage","og_description":"Comm\u00e9morez la beaut\u00e9 des aventures de la vie Incluez un texte personnalis\u00e9 significatif Personnalisez en 3 \u00e9tapes simples Choisissez un mod\u00e8le ou faites preuve de cr\u00e9ativit\u00e9 Vois le r\u00e9sultat imm\u00e9diatement \u2013 l\u2019aper\u00e7u interactif te permet de peaufiner chaque d\u00e9tail","og_url":"https:\/\/positiveprints.com\/fr\/produit\/collage-photo-en-lettre-de-voyage\/","og_site_name":"Positive Prints","article_publisher":"https:\/\/www.facebook.com\/positiveprintscom","article_modified_time":"2026-04-12T19:55:45+00:00","og_image":[{"width":1450,"height":1450,"url":"https:\/\/positiveprints.com\/wp-content\/uploads\/2024\/12\/Packshot_FR_Travel-Letter-Photo-Collage-product-image.webp","type":"image\/webp"}],"twitter_card":"summary_large_image","twitter_misc":{"Dur\u00e9e de lecture estim\u00e9e":"2 minutes"},"schema":{"@context":"https:\/\/schema.org","@graph":[{"@type":["WebPage","ItemPage"],"@id":"https:\/\/positiveprints.com\/fr\/produit\/collage-photo-en-lettre-de-voyage\/","url":"https:\/\/positiveprints.com\/fr\/produit\/collage-photo-en-lettre-de-voyage\/","name":"Collage Photo en Lettre de Voyage - Positive Prints","isPartOf":{"@id":"https:\/\/positiveprints.com\/fr\/#website"},"primaryImageOfPage":{"@id":"https:\/\/positiveprints.com\/fr\/produit\/collage-photo-en-lettre-de-voyage\/#primaryimage"},"image":{"@id":"https:\/\/positiveprints.com\/fr\/produit\/collage-photo-en-lettre-de-voyage\/#primaryimage"},"thumbnailUrl":"https:\/\/positiveprints.com\/wp-content\/uploads\/2024\/12\/Packshot_FR_Travel-Letter-Photo-Collage-product-image.webp","datePublished":"2024-05-29T11:06:01+00:00","dateModified":"2026-04-12T19:55:45+00:00","description":"Cr\u00e9ez un collage photo en lettre de voyage unique pour toute occasion sp\u00e9ciale. \u00c9pellez votre mot ou votre date pr\u00e9f\u00e9r\u00e9 avec vos photos ch\u00e9ries.","breadcrumb":{"@id":"https:\/\/positiveprints.com\/fr\/produit\/collage-photo-en-lettre-de-voyage\/#breadcrumb"},"inLanguage":"fr-FR","potentialAction":[{"@type":"ReadAction","target":["https:\/\/positiveprints.com\/fr\/produit\/collage-photo-en-lettre-de-voyage\/"]}]},{"@type":"ImageObject","inLanguage":"fr-FR","@id":"https:\/\/positiveprints.com\/fr\/produit\/collage-photo-en-lettre-de-voyage\/#primaryimage","url":"https:\/\/positiveprints.com\/wp-content\/uploads\/2024\/12\/Packshot_FR_Travel-Letter-Photo-Collage-product-image.webp","contentUrl":"https:\/\/positiveprints.com\/wp-content\/uploads\/2024\/12\/Packshot_FR_Travel-Letter-Photo-Collage-product-image.webp","width":1450,"height":1450},{"@type":"BreadcrumbList","@id":"https:\/\/positiveprints.com\/fr\/produit\/collage-photo-en-lettre-de-voyage\/#breadcrumb","itemListElement":[{"@type":"ListItem","position":1,"name":"Home","item":"https:\/\/positiveprints.com\/fr\/"},{"@type":"ListItem","position":2,"name":"Produits","item":"https:\/\/positiveprints.com\/fr\/shop\/"},{"@type":"ListItem","position":3,"name":"Collage Photo en Lettre de Voyage"}]},{"@type":"WebSite","@id":"https:\/\/positiveprints.com\/fr\/#website","url":"https:\/\/positiveprints.com\/fr\/","name":"Positive Prints","description":"Amazing Custom Personalized Gifts","publisher":{"@id":"https:\/\/positiveprints.com\/fr\/#organization"},"potentialAction":[{"@type":"SearchAction","target":{"@type":"EntryPoint","urlTemplate":"https:\/\/positiveprints.com\/fr\/?s={search_term_string}"},"query-input":{"@type":"PropertyValueSpecification","valueRequired":true,"valueName":"search_term_string"}}],"inLanguage":"fr-FR"},{"@type":"Organization","@id":"https:\/\/positiveprints.com\/fr\/#organization","name":"Positive Prints","alternateName":"Positive Prints","url":"https:\/\/positiveprints.com\/fr\/","logo":{"@type":"ImageObject","inLanguage":"fr-FR","@id":"https:\/\/positiveprints.com\/fr\/#\/schema\/logo\/image\/","url":"https:\/\/positiveprints.com\/wp-content\/uploads\/2026\/03\/245815646_1337939713319158_5671353136411139666_n.png","contentUrl":"https:\/\/positiveprints.com\/wp-content\/uploads\/2026\/03\/245815646_1337939713319158_5671353136411139666_n.png","width":800,"height":800,"caption":"Positive Prints"},"image":{"@id":"https:\/\/positiveprints.com\/fr\/#\/schema\/logo\/image\/"},"sameAs":["https:\/\/www.facebook.com\/positiveprintscom","https:\/\/www.instagram.com\/positiveprintscom\/","https:\/\/www.tiktok.com\/@positiveprintscom","https:\/\/www.pinterest.com\/positiveprintscom\/"]}]}},"jetpack_sharing_enabled":true,"_links":{"self":[{"href":"https:\/\/positiveprints.com\/fr\/wp-json\/wp\/v2\/product\/1123774","targetHints":{"allow":["GET"]}}],"collection":[{"href":"https:\/\/positiveprints.com\/fr\/wp-json\/wp\/v2\/product"}],"about":[{"href":"https:\/\/positiveprints.com\/fr\/wp-json\/wp\/v2\/types\/product"}],"wp:featuredmedia":[{"embeddable":true,"href":"https:\/\/positiveprints.com\/fr\/wp-json\/wp\/v2\/media\/1290701"}],"wp:attachment":[{"href":"https:\/\/positiveprints.com\/fr\/wp-json\/wp\/v2\/media?parent=1123774"}],"wp:term":[{"taxonomy":"product_brand","embeddable":true,"href":"https:\/\/positiveprints.com\/fr\/wp-json\/wp\/v2\/product_brand?post=1123774"},{"taxonomy":"product_cat","embeddable":true,"href":"https:\/\/positiveprints.com\/fr\/wp-json\/wp\/v2\/product_cat?post=1123774"},{"taxonomy":"product_tag","embeddable":true,"href":"https:\/\/positiveprints.com\/fr\/wp-json\/wp\/v2\/product_tag?post=1123774"}],"curies":[{"name":"wp","href":"https:\/\/api.w.org\/{rel}","templated":true}]}}