{"id":1123767,"date":"2023-10-04T09:48:35","date_gmt":"2023-10-04T08:48:35","guid":{"rendered":"https:\/\/positiveprints.com\/?post_type=product&#038;p=1123767"},"modified":"2026-04-18T05:03:14","modified_gmt":"2026-04-18T04:03:14","slug":"collage-photo-en-lettre-de-patron","status":"publish","type":"product","link":"https:\/\/positiveprints.com\/fr\/produit\/collage-photo-en-lettre-de-patron\/","title":{"rendered":"Collage Photo en Lettre de Patron"},"content":{"rendered":"Montrez votre appr\u00e9ciation et votre gratitude \u00e0 votre patron ou chef d&#8217;\u00e9quipe avec notre Collage Photo en Lettre de Patron. Ce cadeau personnalis\u00e9 vous permet de cr\u00e9er un hommage unique et significatif en utilisant vos photos pr\u00e9f\u00e9r\u00e9es. Parfait pour No\u00ebl, les anniversaires de travail, les retraites et les anniversaires, c&#8217;est une mani\u00e8re sinc\u00e8re de c\u00e9l\u00e9brer votre relation professionnelle.\r\n\r\n<h2>Cr\u00e9er votre Collage Photo en Lettre de Patron<\/h2>\r\n<p>Cr\u00e9ez une \u0153uvre d&#8217;art unique en son genre avec notre <a href=\"https:\/\/positiveprints.com\/fr\/produit\/collage-photo-de-lettre\/\">Collage Photo en Lettre<\/a>. Exprimez votre gratitude et votre admiration en r\u00e9alisant un cadeau personnalis\u00e9 qui en dit long. Notre \u00e9diteur en ligne convivial vous permet de choisir un mot comme &#8220;patron&#8221;, &#8220;merci&#8221;, &#8220;leader&#8221; ou m\u00eame le nom de votre patron pour servir de forme \u00e0 votre collage.<\/p>\r\nPersonnalisez chaque d\u00e9tail, de la couleur du contour de chaque lettre au texte sup\u00e9rieur et inf\u00e9rieur, en impr\u00e9gnant votre cr\u00e9ation d&#8217;une touche personnelle. Ensuite, ajoutez vos photos pr\u00e9cieuses, en les arrangeant dans la forme de la lettre pour cr\u00e9er un collage visuellement \u00e9poustouflant aussi unique que votre patron.\r\n\r\nQue vous souhaitiez zoomer ou d\u00e9zoomer, ajuster la position de chaque photo ou choisir un format sp\u00e9cifique, notre \u00e9diteur offre une flexibilit\u00e9 compl\u00e8te. Une fois satisfait, vous pouvez commander votre \u0153uvre d&#8217;art sous forme d&#8217;affiche encadr\u00e9e ou imprim\u00e9e, de toile ou de fichier num\u00e9rique t\u00e9l\u00e9chargeable instantan\u00e9ment.\r\n\r\n<h2>Pourquoi choisir le Collage Photo en Lettre de Patron<\/h2>\r\nLe Collage Photo en Lettre de Patron est plus qu&#8217;un simple cadeau; c&#8217;est un geste sinc\u00e8re qui exprime votre appr\u00e9ciation et votre respect pour un coll\u00e8gue qui a \u00e9t\u00e9 \u00e0 vos c\u00f4t\u00e9s pendant des ann\u00e9es. C&#8217;est le cadeau parfait pour diverses occasions, y compris No\u00ebl, les anniversaires de travail, les retraites ou lorsque votre patron quitte son emploi.\r\nCe collage personnalis\u00e9 capture l&#8217;essence de votre relation professionnelle, vous permettant de vous rem\u00e9morer les moments partag\u00e9s et les r\u00e9alisations. C&#8217;est un t\u00e9moignage visuel du mentorat, de l&#8217;orientation et du leadership que votre patron a fournis tout au long de votre parcours ensemble.\r\n\r\nEn offrant un Collage Photo en Lettre de Patron, vous c\u00e9l\u00e9brez non seulement leurs r\u00e9alisations mais vous cr\u00e9ez \u00e9galement un souvenir durable. L&#8217;impact \u00e9motionnel de ce geste attentionn\u00e9 est inestimable, en faisant un choix id\u00e9al pour exprimer votre gratitude et vos v\u0153ux chaleureux lors de ces moments sp\u00e9ciaux dans la carri\u00e8re de votre patron. Montrez votre appr\u00e9ciation de mani\u00e8re unique et significative avec ce cadeau sinc\u00e8re.","protected":false},"excerpt":{"rendered":"<ul class=\"check-list\">\n<li>Exprimez votre gratitude et votre admiration<\/li>\n<li>Incluez un texte personnalis\u00e9 significatif<\/li>\n<li>Personnalisez en 3 \u00e9tapes simples<\/li>\n<li>Choisissez un mod\u00e8le ou faites preuve de cr\u00e9ativit\u00e9<\/li>\n<li>Vois le r\u00e9sultat imm\u00e9diatement \u2013 l\u2019aper\u00e7u interactif te permet de peaufiner chaque d\u00e9tail<\/li>\n<\/ul>\n","protected":false},"featured_media":1127196,"template":"","meta":[],"product_brand":[],"product_cat":[17710,9123,104],"product_tag":[13228,13229,13234,13232,13233,13230],"class_list":{"0":"post-1123767","1":"product","2":"type-product","3":"status-publish","4":"has-post-thumbnail","6":"product_cat-cadeau-entreprise","7":"product_cat-photo-letter-fr","8":"product_cat-tous-les-produits","9":"product_tag-cadeau-de-noel-pour-un-collegue","10":"product_tag-cadeau-de-reconnaissance-pour-un-collegue","11":"product_tag-cadeau-de-remerciement-pour-un-collegue","12":"product_tag-cadeau-pour-un-collegue","13":"product_tag-cadeaux-pour-un-collegue","14":"product_tag-collegue","16":"first","17":"instock","18":"sale","19":"taxable","20":"shipping-taxable","21":"purchasable","22":"product-type-variable"},"yoast_head":"<!-- This site is optimized with the Yoast SEO Premium plugin v27.2 (Yoast SEO v27.2) - https:\/\/yoast.com\/product\/yoast-seo-premium-wordpress\/ -->\n<title>Collage Photo en Lettre de Patron - Positive Prints<\/title>\n<meta name=\"description\" content=\"En offrant un Collage Photo en Lettre de Patron, vous c\u00e9l\u00e9brez non seulement leurs r\u00e9alisations, mais vous cr\u00e9ez \u00e9galement un souvenir durable.\" \/>\n<meta name=\"robots\" content=\"index, follow, max-snippet:-1, max-image-preview:large, max-video-preview:-1\" \/>\n<link rel=\"canonical\" href=\"https:\/\/positiveprints.com\/fr\/produit\/collage-photo-en-lettre-de-patron\/\" \/>\n<meta property=\"og:locale\" content=\"fr_FR\" \/>\n<meta property=\"og:type\" content=\"article\" \/>\n<meta property=\"og:title\" content=\"Collage Photo en Lettre de Patron\" \/>\n<meta property=\"og:description\" content=\"Exprimez votre gratitude et votre admiration Incluez un texte personnalis\u00e9 significatif Personnalisez en 3 \u00e9tapes simples Choisissez un mod\u00e8le ou faites preuve de cr\u00e9ativit\u00e9 Vois le r\u00e9sultat imm\u00e9diatement \u2013 l\u2019aper\u00e7u interactif te permet de peaufiner chaque d\u00e9tail\" \/>\n<meta property=\"og:url\" content=\"https:\/\/positiveprints.com\/fr\/produit\/collage-photo-en-lettre-de-patron\/\" \/>\n<meta property=\"og:site_name\" content=\"Positive Prints\" \/>\n<meta property=\"article:publisher\" content=\"https:\/\/www.facebook.com\/positiveprintscom\" \/>\n<meta property=\"article:modified_time\" content=\"2026-04-18T04:03:14+00:00\" \/>\n<meta property=\"og:image\" content=\"https:\/\/positiveprints.com\/wp-content\/uploads\/2024\/06\/boss-fr-main.jpg\" \/>\n\t<meta property=\"og:image:width\" content=\"1080\" \/>\n\t<meta property=\"og:image:height\" content=\"1080\" \/>\n\t<meta property=\"og:image:type\" content=\"image\/jpeg\" \/>\n<meta name=\"twitter:card\" content=\"summary_large_image\" \/>\n<!-- \/ Yoast SEO Premium plugin. -->","yoast_head_json":{"title":"Collage Photo en Lettre de Patron - Positive Prints","description":"En offrant un Collage Photo en Lettre de Patron, vous c\u00e9l\u00e9brez non seulement leurs r\u00e9alisations, mais vous cr\u00e9ez \u00e9galement un souvenir durable.","robots":{"index":"index","follow":"follow","max-snippet":"max-snippet:-1","max-image-preview":"max-image-preview:large","max-video-preview":"max-video-preview:-1"},"canonical":"https:\/\/positiveprints.com\/fr\/produit\/collage-photo-en-lettre-de-patron\/","og_locale":"fr_FR","og_type":"article","og_title":"Collage Photo en Lettre de Patron","og_description":"Exprimez votre gratitude et votre admiration Incluez un texte personnalis\u00e9 significatif Personnalisez en 3 \u00e9tapes simples Choisissez un mod\u00e8le ou faites preuve de cr\u00e9ativit\u00e9 Vois le r\u00e9sultat imm\u00e9diatement \u2013 l\u2019aper\u00e7u interactif te permet de peaufiner chaque d\u00e9tail","og_url":"https:\/\/positiveprints.com\/fr\/produit\/collage-photo-en-lettre-de-patron\/","og_site_name":"Positive Prints","article_publisher":"https:\/\/www.facebook.com\/positiveprintscom","article_modified_time":"2026-04-18T04:03:14+00:00","og_image":[{"width":1080,"height":1080,"url":"https:\/\/positiveprints.com\/wp-content\/uploads\/2024\/06\/boss-fr-main.jpg","type":"image\/jpeg"}],"twitter_card":"summary_large_image","schema":{"@context":"https:\/\/schema.org","@graph":[{"@type":["WebPage","ItemPage"],"@id":"https:\/\/positiveprints.com\/fr\/produit\/collage-photo-en-lettre-de-patron\/","url":"https:\/\/positiveprints.com\/fr\/produit\/collage-photo-en-lettre-de-patron\/","name":"Collage Photo en Lettre de Patron - Positive Prints","isPartOf":{"@id":"https:\/\/positiveprints.com\/fr\/#website"},"primaryImageOfPage":{"@id":"https:\/\/positiveprints.com\/fr\/produit\/collage-photo-en-lettre-de-patron\/#primaryimage"},"image":{"@id":"https:\/\/positiveprints.com\/fr\/produit\/collage-photo-en-lettre-de-patron\/#primaryimage"},"thumbnailUrl":"https:\/\/positiveprints.com\/wp-content\/uploads\/2024\/06\/boss-fr-main.jpg","datePublished":"2023-10-04T08:48:35+00:00","dateModified":"2026-04-18T04:03:14+00:00","description":"En offrant un Collage Photo en Lettre de Patron, vous c\u00e9l\u00e9brez non seulement leurs r\u00e9alisations, mais vous cr\u00e9ez \u00e9galement un souvenir durable.","breadcrumb":{"@id":"https:\/\/positiveprints.com\/fr\/produit\/collage-photo-en-lettre-de-patron\/#breadcrumb"},"inLanguage":"fr-FR","potentialAction":[{"@type":"ReadAction","target":["https:\/\/positiveprints.com\/fr\/produit\/collage-photo-en-lettre-de-patron\/"]}]},{"@type":"ImageObject","inLanguage":"fr-FR","@id":"https:\/\/positiveprints.com\/fr\/produit\/collage-photo-en-lettre-de-patron\/#primaryimage","url":"https:\/\/positiveprints.com\/wp-content\/uploads\/2024\/06\/boss-fr-main.jpg","contentUrl":"https:\/\/positiveprints.com\/wp-content\/uploads\/2024\/06\/boss-fr-main.jpg","width":1080,"height":1080},{"@type":"BreadcrumbList","@id":"https:\/\/positiveprints.com\/fr\/produit\/collage-photo-en-lettre-de-patron\/#breadcrumb","itemListElement":[{"@type":"ListItem","position":1,"name":"Home","item":"https:\/\/positiveprints.com\/fr\/"},{"@type":"ListItem","position":2,"name":"Produits","item":"https:\/\/positiveprints.com\/fr\/shop\/"},{"@type":"ListItem","position":3,"name":"Collage Photo en Lettre de Patron"}]},{"@type":"WebSite","@id":"https:\/\/positiveprints.com\/fr\/#website","url":"https:\/\/positiveprints.com\/fr\/","name":"Positive Prints","description":"Amazing Custom Personalized Gifts","publisher":{"@id":"https:\/\/positiveprints.com\/fr\/#organization"},"potentialAction":[{"@type":"SearchAction","target":{"@type":"EntryPoint","urlTemplate":"https:\/\/positiveprints.com\/fr\/?s={search_term_string}"},"query-input":{"@type":"PropertyValueSpecification","valueRequired":true,"valueName":"search_term_string"}}],"inLanguage":"fr-FR"},{"@type":"Organization","@id":"https:\/\/positiveprints.com\/fr\/#organization","name":"Positive Prints","alternateName":"Positive Prints","url":"https:\/\/positiveprints.com\/fr\/","logo":{"@type":"ImageObject","inLanguage":"fr-FR","@id":"https:\/\/positiveprints.com\/fr\/#\/schema\/logo\/image\/","url":"https:\/\/positiveprints.com\/wp-content\/uploads\/2026\/03\/245815646_1337939713319158_5671353136411139666_n.png","contentUrl":"https:\/\/positiveprints.com\/wp-content\/uploads\/2026\/03\/245815646_1337939713319158_5671353136411139666_n.png","width":800,"height":800,"caption":"Positive Prints"},"image":{"@id":"https:\/\/positiveprints.com\/fr\/#\/schema\/logo\/image\/"},"sameAs":["https:\/\/www.facebook.com\/positiveprintscom","https:\/\/www.instagram.com\/positiveprintscom\/","https:\/\/www.tiktok.com\/@positiveprintscom","https:\/\/www.pinterest.com\/positiveprintscom\/"]}]}},"jetpack_sharing_enabled":true,"_links":{"self":[{"href":"https:\/\/positiveprints.com\/fr\/wp-json\/wp\/v2\/product\/1123767","targetHints":{"allow":["GET"]}}],"collection":[{"href":"https:\/\/positiveprints.com\/fr\/wp-json\/wp\/v2\/product"}],"about":[{"href":"https:\/\/positiveprints.com\/fr\/wp-json\/wp\/v2\/types\/product"}],"wp:featuredmedia":[{"embeddable":true,"href":"https:\/\/positiveprints.com\/fr\/wp-json\/wp\/v2\/media\/1127196"}],"wp:attachment":[{"href":"https:\/\/positiveprints.com\/fr\/wp-json\/wp\/v2\/media?parent=1123767"}],"wp:term":[{"taxonomy":"product_brand","embeddable":true,"href":"https:\/\/positiveprints.com\/fr\/wp-json\/wp\/v2\/product_brand?post=1123767"},{"taxonomy":"product_cat","embeddable":true,"href":"https:\/\/positiveprints.com\/fr\/wp-json\/wp\/v2\/product_cat?post=1123767"},{"taxonomy":"product_tag","embeddable":true,"href":"https:\/\/positiveprints.com\/fr\/wp-json\/wp\/v2\/product_tag?post=1123767"}],"curies":[{"name":"wp","href":"https:\/\/api.w.org\/{rel}","templated":true}]}}