{"id":1122934,"date":"2023-10-09T13:42:09","date_gmt":"2023-10-09T12:42:09","guid":{"rendered":"https:\/\/positiveprints.com\/?post_type=product&#038;p=1122934"},"modified":"2026-04-23T11:16:57","modified_gmt":"2026-04-23T10:16:57","slug":"collage-photo-en-lettre-la-legende-prend-sa-retraite","status":"publish","type":"product","link":"https:\/\/positiveprints.com\/fr\/produit\/collage-photo-en-lettre-la-legende-prend-sa-retraite\/","title":{"rendered":"Collage Photo en Lettre La L\u00e9gende Prend Sa Retraite"},"content":{"rendered":"<p>\u00c0 la recherche d&#8217;un <a href=\"https:\/\/positiveprints.com\/fr\/cadeaux-de-depart-en-retraite\/\">cadeau de retraite<\/a> sinc\u00e8re pour un coll\u00e8gue ou un patron ? Notre &#8220;Collage Photo en Lettre &#8220;La L\u00e9gende Prend Sa Retraite&#8221;&#8221; est le choix parfait. Vous pouvez le personnaliser en remplissant le mot choisi (par exemple, &#8220;l\u00e9gende&#8221;, &#8220;retrait\u00e9&#8221; ou &#8220;\u00e9quipe&#8221;) avec vos photos ch\u00e9ries. Notre \u00e9diteur en ligne convivial vous permet de personnaliser chaque d\u00e9tail, depuis la couleur de contour de chaque lettre jusqu&#8217;\u00e0 l&#8217;ajout de texte en haut et en bas pour une touche personnelle. T\u00e9l\u00e9chargez une photo pour chaque lettre et arrangez-les comme vous le souhaitez. Enfin, s\u00e9lectionnez votre format pr\u00e9f\u00e9r\u00e9 \u2013 encadr\u00e9, affiche imprim\u00e9e, toile ou fichier num\u00e9rique \u00e0 t\u00e9l\u00e9charger instantan\u00e9ment.<p\/>\r\n\r\n<h2>Cr\u00e9ez un Cadeau de Retraite Unique<\/h2>\r\nCapturez l&#8217;essence du parcours de retraite de votre coll\u00e8gue ou patron de mani\u00e8re unique avec notre collage photo en lettres. Ce n&#8217;est pas juste un cadeau ; c&#8217;est une expression sinc\u00e8re de respect et d&#8217;appr\u00e9ciation pour leurs ann\u00e9es de d\u00e9vouement et de travail acharn\u00e9. Choisissez des mots qui r\u00e9sonnent avec leur h\u00e9ritage, et remplissez-les avec les moments les plus importants. Avec la possibilit\u00e9 de personnaliser chaque aspect, vous pouvez vous assurer que le r\u00e9sultat final est un chef-d&#8217;\u0153uvre unique en son genre.\r\n<h2>Le Collage Photo en Lettre &#8220;La L\u00e9gende Prend Sa Retraite&#8221; : Un Cadeau d&#8217;Adieu Sinc\u00e8re<\/h2>\r\nLa retraite est une \u00e9tape importante, et le &#8220;Collage Photo en Lettre &#8220;La L\u00e9gende Prend Sa Retraite&#8221;&#8221; encapsule magnifiquement les \u00e9motions entourant cette transition. Ce cadeau personnalis\u00e9 est un t\u00e9moignage du respect et de l&#8217;admiration que vous et votre \u00e9quipe avez pour le retrait\u00e9. C&#8217;est une repr\u00e9sentation visuelle des souvenirs ch\u00e9ris et des exp\u00e9riences partag\u00e9es, en faisant un moyen touchant et sentimental de dire au revoir \u00e0 un coll\u00e8gue ou un patron appr\u00e9ci\u00e9.\r\nChoisir le bon cadeau de retraite peut \u00eatre difficile, mais notre collage photo en lettres simplifie le processus. Il ne sert pas seulement de souvenir m\u00e9morable d&#8217;appr\u00e9ciation, mais \u00e9voque aussi un sentiment de nostalgie et de gratitude. Le retrait\u00e9 ch\u00e9rira cette \u0153uvre d&#8217;art unique, l&#8217;affichant fi\u00e8rement dans sa maison ou son bureau comme un rappel constant des liens significatifs forg\u00e9s tout au long de sa carri\u00e8re.","protected":false},"excerpt":{"rendered":"<ul class=\"check-list\">\n<li>Capturez l&#8217;essence du parcours de retraite de votre coll\u00e8gue<\/li>\n<li>Incluez un texte personnalis\u00e9 significatif<\/li>\n<li>Personnalisez en 3 \u00e9tapes simples<\/li>\n<li>Choisissez un mod\u00e8le ou faites preuve de cr\u00e9ativit\u00e9<\/li>\n<li>Vois le r\u00e9sultat imm\u00e9diatement \u2013 l\u2019aper\u00e7u interactif te permet de peaufiner chaque d\u00e9tail<\/li>\n<\/ul>\n","protected":false},"featured_media":1290565,"template":"","meta":[],"product_brand":[],"product_cat":[9274,9123,104,5264,11390,7941],"product_tag":[13228,14847],"class_list":{"0":"post-1122934","1":"product","2":"type-product","3":"status-publish","4":"has-post-thumbnail","6":"product_cat-bestsellers-label-fr","7":"product_cat-photo-letter-fr","8":"product_cat-tous-les-produits","9":"product_cat-cadeaux-de-noel","10":"product_cat-cadeaux-de-noel-pour-les-collegues","11":"product_cat-cadeaux-de-depart-en-retraite","12":"product_tag-cadeau-de-noel-pour-un-collegue","13":"product_tag-retirement-fr-2","15":"first","16":"instock","17":"sale","18":"taxable","19":"shipping-taxable","20":"purchasable","21":"product-type-variable"},"yoast_head":"<!-- This site is optimized with the Yoast SEO Premium plugin v27.2 (Yoast SEO v27.2) - https:\/\/yoast.com\/product\/yoast-seo-premium-wordpress\/ -->\n<title>Collage Photo en Lettre La L\u00e9gende Prend Sa Retraite - Positive Prints<\/title>\n<meta name=\"description\" content=\"\u00c0 la recherche d&#039;un cadeau de retraite sinc\u00e8re pour un coll\u00e8gue ou un patron ? Le Collage Photo en Lettre La L\u00e9gende Prend Sa Retraite est le choix parfait.\" \/>\n<meta name=\"robots\" content=\"index, follow, max-snippet:-1, max-image-preview:large, max-video-preview:-1\" \/>\n<link rel=\"canonical\" href=\"https:\/\/positiveprints.com\/fr\/produit\/collage-photo-en-lettre-la-legende-prend-sa-retraite\/\" \/>\n<meta property=\"og:locale\" content=\"fr_FR\" \/>\n<meta property=\"og:type\" content=\"article\" \/>\n<meta property=\"og:title\" content=\"Collage Photo en Lettre La L\u00e9gende Prend Sa Retraite\" \/>\n<meta property=\"og:description\" content=\"Capturez l&#039;essence du parcours de retraite de votre coll\u00e8gue Incluez un texte personnalis\u00e9 significatif Personnalisez en 3 \u00e9tapes simples Choisissez un mod\u00e8le ou faites preuve de cr\u00e9ativit\u00e9 Vois le r\u00e9sultat imm\u00e9diatement \u2013 l\u2019aper\u00e7u interactif te permet de peaufiner chaque d\u00e9tail\" \/>\n<meta property=\"og:url\" content=\"https:\/\/positiveprints.com\/fr\/produit\/collage-photo-en-lettre-la-legende-prend-sa-retraite\/\" \/>\n<meta property=\"og:site_name\" content=\"Positive Prints\" \/>\n<meta property=\"article:publisher\" content=\"https:\/\/www.facebook.com\/positiveprintscom\" \/>\n<meta property=\"article:modified_time\" content=\"2026-04-23T10:16:57+00:00\" \/>\n<meta property=\"og:image\" content=\"https:\/\/positiveprints.com\/wp-content\/uploads\/2024\/12\/Packshot_FR_The-Legend-Has-Retired-Letter-Photo-Collage-product-image.webp\" \/>\n\t<meta property=\"og:image:width\" content=\"1450\" \/>\n\t<meta property=\"og:image:height\" content=\"1450\" \/>\n\t<meta property=\"og:image:type\" content=\"image\/webp\" \/>\n<meta name=\"twitter:card\" content=\"summary_large_image\" \/>\n<!-- \/ Yoast SEO Premium plugin. -->","yoast_head_json":{"title":"Collage Photo en Lettre La L\u00e9gende Prend Sa Retraite - Positive Prints","description":"\u00c0 la recherche d'un cadeau de retraite sinc\u00e8re pour un coll\u00e8gue ou un patron ? Le Collage Photo en Lettre La L\u00e9gende Prend Sa Retraite est le choix parfait.","robots":{"index":"index","follow":"follow","max-snippet":"max-snippet:-1","max-image-preview":"max-image-preview:large","max-video-preview":"max-video-preview:-1"},"canonical":"https:\/\/positiveprints.com\/fr\/produit\/collage-photo-en-lettre-la-legende-prend-sa-retraite\/","og_locale":"fr_FR","og_type":"article","og_title":"Collage Photo en Lettre La L\u00e9gende Prend Sa Retraite","og_description":"Capturez l'essence du parcours de retraite de votre coll\u00e8gue Incluez un texte personnalis\u00e9 significatif Personnalisez en 3 \u00e9tapes simples Choisissez un mod\u00e8le ou faites preuve de cr\u00e9ativit\u00e9 Vois le r\u00e9sultat imm\u00e9diatement \u2013 l\u2019aper\u00e7u interactif te permet de peaufiner chaque d\u00e9tail","og_url":"https:\/\/positiveprints.com\/fr\/produit\/collage-photo-en-lettre-la-legende-prend-sa-retraite\/","og_site_name":"Positive Prints","article_publisher":"https:\/\/www.facebook.com\/positiveprintscom","article_modified_time":"2026-04-23T10:16:57+00:00","og_image":[{"width":1450,"height":1450,"url":"https:\/\/positiveprints.com\/wp-content\/uploads\/2024\/12\/Packshot_FR_The-Legend-Has-Retired-Letter-Photo-Collage-product-image.webp","type":"image\/webp"}],"twitter_card":"summary_large_image","schema":{"@context":"https:\/\/schema.org","@graph":[{"@type":["WebPage","ItemPage"],"@id":"https:\/\/positiveprints.com\/fr\/produit\/collage-photo-en-lettre-la-legende-prend-sa-retraite\/","url":"https:\/\/positiveprints.com\/fr\/produit\/collage-photo-en-lettre-la-legende-prend-sa-retraite\/","name":"Collage Photo en Lettre La L\u00e9gende Prend Sa Retraite - Positive Prints","isPartOf":{"@id":"https:\/\/positiveprints.com\/fr\/#website"},"primaryImageOfPage":{"@id":"https:\/\/positiveprints.com\/fr\/produit\/collage-photo-en-lettre-la-legende-prend-sa-retraite\/#primaryimage"},"image":{"@id":"https:\/\/positiveprints.com\/fr\/produit\/collage-photo-en-lettre-la-legende-prend-sa-retraite\/#primaryimage"},"thumbnailUrl":"https:\/\/positiveprints.com\/wp-content\/uploads\/2024\/12\/Packshot_FR_The-Legend-Has-Retired-Letter-Photo-Collage-product-image.webp","datePublished":"2023-10-09T12:42:09+00:00","dateModified":"2026-04-23T10:16:57+00:00","description":"\u00c0 la recherche d'un cadeau de retraite sinc\u00e8re pour un coll\u00e8gue ou un patron ? Le Collage Photo en Lettre La L\u00e9gende Prend Sa Retraite est le choix parfait.","breadcrumb":{"@id":"https:\/\/positiveprints.com\/fr\/produit\/collage-photo-en-lettre-la-legende-prend-sa-retraite\/#breadcrumb"},"inLanguage":"fr-FR","potentialAction":[{"@type":"ReadAction","target":["https:\/\/positiveprints.com\/fr\/produit\/collage-photo-en-lettre-la-legende-prend-sa-retraite\/"]}]},{"@type":"ImageObject","inLanguage":"fr-FR","@id":"https:\/\/positiveprints.com\/fr\/produit\/collage-photo-en-lettre-la-legende-prend-sa-retraite\/#primaryimage","url":"https:\/\/positiveprints.com\/wp-content\/uploads\/2024\/12\/Packshot_FR_The-Legend-Has-Retired-Letter-Photo-Collage-product-image.webp","contentUrl":"https:\/\/positiveprints.com\/wp-content\/uploads\/2024\/12\/Packshot_FR_The-Legend-Has-Retired-Letter-Photo-Collage-product-image.webp","width":1450,"height":1450},{"@type":"BreadcrumbList","@id":"https:\/\/positiveprints.com\/fr\/produit\/collage-photo-en-lettre-la-legende-prend-sa-retraite\/#breadcrumb","itemListElement":[{"@type":"ListItem","position":1,"name":"Home","item":"https:\/\/positiveprints.com\/fr\/"},{"@type":"ListItem","position":2,"name":"Produits","item":"https:\/\/positiveprints.com\/fr\/shop\/"},{"@type":"ListItem","position":3,"name":"Collage Photo en Lettre La L\u00e9gende Prend Sa Retraite"}]},{"@type":"WebSite","@id":"https:\/\/positiveprints.com\/fr\/#website","url":"https:\/\/positiveprints.com\/fr\/","name":"Positive Prints","description":"Amazing Custom Personalized Gifts","publisher":{"@id":"https:\/\/positiveprints.com\/fr\/#organization"},"potentialAction":[{"@type":"SearchAction","target":{"@type":"EntryPoint","urlTemplate":"https:\/\/positiveprints.com\/fr\/?s={search_term_string}"},"query-input":{"@type":"PropertyValueSpecification","valueRequired":true,"valueName":"search_term_string"}}],"inLanguage":"fr-FR"},{"@type":"Organization","@id":"https:\/\/positiveprints.com\/fr\/#organization","name":"Positive Prints","alternateName":"Positive Prints","url":"https:\/\/positiveprints.com\/fr\/","logo":{"@type":"ImageObject","inLanguage":"fr-FR","@id":"https:\/\/positiveprints.com\/fr\/#\/schema\/logo\/image\/","url":"https:\/\/positiveprints.com\/wp-content\/uploads\/2026\/03\/245815646_1337939713319158_5671353136411139666_n.png","contentUrl":"https:\/\/positiveprints.com\/wp-content\/uploads\/2026\/03\/245815646_1337939713319158_5671353136411139666_n.png","width":800,"height":800,"caption":"Positive Prints"},"image":{"@id":"https:\/\/positiveprints.com\/fr\/#\/schema\/logo\/image\/"},"sameAs":["https:\/\/www.facebook.com\/positiveprintscom","https:\/\/www.instagram.com\/positiveprintscom\/","https:\/\/www.tiktok.com\/@positiveprintscom","https:\/\/www.pinterest.com\/positiveprintscom\/"]}]}},"jetpack_sharing_enabled":true,"_links":{"self":[{"href":"https:\/\/positiveprints.com\/fr\/wp-json\/wp\/v2\/product\/1122934","targetHints":{"allow":["GET"]}}],"collection":[{"href":"https:\/\/positiveprints.com\/fr\/wp-json\/wp\/v2\/product"}],"about":[{"href":"https:\/\/positiveprints.com\/fr\/wp-json\/wp\/v2\/types\/product"}],"wp:featuredmedia":[{"embeddable":true,"href":"https:\/\/positiveprints.com\/fr\/wp-json\/wp\/v2\/media\/1290565"}],"wp:attachment":[{"href":"https:\/\/positiveprints.com\/fr\/wp-json\/wp\/v2\/media?parent=1122934"}],"wp:term":[{"taxonomy":"product_brand","embeddable":true,"href":"https:\/\/positiveprints.com\/fr\/wp-json\/wp\/v2\/product_brand?post=1122934"},{"taxonomy":"product_cat","embeddable":true,"href":"https:\/\/positiveprints.com\/fr\/wp-json\/wp\/v2\/product_cat?post=1122934"},{"taxonomy":"product_tag","embeddable":true,"href":"https:\/\/positiveprints.com\/fr\/wp-json\/wp\/v2\/product_tag?post=1122934"}],"curies":[{"name":"wp","href":"https:\/\/api.w.org\/{rel}","templated":true}]}}