{"id":1122927,"date":"2023-10-04T13:19:12","date_gmt":"2023-10-04T12:19:12","guid":{"rendered":"https:\/\/positiveprints.com\/?post_type=product&#038;p=1122927"},"modified":"2026-04-03T03:04:53","modified_gmt":"2026-04-03T02:04:53","slug":"collage-photo-en-lettre-pour-la-tante","status":"publish","type":"product","link":"https:\/\/positiveprints.com\/fr\/produit\/collage-photo-en-lettre-pour-la-tante\/","title":{"rendered":"Collage Photo en Lettres pour votre Tante"},"content":{"rendered":"Cr\u00e9ez un Collage Photo en Lettre pour la Tante unique comme cadeau sinc\u00e8re. Personnalisez un message avec le mot de votre choix ou le nom de votre tante, ajoutez des photos et choisissez les couleurs des contours. Exprimez votre amour avec une impression unique pour No\u00ebl, les anniversaires ou toute occasion sp\u00e9ciale.\r\n<h2>Cr\u00e9ation d&#8217;un Collage Photo en Lettre Personnalis\u00e9 pour la Tante<\/h2>\r\n\u00c9levez votre art de donner des cadeaux avec notre Collage Photo en Lettre pour la Tante. Il est facile de cr\u00e9er un superbe <a href=\"https:\/\/positiveprints.com\/fr\/produit\/collage-photo-de-lettre\/\">collage de lettres<\/a> qui \u00e9pelle &#8220;tante&#8221;, &#8220;tatie&#8221;, &#8220;tantine&#8221; ou le nom de votre tante. Personnalisez-le en choisissant les couleurs des contours pour chaque lettre, en ajoutant du texte en haut et en bas pour le rendre encore plus personnel. Partagez un message sinc\u00e8re qui r\u00e9sonne.\r\n\r\nLa vraie magie op\u00e8re lorsque vous t\u00e9l\u00e9chargez des photos pour chaque lettre. Zoomez, ajustez les positions et regardez vos pr\u00e9cieux souvenirs former un magnifique collage qui vous est propre. Une fois termin\u00e9, s\u00e9lectionnez votre format pr\u00e9f\u00e9r\u00e9 \u2013 encadr\u00e9, affiche imprim\u00e9e, toile ou fichier num\u00e9rique \u00e0 t\u00e9l\u00e9charger instantan\u00e9ment.\r\n<h2>Un Cadeau Parfait pour Votre Ch\u00e8re Tante<\/h2>\r\nNotre Collage Photo en Lettre pour la Tante n&#8217;est pas seulement un cadeau ; c&#8217;est une expression d&#8217;amour pour l&#8217;une des personnes les plus ch\u00e8res de votre vie. Ce chef-d&#8217;\u0153uvre personnalis\u00e9 est id\u00e9al pour No\u00ebl, l&#8217;anniversaire de votre tante ou tout autre moment que vous souhaitez rendre encore plus sp\u00e9cial. En tissant vos souvenirs ch\u00e9ris dans le mot de votre choix, vous offrez un cadeau qui n&#8217;est pas seulement visuellement magnifique mais aussi profond\u00e9ment \u00e9motionnel.\r\nVotre tante ressentira la chaleur de votre amour chaque fois qu&#8217;elle regardera cette belle cr\u00e9ation. C&#8217;est un geste sinc\u00e8re qui lui rappellera votre lien et les moments inoubliables que vous avez partag\u00e9s. Ce collage unique capture l&#8217;essence de votre relation et apporte joie et nostalgie \u00e0 toute occasion.","protected":false},"excerpt":{"rendered":"<ul class=\"check-list\">\n<li>Ajoutez un texte personnalis\u00e9 significatif<\/li>\n<li>Personnalisez en 3 \u00e9tapes simples<\/li>\n<li>Choisissez un mod\u00e8le ou faites preuve de cr\u00e9ativit\u00e9<\/li>\n<li>Visualisez le r\u00e9sultat imm\u00e9diatement avec l&#8217;aper\u00e7u interactif<\/li>\n<\/ul>\n","protected":false},"featured_media":1670978,"template":"","meta":[],"product_brand":[],"product_cat":[9123,104],"product_tag":[16138,17307,13329,17166,17027,8533,16120],"class_list":{"0":"post-1122927","1":"product","2":"type-product","3":"status-publish","4":"has-post-thumbnail","6":"product_cat-photo-letter-fr","7":"product_cat-tous-les-produits","8":"product_tag-auntie-fr","9":"product_tag-cadeau-danniversaire-pour-tante","10":"product_tag-cadeau-de-noel-pour-une-tante","11":"product_tag-cadeau-pour-tante","12":"product_tag-cadeaux-pour-tante","13":"product_tag-family-fr","14":"product_tag-tante","16":"first","17":"instock","18":"sale","19":"taxable","20":"shipping-taxable","21":"purchasable","22":"product-type-variable"},"yoast_head":"<!-- This site is optimized with the Yoast SEO Premium plugin v27.2 (Yoast SEO v27.2) - https:\/\/yoast.com\/product\/yoast-seo-premium-wordpress\/ -->\n<title>Collage Photo en Lettres pour votre Tante - Positive Prints<\/title>\n<meta name=\"description\" content=\"Surprenez votre tante avec un cadeau sinc\u00e8re ! Cr\u00e9ez un collage photos de lettres personnalis\u00e9es rempli de souvenirs sp\u00e9ciaux pour montrer \u00e0 quel point elle compte pour vous.\" \/>\n<meta name=\"robots\" content=\"index, follow, max-snippet:-1, max-image-preview:large, max-video-preview:-1\" \/>\n<link rel=\"canonical\" href=\"https:\/\/positiveprints.com\/fr\/produit\/collage-photo-en-lettre-pour-la-tante\/\" \/>\n<meta property=\"og:locale\" content=\"fr_FR\" \/>\n<meta property=\"og:type\" content=\"article\" \/>\n<meta property=\"og:title\" content=\"Collage Photo en Lettres pour votre Tante\" \/>\n<meta property=\"og:description\" content=\"Ajoutez un texte personnalis\u00e9 significatif  Personnalisez en 3 \u00e9tapes simples  Choisissez un mod\u00e8le ou faites preuve de cr\u00e9ativit\u00e9  Visualisez le r\u00e9sultat imm\u00e9diatement avec l&#039;aper\u00e7u interactif\" \/>\n<meta property=\"og:url\" content=\"https:\/\/positiveprints.com\/fr\/produit\/collage-photo-en-lettre-pour-la-tante\/\" \/>\n<meta property=\"og:site_name\" content=\"Positive Prints\" \/>\n<meta property=\"article:publisher\" content=\"https:\/\/www.facebook.com\/positiveprintscom\" \/>\n<meta property=\"article:modified_time\" content=\"2026-04-03T02:04:53+00:00\" \/>\n<meta property=\"og:image\" content=\"https:\/\/positiveprints.com\/wp-content\/uploads\/2025\/03\/Packshot_FR_TATIE.webp\" \/>\n\t<meta property=\"og:image:width\" content=\"1450\" \/>\n\t<meta property=\"og:image:height\" content=\"1450\" \/>\n\t<meta property=\"og:image:type\" content=\"image\/webp\" \/>\n<meta name=\"twitter:card\" content=\"summary_large_image\" \/>\n<meta name=\"twitter:label1\" content=\"Dur\u00e9e de lecture estim\u00e9e\" \/>\n\t<meta name=\"twitter:data1\" content=\"2 minutes\" \/>\n<!-- \/ Yoast SEO Premium plugin. -->","yoast_head_json":{"title":"Collage Photo en Lettres pour votre Tante - Positive Prints","description":"Surprenez votre tante avec un cadeau sinc\u00e8re ! Cr\u00e9ez un collage photos de lettres personnalis\u00e9es rempli de souvenirs sp\u00e9ciaux pour montrer \u00e0 quel point elle compte pour vous.","robots":{"index":"index","follow":"follow","max-snippet":"max-snippet:-1","max-image-preview":"max-image-preview:large","max-video-preview":"max-video-preview:-1"},"canonical":"https:\/\/positiveprints.com\/fr\/produit\/collage-photo-en-lettre-pour-la-tante\/","og_locale":"fr_FR","og_type":"article","og_title":"Collage Photo en Lettres pour votre Tante","og_description":"Ajoutez un texte personnalis\u00e9 significatif  Personnalisez en 3 \u00e9tapes simples  Choisissez un mod\u00e8le ou faites preuve de cr\u00e9ativit\u00e9  Visualisez le r\u00e9sultat imm\u00e9diatement avec l'aper\u00e7u interactif","og_url":"https:\/\/positiveprints.com\/fr\/produit\/collage-photo-en-lettre-pour-la-tante\/","og_site_name":"Positive Prints","article_publisher":"https:\/\/www.facebook.com\/positiveprintscom","article_modified_time":"2026-04-03T02:04:53+00:00","og_image":[{"width":1450,"height":1450,"url":"https:\/\/positiveprints.com\/wp-content\/uploads\/2025\/03\/Packshot_FR_TATIE.webp","type":"image\/webp"}],"twitter_card":"summary_large_image","twitter_misc":{"Dur\u00e9e de lecture estim\u00e9e":"2 minutes"},"schema":{"@context":"https:\/\/schema.org","@graph":[{"@type":["WebPage","ItemPage"],"@id":"https:\/\/positiveprints.com\/fr\/produit\/collage-photo-en-lettre-pour-la-tante\/","url":"https:\/\/positiveprints.com\/fr\/produit\/collage-photo-en-lettre-pour-la-tante\/","name":"Collage Photo en Lettres pour votre Tante - Positive Prints","isPartOf":{"@id":"https:\/\/positiveprints.com\/fr\/#website"},"primaryImageOfPage":{"@id":"https:\/\/positiveprints.com\/fr\/produit\/collage-photo-en-lettre-pour-la-tante\/#primaryimage"},"image":{"@id":"https:\/\/positiveprints.com\/fr\/produit\/collage-photo-en-lettre-pour-la-tante\/#primaryimage"},"thumbnailUrl":"https:\/\/positiveprints.com\/wp-content\/uploads\/2026\/03\/tatie_FR.webp","datePublished":"2023-10-04T12:19:12+00:00","dateModified":"2026-04-03T02:04:53+00:00","description":"Surprenez votre tante avec un cadeau sinc\u00e8re ! Cr\u00e9ez un collage photos de lettres personnalis\u00e9es rempli de souvenirs sp\u00e9ciaux pour montrer \u00e0 quel point elle compte pour vous.","breadcrumb":{"@id":"https:\/\/positiveprints.com\/fr\/produit\/collage-photo-en-lettre-pour-la-tante\/#breadcrumb"},"inLanguage":"fr-FR","potentialAction":[{"@type":"ReadAction","target":["https:\/\/positiveprints.com\/fr\/produit\/collage-photo-en-lettre-pour-la-tante\/"]}]},{"@type":"ImageObject","inLanguage":"fr-FR","@id":"https:\/\/positiveprints.com\/fr\/produit\/collage-photo-en-lettre-pour-la-tante\/#primaryimage","url":"https:\/\/positiveprints.com\/wp-content\/uploads\/2026\/03\/tatie_FR.webp","contentUrl":"https:\/\/positiveprints.com\/wp-content\/uploads\/2026\/03\/tatie_FR.webp","width":1450,"height":1450},{"@type":"BreadcrumbList","@id":"https:\/\/positiveprints.com\/fr\/produit\/collage-photo-en-lettre-pour-la-tante\/#breadcrumb","itemListElement":[{"@type":"ListItem","position":1,"name":"Home","item":"https:\/\/positiveprints.com\/fr\/"},{"@type":"ListItem","position":2,"name":"Produits","item":"https:\/\/positiveprints.com\/fr\/shop\/"},{"@type":"ListItem","position":3,"name":"Collage Photo en Lettres pour votre Tante"}]},{"@type":"WebSite","@id":"https:\/\/positiveprints.com\/fr\/#website","url":"https:\/\/positiveprints.com\/fr\/","name":"Positive Prints","description":"Amazing Custom Personalized Gifts","publisher":{"@id":"https:\/\/positiveprints.com\/fr\/#organization"},"potentialAction":[{"@type":"SearchAction","target":{"@type":"EntryPoint","urlTemplate":"https:\/\/positiveprints.com\/fr\/?s={search_term_string}"},"query-input":{"@type":"PropertyValueSpecification","valueRequired":true,"valueName":"search_term_string"}}],"inLanguage":"fr-FR"},{"@type":"Organization","@id":"https:\/\/positiveprints.com\/fr\/#organization","name":"Positive Prints","alternateName":"Positive Prints","url":"https:\/\/positiveprints.com\/fr\/","logo":{"@type":"ImageObject","inLanguage":"fr-FR","@id":"https:\/\/positiveprints.com\/fr\/#\/schema\/logo\/image\/","url":"https:\/\/positiveprints.com\/wp-content\/uploads\/2026\/03\/245815646_1337939713319158_5671353136411139666_n.png","contentUrl":"https:\/\/positiveprints.com\/wp-content\/uploads\/2026\/03\/245815646_1337939713319158_5671353136411139666_n.png","width":800,"height":800,"caption":"Positive Prints"},"image":{"@id":"https:\/\/positiveprints.com\/fr\/#\/schema\/logo\/image\/"},"sameAs":["https:\/\/www.facebook.com\/positiveprintscom","https:\/\/www.instagram.com\/positiveprintscom\/","https:\/\/www.tiktok.com\/@positiveprintscom","https:\/\/www.pinterest.com\/positiveprintscom\/"]}]}},"jetpack_sharing_enabled":true,"_links":{"self":[{"href":"https:\/\/positiveprints.com\/fr\/wp-json\/wp\/v2\/product\/1122927","targetHints":{"allow":["GET"]}}],"collection":[{"href":"https:\/\/positiveprints.com\/fr\/wp-json\/wp\/v2\/product"}],"about":[{"href":"https:\/\/positiveprints.com\/fr\/wp-json\/wp\/v2\/types\/product"}],"wp:featuredmedia":[{"embeddable":true,"href":"https:\/\/positiveprints.com\/fr\/wp-json\/wp\/v2\/media\/1670978"}],"wp:attachment":[{"href":"https:\/\/positiveprints.com\/fr\/wp-json\/wp\/v2\/media?parent=1122927"}],"wp:term":[{"taxonomy":"product_brand","embeddable":true,"href":"https:\/\/positiveprints.com\/fr\/wp-json\/wp\/v2\/product_brand?post=1122927"},{"taxonomy":"product_cat","embeddable":true,"href":"https:\/\/positiveprints.com\/fr\/wp-json\/wp\/v2\/product_cat?post=1122927"},{"taxonomy":"product_tag","embeddable":true,"href":"https:\/\/positiveprints.com\/fr\/wp-json\/wp\/v2\/product_tag?post=1122927"}],"curies":[{"name":"wp","href":"https:\/\/api.w.org\/{rel}","templated":true}]}}