{"id":1122917,"date":"2023-10-04T11:28:55","date_gmt":"2023-10-04T10:28:55","guid":{"rendered":"https:\/\/positiveprints.com\/?post_type=product&#038;p=1122917"},"modified":"2026-04-28T14:07:55","modified_gmt":"2026-04-28T13:07:55","slug":"meilleures-amies-affiche-personnalisee","status":"publish","type":"product","link":"https:\/\/positiveprints.com\/fr\/produit\/meilleures-amies-affiche-personnalisee\/","title":{"rendered":"Collage Photo de Lettres pour les Amis"},"content":{"rendered":"<p style=\"margin-top: 1rem;\">Cr\u00e9ez un cadeau sinc\u00e8re et <a href=\"https:\/\/positiveprints.com\/fr\/cadeaux-pour-amis\/\">personnalis\u00e9 pour votre ami<\/a> avec notre Collage Photo en Lettre d&#8217;Amis. Choisissez un mot, ajoutez vos photos et concevez un collage unique en forme de lettre. Parfait pour les anniversaires, les vacances ou toute occasion sp\u00e9ciale.<\/p>\r\n<h2>Cr\u00e9ation d&#8217;un Collage Photo en Lettre d&#8217;Amis Personnalis\u00e9<\/h2>\r\n<p style=\"margin-top: 1rem;\">Transformez vos souvenirs ch\u00e9ris en un cadeau unique en son genre avec notre Collage Photo en Lettre d&#8217;Amis. Notre \u00e9diteur en ligne facile \u00e0 utiliser vous permet de choisir un mot comme &#8220;amis&#8221;, &#8220;bff&#8221; ou tout autre mot de votre choix. S\u00e9lectionnez une couleur de contour pour chaque lettre et ajoutez du texte en haut et en bas pour transmettre un message significatif. Ensuite, t\u00e9l\u00e9chargez une photo pour chaque lettre et peaufinez leur position dans la forme de la lettre. Zoomez, d\u00e9zoomez et arrangez vos photos pour cr\u00e9er un collage \u00e9poustouflant qui refl\u00e8te votre amiti\u00e9.<\/p>\r\n\r\n<p style=\"margin-top: 1rem;\">Avec diff\u00e9rentes options de format, vous pouvez commander votre \u0153uvre d&#8217;art sous forme de souvenir encadr\u00e9, d&#8217;affiche imprim\u00e9e, de toile ou m\u00eame d&#8217;un fichier num\u00e9rique \u00e0 t\u00e9l\u00e9charger instantan\u00e9ment. Ce cadeau personnalis\u00e9 n&#8217;est pas seulement une collection de photos ; c&#8217;est un symbole de votre lien unique avec votre ami.<\/p>\r\n<h2>Le Cadeau Parfait<\/h2>\r\n<p style=\"margin-top: 1rem;\">Le Collage Photo en Lettre d&#8217;Amis est plus qu&#8217;un simple pr\u00e9sent ; c&#8217;est une expression sinc\u00e8re de votre appr\u00e9ciation pour cet ami sp\u00e9cial dans votre vie. Que ce soit une surprise de No\u00ebl, une c\u00e9l\u00e9bration d&#8217;anniversaire ou un geste de la Saint-Valentin entre amies, ce cadeau personnalis\u00e9 touchera leur c\u0153ur.<\/p>\r\n\r\n<p style=\"margin-top: 1rem;\">Montrez \u00e0 votre ami qu&#8217;il ne fait pas seulement partie de votre vie ; il en est un \u00e9l\u00e9ment essentiel. Ce collage encapsule les souvenirs partag\u00e9s, les blagues internes et la connexion unique que vous partagez. C&#8217;est une fa\u00e7on r\u00e9fl\u00e9chie de c\u00e9l\u00e9brer votre amiti\u00e9 et de cr\u00e9er un souvenir durable.<\/p>\r\n\r\n<p style=\"margin-top: 1rem;\">Choisissez ce cadeau pour rendre la journ\u00e9e sp\u00e9ciale de votre ami encore plus remarquable. Avec vos moments partag\u00e9s magnifiquement affich\u00e9s dans ce collage, c&#8217;est un rappel que votre amiti\u00e9 est un tr\u00e9sor \u00e0 ch\u00e9rir pour toujours. Offrez le cadeau des souvenirs, du rire et de l&#8217;amour avec notre Collage Photo en Lettre d&#8217;Amis.<\/p>","protected":false},"excerpt":{"rendered":"<ul class=\"check-list\">\n<li>Incluez un texte personnalis\u00e9 fort<\/li>\n<li>Personnalisez votre design en 3 \u00e9tapes simples<\/li>\n<li>Choisissez un mod\u00e8le ou faites preuve de cr\u00e9ativit\u00e9<\/li>\n<li>Visualisez le r\u00e9sultat imm\u00e9diatement avec l\u2019aper\u00e7u interactif<\/li>\n<\/ul>\n","protected":false},"featured_media":1679116,"template":"","meta":[],"product_brand":[],"product_cat":[9123,9760,104,5264,15042,7829],"product_tag":[15176,15223,15177,9383,15178,15218,15179,15216,15217,15221],"class_list":{"0":"post-1122917","1":"product","2":"type-product","3":"status-publish","4":"has-post-thumbnail","6":"product_cat-photo-letter-fr","7":"product_cat-trending-label-fr","8":"product_cat-tous-les-produits","9":"product_cat-cadeaux-de-noel","10":"product_cat-cadeaux-de-noel-pour-les-amis","11":"product_cat-cadeaux-pour-amis","12":"product_tag-best-friend-fr","13":"product_tag-best-friends-fr","14":"product_tag-best-friends-forever-fr","15":"product_tag-besties-fr","16":"product_tag-bff-fr","17":"product_tag-christmas-gifts-for-friends-fr","18":"product_tag-friend-fr","19":"product_tag-friends-fr","20":"product_tag-friendship-fr","21":"product_tag-galentines-day-fr-2","23":"first","24":"instock","25":"sale","26":"taxable","27":"shipping-taxable","28":"purchasable","29":"product-type-variable"},"yoast_head":"<!-- This site is optimized with the Yoast SEO Premium plugin v27.2 (Yoast SEO v27.2) - https:\/\/yoast.com\/product\/yoast-seo-premium-wordpress\/ -->\n<title>Collage Photo de Lettres pour les Amis - Positive Prints<\/title>\n<meta name=\"description\" content=\"Offrez \u00e0 votre ami(e) un cadeau inoubliable ! Cr\u00e9ez un collage de photos personnalis\u00e9 rempli de moments partag\u00e9s et de souvenirs inoubliables.\" \/>\n<meta name=\"robots\" content=\"index, follow, max-snippet:-1, max-image-preview:large, max-video-preview:-1\" \/>\n<link rel=\"canonical\" href=\"https:\/\/positiveprints.com\/fr\/produit\/meilleures-amies-affiche-personnalisee\/\" \/>\n<meta property=\"og:locale\" content=\"fr_FR\" \/>\n<meta property=\"og:type\" content=\"article\" \/>\n<meta property=\"og:title\" content=\"Collage Photo de Lettres pour les Amis\" \/>\n<meta property=\"og:description\" content=\"Incluez un texte personnalis\u00e9 fort      Personnalisez votre design en 3 \u00e9tapes simples      Choisissez un mod\u00e8le ou faites preuve de cr\u00e9ativit\u00e9      Visualisez le r\u00e9sultat imm\u00e9diatement avec l\u2019aper\u00e7u interactif\" \/>\n<meta property=\"og:url\" content=\"https:\/\/positiveprints.com\/fr\/produit\/meilleures-amies-affiche-personnalisee\/\" \/>\n<meta property=\"og:site_name\" content=\"Positive Prints\" \/>\n<meta property=\"article:publisher\" content=\"https:\/\/www.facebook.com\/positiveprintscom\" \/>\n<meta property=\"article:modified_time\" content=\"2026-04-28T13:07:55+00:00\" \/>\n<meta property=\"og:image\" content=\"https:\/\/positiveprints.com\/wp-content\/uploads\/2025\/03\/Packshot_FR_AMIES.webp\" \/>\n\t<meta property=\"og:image:width\" content=\"1450\" \/>\n\t<meta property=\"og:image:height\" content=\"1450\" \/>\n\t<meta property=\"og:image:type\" content=\"image\/webp\" \/>\n<meta name=\"twitter:card\" content=\"summary_large_image\" \/>\n<!-- \/ Yoast SEO Premium plugin. -->","yoast_head_json":{"title":"Collage Photo de Lettres pour les Amis - Positive Prints","description":"Offrez \u00e0 votre ami(e) un cadeau inoubliable ! Cr\u00e9ez un collage de photos personnalis\u00e9 rempli de moments partag\u00e9s et de souvenirs inoubliables.","robots":{"index":"index","follow":"follow","max-snippet":"max-snippet:-1","max-image-preview":"max-image-preview:large","max-video-preview":"max-video-preview:-1"},"canonical":"https:\/\/positiveprints.com\/fr\/produit\/meilleures-amies-affiche-personnalisee\/","og_locale":"fr_FR","og_type":"article","og_title":"Collage Photo de Lettres pour les Amis","og_description":"Incluez un texte personnalis\u00e9 fort      Personnalisez votre design en 3 \u00e9tapes simples      Choisissez un mod\u00e8le ou faites preuve de cr\u00e9ativit\u00e9      Visualisez le r\u00e9sultat imm\u00e9diatement avec l\u2019aper\u00e7u interactif","og_url":"https:\/\/positiveprints.com\/fr\/produit\/meilleures-amies-affiche-personnalisee\/","og_site_name":"Positive Prints","article_publisher":"https:\/\/www.facebook.com\/positiveprintscom","article_modified_time":"2026-04-28T13:07:55+00:00","og_image":[{"width":1450,"height":1450,"url":"https:\/\/positiveprints.com\/wp-content\/uploads\/2025\/03\/Packshot_FR_AMIES.webp","type":"image\/webp"}],"twitter_card":"summary_large_image","schema":{"@context":"https:\/\/schema.org","@graph":[{"@type":["WebPage","ItemPage"],"@id":"https:\/\/positiveprints.com\/fr\/produit\/meilleures-amies-affiche-personnalisee\/","url":"https:\/\/positiveprints.com\/fr\/produit\/meilleures-amies-affiche-personnalisee\/","name":"Collage Photo de Lettres pour les Amis - Positive Prints","isPartOf":{"@id":"https:\/\/positiveprints.com\/fr\/#website"},"primaryImageOfPage":{"@id":"https:\/\/positiveprints.com\/fr\/produit\/meilleures-amies-affiche-personnalisee\/#primaryimage"},"image":{"@id":"https:\/\/positiveprints.com\/fr\/produit\/meilleures-amies-affiche-personnalisee\/#primaryimage"},"thumbnailUrl":"https:\/\/positiveprints.com\/wp-content\/uploads\/2026\/03\/amies_FR-Packshot.webp","datePublished":"2023-10-04T10:28:55+00:00","dateModified":"2026-04-28T13:07:55+00:00","description":"Offrez \u00e0 votre ami(e) un cadeau inoubliable ! Cr\u00e9ez un collage de photos personnalis\u00e9 rempli de moments partag\u00e9s et de souvenirs inoubliables.","breadcrumb":{"@id":"https:\/\/positiveprints.com\/fr\/produit\/meilleures-amies-affiche-personnalisee\/#breadcrumb"},"inLanguage":"fr-FR","potentialAction":[{"@type":"ReadAction","target":["https:\/\/positiveprints.com\/fr\/produit\/meilleures-amies-affiche-personnalisee\/"]}]},{"@type":"ImageObject","inLanguage":"fr-FR","@id":"https:\/\/positiveprints.com\/fr\/produit\/meilleures-amies-affiche-personnalisee\/#primaryimage","url":"https:\/\/positiveprints.com\/wp-content\/uploads\/2026\/03\/amies_FR-Packshot.webp","contentUrl":"https:\/\/positiveprints.com\/wp-content\/uploads\/2026\/03\/amies_FR-Packshot.webp","width":1450,"height":1450},{"@type":"BreadcrumbList","@id":"https:\/\/positiveprints.com\/fr\/produit\/meilleures-amies-affiche-personnalisee\/#breadcrumb","itemListElement":[{"@type":"ListItem","position":1,"name":"Home","item":"https:\/\/positiveprints.com\/fr\/"},{"@type":"ListItem","position":2,"name":"Produits","item":"https:\/\/positiveprints.com\/fr\/shop\/"},{"@type":"ListItem","position":3,"name":"Collage Photo de Lettres pour les Amis"}]},{"@type":"WebSite","@id":"https:\/\/positiveprints.com\/fr\/#website","url":"https:\/\/positiveprints.com\/fr\/","name":"Positive Prints","description":"Amazing Custom Personalized Gifts","publisher":{"@id":"https:\/\/positiveprints.com\/fr\/#organization"},"potentialAction":[{"@type":"SearchAction","target":{"@type":"EntryPoint","urlTemplate":"https:\/\/positiveprints.com\/fr\/?s={search_term_string}"},"query-input":{"@type":"PropertyValueSpecification","valueRequired":true,"valueName":"search_term_string"}}],"inLanguage":"fr-FR"},{"@type":"Organization","@id":"https:\/\/positiveprints.com\/fr\/#organization","name":"Positive Prints","alternateName":"Positive Prints","url":"https:\/\/positiveprints.com\/fr\/","logo":{"@type":"ImageObject","inLanguage":"fr-FR","@id":"https:\/\/positiveprints.com\/fr\/#\/schema\/logo\/image\/","url":"https:\/\/positiveprints.com\/wp-content\/uploads\/2026\/03\/245815646_1337939713319158_5671353136411139666_n.png","contentUrl":"https:\/\/positiveprints.com\/wp-content\/uploads\/2026\/03\/245815646_1337939713319158_5671353136411139666_n.png","width":800,"height":800,"caption":"Positive Prints"},"image":{"@id":"https:\/\/positiveprints.com\/fr\/#\/schema\/logo\/image\/"},"sameAs":["https:\/\/www.facebook.com\/positiveprintscom","https:\/\/www.instagram.com\/positiveprintscom\/","https:\/\/www.tiktok.com\/@positiveprintscom","https:\/\/www.pinterest.com\/positiveprintscom\/"]}]}},"jetpack_sharing_enabled":true,"_links":{"self":[{"href":"https:\/\/positiveprints.com\/fr\/wp-json\/wp\/v2\/product\/1122917","targetHints":{"allow":["GET"]}}],"collection":[{"href":"https:\/\/positiveprints.com\/fr\/wp-json\/wp\/v2\/product"}],"about":[{"href":"https:\/\/positiveprints.com\/fr\/wp-json\/wp\/v2\/types\/product"}],"wp:featuredmedia":[{"embeddable":true,"href":"https:\/\/positiveprints.com\/fr\/wp-json\/wp\/v2\/media\/1679116"}],"wp:attachment":[{"href":"https:\/\/positiveprints.com\/fr\/wp-json\/wp\/v2\/media?parent=1122917"}],"wp:term":[{"taxonomy":"product_brand","embeddable":true,"href":"https:\/\/positiveprints.com\/fr\/wp-json\/wp\/v2\/product_brand?post=1122917"},{"taxonomy":"product_cat","embeddable":true,"href":"https:\/\/positiveprints.com\/fr\/wp-json\/wp\/v2\/product_cat?post=1122917"},{"taxonomy":"product_tag","embeddable":true,"href":"https:\/\/positiveprints.com\/fr\/wp-json\/wp\/v2\/product_tag?post=1122917"}],"curies":[{"name":"wp","href":"https:\/\/api.w.org\/{rel}","templated":true}]}}