{"id":1122902,"date":"2023-10-12T12:31:34","date_gmt":"2023-10-12T11:31:34","guid":{"rendered":"https:\/\/positiveprints.com\/?post_type=product&#038;p=1122902"},"modified":"2026-04-03T03:03:43","modified_gmt":"2026-04-03T02:03:43","slug":"collage-photo-en-lettre-de-lequipe-sportive","status":"publish","type":"product","link":"https:\/\/positiveprints.com\/fr\/produit\/collage-photo-en-lettre-de-lequipe-sportive\/","title":{"rendered":"Collage photo de Lettres pour \u00e9quipe sportive"},"content":{"rendered":"<p>\u00cates-vous pr\u00eat \u00e0 offrir un cadeau qui sera ch\u00e9ri pour toujours ? Notre Collage Photo en Lettre de l&#8217;\u00c9quipe Sportive est le choix parfait pour toutes les occasions. Que ce soit pour la fin de saison, une surprise de No\u00ebl, une f\u00eate d&#8217;anniversaire ou simplement pour montrer votre appr\u00e9ciation, cette \u0153uvre d&#8217;art personnalis\u00e9e ravira vos coll\u00e8gues, <a href=\"https:\/\/positiveprints.com\/fr\/cadeaux-pour-fan-de-sport\/\">fans de sport<\/a>, \u00e9quipe ou coach. Transformez votre mot pr\u00e9f\u00e9r\u00e9 en un magnifique collage rempli de souvenirs pr\u00e9cieux. Plongez dans notre \u00e9diteur en ligne et commencez \u00e0 cr\u00e9er votre chef-d&#8217;\u0153uvre photo en forme de lettre d\u00e8s aujourd&#8217;hui !<\/p>\r\n\r\n<h2>Collage Photo en Lettre de l&#8217;\u00c9quipe Sportive : Souvenirs Inoubliables<\/h2>\r\nCr\u00e9ez un cadeau personnalis\u00e9 unique en son genre avec notre Collage Photo en Lettre de l&#8217;\u00c9quipe Sportive. Le processus est simple et amusant. Choisissez n&#8217;importe quel mot \u2013 cela pourrait \u00eatre le nom de votre \u00e9quipe, le nom d&#8217;un coll\u00e8gue, un surnom sp\u00e9cial ou &#8220;\u00e9quipe&#8221;. Personnalisez-le \u00e0 votre go\u00fbt en s\u00e9lectionnant une couleur de contour pour chaque lettre. Ajoutez une touche personnelle avec un texte en haut et en bas, un message sinc\u00e8re qui compl\u00e8te votre collage photo.\r\nEnsuite, t\u00e9l\u00e9chargez les photos qui comptent le plus pour vous et placez-les dans chaque lettre, en veillant \u00e0 ce qu&#8217;elles s&#8217;ajustent parfaitement. Zoomez, d\u00e9zoomez et r\u00e9organisez pour cr\u00e9er un collage magnifique qui raconte votre histoire unique. Les possibilit\u00e9s sont infinies. Enfin, s\u00e9lectionnez le format souhait\u00e9, que ce soit une impression encadr\u00e9e, une toile ou un t\u00e9l\u00e9chargement num\u00e9rique instantan\u00e9 \u2013 vous avez le pouvoir de choisir comment pr\u00e9senter votre chef-d&#8217;\u0153uvre.\r\n\r\n<h2>Des \u00c9motions dans Chaque Lettre<\/h2>\r\nPourquoi notre Collage Photo en Lettre de l&#8217;\u00c9quipe Sportive est-il le cadeau parfait ? C&#8217;est un v\u00e9ritable tr\u00e9sor d&#8217;\u00e9motions ! Cette cr\u00e9ation r\u00e9fl\u00e9chie capture l&#8217;essence de votre parcours, en faisant un souvenir durable. Que ce soit l&#8217;excitation de la fin de saison, la chaleur des f\u00eates, une surprise d&#8217;anniversaire ou un simple &#8220;merci&#8221;, ce collage r\u00e9sonne avec le c\u0153ur et l&#8217;\u00e2me de votre \u00e9quipe ou de vos coll\u00e8gues.\r\nOffrir ce collage, ce n&#8217;est pas seulement donner un cadeau. C&#8217;est offrir un morceau de votre histoire. La joie, la camaraderie et les exp\u00e9riences partag\u00e9es grav\u00e9es dans chaque lettre en font un souvenir intemporel. C&#8217;est un rappel des liens qui se renforcent avec le temps et des victoires, grandes et petites, qui d\u00e9finissent votre \u00e9quipe.\r\n\r\nLib\u00e9rez la puissance des souvenirs et des \u00e9motions avec notre Collage Photo en Lettre de l&#8217;\u00c9quipe Sportive. Offrez le cadeau d&#8217;impressions durables et de moments pr\u00e9cieux. Commencez d\u00e8s maintenant dans notre \u00e9diteur en ligne et laissez vos souvenirs occuper le devant de la sc\u00e8ne. Cr\u00e9ez un cadeau qui parle \u00e0 haute voix, et voyez comment il devient une partie ch\u00e9rie de l&#8217;histoire de votre \u00e9quipe. C\u00e9l\u00e9brez les occasions sp\u00e9ciales et rendez-les encore plus m\u00e9morables avec une touche personnalis\u00e9e qui capture v\u00e9ritablement le c\u0153ur et l&#8217;esprit de votre parcours. Commandez maintenant et transformez vos souvenirs en une \u0153uvre d&#8217;art !","protected":false},"excerpt":{"rendered":"<ul class=\"check-list\">\n<li>Lib\u00e9rez la puissance des souvenirs et des \u00e9motions<\/li>\n<li>Incluez un texte personnalis\u00e9 significatif<\/li>\n<li>Personnalisez en 3 \u00e9tapes simples<\/li>\n<li>Choisissez un mod\u00e8le ou faites preuve de cr\u00e9ativit\u00e9<\/li>\n<li>Visualisez le r\u00e9sultat imm\u00e9diatement &#8211; l\u2019aper\u00e7u interactif te permet de peaufiner chaque d\u00e9tail<\/li>\n<\/ul>\n","protected":false},"featured_media":1672345,"template":"","meta":[],"product_brand":[],"product_cat":[9123,104,5264,11389,11398,7877],"product_tag":[13455,8566],"class_list":{"0":"post-1122902","1":"product","2":"type-product","3":"status-publish","4":"has-post-thumbnail","6":"product_cat-photo-letter-fr","7":"product_cat-tous-les-produits","8":"product_cat-cadeaux-de-noel","9":"product_cat-cadeaux-de-noel-pour-le-frere","10":"product_cat-cadeaux-de-noel-pour-les-enfants","11":"product_cat-cadeaux-pour-fan-de-sport","12":"product_tag-cadeaux-de-noel-pour-frere","13":"product_tag-sport-fr","15":"first","16":"instock","17":"sale","18":"taxable","19":"shipping-taxable","20":"purchasable","21":"product-type-variable"},"yoast_head":"<!-- This site is optimized with the Yoast SEO Premium plugin v27.2 (Yoast SEO v27.2) - https:\/\/yoast.com\/product\/yoast-seo-premium-wordpress\/ -->\n<title>Collage photo de Lettres pour \u00e9quipe sportive - Positive Prints<\/title>\n<meta name=\"description\" content=\"Cr\u00e9ez un collage unique avec des lettres pour votre \u00e9quipe sportive en 40x30 cm, un cadeau personnalis\u00e9 parfait pour les fans de football ou autres sports.\" \/>\n<meta name=\"robots\" content=\"index, follow, max-snippet:-1, max-image-preview:large, max-video-preview:-1\" \/>\n<link rel=\"canonical\" href=\"https:\/\/positiveprints.com\/fr\/produit\/collage-photo-en-lettre-de-lequipe-sportive\/\" \/>\n<meta property=\"og:locale\" content=\"fr_FR\" \/>\n<meta property=\"og:type\" content=\"article\" \/>\n<meta property=\"og:title\" content=\"Collage photo de Lettres pour \u00e9quipe sportive\" \/>\n<meta property=\"og:description\" content=\"Lib\u00e9rez la puissance des souvenirs et des \u00e9motions  Incluez un texte personnalis\u00e9 significatif  Personnalisez en 3 \u00e9tapes simples  Choisissez un mod\u00e8le ou faites preuve de cr\u00e9ativit\u00e9  Visualisez le r\u00e9sultat imm\u00e9diatement - l\u2019aper\u00e7u interactif te permet de peaufiner chaque d\u00e9tail\" \/>\n<meta property=\"og:url\" content=\"https:\/\/positiveprints.com\/fr\/produit\/collage-photo-en-lettre-de-lequipe-sportive\/\" \/>\n<meta property=\"og:site_name\" content=\"Positive Prints\" \/>\n<meta property=\"article:publisher\" content=\"https:\/\/www.facebook.com\/positiveprintscom\" \/>\n<meta property=\"article:modified_time\" content=\"2026-04-03T02:03:43+00:00\" \/>\n<meta property=\"og:image\" content=\"https:\/\/positiveprints.com\/wp-content\/uploads\/2024\/06\/fr-sports-main.jpg\" \/>\n\t<meta property=\"og:image:width\" content=\"1080\" \/>\n\t<meta property=\"og:image:height\" content=\"1080\" \/>\n\t<meta property=\"og:image:type\" content=\"image\/jpeg\" \/>\n<meta name=\"twitter:card\" content=\"summary_large_image\" \/>\n<meta name=\"twitter:label1\" content=\"Dur\u00e9e de lecture estim\u00e9e\" \/>\n\t<meta name=\"twitter:data1\" content=\"3 minutes\" \/>\n<!-- \/ Yoast SEO Premium plugin. -->","yoast_head_json":{"title":"Collage photo de Lettres pour \u00e9quipe sportive - Positive Prints","description":"Cr\u00e9ez un collage unique avec des lettres pour votre \u00e9quipe sportive en 40x30 cm, un cadeau personnalis\u00e9 parfait pour les fans de football ou autres sports.","robots":{"index":"index","follow":"follow","max-snippet":"max-snippet:-1","max-image-preview":"max-image-preview:large","max-video-preview":"max-video-preview:-1"},"canonical":"https:\/\/positiveprints.com\/fr\/produit\/collage-photo-en-lettre-de-lequipe-sportive\/","og_locale":"fr_FR","og_type":"article","og_title":"Collage photo de Lettres pour \u00e9quipe sportive","og_description":"Lib\u00e9rez la puissance des souvenirs et des \u00e9motions  Incluez un texte personnalis\u00e9 significatif  Personnalisez en 3 \u00e9tapes simples  Choisissez un mod\u00e8le ou faites preuve de cr\u00e9ativit\u00e9  Visualisez le r\u00e9sultat imm\u00e9diatement - l\u2019aper\u00e7u interactif te permet de peaufiner chaque d\u00e9tail","og_url":"https:\/\/positiveprints.com\/fr\/produit\/collage-photo-en-lettre-de-lequipe-sportive\/","og_site_name":"Positive Prints","article_publisher":"https:\/\/www.facebook.com\/positiveprintscom","article_modified_time":"2026-04-03T02:03:43+00:00","og_image":[{"width":1080,"height":1080,"url":"https:\/\/positiveprints.com\/wp-content\/uploads\/2024\/06\/fr-sports-main.jpg","type":"image\/jpeg"}],"twitter_card":"summary_large_image","twitter_misc":{"Dur\u00e9e de lecture estim\u00e9e":"3 minutes"},"schema":{"@context":"https:\/\/schema.org","@graph":[{"@type":["WebPage","ItemPage"],"@id":"https:\/\/positiveprints.com\/fr\/produit\/collage-photo-en-lettre-de-lequipe-sportive\/","url":"https:\/\/positiveprints.com\/fr\/produit\/collage-photo-en-lettre-de-lequipe-sportive\/","name":"Collage photo de Lettres pour \u00e9quipe sportive - Positive Prints","isPartOf":{"@id":"https:\/\/positiveprints.com\/fr\/#website"},"primaryImageOfPage":{"@id":"https:\/\/positiveprints.com\/fr\/produit\/collage-photo-en-lettre-de-lequipe-sportive\/#primaryimage"},"image":{"@id":"https:\/\/positiveprints.com\/fr\/produit\/collage-photo-en-lettre-de-lequipe-sportive\/#primaryimage"},"thumbnailUrl":"https:\/\/positiveprints.com\/wp-content\/uploads\/2026\/03\/collage-photo-dequipe-sportive_FR.webp","datePublished":"2023-10-12T11:31:34+00:00","dateModified":"2026-04-03T02:03:43+00:00","description":"Cr\u00e9ez un collage unique avec des lettres pour votre \u00e9quipe sportive en 40x30 cm, un cadeau personnalis\u00e9 parfait pour les fans de football ou autres sports.","breadcrumb":{"@id":"https:\/\/positiveprints.com\/fr\/produit\/collage-photo-en-lettre-de-lequipe-sportive\/#breadcrumb"},"inLanguage":"fr-FR","potentialAction":[{"@type":"ReadAction","target":["https:\/\/positiveprints.com\/fr\/produit\/collage-photo-en-lettre-de-lequipe-sportive\/"]}]},{"@type":"ImageObject","inLanguage":"fr-FR","@id":"https:\/\/positiveprints.com\/fr\/produit\/collage-photo-en-lettre-de-lequipe-sportive\/#primaryimage","url":"https:\/\/positiveprints.com\/wp-content\/uploads\/2026\/03\/collage-photo-dequipe-sportive_FR.webp","contentUrl":"https:\/\/positiveprints.com\/wp-content\/uploads\/2026\/03\/collage-photo-dequipe-sportive_FR.webp","width":1450,"height":1450},{"@type":"BreadcrumbList","@id":"https:\/\/positiveprints.com\/fr\/produit\/collage-photo-en-lettre-de-lequipe-sportive\/#breadcrumb","itemListElement":[{"@type":"ListItem","position":1,"name":"Home","item":"https:\/\/positiveprints.com\/fr\/"},{"@type":"ListItem","position":2,"name":"Produits","item":"https:\/\/positiveprints.com\/fr\/shop\/"},{"@type":"ListItem","position":3,"name":"Collage photo de Lettres pour \u00e9quipe sportive"}]},{"@type":"WebSite","@id":"https:\/\/positiveprints.com\/fr\/#website","url":"https:\/\/positiveprints.com\/fr\/","name":"Positive Prints","description":"Amazing Custom Personalized Gifts","publisher":{"@id":"https:\/\/positiveprints.com\/fr\/#organization"},"potentialAction":[{"@type":"SearchAction","target":{"@type":"EntryPoint","urlTemplate":"https:\/\/positiveprints.com\/fr\/?s={search_term_string}"},"query-input":{"@type":"PropertyValueSpecification","valueRequired":true,"valueName":"search_term_string"}}],"inLanguage":"fr-FR"},{"@type":"Organization","@id":"https:\/\/positiveprints.com\/fr\/#organization","name":"Positive Prints","alternateName":"Positive Prints","url":"https:\/\/positiveprints.com\/fr\/","logo":{"@type":"ImageObject","inLanguage":"fr-FR","@id":"https:\/\/positiveprints.com\/fr\/#\/schema\/logo\/image\/","url":"https:\/\/positiveprints.com\/wp-content\/uploads\/2026\/03\/245815646_1337939713319158_5671353136411139666_n.png","contentUrl":"https:\/\/positiveprints.com\/wp-content\/uploads\/2026\/03\/245815646_1337939713319158_5671353136411139666_n.png","width":800,"height":800,"caption":"Positive Prints"},"image":{"@id":"https:\/\/positiveprints.com\/fr\/#\/schema\/logo\/image\/"},"sameAs":["https:\/\/www.facebook.com\/positiveprintscom","https:\/\/www.instagram.com\/positiveprintscom\/","https:\/\/www.tiktok.com\/@positiveprintscom","https:\/\/www.pinterest.com\/positiveprintscom\/"]}]}},"jetpack_sharing_enabled":true,"_links":{"self":[{"href":"https:\/\/positiveprints.com\/fr\/wp-json\/wp\/v2\/product\/1122902","targetHints":{"allow":["GET"]}}],"collection":[{"href":"https:\/\/positiveprints.com\/fr\/wp-json\/wp\/v2\/product"}],"about":[{"href":"https:\/\/positiveprints.com\/fr\/wp-json\/wp\/v2\/types\/product"}],"wp:featuredmedia":[{"embeddable":true,"href":"https:\/\/positiveprints.com\/fr\/wp-json\/wp\/v2\/media\/1672345"}],"wp:attachment":[{"href":"https:\/\/positiveprints.com\/fr\/wp-json\/wp\/v2\/media?parent=1122902"}],"wp:term":[{"taxonomy":"product_brand","embeddable":true,"href":"https:\/\/positiveprints.com\/fr\/wp-json\/wp\/v2\/product_brand?post=1122902"},{"taxonomy":"product_cat","embeddable":true,"href":"https:\/\/positiveprints.com\/fr\/wp-json\/wp\/v2\/product_cat?post=1122902"},{"taxonomy":"product_tag","embeddable":true,"href":"https:\/\/positiveprints.com\/fr\/wp-json\/wp\/v2\/product_tag?post=1122902"}],"curies":[{"name":"wp","href":"https:\/\/api.w.org\/{rel}","templated":true}]}}